{"id":26766,"date":"2022-10-20T12:55:45","date_gmt":"2022-10-20T10:55:45","guid":{"rendered":"https:\/\/truckned.nl\/?post_type=product&#038;p=26766"},"modified":"2026-02-09T09:45:58","modified_gmt":"2026-02-09T08:45:58","slug":"opbouwframe-dasteri-interieur-lamp","status":"publish","type":"product","link":"https:\/\/truckned.nl\/de\/produkt\/opbouwframe-dasteri-interieur-lamp\/","title":{"rendered":"Einbaurahmen Dasteri Innenleuchte"},"content":{"rendered":"<p><span style=\"color: #000000\"><strong>Dasteri Einbaurahmen Innenleuchte.<\/strong><\/span><\/p>\n<p><span style=\"color: #000000\">Einbaurahmen Dasteri, passend f\u00fcr die LED Innenleuchte der Marke Dasteri.\u00a0<\/span><\/p>\n<p>&nbsp;<\/p>\n<p>&nbsp;<\/p>\n<h5><span style=\"color: #000000\"><strong>Abmessungen:<\/strong><\/span><\/h5>\n<p><span style=\"color: #000000\">Die Abmessungen der Dasteri Einbaurahmen Innenleuchte sind wie folgt:\u00a0<\/span><\/p>\n<ul>\n<li><span style=\"color: #000000\">Rahmendurchmesser: 100 mm<\/span><\/li>\n<li><span style=\"color: #000000\">Innenringdurchmesser: 67,2 mm<\/span><\/li>\n<li><span style=\"color: #000000\">Rahmenh\u00f6he: 24,5 mm<\/span><\/li>\n<\/ul>\n<h5><span style=\"color: #000000\"><strong>Passend f\u00fcr:\u00a0<\/strong><\/span><\/h5>\n<p><span style=\"color: #000000\">Die Dasteri Einbaurahmen Innenleuchte ist nur f\u00fcr die LED Lampen der Marke Dasteri geeignet. Nachfolgend finden Sie eine \u00dcbersicht der verf\u00fcgbaren LED-Spots, die f\u00fcr diesen Artikel geeignet sind.<\/span><\/p>\n<ul>\n<li><span style=\"color: #000000\"><a style=\"color: #000000\" href=\"https:\/\/truckned.nl\/de\/produkt\/led-interieur-lamp-dasteri-rood\/\"><strong>Dasteri LED Lampe ROT<\/strong><\/a><\/span><\/li>\n<li><span style=\"color: #000000\"><a style=\"color: #000000\" href=\"https:\/\/truckned.nl\/de\/produkt\/led-interieur-lamp-dasteri-wit\/\"><strong>Dasteri LED Lampe WEISS<\/strong><\/a><\/span><\/li>\n<\/ul>","protected":false},"excerpt":{"rendered":"<p>Dasteri Aufbaurahmen Innenleuchte. Dasteri Aufbaurahmen, passend f\u00fcr die Innenleuchte LED der Marke Dasteri. Ma\u00dfe: Die Ma\u00dfe der Dasteri Aufbaurahmen Innenleuchte sind wie folgt: Rahmendurchmesser: 100 mm Durchmesser Innenring: 67,2 mm Rahmenh\u00f6he: 24,5 mm Passend f\u00fcr: Die Dasteri Aufbaurahmen Innenleuchte ist ausschlie\u00dflich passend f\u00fcr die LED [\u2026]<\/p>","protected":false},"featured_media":26767,"comment_status":"open","ping_status":"closed","template":"","meta":{"_acf_changed":false,"site-sidebar-layout":"default","site-content-layout":"default","ast-site-content-layout":"default","site-content-style":"default","site-sidebar-style":"default","ast-global-header-display":"","ast-banner-title-visibility":"","ast-main-header-display":"","ast-hfb-above-header-display":"","ast-hfb-below-header-display":"","ast-hfb-mobile-header-display":"","site-post-title":"","ast-breadcrumbs-content":"","ast-featured-img":"","footer-sml-layout":"","ast-disable-related-posts":"","theme-transparent-header-meta":"default","adv-header-id-meta":"","stick-header-meta":"","header-above-stick-meta":"","header-main-stick-meta":"","header-below-stick-meta":"","astra-migrate-meta-layouts":"default","ast-page-background-enabled":"default","ast-page-background-meta":{"desktop":{"background-color":"","background-image":"","background-repeat":"repeat","background-position":"center center","background-size":"auto","background-attachment":"scroll","background-type":"","background-media":"","overlay-type":"","overlay-color":"","overlay-opacity":"","overlay-gradient":""},"tablet":{"background-color":"","background-image":"","background-repeat":"repeat","background-position":"center center","background-size":"auto","background-attachment":"scroll","background-type":"","background-media":"","overlay-type":"","overlay-color":"","overlay-opacity":"","overlay-gradient":""},"mobile":{"background-color":"","background-image":"","background-repeat":"repeat","background-position":"center center","background-size":"auto","background-attachment":"scroll","background-type":"","background-media":"","overlay-type":"","overlay-color":"","overlay-opacity":"","overlay-gradient":""}},"ast-content-background-meta":{"desktop":{"background-color":"var(--ast-global-color-5)","background-image":"","background-repeat":"repeat","background-position":"center center","background-size":"auto","background-attachment":"scroll","background-type":"","background-media":"","overlay-type":"","overlay-color":"","overlay-opacity":"","overlay-gradient":""},"tablet":{"background-color":"var(--ast-global-color-5)","background-image":"","background-repeat":"repeat","background-position":"center center","background-size":"auto","background-attachment":"scroll","background-type":"","background-media":"","overlay-type":"","overlay-color":"","overlay-opacity":"","overlay-gradient":""},"mobile":{"background-color":"var(--ast-global-color-5)","background-image":"","background-repeat":"repeat","background-position":"center center","background-size":"auto","background-attachment":"scroll","background-type":"","background-media":"","overlay-type":"","overlay-color":"","overlay-opacity":"","overlay-gradient":""}}},"product_brand":[],"product_cat":[7531],"product_tag":[],"class_list":{"0":"post-26766","1":"product","2":"type-product","3":"status-publish","4":"has-post-thumbnail","6":"product_cat-interieur-verlichting","7":"pa_merkk-product-dasteri","8":"desktop-align-left","9":"tablet-align-left","10":"mobile-align-left","12":"first","13":"instock","14":"taxable","15":"shipping-taxable","16":"purchasable","17":"product-type-simple"},"acf":[],"yoast_head":"<!-- This site is optimized with the Yoast SEO Premium plugin v26.5 (Yoast SEO v26.5) - https:\/\/yoast.com\/wordpress\/plugins\/seo\/ -->\n<title>Opbouwframe Dasteri interieur lamp - Truckned - truck verlichting<\/title>\n<meta name=\"description\" content=\"Opbouwframe Dasteri interieur lamp - hoogwaardig materiaal - Geschikt voor een LED interieur lamp - voor vrachtwagen, bestelwagen en meer\" \/>\n<meta name=\"robots\" content=\"index, follow, max-snippet:-1, max-image-preview:large, max-video-preview:-1\" \/>\n<link rel=\"canonical\" href=\"https:\/\/truckned.nl\/de\/produkt\/opbouwframe-dasteri-interieur-lamp\/\" \/>\n<meta property=\"og:locale\" content=\"de_DE\" \/>\n<meta property=\"og:type\" content=\"article\" \/>\n<meta property=\"og:title\" content=\"Opbouwframe Dasteri interieur lamp - Truckned - truck verlichting\" \/>\n<meta property=\"og:description\" content=\"Dasteri opbouwframe interieur lamp. Opbouwframe Dasteri, geschikt voor de LED interieur lamp van het merk Dasteri.\u00a0 &nbsp; &nbsp; Afmetingen: De\" \/>\n<meta property=\"og:url\" content=\"https:\/\/truckned.nl\/de\/produkt\/opbouwframe-dasteri-interieur-lamp\/\" \/>\n<meta property=\"og:site_name\" content=\"Truckned\" \/>\n<meta property=\"article:publisher\" content=\"https:\/\/www.facebook.com\/truckned\/\" \/>\n<meta property=\"article:modified_time\" content=\"2026-02-09T08:45:58+00:00\" \/>\n<meta property=\"og:image\" content=\"https:\/\/truckned.nl\/wp-content\/uploads\/2022\/10\/TN-650170-2.png\" \/>\n\t<meta property=\"og:image:width\" content=\"800\" \/>\n\t<meta property=\"og:image:height\" content=\"800\" \/>\n\t<meta property=\"og:image:type\" content=\"image\/png\" \/>\n<meta name=\"twitter:label1\" content=\"Preis\" \/>\n\t<meta name=\"twitter:data1\" content=\"&euro;2,95\" \/>\n\t<meta name=\"twitter:label2\" content=\"Verf\u00fcgbarkeit\" \/>\n\t<meta name=\"twitter:data2\" content=\"Auf Lager\" \/>\n<script type=\"application\/ld+json\" class=\"yoast-schema-graph\">{\"@context\":\"https:\/\/schema.org\",\"@graph\":[{\"@type\":[\"WebPage\",\"ItemPage\"],\"@id\":\"https:\/\/truckned.nl\/product\/opbouwframe-dasteri-interieur-lamp\/\",\"url\":\"https:\/\/truckned.nl\/product\/opbouwframe-dasteri-interieur-lamp\/\",\"name\":\"Opbouwframe Dasteri interieur lamp - Truckned - truck verlichting\",\"isPartOf\":{\"@id\":\"https:\/\/truckned.nl\/nl\/#website\"},\"primaryImageOfPage\":{\"@id\":\"https:\/\/truckned.nl\/product\/opbouwframe-dasteri-interieur-lamp\/#primaryimage\"},\"image\":{\"@id\":\"https:\/\/truckned.nl\/product\/opbouwframe-dasteri-interieur-lamp\/#primaryimage\"},\"thumbnailUrl\":\"https:\/\/truckned.nl\/wp-content\/uploads\/2022\/10\/TN-650170.png\",\"datePublished\":\"2022-10-20T10:55:45+00:00\",\"dateModified\":\"2026-02-09T08:45:58+00:00\",\"description\":\"Opbouwframe Dasteri interieur lamp - hoogwaardig materiaal - Geschikt voor een LED interieur lamp - voor vrachtwagen, bestelwagen en meer\",\"breadcrumb\":{\"@id\":\"https:\/\/truckned.nl\/product\/opbouwframe-dasteri-interieur-lamp\/#breadcrumb\"},\"inLanguage\":\"de\",\"potentialAction\":[{\"@type\":\"ReadAction\",\"target\":[\"https:\/\/truckned.nl\/product\/opbouwframe-dasteri-interieur-lamp\/\"]}]},{\"@type\":\"ImageObject\",\"inLanguage\":\"de\",\"@id\":\"https:\/\/truckned.nl\/product\/opbouwframe-dasteri-interieur-lamp\/#primaryimage\",\"url\":\"https:\/\/truckned.nl\/wp-content\/uploads\/2022\/10\/TN-650170.png\",\"contentUrl\":\"https:\/\/truckned.nl\/wp-content\/uploads\/2022\/10\/TN-650170.png\",\"width\":800,\"height\":800},{\"@type\":\"BreadcrumbList\",\"@id\":\"https:\/\/truckned.nl\/product\/opbouwframe-dasteri-interieur-lamp\/#breadcrumb\",\"itemListElement\":[{\"@type\":\"ListItem\",\"position\":1,\"name\":\"Home\",\"item\":\"https:\/\/truckned.nl\/\"},{\"@type\":\"ListItem\",\"position\":2,\"name\":\"Shop\",\"item\":\"https:\/\/truckned.nl\/nl\/shop\/\"},{\"@type\":\"ListItem\",\"position\":3,\"name\":\"Cabine - binnenzijde\",\"item\":\"https:\/\/truckned.nl\/de\/produkt-kategorie\/cabine-binnenzijden\/\"},{\"@type\":\"ListItem\",\"position\":4,\"name\":\"Interieur verlichting\",\"item\":\"https:\/\/truckned.nl\/product-categorie\/cabine-binnenzijden\/interieur-verlichting\/\"},{\"@type\":\"ListItem\",\"position\":5,\"name\":\"Opbouwframe Dasteri interieur lamp\"}]},{\"@type\":\"WebSite\",\"@id\":\"https:\/\/truckned.nl\/nl\/#website\",\"url\":\"https:\/\/truckned.nl\/nl\/\",\"name\":\"Truckned\",\"description\":\"\",\"publisher\":{\"@id\":\"https:\/\/truckned.nl\/nl\/#organization\"},\"potentialAction\":[{\"@type\":\"SearchAction\",\"target\":{\"@type\":\"EntryPoint\",\"urlTemplate\":\"https:\/\/truckned.nl\/nl\/?s={search_term_string}\"},\"query-input\":{\"@type\":\"PropertyValueSpecification\",\"valueRequired\":true,\"valueName\":\"search_term_string\"}}],\"inLanguage\":\"de\"},{\"@type\":\"Organization\",\"@id\":\"https:\/\/truckned.nl\/nl\/#organization\",\"name\":\"Truckned\",\"url\":\"https:\/\/truckned.nl\/nl\/\",\"logo\":{\"@type\":\"ImageObject\",\"inLanguage\":\"de\",\"@id\":\"https:\/\/truckned.nl\/nl\/#\/schema\/logo\/image\/\",\"url\":\"https:\/\/truckned.nl\/wp-content\/uploads\/2022\/10\/800x800-Truckned-logo-zonder-tekst-ZWART.png\",\"contentUrl\":\"https:\/\/truckned.nl\/wp-content\/uploads\/2022\/10\/800x800-Truckned-logo-zonder-tekst-ZWART.png\",\"width\":801,\"height\":801,\"caption\":\"Truckned\"},\"image\":{\"@id\":\"https:\/\/truckned.nl\/nl\/#\/schema\/logo\/image\/\"},\"sameAs\":[\"https:\/\/www.facebook.com\/truckned\/\",\"https:\/\/www.instagram.com\/truckned\/\"],\"vatID\":\"NL863960509B01\",\"taxID\":\"86417487\",\"hasMerchantReturnPolicy\":{\"@type\":\"MerchantReturnPolicy\",\"merchantReturnLink\":\"https:\/\/truckned.nl\/de\/versand-rucksendungen\/\"}}]}<\/script>\n<meta property=\"product:brand\" content=\"Dasteri\" \/>\n<meta property=\"product:price:amount\" content=\"2.95\" \/>\n<meta property=\"product:price:currency\" content=\"EUR\" \/>\n<meta property=\"og:availability\" content=\"instock\" \/>\n<meta property=\"product:availability\" content=\"instock\" \/>\n<meta property=\"product:retailer_item_id\" content=\"TN-650170\" \/>\n<meta property=\"product:condition\" content=\"new\" \/>\n<!-- \/ Yoast SEO Premium plugin. -->","yoast_head_json":{"title":"Einbaurahmen Dasteri Innenleuchte - Truckned - LKW-Beleuchtung","description":"Einbaurahmen Dasteri Innenleuchte - Hochwertiges Material - Passend f\u00fcr eine LED Innenleuchte - f\u00fcr LKW, Transporter und mehr","robots":{"index":"index","follow":"follow","max-snippet":"max-snippet:-1","max-image-preview":"max-image-preview:large","max-video-preview":"max-video-preview:-1"},"canonical":"https:\/\/truckned.nl\/de\/produkt\/opbouwframe-dasteri-interieur-lamp\/","og_locale":"de_DE","og_type":"article","og_title":"Opbouwframe Dasteri interieur lamp - Truckned - truck verlichting","og_description":"Dasteri opbouwframe interieur lamp. Opbouwframe Dasteri, geschikt voor de LED interieur lamp van het merk Dasteri.\u00a0 &nbsp; &nbsp; Afmetingen: De","og_url":"https:\/\/truckned.nl\/de\/produkt\/opbouwframe-dasteri-interieur-lamp\/","og_site_name":"Truckned","article_publisher":"https:\/\/www.facebook.com\/truckned\/","article_modified_time":"2026-02-09T08:45:58+00:00","og_image":[{"width":800,"height":800,"url":"https:\/\/truckned.nl\/wp-content\/uploads\/2022\/10\/TN-650170-2.png","type":"image\/png"}],"twitter_misc":{"Preis":"&euro;2,95","Verf\u00fcgbarkeit":"Auf Lager"},"schema":{"@context":"https:\/\/schema.org","@graph":[{"@type":["WebPage","ItemPage"],"@id":"https:\/\/truckned.nl\/product\/opbouwframe-dasteri-interieur-lamp\/","url":"https:\/\/truckned.nl\/product\/opbouwframe-dasteri-interieur-lamp\/","name":"Einbaurahmen Dasteri Innenleuchte - Truckned - LKW-Beleuchtung","isPartOf":{"@id":"https:\/\/truckned.nl\/nl\/#website"},"primaryImageOfPage":{"@id":"https:\/\/truckned.nl\/product\/opbouwframe-dasteri-interieur-lamp\/#primaryimage"},"image":{"@id":"https:\/\/truckned.nl\/product\/opbouwframe-dasteri-interieur-lamp\/#primaryimage"},"thumbnailUrl":"https:\/\/truckned.nl\/wp-content\/uploads\/2022\/10\/TN-650170.png","datePublished":"2022-10-20T10:55:45+00:00","dateModified":"2026-02-09T08:45:58+00:00","description":"Einbaurahmen Dasteri Innenleuchte - Hochwertiges Material - Passend f\u00fcr eine LED Innenleuchte - f\u00fcr LKW, Transporter und mehr","breadcrumb":{"@id":"https:\/\/truckned.nl\/product\/opbouwframe-dasteri-interieur-lamp\/#breadcrumb"},"inLanguage":"de","potentialAction":[{"@type":"ReadAction","target":["https:\/\/truckned.nl\/product\/opbouwframe-dasteri-interieur-lamp\/"]}]},{"@type":"ImageObject","inLanguage":"de","@id":"https:\/\/truckned.nl\/product\/opbouwframe-dasteri-interieur-lamp\/#primaryimage","url":"https:\/\/truckned.nl\/wp-content\/uploads\/2022\/10\/TN-650170.png","contentUrl":"https:\/\/truckned.nl\/wp-content\/uploads\/2022\/10\/TN-650170.png","width":800,"height":800},{"@type":"BreadcrumbList","@id":"https:\/\/truckned.nl\/product\/opbouwframe-dasteri-interieur-lamp\/#breadcrumb","itemListElement":[{"@type":"ListItem","position":1,"name":"Home","item":"https:\/\/truckned.nl\/"},{"@type":"ListItem","position":2,"name":"Shop","item":"https:\/\/truckned.nl\/nl\/shop\/"},{"@type":"ListItem","position":3,"name":"Cabine - binnenzijde","item":"https:\/\/truckned.nl\/de\/produkt-kategorie\/cabine-binnenzijden\/"},{"@type":"ListItem","position":4,"name":"Interieur verlichting","item":"https:\/\/truckned.nl\/product-categorie\/cabine-binnenzijden\/interieur-verlichting\/"},{"@type":"ListItem","position":5,"name":"Opbouwframe Dasteri interieur lamp"}]},{"@type":"WebSite","@id":"https:\/\/truckned.nl\/nl\/#website","url":"https:\/\/truckned.nl\/nl\/","name":"Truckned","description":"","publisher":{"@id":"https:\/\/truckned.nl\/nl\/#organization"},"potentialAction":[{"@type":"SearchAction","target":{"@type":"EntryPoint","urlTemplate":"https:\/\/truckned.nl\/nl\/?s={search_term_string}"},"query-input":{"@type":"PropertyValueSpecification","valueRequired":true,"valueName":"search_term_string"}}],"inLanguage":"de"},{"@type":"Organization","@id":"https:\/\/truckned.nl\/nl\/#organization","name":"Truckned","url":"https:\/\/truckned.nl\/nl\/","logo":{"@type":"ImageObject","inLanguage":"de","@id":"https:\/\/truckned.nl\/nl\/#\/schema\/logo\/image\/","url":"https:\/\/truckned.nl\/wp-content\/uploads\/2022\/10\/800x800-Truckned-logo-zonder-tekst-ZWART.png","contentUrl":"https:\/\/truckned.nl\/wp-content\/uploads\/2022\/10\/800x800-Truckned-logo-zonder-tekst-ZWART.png","width":801,"height":801,"caption":"Truckned"},"image":{"@id":"https:\/\/truckned.nl\/nl\/#\/schema\/logo\/image\/"},"sameAs":["https:\/\/www.facebook.com\/truckned\/","https:\/\/www.instagram.com\/truckned\/"],"vatID":"NL863960509B01","taxID":"86417487","hasMerchantReturnPolicy":{"@type":"MerchantReturnPolicy","merchantReturnLink":"https:\/\/truckned.nl\/de\/versand-rucksendungen\/"}}]},"product_brand":"Dasteri","product_price_amount":"2.95","product_price_currency":"EUR","og_availability":"instock","product_availability":"instock","product_retailer_item_id":"TN-650170","product_condition":"new"},"_links":{"self":[{"href":"https:\/\/truckned.nl\/de\/wp-json\/wp\/v2\/product\/26766","targetHints":{"allow":["GET"]}}],"collection":[{"href":"https:\/\/truckned.nl\/de\/wp-json\/wp\/v2\/product"}],"about":[{"href":"https:\/\/truckned.nl\/de\/wp-json\/wp\/v2\/types\/product"}],"replies":[{"embeddable":true,"href":"https:\/\/truckned.nl\/de\/wp-json\/wp\/v2\/comments?post=26766"}],"wp:featuredmedia":[{"embeddable":true,"href":"https:\/\/truckned.nl\/de\/wp-json\/wp\/v2\/media\/26767"}],"wp:attachment":[{"href":"https:\/\/truckned.nl\/de\/wp-json\/wp\/v2\/media?parent=26766"}],"wp:term":[{"taxonomy":"product_brand","embeddable":true,"href":"https:\/\/truckned.nl\/de\/wp-json\/wp\/v2\/product_brand?post=26766"},{"taxonomy":"product_cat","embeddable":true,"href":"https:\/\/truckned.nl\/de\/wp-json\/wp\/v2\/product_cat?post=26766"},{"taxonomy":"product_tag","embeddable":true,"href":"https:\/\/truckned.nl\/de\/wp-json\/wp\/v2\/product_tag?post=26766"}],"curies":[{"name":"wp","href":"https:\/\/api.w.org\/{rel}","templated":true}]}}