{"id":26791,"date":"2022-10-20T14:32:28","date_gmt":"2022-10-20T12:32:28","guid":{"rendered":"https:\/\/truckned.nl\/?post_type=product&#038;p=26791"},"modified":"2025-10-20T09:41:14","modified_gmt":"2025-10-20T07:41:14","slug":"led-interieur-lamp-dasteri-wit","status":"publish","type":"product","link":"https:\/\/truckned.nl\/de\/produkt\/led-interieur-lamp-dasteri-wit\/","title":{"rendered":"Dasteri LED Innenleuchte WEISS"},"content":{"rendered":"<p><span style=\"color: #000000\"><strong>Innenleuchte Dasteri LED WEISS, f\u00fcr 24 Volt.\u00a0<\/strong><\/span><\/p>\n<p><span style=\"color: #000000\">Suchen Sie eine Innenleuchte, die mit klarem Glas ausgestattet ist und in der Farbe Wei\u00df leuchtet? Dann k\u00f6nnte die Dasteri LED Innenleuchte WEISS mit klarem Glas die LED Lampe sein, die Sie suchen. Der Einbaustrahler f\u00fcr den Innenbereich ist mit 18 LED-Punkten ausgestattet und wird pro St\u00fcck geliefert. Dar\u00fcber hinaus ist die wei\u00dffarbene LED-Lampe f\u00fcr den 24-Volt-Betrieb konzipiert und eignet sich daher beispielsweise nur f\u00fcr Ihren LKW oder Anh\u00e4nger.<\/span><\/p>\n<h5><span style=\"color: #000000\"><strong>Abmessungen:<\/strong><\/span><\/h5>\n<p><span style=\"color: #000000\">Denn Sie m\u00f6chten sicherstellen, dass die Lampe dort passt, wo Sie sie montieren m\u00f6chten. Nachfolgend haben wir die Abmessungen der wei\u00dfen LED-Lampe notiert. Die Abmessungen der Innenleuchte Dasteri LED wei\u00df sind wie folgt.<\/span><\/p>\n<ul>\n<li><span style=\"color: #000000\">Durchmesser: 55,7 mm<\/span><\/li>\n<li><span style=\"color: #000000\">H\u00f6he: 23,5 mm<\/span><\/li>\n<\/ul>\n<h5><span style=\"color: #000000\"><strong>Andere Farben:<\/strong><\/span><\/h5>\n<p><span style=\"color: #000000\">Gef\u00e4llt Ihnen die Dasteri LED Innenleuchte, aber Sie m\u00f6chten die LED Farbe Wei\u00df nicht? Oder m\u00f6chten Sie kein Loch f\u00fcr die Montage machen, sondern den in Bild 3 gezeigten Rahmen verwenden? Sehen Sie sich die anderen Dasteri-Artikel hier an.\u00a0<\/span><\/p>\n<ul>\n<li><span style=\"color: #000000\"><a style=\"color: #000000\" href=\"https:\/\/truckned.nl\/de\/produkt\/led-interieur-lamp-dasteri-rood\/\"><strong>Dasteri LED Fleckrot<\/strong><\/a><\/span><\/li>\n<li><span style=\"color: #000000\"><a style=\"color: #000000\" href=\"https:\/\/truckned.nl\/de\/produkt\/opbouwframe-dasteri-interieur-lamp\/\"><strong>Dasteri-Rahmen grau<\/strong><\/a><\/span><\/li>\n<\/ul>\n<p><span style=\"color: #000000\">Sind Sie der Meinung, dass der Innenstrahler Dasteri, der mit klarem Glas ausgestattet ist und in der Farbe WEISS leuchtet, nicht das ist, was Sie suchen? Einfach weil Ihnen die Farbe, Form oder L\u00e4nge nicht gef\u00e4llt? Sehen Sie sich hier das komplette Sortiment der Marke an <a style=\"color: #000000\" href=\"https:\/\/truckned.nl\/de\/merk\/product-dasteri\/\" target=\"_blank\" rel=\"noopener\">Dasteri<\/a>.<\/span><\/p>","protected":false},"excerpt":{"rendered":"<p>Dasteri LED Innenleuchte, wei\u00df, f\u00fcr 24 Volt. Suchen Sie eine Innenleuchte mit klarem Glas und wei\u00dfem Licht? Dann k\u00f6nnte die Dasteri LED Innenleuchte, wei\u00df mit klarem Glas, die richtige f\u00fcr Sie sein. Dieser Einbaustrahler ist mit 18 LED-Leuchtmitteln ausgestattet.<\/p>","protected":false},"featured_media":26797,"comment_status":"open","ping_status":"closed","template":"","meta":{"_acf_changed":false,"site-sidebar-layout":"default","site-content-layout":"default","ast-site-content-layout":"default","site-content-style":"default","site-sidebar-style":"default","ast-global-header-display":"","ast-banner-title-visibility":"","ast-main-header-display":"","ast-hfb-above-header-display":"","ast-hfb-below-header-display":"","ast-hfb-mobile-header-display":"","site-post-title":"","ast-breadcrumbs-content":"","ast-featured-img":"","footer-sml-layout":"","ast-disable-related-posts":"","theme-transparent-header-meta":"default","adv-header-id-meta":"","stick-header-meta":"","header-above-stick-meta":"","header-main-stick-meta":"","header-below-stick-meta":"","astra-migrate-meta-layouts":"set","ast-page-background-enabled":"default","ast-page-background-meta":{"desktop":{"background-color":"","background-image":"","background-repeat":"repeat","background-position":"center center","background-size":"auto","background-attachment":"scroll","background-type":"","background-media":"","overlay-type":"","overlay-color":"","overlay-opacity":"","overlay-gradient":""},"tablet":{"background-color":"","background-image":"","background-repeat":"repeat","background-position":"center center","background-size":"auto","background-attachment":"scroll","background-type":"","background-media":"","overlay-type":"","overlay-color":"","overlay-opacity":"","overlay-gradient":""},"mobile":{"background-color":"","background-image":"","background-repeat":"repeat","background-position":"center center","background-size":"auto","background-attachment":"scroll","background-type":"","background-media":"","overlay-type":"","overlay-color":"","overlay-opacity":"","overlay-gradient":""}},"ast-content-background-meta":{"desktop":{"background-color":"var(--ast-global-color-5)","background-image":"","background-repeat":"repeat","background-position":"center center","background-size":"auto","background-attachment":"scroll","background-type":"","background-media":"","overlay-type":"","overlay-color":"","overlay-opacity":"","overlay-gradient":""},"tablet":{"background-color":"var(--ast-global-color-5)","background-image":"","background-repeat":"repeat","background-position":"center center","background-size":"auto","background-attachment":"scroll","background-type":"","background-media":"","overlay-type":"","overlay-color":"","overlay-opacity":"","overlay-gradient":""},"mobile":{"background-color":"var(--ast-global-color-5)","background-image":"","background-repeat":"repeat","background-position":"center center","background-size":"auto","background-attachment":"scroll","background-type":"","background-media":"","overlay-type":"","overlay-color":"","overlay-opacity":"","overlay-gradient":""}}},"product_brand":[],"product_cat":[7531],"product_tag":[],"class_list":{"0":"post-26791","1":"product","2":"type-product","3":"status-publish","4":"has-post-thumbnail","6":"product_cat-interieur-verlichting","7":"pa_merkk-product-dasteri","8":"desktop-align-left","9":"tablet-align-left","10":"mobile-align-left","12":"first","13":"instock","14":"taxable","15":"shipping-taxable","16":"purchasable","17":"product-type-simple"},"acf":[],"yoast_head":"<!-- This site is optimized with the Yoast SEO Premium plugin v26.5 (Yoast SEO v26.5) - https:\/\/yoast.com\/wordpress\/plugins\/seo\/ -->\n<title>Dasteri LED interieur lamp WIT - Truckned - truck verlichting en meer<\/title>\n<meta name=\"description\" content=\"LED interieur lamp WIT van Dasteri - Geschikt voor 24 volt gebruik- Vrachtwagen LED verlichting WIT \/ DIMBAAR - Met 18 LED en 20cm kabel\" \/>\n<meta name=\"robots\" content=\"index, follow, max-snippet:-1, max-image-preview:large, max-video-preview:-1\" \/>\n<link rel=\"canonical\" href=\"https:\/\/truckned.nl\/de\/produkt\/led-interieur-lamp-dasteri-wit\/\" \/>\n<meta property=\"og:locale\" content=\"de_DE\" \/>\n<meta property=\"og:type\" content=\"article\" \/>\n<meta property=\"og:title\" content=\"LED interieur lamp WIT - Dasteri - Truckned - truck verlichting\" \/>\n<meta property=\"og:description\" content=\"LED interieur lamp WIT van Dasteri - Geschikt voor 24 volt gebruik- Vrachtwagen LED verlichting WIT - DIMBAAR - Met 18 LED en 20cm kabel\" \/>\n<meta property=\"og:url\" content=\"https:\/\/truckned.nl\/de\/produkt\/led-interieur-lamp-dasteri-wit\/\" \/>\n<meta property=\"og:site_name\" content=\"Truckned\" \/>\n<meta property=\"article:publisher\" content=\"https:\/\/www.facebook.com\/truckned\/\" \/>\n<meta property=\"article:modified_time\" content=\"2025-10-20T07:41:14+00:00\" \/>\n<meta property=\"og:image\" content=\"https:\/\/truckned.nl\/wp-content\/uploads\/2022\/10\/TN-650172-1.png\" \/>\n\t<meta property=\"og:image:width\" content=\"800\" \/>\n\t<meta property=\"og:image:height\" content=\"800\" \/>\n\t<meta property=\"og:image:type\" content=\"image\/png\" \/>\n<meta name=\"twitter:label1\" content=\"Preis\" \/>\n\t<meta name=\"twitter:data1\" content=\"&euro;19,95\" \/>\n\t<meta name=\"twitter:label2\" content=\"Verf\u00fcgbarkeit\" \/>\n\t<meta name=\"twitter:data2\" content=\"Auf Lager\" \/>\n<script type=\"application\/ld+json\" class=\"yoast-schema-graph\">{\"@context\":\"https:\/\/schema.org\",\"@graph\":[{\"@type\":[\"WebPage\",\"ItemPage\"],\"@id\":\"https:\/\/truckned.nl\/product\/led-interieur-lamp-dasteri-wit\/\",\"url\":\"https:\/\/truckned.nl\/product\/led-interieur-lamp-dasteri-wit\/\",\"name\":\"Dasteri LED interieur lamp WIT - Truckned - truck verlichting en meer\",\"isPartOf\":{\"@id\":\"https:\/\/truckned.nl\/nl\/#website\"},\"primaryImageOfPage\":{\"@id\":\"https:\/\/truckned.nl\/product\/led-interieur-lamp-dasteri-wit\/#primaryimage\"},\"image\":{\"@id\":\"https:\/\/truckned.nl\/product\/led-interieur-lamp-dasteri-wit\/#primaryimage\"},\"thumbnailUrl\":\"https:\/\/truckned.nl\/wp-content\/uploads\/2022\/10\/TN-650172.png\",\"datePublished\":\"2022-10-20T12:32:28+00:00\",\"dateModified\":\"2025-10-20T07:41:14+00:00\",\"description\":\"LED interieur lamp WIT van Dasteri - Geschikt voor 24 volt gebruik- Vrachtwagen LED verlichting WIT \/ DIMBAAR - Met 18 LED en 20cm kabel\",\"breadcrumb\":{\"@id\":\"https:\/\/truckned.nl\/product\/led-interieur-lamp-dasteri-wit\/#breadcrumb\"},\"inLanguage\":\"de\",\"potentialAction\":[{\"@type\":\"ReadAction\",\"target\":[\"https:\/\/truckned.nl\/product\/led-interieur-lamp-dasteri-wit\/\"]}]},{\"@type\":\"ImageObject\",\"inLanguage\":\"de\",\"@id\":\"https:\/\/truckned.nl\/product\/led-interieur-lamp-dasteri-wit\/#primaryimage\",\"url\":\"https:\/\/truckned.nl\/wp-content\/uploads\/2022\/10\/TN-650172.png\",\"contentUrl\":\"https:\/\/truckned.nl\/wp-content\/uploads\/2022\/10\/TN-650172.png\",\"width\":800,\"height\":800,\"caption\":\"Dasteri LED interieur lamp WIT - LED interieur spot die geschikt is voor een vrachtwagen cabine - WITTE LED SPOT DIMBAAR\"},{\"@type\":\"BreadcrumbList\",\"@id\":\"https:\/\/truckned.nl\/product\/led-interieur-lamp-dasteri-wit\/#breadcrumb\",\"itemListElement\":[{\"@type\":\"ListItem\",\"position\":1,\"name\":\"Home\",\"item\":\"https:\/\/truckned.nl\/\"},{\"@type\":\"ListItem\",\"position\":2,\"name\":\"Shop\",\"item\":\"https:\/\/truckned.nl\/nl\/shop\/\"},{\"@type\":\"ListItem\",\"position\":3,\"name\":\"Cabine - binnenzijde\",\"item\":\"https:\/\/truckned.nl\/de\/produkt-kategorie\/cabine-binnenzijden\/\"},{\"@type\":\"ListItem\",\"position\":4,\"name\":\"Interieur verlichting\",\"item\":\"https:\/\/truckned.nl\/product-categorie\/cabine-binnenzijden\/interieur-verlichting\/\"},{\"@type\":\"ListItem\",\"position\":5,\"name\":\"Dasteri LED interieur lamp WIT\"}]},{\"@type\":\"WebSite\",\"@id\":\"https:\/\/truckned.nl\/nl\/#website\",\"url\":\"https:\/\/truckned.nl\/nl\/\",\"name\":\"Truckned\",\"description\":\"\",\"publisher\":{\"@id\":\"https:\/\/truckned.nl\/nl\/#organization\"},\"potentialAction\":[{\"@type\":\"SearchAction\",\"target\":{\"@type\":\"EntryPoint\",\"urlTemplate\":\"https:\/\/truckned.nl\/nl\/?s={search_term_string}\"},\"query-input\":{\"@type\":\"PropertyValueSpecification\",\"valueRequired\":true,\"valueName\":\"search_term_string\"}}],\"inLanguage\":\"de\"},{\"@type\":\"Organization\",\"@id\":\"https:\/\/truckned.nl\/nl\/#organization\",\"name\":\"Truckned\",\"url\":\"https:\/\/truckned.nl\/nl\/\",\"logo\":{\"@type\":\"ImageObject\",\"inLanguage\":\"de\",\"@id\":\"https:\/\/truckned.nl\/nl\/#\/schema\/logo\/image\/\",\"url\":\"https:\/\/truckned.nl\/wp-content\/uploads\/2022\/10\/800x800-Truckned-logo-zonder-tekst-ZWART.png\",\"contentUrl\":\"https:\/\/truckned.nl\/wp-content\/uploads\/2022\/10\/800x800-Truckned-logo-zonder-tekst-ZWART.png\",\"width\":801,\"height\":801,\"caption\":\"Truckned\"},\"image\":{\"@id\":\"https:\/\/truckned.nl\/nl\/#\/schema\/logo\/image\/\"},\"sameAs\":[\"https:\/\/www.facebook.com\/truckned\/\",\"https:\/\/www.instagram.com\/truckned\/\"],\"vatID\":\"NL863960509B01\",\"taxID\":\"86417487\",\"hasMerchantReturnPolicy\":{\"@type\":\"MerchantReturnPolicy\",\"merchantReturnLink\":\"https:\/\/truckned.nl\/de\/versand-rucksendungen\/\"}}]}<\/script>\n<meta property=\"product:brand\" content=\"Dasteri\" \/>\n<meta property=\"product:price:amount\" content=\"19.95\" \/>\n<meta property=\"product:price:currency\" content=\"EUR\" \/>\n<meta property=\"og:availability\" content=\"instock\" \/>\n<meta property=\"product:availability\" content=\"instock\" \/>\n<meta property=\"product:retailer_item_id\" content=\"TN-650172\" \/>\n<meta property=\"product:condition\" content=\"new\" \/>\n<!-- \/ Yoast SEO Premium plugin. -->","yoast_head_json":{"title":"Dasteri LED Innenleuchte WEISS \u2013 Truckned \u2013 LKW-Beleuchtung und mehr","description":"LED Innenleuchte WEISS von Dasteri \u2013 Geeignet f\u00fcr den 24-Volt-Einsatz \u2013 LKW LED Beleuchtung WEISS \/ DIMMBAR \u2013 Mit 18 LED und 20 cm Kabel","robots":{"index":"index","follow":"follow","max-snippet":"max-snippet:-1","max-image-preview":"max-image-preview:large","max-video-preview":"max-video-preview:-1"},"canonical":"https:\/\/truckned.nl\/de\/produkt\/led-interieur-lamp-dasteri-wit\/","og_locale":"de_DE","og_type":"article","og_title":"LED interieur lamp WIT - Dasteri - Truckned - truck verlichting","og_description":"LED interieur lamp WIT van Dasteri - Geschikt voor 24 volt gebruik- Vrachtwagen LED verlichting WIT - DIMBAAR - Met 18 LED en 20cm kabel","og_url":"https:\/\/truckned.nl\/de\/produkt\/led-interieur-lamp-dasteri-wit\/","og_site_name":"Truckned","article_publisher":"https:\/\/www.facebook.com\/truckned\/","article_modified_time":"2025-10-20T07:41:14+00:00","og_image":[{"width":800,"height":800,"url":"https:\/\/truckned.nl\/wp-content\/uploads\/2022\/10\/TN-650172-1.png","type":"image\/png"}],"twitter_misc":{"Preis":"&euro;19,95","Verf\u00fcgbarkeit":"Auf Lager"},"schema":{"@context":"https:\/\/schema.org","@graph":[{"@type":["WebPage","ItemPage"],"@id":"https:\/\/truckned.nl\/product\/led-interieur-lamp-dasteri-wit\/","url":"https:\/\/truckned.nl\/product\/led-interieur-lamp-dasteri-wit\/","name":"Dasteri LED Innenleuchte WEISS \u2013 Truckned \u2013 LKW-Beleuchtung und mehr","isPartOf":{"@id":"https:\/\/truckned.nl\/nl\/#website"},"primaryImageOfPage":{"@id":"https:\/\/truckned.nl\/product\/led-interieur-lamp-dasteri-wit\/#primaryimage"},"image":{"@id":"https:\/\/truckned.nl\/product\/led-interieur-lamp-dasteri-wit\/#primaryimage"},"thumbnailUrl":"https:\/\/truckned.nl\/wp-content\/uploads\/2022\/10\/TN-650172.png","datePublished":"2022-10-20T12:32:28+00:00","dateModified":"2025-10-20T07:41:14+00:00","description":"LED Innenleuchte WEISS von Dasteri \u2013 Geeignet f\u00fcr den 24-Volt-Einsatz \u2013 LKW LED Beleuchtung WEISS \/ DIMMBAR \u2013 Mit 18 LED und 20 cm Kabel","breadcrumb":{"@id":"https:\/\/truckned.nl\/product\/led-interieur-lamp-dasteri-wit\/#breadcrumb"},"inLanguage":"de","potentialAction":[{"@type":"ReadAction","target":["https:\/\/truckned.nl\/product\/led-interieur-lamp-dasteri-wit\/"]}]},{"@type":"ImageObject","inLanguage":"de","@id":"https:\/\/truckned.nl\/product\/led-interieur-lamp-dasteri-wit\/#primaryimage","url":"https:\/\/truckned.nl\/wp-content\/uploads\/2022\/10\/TN-650172.png","contentUrl":"https:\/\/truckned.nl\/wp-content\/uploads\/2022\/10\/TN-650172.png","width":800,"height":800,"caption":"Dasteri LED interieur lamp WIT - LED interieur spot die geschikt is voor een vrachtwagen cabine - WITTE LED SPOT DIMBAAR"},{"@type":"BreadcrumbList","@id":"https:\/\/truckned.nl\/product\/led-interieur-lamp-dasteri-wit\/#breadcrumb","itemListElement":[{"@type":"ListItem","position":1,"name":"Home","item":"https:\/\/truckned.nl\/"},{"@type":"ListItem","position":2,"name":"Shop","item":"https:\/\/truckned.nl\/nl\/shop\/"},{"@type":"ListItem","position":3,"name":"Cabine - binnenzijde","item":"https:\/\/truckned.nl\/de\/produkt-kategorie\/cabine-binnenzijden\/"},{"@type":"ListItem","position":4,"name":"Interieur verlichting","item":"https:\/\/truckned.nl\/product-categorie\/cabine-binnenzijden\/interieur-verlichting\/"},{"@type":"ListItem","position":5,"name":"Dasteri LED interieur lamp WIT"}]},{"@type":"WebSite","@id":"https:\/\/truckned.nl\/nl\/#website","url":"https:\/\/truckned.nl\/nl\/","name":"Truckned","description":"","publisher":{"@id":"https:\/\/truckned.nl\/nl\/#organization"},"potentialAction":[{"@type":"SearchAction","target":{"@type":"EntryPoint","urlTemplate":"https:\/\/truckned.nl\/nl\/?s={search_term_string}"},"query-input":{"@type":"PropertyValueSpecification","valueRequired":true,"valueName":"search_term_string"}}],"inLanguage":"de"},{"@type":"Organization","@id":"https:\/\/truckned.nl\/nl\/#organization","name":"Truckned","url":"https:\/\/truckned.nl\/nl\/","logo":{"@type":"ImageObject","inLanguage":"de","@id":"https:\/\/truckned.nl\/nl\/#\/schema\/logo\/image\/","url":"https:\/\/truckned.nl\/wp-content\/uploads\/2022\/10\/800x800-Truckned-logo-zonder-tekst-ZWART.png","contentUrl":"https:\/\/truckned.nl\/wp-content\/uploads\/2022\/10\/800x800-Truckned-logo-zonder-tekst-ZWART.png","width":801,"height":801,"caption":"Truckned"},"image":{"@id":"https:\/\/truckned.nl\/nl\/#\/schema\/logo\/image\/"},"sameAs":["https:\/\/www.facebook.com\/truckned\/","https:\/\/www.instagram.com\/truckned\/"],"vatID":"NL863960509B01","taxID":"86417487","hasMerchantReturnPolicy":{"@type":"MerchantReturnPolicy","merchantReturnLink":"https:\/\/truckned.nl\/de\/versand-rucksendungen\/"}}]},"product_brand":"Dasteri","product_price_amount":"19.95","product_price_currency":"EUR","og_availability":"instock","product_availability":"instock","product_retailer_item_id":"TN-650172","product_condition":"new"},"_links":{"self":[{"href":"https:\/\/truckned.nl\/de\/wp-json\/wp\/v2\/product\/26791","targetHints":{"allow":["GET"]}}],"collection":[{"href":"https:\/\/truckned.nl\/de\/wp-json\/wp\/v2\/product"}],"about":[{"href":"https:\/\/truckned.nl\/de\/wp-json\/wp\/v2\/types\/product"}],"replies":[{"embeddable":true,"href":"https:\/\/truckned.nl\/de\/wp-json\/wp\/v2\/comments?post=26791"}],"wp:featuredmedia":[{"embeddable":true,"href":"https:\/\/truckned.nl\/de\/wp-json\/wp\/v2\/media\/26797"}],"wp:attachment":[{"href":"https:\/\/truckned.nl\/de\/wp-json\/wp\/v2\/media?parent=26791"}],"wp:term":[{"taxonomy":"product_brand","embeddable":true,"href":"https:\/\/truckned.nl\/de\/wp-json\/wp\/v2\/product_brand?post=26791"},{"taxonomy":"product_cat","embeddable":true,"href":"https:\/\/truckned.nl\/de\/wp-json\/wp\/v2\/product_cat?post=26791"},{"taxonomy":"product_tag","embeddable":true,"href":"https:\/\/truckned.nl\/de\/wp-json\/wp\/v2\/product_tag?post=26791"}],"curies":[{"name":"wp","href":"https:\/\/api.w.org\/{rel}","templated":true}]}}