{"id":26809,"date":"2022-10-21T13:32:33","date_gmt":"2022-10-21T12:32:33","guid":{"rendered":"https:\/\/truckned.nl\/?post_type=product&#038;p=26809"},"modified":"2026-03-20T10:37:46","modified_gmt":"2026-03-20T09:37:46","slug":"strands-dark-knight-insane","status":"publish","type":"product","link":"https:\/\/truckned.nl\/de\/produkt\/strands-dark-knight-insane\/","title":{"rendered":"Strands Dark Knight Insane"},"content":{"rendered":"<p><span style=\"color: #000000;\"><strong>Strands Dark Knight Insane 9&quot; LED Strahler SCHWARZ.\u00a0<\/strong><\/span><\/p>\n<p><span style=\"color: #000000;\">Suchen Sie einen ovalen Strahler, der mit einem zweifarbigen Stadtlicht und Blitz ausgestattet ist? Dann k\u00f6nnte der Strands Dark Knight Insane Spotlight Black genau die Lampe sein, nach der Sie suchen. Der vollwertige LED-Strahler verf\u00fcgt \u00fcber insgesamt 8 LED-Punkte und hat eine theoretische Lichtleistung von 12.000 Lumen. Dieser vollwertige LED-Strahler funktioniert mit 12 und 24 Volt. Das bedeutet, dass Sie den Scheinwerfer LED an Ihrem Auto, LKW, Traktor, Wohnmobil oder einem anderen Fahrzeugtyp verwenden k\u00f6nnen.\u00a0<\/span><\/p>\n<p><span style=\"color: #000000;\">Um sicherzustellen, dass der Scheinwerfer Strands Dark Knight Insane f\u00fcr Ihr Auto oder Ihren LKW geeignet ist. Nachfolgend haben wir eine Reihe von Spezifikationen notiert. Dies soll zeigen, warum die LED-Lampe genau das ist, wonach Sie suchen. Der Scheinwerfer LED beispielsweise tr\u00e4gt das ECE-R10-G\u00fctezeichen. Dieses Qualit\u00e4tszeichen bedeutet, dass die Lampe w\u00e4hrend der Aktivierung beispielsweise Ihr Funksignal nicht st\u00f6rt. Der schwarze Scheinwerfer ist au\u00dferdem mit dem ECE R7- und R112- und R65-G\u00fctezeichen versehen. Diese G\u00fctezeichen weisen darauf hin, dass der Vollscheinwerfer Strands LED f\u00fcr den Stra\u00dfenverkehr zugelassen ist. Aber auch, dass die Lampe als Signallampe verwendet werden kann. Um das Ganze abzurunden, wird die LED-Lampe mit Edelstahl-Montagematerial und einem 2,5 m langen Anschlusskabel geliefert.\u00a0<\/span><\/p>\n<h5><span style=\"color: #000000;\"><strong>Abmessungen:<\/strong><\/span><\/h5>\n<p><span style=\"color: #000000;\">Denn Sie m\u00f6chten sicher sein, dass die Lampe dort passt, wo Sie sie platzieren m\u00f6chten. Die Abmessungen der LED-Lampe haben wir hier geschrieben. Die Abmessungen des Strands Dark Knight Insane Strahlers mit dunklem Glas sind wie folgt.<\/span><\/p>\n<ul>\n<li><span style=\"color: #000000;\">H\u00f6he: 141 mm (170,5 mm inkl. Halterung)<\/span><\/li>\n<li><span style=\"color: #000000;\">Breite: 247 mm<\/span><\/li>\n<li><span style=\"color: #000000;\">Dicke: 70,7 mm<\/span><\/li>\n<\/ul>\n<p><span style=\"color: #000000;\"><strong style=\"font-size: 19.2px;\">Andere Modelle:<\/strong><\/span><\/p>\n<p><span style=\"color: #000000;\">Planen Sie den Einbau einer LED-Lampe aus der Dark Knight-Reihe von Strands? Aber ist der Strands Dark Knight Insane Strahler nicht die Lampe, die Sie suchen? Dann wissen Sie, dass Strands neben dem ovalen Modell auch ein rundes Modell anbietet. Sehen Sie sich unten das andere Modell von Strands an.<\/span><\/p>\n<ul>\n<li><a href=\"https:\/\/truckned.nl\/de\/produkt\/strands-dark-knight-intense-9-inch\/\"><span style=\"color: #000000;\"><strong>Dark Knight Intense-Lampe<\/strong><\/span><\/a><\/li>\n<\/ul>\n<p><span style=\"color: #000000;\">Denken Sie immer noch, dass der Strands Dark Knight Insane Strahler schwarz mit dunklem Glas nicht das ist, was Sie suchen? Einfach, weil Farbe, Form oder Lichtausbeute nicht Ihren W\u00fcnschen entsprechen? Sehen Sie sich hier das komplette Sortiment an <a style=\"color: #000000;\" href=\"https:\/\/truckned.nl\/de\/produkt-kategorie\/verstralers\/\" target=\"_blank\" rel=\"noopener\">Scheinwerfer<\/a>.<\/span><\/p>","protected":false},"excerpt":{"rendered":"<p>Dark Knight Insane Scheinwerfer 9\u2033 mit 2-farbigem Tagfahrlicht und Blitzlicht.<\/p>","protected":false},"featured_media":26814,"comment_status":"open","ping_status":"closed","template":"","meta":{"_acf_changed":false,"site-sidebar-layout":"default","site-content-layout":"default","ast-site-content-layout":"default","site-content-style":"default","site-sidebar-style":"default","ast-global-header-display":"","ast-banner-title-visibility":"","ast-main-header-display":"","ast-hfb-above-header-display":"","ast-hfb-below-header-display":"","ast-hfb-mobile-header-display":"","site-post-title":"","ast-breadcrumbs-content":"","ast-featured-img":"","footer-sml-layout":"","ast-disable-related-posts":"","theme-transparent-header-meta":"default","adv-header-id-meta":"","stick-header-meta":"","header-above-stick-meta":"","header-main-stick-meta":"","header-below-stick-meta":"","astra-migrate-meta-layouts":"set","ast-page-background-enabled":"default","ast-page-background-meta":{"desktop":{"background-color":"","background-image":"","background-repeat":"repeat","background-position":"center center","background-size":"auto","background-attachment":"scroll","background-type":"","background-media":"","overlay-type":"","overlay-color":"","overlay-opacity":"","overlay-gradient":""},"tablet":{"background-color":"","background-image":"","background-repeat":"repeat","background-position":"center center","background-size":"auto","background-attachment":"scroll","background-type":"","background-media":"","overlay-type":"","overlay-color":"","overlay-opacity":"","overlay-gradient":""},"mobile":{"background-color":"","background-image":"","background-repeat":"repeat","background-position":"center center","background-size":"auto","background-attachment":"scroll","background-type":"","background-media":"","overlay-type":"","overlay-color":"","overlay-opacity":"","overlay-gradient":""}},"ast-content-background-meta":{"desktop":{"background-color":"var(--ast-global-color-5)","background-image":"","background-repeat":"repeat","background-position":"center center","background-size":"auto","background-attachment":"scroll","background-type":"","background-media":"","overlay-type":"","overlay-color":"","overlay-opacity":"","overlay-gradient":""},"tablet":{"background-color":"var(--ast-global-color-5)","background-image":"","background-repeat":"repeat","background-position":"center center","background-size":"auto","background-attachment":"scroll","background-type":"","background-media":"","overlay-type":"","overlay-color":"","overlay-opacity":"","overlay-gradient":""},"mobile":{"background-color":"var(--ast-global-color-5)","background-image":"","background-repeat":"repeat","background-position":"center center","background-size":"auto","background-attachment":"scroll","background-type":"","background-media":"","overlay-type":"","overlay-color":"","overlay-opacity":"","overlay-gradient":""}}},"product_brand":[],"product_cat":[7907],"product_tag":[],"class_list":{"0":"post-26809","1":"product","2":"type-product","3":"status-publish","4":"has-post-thumbnail","6":"product_cat-verstraler-ovaal","7":"pa_merkk-product-strands-lighting-division","8":"desktop-align-left","9":"tablet-align-left","10":"mobile-align-left","12":"first","13":"instock","14":"taxable","15":"shipping-taxable","16":"purchasable","17":"product-type-simple"},"acf":[],"yoast_head":"<!-- This site is optimized with the Yoast SEO Premium plugin v26.5 (Yoast SEO v26.5) - https:\/\/yoast.com\/wordpress\/plugins\/seo\/ -->\n<title>Strands Dark Knight Insane - Truckned - verstraler voor truck en meer<\/title>\n<meta name=\"description\" content=\"Strands Dark Knight Insane verstraler 120W - felle LED verstraler met 8 LED - 12.000 Lumen - voor 12&amp;24v - 1 Lux op 439m - ECE R7\/ECE R65\/ECE R112\" \/>\n<meta name=\"robots\" content=\"index, follow, max-snippet:-1, max-image-preview:large, max-video-preview:-1\" \/>\n<link rel=\"canonical\" href=\"https:\/\/truckned.nl\/de\/produkt\/strands-dark-knight-insane\/\" \/>\n<meta property=\"og:locale\" content=\"de_DE\" \/>\n<meta property=\"og:type\" content=\"article\" \/>\n<meta property=\"og:title\" content=\"Strands Dark Knight Insane - Truckned - verstraler voor truck en meer\" \/>\n<meta property=\"og:description\" content=\"Strands Dark Knight Insane verstraler 120W - felle LED verstraler met 8 LED - 12.000 Lumen - voor 12&amp;24v - 1 Lux op 439m - ECE R7\/ECE R65\/ECE R112\" \/>\n<meta property=\"og:url\" content=\"https:\/\/truckned.nl\/de\/produkt\/strands-dark-knight-insane\/\" \/>\n<meta property=\"og:site_name\" content=\"Truckned\" \/>\n<meta property=\"article:publisher\" content=\"https:\/\/www.facebook.com\/truckned\/\" \/>\n<meta property=\"article:modified_time\" content=\"2026-03-20T09:37:46+00:00\" \/>\n<meta property=\"og:image\" content=\"https:\/\/truckned.nl\/wp-content\/uploads\/2022\/10\/TN-270698-SM.png\" \/>\n\t<meta property=\"og:image:width\" content=\"800\" \/>\n\t<meta property=\"og:image:height\" content=\"800\" \/>\n\t<meta property=\"og:image:type\" content=\"image\/png\" \/>\n<meta name=\"twitter:label1\" content=\"Preis\" \/>\n\t<meta name=\"twitter:data1\" content=\"&euro;269,00\" \/>\n\t<meta name=\"twitter:label2\" content=\"Verf\u00fcgbarkeit\" \/>\n\t<meta name=\"twitter:data2\" content=\"Auf Lager\" \/>\n<script type=\"application\/ld+json\" class=\"yoast-schema-graph\">{\"@context\":\"https:\/\/schema.org\",\"@graph\":[{\"@type\":[\"WebPage\",\"ItemPage\"],\"@id\":\"https:\/\/truckned.nl\/product\/strands-dark-knight-insane\/\",\"url\":\"https:\/\/truckned.nl\/product\/strands-dark-knight-insane\/\",\"name\":\"Strands Dark Knight Insane - Truckned - verstraler voor truck en meer\",\"isPartOf\":{\"@id\":\"https:\/\/truckned.nl\/nl\/#website\"},\"primaryImageOfPage\":{\"@id\":\"https:\/\/truckned.nl\/product\/strands-dark-knight-insane\/#primaryimage\"},\"image\":{\"@id\":\"https:\/\/truckned.nl\/product\/strands-dark-knight-insane\/#primaryimage\"},\"thumbnailUrl\":\"https:\/\/truckned.nl\/wp-content\/uploads\/2022\/10\/TN-270698.png\",\"datePublished\":\"2022-10-21T12:32:33+00:00\",\"dateModified\":\"2026-03-20T09:37:46+00:00\",\"description\":\"Strands Dark Knight Insane verstraler 120W - felle LED verstraler met 8 LED - 12.000 Lumen - voor 12&24v - 1 Lux op 439m - ECE R7\/ECE R65\/ECE R112\",\"breadcrumb\":{\"@id\":\"https:\/\/truckned.nl\/product\/strands-dark-knight-insane\/#breadcrumb\"},\"inLanguage\":\"de\",\"potentialAction\":[{\"@type\":\"ReadAction\",\"target\":[\"https:\/\/truckned.nl\/product\/strands-dark-knight-insane\/\"]}]},{\"@type\":\"ImageObject\",\"inLanguage\":\"de\",\"@id\":\"https:\/\/truckned.nl\/product\/strands-dark-knight-insane\/#primaryimage\",\"url\":\"https:\/\/truckned.nl\/wp-content\/uploads\/2022\/10\/TN-270698.png\",\"contentUrl\":\"https:\/\/truckned.nl\/wp-content\/uploads\/2022\/10\/TN-270698.png\",\"width\":800,\"height\":800,\"caption\":\"Strands Dark Knight Insane full LED verstraler met flitser - geschikt voor 12 en 24 volt gebruik - Strands 270698 - EAN: 7350133810308\"},{\"@type\":\"BreadcrumbList\",\"@id\":\"https:\/\/truckned.nl\/product\/strands-dark-knight-insane\/#breadcrumb\",\"itemListElement\":[{\"@type\":\"ListItem\",\"position\":1,\"name\":\"Home\",\"item\":\"https:\/\/truckned.nl\/\"},{\"@type\":\"ListItem\",\"position\":2,\"name\":\"Shop\",\"item\":\"https:\/\/truckned.nl\/nl\/shop\/\"},{\"@type\":\"ListItem\",\"position\":3,\"name\":\"Verstralers\",\"item\":\"https:\/\/truckned.nl\/product-categorie\/verstralers\/\"},{\"@type\":\"ListItem\",\"position\":4,\"name\":\"Verstraler ovaal\",\"item\":\"https:\/\/truckned.nl\/product-categorie\/verstralers\/verstraler-ovaal\/\"},{\"@type\":\"ListItem\",\"position\":5,\"name\":\"Strands Dark Knight Insane\"}]},{\"@type\":\"WebSite\",\"@id\":\"https:\/\/truckned.nl\/nl\/#website\",\"url\":\"https:\/\/truckned.nl\/nl\/\",\"name\":\"Truckned\",\"description\":\"\",\"publisher\":{\"@id\":\"https:\/\/truckned.nl\/nl\/#organization\"},\"potentialAction\":[{\"@type\":\"SearchAction\",\"target\":{\"@type\":\"EntryPoint\",\"urlTemplate\":\"https:\/\/truckned.nl\/nl\/?s={search_term_string}\"},\"query-input\":{\"@type\":\"PropertyValueSpecification\",\"valueRequired\":true,\"valueName\":\"search_term_string\"}}],\"inLanguage\":\"de\"},{\"@type\":\"Organization\",\"@id\":\"https:\/\/truckned.nl\/nl\/#organization\",\"name\":\"Truckned\",\"url\":\"https:\/\/truckned.nl\/nl\/\",\"logo\":{\"@type\":\"ImageObject\",\"inLanguage\":\"de\",\"@id\":\"https:\/\/truckned.nl\/nl\/#\/schema\/logo\/image\/\",\"url\":\"https:\/\/truckned.nl\/wp-content\/uploads\/2022\/10\/800x800-Truckned-logo-zonder-tekst-ZWART.png\",\"contentUrl\":\"https:\/\/truckned.nl\/wp-content\/uploads\/2022\/10\/800x800-Truckned-logo-zonder-tekst-ZWART.png\",\"width\":801,\"height\":801,\"caption\":\"Truckned\"},\"image\":{\"@id\":\"https:\/\/truckned.nl\/nl\/#\/schema\/logo\/image\/\"},\"sameAs\":[\"https:\/\/www.facebook.com\/truckned\/\",\"https:\/\/www.instagram.com\/truckned\/\"],\"vatID\":\"NL863960509B01\",\"taxID\":\"86417487\",\"hasMerchantReturnPolicy\":{\"@type\":\"MerchantReturnPolicy\",\"merchantReturnLink\":\"https:\/\/truckned.nl\/de\/versand-rucksendungen\/\"}}]}<\/script>\n<meta property=\"product:brand\" content=\"Strands\" \/>\n<meta property=\"product:price:amount\" content=\"269.00\" \/>\n<meta property=\"product:price:currency\" content=\"EUR\" \/>\n<meta property=\"og:availability\" content=\"instock\" \/>\n<meta property=\"product:availability\" content=\"instock\" \/>\n<meta property=\"product:retailer_item_id\" content=\"TN-270698\" \/>\n<meta property=\"product:condition\" content=\"new\" \/>\n<!-- \/ Yoast SEO Premium plugin. -->","yoast_head_json":{"title":"Strands Dark Knight Insane \u2013 Truckned \u2013 Scheinwerfer f\u00fcr LKW und mehr","description":"Strands Dark Knight Insane Strahler 120 W \u2013 heller LED Strahler mit 8 LED \u2013 12.000 Lumen \u2013 f\u00fcr 12&amp;24v \u2013 1 Lux auf 439 m \u2013 ECE R7\/ECE R65\/ECE R112","robots":{"index":"index","follow":"follow","max-snippet":"max-snippet:-1","max-image-preview":"max-image-preview:large","max-video-preview":"max-video-preview:-1"},"canonical":"https:\/\/truckned.nl\/de\/produkt\/strands-dark-knight-insane\/","og_locale":"de_DE","og_type":"article","og_title":"Strands Dark Knight Insane - Truckned - verstraler voor truck en meer","og_description":"Strands Dark Knight Insane verstraler 120W - felle LED verstraler met 8 LED - 12.000 Lumen - voor 12&24v - 1 Lux op 439m - ECE R7\/ECE R65\/ECE R112","og_url":"https:\/\/truckned.nl\/de\/produkt\/strands-dark-knight-insane\/","og_site_name":"Truckned","article_publisher":"https:\/\/www.facebook.com\/truckned\/","article_modified_time":"2026-03-20T09:37:46+00:00","og_image":[{"width":800,"height":800,"url":"https:\/\/truckned.nl\/wp-content\/uploads\/2022\/10\/TN-270698-SM.png","type":"image\/png"}],"twitter_misc":{"Preis":"&euro;269,00","Verf\u00fcgbarkeit":"Auf Lager"},"schema":{"@context":"https:\/\/schema.org","@graph":[{"@type":["WebPage","ItemPage"],"@id":"https:\/\/truckned.nl\/product\/strands-dark-knight-insane\/","url":"https:\/\/truckned.nl\/product\/strands-dark-knight-insane\/","name":"Strands Dark Knight Insane \u2013 Truckned \u2013 Scheinwerfer f\u00fcr LKW und mehr","isPartOf":{"@id":"https:\/\/truckned.nl\/nl\/#website"},"primaryImageOfPage":{"@id":"https:\/\/truckned.nl\/product\/strands-dark-knight-insane\/#primaryimage"},"image":{"@id":"https:\/\/truckned.nl\/product\/strands-dark-knight-insane\/#primaryimage"},"thumbnailUrl":"https:\/\/truckned.nl\/wp-content\/uploads\/2022\/10\/TN-270698.png","datePublished":"2022-10-21T12:32:33+00:00","dateModified":"2026-03-20T09:37:46+00:00","description":"Strands Dark Knight Insane Strahler 120 W \u2013 heller LED Strahler mit 8 LED \u2013 12.000 Lumen \u2013 f\u00fcr 12&amp;24v \u2013 1 Lux auf 439 m \u2013 ECE R7\/ECE R65\/ECE R112","breadcrumb":{"@id":"https:\/\/truckned.nl\/product\/strands-dark-knight-insane\/#breadcrumb"},"inLanguage":"de","potentialAction":[{"@type":"ReadAction","target":["https:\/\/truckned.nl\/product\/strands-dark-knight-insane\/"]}]},{"@type":"ImageObject","inLanguage":"de","@id":"https:\/\/truckned.nl\/product\/strands-dark-knight-insane\/#primaryimage","url":"https:\/\/truckned.nl\/wp-content\/uploads\/2022\/10\/TN-270698.png","contentUrl":"https:\/\/truckned.nl\/wp-content\/uploads\/2022\/10\/TN-270698.png","width":800,"height":800,"caption":"Strands Dark Knight Insane full LED verstraler met flitser - geschikt voor 12 en 24 volt gebruik - Strands 270698 - EAN: 7350133810308"},{"@type":"BreadcrumbList","@id":"https:\/\/truckned.nl\/product\/strands-dark-knight-insane\/#breadcrumb","itemListElement":[{"@type":"ListItem","position":1,"name":"Home","item":"https:\/\/truckned.nl\/"},{"@type":"ListItem","position":2,"name":"Shop","item":"https:\/\/truckned.nl\/nl\/shop\/"},{"@type":"ListItem","position":3,"name":"Verstralers","item":"https:\/\/truckned.nl\/product-categorie\/verstralers\/"},{"@type":"ListItem","position":4,"name":"Verstraler ovaal","item":"https:\/\/truckned.nl\/product-categorie\/verstralers\/verstraler-ovaal\/"},{"@type":"ListItem","position":5,"name":"Strands Dark Knight Insane"}]},{"@type":"WebSite","@id":"https:\/\/truckned.nl\/nl\/#website","url":"https:\/\/truckned.nl\/nl\/","name":"Truckned","description":"","publisher":{"@id":"https:\/\/truckned.nl\/nl\/#organization"},"potentialAction":[{"@type":"SearchAction","target":{"@type":"EntryPoint","urlTemplate":"https:\/\/truckned.nl\/nl\/?s={search_term_string}"},"query-input":{"@type":"PropertyValueSpecification","valueRequired":true,"valueName":"search_term_string"}}],"inLanguage":"de"},{"@type":"Organization","@id":"https:\/\/truckned.nl\/nl\/#organization","name":"Truckned","url":"https:\/\/truckned.nl\/nl\/","logo":{"@type":"ImageObject","inLanguage":"de","@id":"https:\/\/truckned.nl\/nl\/#\/schema\/logo\/image\/","url":"https:\/\/truckned.nl\/wp-content\/uploads\/2022\/10\/800x800-Truckned-logo-zonder-tekst-ZWART.png","contentUrl":"https:\/\/truckned.nl\/wp-content\/uploads\/2022\/10\/800x800-Truckned-logo-zonder-tekst-ZWART.png","width":801,"height":801,"caption":"Truckned"},"image":{"@id":"https:\/\/truckned.nl\/nl\/#\/schema\/logo\/image\/"},"sameAs":["https:\/\/www.facebook.com\/truckned\/","https:\/\/www.instagram.com\/truckned\/"],"vatID":"NL863960509B01","taxID":"86417487","hasMerchantReturnPolicy":{"@type":"MerchantReturnPolicy","merchantReturnLink":"https:\/\/truckned.nl\/de\/versand-rucksendungen\/"}}]},"product_brand":"Strands","product_price_amount":"269.00","product_price_currency":"EUR","og_availability":"instock","product_availability":"instock","product_retailer_item_id":"TN-270698","product_condition":"new"},"_links":{"self":[{"href":"https:\/\/truckned.nl\/de\/wp-json\/wp\/v2\/product\/26809","targetHints":{"allow":["GET"]}}],"collection":[{"href":"https:\/\/truckned.nl\/de\/wp-json\/wp\/v2\/product"}],"about":[{"href":"https:\/\/truckned.nl\/de\/wp-json\/wp\/v2\/types\/product"}],"replies":[{"embeddable":true,"href":"https:\/\/truckned.nl\/de\/wp-json\/wp\/v2\/comments?post=26809"}],"wp:featuredmedia":[{"embeddable":true,"href":"https:\/\/truckned.nl\/de\/wp-json\/wp\/v2\/media\/26814"}],"wp:attachment":[{"href":"https:\/\/truckned.nl\/de\/wp-json\/wp\/v2\/media?parent=26809"}],"wp:term":[{"taxonomy":"product_brand","embeddable":true,"href":"https:\/\/truckned.nl\/de\/wp-json\/wp\/v2\/product_brand?post=26809"},{"taxonomy":"product_cat","embeddable":true,"href":"https:\/\/truckned.nl\/de\/wp-json\/wp\/v2\/product_cat?post=26809"},{"taxonomy":"product_tag","embeddable":true,"href":"https:\/\/truckned.nl\/de\/wp-json\/wp\/v2\/product_tag?post=26809"}],"curies":[{"name":"wp","href":"https:\/\/api.w.org\/{rel}","templated":true}]}}