{"id":26872,"date":"2022-10-25T10:20:07","date_gmt":"2022-10-25T09:20:07","guid":{"rendered":"https:\/\/truckned.nl\/?post_type=product&#038;p=26872"},"modified":"2026-03-20T10:33:00","modified_gmt":"2026-03-20T09:33:00","slug":"hella-jumbo-320ff-t10-standlicht","status":"publish","type":"product","link":"https:\/\/truckned.nl\/de\/produkt\/hella-jumbo-320ff-t10-standlicht\/","title":{"rendered":"Hella Jumbo 320FF T10 Standlicht"},"content":{"rendered":"<p><span style=\"color: #000000;\"><strong>Hella Jumbo 320FF Strahler mit Seitenlichthalter.\u00a0<\/strong><\/span><\/p>\n<p><span style=\"color: #000000;\">Wenn Sie auf der Suche nach einem Scheinwerfer sind, aber keinen vollwertigen LED-Strahler wollen, dann ist dieser Hella Jumbo 320FF mit T10-Stativlampenhalter m\u00f6glicherweise die L\u00f6sung f\u00fcr Sie! Diese Lampe ist aus hochwertigem Material gefertigt und h\u00e4lt einem Schlag stand. Das verbaute Hartglas h\u00e4lt durchaus einem Schlag oder Steinschl\u00e4gen stand. Das Besondere an dem Strahler ist die integrierte T10-Seitenlichthalterung, die mit 12 und 24 Volt betrieben wird. Damit k\u00f6nnen Sie den Strahler beispielsweise an Ihrem PKW, LKW, landwirtschaftlichen Fahrzeug oder Wohnmobil montieren. Den Strahler Hella Jumbo 320FF finden Sie h\u00e4ufig beispielsweise an den Lampenhalterungen der Marke Kelsa.<\/span><\/p>\n<p><span style=\"color: #000000;\">Da die Lampe \u00fcber das ECE-R7- und ECE-R112-G\u00fctezeichen verf\u00fcgt, k\u00f6nnen Sie sie im \u00f6ffentlichen Stra\u00dfenverkehr verwenden. Mit dem G\u00fctezeichen ECE R112 ist diese Lampe als Fernlicht auf \u00f6ffentlichen Stra\u00dfen einsetzbar (H7 und W5W). <em>Einsatzlampen nicht im Lieferumfang enthalten<\/em>). Und dank des ECE-R7-G\u00fctezeichens k\u00f6nnen Sie mit der City-Light-Halterung T10 die City-Light-Funktion auf \u00f6ffentlichen Stra\u00dfen nutzen. Die mitgelieferten Montagehalterungen dieses Strahlers bestehen aus hochwertigem Edelstahl. Kurz gesagt, der Hella Jumbo 320FF mit T10-Standlichthalter ist ein hervorragender Scheinwerfer f\u00fcr die Montage an Ihrem Fahrzeug.<\/span><\/p>\n<h5><span style=\"color: #000000;\"><strong>Abmessungen:<\/strong><\/span><\/h5>\n<p><span style=\"color: #000000;\">Um sicherzustellen, dass Sie den Seitenlichthalter Hella Jumbo 3200FF T10 dort montieren k\u00f6nnen, wo Sie m\u00f6chten, haben wir die folgenden Abmessungen notiert. Die Abmessungen des 320FF Strahlers der Marke Hella lauten wie folgt:<\/span><\/p>\n<ul>\n<li><span style=\"color: #000000;\">Breite: 244,8 mm<\/span><\/li>\n<li><span style=\"color: #000000;\">H\u00f6he: 141mm<\/span><\/li>\n<li><span style=\"color: #000000;\">Dicke: 108,5 mm<\/span><\/li>\n<\/ul>\n<p><span style=\"color: #000000;\">Hella Artikelnummer: <em>1FE 008 773-041<\/em><\/span><\/p>\n<h5><span style=\"color: #000000;\"><strong>Andere Versionen:\u00a0<\/strong><\/span><\/h5>\n<p><span style=\"color: #000000;\">Sie suchen den ovalen Strahler Hella, aber nicht die Variante mit T10-Seitenlichthalter? Dann sehen Sie sich unten die Version mit LED City Light Modul an:<\/span><\/p>\n<ul>\n<li><span style=\"color: #000000;\"><strong><a style=\"color: #000000;\" href=\"https:\/\/truckned.nl\/de\/produkt\/hella-jumbo-320ff-led-standlicht\/\">Hella Jumbo 320FF mit Standlicht LED\u00a0<\/a><\/strong><\/span><\/li>\n<\/ul>\n<p><span style=\"color: #000000;\">Denken Sie immer noch, dass dieser Scheinwerfer nicht das ist, was Sie suchen? Einfach weil die Form oder Ausf\u00fchrung nicht gut ist? Schauen Sie sich unbedingt unsere Seite an <a style=\"color: #000000;\" href=\"https:\/\/truckned.nl\/de\/produkt-kategorie\/verstralers\/\">Scheinwerfer<\/a>. M\u00f6glicherweise finden Sie hier das Strahlermodell, das Sie suchen.<\/span><\/p>","protected":false},"excerpt":{"rendered":"<p>Hella Jumbo verstraler voorzien van T10 stadslicht, voor 12&amp;24 volt.<\/p>","protected":false},"featured_media":26873,"comment_status":"open","ping_status":"closed","template":"","meta":{"_acf_changed":false,"site-sidebar-layout":"default","site-content-layout":"default","ast-site-content-layout":"default","site-content-style":"default","site-sidebar-style":"default","ast-global-header-display":"","ast-banner-title-visibility":"","ast-main-header-display":"","ast-hfb-above-header-display":"","ast-hfb-below-header-display":"","ast-hfb-mobile-header-display":"","site-post-title":"","ast-breadcrumbs-content":"","ast-featured-img":"","footer-sml-layout":"","ast-disable-related-posts":"","theme-transparent-header-meta":"default","adv-header-id-meta":"","stick-header-meta":"","header-above-stick-meta":"","header-main-stick-meta":"","header-below-stick-meta":"","astra-migrate-meta-layouts":"set","ast-page-background-enabled":"default","ast-page-background-meta":{"desktop":{"background-color":"","background-image":"","background-repeat":"repeat","background-position":"center center","background-size":"auto","background-attachment":"scroll","background-type":"","background-media":"","overlay-type":"","overlay-color":"","overlay-opacity":"","overlay-gradient":""},"tablet":{"background-color":"","background-image":"","background-repeat":"repeat","background-position":"center center","background-size":"auto","background-attachment":"scroll","background-type":"","background-media":"","overlay-type":"","overlay-color":"","overlay-opacity":"","overlay-gradient":""},"mobile":{"background-color":"","background-image":"","background-repeat":"repeat","background-position":"center center","background-size":"auto","background-attachment":"scroll","background-type":"","background-media":"","overlay-type":"","overlay-color":"","overlay-opacity":"","overlay-gradient":""}},"ast-content-background-meta":{"desktop":{"background-color":"var(--ast-global-color-5)","background-image":"","background-repeat":"repeat","background-position":"center center","background-size":"auto","background-attachment":"scroll","background-type":"","background-media":"","overlay-type":"","overlay-color":"","overlay-opacity":"","overlay-gradient":""},"tablet":{"background-color":"var(--ast-global-color-5)","background-image":"","background-repeat":"repeat","background-position":"center center","background-size":"auto","background-attachment":"scroll","background-type":"","background-media":"","overlay-type":"","overlay-color":"","overlay-opacity":"","overlay-gradient":""},"mobile":{"background-color":"var(--ast-global-color-5)","background-image":"","background-repeat":"repeat","background-position":"center center","background-size":"auto","background-attachment":"scroll","background-type":"","background-media":"","overlay-type":"","overlay-color":"","overlay-opacity":"","overlay-gradient":""}}},"product_brand":[],"product_cat":[7907],"product_tag":[],"class_list":{"0":"post-26872","1":"product","2":"type-product","3":"status-publish","4":"has-post-thumbnail","6":"product_cat-verstraler-ovaal","7":"pa_merkk-product-hella","8":"desktop-align-left","9":"tablet-align-left","10":"mobile-align-left","12":"first","13":"instock","14":"taxable","15":"shipping-taxable","16":"purchasable","17":"product-type-simple"},"acf":[],"yoast_head":"<!-- This site is optimized with the Yoast SEO Premium plugin v26.5 (Yoast SEO v26.5) - https:\/\/yoast.com\/wordpress\/plugins\/seo\/ -->\n<title>Hella Jumbo 320FF T10 houder - Truckned - voor truck en meer<\/title>\n<meta name=\"description\" content=\"Hella Jumbo 320FF verstraler met T10 lamp houder - geschikt voor 12&amp;24 volt - Hella 1FE 008 773-041 - ideaal voor een Kelsa lampenbeugel\" \/>\n<meta name=\"robots\" content=\"index, follow, max-snippet:-1, max-image-preview:large, max-video-preview:-1\" \/>\n<link rel=\"canonical\" href=\"https:\/\/truckned.nl\/de\/produkt\/hella-jumbo-320ff-t10-standlicht\/\" \/>\n<meta property=\"og:locale\" content=\"de_DE\" \/>\n<meta property=\"og:type\" content=\"article\" \/>\n<meta property=\"og:title\" content=\"Hella Jumbo 320FF T10 houder - Truckned - voor truck en meer\" \/>\n<meta property=\"og:description\" content=\"Hella Jumbo 320FF verstraler met T10 lamp houder - geschikt voor 12&amp;24 volt - Hella 1FE 008 773-041 - ideaal voor een Kelsa lampenbeugel\" \/>\n<meta property=\"og:url\" content=\"https:\/\/truckned.nl\/de\/produkt\/hella-jumbo-320ff-t10-standlicht\/\" \/>\n<meta property=\"og:site_name\" content=\"Truckned\" \/>\n<meta property=\"article:publisher\" content=\"https:\/\/www.facebook.com\/truckned\/\" \/>\n<meta property=\"article:modified_time\" content=\"2026-03-20T09:33:00+00:00\" \/>\n<meta property=\"og:image\" content=\"https:\/\/truckned.nl\/wp-content\/uploads\/2022\/10\/TN-460277-SM.png\" \/>\n\t<meta property=\"og:image:width\" content=\"800\" \/>\n\t<meta property=\"og:image:height\" content=\"800\" \/>\n\t<meta property=\"og:image:type\" content=\"image\/png\" \/>\n<meta name=\"twitter:label1\" content=\"Preis\" \/>\n\t<meta name=\"twitter:data1\" content=\"&euro;89,00\" \/>\n\t<meta name=\"twitter:label2\" content=\"Verf\u00fcgbarkeit\" \/>\n\t<meta name=\"twitter:data2\" content=\"Auf Lager\" \/>\n<script type=\"application\/ld+json\" class=\"yoast-schema-graph\">{\"@context\":\"https:\/\/schema.org\",\"@graph\":[{\"@type\":[\"WebPage\",\"ItemPage\"],\"@id\":\"https:\/\/truckned.nl\/product\/hella-jumbo-320ff-t10-standlicht\/\",\"url\":\"https:\/\/truckned.nl\/product\/hella-jumbo-320ff-t10-standlicht\/\",\"name\":\"Hella Jumbo 320FF T10 houder - Truckned - voor truck en meer\",\"isPartOf\":{\"@id\":\"https:\/\/truckned.nl\/nl\/#website\"},\"primaryImageOfPage\":{\"@id\":\"https:\/\/truckned.nl\/product\/hella-jumbo-320ff-t10-standlicht\/#primaryimage\"},\"image\":{\"@id\":\"https:\/\/truckned.nl\/product\/hella-jumbo-320ff-t10-standlicht\/#primaryimage\"},\"thumbnailUrl\":\"https:\/\/truckned.nl\/wp-content\/uploads\/2022\/10\/TN-460277.png\",\"datePublished\":\"2022-10-25T09:20:07+00:00\",\"dateModified\":\"2026-03-20T09:33:00+00:00\",\"description\":\"Hella Jumbo 320FF verstraler met T10 lamp houder - geschikt voor 12&24 volt - Hella 1FE 008 773-041 - ideaal voor een Kelsa lampenbeugel\",\"breadcrumb\":{\"@id\":\"https:\/\/truckned.nl\/product\/hella-jumbo-320ff-t10-standlicht\/#breadcrumb\"},\"inLanguage\":\"de\",\"potentialAction\":[{\"@type\":\"ReadAction\",\"target\":[\"https:\/\/truckned.nl\/product\/hella-jumbo-320ff-t10-standlicht\/\"]}]},{\"@type\":\"ImageObject\",\"inLanguage\":\"de\",\"@id\":\"https:\/\/truckned.nl\/product\/hella-jumbo-320ff-t10-standlicht\/#primaryimage\",\"url\":\"https:\/\/truckned.nl\/wp-content\/uploads\/2022\/10\/TN-460277.png\",\"contentUrl\":\"https:\/\/truckned.nl\/wp-content\/uploads\/2022\/10\/TN-460277.png\",\"width\":800,\"height\":800},{\"@type\":\"BreadcrumbList\",\"@id\":\"https:\/\/truckned.nl\/product\/hella-jumbo-320ff-t10-standlicht\/#breadcrumb\",\"itemListElement\":[{\"@type\":\"ListItem\",\"position\":1,\"name\":\"Home\",\"item\":\"https:\/\/truckned.nl\/\"},{\"@type\":\"ListItem\",\"position\":2,\"name\":\"Shop\",\"item\":\"https:\/\/truckned.nl\/nl\/shop\/\"},{\"@type\":\"ListItem\",\"position\":3,\"name\":\"Verstralers\",\"item\":\"https:\/\/truckned.nl\/product-categorie\/verstralers\/\"},{\"@type\":\"ListItem\",\"position\":4,\"name\":\"Verstraler ovaal\",\"item\":\"https:\/\/truckned.nl\/product-categorie\/verstralers\/verstraler-ovaal\/\"},{\"@type\":\"ListItem\",\"position\":5,\"name\":\"Hella Jumbo 320FF T10 standlicht\"}]},{\"@type\":\"WebSite\",\"@id\":\"https:\/\/truckned.nl\/nl\/#website\",\"url\":\"https:\/\/truckned.nl\/nl\/\",\"name\":\"Truckned\",\"description\":\"\",\"publisher\":{\"@id\":\"https:\/\/truckned.nl\/nl\/#organization\"},\"potentialAction\":[{\"@type\":\"SearchAction\",\"target\":{\"@type\":\"EntryPoint\",\"urlTemplate\":\"https:\/\/truckned.nl\/nl\/?s={search_term_string}\"},\"query-input\":{\"@type\":\"PropertyValueSpecification\",\"valueRequired\":true,\"valueName\":\"search_term_string\"}}],\"inLanguage\":\"de\"},{\"@type\":\"Organization\",\"@id\":\"https:\/\/truckned.nl\/nl\/#organization\",\"name\":\"Truckned\",\"url\":\"https:\/\/truckned.nl\/nl\/\",\"logo\":{\"@type\":\"ImageObject\",\"inLanguage\":\"de\",\"@id\":\"https:\/\/truckned.nl\/nl\/#\/schema\/logo\/image\/\",\"url\":\"https:\/\/truckned.nl\/wp-content\/uploads\/2022\/10\/800x800-Truckned-logo-zonder-tekst-ZWART.png\",\"contentUrl\":\"https:\/\/truckned.nl\/wp-content\/uploads\/2022\/10\/800x800-Truckned-logo-zonder-tekst-ZWART.png\",\"width\":801,\"height\":801,\"caption\":\"Truckned\"},\"image\":{\"@id\":\"https:\/\/truckned.nl\/nl\/#\/schema\/logo\/image\/\"},\"sameAs\":[\"https:\/\/www.facebook.com\/truckned\/\",\"https:\/\/www.instagram.com\/truckned\/\"],\"vatID\":\"NL863960509B01\",\"taxID\":\"86417487\",\"hasMerchantReturnPolicy\":{\"@type\":\"MerchantReturnPolicy\",\"merchantReturnLink\":\"https:\/\/truckned.nl\/de\/versand-rucksendungen\/\"}}]}<\/script>\n<meta property=\"product:brand\" content=\"Hella\" \/>\n<meta property=\"product:price:amount\" content=\"89.00\" \/>\n<meta property=\"product:price:currency\" content=\"EUR\" \/>\n<meta property=\"og:availability\" content=\"instock\" \/>\n<meta property=\"product:availability\" content=\"instock\" \/>\n<meta property=\"product:retailer_item_id\" content=\"TN-460277\" \/>\n<meta property=\"product:condition\" content=\"new\" \/>\n<!-- \/ Yoast SEO Premium plugin. -->","yoast_head_json":{"title":"Hella Jumbo 320FF T10 Halter - Truckned - f\u00fcr LKW und mehr","description":"Hella Jumbo 320FF Strahler mit T10 Lampenfassung - passend f\u00fcr 12&amp;24 volt - Hella 1FE 008 773-041 - ideal f\u00fcr eine Kelsa Lampenhalterung","robots":{"index":"index","follow":"follow","max-snippet":"max-snippet:-1","max-image-preview":"max-image-preview:large","max-video-preview":"max-video-preview:-1"},"canonical":"https:\/\/truckned.nl\/de\/produkt\/hella-jumbo-320ff-t10-standlicht\/","og_locale":"de_DE","og_type":"article","og_title":"Hella Jumbo 320FF T10 houder - Truckned - voor truck en meer","og_description":"Hella Jumbo 320FF verstraler met T10 lamp houder - geschikt voor 12&24 volt - Hella 1FE 008 773-041 - ideaal voor een Kelsa lampenbeugel","og_url":"https:\/\/truckned.nl\/de\/produkt\/hella-jumbo-320ff-t10-standlicht\/","og_site_name":"Truckned","article_publisher":"https:\/\/www.facebook.com\/truckned\/","article_modified_time":"2026-03-20T09:33:00+00:00","og_image":[{"width":800,"height":800,"url":"https:\/\/truckned.nl\/wp-content\/uploads\/2022\/10\/TN-460277-SM.png","type":"image\/png"}],"twitter_misc":{"Preis":"&euro;89,00","Verf\u00fcgbarkeit":"Auf Lager"},"schema":{"@context":"https:\/\/schema.org","@graph":[{"@type":["WebPage","ItemPage"],"@id":"https:\/\/truckned.nl\/product\/hella-jumbo-320ff-t10-standlicht\/","url":"https:\/\/truckned.nl\/product\/hella-jumbo-320ff-t10-standlicht\/","name":"Hella Jumbo 320FF T10 Halter - Truckned - f\u00fcr LKW und mehr","isPartOf":{"@id":"https:\/\/truckned.nl\/nl\/#website"},"primaryImageOfPage":{"@id":"https:\/\/truckned.nl\/product\/hella-jumbo-320ff-t10-standlicht\/#primaryimage"},"image":{"@id":"https:\/\/truckned.nl\/product\/hella-jumbo-320ff-t10-standlicht\/#primaryimage"},"thumbnailUrl":"https:\/\/truckned.nl\/wp-content\/uploads\/2022\/10\/TN-460277.png","datePublished":"2022-10-25T09:20:07+00:00","dateModified":"2026-03-20T09:33:00+00:00","description":"Hella Jumbo 320FF Strahler mit T10 Lampenfassung - passend f\u00fcr 12&amp;24 volt - Hella 1FE 008 773-041 - ideal f\u00fcr eine Kelsa Lampenhalterung","breadcrumb":{"@id":"https:\/\/truckned.nl\/product\/hella-jumbo-320ff-t10-standlicht\/#breadcrumb"},"inLanguage":"de","potentialAction":[{"@type":"ReadAction","target":["https:\/\/truckned.nl\/product\/hella-jumbo-320ff-t10-standlicht\/"]}]},{"@type":"ImageObject","inLanguage":"de","@id":"https:\/\/truckned.nl\/product\/hella-jumbo-320ff-t10-standlicht\/#primaryimage","url":"https:\/\/truckned.nl\/wp-content\/uploads\/2022\/10\/TN-460277.png","contentUrl":"https:\/\/truckned.nl\/wp-content\/uploads\/2022\/10\/TN-460277.png","width":800,"height":800},{"@type":"BreadcrumbList","@id":"https:\/\/truckned.nl\/product\/hella-jumbo-320ff-t10-standlicht\/#breadcrumb","itemListElement":[{"@type":"ListItem","position":1,"name":"Home","item":"https:\/\/truckned.nl\/"},{"@type":"ListItem","position":2,"name":"Shop","item":"https:\/\/truckned.nl\/nl\/shop\/"},{"@type":"ListItem","position":3,"name":"Verstralers","item":"https:\/\/truckned.nl\/product-categorie\/verstralers\/"},{"@type":"ListItem","position":4,"name":"Verstraler ovaal","item":"https:\/\/truckned.nl\/product-categorie\/verstralers\/verstraler-ovaal\/"},{"@type":"ListItem","position":5,"name":"Hella Jumbo 320FF T10 standlicht"}]},{"@type":"WebSite","@id":"https:\/\/truckned.nl\/nl\/#website","url":"https:\/\/truckned.nl\/nl\/","name":"Truckned","description":"","publisher":{"@id":"https:\/\/truckned.nl\/nl\/#organization"},"potentialAction":[{"@type":"SearchAction","target":{"@type":"EntryPoint","urlTemplate":"https:\/\/truckned.nl\/nl\/?s={search_term_string}"},"query-input":{"@type":"PropertyValueSpecification","valueRequired":true,"valueName":"search_term_string"}}],"inLanguage":"de"},{"@type":"Organization","@id":"https:\/\/truckned.nl\/nl\/#organization","name":"Truckned","url":"https:\/\/truckned.nl\/nl\/","logo":{"@type":"ImageObject","inLanguage":"de","@id":"https:\/\/truckned.nl\/nl\/#\/schema\/logo\/image\/","url":"https:\/\/truckned.nl\/wp-content\/uploads\/2022\/10\/800x800-Truckned-logo-zonder-tekst-ZWART.png","contentUrl":"https:\/\/truckned.nl\/wp-content\/uploads\/2022\/10\/800x800-Truckned-logo-zonder-tekst-ZWART.png","width":801,"height":801,"caption":"Truckned"},"image":{"@id":"https:\/\/truckned.nl\/nl\/#\/schema\/logo\/image\/"},"sameAs":["https:\/\/www.facebook.com\/truckned\/","https:\/\/www.instagram.com\/truckned\/"],"vatID":"NL863960509B01","taxID":"86417487","hasMerchantReturnPolicy":{"@type":"MerchantReturnPolicy","merchantReturnLink":"https:\/\/truckned.nl\/de\/versand-rucksendungen\/"}}]},"product_brand":"Hella","product_price_amount":"89.00","product_price_currency":"EUR","og_availability":"instock","product_availability":"instock","product_retailer_item_id":"TN-460277","product_condition":"new"},"_links":{"self":[{"href":"https:\/\/truckned.nl\/de\/wp-json\/wp\/v2\/product\/26872","targetHints":{"allow":["GET"]}}],"collection":[{"href":"https:\/\/truckned.nl\/de\/wp-json\/wp\/v2\/product"}],"about":[{"href":"https:\/\/truckned.nl\/de\/wp-json\/wp\/v2\/types\/product"}],"replies":[{"embeddable":true,"href":"https:\/\/truckned.nl\/de\/wp-json\/wp\/v2\/comments?post=26872"}],"wp:featuredmedia":[{"embeddable":true,"href":"https:\/\/truckned.nl\/de\/wp-json\/wp\/v2\/media\/26873"}],"wp:attachment":[{"href":"https:\/\/truckned.nl\/de\/wp-json\/wp\/v2\/media?parent=26872"}],"wp:term":[{"taxonomy":"product_brand","embeddable":true,"href":"https:\/\/truckned.nl\/de\/wp-json\/wp\/v2\/product_brand?post=26872"},{"taxonomy":"product_cat","embeddable":true,"href":"https:\/\/truckned.nl\/de\/wp-json\/wp\/v2\/product_cat?post=26872"},{"taxonomy":"product_tag","embeddable":true,"href":"https:\/\/truckned.nl\/de\/wp-json\/wp\/v2\/product_tag?post=26872"}],"curies":[{"name":"wp","href":"https:\/\/api.w.org\/{rel}","templated":true}]}}