{"id":26941,"date":"2022-11-04T16:33:27","date_gmt":"2022-11-04T14:33:27","guid":{"rendered":"https:\/\/truckned.nl\/?post_type=product&#038;p=26941"},"modified":"2026-01-09T11:34:23","modified_gmt":"2026-01-09T10:34:23","slug":"aeb-595-zwaailamp-blauw-24v","status":"publish","type":"product","link":"https:\/\/truckned.nl\/de\/produkt\/aeb-595-zwaailamp-blauw-24v\/","title":{"rendered":"AEB 595 Rundumleuchte BLAU - 24V"},"content":{"rendered":"<p><span style=\"color: #000000;\"><strong>AEB 595 Rundumleuchte mit blauer Kappe, 24V Betrieb.\u00a0<\/strong><\/span><\/p>\n<p><span style=\"color: #000000;\">Suchen Sie eine Rundumleuchte f\u00fcr Ihren Lkw\/Transporter? Dann ist diese blaue AEB-Rundumleuchte genau das Richtige f\u00fcr Sie. Dank ihrer hohen, leuchtend blauen Abdeckung sind Sie im Notfall besonders gut sichtbar. Die Rundumleuchte ist mit einer H1-Halogenlampe ausgestattet und eignet sich ausschlie\u00dflich f\u00fcr Fahrzeuge mit 24-V-Bordnetz.\u00a0<\/span><\/p>\n<p><span style=\"color: #000000;\">ACHTUNG! Diese Kennleuchte ist NICHT f\u00fcr den Einsatz auf \u00f6ffentlichen Stra\u00dfen geeignet.<\/span><\/p>\n<h5><span style=\"color: #000000;\"><strong>Abmessungen:<\/strong><\/span><\/h5>\n<p><span style=\"color: #000000;\">Bevor Sie eine Lampe kaufen, sollten Sie pr\u00fcfen, ob ihre Abmessungen f\u00fcr den vorgesehenen Montageort geeignet sind. Die Abmessungen der AEB-Lampe finden Sie unten. Die Abmessungen der AEB 595 Rundumleuchte mit blauer Abdeckung f\u00fcr 24-V-Betrieb sind wie folgt:<\/span><\/p>\n<ul>\n<li><span style=\"color: #000000;\">Gesamth\u00f6he: 220 mm<br \/>\n<\/span><\/li>\n<li><span style=\"color: #000000;\">Haubenh\u00f6he: 160 mm<\/span><\/li>\n<li><span style=\"color: #000000;\">Durchmesser: 160 mm<\/span><\/li>\n<\/ul>\n<h5><span style=\"color: #000000;\"><strong>Andere Modelle:<\/strong><\/span><\/h5>\n<p><span style=\"color: #000000;\">Die AEB-Signalleuchte gef\u00e4llt Ihnen, Sie m\u00f6chten aber nicht die Version mit blauem Lampenschirm? Sehen Sie sich hier die anderen Modelle an, die die belgische Marke AEB anbietet.<\/span><\/p>\n<ul>\n<li><span style=\"color: #000000;\"><a style=\"color: #000000;\" href=\"https:\/\/truckned.nl\/de\/produkt\/aeb-595-zwaailamp-helder-24v\/\"><strong>AEB-Signallampe klar<\/strong><\/a><\/span><\/li>\n<li><span style=\"color: #000000;\"><a style=\"color: #000000;\" href=\"https:\/\/truckned.nl\/de\/produkt\/aeb-595-zwaailamp-oranje-24v\/\"><strong>AEB-Signallampe orange<\/strong><\/a><\/span><\/li>\n<li><span style=\"color: #000000;\"><a style=\"color: #000000;\" href=\"https:\/\/truckned.nl\/de\/produkt\/aeb-595-zwaailamp-groen-24v\/\"><strong>AEB-Signallampe gr\u00fcn<\/strong><\/a><\/span><\/li>\n<li><span style=\"color: #000000;\"><a style=\"color: #000000;\" href=\"https:\/\/truckned.nl\/de\/produkt\/aeb-595-zwaailamp-rood-24v\/\"><strong>AEB-Signallampe rot<\/strong><\/a><\/span><\/li>\n<\/ul>\n<p><span style=\"color: #000000;\">Denken Sie immer noch, dass die AEB Rundumkennleuchte BLAU f\u00fcr den 24-Volt-Betrieb nicht das ist, was Sie suchen? Einfach weil Ihnen die Farbe oder die Spannung nicht gef\u00e4llt? Schauen Sie sich unbedingt unsere Seite an <a style=\"color: #000000;\" href=\"https:\/\/truckned.nl\/de\/produkt-kategorie\/signalering\/\" target=\"_blank\" rel=\"noopener\">Signalisierung<\/a>. M\u00f6glicherweise finden Sie hier das Lampenmodell, das Sie suchen.<\/span><\/p>","protected":false},"excerpt":{"rendered":"<p>AEB 595 zwaailamp met blauw kleurige kap, 24v gebruik.\u00a0 Ben jij op zoek naar een zwaailamp voor op je vrachtwagen\/bedrijfswagen? Dan is deze AEB Zwaailamp in de kleur Blauw wellicht iets voor jou. Deze zwaailamp is voorzien van een hoge heldere Blauwe afdekkap zodat je extra opvalt wanneer dit nodig is. Bij deze AEB Zwaailamp [&hellip;]<\/p>","protected":false},"featured_media":26942,"comment_status":"open","ping_status":"closed","template":"","meta":{"_acf_changed":false,"site-sidebar-layout":"default","site-content-layout":"default","ast-site-content-layout":"default","site-content-style":"default","site-sidebar-style":"default","ast-global-header-display":"","ast-banner-title-visibility":"","ast-main-header-display":"","ast-hfb-above-header-display":"","ast-hfb-below-header-display":"","ast-hfb-mobile-header-display":"","site-post-title":"","ast-breadcrumbs-content":"","ast-featured-img":"","footer-sml-layout":"","ast-disable-related-posts":"","theme-transparent-header-meta":"default","adv-header-id-meta":"","stick-header-meta":"","header-above-stick-meta":"","header-main-stick-meta":"","header-below-stick-meta":"","astra-migrate-meta-layouts":"set","ast-page-background-enabled":"default","ast-page-background-meta":{"desktop":{"background-color":"","background-image":"","background-repeat":"repeat","background-position":"center center","background-size":"auto","background-attachment":"scroll","background-type":"","background-media":"","overlay-type":"","overlay-color":"","overlay-opacity":"","overlay-gradient":""},"tablet":{"background-color":"","background-image":"","background-repeat":"repeat","background-position":"center center","background-size":"auto","background-attachment":"scroll","background-type":"","background-media":"","overlay-type":"","overlay-color":"","overlay-opacity":"","overlay-gradient":""},"mobile":{"background-color":"","background-image":"","background-repeat":"repeat","background-position":"center center","background-size":"auto","background-attachment":"scroll","background-type":"","background-media":"","overlay-type":"","overlay-color":"","overlay-opacity":"","overlay-gradient":""}},"ast-content-background-meta":{"desktop":{"background-color":"var(--ast-global-color-5)","background-image":"","background-repeat":"repeat","background-position":"center center","background-size":"auto","background-attachment":"scroll","background-type":"","background-media":"","overlay-type":"","overlay-color":"","overlay-opacity":"","overlay-gradient":""},"tablet":{"background-color":"var(--ast-global-color-5)","background-image":"","background-repeat":"repeat","background-position":"center center","background-size":"auto","background-attachment":"scroll","background-type":"","background-media":"","overlay-type":"","overlay-color":"","overlay-opacity":"","overlay-gradient":""},"mobile":{"background-color":"var(--ast-global-color-5)","background-image":"","background-repeat":"repeat","background-position":"center center","background-size":"auto","background-attachment":"scroll","background-type":"","background-media":"","overlay-type":"","overlay-color":"","overlay-opacity":"","overlay-gradient":""}}},"product_brand":[],"product_cat":[7904],"product_tag":[],"class_list":{"0":"post-26941","1":"product","2":"type-product","3":"status-publish","4":"has-post-thumbnail","6":"product_cat-zwaailamp","7":"pa_merkk-aeb","8":"desktop-align-left","9":"tablet-align-left","10":"mobile-align-left","12":"first","13":"instock","14":"taxable","15":"shipping-taxable","16":"purchasable","17":"product-type-simple"},"acf":[],"yoast_head":"<!-- This site is optimized with the Yoast SEO Premium plugin v26.5 (Yoast SEO v26.5) - https:\/\/yoast.com\/wordpress\/plugins\/seo\/ -->\n<title>AEB 595 zwaailamp BLAUW - Truckned - voor vrachtwagen 24V<\/title>\n<meta name=\"description\" content=\"AEB 595 zwaailamp BLAUW - geschikt voor 24V gebruik - halogeen zwaailamp voor truckshow - IP65 keurmerk - met 10 cm kabel - wisselbare lamp kap\" \/>\n<meta name=\"robots\" content=\"index, follow, max-snippet:-1, max-image-preview:large, max-video-preview:-1\" \/>\n<link rel=\"canonical\" href=\"https:\/\/truckned.nl\/de\/produkt\/aeb-595-zwaailamp-blauw-24v\/\" \/>\n<meta property=\"og:locale\" content=\"de_DE\" \/>\n<meta property=\"og:type\" content=\"article\" \/>\n<meta property=\"og:title\" content=\"AEB 595 zwaailamp BLAUW - Truckned - voor vrachtwagen 24V\" \/>\n<meta property=\"og:description\" content=\"AEB 595 zwaailamp BLAUW - geschikt voor 24V gebruik - halogeen zwaailamp voor truckshow - IP65 keurmerk - met 10 cm kabel - wisselbare lamp kap\" \/>\n<meta property=\"og:url\" content=\"https:\/\/truckned.nl\/de\/produkt\/aeb-595-zwaailamp-blauw-24v\/\" \/>\n<meta property=\"og:site_name\" content=\"Truckned\" \/>\n<meta property=\"article:publisher\" content=\"https:\/\/www.facebook.com\/truckned\/\" \/>\n<meta property=\"article:modified_time\" content=\"2026-01-09T10:34:23+00:00\" \/>\n<meta property=\"og:image\" content=\"https:\/\/truckned.nl\/wp-content\/uploads\/2024\/08\/TN-635595B.01.png\" \/>\n\t<meta property=\"og:image:width\" content=\"800\" \/>\n\t<meta property=\"og:image:height\" content=\"800\" \/>\n\t<meta property=\"og:image:type\" content=\"image\/png\" \/>\n<meta name=\"twitter:label1\" content=\"Preis\" \/>\n\t<meta name=\"twitter:data1\" content=\"&euro;59,00\" \/>\n\t<meta name=\"twitter:label2\" content=\"Verf\u00fcgbarkeit\" \/>\n\t<meta name=\"twitter:data2\" content=\"Auf Lager\" \/>\n<script type=\"application\/ld+json\" class=\"yoast-schema-graph\">{\"@context\":\"https:\/\/schema.org\",\"@graph\":[{\"@type\":[\"WebPage\",\"ItemPage\"],\"@id\":\"https:\/\/truckned.nl\/product\/aeb-595-zwaailamp-blauw-24v\/\",\"url\":\"https:\/\/truckned.nl\/product\/aeb-595-zwaailamp-blauw-24v\/\",\"name\":\"AEB 595 zwaailamp BLAUW - Truckned - voor vrachtwagen 24V\",\"isPartOf\":{\"@id\":\"https:\/\/truckned.nl\/nl\/#website\"},\"primaryImageOfPage\":{\"@id\":\"https:\/\/truckned.nl\/product\/aeb-595-zwaailamp-blauw-24v\/#primaryimage\"},\"image\":{\"@id\":\"https:\/\/truckned.nl\/product\/aeb-595-zwaailamp-blauw-24v\/#primaryimage\"},\"thumbnailUrl\":\"https:\/\/truckned.nl\/wp-content\/uploads\/2022\/11\/TN-635595B.png\",\"datePublished\":\"2022-11-04T14:33:27+00:00\",\"dateModified\":\"2026-01-09T10:34:23+00:00\",\"description\":\"AEB 595 zwaailamp BLAUW - geschikt voor 24V gebruik - halogeen zwaailamp voor truckshow - IP65 keurmerk - met 10 cm kabel - wisselbare lamp kap\",\"breadcrumb\":{\"@id\":\"https:\/\/truckned.nl\/product\/aeb-595-zwaailamp-blauw-24v\/#breadcrumb\"},\"inLanguage\":\"de\",\"potentialAction\":[{\"@type\":\"ReadAction\",\"target\":[\"https:\/\/truckned.nl\/product\/aeb-595-zwaailamp-blauw-24v\/\"]}]},{\"@type\":\"ImageObject\",\"inLanguage\":\"de\",\"@id\":\"https:\/\/truckned.nl\/product\/aeb-595-zwaailamp-blauw-24v\/#primaryimage\",\"url\":\"https:\/\/truckned.nl\/wp-content\/uploads\/2022\/11\/TN-635595B.png\",\"contentUrl\":\"https:\/\/truckned.nl\/wp-content\/uploads\/2022\/11\/TN-635595B.png\",\"width\":800,\"height\":800,\"caption\":\"AEB 595 zwaailamp met BLAUW gekleurde kap - geschikt voor 24 volt gebruik - EAN: 5414184010772\"},{\"@type\":\"BreadcrumbList\",\"@id\":\"https:\/\/truckned.nl\/product\/aeb-595-zwaailamp-blauw-24v\/#breadcrumb\",\"itemListElement\":[{\"@type\":\"ListItem\",\"position\":1,\"name\":\"Home\",\"item\":\"https:\/\/truckned.nl\/\"},{\"@type\":\"ListItem\",\"position\":2,\"name\":\"Shop\",\"item\":\"https:\/\/truckned.nl\/nl\/shop\/\"},{\"@type\":\"ListItem\",\"position\":3,\"name\":\"Signalering\",\"item\":\"https:\/\/truckned.nl\/product-categorie\/signalering\/\"},{\"@type\":\"ListItem\",\"position\":4,\"name\":\"Zwaailamp\",\"item\":\"https:\/\/truckned.nl\/product-categorie\/signalering\/zwaailamp\/\"},{\"@type\":\"ListItem\",\"position\":5,\"name\":\"AEB 595 zwaailamp BLAUW &#8211; 24V\"}]},{\"@type\":\"WebSite\",\"@id\":\"https:\/\/truckned.nl\/nl\/#website\",\"url\":\"https:\/\/truckned.nl\/nl\/\",\"name\":\"Truckned\",\"description\":\"\",\"publisher\":{\"@id\":\"https:\/\/truckned.nl\/nl\/#organization\"},\"potentialAction\":[{\"@type\":\"SearchAction\",\"target\":{\"@type\":\"EntryPoint\",\"urlTemplate\":\"https:\/\/truckned.nl\/nl\/?s={search_term_string}\"},\"query-input\":{\"@type\":\"PropertyValueSpecification\",\"valueRequired\":true,\"valueName\":\"search_term_string\"}}],\"inLanguage\":\"de\"},{\"@type\":\"Organization\",\"@id\":\"https:\/\/truckned.nl\/nl\/#organization\",\"name\":\"Truckned\",\"url\":\"https:\/\/truckned.nl\/nl\/\",\"logo\":{\"@type\":\"ImageObject\",\"inLanguage\":\"de\",\"@id\":\"https:\/\/truckned.nl\/nl\/#\/schema\/logo\/image\/\",\"url\":\"https:\/\/truckned.nl\/wp-content\/uploads\/2022\/10\/800x800-Truckned-logo-zonder-tekst-ZWART.png\",\"contentUrl\":\"https:\/\/truckned.nl\/wp-content\/uploads\/2022\/10\/800x800-Truckned-logo-zonder-tekst-ZWART.png\",\"width\":801,\"height\":801,\"caption\":\"Truckned\"},\"image\":{\"@id\":\"https:\/\/truckned.nl\/nl\/#\/schema\/logo\/image\/\"},\"sameAs\":[\"https:\/\/www.facebook.com\/truckned\/\",\"https:\/\/www.instagram.com\/truckned\/\"],\"vatID\":\"NL863960509B01\",\"taxID\":\"86417487\",\"hasMerchantReturnPolicy\":{\"@type\":\"MerchantReturnPolicy\",\"merchantReturnLink\":\"https:\/\/truckned.nl\/de\/versand-rucksendungen\/\"}}]}<\/script>\n<meta property=\"product:brand\" content=\"AEB\" \/>\n<meta property=\"product:price:amount\" content=\"59.00\" \/>\n<meta property=\"product:price:currency\" content=\"EUR\" \/>\n<meta property=\"og:availability\" content=\"instock\" \/>\n<meta property=\"product:availability\" content=\"instock\" \/>\n<meta property=\"product:retailer_item_id\" content=\"TN-635595B\" \/>\n<meta property=\"product:condition\" content=\"new\" \/>\n<!-- \/ Yoast SEO Premium plugin. -->","yoast_head_json":{"title":"AEB 595 Rundumleuchte BLAU - Truckned - f\u00fcr LKW 24V","description":"AEB 595 Rundumleuchte BLAU \u2013 geeignet f\u00fcr 24 V \u2013 Halogen-Rundumleuchte f\u00fcr LKW-Messen \u2013 Schutzart IP65 \u2013 mit 10 cm Kabel \u2013 austauschbare Lampenabdeckung","robots":{"index":"index","follow":"follow","max-snippet":"max-snippet:-1","max-image-preview":"max-image-preview:large","max-video-preview":"max-video-preview:-1"},"canonical":"https:\/\/truckned.nl\/de\/produkt\/aeb-595-zwaailamp-blauw-24v\/","og_locale":"de_DE","og_type":"article","og_title":"AEB 595 zwaailamp BLAUW - Truckned - voor vrachtwagen 24V","og_description":"AEB 595 zwaailamp BLAUW - geschikt voor 24V gebruik - halogeen zwaailamp voor truckshow - IP65 keurmerk - met 10 cm kabel - wisselbare lamp kap","og_url":"https:\/\/truckned.nl\/de\/produkt\/aeb-595-zwaailamp-blauw-24v\/","og_site_name":"Truckned","article_publisher":"https:\/\/www.facebook.com\/truckned\/","article_modified_time":"2026-01-09T10:34:23+00:00","og_image":[{"width":800,"height":800,"url":"https:\/\/truckned.nl\/wp-content\/uploads\/2024\/08\/TN-635595B.01.png","type":"image\/png"}],"twitter_misc":{"Preis":"&euro;59,00","Verf\u00fcgbarkeit":"Auf Lager"},"schema":{"@context":"https:\/\/schema.org","@graph":[{"@type":["WebPage","ItemPage"],"@id":"https:\/\/truckned.nl\/product\/aeb-595-zwaailamp-blauw-24v\/","url":"https:\/\/truckned.nl\/product\/aeb-595-zwaailamp-blauw-24v\/","name":"AEB 595 Rundumleuchte BLAU - Truckned - f\u00fcr LKW 24V","isPartOf":{"@id":"https:\/\/truckned.nl\/nl\/#website"},"primaryImageOfPage":{"@id":"https:\/\/truckned.nl\/product\/aeb-595-zwaailamp-blauw-24v\/#primaryimage"},"image":{"@id":"https:\/\/truckned.nl\/product\/aeb-595-zwaailamp-blauw-24v\/#primaryimage"},"thumbnailUrl":"https:\/\/truckned.nl\/wp-content\/uploads\/2022\/11\/TN-635595B.png","datePublished":"2022-11-04T14:33:27+00:00","dateModified":"2026-01-09T10:34:23+00:00","description":"AEB 595 Rundumleuchte BLAU \u2013 geeignet f\u00fcr 24 V \u2013 Halogen-Rundumleuchte f\u00fcr LKW-Messen \u2013 Schutzart IP65 \u2013 mit 10 cm Kabel \u2013 austauschbare Lampenabdeckung","breadcrumb":{"@id":"https:\/\/truckned.nl\/product\/aeb-595-zwaailamp-blauw-24v\/#breadcrumb"},"inLanguage":"de","potentialAction":[{"@type":"ReadAction","target":["https:\/\/truckned.nl\/product\/aeb-595-zwaailamp-blauw-24v\/"]}]},{"@type":"ImageObject","inLanguage":"de","@id":"https:\/\/truckned.nl\/product\/aeb-595-zwaailamp-blauw-24v\/#primaryimage","url":"https:\/\/truckned.nl\/wp-content\/uploads\/2022\/11\/TN-635595B.png","contentUrl":"https:\/\/truckned.nl\/wp-content\/uploads\/2022\/11\/TN-635595B.png","width":800,"height":800,"caption":"AEB 595 zwaailamp met BLAUW gekleurde kap - geschikt voor 24 volt gebruik - EAN: 5414184010772"},{"@type":"BreadcrumbList","@id":"https:\/\/truckned.nl\/product\/aeb-595-zwaailamp-blauw-24v\/#breadcrumb","itemListElement":[{"@type":"ListItem","position":1,"name":"Home","item":"https:\/\/truckned.nl\/"},{"@type":"ListItem","position":2,"name":"Shop","item":"https:\/\/truckned.nl\/nl\/shop\/"},{"@type":"ListItem","position":3,"name":"Signalering","item":"https:\/\/truckned.nl\/product-categorie\/signalering\/"},{"@type":"ListItem","position":4,"name":"Zwaailamp","item":"https:\/\/truckned.nl\/product-categorie\/signalering\/zwaailamp\/"},{"@type":"ListItem","position":5,"name":"AEB 595 zwaailamp BLAUW &#8211; 24V"}]},{"@type":"WebSite","@id":"https:\/\/truckned.nl\/nl\/#website","url":"https:\/\/truckned.nl\/nl\/","name":"Truckned","description":"","publisher":{"@id":"https:\/\/truckned.nl\/nl\/#organization"},"potentialAction":[{"@type":"SearchAction","target":{"@type":"EntryPoint","urlTemplate":"https:\/\/truckned.nl\/nl\/?s={search_term_string}"},"query-input":{"@type":"PropertyValueSpecification","valueRequired":true,"valueName":"search_term_string"}}],"inLanguage":"de"},{"@type":"Organization","@id":"https:\/\/truckned.nl\/nl\/#organization","name":"Truckned","url":"https:\/\/truckned.nl\/nl\/","logo":{"@type":"ImageObject","inLanguage":"de","@id":"https:\/\/truckned.nl\/nl\/#\/schema\/logo\/image\/","url":"https:\/\/truckned.nl\/wp-content\/uploads\/2022\/10\/800x800-Truckned-logo-zonder-tekst-ZWART.png","contentUrl":"https:\/\/truckned.nl\/wp-content\/uploads\/2022\/10\/800x800-Truckned-logo-zonder-tekst-ZWART.png","width":801,"height":801,"caption":"Truckned"},"image":{"@id":"https:\/\/truckned.nl\/nl\/#\/schema\/logo\/image\/"},"sameAs":["https:\/\/www.facebook.com\/truckned\/","https:\/\/www.instagram.com\/truckned\/"],"vatID":"NL863960509B01","taxID":"86417487","hasMerchantReturnPolicy":{"@type":"MerchantReturnPolicy","merchantReturnLink":"https:\/\/truckned.nl\/de\/versand-rucksendungen\/"}}]},"product_brand":"AEB","product_price_amount":"59.00","product_price_currency":"EUR","og_availability":"instock","product_availability":"instock","product_retailer_item_id":"TN-635595B","product_condition":"new"},"_links":{"self":[{"href":"https:\/\/truckned.nl\/de\/wp-json\/wp\/v2\/product\/26941","targetHints":{"allow":["GET"]}}],"collection":[{"href":"https:\/\/truckned.nl\/de\/wp-json\/wp\/v2\/product"}],"about":[{"href":"https:\/\/truckned.nl\/de\/wp-json\/wp\/v2\/types\/product"}],"replies":[{"embeddable":true,"href":"https:\/\/truckned.nl\/de\/wp-json\/wp\/v2\/comments?post=26941"}],"wp:featuredmedia":[{"embeddable":true,"href":"https:\/\/truckned.nl\/de\/wp-json\/wp\/v2\/media\/26942"}],"wp:attachment":[{"href":"https:\/\/truckned.nl\/de\/wp-json\/wp\/v2\/media?parent=26941"}],"wp:term":[{"taxonomy":"product_brand","embeddable":true,"href":"https:\/\/truckned.nl\/de\/wp-json\/wp\/v2\/product_brand?post=26941"},{"taxonomy":"product_cat","embeddable":true,"href":"https:\/\/truckned.nl\/de\/wp-json\/wp\/v2\/product_cat?post=26941"},{"taxonomy":"product_tag","embeddable":true,"href":"https:\/\/truckned.nl\/de\/wp-json\/wp\/v2\/product_tag?post=26941"}],"curies":[{"name":"wp","href":"https:\/\/api.w.org\/{rel}","templated":true}]}}