{"id":26958,"date":"2022-11-05T11:25:34","date_gmt":"2022-11-05T10:25:34","guid":{"rendered":"https:\/\/truckned.nl\/?post_type=product&#038;p=26958"},"modified":"2026-03-20T10:54:17","modified_gmt":"2026-03-20T09:54:17","slug":"strands-mini-led-flitser-wit","status":"publish","type":"product","link":"https:\/\/truckned.nl\/de\/produkt\/strands-mini-led-flitser-wit\/","title":{"rendered":"Strands Mini LED Blitzwei\u00df"},"content":{"rendered":"<p><span style=\"color: #000000;\"><strong>Strands Mini LED Blitz wei\u00df mit 6 LED&#039;s.\u00a0<\/strong><\/span><\/p>\n<p><span style=\"color: #000000;\">Suchen Sie einen flachen LED-Blitz mit klarem Glas, der wei\u00df leuchtet? Dann ist dieser LED-Blitz wei\u00df mit 26 verschiedenen Mustern der Marke Strands vielleicht die Lampe, die Sie suchen. Dies ist ein Blitz, den Sie problemlos an verschiedenen Orten montieren k\u00f6nnen. Die LED-Lampe ist mit 6 LEDs ausgestattet, was daf\u00fcr sorgt, dass Sie gut beleuchtet und mit geringem Stromverbrauch unterwegs sind. Der wei\u00dfe Blitz LED kann mit 12 und 24 Volt verwendet werden. Das bedeutet, dass Sie die Warnlampe LED f\u00fcr Ihr Auto, Ihren LKW, Ihren Traktor, Ihren Anh\u00e4nger oder einen anderen Fahrzeugtyp verwenden k\u00f6nnen.<\/span><\/p>\n<div class=\"truncated\">\n<p><span style=\"color: #000000;\">Um sicherzustellen, dass der Strands LED Blitz wei\u00df f\u00fcr Ihr Fahrzeug oder Ihren Anh\u00e4nger geeignet ist, haben wir im Folgenden einige Spezifikationen aufgeschrieben. All dies, um Ihnen klar zu machen, warum dies m\u00f6glicherweise die LED-Lampe ist, nach der Sie suchen. Die Warnleuchte LED verf\u00fcgt unter anderem \u00fcber das ECE-R10-G\u00fctezeichen. Das ECE-R10-G\u00fctezeichen bedeutet, dass die Lampe bei der Aktivierung keine St\u00f6rungen, beispielsweise beim Funksignal, verursacht. Dieser LED-Blitz wird mit einem 2,5 m langen Kabel geliefert. Die Lampe wird mit einer Gummiplatte zum Schutz des Lacks geliefert. Sie k\u00f6nnen diese Gummiplatte zwischen Fahrzeug und Blitz platzieren und so das Risiko von Lacksch\u00e4den verringern.<\/span><\/p>\n<\/div>\n<h5><span style=\"color: #000000;\"><strong>Abmessungen:<\/strong><\/span><\/h5>\n<p><span style=\"color: #000000;\">Die Abmessungen des Strands Mini LED Blitz WEISS 18W f\u00fcr 12 &amp; 24 Volt Nutzung sind wie folgt:\u00a0<\/span><\/p>\n<ul>\n<li><span style=\"color: #000000;\">L\u00e4nge: 128 mm<\/span><\/li>\n<li><span style=\"color: #000000;\">H\u00f6he: 28 mm<\/span><\/li>\n<li><span style=\"color: #000000;\">Dicke: 20 mm<\/span><\/li>\n<\/ul>\n<h5><span style=\"color: #000000;\"><strong>Andere Modelle:<\/strong><\/span><\/h5>\n<p><span style=\"color: #000000;\">Die Signallampe von Strands gef\u00e4llt Ihnen, Sie m\u00f6chten aber nicht die Version mit Lampenfarbe Wei\u00df? Sehen Sie sich hier die anderen Modelle an, die die schwedische Marke Strands anbietet.<\/span><\/p>\n<ul>\n<li><span style=\"color: #000000;\"><a style=\"color: #000000;\" href=\"https:\/\/truckned.nl\/de\/produkt\/strands-mini-led-flitser-oranje\/\"><strong>Miniblitz orange<\/strong><\/a><\/span><\/li>\n<\/ul>\n<p><span style=\"color: #000000;\">Glauben Sie, dass der Blitz Strands 6 LED in WEISS nicht die Lampe ist, die Sie suchen? Einfach weil Ihnen die Farbe, Form oder L\u00e4nge nicht gef\u00e4llt? Sehen Sie sich hier das komplette Sortiment an <a style=\"color: #000000;\" href=\"https:\/\/truckned.nl\/de\/produkt-kategorie\/signalering\/\">Signalisierung<\/a>.<\/span><\/p>","protected":false},"excerpt":{"rendered":"<p>Strands Mini-Blitz LED wei\u00df mit 6 LEDs. Suchen Sie einen flachen LED-Blitz mit klarem Glas, der wei\u00df leuchtet? Dann k\u00f6nnte dieser wei\u00dfe LED-Blitz mit 26 verschiedenen Mustern der Marke Strands die Taschenlampe sein, die Sie suchen. Diese Taschenlampe k\u00f6nnen Sie problemlos an verschiedenen Orten platzieren [\u2026]<\/p>","protected":false},"featured_media":26959,"comment_status":"open","ping_status":"closed","template":"","meta":{"_acf_changed":false,"site-sidebar-layout":"default","site-content-layout":"default","ast-site-content-layout":"default","site-content-style":"default","site-sidebar-style":"default","ast-global-header-display":"","ast-banner-title-visibility":"","ast-main-header-display":"","ast-hfb-above-header-display":"","ast-hfb-below-header-display":"","ast-hfb-mobile-header-display":"","site-post-title":"","ast-breadcrumbs-content":"","ast-featured-img":"","footer-sml-layout":"","ast-disable-related-posts":"","theme-transparent-header-meta":"default","adv-header-id-meta":"","stick-header-meta":"","header-above-stick-meta":"","header-main-stick-meta":"","header-below-stick-meta":"","astra-migrate-meta-layouts":"set","ast-page-background-enabled":"default","ast-page-background-meta":{"desktop":{"background-color":"","background-image":"","background-repeat":"repeat","background-position":"center center","background-size":"auto","background-attachment":"scroll","background-type":"","background-media":"","overlay-type":"","overlay-color":"","overlay-opacity":"","overlay-gradient":""},"tablet":{"background-color":"","background-image":"","background-repeat":"repeat","background-position":"center center","background-size":"auto","background-attachment":"scroll","background-type":"","background-media":"","overlay-type":"","overlay-color":"","overlay-opacity":"","overlay-gradient":""},"mobile":{"background-color":"","background-image":"","background-repeat":"repeat","background-position":"center center","background-size":"auto","background-attachment":"scroll","background-type":"","background-media":"","overlay-type":"","overlay-color":"","overlay-opacity":"","overlay-gradient":""}},"ast-content-background-meta":{"desktop":{"background-color":"var(--ast-global-color-5)","background-image":"","background-repeat":"repeat","background-position":"center center","background-size":"auto","background-attachment":"scroll","background-type":"","background-media":"","overlay-type":"","overlay-color":"","overlay-opacity":"","overlay-gradient":""},"tablet":{"background-color":"var(--ast-global-color-5)","background-image":"","background-repeat":"repeat","background-position":"center center","background-size":"auto","background-attachment":"scroll","background-type":"","background-media":"","overlay-type":"","overlay-color":"","overlay-opacity":"","overlay-gradient":""},"mobile":{"background-color":"var(--ast-global-color-5)","background-image":"","background-repeat":"repeat","background-position":"center center","background-size":"auto","background-attachment":"scroll","background-type":"","background-media":"","overlay-type":"","overlay-color":"","overlay-opacity":"","overlay-gradient":""}}},"product_brand":[],"product_cat":[7905],"product_tag":[],"class_list":{"0":"post-26958","1":"product","2":"type-product","3":"status-publish","4":"has-post-thumbnail","6":"product_cat-flitser","7":"pa_merkk-product-strands-lighting-division","8":"desktop-align-left","9":"tablet-align-left","10":"mobile-align-left","12":"first","13":"instock","14":"taxable","15":"shipping-taxable","16":"purchasable","17":"product-type-simple"},"acf":[],"yoast_head":"<!-- This site is optimized with the Yoast SEO Premium plugin v26.5 (Yoast SEO v26.5) - https:\/\/yoast.com\/wordpress\/plugins\/seo\/ -->\n<title>Strands mini LED flitser wit 18w - Truckned - voor 12 en 24 volt - 6 LED punten<\/title>\n<meta name=\"description\" content=\"Strands mini LED flitser wit 18W - LED waarschuwingslamp met 6 LED - vrachtwagen \/ trailer verlichting - voor 12&amp;24v - IP67 keurmerk - met 2.5m kabel\" \/>\n<meta name=\"robots\" content=\"index, follow, max-snippet:-1, max-image-preview:large, max-video-preview:-1\" \/>\n<link rel=\"canonical\" href=\"https:\/\/truckned.nl\/de\/produkt\/strands-mini-led-flitser-wit\/\" \/>\n<meta property=\"og:locale\" content=\"de_DE\" \/>\n<meta property=\"og:type\" content=\"article\" \/>\n<meta property=\"og:title\" content=\"Strands mini LED flitser wit 18w - Truckned - voor 12 en 24 volt - 6 LED punten\" \/>\n<meta property=\"og:description\" content=\"Strands mini LED flitser wit 18W - LED waarschuwingslamp met 6 LED - vrachtwagen \/ trailer verlichting - voor 12&amp;24v - IP67 keurmerk - met 2.5m kabel\" \/>\n<meta property=\"og:url\" content=\"https:\/\/truckned.nl\/de\/produkt\/strands-mini-led-flitser-wit\/\" \/>\n<meta property=\"og:site_name\" content=\"Truckned\" \/>\n<meta property=\"article:publisher\" content=\"https:\/\/www.facebook.com\/truckned\/\" \/>\n<meta property=\"article:modified_time\" content=\"2026-03-20T09:54:17+00:00\" \/>\n<meta property=\"og:image\" content=\"https:\/\/truckned.nl\/wp-content\/uploads\/2022\/11\/TN-850176-A-SM.png\" \/>\n\t<meta property=\"og:image:width\" content=\"800\" \/>\n\t<meta property=\"og:image:height\" content=\"800\" \/>\n\t<meta property=\"og:image:type\" content=\"image\/png\" \/>\n<meta name=\"twitter:label1\" content=\"Preis\" \/>\n\t<meta name=\"twitter:data1\" content=\"&euro;74,95\" \/>\n\t<meta name=\"twitter:label2\" content=\"Verf\u00fcgbarkeit\" \/>\n\t<meta name=\"twitter:data2\" content=\"Auf Lager\" \/>\n<script type=\"application\/ld+json\" class=\"yoast-schema-graph\">{\"@context\":\"https:\/\/schema.org\",\"@graph\":[{\"@type\":[\"WebPage\",\"ItemPage\"],\"@id\":\"https:\/\/truckned.nl\/product\/strands-mini-led-flitser-wit\/\",\"url\":\"https:\/\/truckned.nl\/product\/strands-mini-led-flitser-wit\/\",\"name\":\"Strands mini LED flitser wit 18w - Truckned - voor 12 en 24 volt - 6 LED punten\",\"isPartOf\":{\"@id\":\"https:\/\/truckned.nl\/nl\/#website\"},\"primaryImageOfPage\":{\"@id\":\"https:\/\/truckned.nl\/product\/strands-mini-led-flitser-wit\/#primaryimage\"},\"image\":{\"@id\":\"https:\/\/truckned.nl\/product\/strands-mini-led-flitser-wit\/#primaryimage\"},\"thumbnailUrl\":\"https:\/\/truckned.nl\/wp-content\/uploads\/2022\/11\/TN-585176W.png\",\"datePublished\":\"2022-11-05T10:25:34+00:00\",\"dateModified\":\"2026-03-20T09:54:17+00:00\",\"description\":\"Strands mini LED flitser wit 18W - LED waarschuwingslamp met 6 LED - vrachtwagen \/ trailer verlichting - voor 12&24v - IP67 keurmerk - met 2.5m kabel\",\"breadcrumb\":{\"@id\":\"https:\/\/truckned.nl\/product\/strands-mini-led-flitser-wit\/#breadcrumb\"},\"inLanguage\":\"de\",\"potentialAction\":[{\"@type\":\"ReadAction\",\"target\":[\"https:\/\/truckned.nl\/product\/strands-mini-led-flitser-wit\/\"]}]},{\"@type\":\"ImageObject\",\"inLanguage\":\"de\",\"@id\":\"https:\/\/truckned.nl\/product\/strands-mini-led-flitser-wit\/#primaryimage\",\"url\":\"https:\/\/truckned.nl\/wp-content\/uploads\/2022\/11\/TN-585176W.png\",\"contentUrl\":\"https:\/\/truckned.nl\/wp-content\/uploads\/2022\/11\/TN-585176W.png\",\"width\":800,\"height\":800,\"caption\":\"7323030183080\"},{\"@type\":\"BreadcrumbList\",\"@id\":\"https:\/\/truckned.nl\/product\/strands-mini-led-flitser-wit\/#breadcrumb\",\"itemListElement\":[{\"@type\":\"ListItem\",\"position\":1,\"name\":\"Home\",\"item\":\"https:\/\/truckned.nl\/\"},{\"@type\":\"ListItem\",\"position\":2,\"name\":\"Shop\",\"item\":\"https:\/\/truckned.nl\/nl\/shop\/\"},{\"@type\":\"ListItem\",\"position\":3,\"name\":\"Signalering\",\"item\":\"https:\/\/truckned.nl\/product-categorie\/signalering\/\"},{\"@type\":\"ListItem\",\"position\":4,\"name\":\"Flitser\",\"item\":\"https:\/\/truckned.nl\/product-categorie\/signalering\/flitser\/\"},{\"@type\":\"ListItem\",\"position\":5,\"name\":\"Strands mini LED flitser wit\"}]},{\"@type\":\"WebSite\",\"@id\":\"https:\/\/truckned.nl\/nl\/#website\",\"url\":\"https:\/\/truckned.nl\/nl\/\",\"name\":\"Truckned\",\"description\":\"\",\"publisher\":{\"@id\":\"https:\/\/truckned.nl\/nl\/#organization\"},\"potentialAction\":[{\"@type\":\"SearchAction\",\"target\":{\"@type\":\"EntryPoint\",\"urlTemplate\":\"https:\/\/truckned.nl\/nl\/?s={search_term_string}\"},\"query-input\":{\"@type\":\"PropertyValueSpecification\",\"valueRequired\":true,\"valueName\":\"search_term_string\"}}],\"inLanguage\":\"de\"},{\"@type\":\"Organization\",\"@id\":\"https:\/\/truckned.nl\/nl\/#organization\",\"name\":\"Truckned\",\"url\":\"https:\/\/truckned.nl\/nl\/\",\"logo\":{\"@type\":\"ImageObject\",\"inLanguage\":\"de\",\"@id\":\"https:\/\/truckned.nl\/nl\/#\/schema\/logo\/image\/\",\"url\":\"https:\/\/truckned.nl\/wp-content\/uploads\/2022\/10\/800x800-Truckned-logo-zonder-tekst-ZWART.png\",\"contentUrl\":\"https:\/\/truckned.nl\/wp-content\/uploads\/2022\/10\/800x800-Truckned-logo-zonder-tekst-ZWART.png\",\"width\":801,\"height\":801,\"caption\":\"Truckned\"},\"image\":{\"@id\":\"https:\/\/truckned.nl\/nl\/#\/schema\/logo\/image\/\"},\"sameAs\":[\"https:\/\/www.facebook.com\/truckned\/\",\"https:\/\/www.instagram.com\/truckned\/\"],\"vatID\":\"NL863960509B01\",\"taxID\":\"86417487\",\"hasMerchantReturnPolicy\":{\"@type\":\"MerchantReturnPolicy\",\"merchantReturnLink\":\"https:\/\/truckned.nl\/de\/versand-rucksendungen\/\"}}]}<\/script>\n<meta property=\"product:brand\" content=\"Strands\" \/>\n<meta property=\"product:price:amount\" content=\"74.95\" \/>\n<meta property=\"product:price:currency\" content=\"EUR\" \/>\n<meta property=\"og:availability\" content=\"instock\" \/>\n<meta property=\"product:availability\" content=\"instock\" \/>\n<meta property=\"product:retailer_item_id\" content=\"TN-850176-W\" \/>\n<meta property=\"product:condition\" content=\"new\" \/>\n<!-- \/ Yoast SEO Premium plugin. -->","yoast_head_json":{"title":"Strands Mini LED Blitz wei\u00df 18 W - Truckned - f\u00fcr 12 und 24 Volt - 6 LED Kontakte","description":"Strands Mini LED Blitz wei\u00df 18W - LED Warnlampe mit 6 LED - LKW-\/Anh\u00e4ngerbeleuchtung - f\u00fcr 12&amp;24v - IP67-G\u00fctezeichen - mit 2,5m Kabel","robots":{"index":"index","follow":"follow","max-snippet":"max-snippet:-1","max-image-preview":"max-image-preview:large","max-video-preview":"max-video-preview:-1"},"canonical":"https:\/\/truckned.nl\/de\/produkt\/strands-mini-led-flitser-wit\/","og_locale":"de_DE","og_type":"article","og_title":"Strands mini LED flitser wit 18w - Truckned - voor 12 en 24 volt - 6 LED punten","og_description":"Strands mini LED flitser wit 18W - LED waarschuwingslamp met 6 LED - vrachtwagen \/ trailer verlichting - voor 12&24v - IP67 keurmerk - met 2.5m kabel","og_url":"https:\/\/truckned.nl\/de\/produkt\/strands-mini-led-flitser-wit\/","og_site_name":"Truckned","article_publisher":"https:\/\/www.facebook.com\/truckned\/","article_modified_time":"2026-03-20T09:54:17+00:00","og_image":[{"width":800,"height":800,"url":"https:\/\/truckned.nl\/wp-content\/uploads\/2022\/11\/TN-850176-A-SM.png","type":"image\/png"}],"twitter_misc":{"Preis":"&euro;74,95","Verf\u00fcgbarkeit":"Auf Lager"},"schema":{"@context":"https:\/\/schema.org","@graph":[{"@type":["WebPage","ItemPage"],"@id":"https:\/\/truckned.nl\/product\/strands-mini-led-flitser-wit\/","url":"https:\/\/truckned.nl\/product\/strands-mini-led-flitser-wit\/","name":"Strands Mini LED Blitz wei\u00df 18 W - Truckned - f\u00fcr 12 und 24 Volt - 6 LED Kontakte","isPartOf":{"@id":"https:\/\/truckned.nl\/nl\/#website"},"primaryImageOfPage":{"@id":"https:\/\/truckned.nl\/product\/strands-mini-led-flitser-wit\/#primaryimage"},"image":{"@id":"https:\/\/truckned.nl\/product\/strands-mini-led-flitser-wit\/#primaryimage"},"thumbnailUrl":"https:\/\/truckned.nl\/wp-content\/uploads\/2022\/11\/TN-585176W.png","datePublished":"2022-11-05T10:25:34+00:00","dateModified":"2026-03-20T09:54:17+00:00","description":"Strands Mini LED Blitz wei\u00df 18W - LED Warnlampe mit 6 LED - LKW-\/Anh\u00e4ngerbeleuchtung - f\u00fcr 12&amp;24v - IP67-G\u00fctezeichen - mit 2,5m Kabel","breadcrumb":{"@id":"https:\/\/truckned.nl\/product\/strands-mini-led-flitser-wit\/#breadcrumb"},"inLanguage":"de","potentialAction":[{"@type":"ReadAction","target":["https:\/\/truckned.nl\/product\/strands-mini-led-flitser-wit\/"]}]},{"@type":"ImageObject","inLanguage":"de","@id":"https:\/\/truckned.nl\/product\/strands-mini-led-flitser-wit\/#primaryimage","url":"https:\/\/truckned.nl\/wp-content\/uploads\/2022\/11\/TN-585176W.png","contentUrl":"https:\/\/truckned.nl\/wp-content\/uploads\/2022\/11\/TN-585176W.png","width":800,"height":800,"caption":"7323030183080"},{"@type":"BreadcrumbList","@id":"https:\/\/truckned.nl\/product\/strands-mini-led-flitser-wit\/#breadcrumb","itemListElement":[{"@type":"ListItem","position":1,"name":"Home","item":"https:\/\/truckned.nl\/"},{"@type":"ListItem","position":2,"name":"Shop","item":"https:\/\/truckned.nl\/nl\/shop\/"},{"@type":"ListItem","position":3,"name":"Signalering","item":"https:\/\/truckned.nl\/product-categorie\/signalering\/"},{"@type":"ListItem","position":4,"name":"Flitser","item":"https:\/\/truckned.nl\/product-categorie\/signalering\/flitser\/"},{"@type":"ListItem","position":5,"name":"Strands mini LED flitser wit"}]},{"@type":"WebSite","@id":"https:\/\/truckned.nl\/nl\/#website","url":"https:\/\/truckned.nl\/nl\/","name":"Truckned","description":"","publisher":{"@id":"https:\/\/truckned.nl\/nl\/#organization"},"potentialAction":[{"@type":"SearchAction","target":{"@type":"EntryPoint","urlTemplate":"https:\/\/truckned.nl\/nl\/?s={search_term_string}"},"query-input":{"@type":"PropertyValueSpecification","valueRequired":true,"valueName":"search_term_string"}}],"inLanguage":"de"},{"@type":"Organization","@id":"https:\/\/truckned.nl\/nl\/#organization","name":"Truckned","url":"https:\/\/truckned.nl\/nl\/","logo":{"@type":"ImageObject","inLanguage":"de","@id":"https:\/\/truckned.nl\/nl\/#\/schema\/logo\/image\/","url":"https:\/\/truckned.nl\/wp-content\/uploads\/2022\/10\/800x800-Truckned-logo-zonder-tekst-ZWART.png","contentUrl":"https:\/\/truckned.nl\/wp-content\/uploads\/2022\/10\/800x800-Truckned-logo-zonder-tekst-ZWART.png","width":801,"height":801,"caption":"Truckned"},"image":{"@id":"https:\/\/truckned.nl\/nl\/#\/schema\/logo\/image\/"},"sameAs":["https:\/\/www.facebook.com\/truckned\/","https:\/\/www.instagram.com\/truckned\/"],"vatID":"NL863960509B01","taxID":"86417487","hasMerchantReturnPolicy":{"@type":"MerchantReturnPolicy","merchantReturnLink":"https:\/\/truckned.nl\/de\/versand-rucksendungen\/"}}]},"product_brand":"Strands","product_price_amount":"74.95","product_price_currency":"EUR","og_availability":"instock","product_availability":"instock","product_retailer_item_id":"TN-850176-W","product_condition":"new"},"_links":{"self":[{"href":"https:\/\/truckned.nl\/de\/wp-json\/wp\/v2\/product\/26958","targetHints":{"allow":["GET"]}}],"collection":[{"href":"https:\/\/truckned.nl\/de\/wp-json\/wp\/v2\/product"}],"about":[{"href":"https:\/\/truckned.nl\/de\/wp-json\/wp\/v2\/types\/product"}],"replies":[{"embeddable":true,"href":"https:\/\/truckned.nl\/de\/wp-json\/wp\/v2\/comments?post=26958"}],"wp:featuredmedia":[{"embeddable":true,"href":"https:\/\/truckned.nl\/de\/wp-json\/wp\/v2\/media\/26959"}],"wp:attachment":[{"href":"https:\/\/truckned.nl\/de\/wp-json\/wp\/v2\/media?parent=26958"}],"wp:term":[{"taxonomy":"product_brand","embeddable":true,"href":"https:\/\/truckned.nl\/de\/wp-json\/wp\/v2\/product_brand?post=26958"},{"taxonomy":"product_cat","embeddable":true,"href":"https:\/\/truckned.nl\/de\/wp-json\/wp\/v2\/product_cat?post=26958"},{"taxonomy":"product_tag","embeddable":true,"href":"https:\/\/truckned.nl\/de\/wp-json\/wp\/v2\/product_tag?post=26958"}],"curies":[{"name":"wp","href":"https:\/\/api.w.org\/{rel}","templated":true}]}}