{"id":27148,"date":"2022-12-06T18:50:54","date_gmt":"2022-12-06T16:50:54","guid":{"rendered":"https:\/\/truckned.nl\/?post_type=product&#038;p=27148"},"modified":"2026-04-07T08:53:42","modified_gmt":"2026-04-07T06:53:42","slug":"dubbelbrander-oranje-glas","status":"publish","type":"product","link":"https:\/\/truckned.nl\/de\/produkt\/dubbelbrander-oranje-glas\/","title":{"rendered":"Doppelbrenner orange"},"content":{"rendered":"<p><span style=\"color: #000000;\"><strong>Doppelbrenner mit orangefarbenem Glas, f\u00fcr 12 und 24 Volt.<\/strong><\/span><\/p>\n<p><span style=\"color: #000000;\">Suchen Sie einen guten Doppelbrenner mit orangefarbenem Glas? Dann k\u00f6nnte dies der Doppelbrenner sein, den Sie suchen. Der Doppelbrenner besteht aus hochwertigem Material und ist daf\u00fcr bekannt, dass er nicht so schnell seine Farbe verliert. Der Doppelbrenner mit orangefarbener Linse und Gummioberfl\u00e4che kann mit 12 und 24 Volt betrieben werden. Das bedeutet, dass Sie die Lampe beispielsweise an einem Auto, Wohnmobil, LKW oder einem anderen Fahrzeugtyp montieren k\u00f6nnen.<\/span><\/p>\n<div class=\"truncated\">\n<p><span style=\"color: #000000;\">Damit der Doppelbrenner mit orangefarbenem Glas f\u00fcr Ihr Fahrzeug oder Ihren Anh\u00e4nger geeignet ist. Nachfolgend haben wir einige Punkte aufgeschrieben. All dies, um Ihnen klar zu machen, warum dies m\u00f6glicherweise die Lampe ist, nach der Sie suchen. Der Doppelbrenner mit doppelter BA15S-Fassung wird ohne Kabel und Leuchtmittel geliefert. Wenn Sie den Doppelbrenner mit einer Halogenlampe ausstatten m\u00f6chten, achten Sie darauf, dass dieser maximal eine R5W-Lampe enth\u00e4lt. Dadurch soll verhindert werden, dass das Glas zu hei\u00df wird und sich dadurch verformt. Wenn Sie eine LED-Lampe installieren m\u00f6chten, gilt dies nicht.<\/span><\/p>\n<\/div>\n<h5><span style=\"color: #000000;\"><strong>Abmessungen:<\/strong><\/span><\/h5>\n<p><span style=\"color: #000000;\">Um sicherzustellen, dass Sie den Doppelbrenner dort montieren k\u00f6nnen, wo Sie m\u00f6chten, haben wir unten die Ma\u00dfe notiert. Die Abmessungen des Doppelbrenners mit orangefarbenem Lampenglas sind wie folgt:\u00a0<\/span><\/p>\n<ul>\n<li><span style=\"color: #000000;\">H\u00f6he: 60mm<\/span><\/li>\n<li><span style=\"color: #000000;\">Breite: 130 mm<\/span><\/li>\n<li><span style=\"color: #000000;\">Tiefe: 40 mm<\/span><\/li>\n<\/ul>\n<h5><span style=\"color: #000000;\"><strong>Andere Farben:<\/strong><\/span><\/h5>\n<p><span style=\"color: #000000;\">Der Doppelbrenner gef\u00e4llt Ihnen, aber Sie m\u00f6chten kein orangefarbenes Lampenglas? Sehen Sie sich die anderen Versionen hier an.<\/span><\/p>\n<ul>\n<li><span style=\"color: #000000;\"><a style=\"color: #000000;\" href=\"https:\/\/truckned.nl\/de\/produkt\/dubbelbrander-met-helder-rood-glas\/\"><strong>Doppelbrenner klar\/rot<\/strong><\/a><\/span><\/li>\n<li><span style=\"color: #000000;\"><strong><a style=\"color: #000000;\" href=\"https:\/\/truckned.nl\/de\/produkt\/dubbelbrander-met-oranje-rood-glas\/\">Doppelbrenner orange\/rot<\/a>\u00a0<\/strong><\/span><\/li>\n<li><span style=\"color: #000000;\"><a style=\"color: #000000;\" href=\"https:\/\/truckned.nl\/de\/produkt\/dubbelbrander-helder-glas\/\"><strong>Doppelbrenner klar\u00a0<\/strong><\/a><\/span><\/li>\n<li><span style=\"color: #000000;\"><a style=\"color: #000000;\" href=\"https:\/\/truckned.nl\/de\/produkt\/dubbelbrander-met-rood-glas\/\"><strong>Doppelbrenner rot\u00a0<\/strong><\/a><\/span><\/li>\n<\/ul>\n<p><span style=\"color: #000000;\">Denken Sie immer noch, dass der SM100 Doppelbrenner Orange nicht das ist, was Sie suchen? Einfach weil Ihnen die Form oder Farbe nicht gef\u00e4llt? Schauen Sie sich unbedingt unsere Seite an\u00a0<a style=\"color: #000000;\" href=\"https:\/\/truckned.nl\/de\/produkt-kategorie\/dubbelbranders\/\">Doppelbrenner<\/a>. M\u00f6glicherweise finden Sie hier das Lampenmodell, das Sie suchen.<\/span><\/p>","protected":false},"excerpt":{"rendered":"<p>Doppelbrenner mit orangefarbenem Glas, f\u00fcr 12 &amp; 24 Volt. Suchen Sie einen guten Doppelbrenner mit orangefarbenem Glas? Dann k\u00f6nnte dieser genau das Richtige f\u00fcr Sie sein. Dieser Doppelbrenner ist aus hochwertigem Material gefertigt und zeichnet sich durch seine langlebige Farbe aus. Der Doppelbrenner mit orangefarbener Linse und Gummibeschichtung [\u2026]<\/p>","protected":false},"featured_media":27185,"comment_status":"open","ping_status":"closed","template":"","meta":{"_acf_changed":false,"site-sidebar-layout":"default","site-content-layout":"default","ast-site-content-layout":"default","site-content-style":"default","site-sidebar-style":"default","ast-global-header-display":"","ast-banner-title-visibility":"","ast-main-header-display":"","ast-hfb-above-header-display":"","ast-hfb-below-header-display":"","ast-hfb-mobile-header-display":"","site-post-title":"","ast-breadcrumbs-content":"","ast-featured-img":"","footer-sml-layout":"","ast-disable-related-posts":"","theme-transparent-header-meta":"default","adv-header-id-meta":"","stick-header-meta":"","header-above-stick-meta":"","header-main-stick-meta":"","header-below-stick-meta":"","astra-migrate-meta-layouts":"set","ast-page-background-enabled":"default","ast-page-background-meta":{"desktop":{"background-color":"","background-image":"","background-repeat":"repeat","background-position":"center center","background-size":"auto","background-attachment":"scroll","background-type":"","background-media":"","overlay-type":"","overlay-color":"","overlay-opacity":"","overlay-gradient":""},"tablet":{"background-color":"","background-image":"","background-repeat":"repeat","background-position":"center center","background-size":"auto","background-attachment":"scroll","background-type":"","background-media":"","overlay-type":"","overlay-color":"","overlay-opacity":"","overlay-gradient":""},"mobile":{"background-color":"","background-image":"","background-repeat":"repeat","background-position":"center center","background-size":"auto","background-attachment":"scroll","background-type":"","background-media":"","overlay-type":"","overlay-color":"","overlay-opacity":"","overlay-gradient":""}},"ast-content-background-meta":{"desktop":{"background-color":"var(--ast-global-color-5)","background-image":"","background-repeat":"repeat","background-position":"center center","background-size":"auto","background-attachment":"scroll","background-type":"","background-media":"","overlay-type":"","overlay-color":"","overlay-opacity":"","overlay-gradient":""},"tablet":{"background-color":"var(--ast-global-color-5)","background-image":"","background-repeat":"repeat","background-position":"center center","background-size":"auto","background-attachment":"scroll","background-type":"","background-media":"","overlay-type":"","overlay-color":"","overlay-opacity":"","overlay-gradient":""},"mobile":{"background-color":"var(--ast-global-color-5)","background-image":"","background-repeat":"repeat","background-position":"center center","background-size":"auto","background-attachment":"scroll","background-type":"","background-media":"","overlay-type":"","overlay-color":"","overlay-opacity":"","overlay-gradient":""}}},"product_brand":[],"product_cat":[7207],"product_tag":[6388],"class_list":{"0":"post-27148","1":"product","2":"type-product","3":"status-publish","4":"has-post-thumbnail","6":"product_cat-verlichting-dubbelbranders","7":"product_tag-sale","8":"pa_merkk-product-nedking","9":"desktop-align-left","10":"tablet-align-left","11":"mobile-align-left","13":"first","14":"instock","15":"sale","16":"taxable","17":"shipping-taxable","18":"purchasable","19":"product-type-simple"},"acf":[],"yoast_head":"<!-- This site is optimized with the Yoast SEO Premium plugin v26.5 (Yoast SEO v26.5) - https:\/\/yoast.com\/wordpress\/plugins\/seo\/ -->\n<title>Dubbelbrander oranje glas - Truckned - voor vrachtwagen en meer<\/title>\n<meta name=\"description\" content=\"Dubbelbrander oranje glas - met dubbele BA15S lampfitting - met rubber plaatje - met bevestigingsmateriaal - voor vrachtwagen, bestelwagen en meer\" \/>\n<meta name=\"robots\" content=\"index, follow, max-snippet:-1, max-image-preview:large, max-video-preview:-1\" \/>\n<link rel=\"canonical\" href=\"https:\/\/truckned.nl\/de\/produkt\/dubbelbrander-oranje-glas\/\" \/>\n<meta property=\"og:locale\" content=\"de_DE\" \/>\n<meta property=\"og:type\" content=\"article\" \/>\n<meta property=\"og:title\" content=\"Dubbelbrander oranje glas - Truckned - voor vrachtwagen en meer\" \/>\n<meta property=\"og:description\" content=\"Dubbelbrander oranje glas - met dubbele BA15S lampfitting - met rubber plaatje - met bevestigingsmateriaal - voor vrachtwagen, bestelwagen en meer\" \/>\n<meta property=\"og:url\" content=\"https:\/\/truckned.nl\/de\/produkt\/dubbelbrander-oranje-glas\/\" \/>\n<meta property=\"og:site_name\" content=\"Truckned\" \/>\n<meta property=\"article:publisher\" content=\"https:\/\/www.facebook.com\/truckned\/\" \/>\n<meta property=\"article:modified_time\" content=\"2026-04-07T06:53:42+00:00\" \/>\n<meta property=\"og:image\" content=\"https:\/\/truckned.nl\/wp-content\/uploads\/2023\/12\/TN-350274-SM.png\" \/>\n\t<meta property=\"og:image:width\" content=\"800\" \/>\n\t<meta property=\"og:image:height\" content=\"800\" \/>\n\t<meta property=\"og:image:type\" content=\"image\/png\" \/>\n<meta name=\"twitter:label1\" content=\"Preis\" \/>\n\t<meta name=\"twitter:data1\" content=\"&euro;11,65\" \/>\n\t<meta name=\"twitter:label2\" content=\"Verf\u00fcgbarkeit\" \/>\n\t<meta name=\"twitter:data2\" content=\"Auf Lager\" \/>\n<script type=\"application\/ld+json\" class=\"yoast-schema-graph\">{\"@context\":\"https:\/\/schema.org\",\"@graph\":[{\"@type\":[\"WebPage\",\"ItemPage\"],\"@id\":\"https:\/\/truckned.nl\/product\/dubbelbrander-oranje-glas\/\",\"url\":\"https:\/\/truckned.nl\/product\/dubbelbrander-oranje-glas\/\",\"name\":\"Dubbelbrander oranje glas - Truckned - voor vrachtwagen en meer\",\"isPartOf\":{\"@id\":\"https:\/\/truckned.nl\/nl\/#website\"},\"primaryImageOfPage\":{\"@id\":\"https:\/\/truckned.nl\/product\/dubbelbrander-oranje-glas\/#primaryimage\"},\"image\":{\"@id\":\"https:\/\/truckned.nl\/product\/dubbelbrander-oranje-glas\/#primaryimage\"},\"thumbnailUrl\":\"https:\/\/truckned.nl\/wp-content\/uploads\/2022\/12\/TN-350274.png\",\"datePublished\":\"2022-12-06T16:50:54+00:00\",\"dateModified\":\"2026-04-07T06:53:42+00:00\",\"description\":\"Dubbelbrander oranje glas - met dubbele BA15S lampfitting - met rubber plaatje - met bevestigingsmateriaal - voor vrachtwagen, bestelwagen en meer\",\"breadcrumb\":{\"@id\":\"https:\/\/truckned.nl\/product\/dubbelbrander-oranje-glas\/#breadcrumb\"},\"inLanguage\":\"de\",\"potentialAction\":[{\"@type\":\"ReadAction\",\"target\":[\"https:\/\/truckned.nl\/product\/dubbelbrander-oranje-glas\/\"]}]},{\"@type\":\"ImageObject\",\"inLanguage\":\"de\",\"@id\":\"https:\/\/truckned.nl\/product\/dubbelbrander-oranje-glas\/#primaryimage\",\"url\":\"https:\/\/truckned.nl\/wp-content\/uploads\/2022\/12\/TN-350274.png\",\"contentUrl\":\"https:\/\/truckned.nl\/wp-content\/uploads\/2022\/12\/TN-350274.png\",\"width\":800,\"height\":800,\"caption\":\"Dubbelbrander met oranje lens - EAN: 6090441519531\"},{\"@type\":\"BreadcrumbList\",\"@id\":\"https:\/\/truckned.nl\/product\/dubbelbrander-oranje-glas\/#breadcrumb\",\"itemListElement\":[{\"@type\":\"ListItem\",\"position\":1,\"name\":\"Home\",\"item\":\"https:\/\/truckned.nl\/\"},{\"@type\":\"ListItem\",\"position\":2,\"name\":\"Shop\",\"item\":\"https:\/\/truckned.nl\/nl\/shop\/\"},{\"@type\":\"ListItem\",\"position\":3,\"name\":\"Verlichting\",\"item\":\"https:\/\/truckned.nl\/de\/produkt-kategorie\/verlichting\/\"},{\"@type\":\"ListItem\",\"position\":4,\"name\":\"Dubbelbranders\",\"item\":\"https:\/\/truckned.nl\/product-categorie\/verlichting\/verlichting-dubbelbranders\/\"},{\"@type\":\"ListItem\",\"position\":5,\"name\":\"Dubbelbrander oranje\"}]},{\"@type\":\"WebSite\",\"@id\":\"https:\/\/truckned.nl\/nl\/#website\",\"url\":\"https:\/\/truckned.nl\/nl\/\",\"name\":\"Truckned\",\"description\":\"\",\"publisher\":{\"@id\":\"https:\/\/truckned.nl\/nl\/#organization\"},\"potentialAction\":[{\"@type\":\"SearchAction\",\"target\":{\"@type\":\"EntryPoint\",\"urlTemplate\":\"https:\/\/truckned.nl\/nl\/?s={search_term_string}\"},\"query-input\":{\"@type\":\"PropertyValueSpecification\",\"valueRequired\":true,\"valueName\":\"search_term_string\"}}],\"inLanguage\":\"de\"},{\"@type\":\"Organization\",\"@id\":\"https:\/\/truckned.nl\/nl\/#organization\",\"name\":\"Truckned\",\"url\":\"https:\/\/truckned.nl\/nl\/\",\"logo\":{\"@type\":\"ImageObject\",\"inLanguage\":\"de\",\"@id\":\"https:\/\/truckned.nl\/nl\/#\/schema\/logo\/image\/\",\"url\":\"https:\/\/truckned.nl\/wp-content\/uploads\/2022\/10\/800x800-Truckned-logo-zonder-tekst-ZWART.png\",\"contentUrl\":\"https:\/\/truckned.nl\/wp-content\/uploads\/2022\/10\/800x800-Truckned-logo-zonder-tekst-ZWART.png\",\"width\":801,\"height\":801,\"caption\":\"Truckned\"},\"image\":{\"@id\":\"https:\/\/truckned.nl\/nl\/#\/schema\/logo\/image\/\"},\"sameAs\":[\"https:\/\/www.facebook.com\/truckned\/\",\"https:\/\/www.instagram.com\/truckned\/\"],\"vatID\":\"NL863960509B01\",\"taxID\":\"86417487\",\"hasMerchantReturnPolicy\":{\"@type\":\"MerchantReturnPolicy\",\"merchantReturnLink\":\"https:\/\/truckned.nl\/de\/versand-rucksendungen\/\"}}]}<\/script>\n<meta property=\"product:brand\" content=\"Nedking\" \/>\n<meta property=\"product:price:amount\" content=\"11.65\" \/>\n<meta property=\"product:price:currency\" content=\"EUR\" \/>\n<meta property=\"og:availability\" content=\"instock\" \/>\n<meta property=\"product:availability\" content=\"instock\" \/>\n<meta property=\"product:retailer_item_id\" content=\"TN-350274\" \/>\n<meta property=\"product:condition\" content=\"new\" \/>\n<!-- \/ Yoast SEO Premium plugin. -->","yoast_head_json":{"title":"Doppelbrenner orangefarbenes Glas - Truckned - f\u00fcr LKW und mehr","description":"Doppelbrenner orange Glas - mit doppelter BA15S Lampenfassung - mit Gummiplatte - mit Montagematerial - f\u00fcr LKW, Transporter und mehr","robots":{"index":"index","follow":"follow","max-snippet":"max-snippet:-1","max-image-preview":"max-image-preview:large","max-video-preview":"max-video-preview:-1"},"canonical":"https:\/\/truckned.nl\/de\/produkt\/dubbelbrander-oranje-glas\/","og_locale":"de_DE","og_type":"article","og_title":"Dubbelbrander oranje glas - Truckned - voor vrachtwagen en meer","og_description":"Dubbelbrander oranje glas - met dubbele BA15S lampfitting - met rubber plaatje - met bevestigingsmateriaal - voor vrachtwagen, bestelwagen en meer","og_url":"https:\/\/truckned.nl\/de\/produkt\/dubbelbrander-oranje-glas\/","og_site_name":"Truckned","article_publisher":"https:\/\/www.facebook.com\/truckned\/","article_modified_time":"2026-04-07T06:53:42+00:00","og_image":[{"width":800,"height":800,"url":"https:\/\/truckned.nl\/wp-content\/uploads\/2023\/12\/TN-350274-SM.png","type":"image\/png"}],"twitter_misc":{"Preis":"&euro;11,65","Verf\u00fcgbarkeit":"Auf Lager"},"schema":{"@context":"https:\/\/schema.org","@graph":[{"@type":["WebPage","ItemPage"],"@id":"https:\/\/truckned.nl\/product\/dubbelbrander-oranje-glas\/","url":"https:\/\/truckned.nl\/product\/dubbelbrander-oranje-glas\/","name":"Doppelbrenner orangefarbenes Glas - Truckned - f\u00fcr LKW und mehr","isPartOf":{"@id":"https:\/\/truckned.nl\/nl\/#website"},"primaryImageOfPage":{"@id":"https:\/\/truckned.nl\/product\/dubbelbrander-oranje-glas\/#primaryimage"},"image":{"@id":"https:\/\/truckned.nl\/product\/dubbelbrander-oranje-glas\/#primaryimage"},"thumbnailUrl":"https:\/\/truckned.nl\/wp-content\/uploads\/2022\/12\/TN-350274.png","datePublished":"2022-12-06T16:50:54+00:00","dateModified":"2026-04-07T06:53:42+00:00","description":"Doppelbrenner orange Glas - mit doppelter BA15S Lampenfassung - mit Gummiplatte - mit Montagematerial - f\u00fcr LKW, Transporter und mehr","breadcrumb":{"@id":"https:\/\/truckned.nl\/product\/dubbelbrander-oranje-glas\/#breadcrumb"},"inLanguage":"de","potentialAction":[{"@type":"ReadAction","target":["https:\/\/truckned.nl\/product\/dubbelbrander-oranje-glas\/"]}]},{"@type":"ImageObject","inLanguage":"de","@id":"https:\/\/truckned.nl\/product\/dubbelbrander-oranje-glas\/#primaryimage","url":"https:\/\/truckned.nl\/wp-content\/uploads\/2022\/12\/TN-350274.png","contentUrl":"https:\/\/truckned.nl\/wp-content\/uploads\/2022\/12\/TN-350274.png","width":800,"height":800,"caption":"Dubbelbrander met oranje lens - EAN: 6090441519531"},{"@type":"BreadcrumbList","@id":"https:\/\/truckned.nl\/product\/dubbelbrander-oranje-glas\/#breadcrumb","itemListElement":[{"@type":"ListItem","position":1,"name":"Home","item":"https:\/\/truckned.nl\/"},{"@type":"ListItem","position":2,"name":"Shop","item":"https:\/\/truckned.nl\/nl\/shop\/"},{"@type":"ListItem","position":3,"name":"Verlichting","item":"https:\/\/truckned.nl\/de\/produkt-kategorie\/verlichting\/"},{"@type":"ListItem","position":4,"name":"Dubbelbranders","item":"https:\/\/truckned.nl\/product-categorie\/verlichting\/verlichting-dubbelbranders\/"},{"@type":"ListItem","position":5,"name":"Dubbelbrander oranje"}]},{"@type":"WebSite","@id":"https:\/\/truckned.nl\/nl\/#website","url":"https:\/\/truckned.nl\/nl\/","name":"Truckned","description":"","publisher":{"@id":"https:\/\/truckned.nl\/nl\/#organization"},"potentialAction":[{"@type":"SearchAction","target":{"@type":"EntryPoint","urlTemplate":"https:\/\/truckned.nl\/nl\/?s={search_term_string}"},"query-input":{"@type":"PropertyValueSpecification","valueRequired":true,"valueName":"search_term_string"}}],"inLanguage":"de"},{"@type":"Organization","@id":"https:\/\/truckned.nl\/nl\/#organization","name":"Truckned","url":"https:\/\/truckned.nl\/nl\/","logo":{"@type":"ImageObject","inLanguage":"de","@id":"https:\/\/truckned.nl\/nl\/#\/schema\/logo\/image\/","url":"https:\/\/truckned.nl\/wp-content\/uploads\/2022\/10\/800x800-Truckned-logo-zonder-tekst-ZWART.png","contentUrl":"https:\/\/truckned.nl\/wp-content\/uploads\/2022\/10\/800x800-Truckned-logo-zonder-tekst-ZWART.png","width":801,"height":801,"caption":"Truckned"},"image":{"@id":"https:\/\/truckned.nl\/nl\/#\/schema\/logo\/image\/"},"sameAs":["https:\/\/www.facebook.com\/truckned\/","https:\/\/www.instagram.com\/truckned\/"],"vatID":"NL863960509B01","taxID":"86417487","hasMerchantReturnPolicy":{"@type":"MerchantReturnPolicy","merchantReturnLink":"https:\/\/truckned.nl\/de\/versand-rucksendungen\/"}}]},"product_brand":"Nedking","product_price_amount":"11.65","product_price_currency":"EUR","og_availability":"instock","product_availability":"instock","product_retailer_item_id":"TN-350274","product_condition":"new"},"_links":{"self":[{"href":"https:\/\/truckned.nl\/de\/wp-json\/wp\/v2\/product\/27148","targetHints":{"allow":["GET"]}}],"collection":[{"href":"https:\/\/truckned.nl\/de\/wp-json\/wp\/v2\/product"}],"about":[{"href":"https:\/\/truckned.nl\/de\/wp-json\/wp\/v2\/types\/product"}],"replies":[{"embeddable":true,"href":"https:\/\/truckned.nl\/de\/wp-json\/wp\/v2\/comments?post=27148"}],"wp:featuredmedia":[{"embeddable":true,"href":"https:\/\/truckned.nl\/de\/wp-json\/wp\/v2\/media\/27185"}],"wp:attachment":[{"href":"https:\/\/truckned.nl\/de\/wp-json\/wp\/v2\/media?parent=27148"}],"wp:term":[{"taxonomy":"product_brand","embeddable":true,"href":"https:\/\/truckned.nl\/de\/wp-json\/wp\/v2\/product_brand?post=27148"},{"taxonomy":"product_cat","embeddable":true,"href":"https:\/\/truckned.nl\/de\/wp-json\/wp\/v2\/product_cat?post=27148"},{"taxonomy":"product_tag","embeddable":true,"href":"https:\/\/truckned.nl\/de\/wp-json\/wp\/v2\/product_tag?post=27148"}],"curies":[{"name":"wp","href":"https:\/\/api.w.org\/{rel}","templated":true}]}}