{"id":27377,"date":"2023-03-10T17:07:44","date_gmt":"2023-03-10T15:07:44","guid":{"rendered":"https:\/\/truckned.nl\/?post_type=product&#038;p=27377"},"modified":"2026-04-09T12:19:58","modified_gmt":"2026-04-09T10:19:58","slug":"nedking-rvs-luchthoorn-95cm","status":"publish","type":"product","link":"https:\/\/truckned.nl\/de\/produkt\/nedking-rvs-luchthoorn-95cm\/","title":{"rendered":"Nedking Lufthorn 95cm"},"content":{"rendered":"<p><span style=\"color: #000000;\"><strong>Nedking Lufthorn aus Edelstahl 95cm.\u00a0<\/strong><\/span><\/p>\n<p><span style=\"color: #000000;\">Suchen Sie nach einem coolen Zubeh\u00f6r, um Ihren Truck aufzuwerten? Die Nedking Edelstahl-Drucklufthupe 95 cm ist die perfekte Wahl, wenn Sie Wert auf Qualit\u00e4t, Optik und Klang legen. Diese Drucklufthupe ist aus Edelstahl (Volledig) gefertigt, was ihr nicht nur ein robustes Aussehen, sondern auch eine hervorragende Rost- und Witterungsbest\u00e4ndigkeit verleiht. Ideal f\u00fcr den t\u00e4glichen Gebrauch, bei jedem Wetter. <\/span><\/p>\n<p><span style=\"color: #000000;\">Mit einem Schallpegel von sage und schreibe 120 dB sind Sie schon von weitem h\u00f6rbar \u2013 genau das Richtige, wenn Sie auf der Stra\u00dfe gesehen und geh\u00f6rt werden wollen. Die Nedking Edelstahl-Drucklufthupe (95 cm) wird mit Montagematerial geliefert; Sie m\u00fcssen lediglich die Anschlussteile selbst besorgen.<\/span><\/p>\n<h5><span style=\"color: #000000;\"><strong>Abmessungen:<\/strong><\/span><\/h5>\n<p><span style=\"color: #000000;\">Die Ma\u00dfe der bekannten Edelstahl-Lufthupe 95cm der Marke Nedking sind wie folgt:\u00a0<\/span><\/p>\n<ul>\n<li><span style=\"color: #000000;\">L\u00e4nge: 950 mm<\/span><\/li>\n<li><span style=\"color: #000000;\">Durchmesser Kelch: 180 mm<\/span><\/li>\n<li><span style=\"color: #000000;\">Tiefe: 40 mm<\/span><\/li>\n<\/ul>\n<h5><span style=\"color: #000000;\"><strong>Andere Versionen:<\/strong><\/span><\/h5>\n<p><span style=\"color: #000000;\">M\u00f6chten Sie eine Nedking-Drucklufthupe, aber nicht die 95 cm lange Version? Oder suchen Sie eine zweite in einer anderen Gr\u00f6\u00dfe? Dann sehen Sie sich hier die anderen Versionen an.<\/span><\/p>\n<ul>\n<li><span style=\"color: #000000;\"><a style=\"color: #000000;\" href=\"https:\/\/truckned.nl\/de\/produkt\/nedking-rvs-luchthoorn-55cm\/\"><strong>Lufthorn 55 cm<\/strong><\/a><\/span><\/li>\n<li><span style=\"color: #000000;\"><a style=\"color: #000000;\" href=\"https:\/\/truckned.nl\/de\/produkt\/nedking-rvs-luchthoorn-65cm\/\"><strong>Lufthorn 65 cm<\/strong><\/a><\/span><\/li>\n<li><span style=\"color: #000000;\"><a style=\"color: #000000;\" href=\"https:\/\/truckned.nl\/de\/produkt\/nedking-rvs-luchthoorn-75cm\/\"><strong>Lufthorn 75 cm<\/strong><\/a><\/span><\/li>\n<li><a href=\"https:\/\/truckned.nl\/de\/produkt\/nedking-rvs-luchthoorn-95cm-the-black-edition\/\"><span style=\"color: #000000;\"><strong>Drucklufthorn 95 cm schwarz<\/strong><\/span><\/a><\/li>\n<\/ul>\n<p><span style=\"color: #000000;\">Suchen Sie noch etwas anderes? Vielleicht ist diese 95 cm lange Edelstahl-Lufthupe nicht ganz Ihr Stil oder Ihre Gr\u00f6\u00dfe. Kein Problem, sehen Sie sich hier unser komplettes Sortiment an. <a style=\"color: #000000;\" href=\"https:\/\/truckned.nl\/de\/produkt-kategorie\/luchthoorns\/\">Drucklufth\u00f6rner<\/a>\u00a0und finden Sie die Version, die zu Ihnen passt.<\/span><\/p>","protected":false},"excerpt":{"rendered":"<p>Nedking RVS luchthoorn 95cm.\u00a0 Ben je op zoek naar een stoere accessoire om je vrachtwagen mee te upgraden? De Nedking RVS Luchthoorn 95 cm is een perfecte keuze als je houdt van kwaliteit, uitstraling \u00e9n geluid. Deze luchthoorn is volledig gemaakt van roestvrij staal, waardoor hij niet alleen een robuuste look heeft, maar ook goed [&hellip;]<\/p>","protected":false},"featured_media":27386,"comment_status":"open","ping_status":"closed","template":"","meta":{"_acf_changed":false,"site-sidebar-layout":"default","site-content-layout":"default","ast-site-content-layout":"default","site-content-style":"default","site-sidebar-style":"default","ast-global-header-display":"","ast-banner-title-visibility":"","ast-main-header-display":"","ast-hfb-above-header-display":"","ast-hfb-below-header-display":"","ast-hfb-mobile-header-display":"","site-post-title":"","ast-breadcrumbs-content":"","ast-featured-img":"","footer-sml-layout":"","ast-disable-related-posts":"","theme-transparent-header-meta":"default","adv-header-id-meta":"","stick-header-meta":"","header-above-stick-meta":"","header-main-stick-meta":"","header-below-stick-meta":"","astra-migrate-meta-layouts":"set","ast-page-background-enabled":"default","ast-page-background-meta":{"desktop":{"background-color":"","background-image":"","background-repeat":"repeat","background-position":"center center","background-size":"auto","background-attachment":"scroll","background-type":"","background-media":"","overlay-type":"","overlay-color":"","overlay-opacity":"","overlay-gradient":""},"tablet":{"background-color":"","background-image":"","background-repeat":"repeat","background-position":"center center","background-size":"auto","background-attachment":"scroll","background-type":"","background-media":"","overlay-type":"","overlay-color":"","overlay-opacity":"","overlay-gradient":""},"mobile":{"background-color":"","background-image":"","background-repeat":"repeat","background-position":"center center","background-size":"auto","background-attachment":"scroll","background-type":"","background-media":"","overlay-type":"","overlay-color":"","overlay-opacity":"","overlay-gradient":""}},"ast-content-background-meta":{"desktop":{"background-color":"var(--ast-global-color-5)","background-image":"","background-repeat":"repeat","background-position":"center center","background-size":"auto","background-attachment":"scroll","background-type":"","background-media":"","overlay-type":"","overlay-color":"","overlay-opacity":"","overlay-gradient":""},"tablet":{"background-color":"var(--ast-global-color-5)","background-image":"","background-repeat":"repeat","background-position":"center center","background-size":"auto","background-attachment":"scroll","background-type":"","background-media":"","overlay-type":"","overlay-color":"","overlay-opacity":"","overlay-gradient":""},"mobile":{"background-color":"var(--ast-global-color-5)","background-image":"","background-repeat":"repeat","background-position":"center center","background-size":"auto","background-attachment":"scroll","background-type":"","background-media":"","overlay-type":"","overlay-color":"","overlay-opacity":"","overlay-gradient":""}}},"product_brand":[],"product_cat":[7523],"product_tag":[],"class_list":{"0":"post-27377","1":"product","2":"type-product","3":"status-publish","4":"has-post-thumbnail","6":"product_cat-nedking-luchthoorn","7":"pa_merkk-product-nedking","8":"desktop-align-left","9":"tablet-align-left","10":"mobile-align-left","12":"first","13":"instock","14":"taxable","15":"shipping-taxable","16":"purchasable","17":"product-type-simple"},"acf":[],"yoast_head":"<!-- This site is optimized with the Yoast SEO Premium plugin v26.5 (Yoast SEO v26.5) - https:\/\/yoast.com\/wordpress\/plugins\/seo\/ -->\n<title>Nedking RVS luchthoorn 95cm - Truckned - 122 Decibel<\/title>\n<meta name=\"description\" content=\"Nedking RVS luchthoorn 95cm - incl. bevestigingsmateriaal - 122DB - !!super luid en gaaf!! - 8mm luchtaansluiting - enige echte Nedking luchthoorn\" \/>\n<meta name=\"robots\" content=\"index, follow, max-snippet:-1, max-image-preview:large, max-video-preview:-1\" \/>\n<link rel=\"canonical\" href=\"https:\/\/truckned.nl\/de\/produkt\/nedking-rvs-luchthoorn-95cm\/\" \/>\n<meta property=\"og:locale\" content=\"de_DE\" \/>\n<meta property=\"og:type\" content=\"article\" \/>\n<meta property=\"og:title\" content=\"Nedking RVS luchthoorn 95cm - Truckned - 122 Decibel\" \/>\n<meta property=\"og:description\" content=\"Nedking RVS luchthoorn 95cm - incl. bevestigingsmateriaal - 122DB - !!super luid en gaaf!! - 8mm luchtaansluiting - enige echte Nedking luchthoorn\" \/>\n<meta property=\"og:url\" content=\"https:\/\/truckned.nl\/de\/produkt\/nedking-rvs-luchthoorn-95cm\/\" \/>\n<meta property=\"og:site_name\" content=\"Truckned\" \/>\n<meta property=\"article:publisher\" content=\"https:\/\/www.facebook.com\/truckned\/\" \/>\n<meta property=\"article:modified_time\" content=\"2026-04-09T10:19:58+00:00\" \/>\n<meta property=\"og:image\" content=\"https:\/\/truckned.nl\/wp-content\/uploads\/2023\/03\/TN-301NED95-SM-2.png\" \/>\n\t<meta property=\"og:image:width\" content=\"800\" \/>\n\t<meta property=\"og:image:height\" content=\"800\" \/>\n\t<meta property=\"og:image:type\" content=\"image\/png\" \/>\n<meta name=\"twitter:label1\" content=\"Preis\" \/>\n\t<meta name=\"twitter:data1\" content=\"&euro;219,00\" \/>\n\t<meta name=\"twitter:label2\" content=\"Verf\u00fcgbarkeit\" \/>\n\t<meta name=\"twitter:data2\" content=\"Auf Lager\" \/>\n<script type=\"application\/ld+json\" class=\"yoast-schema-graph\">{\"@context\":\"https:\/\/schema.org\",\"@graph\":[{\"@type\":[\"WebPage\",\"ItemPage\"],\"@id\":\"https:\/\/truckned.nl\/product\/nedking-rvs-luchthoorn-95cm\/\",\"url\":\"https:\/\/truckned.nl\/product\/nedking-rvs-luchthoorn-95cm\/\",\"name\":\"Nedking RVS luchthoorn 95cm - Truckned - 122 Decibel\",\"isPartOf\":{\"@id\":\"https:\/\/truckned.nl\/nl\/#website\"},\"primaryImageOfPage\":{\"@id\":\"https:\/\/truckned.nl\/product\/nedking-rvs-luchthoorn-95cm\/#primaryimage\"},\"image\":{\"@id\":\"https:\/\/truckned.nl\/product\/nedking-rvs-luchthoorn-95cm\/#primaryimage\"},\"thumbnailUrl\":\"https:\/\/truckned.nl\/wp-content\/uploads\/2023\/01\/TN-301NED95.png\",\"datePublished\":\"2023-03-10T15:07:44+00:00\",\"dateModified\":\"2026-04-09T10:19:58+00:00\",\"description\":\"Nedking RVS luchthoorn 95cm - incl. bevestigingsmateriaal - 122DB - !!super luid en gaaf!! - 8mm luchtaansluiting - enige echte Nedking luchthoorn\",\"breadcrumb\":{\"@id\":\"https:\/\/truckned.nl\/product\/nedking-rvs-luchthoorn-95cm\/#breadcrumb\"},\"inLanguage\":\"de\",\"potentialAction\":[{\"@type\":\"ReadAction\",\"target\":[\"https:\/\/truckned.nl\/product\/nedking-rvs-luchthoorn-95cm\/\"]}]},{\"@type\":\"ImageObject\",\"inLanguage\":\"de\",\"@id\":\"https:\/\/truckned.nl\/product\/nedking-rvs-luchthoorn-95cm\/#primaryimage\",\"url\":\"https:\/\/truckned.nl\/wp-content\/uploads\/2023\/01\/TN-301NED95.png\",\"contentUrl\":\"https:\/\/truckned.nl\/wp-content\/uploads\/2023\/01\/TN-301NED95.png\",\"width\":800,\"height\":800,\"caption\":\"Nedking RVS luchthoorn 95cm\"},{\"@type\":\"BreadcrumbList\",\"@id\":\"https:\/\/truckned.nl\/product\/nedking-rvs-luchthoorn-95cm\/#breadcrumb\",\"itemListElement\":[{\"@type\":\"ListItem\",\"position\":1,\"name\":\"Home\",\"item\":\"https:\/\/truckned.nl\/\"},{\"@type\":\"ListItem\",\"position\":2,\"name\":\"Shop\",\"item\":\"https:\/\/truckned.nl\/nl\/shop\/\"},{\"@type\":\"ListItem\",\"position\":3,\"name\":\"Luchthoorns\",\"item\":\"https:\/\/truckned.nl\/en\/product-category-2\/luchthoorns\/\"},{\"@type\":\"ListItem\",\"position\":4,\"name\":\"Nedking Luchthoorn\",\"item\":\"https:\/\/truckned.nl\/nl\/product-categorie\/luchthoorns\/nedking-luchthoorn\/\"},{\"@type\":\"ListItem\",\"position\":5,\"name\":\"Nedking RVS luchthoorn 95cm\"}]},{\"@type\":\"WebSite\",\"@id\":\"https:\/\/truckned.nl\/nl\/#website\",\"url\":\"https:\/\/truckned.nl\/nl\/\",\"name\":\"Truckned\",\"description\":\"\",\"publisher\":{\"@id\":\"https:\/\/truckned.nl\/nl\/#organization\"},\"potentialAction\":[{\"@type\":\"SearchAction\",\"target\":{\"@type\":\"EntryPoint\",\"urlTemplate\":\"https:\/\/truckned.nl\/nl\/?s={search_term_string}\"},\"query-input\":{\"@type\":\"PropertyValueSpecification\",\"valueRequired\":true,\"valueName\":\"search_term_string\"}}],\"inLanguage\":\"de\"},{\"@type\":\"Organization\",\"@id\":\"https:\/\/truckned.nl\/nl\/#organization\",\"name\":\"Truckned\",\"url\":\"https:\/\/truckned.nl\/nl\/\",\"logo\":{\"@type\":\"ImageObject\",\"inLanguage\":\"de\",\"@id\":\"https:\/\/truckned.nl\/nl\/#\/schema\/logo\/image\/\",\"url\":\"https:\/\/truckned.nl\/wp-content\/uploads\/2022\/10\/800x800-Truckned-logo-zonder-tekst-ZWART.png\",\"contentUrl\":\"https:\/\/truckned.nl\/wp-content\/uploads\/2022\/10\/800x800-Truckned-logo-zonder-tekst-ZWART.png\",\"width\":801,\"height\":801,\"caption\":\"Truckned\"},\"image\":{\"@id\":\"https:\/\/truckned.nl\/nl\/#\/schema\/logo\/image\/\"},\"sameAs\":[\"https:\/\/www.facebook.com\/truckned\/\",\"https:\/\/www.instagram.com\/truckned\/\"],\"vatID\":\"NL863960509B01\",\"taxID\":\"86417487\",\"hasMerchantReturnPolicy\":{\"@type\":\"MerchantReturnPolicy\",\"merchantReturnLink\":\"https:\/\/truckned.nl\/de\/versand-rucksendungen\/\"}}]}<\/script>\n<meta property=\"product:brand\" content=\"Nedking\" \/>\n<meta property=\"product:price:amount\" content=\"219.00\" \/>\n<meta property=\"product:price:currency\" content=\"EUR\" \/>\n<meta property=\"og:availability\" content=\"instock\" \/>\n<meta property=\"product:availability\" content=\"instock\" \/>\n<meta property=\"product:retailer_item_id\" content=\"TN-301NED95\" \/>\n<meta property=\"product:condition\" content=\"new\" \/>\n<!-- \/ Yoast SEO Premium plugin. -->","yoast_head_json":{"title":"Nedking Drucklufthorn aus Edelstahl 95 cm \u2013 Truckned \u2013 122 Dezibel","description":"Nedking Edelstahl Drucklufthorn 95cm - inkl. Befestigungsmaterial - 122DB - !!super laut und cool!! - 8-mm-Luftanschluss - ein und einziges Drucklufthorn von Nedking","robots":{"index":"index","follow":"follow","max-snippet":"max-snippet:-1","max-image-preview":"max-image-preview:large","max-video-preview":"max-video-preview:-1"},"canonical":"https:\/\/truckned.nl\/de\/produkt\/nedking-rvs-luchthoorn-95cm\/","og_locale":"de_DE","og_type":"article","og_title":"Nedking RVS luchthoorn 95cm - Truckned - 122 Decibel","og_description":"Nedking RVS luchthoorn 95cm - incl. bevestigingsmateriaal - 122DB - !!super luid en gaaf!! - 8mm luchtaansluiting - enige echte Nedking luchthoorn","og_url":"https:\/\/truckned.nl\/de\/produkt\/nedking-rvs-luchthoorn-95cm\/","og_site_name":"Truckned","article_publisher":"https:\/\/www.facebook.com\/truckned\/","article_modified_time":"2026-04-09T10:19:58+00:00","og_image":[{"width":800,"height":800,"url":"https:\/\/truckned.nl\/wp-content\/uploads\/2023\/03\/TN-301NED95-SM-2.png","type":"image\/png"}],"twitter_misc":{"Preis":"&euro;219,00","Verf\u00fcgbarkeit":"Auf Lager"},"schema":{"@context":"https:\/\/schema.org","@graph":[{"@type":["WebPage","ItemPage"],"@id":"https:\/\/truckned.nl\/product\/nedking-rvs-luchthoorn-95cm\/","url":"https:\/\/truckned.nl\/product\/nedking-rvs-luchthoorn-95cm\/","name":"Nedking Drucklufthorn aus Edelstahl 95 cm \u2013 Truckned \u2013 122 Dezibel","isPartOf":{"@id":"https:\/\/truckned.nl\/nl\/#website"},"primaryImageOfPage":{"@id":"https:\/\/truckned.nl\/product\/nedking-rvs-luchthoorn-95cm\/#primaryimage"},"image":{"@id":"https:\/\/truckned.nl\/product\/nedking-rvs-luchthoorn-95cm\/#primaryimage"},"thumbnailUrl":"https:\/\/truckned.nl\/wp-content\/uploads\/2023\/01\/TN-301NED95.png","datePublished":"2023-03-10T15:07:44+00:00","dateModified":"2026-04-09T10:19:58+00:00","description":"Nedking Edelstahl Drucklufthorn 95cm - inkl. Befestigungsmaterial - 122DB - !!super laut und cool!! - 8-mm-Luftanschluss - ein und einziges Drucklufthorn von Nedking","breadcrumb":{"@id":"https:\/\/truckned.nl\/product\/nedking-rvs-luchthoorn-95cm\/#breadcrumb"},"inLanguage":"de","potentialAction":[{"@type":"ReadAction","target":["https:\/\/truckned.nl\/product\/nedking-rvs-luchthoorn-95cm\/"]}]},{"@type":"ImageObject","inLanguage":"de","@id":"https:\/\/truckned.nl\/product\/nedking-rvs-luchthoorn-95cm\/#primaryimage","url":"https:\/\/truckned.nl\/wp-content\/uploads\/2023\/01\/TN-301NED95.png","contentUrl":"https:\/\/truckned.nl\/wp-content\/uploads\/2023\/01\/TN-301NED95.png","width":800,"height":800,"caption":"Nedking RVS luchthoorn 95cm"},{"@type":"BreadcrumbList","@id":"https:\/\/truckned.nl\/product\/nedking-rvs-luchthoorn-95cm\/#breadcrumb","itemListElement":[{"@type":"ListItem","position":1,"name":"Home","item":"https:\/\/truckned.nl\/"},{"@type":"ListItem","position":2,"name":"Shop","item":"https:\/\/truckned.nl\/nl\/shop\/"},{"@type":"ListItem","position":3,"name":"Luchthoorns","item":"https:\/\/truckned.nl\/en\/product-category-2\/luchthoorns\/"},{"@type":"ListItem","position":4,"name":"Nedking Luchthoorn","item":"https:\/\/truckned.nl\/nl\/product-categorie\/luchthoorns\/nedking-luchthoorn\/"},{"@type":"ListItem","position":5,"name":"Nedking RVS luchthoorn 95cm"}]},{"@type":"WebSite","@id":"https:\/\/truckned.nl\/nl\/#website","url":"https:\/\/truckned.nl\/nl\/","name":"Truckned","description":"","publisher":{"@id":"https:\/\/truckned.nl\/nl\/#organization"},"potentialAction":[{"@type":"SearchAction","target":{"@type":"EntryPoint","urlTemplate":"https:\/\/truckned.nl\/nl\/?s={search_term_string}"},"query-input":{"@type":"PropertyValueSpecification","valueRequired":true,"valueName":"search_term_string"}}],"inLanguage":"de"},{"@type":"Organization","@id":"https:\/\/truckned.nl\/nl\/#organization","name":"Truckned","url":"https:\/\/truckned.nl\/nl\/","logo":{"@type":"ImageObject","inLanguage":"de","@id":"https:\/\/truckned.nl\/nl\/#\/schema\/logo\/image\/","url":"https:\/\/truckned.nl\/wp-content\/uploads\/2022\/10\/800x800-Truckned-logo-zonder-tekst-ZWART.png","contentUrl":"https:\/\/truckned.nl\/wp-content\/uploads\/2022\/10\/800x800-Truckned-logo-zonder-tekst-ZWART.png","width":801,"height":801,"caption":"Truckned"},"image":{"@id":"https:\/\/truckned.nl\/nl\/#\/schema\/logo\/image\/"},"sameAs":["https:\/\/www.facebook.com\/truckned\/","https:\/\/www.instagram.com\/truckned\/"],"vatID":"NL863960509B01","taxID":"86417487","hasMerchantReturnPolicy":{"@type":"MerchantReturnPolicy","merchantReturnLink":"https:\/\/truckned.nl\/de\/versand-rucksendungen\/"}}]},"product_brand":"Nedking","product_price_amount":"219.00","product_price_currency":"EUR","og_availability":"instock","product_availability":"instock","product_retailer_item_id":"TN-301NED95","product_condition":"new"},"_links":{"self":[{"href":"https:\/\/truckned.nl\/de\/wp-json\/wp\/v2\/product\/27377","targetHints":{"allow":["GET"]}}],"collection":[{"href":"https:\/\/truckned.nl\/de\/wp-json\/wp\/v2\/product"}],"about":[{"href":"https:\/\/truckned.nl\/de\/wp-json\/wp\/v2\/types\/product"}],"replies":[{"embeddable":true,"href":"https:\/\/truckned.nl\/de\/wp-json\/wp\/v2\/comments?post=27377"}],"wp:featuredmedia":[{"embeddable":true,"href":"https:\/\/truckned.nl\/de\/wp-json\/wp\/v2\/media\/27386"}],"wp:attachment":[{"href":"https:\/\/truckned.nl\/de\/wp-json\/wp\/v2\/media?parent=27377"}],"wp:term":[{"taxonomy":"product_brand","embeddable":true,"href":"https:\/\/truckned.nl\/de\/wp-json\/wp\/v2\/product_brand?post=27377"},{"taxonomy":"product_cat","embeddable":true,"href":"https:\/\/truckned.nl\/de\/wp-json\/wp\/v2\/product_cat?post=27377"},{"taxonomy":"product_tag","embeddable":true,"href":"https:\/\/truckned.nl\/de\/wp-json\/wp\/v2\/product_tag?post=27377"}],"curies":[{"name":"wp","href":"https:\/\/api.w.org\/{rel}","templated":true}]}}