{"id":27433,"date":"2023-01-18T12:32:31","date_gmt":"2023-01-18T11:32:31","guid":{"rendered":"https:\/\/truckned.nl\/?post_type=product&#038;p=27433"},"modified":"2025-11-27T11:44:20","modified_gmt":"2025-11-27T10:44:20","slug":"nedking-lichtbak-125x30x8cm","status":"publish","type":"product","link":"https:\/\/truckned.nl\/de\/produkt\/nedking-lichtbak-125x30x8cm\/","title":{"rendered":"Nedking Leuchtkasten 125x30x8cm"},"content":{"rendered":"<p><span style=\"color: #000000\"><strong>Nedking LED Lichtkasten 125x30x8cm, f\u00fcr 24 Volt.\u00a0<\/strong><\/span><\/p>\n<p><span style=\"color: #000000\">Sie m\u00f6chten Ihren LKW mit einem Spoilermodellleuchtkasten ausstatten? Sie wissen aber nicht genau, wonach Sie suchen? Vielleicht ist die Nedking LED Lichtbox 125x30x8cm die Box, die Sie suchen! Der Nedking Leuchtkasten ist aus hochwertigem Material gefertigt und hat innen einen hellen LED-Streifen. Der Streifen LED sorgt daf\u00fcr, dass Firmenname oder Werbung auch im Dunkeln gut sichtbar sind. <\/span><\/p>\n<p><span style=\"color: #000000\">Wenn Sie sich f\u00fcr ein Spoilermodell LED Light Box der Marke Nedking entscheiden, entscheiden Sie sich f\u00fcr Qualit\u00e4t. Dies wird durch mehrere Punkte best\u00e4tigt. Eine davon ist die einfache Montageschiene, die auf der R\u00fcckseite der Box montiert ist. Mit dieser Schiene l\u00e4sst sich der Leuchtkasten einfach und schnell z. B. an Ihrem LKW montieren, ohne ihn verstellen zu m\u00fcssen. Die Schiene ist auch passend zu den von uns angebotenen Montagewinkeln gefertigt. Dar\u00fcber hinaus ist der LED Leuchtkasten 24v 125cm an der Vorderseite mit einem starken durchscheinenden Plexiglas ausgestattet. Das Plexiglas l\u00e4sst sich leicht entfernen, sodass Sie schnell und einfach Ihre eigene Botschaft oder Ihren Firmennamen darauf anbringen k\u00f6nnen. <\/span><\/p>\n<h5><span style=\"color: #000000\"><strong>Abmessungen:<\/strong><\/span><\/h5>\n<p><span style=\"color: #000000\">M\u00f6chten Sie sicherstellen, dass der Spoiler-Modellleuchtkasten f\u00fcr Ihren LKW geeignet ist? Sehen Sie sich unten die Abmessungen des Nedking-Leuchtkastens 125 x 30 x 8 cm an:<\/span><\/p>\n<ul>\n<li><span style=\"color: #000000\">Breite: 125 cm<\/span><\/li>\n<li><span style=\"color: #000000\">H\u00f6he: 30 cm<\/span><\/li>\n<li><span style=\"color: #000000\">Tiefe: 8 cm<\/span><\/li>\n<\/ul>\n<h5><span style=\"color: #000000\"><strong>Andere Modelle:<\/strong><\/span><\/h5>\n<p><span style=\"color: #000000\">Der Spoilermodell-Leuchtkasten von Nedking gef\u00e4llt Ihnen, aber Sie m\u00f6chten nicht die 125 cm breite Version? Sehen Sie sich hier die anderen Modelle an, die Nedking anbietet.<\/span><\/p>\n<ul>\n<li><span style=\"color: #000000\"><a style=\"color: #000000\" href=\"https:\/\/truckned.nl\/de\/produkt\/nedking-lichtbak-140x30x8cm\/\"><strong>Spoilermodell 140-30-8cm<\/strong><\/a><\/span><\/li>\n<li><span style=\"color: #000000\"><a style=\"color: #000000\" href=\"https:\/\/truckned.nl\/de\/produkt\/nedking-lichtbak-160x30x8cm\/\"><strong>Spoilermodell 160-30-8cm<\/strong><\/a><\/span><\/li>\n<\/ul>\n<p><span style=\"color: #000000\">Sind Sie immer noch der Meinung, dass der Leuchtkasten LED 125x30x8cm von Nedking nicht das ist, was Sie suchen? Das liegt daran, dass Ihnen die Form oder Gr\u00f6\u00dfe nicht gef\u00e4llt? Dann schau doch mal auf der Seite vorbei <a style=\"color: #000000\" href=\"https:\/\/truckned.nl\/de\/produkt-kategorie\/led-lichtreclame\/\">LED Leuchtreklame<\/a>. Wer wei\u00df, vielleicht finden Sie hier das Modell, das Sie suchen.<\/span><\/p>","protected":false},"excerpt":{"rendered":"<p>Nedking LED Leuchtkasten 125x30x8cm, f\u00fcr 24 Volt. M\u00f6chten Sie Ihren LKW mit einem Spoiler-Leuchtkasten ausstatten? Sind Sie sich aber nicht sicher, wonach Sie suchen? Dann k\u00f6nnte der Nedking LED Leuchtkasten 125x30x8cm genau das Richtige f\u00fcr Sie sein! Der Nedking Leuchtkasten ist aus hochwertigem Material gefertigt und verf\u00fcgt \u00fcber ein helles [\u2026]<\/p>","protected":false},"featured_media":27434,"comment_status":"open","ping_status":"closed","template":"","meta":{"_acf_changed":false,"site-sidebar-layout":"default","site-content-layout":"default","ast-site-content-layout":"default","site-content-style":"default","site-sidebar-style":"default","ast-global-header-display":"","ast-banner-title-visibility":"","ast-main-header-display":"","ast-hfb-above-header-display":"","ast-hfb-below-header-display":"","ast-hfb-mobile-header-display":"","site-post-title":"","ast-breadcrumbs-content":"","ast-featured-img":"","footer-sml-layout":"","ast-disable-related-posts":"","theme-transparent-header-meta":"default","adv-header-id-meta":"","stick-header-meta":"","header-above-stick-meta":"","header-main-stick-meta":"","header-below-stick-meta":"","astra-migrate-meta-layouts":"default","ast-page-background-enabled":"default","ast-page-background-meta":{"desktop":{"background-color":"","background-image":"","background-repeat":"repeat","background-position":"center center","background-size":"auto","background-attachment":"scroll","background-type":"","background-media":"","overlay-type":"","overlay-color":"","overlay-opacity":"","overlay-gradient":""},"tablet":{"background-color":"","background-image":"","background-repeat":"repeat","background-position":"center center","background-size":"auto","background-attachment":"scroll","background-type":"","background-media":"","overlay-type":"","overlay-color":"","overlay-opacity":"","overlay-gradient":""},"mobile":{"background-color":"","background-image":"","background-repeat":"repeat","background-position":"center center","background-size":"auto","background-attachment":"scroll","background-type":"","background-media":"","overlay-type":"","overlay-color":"","overlay-opacity":"","overlay-gradient":""}},"ast-content-background-meta":{"desktop":{"background-color":"var(--ast-global-color-5)","background-image":"","background-repeat":"repeat","background-position":"center center","background-size":"auto","background-attachment":"scroll","background-type":"","background-media":"","overlay-type":"","overlay-color":"","overlay-opacity":"","overlay-gradient":""},"tablet":{"background-color":"var(--ast-global-color-5)","background-image":"","background-repeat":"repeat","background-position":"center center","background-size":"auto","background-attachment":"scroll","background-type":"","background-media":"","overlay-type":"","overlay-color":"","overlay-opacity":"","overlay-gradient":""},"mobile":{"background-color":"var(--ast-global-color-5)","background-image":"","background-repeat":"repeat","background-position":"center center","background-size":"auto","background-attachment":"scroll","background-type":"","background-media":"","overlay-type":"","overlay-color":"","overlay-opacity":"","overlay-gradient":""}}},"product_brand":[],"product_cat":[7205,7202],"product_tag":[],"class_list":{"0":"post-27433","1":"product","2":"type-product","3":"status-publish","4":"has-post-thumbnail","6":"product_cat-cabine-buitenzijde","7":"product_cat-lichtreclame","8":"pa_merkk-product-nedking","9":"desktop-align-left","10":"tablet-align-left","11":"mobile-align-left","13":"first","14":"instock","15":"taxable","16":"shipping-taxable","17":"purchasable","18":"product-type-simple"},"acf":[],"yoast_head":"<!-- This site is optimized with the Yoast SEO Premium plugin v26.5 (Yoast SEO v26.5) - https:\/\/yoast.com\/wordpress\/plugins\/seo\/ -->\n<title>Nedking lichtbak 125x30x8cm - Truckned - spoiler model lichtbak<\/title>\n<meta name=\"description\" content=\"Nedking lichtbak 125x30x8cm - LED lichtreclame voor 24V - eenvoudige montage - kwaliteit lichtbak voor de vrachtwagen - spoiler model lichtbak\" \/>\n<meta name=\"robots\" content=\"index, follow, max-snippet:-1, max-image-preview:large, max-video-preview:-1\" \/>\n<link rel=\"canonical\" href=\"https:\/\/truckned.nl\/de\/produkt\/nedking-lichtbak-125x30x8cm\/\" \/>\n<meta property=\"og:locale\" content=\"de_DE\" \/>\n<meta property=\"og:type\" content=\"article\" \/>\n<meta property=\"og:title\" content=\"Nedking lichtbak 125x30x8cm - Truckned - spoiler model lichtbak\" \/>\n<meta property=\"og:description\" content=\"Nedking lichtbak 125x30x8cm - LED lichtreclame voor 24V - eenvoudige montage - kwaliteit lichtbak voor de vrachtwagen - spoiler model lichtbak\" \/>\n<meta property=\"og:url\" content=\"https:\/\/truckned.nl\/de\/produkt\/nedking-lichtbak-125x30x8cm\/\" \/>\n<meta property=\"og:site_name\" content=\"Truckned\" \/>\n<meta property=\"article:publisher\" content=\"https:\/\/www.facebook.com\/truckned\/\" \/>\n<meta property=\"article:modified_time\" content=\"2025-11-27T10:44:20+00:00\" \/>\n<meta property=\"og:image\" content=\"https:\/\/truckned.nl\/wp-content\/uploads\/2023\/01\/TN-839351.png\" \/>\n\t<meta property=\"og:image:width\" content=\"800\" \/>\n\t<meta property=\"og:image:height\" content=\"800\" \/>\n\t<meta property=\"og:image:type\" content=\"image\/png\" \/>\n<meta name=\"twitter:label1\" content=\"Preis\" \/>\n\t<meta name=\"twitter:data1\" content=\"&euro;509,00\" \/>\n\t<meta name=\"twitter:label2\" content=\"Verf\u00fcgbarkeit\" \/>\n\t<meta name=\"twitter:data2\" content=\"Auf Lager\" \/>\n<script type=\"application\/ld+json\" class=\"yoast-schema-graph\">{\"@context\":\"https:\/\/schema.org\",\"@graph\":[{\"@type\":[\"WebPage\",\"ItemPage\"],\"@id\":\"https:\/\/truckned.nl\/product\/nedking-lichtbak-125x30x8cm\/\",\"url\":\"https:\/\/truckned.nl\/product\/nedking-lichtbak-125x30x8cm\/\",\"name\":\"Nedking lichtbak 125x30x8cm - Truckned - spoiler model lichtbak\",\"isPartOf\":{\"@id\":\"https:\/\/truckned.nl\/nl\/#website\"},\"primaryImageOfPage\":{\"@id\":\"https:\/\/truckned.nl\/product\/nedking-lichtbak-125x30x8cm\/#primaryimage\"},\"image\":{\"@id\":\"https:\/\/truckned.nl\/product\/nedking-lichtbak-125x30x8cm\/#primaryimage\"},\"thumbnailUrl\":\"https:\/\/truckned.nl\/wp-content\/uploads\/2023\/01\/TN-839351.png\",\"datePublished\":\"2023-01-18T11:32:31+00:00\",\"dateModified\":\"2025-11-27T10:44:20+00:00\",\"description\":\"Nedking lichtbak 125x30x8cm - LED lichtreclame voor 24V - eenvoudige montage - kwaliteit lichtbak voor de vrachtwagen - spoiler model lichtbak\",\"breadcrumb\":{\"@id\":\"https:\/\/truckned.nl\/product\/nedking-lichtbak-125x30x8cm\/#breadcrumb\"},\"inLanguage\":\"de\",\"potentialAction\":[{\"@type\":\"ReadAction\",\"target\":[\"https:\/\/truckned.nl\/product\/nedking-lichtbak-125x30x8cm\/\"]}]},{\"@type\":\"ImageObject\",\"inLanguage\":\"de\",\"@id\":\"https:\/\/truckned.nl\/product\/nedking-lichtbak-125x30x8cm\/#primaryimage\",\"url\":\"https:\/\/truckned.nl\/wp-content\/uploads\/2023\/01\/TN-839351.png\",\"contentUrl\":\"https:\/\/truckned.nl\/wp-content\/uploads\/2023\/01\/TN-839351.png\",\"width\":800,\"height\":800,\"caption\":\"Nedking LED lichtbak 125x30x8cm - spoiler model lichtbak voor 24 volt gebruik - geschikt voor vrachtwagen montage - EAN: 7323030183233\"},{\"@type\":\"BreadcrumbList\",\"@id\":\"https:\/\/truckned.nl\/product\/nedking-lichtbak-125x30x8cm\/#breadcrumb\",\"itemListElement\":[{\"@type\":\"ListItem\",\"position\":1,\"name\":\"Home\",\"item\":\"https:\/\/truckned.nl\/\"},{\"@type\":\"ListItem\",\"position\":2,\"name\":\"Shop\",\"item\":\"https:\/\/truckned.nl\/nl\/shop\/\"},{\"@type\":\"ListItem\",\"position\":3,\"name\":\"Lichtreclame\",\"item\":\"https:\/\/truckned.nl\/product-categorie\/lichtreclame\/\"},{\"@type\":\"ListItem\",\"position\":4,\"name\":\"Nedking lichtbak 125x30x8cm\"}]},{\"@type\":\"WebSite\",\"@id\":\"https:\/\/truckned.nl\/nl\/#website\",\"url\":\"https:\/\/truckned.nl\/nl\/\",\"name\":\"Truckned\",\"description\":\"\",\"publisher\":{\"@id\":\"https:\/\/truckned.nl\/nl\/#organization\"},\"potentialAction\":[{\"@type\":\"SearchAction\",\"target\":{\"@type\":\"EntryPoint\",\"urlTemplate\":\"https:\/\/truckned.nl\/nl\/?s={search_term_string}\"},\"query-input\":{\"@type\":\"PropertyValueSpecification\",\"valueRequired\":true,\"valueName\":\"search_term_string\"}}],\"inLanguage\":\"de\"},{\"@type\":\"Organization\",\"@id\":\"https:\/\/truckned.nl\/nl\/#organization\",\"name\":\"Truckned\",\"url\":\"https:\/\/truckned.nl\/nl\/\",\"logo\":{\"@type\":\"ImageObject\",\"inLanguage\":\"de\",\"@id\":\"https:\/\/truckned.nl\/nl\/#\/schema\/logo\/image\/\",\"url\":\"https:\/\/truckned.nl\/wp-content\/uploads\/2022\/10\/800x800-Truckned-logo-zonder-tekst-ZWART.png\",\"contentUrl\":\"https:\/\/truckned.nl\/wp-content\/uploads\/2022\/10\/800x800-Truckned-logo-zonder-tekst-ZWART.png\",\"width\":801,\"height\":801,\"caption\":\"Truckned\"},\"image\":{\"@id\":\"https:\/\/truckned.nl\/nl\/#\/schema\/logo\/image\/\"},\"sameAs\":[\"https:\/\/www.facebook.com\/truckned\/\",\"https:\/\/www.instagram.com\/truckned\/\"],\"vatID\":\"NL863960509B01\",\"taxID\":\"86417487\",\"hasMerchantReturnPolicy\":{\"@type\":\"MerchantReturnPolicy\",\"merchantReturnLink\":\"https:\/\/truckned.nl\/de\/versand-rucksendungen\/\"}}]}<\/script>\n<meta property=\"product:brand\" content=\"Nedking\" \/>\n<meta property=\"product:price:amount\" content=\"509.00\" \/>\n<meta property=\"product:price:currency\" content=\"EUR\" \/>\n<meta property=\"og:availability\" content=\"instock\" \/>\n<meta property=\"product:availability\" content=\"instock\" \/>\n<meta property=\"product:retailer_item_id\" content=\"TN-839351\" \/>\n<meta property=\"product:condition\" content=\"new\" \/>\n<!-- \/ Yoast SEO Premium plugin. -->","yoast_head_json":{"title":"Nedking Leuchtkasten 125x30x8cm - Truckned - Spoilermodell Leuchtkasten","description":"Nedking Leuchtkasten 125x30x8cm - LED Leuchtreklame f\u00fcr 24V - Einfache Montage - Qualit\u00e4ts Leuchtkasten f\u00fcr den LKW - Spoiler Modell Leuchtkasten","robots":{"index":"index","follow":"follow","max-snippet":"max-snippet:-1","max-image-preview":"max-image-preview:large","max-video-preview":"max-video-preview:-1"},"canonical":"https:\/\/truckned.nl\/de\/produkt\/nedking-lichtbak-125x30x8cm\/","og_locale":"de_DE","og_type":"article","og_title":"Nedking lichtbak 125x30x8cm - Truckned - spoiler model lichtbak","og_description":"Nedking lichtbak 125x30x8cm - LED lichtreclame voor 24V - eenvoudige montage - kwaliteit lichtbak voor de vrachtwagen - spoiler model lichtbak","og_url":"https:\/\/truckned.nl\/de\/produkt\/nedking-lichtbak-125x30x8cm\/","og_site_name":"Truckned","article_publisher":"https:\/\/www.facebook.com\/truckned\/","article_modified_time":"2025-11-27T10:44:20+00:00","og_image":[{"width":800,"height":800,"url":"https:\/\/truckned.nl\/wp-content\/uploads\/2023\/01\/TN-839351.png","type":"image\/png"}],"twitter_misc":{"Preis":"&euro;509,00","Verf\u00fcgbarkeit":"Auf Lager"},"schema":{"@context":"https:\/\/schema.org","@graph":[{"@type":["WebPage","ItemPage"],"@id":"https:\/\/truckned.nl\/product\/nedking-lichtbak-125x30x8cm\/","url":"https:\/\/truckned.nl\/product\/nedking-lichtbak-125x30x8cm\/","name":"Nedking Leuchtkasten 125x30x8cm - Truckned - Spoilermodell Leuchtkasten","isPartOf":{"@id":"https:\/\/truckned.nl\/nl\/#website"},"primaryImageOfPage":{"@id":"https:\/\/truckned.nl\/product\/nedking-lichtbak-125x30x8cm\/#primaryimage"},"image":{"@id":"https:\/\/truckned.nl\/product\/nedking-lichtbak-125x30x8cm\/#primaryimage"},"thumbnailUrl":"https:\/\/truckned.nl\/wp-content\/uploads\/2023\/01\/TN-839351.png","datePublished":"2023-01-18T11:32:31+00:00","dateModified":"2025-11-27T10:44:20+00:00","description":"Nedking Leuchtkasten 125x30x8cm - LED Leuchtreklame f\u00fcr 24V - Einfache Montage - Qualit\u00e4ts Leuchtkasten f\u00fcr den LKW - Spoiler Modell Leuchtkasten","breadcrumb":{"@id":"https:\/\/truckned.nl\/product\/nedking-lichtbak-125x30x8cm\/#breadcrumb"},"inLanguage":"de","potentialAction":[{"@type":"ReadAction","target":["https:\/\/truckned.nl\/product\/nedking-lichtbak-125x30x8cm\/"]}]},{"@type":"ImageObject","inLanguage":"de","@id":"https:\/\/truckned.nl\/product\/nedking-lichtbak-125x30x8cm\/#primaryimage","url":"https:\/\/truckned.nl\/wp-content\/uploads\/2023\/01\/TN-839351.png","contentUrl":"https:\/\/truckned.nl\/wp-content\/uploads\/2023\/01\/TN-839351.png","width":800,"height":800,"caption":"Nedking LED lichtbak 125x30x8cm - spoiler model lichtbak voor 24 volt gebruik - geschikt voor vrachtwagen montage - EAN: 7323030183233"},{"@type":"BreadcrumbList","@id":"https:\/\/truckned.nl\/product\/nedking-lichtbak-125x30x8cm\/#breadcrumb","itemListElement":[{"@type":"ListItem","position":1,"name":"Home","item":"https:\/\/truckned.nl\/"},{"@type":"ListItem","position":2,"name":"Shop","item":"https:\/\/truckned.nl\/nl\/shop\/"},{"@type":"ListItem","position":3,"name":"Lichtreclame","item":"https:\/\/truckned.nl\/product-categorie\/lichtreclame\/"},{"@type":"ListItem","position":4,"name":"Nedking lichtbak 125x30x8cm"}]},{"@type":"WebSite","@id":"https:\/\/truckned.nl\/nl\/#website","url":"https:\/\/truckned.nl\/nl\/","name":"Truckned","description":"","publisher":{"@id":"https:\/\/truckned.nl\/nl\/#organization"},"potentialAction":[{"@type":"SearchAction","target":{"@type":"EntryPoint","urlTemplate":"https:\/\/truckned.nl\/nl\/?s={search_term_string}"},"query-input":{"@type":"PropertyValueSpecification","valueRequired":true,"valueName":"search_term_string"}}],"inLanguage":"de"},{"@type":"Organization","@id":"https:\/\/truckned.nl\/nl\/#organization","name":"Truckned","url":"https:\/\/truckned.nl\/nl\/","logo":{"@type":"ImageObject","inLanguage":"de","@id":"https:\/\/truckned.nl\/nl\/#\/schema\/logo\/image\/","url":"https:\/\/truckned.nl\/wp-content\/uploads\/2022\/10\/800x800-Truckned-logo-zonder-tekst-ZWART.png","contentUrl":"https:\/\/truckned.nl\/wp-content\/uploads\/2022\/10\/800x800-Truckned-logo-zonder-tekst-ZWART.png","width":801,"height":801,"caption":"Truckned"},"image":{"@id":"https:\/\/truckned.nl\/nl\/#\/schema\/logo\/image\/"},"sameAs":["https:\/\/www.facebook.com\/truckned\/","https:\/\/www.instagram.com\/truckned\/"],"vatID":"NL863960509B01","taxID":"86417487","hasMerchantReturnPolicy":{"@type":"MerchantReturnPolicy","merchantReturnLink":"https:\/\/truckned.nl\/de\/versand-rucksendungen\/"}}]},"product_brand":"Nedking","product_price_amount":"509.00","product_price_currency":"EUR","og_availability":"instock","product_availability":"instock","product_retailer_item_id":"TN-839351","product_condition":"new"},"_links":{"self":[{"href":"https:\/\/truckned.nl\/de\/wp-json\/wp\/v2\/product\/27433","targetHints":{"allow":["GET"]}}],"collection":[{"href":"https:\/\/truckned.nl\/de\/wp-json\/wp\/v2\/product"}],"about":[{"href":"https:\/\/truckned.nl\/de\/wp-json\/wp\/v2\/types\/product"}],"replies":[{"embeddable":true,"href":"https:\/\/truckned.nl\/de\/wp-json\/wp\/v2\/comments?post=27433"}],"wp:featuredmedia":[{"embeddable":true,"href":"https:\/\/truckned.nl\/de\/wp-json\/wp\/v2\/media\/27434"}],"wp:attachment":[{"href":"https:\/\/truckned.nl\/de\/wp-json\/wp\/v2\/media?parent=27433"}],"wp:term":[{"taxonomy":"product_brand","embeddable":true,"href":"https:\/\/truckned.nl\/de\/wp-json\/wp\/v2\/product_brand?post=27433"},{"taxonomy":"product_cat","embeddable":true,"href":"https:\/\/truckned.nl\/de\/wp-json\/wp\/v2\/product_cat?post=27433"},{"taxonomy":"product_tag","embeddable":true,"href":"https:\/\/truckned.nl\/de\/wp-json\/wp\/v2\/product_tag?post=27433"}],"curies":[{"name":"wp","href":"https:\/\/api.w.org\/{rel}","templated":true}]}}