{"id":27517,"date":"2023-02-27T15:49:51","date_gmt":"2023-02-27T13:49:51","guid":{"rendered":"https:\/\/truckned.nl\/?post_type=product&#038;p=27517"},"modified":"2026-04-28T09:27:34","modified_gmt":"2026-04-28T07:27:34","slug":"hi-do-turkse-fluit-24v","status":"publish","type":"product","link":"https:\/\/truckned.nl\/de\/produkt\/hi-do-turkse-fluit-24v\/","title":{"rendered":"Hi-Do t\u00fcrkische Pfeife 24V"},"content":{"rendered":"<p><span style=\"color: #000000\"><strong>Hi-Do t\u00fcrkische Pfeife f\u00fcr 24 V.<\/strong><\/span><\/p>\n<p><span style=\"color: #000000\">Hochwertiges 24 Volt t\u00fcrkisches Pfeifenlufthorn der Marke Hi-Do. Lufthorn liefert nicht weniger als 125 dB und wird inklusive Montagematerial geliefert. Die Drucklufth\u00f6rner sind mit einer 6mm Schnellkupplung ausgestattet, die daf\u00fcr sorgt, dass Sie keine undichte Schlaucht\u00fclle mehr bekommen. Die t\u00fcrkische Pfeife kann mit 24 V verwendet werden und ben\u00f6tigt einen Mindestdruck von 3 bar und einen maximalen Druck von 12 bar.<\/span><\/p>\n<h5><span style=\"color: #000000\"><strong>Abmessungen:<\/strong><\/span><\/h5>\n<p><span style=\"color: #000000\">Die Abmessungen des bekannten \u201eT\u00fcrkischen Horns\u201c der Marke Hi-Do sind wie folgt:\u00a0<\/span><\/p>\n<ul>\n<li><span style=\"color: #000000\">L\u00e4nge: 240 mm<\/span><\/li>\n<li><span style=\"color: #000000\">Durchmesser Kelch: 80 mm<\/span><\/li>\n<li>Luftanschluss 6mm Schnellkupplung<\/li>\n<\/ul>\n<h5><span style=\"color: #000000\"><strong>Andere Farben:<\/strong><\/span><\/h5>\n<p><span style=\"color: #000000\">Gef\u00e4llt Ihnen die Hi-Do-Drucklufthupe, aber Sie m\u00f6chten nicht die 24-Volt-Version? Sehen Sie sich die anderen Versionen hier an.<\/span><\/p>\n<ul>\n<li><span style=\"color: #000000\"><a style=\"color: #000000\" href=\"https:\/\/truckned.nl\/de\/produkt\/hi-do-turkse-fluit-12v\/\"><b>T\u00fcrkische Pfeife 12 Volt\u00a0<\/b><\/a><\/span><\/li>\n<\/ul>\n<p><span style=\"color: #000000\">Denken Sie, dass das Hi-Do Turkish Whistle 24v Air Horn nicht das ist, wonach Sie suchen? Einfach weil Ihnen die Farbe, Form, Spannung oder L\u00e4nge nicht gef\u00e4llt? Sehen Sie sich hier das komplette Sortiment an <a style=\"color: #000000\" href=\"https:\/\/truckned.nl\/de\/produkt-kategorie\/luchthoorns\/\">Drucklufth\u00f6rner<\/a>.\u00a0<\/span><\/p>","protected":false},"excerpt":{"rendered":"<p>Hi-Do T\u00fcrkische Pfeife f\u00fcr 24V-Betrieb. Hochwertige 24-Volt-Lufthupe mit t\u00fcrkischer Pfeife von Hi-Do. Diese Lufthupe erzeugt kraftvolle 125 dB und wird mit Montagematerial geliefert. Die Lufthupe ist mit einem 6-mm-Schnellverschluss ausgestattet, wodurch undichte Schlauchverbindungen vermieden werden. Die t\u00fcrkische Pfeife kann mit 24 V betrieben werden und hat eine Mindestspannung von [\u2026]<\/p>","protected":false},"featured_media":27519,"comment_status":"open","ping_status":"closed","template":"","meta":{"_acf_changed":false,"site-sidebar-layout":"default","site-content-layout":"default","ast-site-content-layout":"default","site-content-style":"default","site-sidebar-style":"default","ast-global-header-display":"","ast-banner-title-visibility":"","ast-main-header-display":"","ast-hfb-above-header-display":"","ast-hfb-below-header-display":"","ast-hfb-mobile-header-display":"","site-post-title":"","ast-breadcrumbs-content":"","ast-featured-img":"","footer-sml-layout":"","ast-disable-related-posts":"","theme-transparent-header-meta":"default","adv-header-id-meta":"","stick-header-meta":"","header-above-stick-meta":"","header-main-stick-meta":"","header-below-stick-meta":"","astra-migrate-meta-layouts":"set","ast-page-background-enabled":"default","ast-page-background-meta":{"desktop":{"background-color":"","background-image":"","background-repeat":"repeat","background-position":"center center","background-size":"auto","background-attachment":"scroll","background-type":"","background-media":"","overlay-type":"","overlay-color":"","overlay-opacity":"","overlay-gradient":""},"tablet":{"background-color":"","background-image":"","background-repeat":"repeat","background-position":"center center","background-size":"auto","background-attachment":"scroll","background-type":"","background-media":"","overlay-type":"","overlay-color":"","overlay-opacity":"","overlay-gradient":""},"mobile":{"background-color":"","background-image":"","background-repeat":"repeat","background-position":"center center","background-size":"auto","background-attachment":"scroll","background-type":"","background-media":"","overlay-type":"","overlay-color":"","overlay-opacity":"","overlay-gradient":""}},"ast-content-background-meta":{"desktop":{"background-color":"var(--ast-global-color-5)","background-image":"","background-repeat":"repeat","background-position":"center center","background-size":"auto","background-attachment":"scroll","background-type":"","background-media":"","overlay-type":"","overlay-color":"","overlay-opacity":"","overlay-gradient":""},"tablet":{"background-color":"var(--ast-global-color-5)","background-image":"","background-repeat":"repeat","background-position":"center center","background-size":"auto","background-attachment":"scroll","background-type":"","background-media":"","overlay-type":"","overlay-color":"","overlay-opacity":"","overlay-gradient":""},"mobile":{"background-color":"var(--ast-global-color-5)","background-image":"","background-repeat":"repeat","background-position":"center center","background-size":"auto","background-attachment":"scroll","background-type":"","background-media":"","overlay-type":"","overlay-color":"","overlay-opacity":"","overlay-gradient":""}}},"product_brand":[],"product_cat":[7525],"product_tag":[],"class_list":{"0":"post-27517","1":"product","2":"type-product","3":"status-publish","4":"has-post-thumbnail","6":"product_cat-hi-do-luchthoorn","7":"pa_merkk-hi-do","8":"desktop-align-left","9":"tablet-align-left","10":"mobile-align-left","12":"first","13":"instock","14":"taxable","15":"shipping-taxable","16":"purchasable","17":"product-type-simple"},"acf":[],"yoast_head":"<!-- This site is optimized with the Yoast SEO Premium plugin v26.5 (Yoast SEO v26.5) - https:\/\/yoast.com\/wordpress\/plugins\/seo\/ -->\n<title>Hi-Do Turkse fluit 24V - Truckned - 125 Decibel - 24 volt gebruik<\/title>\n<meta name=\"description\" content=\"Hi-Do Turkse fluit 24v - luid en uniek geluid - 125DB - 6mm luchtaansluiting - enige echte Hi-Do luchthoorn - voor vrachtwagen gebruik only\" \/>\n<meta name=\"robots\" content=\"index, follow, max-snippet:-1, max-image-preview:large, max-video-preview:-1\" \/>\n<link rel=\"canonical\" href=\"https:\/\/truckned.nl\/de\/produkt\/hi-do-turkse-fluit-24v\/\" \/>\n<meta property=\"og:locale\" content=\"de_DE\" \/>\n<meta property=\"og:type\" content=\"article\" \/>\n<meta property=\"og:title\" content=\"Hi-Do Turkse fluit 24V - Truckned - 125 Decibel - 24 volt gebruik\" \/>\n<meta property=\"og:description\" content=\"Hi-Do Turkse fluit 24v - luid en uniek geluid - 125DB - 6mm luchtaansluiting - enige echte Hi-Do luchthoorn - voor vrachtwagen gebruik only\" \/>\n<meta property=\"og:url\" content=\"https:\/\/truckned.nl\/de\/produkt\/hi-do-turkse-fluit-24v\/\" \/>\n<meta property=\"og:site_name\" content=\"Truckned\" \/>\n<meta property=\"article:publisher\" content=\"https:\/\/www.facebook.com\/truckned\/\" \/>\n<meta property=\"article:modified_time\" content=\"2026-04-28T07:27:34+00:00\" \/>\n<meta property=\"og:image\" content=\"https:\/\/truckned.nl\/wp-content\/uploads\/2023\/02\/TN-532210.png\" \/>\n\t<meta property=\"og:image:width\" content=\"800\" \/>\n\t<meta property=\"og:image:height\" content=\"800\" \/>\n\t<meta property=\"og:image:type\" content=\"image\/png\" \/>\n<meta name=\"twitter:label1\" content=\"Preis\" \/>\n\t<meta name=\"twitter:data1\" content=\"&euro;30,00\" \/>\n\t<meta name=\"twitter:label2\" content=\"Verf\u00fcgbarkeit\" \/>\n\t<meta name=\"twitter:data2\" content=\"Auf Lager\" \/>\n<script type=\"application\/ld+json\" class=\"yoast-schema-graph\">{\"@context\":\"https:\/\/schema.org\",\"@graph\":[{\"@type\":[\"WebPage\",\"ItemPage\"],\"@id\":\"https:\/\/truckned.nl\/product\/hi-do-turkse-fluit-24v\/\",\"url\":\"https:\/\/truckned.nl\/product\/hi-do-turkse-fluit-24v\/\",\"name\":\"Hi-Do Turkse fluit 24V - Truckned - 125 Decibel - 24 volt gebruik\",\"isPartOf\":{\"@id\":\"https:\/\/truckned.nl\/nl\/#website\"},\"primaryImageOfPage\":{\"@id\":\"https:\/\/truckned.nl\/product\/hi-do-turkse-fluit-24v\/#primaryimage\"},\"image\":{\"@id\":\"https:\/\/truckned.nl\/product\/hi-do-turkse-fluit-24v\/#primaryimage\"},\"thumbnailUrl\":\"https:\/\/truckned.nl\/wp-content\/uploads\/2023\/02\/TN-532210.png\",\"datePublished\":\"2023-02-27T13:49:51+00:00\",\"dateModified\":\"2026-04-28T07:27:34+00:00\",\"description\":\"Hi-Do Turkse fluit 24v - luid en uniek geluid - 125DB - 6mm luchtaansluiting - enige echte Hi-Do luchthoorn - voor vrachtwagen gebruik only\",\"breadcrumb\":{\"@id\":\"https:\/\/truckned.nl\/product\/hi-do-turkse-fluit-24v\/#breadcrumb\"},\"inLanguage\":\"de\",\"potentialAction\":[{\"@type\":\"ReadAction\",\"target\":[\"https:\/\/truckned.nl\/product\/hi-do-turkse-fluit-24v\/\"]}]},{\"@type\":\"ImageObject\",\"inLanguage\":\"de\",\"@id\":\"https:\/\/truckned.nl\/product\/hi-do-turkse-fluit-24v\/#primaryimage\",\"url\":\"https:\/\/truckned.nl\/wp-content\/uploads\/2023\/02\/TN-532210.png\",\"contentUrl\":\"https:\/\/truckned.nl\/wp-content\/uploads\/2023\/02\/TN-532210.png\",\"width\":800,\"height\":800,\"caption\":\"Hi-Do Turkse fluit 24v - toeter die geschikt is voorvrachtwagen, boot en meer - luchtcompressor met expansievat vereist - EAN: 6090536394302\"},{\"@type\":\"BreadcrumbList\",\"@id\":\"https:\/\/truckned.nl\/product\/hi-do-turkse-fluit-24v\/#breadcrumb\",\"itemListElement\":[{\"@type\":\"ListItem\",\"position\":1,\"name\":\"Home\",\"item\":\"https:\/\/truckned.nl\/\"},{\"@type\":\"ListItem\",\"position\":2,\"name\":\"Shop\",\"item\":\"https:\/\/truckned.nl\/nl\/shop\/\"},{\"@type\":\"ListItem\",\"position\":3,\"name\":\"Luchthoorns\",\"item\":\"https:\/\/truckned.nl\/en\/product-category-2\/luchthoorns\/\"},{\"@type\":\"ListItem\",\"position\":4,\"name\":\"Hi-Do Luchthoorn\",\"item\":\"https:\/\/truckned.nl\/product-categorie\/luchthoorns\/hi-do-luchthoorn\/\"},{\"@type\":\"ListItem\",\"position\":5,\"name\":\"Hi-Do Turkse fluit 24V\"}]},{\"@type\":\"WebSite\",\"@id\":\"https:\/\/truckned.nl\/nl\/#website\",\"url\":\"https:\/\/truckned.nl\/nl\/\",\"name\":\"Truckned\",\"description\":\"\",\"publisher\":{\"@id\":\"https:\/\/truckned.nl\/nl\/#organization\"},\"potentialAction\":[{\"@type\":\"SearchAction\",\"target\":{\"@type\":\"EntryPoint\",\"urlTemplate\":\"https:\/\/truckned.nl\/nl\/?s={search_term_string}\"},\"query-input\":{\"@type\":\"PropertyValueSpecification\",\"valueRequired\":true,\"valueName\":\"search_term_string\"}}],\"inLanguage\":\"de\"},{\"@type\":\"Organization\",\"@id\":\"https:\/\/truckned.nl\/nl\/#organization\",\"name\":\"Truckned\",\"url\":\"https:\/\/truckned.nl\/nl\/\",\"logo\":{\"@type\":\"ImageObject\",\"inLanguage\":\"de\",\"@id\":\"https:\/\/truckned.nl\/nl\/#\/schema\/logo\/image\/\",\"url\":\"https:\/\/truckned.nl\/wp-content\/uploads\/2022\/10\/800x800-Truckned-logo-zonder-tekst-ZWART.png\",\"contentUrl\":\"https:\/\/truckned.nl\/wp-content\/uploads\/2022\/10\/800x800-Truckned-logo-zonder-tekst-ZWART.png\",\"width\":801,\"height\":801,\"caption\":\"Truckned\"},\"image\":{\"@id\":\"https:\/\/truckned.nl\/nl\/#\/schema\/logo\/image\/\"},\"sameAs\":[\"https:\/\/www.facebook.com\/truckned\/\",\"https:\/\/www.instagram.com\/truckned\/\"],\"vatID\":\"NL863960509B01\",\"taxID\":\"86417487\",\"hasMerchantReturnPolicy\":{\"@type\":\"MerchantReturnPolicy\",\"merchantReturnLink\":\"https:\/\/truckned.nl\/de\/versand-rucksendungen\/\"}}]}<\/script>\n<meta property=\"product:brand\" content=\"Hi-Do\" \/>\n<meta property=\"product:price:amount\" content=\"30.00\" \/>\n<meta property=\"product:price:currency\" content=\"EUR\" \/>\n<meta property=\"og:availability\" content=\"instock\" \/>\n<meta property=\"product:availability\" content=\"instock\" \/>\n<meta property=\"product:retailer_item_id\" content=\"TN-532210\" \/>\n<meta property=\"product:condition\" content=\"new\" \/>\n<!-- \/ Yoast SEO Premium plugin. -->","yoast_head_json":{"title":"Hi-Do T\u00fcrkische Pfeife 24 V \u2013 Truckned \u2013 125 Dezibel \u2013 24-Volt-Betrieb","description":"Hi-Do t\u00fcrkische Pfeife 24 V \u2013 lauter und einzigartiger Klang \u2013 125 dB \u2013 6 mm Luftanschluss \u2013 ein und einziges Hi-Do-Drucklufthorn \u2013 nur f\u00fcr LKW-Nutzung","robots":{"index":"index","follow":"follow","max-snippet":"max-snippet:-1","max-image-preview":"max-image-preview:large","max-video-preview":"max-video-preview:-1"},"canonical":"https:\/\/truckned.nl\/de\/produkt\/hi-do-turkse-fluit-24v\/","og_locale":"de_DE","og_type":"article","og_title":"Hi-Do Turkse fluit 24V - Truckned - 125 Decibel - 24 volt gebruik","og_description":"Hi-Do Turkse fluit 24v - luid en uniek geluid - 125DB - 6mm luchtaansluiting - enige echte Hi-Do luchthoorn - voor vrachtwagen gebruik only","og_url":"https:\/\/truckned.nl\/de\/produkt\/hi-do-turkse-fluit-24v\/","og_site_name":"Truckned","article_publisher":"https:\/\/www.facebook.com\/truckned\/","article_modified_time":"2026-04-28T07:27:34+00:00","og_image":[{"width":800,"height":800,"url":"https:\/\/truckned.nl\/wp-content\/uploads\/2023\/02\/TN-532210.png","type":"image\/png"}],"twitter_misc":{"Preis":"&euro;30,00","Verf\u00fcgbarkeit":"Auf Lager"},"schema":{"@context":"https:\/\/schema.org","@graph":[{"@type":["WebPage","ItemPage"],"@id":"https:\/\/truckned.nl\/product\/hi-do-turkse-fluit-24v\/","url":"https:\/\/truckned.nl\/product\/hi-do-turkse-fluit-24v\/","name":"Hi-Do T\u00fcrkische Pfeife 24 V \u2013 Truckned \u2013 125 Dezibel \u2013 24-Volt-Betrieb","isPartOf":{"@id":"https:\/\/truckned.nl\/nl\/#website"},"primaryImageOfPage":{"@id":"https:\/\/truckned.nl\/product\/hi-do-turkse-fluit-24v\/#primaryimage"},"image":{"@id":"https:\/\/truckned.nl\/product\/hi-do-turkse-fluit-24v\/#primaryimage"},"thumbnailUrl":"https:\/\/truckned.nl\/wp-content\/uploads\/2023\/02\/TN-532210.png","datePublished":"2023-02-27T13:49:51+00:00","dateModified":"2026-04-28T07:27:34+00:00","description":"Hi-Do t\u00fcrkische Pfeife 24 V \u2013 lauter und einzigartiger Klang \u2013 125 dB \u2013 6 mm Luftanschluss \u2013 ein und einziges Hi-Do-Drucklufthorn \u2013 nur f\u00fcr LKW-Nutzung","breadcrumb":{"@id":"https:\/\/truckned.nl\/product\/hi-do-turkse-fluit-24v\/#breadcrumb"},"inLanguage":"de","potentialAction":[{"@type":"ReadAction","target":["https:\/\/truckned.nl\/product\/hi-do-turkse-fluit-24v\/"]}]},{"@type":"ImageObject","inLanguage":"de","@id":"https:\/\/truckned.nl\/product\/hi-do-turkse-fluit-24v\/#primaryimage","url":"https:\/\/truckned.nl\/wp-content\/uploads\/2023\/02\/TN-532210.png","contentUrl":"https:\/\/truckned.nl\/wp-content\/uploads\/2023\/02\/TN-532210.png","width":800,"height":800,"caption":"Hi-Do Turkse fluit 24v - toeter die geschikt is voorvrachtwagen, boot en meer - luchtcompressor met expansievat vereist - EAN: 6090536394302"},{"@type":"BreadcrumbList","@id":"https:\/\/truckned.nl\/product\/hi-do-turkse-fluit-24v\/#breadcrumb","itemListElement":[{"@type":"ListItem","position":1,"name":"Home","item":"https:\/\/truckned.nl\/"},{"@type":"ListItem","position":2,"name":"Shop","item":"https:\/\/truckned.nl\/nl\/shop\/"},{"@type":"ListItem","position":3,"name":"Luchthoorns","item":"https:\/\/truckned.nl\/en\/product-category-2\/luchthoorns\/"},{"@type":"ListItem","position":4,"name":"Hi-Do Luchthoorn","item":"https:\/\/truckned.nl\/product-categorie\/luchthoorns\/hi-do-luchthoorn\/"},{"@type":"ListItem","position":5,"name":"Hi-Do Turkse fluit 24V"}]},{"@type":"WebSite","@id":"https:\/\/truckned.nl\/nl\/#website","url":"https:\/\/truckned.nl\/nl\/","name":"Truckned","description":"","publisher":{"@id":"https:\/\/truckned.nl\/nl\/#organization"},"potentialAction":[{"@type":"SearchAction","target":{"@type":"EntryPoint","urlTemplate":"https:\/\/truckned.nl\/nl\/?s={search_term_string}"},"query-input":{"@type":"PropertyValueSpecification","valueRequired":true,"valueName":"search_term_string"}}],"inLanguage":"de"},{"@type":"Organization","@id":"https:\/\/truckned.nl\/nl\/#organization","name":"Truckned","url":"https:\/\/truckned.nl\/nl\/","logo":{"@type":"ImageObject","inLanguage":"de","@id":"https:\/\/truckned.nl\/nl\/#\/schema\/logo\/image\/","url":"https:\/\/truckned.nl\/wp-content\/uploads\/2022\/10\/800x800-Truckned-logo-zonder-tekst-ZWART.png","contentUrl":"https:\/\/truckned.nl\/wp-content\/uploads\/2022\/10\/800x800-Truckned-logo-zonder-tekst-ZWART.png","width":801,"height":801,"caption":"Truckned"},"image":{"@id":"https:\/\/truckned.nl\/nl\/#\/schema\/logo\/image\/"},"sameAs":["https:\/\/www.facebook.com\/truckned\/","https:\/\/www.instagram.com\/truckned\/"],"vatID":"NL863960509B01","taxID":"86417487","hasMerchantReturnPolicy":{"@type":"MerchantReturnPolicy","merchantReturnLink":"https:\/\/truckned.nl\/de\/versand-rucksendungen\/"}}]},"product_brand":"Hi-Do","product_price_amount":"30.00","product_price_currency":"EUR","og_availability":"instock","product_availability":"instock","product_retailer_item_id":"TN-532210","product_condition":"new"},"_links":{"self":[{"href":"https:\/\/truckned.nl\/de\/wp-json\/wp\/v2\/product\/27517","targetHints":{"allow":["GET"]}}],"collection":[{"href":"https:\/\/truckned.nl\/de\/wp-json\/wp\/v2\/product"}],"about":[{"href":"https:\/\/truckned.nl\/de\/wp-json\/wp\/v2\/types\/product"}],"replies":[{"embeddable":true,"href":"https:\/\/truckned.nl\/de\/wp-json\/wp\/v2\/comments?post=27517"}],"wp:featuredmedia":[{"embeddable":true,"href":"https:\/\/truckned.nl\/de\/wp-json\/wp\/v2\/media\/27519"}],"wp:attachment":[{"href":"https:\/\/truckned.nl\/de\/wp-json\/wp\/v2\/media?parent=27517"}],"wp:term":[{"taxonomy":"product_brand","embeddable":true,"href":"https:\/\/truckned.nl\/de\/wp-json\/wp\/v2\/product_brand?post=27517"},{"taxonomy":"product_cat","embeddable":true,"href":"https:\/\/truckned.nl\/de\/wp-json\/wp\/v2\/product_cat?post=27517"},{"taxonomy":"product_tag","embeddable":true,"href":"https:\/\/truckned.nl\/de\/wp-json\/wp\/v2\/product_tag?post=27517"}],"curies":[{"name":"wp","href":"https:\/\/api.w.org\/{rel}","templated":true}]}}