{"id":27523,"date":"2023-02-28T15:04:32","date_gmt":"2023-02-28T14:04:32","guid":{"rendered":"https:\/\/truckned.nl\/?post_type=product&#038;p=27523"},"modified":"2026-03-19T16:07:33","modified_gmt":"2026-03-19T15:07:33","slug":"nedking-spiegellamp-oranje-oranje","status":"publish","type":"product","link":"https:\/\/truckned.nl\/de\/produkt\/nedking-spiegellamp-oranje-oranje\/","title":{"rendered":"Nedking Spiegellampe orange\/orange"},"content":{"rendered":"<p><span style=\"color: #000000;\"><strong>Nedking Spiegellampe mit orange\/orangefarbenem Glas.\u00a0<\/strong><\/span><\/p>\n<p><span style=\"color: #000000;\">Du m\u00f6chtest deinen LKW mit einer Spiegelleuchte \/ Zusatzblinkanlage ausr\u00fcsten, wei\u00dft aber nicht welche du nehmen sollst? Vielleicht ist die Spiegellampe Orange\/Orange vielleicht die Lampe, die Sie suchen. Die Spiegellampe, auch bekannt als Pablo, ist mit einer BA15S-Fassung ausgestattet und wird mit orange-orangem Glas geliefert. Die Lampe ist mit einem 15 cm langen Kabel zum Anschluss ausgestattet.\u00a0<\/span><\/p>\n<p><span style=\"color: #000000;\">Wenn Sie sich f\u00fcr eine Nedking Spiegelleuchte \/ Zusatzblinkleuchte orange \/ orange entscheiden, entscheiden Sie sich f\u00fcr Qualit\u00e4t. Dies wird durch mehrere Punkte best\u00e4tigt. Einer davon ist der einfache hohle Befestigungsbolzen, der zur Befestigung an der Lampe montiert wird. Die Hohlschraube sorgt daf\u00fcr, dass Sie das Anschlusskabel wasserdicht machen k\u00f6nnen und somit nicht so leicht unter Korrosion leiden k\u00f6nnen. Au\u00dferdem ist am Ende der Leuchte ein Gummiring angebracht. Dank des Gummirings k\u00f6nnen Sie die Lampe zum Beispiel am Spiegel montieren, ohne die Schraube oder Mutter zu sehen.<\/span><\/p>\n<h5><span style=\"color: #000000;\"><strong>Abmessungen:<\/strong><\/span><\/h5>\n<p><span style=\"color: #000000;\">Weil Sie sicher sein m\u00f6chten, dass Sie die Lampe \u00fcberall dort montieren k\u00f6nnen, wo Sie m\u00f6chten. Die Abmessungen der Lampe haben wir unten notiert. Die Ma\u00dfe der Nedking Spiegelleuchte orange\/orange sind wie folgt:<\/span><\/p>\n<ul>\n<li><span style=\"color: #000000;\">Durchmesser: 107 mm<\/span><\/li>\n<li><span style=\"color: #000000;\">Dicke: 60 mm<\/span><\/li>\n<\/ul>\n<h5><span style=\"color: #000000;\"><strong>Andere Farben:<\/strong><\/span><\/h5>\n<p><span style=\"color: #000000;\">Die Spiegellampe von Nedking gef\u00e4llt Ihnen, Sie m\u00f6chten aber nicht die Version mit orangefarbenem\/orangefarbenem Glas? Sehen Sie sich die anderen Versionen hier an.<\/span><\/p>\n<ul>\n<li><span style=\"color: #000000;\"><a style=\"color: #000000;\" href=\"https:\/\/truckned.nl\/de\/produkt\/nedking-spiegellamp-rood-oranje\/\" target=\"_blank\" rel=\"noopener\"><strong>Spiegellampe orange - rot\u00a0<\/strong><\/a><\/span><\/li>\n<li><span style=\"color: #000000;\"><a style=\"color: #000000;\" href=\"https:\/\/truckned.nl\/de\/produkt\/nedking-spiegellamp-rood-wit\/\" target=\"_blank\" rel=\"noopener\"><strong>Spiegellampe klar - rot\u00a0<\/strong><\/a><\/span><\/li>\n<\/ul>\n<p><span style=\"color: #000000;\">Glauben Sie immer noch, dass die Spiegellampe orange \/ orange der Marke Nedking nicht das ist, was Sie suchen? Das liegt daran, dass Ihnen die Form oder Gr\u00f6\u00dfe nicht gef\u00e4llt? Dann schau doch mal auf der Seite vorbei <a style=\"color: #000000;\" href=\"https:\/\/truckned.nl\/de\/produkt-kategorie\/verlichting\/\" target=\"_blank\" rel=\"noopener\">Beleuchtung<\/a>. Wer wei\u00df, vielleicht finden Sie hier das gesuchte Lampenmodell.<\/span><\/p>","protected":false},"excerpt":{"rendered":"<p>Nedking Spiegelleuchte mit orange\/bernsteinfarbener Linse. Sie m\u00f6chten Ihren LKW mit einer Spiegelleuchte\/Blinkleuchte ausstatten, wissen aber nicht, welche Sie w\u00e4hlen sollen? Die orange\/bernsteinfarbene Spiegelleuchte k\u00f6nnte die richtige f\u00fcr Sie sein. Diese auch als Pablo bekannte Spiegelleuchte hat eine BA15S-Fassung und wird mit [\u2026] geliefert.<\/p>","protected":false},"featured_media":27528,"comment_status":"open","ping_status":"closed","template":"","meta":{"_acf_changed":false,"site-sidebar-layout":"default","site-content-layout":"default","ast-site-content-layout":"default","site-content-style":"default","site-sidebar-style":"default","ast-global-header-display":"","ast-banner-title-visibility":"","ast-main-header-display":"","ast-hfb-above-header-display":"","ast-hfb-below-header-display":"","ast-hfb-mobile-header-display":"","site-post-title":"","ast-breadcrumbs-content":"","ast-featured-img":"","footer-sml-layout":"","ast-disable-related-posts":"","theme-transparent-header-meta":"default","adv-header-id-meta":"","stick-header-meta":"","header-above-stick-meta":"","header-main-stick-meta":"","header-below-stick-meta":"","astra-migrate-meta-layouts":"set","ast-page-background-enabled":"default","ast-page-background-meta":{"desktop":{"background-color":"","background-image":"","background-repeat":"repeat","background-position":"center center","background-size":"auto","background-attachment":"scroll","background-type":"","background-media":"","overlay-type":"","overlay-color":"","overlay-opacity":"","overlay-gradient":""},"tablet":{"background-color":"","background-image":"","background-repeat":"repeat","background-position":"center center","background-size":"auto","background-attachment":"scroll","background-type":"","background-media":"","overlay-type":"","overlay-color":"","overlay-opacity":"","overlay-gradient":""},"mobile":{"background-color":"","background-image":"","background-repeat":"repeat","background-position":"center center","background-size":"auto","background-attachment":"scroll","background-type":"","background-media":"","overlay-type":"","overlay-color":"","overlay-opacity":"","overlay-gradient":""}},"ast-content-background-meta":{"desktop":{"background-color":"var(--ast-global-color-5)","background-image":"","background-repeat":"repeat","background-position":"center center","background-size":"auto","background-attachment":"scroll","background-type":"","background-media":"","overlay-type":"","overlay-color":"","overlay-opacity":"","overlay-gradient":""},"tablet":{"background-color":"var(--ast-global-color-5)","background-image":"","background-repeat":"repeat","background-position":"center center","background-size":"auto","background-attachment":"scroll","background-type":"","background-media":"","overlay-type":"","overlay-color":"","overlay-opacity":"","overlay-gradient":""},"mobile":{"background-color":"var(--ast-global-color-5)","background-image":"","background-repeat":"repeat","background-position":"center center","background-size":"auto","background-attachment":"scroll","background-type":"","background-media":"","overlay-type":"","overlay-color":"","overlay-opacity":"","overlay-gradient":""}}},"product_brand":[],"product_cat":[7529],"product_tag":[],"class_list":{"0":"post-27523","1":"product","2":"type-product","3":"status-publish","4":"has-post-thumbnail","6":"product_cat-verlichting-markeringslampen","7":"pa_merkk-product-nedking","8":"desktop-align-left","9":"tablet-align-left","10":"mobile-align-left","12":"first","13":"instock","14":"taxable","15":"shipping-taxable","16":"purchasable","17":"product-type-simple"},"acf":[],"yoast_head":"<!-- This site is optimized with the Yoast SEO Premium plugin v26.5 (Yoast SEO v26.5) - https:\/\/yoast.com\/wordpress\/plugins\/seo\/ -->\n<title>Nedking spiegellamp oranje\/oranje - Truckned - voor truck en meer<\/title>\n<meta name=\"description\" content=\"Nedking spiegellamp oranje\/oranje glas - BA15S lampfitting - met 15cm kabel - incl. RVS bevestigingsmateriaal - voor vrachtwagen, bestelwagen en meer\" \/>\n<meta name=\"robots\" content=\"index, follow, max-snippet:-1, max-image-preview:large, max-video-preview:-1\" \/>\n<link rel=\"canonical\" href=\"https:\/\/truckned.nl\/de\/produkt\/nedking-spiegellamp-oranje-oranje\/\" \/>\n<meta property=\"og:locale\" content=\"de_DE\" \/>\n<meta property=\"og:type\" content=\"article\" \/>\n<meta property=\"og:title\" content=\"Nedking spiegellamp oranje\/oranje - Truckned - voor truck en meer\" \/>\n<meta property=\"og:description\" content=\"Dubbelbrander oranje glas - met dubbele BA15S lampfitting - met rubber plaatje - met bevestigingsmateriaal - voor vrachtwagen, bestelwagen en meer\" \/>\n<meta property=\"og:url\" content=\"https:\/\/truckned.nl\/de\/produkt\/nedking-spiegellamp-oranje-oranje\/\" \/>\n<meta property=\"og:site_name\" content=\"Truckned\" \/>\n<meta property=\"article:publisher\" content=\"https:\/\/www.facebook.com\/truckned\/\" \/>\n<meta property=\"article:modified_time\" content=\"2026-03-19T15:07:33+00:00\" \/>\n<meta property=\"og:image\" content=\"https:\/\/truckned.nl\/wp-content\/uploads\/2023\/02\/TN463403-OO-1.png\" \/>\n\t<meta property=\"og:image:width\" content=\"800\" \/>\n\t<meta property=\"og:image:height\" content=\"800\" \/>\n\t<meta property=\"og:image:type\" content=\"image\/png\" \/>\n<meta name=\"twitter:label1\" content=\"Preis\" \/>\n\t<meta name=\"twitter:data1\" content=\"&euro;21,95\" \/>\n\t<meta name=\"twitter:label2\" content=\"Verf\u00fcgbarkeit\" \/>\n\t<meta name=\"twitter:data2\" content=\"Auf Lager\" \/>\n<script type=\"application\/ld+json\" class=\"yoast-schema-graph\">{\"@context\":\"https:\/\/schema.org\",\"@graph\":[{\"@type\":[\"WebPage\",\"ItemPage\"],\"@id\":\"https:\/\/truckned.nl\/product\/nedking-spiegellamp-oranje-oranje\/\",\"url\":\"https:\/\/truckned.nl\/product\/nedking-spiegellamp-oranje-oranje\/\",\"name\":\"Nedking spiegellamp oranje\/oranje - Truckned - voor truck en meer\",\"isPartOf\":{\"@id\":\"https:\/\/truckned.nl\/nl\/#website\"},\"primaryImageOfPage\":{\"@id\":\"https:\/\/truckned.nl\/product\/nedking-spiegellamp-oranje-oranje\/#primaryimage\"},\"image\":{\"@id\":\"https:\/\/truckned.nl\/product\/nedking-spiegellamp-oranje-oranje\/#primaryimage\"},\"thumbnailUrl\":\"https:\/\/truckned.nl\/wp-content\/uploads\/2023\/02\/TN463403-OO.png\",\"datePublished\":\"2023-02-28T14:04:32+00:00\",\"dateModified\":\"2026-03-19T15:07:33+00:00\",\"description\":\"Nedking spiegellamp oranje\/oranje glas - BA15S lampfitting - met 15cm kabel - incl. RVS bevestigingsmateriaal - voor vrachtwagen, bestelwagen en meer\",\"breadcrumb\":{\"@id\":\"https:\/\/truckned.nl\/product\/nedking-spiegellamp-oranje-oranje\/#breadcrumb\"},\"inLanguage\":\"de\",\"potentialAction\":[{\"@type\":\"ReadAction\",\"target\":[\"https:\/\/truckned.nl\/product\/nedking-spiegellamp-oranje-oranje\/\"]}]},{\"@type\":\"ImageObject\",\"inLanguage\":\"de\",\"@id\":\"https:\/\/truckned.nl\/product\/nedking-spiegellamp-oranje-oranje\/#primaryimage\",\"url\":\"https:\/\/truckned.nl\/wp-content\/uploads\/2023\/02\/TN463403-OO.png\",\"contentUrl\":\"https:\/\/truckned.nl\/wp-content\/uploads\/2023\/02\/TN463403-OO.png\",\"width\":800,\"height\":800,\"caption\":\"Nedking spiegellamp oranje\/oranje - met BA15S lampfitting - geschikt voor 12 en 24 volt gebruik - EAN: 6090431980976\"},{\"@type\":\"BreadcrumbList\",\"@id\":\"https:\/\/truckned.nl\/product\/nedking-spiegellamp-oranje-oranje\/#breadcrumb\",\"itemListElement\":[{\"@type\":\"ListItem\",\"position\":1,\"name\":\"Home\",\"item\":\"https:\/\/truckned.nl\/\"},{\"@type\":\"ListItem\",\"position\":2,\"name\":\"Shop\",\"item\":\"https:\/\/truckned.nl\/nl\/shop\/\"},{\"@type\":\"ListItem\",\"position\":3,\"name\":\"Verlichting\",\"item\":\"https:\/\/truckned.nl\/de\/produkt-kategorie\/verlichting\/\"},{\"@type\":\"ListItem\",\"position\":4,\"name\":\"Markeringslampen\",\"item\":\"https:\/\/truckned.nl\/nl\/product-categorie\/verlichting\/verlichting-markeringslampen\/\"},{\"@type\":\"ListItem\",\"position\":5,\"name\":\"Nedking spiegellamp oranje\/oranje\"}]},{\"@type\":\"WebSite\",\"@id\":\"https:\/\/truckned.nl\/nl\/#website\",\"url\":\"https:\/\/truckned.nl\/nl\/\",\"name\":\"Truckned\",\"description\":\"\",\"publisher\":{\"@id\":\"https:\/\/truckned.nl\/nl\/#organization\"},\"potentialAction\":[{\"@type\":\"SearchAction\",\"target\":{\"@type\":\"EntryPoint\",\"urlTemplate\":\"https:\/\/truckned.nl\/nl\/?s={search_term_string}\"},\"query-input\":{\"@type\":\"PropertyValueSpecification\",\"valueRequired\":true,\"valueName\":\"search_term_string\"}}],\"inLanguage\":\"de\"},{\"@type\":\"Organization\",\"@id\":\"https:\/\/truckned.nl\/nl\/#organization\",\"name\":\"Truckned\",\"url\":\"https:\/\/truckned.nl\/nl\/\",\"logo\":{\"@type\":\"ImageObject\",\"inLanguage\":\"de\",\"@id\":\"https:\/\/truckned.nl\/nl\/#\/schema\/logo\/image\/\",\"url\":\"https:\/\/truckned.nl\/wp-content\/uploads\/2022\/10\/800x800-Truckned-logo-zonder-tekst-ZWART.png\",\"contentUrl\":\"https:\/\/truckned.nl\/wp-content\/uploads\/2022\/10\/800x800-Truckned-logo-zonder-tekst-ZWART.png\",\"width\":801,\"height\":801,\"caption\":\"Truckned\"},\"image\":{\"@id\":\"https:\/\/truckned.nl\/nl\/#\/schema\/logo\/image\/\"},\"sameAs\":[\"https:\/\/www.facebook.com\/truckned\/\",\"https:\/\/www.instagram.com\/truckned\/\"],\"vatID\":\"NL863960509B01\",\"taxID\":\"86417487\",\"hasMerchantReturnPolicy\":{\"@type\":\"MerchantReturnPolicy\",\"merchantReturnLink\":\"https:\/\/truckned.nl\/de\/versand-rucksendungen\/\"}}]}<\/script>\n<meta property=\"product:brand\" content=\"Nedking\" \/>\n<meta property=\"product:price:amount\" content=\"21.95\" \/>\n<meta property=\"product:price:currency\" content=\"EUR\" \/>\n<meta property=\"og:availability\" content=\"instock\" \/>\n<meta property=\"product:availability\" content=\"instock\" \/>\n<meta property=\"product:retailer_item_id\" content=\"TN463403-OO\" \/>\n<meta property=\"product:condition\" content=\"new\" \/>\n<!-- \/ Yoast SEO Premium plugin. -->","yoast_head_json":{"title":"Nedking Spiegellampe orange\/orange - Truckned - f\u00fcr LKW und mehr","description":"Nedking Spiegellampe Orange\/Orange Glas - BA15S Lampenfassung - mit 15cm Kabel - inkl. Befestigungsmaterial aus Edelstahl - f\u00fcr LKW, Transporter und mehr","robots":{"index":"index","follow":"follow","max-snippet":"max-snippet:-1","max-image-preview":"max-image-preview:large","max-video-preview":"max-video-preview:-1"},"canonical":"https:\/\/truckned.nl\/de\/produkt\/nedking-spiegellamp-oranje-oranje\/","og_locale":"de_DE","og_type":"article","og_title":"Nedking spiegellamp oranje\/oranje - Truckned - voor truck en meer","og_description":"Dubbelbrander oranje glas - met dubbele BA15S lampfitting - met rubber plaatje - met bevestigingsmateriaal - voor vrachtwagen, bestelwagen en meer","og_url":"https:\/\/truckned.nl\/de\/produkt\/nedking-spiegellamp-oranje-oranje\/","og_site_name":"Truckned","article_publisher":"https:\/\/www.facebook.com\/truckned\/","article_modified_time":"2026-03-19T15:07:33+00:00","og_image":[{"width":800,"height":800,"url":"https:\/\/truckned.nl\/wp-content\/uploads\/2023\/02\/TN463403-OO-1.png","type":"image\/png"}],"twitter_misc":{"Preis":"&euro;21,95","Verf\u00fcgbarkeit":"Auf Lager"},"schema":{"@context":"https:\/\/schema.org","@graph":[{"@type":["WebPage","ItemPage"],"@id":"https:\/\/truckned.nl\/product\/nedking-spiegellamp-oranje-oranje\/","url":"https:\/\/truckned.nl\/product\/nedking-spiegellamp-oranje-oranje\/","name":"Nedking Spiegellampe orange\/orange - Truckned - f\u00fcr LKW und mehr","isPartOf":{"@id":"https:\/\/truckned.nl\/nl\/#website"},"primaryImageOfPage":{"@id":"https:\/\/truckned.nl\/product\/nedking-spiegellamp-oranje-oranje\/#primaryimage"},"image":{"@id":"https:\/\/truckned.nl\/product\/nedking-spiegellamp-oranje-oranje\/#primaryimage"},"thumbnailUrl":"https:\/\/truckned.nl\/wp-content\/uploads\/2023\/02\/TN463403-OO.png","datePublished":"2023-02-28T14:04:32+00:00","dateModified":"2026-03-19T15:07:33+00:00","description":"Nedking Spiegellampe Orange\/Orange Glas - BA15S Lampenfassung - mit 15cm Kabel - inkl. Befestigungsmaterial aus Edelstahl - f\u00fcr LKW, Transporter und mehr","breadcrumb":{"@id":"https:\/\/truckned.nl\/product\/nedking-spiegellamp-oranje-oranje\/#breadcrumb"},"inLanguage":"de","potentialAction":[{"@type":"ReadAction","target":["https:\/\/truckned.nl\/product\/nedking-spiegellamp-oranje-oranje\/"]}]},{"@type":"ImageObject","inLanguage":"de","@id":"https:\/\/truckned.nl\/product\/nedking-spiegellamp-oranje-oranje\/#primaryimage","url":"https:\/\/truckned.nl\/wp-content\/uploads\/2023\/02\/TN463403-OO.png","contentUrl":"https:\/\/truckned.nl\/wp-content\/uploads\/2023\/02\/TN463403-OO.png","width":800,"height":800,"caption":"Nedking spiegellamp oranje\/oranje - met BA15S lampfitting - geschikt voor 12 en 24 volt gebruik - EAN: 6090431980976"},{"@type":"BreadcrumbList","@id":"https:\/\/truckned.nl\/product\/nedking-spiegellamp-oranje-oranje\/#breadcrumb","itemListElement":[{"@type":"ListItem","position":1,"name":"Home","item":"https:\/\/truckned.nl\/"},{"@type":"ListItem","position":2,"name":"Shop","item":"https:\/\/truckned.nl\/nl\/shop\/"},{"@type":"ListItem","position":3,"name":"Verlichting","item":"https:\/\/truckned.nl\/de\/produkt-kategorie\/verlichting\/"},{"@type":"ListItem","position":4,"name":"Markeringslampen","item":"https:\/\/truckned.nl\/nl\/product-categorie\/verlichting\/verlichting-markeringslampen\/"},{"@type":"ListItem","position":5,"name":"Nedking spiegellamp oranje\/oranje"}]},{"@type":"WebSite","@id":"https:\/\/truckned.nl\/nl\/#website","url":"https:\/\/truckned.nl\/nl\/","name":"Truckned","description":"","publisher":{"@id":"https:\/\/truckned.nl\/nl\/#organization"},"potentialAction":[{"@type":"SearchAction","target":{"@type":"EntryPoint","urlTemplate":"https:\/\/truckned.nl\/nl\/?s={search_term_string}"},"query-input":{"@type":"PropertyValueSpecification","valueRequired":true,"valueName":"search_term_string"}}],"inLanguage":"de"},{"@type":"Organization","@id":"https:\/\/truckned.nl\/nl\/#organization","name":"Truckned","url":"https:\/\/truckned.nl\/nl\/","logo":{"@type":"ImageObject","inLanguage":"de","@id":"https:\/\/truckned.nl\/nl\/#\/schema\/logo\/image\/","url":"https:\/\/truckned.nl\/wp-content\/uploads\/2022\/10\/800x800-Truckned-logo-zonder-tekst-ZWART.png","contentUrl":"https:\/\/truckned.nl\/wp-content\/uploads\/2022\/10\/800x800-Truckned-logo-zonder-tekst-ZWART.png","width":801,"height":801,"caption":"Truckned"},"image":{"@id":"https:\/\/truckned.nl\/nl\/#\/schema\/logo\/image\/"},"sameAs":["https:\/\/www.facebook.com\/truckned\/","https:\/\/www.instagram.com\/truckned\/"],"vatID":"NL863960509B01","taxID":"86417487","hasMerchantReturnPolicy":{"@type":"MerchantReturnPolicy","merchantReturnLink":"https:\/\/truckned.nl\/de\/versand-rucksendungen\/"}}]},"product_brand":"Nedking","product_price_amount":"21.95","product_price_currency":"EUR","og_availability":"instock","product_availability":"instock","product_retailer_item_id":"TN463403-OO","product_condition":"new"},"_links":{"self":[{"href":"https:\/\/truckned.nl\/de\/wp-json\/wp\/v2\/product\/27523","targetHints":{"allow":["GET"]}}],"collection":[{"href":"https:\/\/truckned.nl\/de\/wp-json\/wp\/v2\/product"}],"about":[{"href":"https:\/\/truckned.nl\/de\/wp-json\/wp\/v2\/types\/product"}],"replies":[{"embeddable":true,"href":"https:\/\/truckned.nl\/de\/wp-json\/wp\/v2\/comments?post=27523"}],"wp:featuredmedia":[{"embeddable":true,"href":"https:\/\/truckned.nl\/de\/wp-json\/wp\/v2\/media\/27528"}],"wp:attachment":[{"href":"https:\/\/truckned.nl\/de\/wp-json\/wp\/v2\/media?parent=27523"}],"wp:term":[{"taxonomy":"product_brand","embeddable":true,"href":"https:\/\/truckned.nl\/de\/wp-json\/wp\/v2\/product_brand?post=27523"},{"taxonomy":"product_cat","embeddable":true,"href":"https:\/\/truckned.nl\/de\/wp-json\/wp\/v2\/product_cat?post=27523"},{"taxonomy":"product_tag","embeddable":true,"href":"https:\/\/truckned.nl\/de\/wp-json\/wp\/v2\/product_tag?post=27523"}],"curies":[{"name":"wp","href":"https:\/\/api.w.org\/{rel}","templated":true}]}}