{"id":27562,"date":"2023-03-09T14:12:36","date_gmt":"2023-03-09T13:12:36","guid":{"rendered":"https:\/\/truckned.nl\/?post_type=product&#038;p=27562"},"modified":"2026-02-06T15:05:12","modified_gmt":"2026-02-06T14:05:12","slug":"poppy-led-lamp-groen","status":"publish","type":"product","link":"https:\/\/truckned.nl\/de\/produkt\/poppy-led-lamp-groen\/","title":{"rendered":"Poppy LED Lampe GR\u00dcN"},"content":{"rendered":"<p><span style=\"color: #000000;\"><strong>Poppy Grace Mate LED Lampe GR\u00dcN.<\/strong><\/span><\/p>\n<p><span style=\"color: #000000;\">Sie m\u00f6chten Ihrem Poppy Grace Mate Lufterfrischer eine Farbe geben, wissen aber nicht welche? Vielleicht die Poppy LED Lampe GR\u00dcN oder die von Ihnen gesuchte Farblampe. Indem Sie die Beleuchtung am Lufterfrischer anbringen, sorgen Sie daf\u00fcr, dass die gesamte Flasche in der Farbe der Lampe leuchtet. Der gr\u00fcn leuchtende Ring LED ist passend f\u00fcr den Lufterfrischer Poppy Grace Mate und passt daher nicht unter andere Flaschentypen. Zur Befestigung der Lampe an der Flasche ist ein Kleberand angebracht.\u00a0<\/span><\/p>\n<p><span style=\"color: #000000;\">Um sicherzustellen, dass die gr\u00fcne Lampe Poppy Grace Mate LED f\u00fcr Ihren LKW oder Ihren Arbeitsplatz geeignet ist, haben wir nachfolgend einige Spezifikationen aufgelistet. Dies soll Ihnen helfen zu verstehen, warum dies die Lampe sein k\u00f6nnte, die Sie suchen. Die Lampe ist mit einem Zigarettenanz\u00fcnderstecker ausgestattet und kann sowohl mit 12 als auch mit 24 Volt betrieben werden. Dank ihrer Multispannungs-Ausf\u00fchrung k\u00f6nnen Sie die Lampe LED in einem Pkw, LKW oder einem anderen Fahrzeug verwenden. Um Kurzschl\u00fcsse zu vermeiden, verf\u00fcgt die Lampe \u00fcber eine eigene Sicherung, die sich zudem leicht austauschen l\u00e4sst.\u00a0<\/span><\/p>\n<h5><span style=\"color: #000000;\"><strong>Andere <\/strong><strong>Auff\u00fchrungen<\/strong><strong>:<\/strong><\/span><\/h5>\n<p><span style=\"color: #000000;\">Ist die gr\u00fcne Lampe LED nicht die gew\u00fcnschte Ausf\u00fchrung? Dann beachten Sie bitte, dass die Lampen Poppy Grace Mate und LED auch in folgenden Farben erh\u00e4ltlich sind:<\/span><\/p>\n<ul>\n<li><span style=\"color: #000000;\"><b><a style=\"color: #000000;\" href=\"https:\/\/truckned.nl\/de\/produkt\/poppy-led-lamp-blauw\/\" target=\"_blank\" rel=\"noopener\">Grace Mate LED Ring BLAU<\/a><\/b><\/span><\/li>\n<li><span style=\"color: #000000;\"><a style=\"color: #000000;\" href=\"https:\/\/truckned.nl\/de\/produkt\/poppy-led-lamp-rood\/\" target=\"_blank\" rel=\"noopener\"><b>Grace Mate LED Ring ROT<\/b><\/a><\/span><\/li>\n<li><span style=\"color: #000000;\"><a style=\"color: #000000;\" href=\"https:\/\/truckned.nl\/de\/produkt\/poppy-led-lamp-wit\/\" target=\"_blank\" rel=\"noopener\"><b>Grace Mate LED Ring WEI\u00df<\/b><\/a><\/span><\/li>\n<li><span style=\"color: #000000;\"><a style=\"color: #000000;\" href=\"https:\/\/truckned.nl\/de\/produkt\/poppy-led-lamp-rgb\/\" target=\"_blank\" rel=\"noopener\"><b>Grace Mate LED RGB-Ring<\/b><\/a><\/span><\/li>\n<li><span style=\"color: #000000;\"><a style=\"color: #000000;\" href=\"https:\/\/truckned.nl\/de\/produkt\/poppy-led-lamp-rgb-usb-a\/\"><strong>Grace Mate LED Ring RGB USB-A<\/strong><\/a><\/span><\/li>\n<\/ul>\n<p><span style=\"color: #000000;\">Falls Sie der Meinung sind, dass die gr\u00fcne Lampe Poppy Grace Mate LED nicht Ihren Vorstellungen entspricht, sehen Sie sich die anderen Poppy Grace Mate-Produkte an unter <a style=\"color: #000000;\" href=\"https:\/\/truckned.nl\/de\/merk\/poppy-grace-mate\/\" target=\"_blank\" rel=\"noopener\">diese Seite<\/a>.<\/span><\/p>","protected":false},"excerpt":{"rendered":"<p>LED lamp groen geschikt voor Poppy Grace Mate &#8211; met aanstekerplug.<\/p>","protected":false},"featured_media":34382,"comment_status":"open","ping_status":"closed","template":"","meta":{"_acf_changed":false,"site-sidebar-layout":"default","site-content-layout":"default","ast-site-content-layout":"default","site-content-style":"default","site-sidebar-style":"default","ast-global-header-display":"","ast-banner-title-visibility":"","ast-main-header-display":"","ast-hfb-above-header-display":"","ast-hfb-below-header-display":"","ast-hfb-mobile-header-display":"","site-post-title":"","ast-breadcrumbs-content":"","ast-featured-img":"","footer-sml-layout":"","ast-disable-related-posts":"","theme-transparent-header-meta":"default","adv-header-id-meta":"","stick-header-meta":"","header-above-stick-meta":"","header-main-stick-meta":"","header-below-stick-meta":"","astra-migrate-meta-layouts":"set","ast-page-background-enabled":"default","ast-page-background-meta":{"desktop":{"background-color":"","background-image":"","background-repeat":"repeat","background-position":"center center","background-size":"auto","background-attachment":"scroll","background-type":"","background-media":"","overlay-type":"","overlay-color":"","overlay-opacity":"","overlay-gradient":""},"tablet":{"background-color":"","background-image":"","background-repeat":"repeat","background-position":"center center","background-size":"auto","background-attachment":"scroll","background-type":"","background-media":"","overlay-type":"","overlay-color":"","overlay-opacity":"","overlay-gradient":""},"mobile":{"background-color":"","background-image":"","background-repeat":"repeat","background-position":"center center","background-size":"auto","background-attachment":"scroll","background-type":"","background-media":"","overlay-type":"","overlay-color":"","overlay-opacity":"","overlay-gradient":""}},"ast-content-background-meta":{"desktop":{"background-color":"var(--ast-global-color-5)","background-image":"","background-repeat":"repeat","background-position":"center center","background-size":"auto","background-attachment":"scroll","background-type":"","background-media":"","overlay-type":"","overlay-color":"","overlay-opacity":"","overlay-gradient":""},"tablet":{"background-color":"var(--ast-global-color-5)","background-image":"","background-repeat":"repeat","background-position":"center center","background-size":"auto","background-attachment":"scroll","background-type":"","background-media":"","overlay-type":"","overlay-color":"","overlay-opacity":"","overlay-gradient":""},"mobile":{"background-color":"var(--ast-global-color-5)","background-image":"","background-repeat":"repeat","background-position":"center center","background-size":"auto","background-attachment":"scroll","background-type":"","background-media":"","overlay-type":"","overlay-color":"","overlay-opacity":"","overlay-gradient":""}}},"product_brand":[],"product_cat":[7530,7531],"product_tag":[],"class_list":{"0":"post-27562","1":"product","2":"type-product","3":"status-publish","4":"has-post-thumbnail","6":"product_cat-geurhanger-luchtverfrisser","7":"product_cat-interieur-verlichting","8":"pa_merkk-poppy-grace-mate","9":"desktop-align-left","10":"tablet-align-left","11":"mobile-align-left","13":"first","14":"instock","15":"taxable","16":"shipping-taxable","17":"purchasable","18":"product-type-simple"},"acf":[],"yoast_head":"<!-- This site is optimized with the Yoast SEO Premium plugin v26.5 (Yoast SEO v26.5) - https:\/\/yoast.com\/wordpress\/plugins\/seo\/ -->\n<title>Poppy LED lamp GROEN - Truckned - voor Poppy luchtverfrissers<\/title>\n<meta name=\"description\" content=\"Poppy Grace Mate LED lamp GROEN - LED verlichting voor auto, vrachtwagen, camper, tractor en meer- werkzaam op 12 en 24 Volt - luchtverfrisser optioneel\" \/>\n<meta name=\"robots\" content=\"index, follow, max-snippet:-1, max-image-preview:large, max-video-preview:-1\" \/>\n<link rel=\"canonical\" href=\"https:\/\/truckned.nl\/de\/produkt\/poppy-led-lamp-groen\/\" \/>\n<meta property=\"og:locale\" content=\"de_DE\" \/>\n<meta property=\"og:type\" content=\"article\" \/>\n<meta property=\"og:title\" content=\"Poppy LED lamp GROEN - Truckned - voor Poppy luchtverfrissers\" \/>\n<meta property=\"og:description\" content=\"Poppy Grace Mate LED lamp GROEN - LED verlichting voor auto, vrachtwagen, camper, tractor en meer- werkzaam op 12 en 24 Volt - luchtverfrisser optioneel\" \/>\n<meta property=\"og:url\" content=\"https:\/\/truckned.nl\/de\/produkt\/poppy-led-lamp-groen\/\" \/>\n<meta property=\"og:site_name\" content=\"Truckned\" \/>\n<meta property=\"article:publisher\" content=\"https:\/\/www.facebook.com\/truckned\/\" \/>\n<meta property=\"article:modified_time\" content=\"2026-02-06T14:05:12+00:00\" \/>\n<meta property=\"og:image\" content=\"https:\/\/truckned.nl\/wp-content\/uploads\/2023\/03\/TN-500210-SM.png\" \/>\n\t<meta property=\"og:image:width\" content=\"800\" \/>\n\t<meta property=\"og:image:height\" content=\"800\" \/>\n\t<meta property=\"og:image:type\" content=\"image\/png\" \/>\n<meta name=\"twitter:label1\" content=\"Preis\" \/>\n\t<meta name=\"twitter:data1\" content=\"&euro;11,95\" \/>\n\t<meta name=\"twitter:label2\" content=\"Verf\u00fcgbarkeit\" \/>\n\t<meta name=\"twitter:data2\" content=\"Auf Lager\" \/>\n<script type=\"application\/ld+json\" class=\"yoast-schema-graph\">{\"@context\":\"https:\/\/schema.org\",\"@graph\":[{\"@type\":[\"WebPage\",\"ItemPage\"],\"@id\":\"https:\/\/truckned.nl\/product\/poppy-led-lamp-groen\/\",\"url\":\"https:\/\/truckned.nl\/product\/poppy-led-lamp-groen\/\",\"name\":\"Poppy LED lamp GROEN - Truckned - voor Poppy luchtverfrissers\",\"isPartOf\":{\"@id\":\"https:\/\/truckned.nl\/nl\/#website\"},\"primaryImageOfPage\":{\"@id\":\"https:\/\/truckned.nl\/product\/poppy-led-lamp-groen\/#primaryimage\"},\"image\":{\"@id\":\"https:\/\/truckned.nl\/product\/poppy-led-lamp-groen\/#primaryimage\"},\"thumbnailUrl\":\"https:\/\/truckned.nl\/wp-content\/uploads\/2023\/03\/TN-500210-1-1.png\",\"datePublished\":\"2023-03-09T13:12:36+00:00\",\"dateModified\":\"2026-02-06T14:05:12+00:00\",\"description\":\"Poppy Grace Mate LED lamp GROEN - LED verlichting voor auto, vrachtwagen, camper, tractor en meer- werkzaam op 12 en 24 Volt - luchtverfrisser optioneel\",\"breadcrumb\":{\"@id\":\"https:\/\/truckned.nl\/product\/poppy-led-lamp-groen\/#breadcrumb\"},\"inLanguage\":\"de\",\"potentialAction\":[{\"@type\":\"ReadAction\",\"target\":[\"https:\/\/truckned.nl\/product\/poppy-led-lamp-groen\/\"]}]},{\"@type\":\"ImageObject\",\"inLanguage\":\"de\",\"@id\":\"https:\/\/truckned.nl\/product\/poppy-led-lamp-groen\/#primaryimage\",\"url\":\"https:\/\/truckned.nl\/wp-content\/uploads\/2023\/03\/TN-500210-1-1.png\",\"contentUrl\":\"https:\/\/truckned.nl\/wp-content\/uploads\/2023\/03\/TN-500210-1-1.png\",\"width\":800,\"height\":800,\"caption\":\"Poppy LED ring groen\"},{\"@type\":\"BreadcrumbList\",\"@id\":\"https:\/\/truckned.nl\/product\/poppy-led-lamp-groen\/#breadcrumb\",\"itemListElement\":[{\"@type\":\"ListItem\",\"position\":1,\"name\":\"Home\",\"item\":\"https:\/\/truckned.nl\/\"},{\"@type\":\"ListItem\",\"position\":2,\"name\":\"Shop\",\"item\":\"https:\/\/truckned.nl\/nl\/shop\/\"},{\"@type\":\"ListItem\",\"position\":3,\"name\":\"Cabine - binnenzijde\",\"item\":\"https:\/\/truckned.nl\/de\/produkt-kategorie\/cabine-binnenzijden\/\"},{\"@type\":\"ListItem\",\"position\":4,\"name\":\"Geurhanger \/ luchtverfrisser\",\"item\":\"https:\/\/truckned.nl\/de\/produkt-kategorie\/cabine-binnenzijden\/geurhanger-luchtverfrisser\/\"},{\"@type\":\"ListItem\",\"position\":5,\"name\":\"Poppy LED lamp GROEN\"}]},{\"@type\":\"WebSite\",\"@id\":\"https:\/\/truckned.nl\/nl\/#website\",\"url\":\"https:\/\/truckned.nl\/nl\/\",\"name\":\"Truckned\",\"description\":\"\",\"publisher\":{\"@id\":\"https:\/\/truckned.nl\/nl\/#organization\"},\"potentialAction\":[{\"@type\":\"SearchAction\",\"target\":{\"@type\":\"EntryPoint\",\"urlTemplate\":\"https:\/\/truckned.nl\/nl\/?s={search_term_string}\"},\"query-input\":{\"@type\":\"PropertyValueSpecification\",\"valueRequired\":true,\"valueName\":\"search_term_string\"}}],\"inLanguage\":\"de\"},{\"@type\":\"Organization\",\"@id\":\"https:\/\/truckned.nl\/nl\/#organization\",\"name\":\"Truckned\",\"url\":\"https:\/\/truckned.nl\/nl\/\",\"logo\":{\"@type\":\"ImageObject\",\"inLanguage\":\"de\",\"@id\":\"https:\/\/truckned.nl\/nl\/#\/schema\/logo\/image\/\",\"url\":\"https:\/\/truckned.nl\/wp-content\/uploads\/2022\/10\/800x800-Truckned-logo-zonder-tekst-ZWART.png\",\"contentUrl\":\"https:\/\/truckned.nl\/wp-content\/uploads\/2022\/10\/800x800-Truckned-logo-zonder-tekst-ZWART.png\",\"width\":801,\"height\":801,\"caption\":\"Truckned\"},\"image\":{\"@id\":\"https:\/\/truckned.nl\/nl\/#\/schema\/logo\/image\/\"},\"sameAs\":[\"https:\/\/www.facebook.com\/truckned\/\",\"https:\/\/www.instagram.com\/truckned\/\"],\"vatID\":\"NL863960509B01\",\"taxID\":\"86417487\",\"hasMerchantReturnPolicy\":{\"@type\":\"MerchantReturnPolicy\",\"merchantReturnLink\":\"https:\/\/truckned.nl\/de\/versand-rucksendungen\/\"}}]}<\/script>\n<meta property=\"product:brand\" content=\"Poppy Grace Mate\" \/>\n<meta property=\"product:price:amount\" content=\"11.95\" \/>\n<meta property=\"product:price:currency\" content=\"EUR\" \/>\n<meta property=\"og:availability\" content=\"instock\" \/>\n<meta property=\"product:availability\" content=\"instock\" \/>\n<meta property=\"product:retailer_item_id\" content=\"TN-500210\" \/>\n<meta property=\"product:condition\" content=\"new\" \/>\n<!-- \/ Yoast SEO Premium plugin. -->","yoast_head_json":{"title":"Poppy LED Lampe GR\u00dcN - Truckned - f\u00fcr Poppy Lufterfrischer","description":"Poppy Grace Mate LED Lampe GR\u00dcN - LED Beleuchtung f\u00fcr Auto, LKW, Wohnmobil, Traktor und mehr - funktioniert mit 12 und 24 Volt - Lufterfrischer optional","robots":{"index":"index","follow":"follow","max-snippet":"max-snippet:-1","max-image-preview":"max-image-preview:large","max-video-preview":"max-video-preview:-1"},"canonical":"https:\/\/truckned.nl\/de\/produkt\/poppy-led-lamp-groen\/","og_locale":"de_DE","og_type":"article","og_title":"Poppy LED lamp GROEN - Truckned - voor Poppy luchtverfrissers","og_description":"Poppy Grace Mate LED lamp GROEN - LED verlichting voor auto, vrachtwagen, camper, tractor en meer- werkzaam op 12 en 24 Volt - luchtverfrisser optioneel","og_url":"https:\/\/truckned.nl\/de\/produkt\/poppy-led-lamp-groen\/","og_site_name":"Truckned","article_publisher":"https:\/\/www.facebook.com\/truckned\/","article_modified_time":"2026-02-06T14:05:12+00:00","og_image":[{"width":800,"height":800,"url":"https:\/\/truckned.nl\/wp-content\/uploads\/2023\/03\/TN-500210-SM.png","type":"image\/png"}],"twitter_misc":{"Preis":"&euro;11,95","Verf\u00fcgbarkeit":"Auf Lager"},"schema":{"@context":"https:\/\/schema.org","@graph":[{"@type":["WebPage","ItemPage"],"@id":"https:\/\/truckned.nl\/product\/poppy-led-lamp-groen\/","url":"https:\/\/truckned.nl\/product\/poppy-led-lamp-groen\/","name":"Poppy LED Lampe GR\u00dcN - Truckned - f\u00fcr Poppy Lufterfrischer","isPartOf":{"@id":"https:\/\/truckned.nl\/nl\/#website"},"primaryImageOfPage":{"@id":"https:\/\/truckned.nl\/product\/poppy-led-lamp-groen\/#primaryimage"},"image":{"@id":"https:\/\/truckned.nl\/product\/poppy-led-lamp-groen\/#primaryimage"},"thumbnailUrl":"https:\/\/truckned.nl\/wp-content\/uploads\/2023\/03\/TN-500210-1-1.png","datePublished":"2023-03-09T13:12:36+00:00","dateModified":"2026-02-06T14:05:12+00:00","description":"Poppy Grace Mate LED Lampe GR\u00dcN - LED Beleuchtung f\u00fcr Auto, LKW, Wohnmobil, Traktor und mehr - funktioniert mit 12 und 24 Volt - Lufterfrischer optional","breadcrumb":{"@id":"https:\/\/truckned.nl\/product\/poppy-led-lamp-groen\/#breadcrumb"},"inLanguage":"de","potentialAction":[{"@type":"ReadAction","target":["https:\/\/truckned.nl\/product\/poppy-led-lamp-groen\/"]}]},{"@type":"ImageObject","inLanguage":"de","@id":"https:\/\/truckned.nl\/product\/poppy-led-lamp-groen\/#primaryimage","url":"https:\/\/truckned.nl\/wp-content\/uploads\/2023\/03\/TN-500210-1-1.png","contentUrl":"https:\/\/truckned.nl\/wp-content\/uploads\/2023\/03\/TN-500210-1-1.png","width":800,"height":800,"caption":"Poppy LED ring groen"},{"@type":"BreadcrumbList","@id":"https:\/\/truckned.nl\/product\/poppy-led-lamp-groen\/#breadcrumb","itemListElement":[{"@type":"ListItem","position":1,"name":"Home","item":"https:\/\/truckned.nl\/"},{"@type":"ListItem","position":2,"name":"Shop","item":"https:\/\/truckned.nl\/nl\/shop\/"},{"@type":"ListItem","position":3,"name":"Cabine - binnenzijde","item":"https:\/\/truckned.nl\/de\/produkt-kategorie\/cabine-binnenzijden\/"},{"@type":"ListItem","position":4,"name":"Geurhanger \/ luchtverfrisser","item":"https:\/\/truckned.nl\/de\/produkt-kategorie\/cabine-binnenzijden\/geurhanger-luchtverfrisser\/"},{"@type":"ListItem","position":5,"name":"Poppy LED lamp GROEN"}]},{"@type":"WebSite","@id":"https:\/\/truckned.nl\/nl\/#website","url":"https:\/\/truckned.nl\/nl\/","name":"Truckned","description":"","publisher":{"@id":"https:\/\/truckned.nl\/nl\/#organization"},"potentialAction":[{"@type":"SearchAction","target":{"@type":"EntryPoint","urlTemplate":"https:\/\/truckned.nl\/nl\/?s={search_term_string}"},"query-input":{"@type":"PropertyValueSpecification","valueRequired":true,"valueName":"search_term_string"}}],"inLanguage":"de"},{"@type":"Organization","@id":"https:\/\/truckned.nl\/nl\/#organization","name":"Truckned","url":"https:\/\/truckned.nl\/nl\/","logo":{"@type":"ImageObject","inLanguage":"de","@id":"https:\/\/truckned.nl\/nl\/#\/schema\/logo\/image\/","url":"https:\/\/truckned.nl\/wp-content\/uploads\/2022\/10\/800x800-Truckned-logo-zonder-tekst-ZWART.png","contentUrl":"https:\/\/truckned.nl\/wp-content\/uploads\/2022\/10\/800x800-Truckned-logo-zonder-tekst-ZWART.png","width":801,"height":801,"caption":"Truckned"},"image":{"@id":"https:\/\/truckned.nl\/nl\/#\/schema\/logo\/image\/"},"sameAs":["https:\/\/www.facebook.com\/truckned\/","https:\/\/www.instagram.com\/truckned\/"],"vatID":"NL863960509B01","taxID":"86417487","hasMerchantReturnPolicy":{"@type":"MerchantReturnPolicy","merchantReturnLink":"https:\/\/truckned.nl\/de\/versand-rucksendungen\/"}}]},"product_brand":"Poppy Grace Mate","product_price_amount":"11.95","product_price_currency":"EUR","og_availability":"instock","product_availability":"instock","product_retailer_item_id":"TN-500210","product_condition":"new"},"_links":{"self":[{"href":"https:\/\/truckned.nl\/de\/wp-json\/wp\/v2\/product\/27562","targetHints":{"allow":["GET"]}}],"collection":[{"href":"https:\/\/truckned.nl\/de\/wp-json\/wp\/v2\/product"}],"about":[{"href":"https:\/\/truckned.nl\/de\/wp-json\/wp\/v2\/types\/product"}],"replies":[{"embeddable":true,"href":"https:\/\/truckned.nl\/de\/wp-json\/wp\/v2\/comments?post=27562"}],"wp:featuredmedia":[{"embeddable":true,"href":"https:\/\/truckned.nl\/de\/wp-json\/wp\/v2\/media\/34382"}],"wp:attachment":[{"href":"https:\/\/truckned.nl\/de\/wp-json\/wp\/v2\/media?parent=27562"}],"wp:term":[{"taxonomy":"product_brand","embeddable":true,"href":"https:\/\/truckned.nl\/de\/wp-json\/wp\/v2\/product_brand?post=27562"},{"taxonomy":"product_cat","embeddable":true,"href":"https:\/\/truckned.nl\/de\/wp-json\/wp\/v2\/product_cat?post=27562"},{"taxonomy":"product_tag","embeddable":true,"href":"https:\/\/truckned.nl\/de\/wp-json\/wp\/v2\/product_tag?post=27562"}],"curies":[{"name":"wp","href":"https:\/\/api.w.org\/{rel}","templated":true}]}}