{"id":27589,"date":"2023-03-09T15:50:15","date_gmt":"2023-03-09T13:50:15","guid":{"rendered":"https:\/\/truckned.nl\/?post_type=product&#038;p=27589"},"modified":"2026-04-18T07:11:24","modified_gmt":"2026-04-18T05:11:24","slug":"strands-werklamp-12w","status":"publish","type":"product","link":"https:\/\/truckned.nl\/de\/produkt\/strands-werklamp-12w\/","title":{"rendered":"Strands Arbeitsscheinwerfer 12W"},"content":{"rendered":"<p><span style=\"color: #000000;\"><strong>Strands LED Arbeitsscheinwerfer 12w, f\u00fcr 12 und 24 Volt.\u00a0<\/strong><\/span><\/p>\n<p><span style=\"color: #000000;\">Du m\u00f6chtest deinen Truck oder Trailer mit einem Arbeitsscheinwerfer ausstatten, wei\u00dft aber nicht welchen du nehmen sollst? Vielleicht ist die Arbeitslampe Strands LED 12W die Lampe, die Sie suchen. Die LED Lampe ist mit 4 lichtstarken LEDs best\u00fcckt und liefert 1080 Lumen. Diese Mini-Arbeitslampe kann mit 12 und 24 Volt betrieben werden. So k\u00f6nnen Sie die Arbeitsleuchte zum Beispiel f\u00fcr PKW, Traktor, LKW oder Anh\u00e4nger verwenden.\u00a0<\/span><\/p>\n<p><span style=\"color: #000000;\">Wenn Sie sich f\u00fcr eine Arbeitslampe Strands LED 12W entscheiden, entscheiden Sie sich f\u00fcr Qualit\u00e4t. Dies wird durch mehrere Punkte best\u00e4tigt. Eine davon ist zum Beispiel die 2-Jahres-Garantie, mit der die Lampe geliefert wird. Da die Lampe 2 Jahre Garantie hat, k\u00f6nnen Sie sicher sein, dass Sie unterwegs einige Zeit gut beleuchtet sind. Ein weiterer zus\u00e4tzlicher Vorteil ist das ECE R10-G\u00fctezeichen, dieses Qualit\u00e4tszeichen stellt sicher, dass die Lampe w\u00e4hrend der Aktivierung beispielsweise das Funksignal nicht st\u00f6rt. Die Lampe LED wird mit Befestigungsmaterial aus Edelstahl geliefert, damit Sie die Lampe einfach montieren k\u00f6nnen.\u00a0<\/span><\/p>\n<h5><span style=\"color: #000000;\"><strong>Abmessungen:<\/strong><\/span><\/h5>\n<p><span style=\"color: #000000;\">Damit Sie die Mini-LED-Lampe \u00fcberall montieren k\u00f6nnen, haben wir die Abmessungen unten aufgef\u00fchrt. Die Abmessungen der Mini-LED-Arbeitslampe 12w der Marke Strands sind wie folgt:<\/span><\/p>\n<ul>\n<li><span style=\"color: #000000;\">H\u00f6he: 65 mm (81 mm inkl. Halterung)<\/span><\/li>\n<li><span style=\"color: #000000;\">Breite: 72 mm<\/span><\/li>\n<li><span style=\"color: #000000;\">Dicke: 40,5 mm<\/span><\/li>\n<\/ul>\n<h5><span style=\"color: #000000;\"><strong>Andere Modelle:<\/strong><\/span><\/h5>\n<p><span style=\"color: #000000;\">Gef\u00e4llt Ihnen die Arbeitsleuchte Strands oder LED, m\u00f6chten Sie diese Version aber nicht? Dann sehen Sie sich hier die anderen Strands-Modelle an.<\/span><\/p>\n<ul>\n<li><span style=\"color: #000000;\"><a style=\"color: #000000;\" href=\"https:\/\/truckned.nl\/de\/produkt\/strands-werklamp-15w\/\" target=\"_blank\" rel=\"noopener\"><strong>Strands LED Gl\u00fchlampe 15w<\/strong><\/a><\/span><\/li>\n<li><span style=\"color: #000000;\"><a style=\"color: #000000;\" href=\"https:\/\/truckned.nl\/de\/produkt\/strands-werklamp-18w\/\" target=\"_blank\" rel=\"noopener\"><strong>Strands LED Gl\u00fchlampe 18w<\/strong><\/a><\/span><\/li>\n<li><span style=\"color: #000000;\"><a style=\"color: #000000;\" href=\"https:\/\/truckned.nl\/de\/produkt\/strands-werklamp-25w\/\" target=\"_blank\" rel=\"noopener\"><strong>Strands LED Gl\u00fchlampe 25W<\/strong><\/a><\/span><\/li>\n<li><span style=\"color: #000000;\"><a style=\"color: #000000;\" href=\"https:\/\/truckned.nl\/de\/produkt\/strands-werklamp-29w\/\" target=\"_blank\" rel=\"noopener\"><strong>Strands LED Gl\u00fchlampe 29W<\/strong><\/a><\/span><\/li>\n<\/ul>\n<p><span style=\"color: #000000;\">Sind Sie der Meinung, dass die Arbeitsleuchte Strands LED 12W nicht das ist, wonach Sie suchen? Einfach weil Ihnen die Farbe, Form oder L\u00e4nge nicht gef\u00e4llt? Sehen Sie sich hier das komplette Sortiment an <a style=\"color: #000000;\" href=\"https:\/\/truckned.nl\/de\/produkt-kategorie\/werklampen\/\" target=\"_blank\" rel=\"noopener\">Arbeitsscheinwerfer<\/a>.\u00a0<\/span><\/p>","protected":false},"excerpt":{"rendered":"<p>Strands LED Arbeitsscheinwerfer 12W, f\u00fcr 12 &amp; 24 Volt Betrieb. Sie m\u00f6chten Ihren LKW oder Anh\u00e4nger mit einem Arbeitsscheinwerfer ausstatten, wissen aber nicht, welchen Sie w\u00e4hlen sollen? Der Strands LED Arbeitsscheinwerfer 12W k\u00f6nnte die Leuchte sein, die Sie suchen. Die LED Leuchte verf\u00fcgt \u00fcber vier helle LEDs und liefert 1080 [\u2026]<\/p>","protected":false},"featured_media":27618,"comment_status":"open","ping_status":"closed","template":"","meta":{"_acf_changed":false,"site-sidebar-layout":"default","site-content-layout":"default","ast-site-content-layout":"default","site-content-style":"default","site-sidebar-style":"default","ast-global-header-display":"","ast-banner-title-visibility":"","ast-main-header-display":"","ast-hfb-above-header-display":"","ast-hfb-below-header-display":"","ast-hfb-mobile-header-display":"","site-post-title":"","ast-breadcrumbs-content":"","ast-featured-img":"","footer-sml-layout":"","ast-disable-related-posts":"","theme-transparent-header-meta":"default","adv-header-id-meta":"","stick-header-meta":"","header-above-stick-meta":"","header-main-stick-meta":"","header-below-stick-meta":"","astra-migrate-meta-layouts":"set","ast-page-background-enabled":"default","ast-page-background-meta":{"desktop":{"background-color":"","background-image":"","background-repeat":"repeat","background-position":"center center","background-size":"auto","background-attachment":"scroll","background-type":"","background-media":"","overlay-type":"","overlay-color":"","overlay-opacity":"","overlay-gradient":""},"tablet":{"background-color":"","background-image":"","background-repeat":"repeat","background-position":"center center","background-size":"auto","background-attachment":"scroll","background-type":"","background-media":"","overlay-type":"","overlay-color":"","overlay-opacity":"","overlay-gradient":""},"mobile":{"background-color":"","background-image":"","background-repeat":"repeat","background-position":"center center","background-size":"auto","background-attachment":"scroll","background-type":"","background-media":"","overlay-type":"","overlay-color":"","overlay-opacity":"","overlay-gradient":""}},"ast-content-background-meta":{"desktop":{"background-color":"var(--ast-global-color-5)","background-image":"","background-repeat":"repeat","background-position":"center center","background-size":"auto","background-attachment":"scroll","background-type":"","background-media":"","overlay-type":"","overlay-color":"","overlay-opacity":"","overlay-gradient":""},"tablet":{"background-color":"var(--ast-global-color-5)","background-image":"","background-repeat":"repeat","background-position":"center center","background-size":"auto","background-attachment":"scroll","background-type":"","background-media":"","overlay-type":"","overlay-color":"","overlay-opacity":"","overlay-gradient":""},"mobile":{"background-color":"var(--ast-global-color-5)","background-image":"","background-repeat":"repeat","background-position":"center center","background-size":"auto","background-attachment":"scroll","background-type":"","background-media":"","overlay-type":"","overlay-color":"","overlay-opacity":"","overlay-gradient":""}}},"product_brand":[],"product_cat":[7206],"product_tag":[373,2426,3787,2427,2419,2421,2422,2423,2420,2418],"class_list":{"0":"post-27589","1":"product","2":"type-product","3":"status-publish","4":"has-post-thumbnail","6":"product_cat-werklampen","7":"product_tag-led-werklamp","8":"product_tag-strands-led-verlichting","9":"product_tag-strands-werklamp","10":"product_tag-strands-lighting-division","11":"product_tag-werklamp-aanhanger","12":"product_tag-werklamp-heftruck","13":"product_tag-werklamp-kooiaap","14":"product_tag-werklamp-tractor","15":"product_tag-werklamp-trailer","16":"product_tag-werklamp-vrachtwagen","17":"pa_merkk-product-strands-lighting-division","18":"desktop-align-left","19":"tablet-align-left","20":"mobile-align-left","22":"first","23":"instock","24":"taxable","25":"shipping-taxable","26":"purchasable","27":"product-type-simple"},"acf":[],"yoast_head":"<!-- This site is optimized with the Yoast SEO Premium plugin v26.5 (Yoast SEO v26.5) - https:\/\/yoast.com\/wordpress\/plugins\/seo\/ -->\n<title>Strands werklamp 12W - Truckned - lampen voor truck en trailer<\/title>\n<meta name=\"description\" content=\"Strands werklamp 12w - mini LED werklamp met 4 LED - goed voor 1080 Lumen - geschikt voor diverse voertuigen - IP67 waterproof - ECE R10\" \/>\n<meta name=\"robots\" content=\"index, follow, max-snippet:-1, max-image-preview:large, max-video-preview:-1\" \/>\n<link rel=\"canonical\" href=\"https:\/\/truckned.nl\/de\/produkt\/strands-werklamp-12w\/\" \/>\n<meta property=\"og:locale\" content=\"de_DE\" \/>\n<meta property=\"og:type\" content=\"article\" \/>\n<meta property=\"og:title\" content=\"Strands werklamp 12W - Truckned - lampen voor truck en trailer\" \/>\n<meta property=\"og:description\" content=\"Strands werklamp 12w - mini LED werklamp met 4 LED - goed voor 1080 Lumen - geschikt voor diverse voertuigen - IP67 waterproof - ECE R10\" \/>\n<meta property=\"og:url\" content=\"https:\/\/truckned.nl\/de\/produkt\/strands-werklamp-12w\/\" \/>\n<meta property=\"og:site_name\" content=\"Truckned\" \/>\n<meta property=\"article:publisher\" content=\"https:\/\/www.facebook.com\/truckned\/\" \/>\n<meta property=\"article:modified_time\" content=\"2026-04-18T05:11:24+00:00\" \/>\n<meta property=\"og:image\" content=\"https:\/\/truckned.nl\/wp-content\/uploads\/2023\/03\/TN-589000-SM.png\" \/>\n\t<meta property=\"og:image:width\" content=\"800\" \/>\n\t<meta property=\"og:image:height\" content=\"800\" \/>\n\t<meta property=\"og:image:type\" content=\"image\/png\" \/>\n<meta name=\"twitter:label1\" content=\"Preis\" \/>\n\t<meta name=\"twitter:data1\" content=\"&euro;24,95\" \/>\n\t<meta name=\"twitter:label2\" content=\"Verf\u00fcgbarkeit\" \/>\n\t<meta name=\"twitter:data2\" content=\"Auf Lager\" \/>\n<script type=\"application\/ld+json\" class=\"yoast-schema-graph\">{\"@context\":\"https:\/\/schema.org\",\"@graph\":[{\"@type\":[\"WebPage\",\"ItemPage\"],\"@id\":\"https:\/\/truckned.nl\/product\/strands-werklamp-12w\/\",\"url\":\"https:\/\/truckned.nl\/product\/strands-werklamp-12w\/\",\"name\":\"Strands werklamp 12W - Truckned - lampen voor truck en trailer\",\"isPartOf\":{\"@id\":\"https:\/\/truckned.nl\/nl\/#website\"},\"primaryImageOfPage\":{\"@id\":\"https:\/\/truckned.nl\/product\/strands-werklamp-12w\/#primaryimage\"},\"image\":{\"@id\":\"https:\/\/truckned.nl\/product\/strands-werklamp-12w\/#primaryimage\"},\"thumbnailUrl\":\"https:\/\/truckned.nl\/wp-content\/uploads\/2023\/03\/TN-589000.png\",\"datePublished\":\"2023-03-09T13:50:15+00:00\",\"dateModified\":\"2026-04-18T05:11:24+00:00\",\"description\":\"Strands werklamp 12w - mini LED werklamp met 4 LED - goed voor 1080 Lumen - geschikt voor diverse voertuigen - IP67 waterproof - ECE R10\",\"breadcrumb\":{\"@id\":\"https:\/\/truckned.nl\/product\/strands-werklamp-12w\/#breadcrumb\"},\"inLanguage\":\"de\",\"potentialAction\":[{\"@type\":\"ReadAction\",\"target\":[\"https:\/\/truckned.nl\/product\/strands-werklamp-12w\/\"]}]},{\"@type\":\"ImageObject\",\"inLanguage\":\"de\",\"@id\":\"https:\/\/truckned.nl\/product\/strands-werklamp-12w\/#primaryimage\",\"url\":\"https:\/\/truckned.nl\/wp-content\/uploads\/2023\/03\/TN-589000.png\",\"contentUrl\":\"https:\/\/truckned.nl\/wp-content\/uploads\/2023\/03\/TN-589000.png\",\"width\":800,\"height\":800,\"caption\":\"Strands mini LED werklamp 12w - EAN: 7323030178468\"},{\"@type\":\"BreadcrumbList\",\"@id\":\"https:\/\/truckned.nl\/product\/strands-werklamp-12w\/#breadcrumb\",\"itemListElement\":[{\"@type\":\"ListItem\",\"position\":1,\"name\":\"Home\",\"item\":\"https:\/\/truckned.nl\/\"},{\"@type\":\"ListItem\",\"position\":2,\"name\":\"Shop\",\"item\":\"https:\/\/truckned.nl\/nl\/shop\/\"},{\"@type\":\"ListItem\",\"position\":3,\"name\":\"Werklampen\",\"item\":\"https:\/\/truckned.nl\/de\/produkt-kategorie\/werklampen\/\"},{\"@type\":\"ListItem\",\"position\":4,\"name\":\"Strands werklamp 12W\"}]},{\"@type\":\"WebSite\",\"@id\":\"https:\/\/truckned.nl\/nl\/#website\",\"url\":\"https:\/\/truckned.nl\/nl\/\",\"name\":\"Truckned\",\"description\":\"\",\"publisher\":{\"@id\":\"https:\/\/truckned.nl\/nl\/#organization\"},\"potentialAction\":[{\"@type\":\"SearchAction\",\"target\":{\"@type\":\"EntryPoint\",\"urlTemplate\":\"https:\/\/truckned.nl\/nl\/?s={search_term_string}\"},\"query-input\":{\"@type\":\"PropertyValueSpecification\",\"valueRequired\":true,\"valueName\":\"search_term_string\"}}],\"inLanguage\":\"de\"},{\"@type\":\"Organization\",\"@id\":\"https:\/\/truckned.nl\/nl\/#organization\",\"name\":\"Truckned\",\"url\":\"https:\/\/truckned.nl\/nl\/\",\"logo\":{\"@type\":\"ImageObject\",\"inLanguage\":\"de\",\"@id\":\"https:\/\/truckned.nl\/nl\/#\/schema\/logo\/image\/\",\"url\":\"https:\/\/truckned.nl\/wp-content\/uploads\/2022\/10\/800x800-Truckned-logo-zonder-tekst-ZWART.png\",\"contentUrl\":\"https:\/\/truckned.nl\/wp-content\/uploads\/2022\/10\/800x800-Truckned-logo-zonder-tekst-ZWART.png\",\"width\":801,\"height\":801,\"caption\":\"Truckned\"},\"image\":{\"@id\":\"https:\/\/truckned.nl\/nl\/#\/schema\/logo\/image\/\"},\"sameAs\":[\"https:\/\/www.facebook.com\/truckned\/\",\"https:\/\/www.instagram.com\/truckned\/\"],\"vatID\":\"NL863960509B01\",\"taxID\":\"86417487\",\"hasMerchantReturnPolicy\":{\"@type\":\"MerchantReturnPolicy\",\"merchantReturnLink\":\"https:\/\/truckned.nl\/de\/versand-rucksendungen\/\"}}]}<\/script>\n<meta property=\"product:brand\" content=\"Strands\" \/>\n<meta property=\"product:price:amount\" content=\"24.95\" \/>\n<meta property=\"product:price:currency\" content=\"EUR\" \/>\n<meta property=\"og:availability\" content=\"instock\" \/>\n<meta property=\"product:availability\" content=\"instock\" \/>\n<meta property=\"product:retailer_item_id\" content=\"TN-809000\" \/>\n<meta property=\"product:condition\" content=\"new\" \/>\n<!-- \/ Yoast SEO Premium plugin. -->","yoast_head_json":{"title":"Strands Arbeitsscheinwerfer 12W - Truckned - Lampen f\u00fcr LKW und Anh\u00e4nger","description":"Strands Arbeitslampe 12W - Mini LED Arbeitslampe mit 4 LED - gut f\u00fcr 1080 Lumen - passend f\u00fcr diverse Fahrzeuge - IP67 wasserdicht - ECE R10","robots":{"index":"index","follow":"follow","max-snippet":"max-snippet:-1","max-image-preview":"max-image-preview:large","max-video-preview":"max-video-preview:-1"},"canonical":"https:\/\/truckned.nl\/de\/produkt\/strands-werklamp-12w\/","og_locale":"de_DE","og_type":"article","og_title":"Strands werklamp 12W - Truckned - lampen voor truck en trailer","og_description":"Strands werklamp 12w - mini LED werklamp met 4 LED - goed voor 1080 Lumen - geschikt voor diverse voertuigen - IP67 waterproof - ECE R10","og_url":"https:\/\/truckned.nl\/de\/produkt\/strands-werklamp-12w\/","og_site_name":"Truckned","article_publisher":"https:\/\/www.facebook.com\/truckned\/","article_modified_time":"2026-04-18T05:11:24+00:00","og_image":[{"width":800,"height":800,"url":"https:\/\/truckned.nl\/wp-content\/uploads\/2023\/03\/TN-589000-SM.png","type":"image\/png"}],"twitter_misc":{"Preis":"&euro;24,95","Verf\u00fcgbarkeit":"Auf Lager"},"schema":{"@context":"https:\/\/schema.org","@graph":[{"@type":["WebPage","ItemPage"],"@id":"https:\/\/truckned.nl\/product\/strands-werklamp-12w\/","url":"https:\/\/truckned.nl\/product\/strands-werklamp-12w\/","name":"Strands Arbeitsscheinwerfer 12W - Truckned - Lampen f\u00fcr LKW und Anh\u00e4nger","isPartOf":{"@id":"https:\/\/truckned.nl\/nl\/#website"},"primaryImageOfPage":{"@id":"https:\/\/truckned.nl\/product\/strands-werklamp-12w\/#primaryimage"},"image":{"@id":"https:\/\/truckned.nl\/product\/strands-werklamp-12w\/#primaryimage"},"thumbnailUrl":"https:\/\/truckned.nl\/wp-content\/uploads\/2023\/03\/TN-589000.png","datePublished":"2023-03-09T13:50:15+00:00","dateModified":"2026-04-18T05:11:24+00:00","description":"Strands Arbeitslampe 12W - Mini LED Arbeitslampe mit 4 LED - gut f\u00fcr 1080 Lumen - passend f\u00fcr diverse Fahrzeuge - IP67 wasserdicht - ECE R10","breadcrumb":{"@id":"https:\/\/truckned.nl\/product\/strands-werklamp-12w\/#breadcrumb"},"inLanguage":"de","potentialAction":[{"@type":"ReadAction","target":["https:\/\/truckned.nl\/product\/strands-werklamp-12w\/"]}]},{"@type":"ImageObject","inLanguage":"de","@id":"https:\/\/truckned.nl\/product\/strands-werklamp-12w\/#primaryimage","url":"https:\/\/truckned.nl\/wp-content\/uploads\/2023\/03\/TN-589000.png","contentUrl":"https:\/\/truckned.nl\/wp-content\/uploads\/2023\/03\/TN-589000.png","width":800,"height":800,"caption":"Strands mini LED werklamp 12w - EAN: 7323030178468"},{"@type":"BreadcrumbList","@id":"https:\/\/truckned.nl\/product\/strands-werklamp-12w\/#breadcrumb","itemListElement":[{"@type":"ListItem","position":1,"name":"Home","item":"https:\/\/truckned.nl\/"},{"@type":"ListItem","position":2,"name":"Shop","item":"https:\/\/truckned.nl\/nl\/shop\/"},{"@type":"ListItem","position":3,"name":"Werklampen","item":"https:\/\/truckned.nl\/de\/produkt-kategorie\/werklampen\/"},{"@type":"ListItem","position":4,"name":"Strands werklamp 12W"}]},{"@type":"WebSite","@id":"https:\/\/truckned.nl\/nl\/#website","url":"https:\/\/truckned.nl\/nl\/","name":"Truckned","description":"","publisher":{"@id":"https:\/\/truckned.nl\/nl\/#organization"},"potentialAction":[{"@type":"SearchAction","target":{"@type":"EntryPoint","urlTemplate":"https:\/\/truckned.nl\/nl\/?s={search_term_string}"},"query-input":{"@type":"PropertyValueSpecification","valueRequired":true,"valueName":"search_term_string"}}],"inLanguage":"de"},{"@type":"Organization","@id":"https:\/\/truckned.nl\/nl\/#organization","name":"Truckned","url":"https:\/\/truckned.nl\/nl\/","logo":{"@type":"ImageObject","inLanguage":"de","@id":"https:\/\/truckned.nl\/nl\/#\/schema\/logo\/image\/","url":"https:\/\/truckned.nl\/wp-content\/uploads\/2022\/10\/800x800-Truckned-logo-zonder-tekst-ZWART.png","contentUrl":"https:\/\/truckned.nl\/wp-content\/uploads\/2022\/10\/800x800-Truckned-logo-zonder-tekst-ZWART.png","width":801,"height":801,"caption":"Truckned"},"image":{"@id":"https:\/\/truckned.nl\/nl\/#\/schema\/logo\/image\/"},"sameAs":["https:\/\/www.facebook.com\/truckned\/","https:\/\/www.instagram.com\/truckned\/"],"vatID":"NL863960509B01","taxID":"86417487","hasMerchantReturnPolicy":{"@type":"MerchantReturnPolicy","merchantReturnLink":"https:\/\/truckned.nl\/de\/versand-rucksendungen\/"}}]},"product_brand":"Strands","product_price_amount":"24.95","product_price_currency":"EUR","og_availability":"instock","product_availability":"instock","product_retailer_item_id":"TN-809000","product_condition":"new"},"_links":{"self":[{"href":"https:\/\/truckned.nl\/de\/wp-json\/wp\/v2\/product\/27589","targetHints":{"allow":["GET"]}}],"collection":[{"href":"https:\/\/truckned.nl\/de\/wp-json\/wp\/v2\/product"}],"about":[{"href":"https:\/\/truckned.nl\/de\/wp-json\/wp\/v2\/types\/product"}],"replies":[{"embeddable":true,"href":"https:\/\/truckned.nl\/de\/wp-json\/wp\/v2\/comments?post=27589"}],"wp:featuredmedia":[{"embeddable":true,"href":"https:\/\/truckned.nl\/de\/wp-json\/wp\/v2\/media\/27618"}],"wp:attachment":[{"href":"https:\/\/truckned.nl\/de\/wp-json\/wp\/v2\/media?parent=27589"}],"wp:term":[{"taxonomy":"product_brand","embeddable":true,"href":"https:\/\/truckned.nl\/de\/wp-json\/wp\/v2\/product_brand?post=27589"},{"taxonomy":"product_cat","embeddable":true,"href":"https:\/\/truckned.nl\/de\/wp-json\/wp\/v2\/product_cat?post=27589"},{"taxonomy":"product_tag","embeddable":true,"href":"https:\/\/truckned.nl\/de\/wp-json\/wp\/v2\/product_tag?post=27589"}],"curies":[{"name":"wp","href":"https:\/\/api.w.org\/{rel}","templated":true}]}}