{"id":27887,"date":"2024-08-01T15:45:19","date_gmt":"2024-08-01T14:45:19","guid":{"rendered":"https:\/\/truckned.nl\/?post_type=product&#038;p=27887"},"modified":"2026-04-13T12:13:46","modified_gmt":"2026-04-13T10:13:46","slug":"ba15s-led-lamp-oranje-set-2-stuks","status":"publish","type":"product","link":"https:\/\/truckned.nl\/de\/produkt\/ba15s-led-lamp-oranje-set-2-stuks\/","title":{"rendered":"BA15S LED Lampenorange \u2013 2er-Set"},"content":{"rendered":"<p><span style=\"color: #000000;\"><strong>BA15S LED Lampe orange f\u00fcr 12 &amp; 24 Volt.<\/strong><\/span><\/p>\n<p><span style=\"color: #000000;\">Suchen Sie eine helle LED-Gl\u00fchbirne als Ersatz f\u00fcr Ihre originale BA15S-Halogenlampe? Dann ist diese orangefarbene BA15S LED-Gl\u00fchbirne genau das Richtige f\u00fcr Sie. Sie enth\u00e4lt acht leistungsstarke LED-Gl\u00fchbirnen und wird im Zweierset geliefert, sodass Sie beide Enden gleichzeitig austauschen k\u00f6nnen. Die Lichtleistung entspricht der einer 21-W-Halogenlampe, ist aber deutlich energieeffizienter. Dank des 12\/24-Volt-Anschlusses k\u00f6nnen Sie sie problemlos in PKW, LKW, Wohnmobil oder Anh\u00e4nger verwenden. Bitte beachten Sie, dass die Originallampe genau mit der Abbildung auf dem zweiten Bild \u00fcbereinstimmen muss, da diese LED-Gl\u00fchbirne sonst nicht passt. Dies gew\u00e4hrleistet einen perfekten Ersatz, der sowohl zuverl\u00e4ssig als auch optisch ansprechend ist.<\/span><\/p>\n<h5><span style=\"color: #000000;\"><strong>Abmessungen:<\/strong><\/span><\/h5>\n<p><span style=\"color: #000000;\">Um sicherzustellen, dass Sie die Lampe BA15S LED Orange \u00fcberall montieren k\u00f6nnen, haben wir unten die Abmessungen aufgef\u00fchrt. Die Abmessungen dieser bernsteinfarbenen LED-Lampe mit Bajonettanschluss sind wie folgt:<\/span><\/p>\n<ul>\n<li><span style=\"color: #000000;\">L\u00e4nge: 40 mm<\/span><\/li>\n<li><span style=\"color: #000000;\">Spitzenbreite: 23 mm<\/span><\/li>\n<li><span style=\"color: #000000;\">Bodenbreite: 15 mm<\/span><\/li>\n<\/ul>\n<p><span style=\"color: #000000;\"><em>Bitte beachten Sie, dass diese LED-Lampen nicht CAN-Bus-sicher sind. Dies bedeutet, dass diese Lampe eine Meldung \u00fcber eine defekte Lampe im Armaturenbrett generieren kann. Dies gilt vor allem f\u00fcr neuere Pkw-Modelle, Lkw bleiben hier oft ausgenommen. Auch Zusatzleuchten wie Strahler, Breitenleuchten oder Oberlichter sind vom CAN-Bus-System ausgenommen.\u00a0<\/em><\/span><\/p>\n<h5><span style=\"color: #000000;\"><strong>Andere Farben:<\/strong><\/span><\/h5>\n<p><span style=\"color: #000000;\">Suchen Sie eine R10W- oder P21W-LED-Lampe, aber ist die orange Lampe BA15S LED nicht die Farbe, die Sie suchen? Dann wissen Sie, dass die LED-Lampe von Nedking mit BA15S-Anschluss auch in den folgenden Farben erh\u00e4ltlich ist:\u00a0<\/span><\/p>\n<ul>\n<li><span style=\"color: #000000;\"><a style=\"color: #000000;\" href=\"https:\/\/truckned.nl\/de\/produkt\/ba15s-led-lamp-rood-set-2-stuks\/\" target=\"_blank\" rel=\"noopener\"><strong>Nedking BA15S Lampe ROT<\/strong><\/a><\/span><\/li>\n<li><span style=\"color: #000000;\"><a style=\"color: #000000;\" href=\"https:\/\/truckned.nl\/de\/produkt\/ba15s-led-lamp-wit-set-2-stuks\/\" target=\"_blank\" rel=\"noopener\"><strong>Nedking BA15S Lampe WEISS<\/strong><\/a><\/span><\/li>\n<\/ul>\n<h5><span style=\"color: #000000;\"><strong>Warum hat diese BA15S LED Lampe kein E-Pr\u00fcfzeichen?<\/strong><\/span><\/h5>\n<p><span style=\"color: #000000;\">Ersatzlampen m\u00fcssen den europ\u00e4ischen Normen hinsichtlich Sicherheit, Wasserdichtigkeit und Kurzschlussschutz (ECE-R37) entsprechen. Diese Standards basieren auf der Gl\u00fchlampe und der Halogenlampe der Vergangenheit. LED-Ersatzlampen k\u00f6nnen diese Standards nicht erf\u00fcllen. Der Grund daf\u00fcr ist, dass kein Filament darin ist. Dadurch erh\u00e4lt diese LED-Lampe nicht das ECE-R37-G\u00fctezeichen und darf daher offiziell nicht im \u00f6ffentlichen Stra\u00dfenverkehr eingesetzt werden. Sie k\u00f6nnen die rote Lampe BA15S LED beispielsweise auf Ihrem eigenen Grundst\u00fcck oder im Rennsport verwenden.<\/span><\/p>","protected":false},"excerpt":{"rendered":"<p>BA15S LED lamp oranje voor 12 &amp; 24 volt gebruik. Ben je op zoek naar een felle LED lamp om je originele BA15S halogeenlamp te vervangen? Dan is deze oranje BA15S LED lamp precies wat je zoekt. De lamp is voorzien van 8 krachtige LED\u2019s en wordt geleverd per set van 2 stuks, zodat je [&hellip;]<\/p>","protected":false},"featured_media":27893,"comment_status":"open","ping_status":"closed","template":"","meta":{"_acf_changed":false,"site-sidebar-layout":"default","site-content-layout":"default","ast-site-content-layout":"default","site-content-style":"default","site-sidebar-style":"default","ast-global-header-display":"","ast-banner-title-visibility":"","ast-main-header-display":"","ast-hfb-above-header-display":"","ast-hfb-below-header-display":"","ast-hfb-mobile-header-display":"","site-post-title":"","ast-breadcrumbs-content":"","ast-featured-img":"","footer-sml-layout":"","ast-disable-related-posts":"","theme-transparent-header-meta":"default","adv-header-id-meta":"","stick-header-meta":"","header-above-stick-meta":"","header-main-stick-meta":"","header-below-stick-meta":"","astra-migrate-meta-layouts":"set","ast-page-background-enabled":"default","ast-page-background-meta":{"desktop":{"background-color":"","background-image":"","background-repeat":"repeat","background-position":"center center","background-size":"auto","background-attachment":"scroll","background-type":"","background-media":"","overlay-type":"","overlay-color":"","overlay-opacity":"","overlay-gradient":""},"tablet":{"background-color":"","background-image":"","background-repeat":"repeat","background-position":"center center","background-size":"auto","background-attachment":"scroll","background-type":"","background-media":"","overlay-type":"","overlay-color":"","overlay-opacity":"","overlay-gradient":""},"mobile":{"background-color":"","background-image":"","background-repeat":"repeat","background-position":"center center","background-size":"auto","background-attachment":"scroll","background-type":"","background-media":"","overlay-type":"","overlay-color":"","overlay-opacity":"","overlay-gradient":""}},"ast-content-background-meta":{"desktop":{"background-color":"var(--ast-global-color-5)","background-image":"","background-repeat":"repeat","background-position":"center center","background-size":"auto","background-attachment":"scroll","background-type":"","background-media":"","overlay-type":"","overlay-color":"","overlay-opacity":"","overlay-gradient":""},"tablet":{"background-color":"var(--ast-global-color-5)","background-image":"","background-repeat":"repeat","background-position":"center center","background-size":"auto","background-attachment":"scroll","background-type":"","background-media":"","overlay-type":"","overlay-color":"","overlay-opacity":"","overlay-gradient":""},"mobile":{"background-color":"var(--ast-global-color-5)","background-image":"","background-repeat":"repeat","background-position":"center center","background-size":"auto","background-attachment":"scroll","background-type":"","background-media":"","overlay-type":"","overlay-color":"","overlay-opacity":"","overlay-gradient":""}}},"product_brand":[],"product_cat":[7208,7534],"product_tag":[],"class_list":{"0":"post-27887","1":"product","2":"type-product","3":"status-publish","4":"has-post-thumbnail","6":"product_cat-led-verlichting","7":"product_cat-verlichting-vervaningslampen","8":"pa_merkk-product-nedking","9":"desktop-align-left","10":"tablet-align-left","11":"mobile-align-left","13":"first","14":"instock","15":"taxable","16":"shipping-taxable","17":"purchasable","18":"product-type-simple"},"acf":[],"yoast_head":"<!-- This site is optimized with the Yoast SEO Premium plugin v26.5 (Yoast SEO v26.5) - https:\/\/yoast.com\/wordpress\/plugins\/seo\/ -->\n<title>BA15S LED lamp oranje - set 2 stuks - Truckned - voor interieur en exterieur<\/title>\n<meta name=\"description\" content=\"BA15S LED lamp oranje van Nedking - voorzien van 8 SMD LED - voor 12 en 24 volt - vervangt R5W, R10W en P21W lamp - set 2 stuks - past in Talmu en Gylle\" \/>\n<meta name=\"robots\" content=\"index, follow, max-snippet:-1, max-image-preview:large, max-video-preview:-1\" \/>\n<link rel=\"canonical\" href=\"https:\/\/truckned.nl\/de\/produkt\/ba15s-led-lamp-oranje-set-2-stuks\/\" \/>\n<meta property=\"og:locale\" content=\"de_DE\" \/>\n<meta property=\"og:type\" content=\"article\" \/>\n<meta property=\"og:title\" content=\"BA15S LED lamp oranje - set 2 stuks - Truckned - voor interieur en exterieur\" \/>\n<meta property=\"og:description\" content=\"BA15S LED lamp oranje van Nedking - voorzien van 8 SMD LED - voor 12 en 24 volt - vervangt R5W, R10W en P21W lamp - set 2 stuks - past in Talmu en Gylle\" \/>\n<meta property=\"og:url\" content=\"https:\/\/truckned.nl\/de\/produkt\/ba15s-led-lamp-oranje-set-2-stuks\/\" \/>\n<meta property=\"og:site_name\" content=\"Truckned\" \/>\n<meta property=\"article:publisher\" content=\"https:\/\/www.facebook.com\/truckned\/\" \/>\n<meta property=\"article:modified_time\" content=\"2026-04-13T10:13:46+00:00\" \/>\n<meta property=\"og:image\" content=\"https:\/\/truckned.nl\/wp-content\/uploads\/2023\/07\/TN-463515-A.png\" \/>\n\t<meta property=\"og:image:width\" content=\"800\" \/>\n\t<meta property=\"og:image:height\" content=\"800\" \/>\n\t<meta property=\"og:image:type\" content=\"image\/png\" \/>\n<meta name=\"twitter:label1\" content=\"Preis\" \/>\n\t<meta name=\"twitter:data1\" content=\"&euro;19,95\" \/>\n\t<meta name=\"twitter:label2\" content=\"Verf\u00fcgbarkeit\" \/>\n\t<meta name=\"twitter:data2\" content=\"Auf Lager\" \/>\n<script type=\"application\/ld+json\" class=\"yoast-schema-graph\">{\"@context\":\"https:\/\/schema.org\",\"@graph\":[{\"@type\":[\"WebPage\",\"ItemPage\"],\"@id\":\"https:\/\/truckned.nl\/product\/ba15s-led-lamp-oranje-set-2-stuks\/\",\"url\":\"https:\/\/truckned.nl\/product\/ba15s-led-lamp-oranje-set-2-stuks\/\",\"name\":\"BA15S LED lamp oranje - set 2 stuks - Truckned - voor interieur en exterieur\",\"isPartOf\":{\"@id\":\"https:\/\/truckned.nl\/nl\/#website\"},\"primaryImageOfPage\":{\"@id\":\"https:\/\/truckned.nl\/product\/ba15s-led-lamp-oranje-set-2-stuks\/#primaryimage\"},\"image\":{\"@id\":\"https:\/\/truckned.nl\/product\/ba15s-led-lamp-oranje-set-2-stuks\/#primaryimage\"},\"thumbnailUrl\":\"https:\/\/truckned.nl\/wp-content\/uploads\/2023\/07\/TN-463515-A.png\",\"datePublished\":\"2024-08-01T14:45:19+00:00\",\"dateModified\":\"2026-04-13T10:13:46+00:00\",\"description\":\"BA15S LED lamp oranje van Nedking - voorzien van 8 SMD LED - voor 12 en 24 volt - vervangt R5W, R10W en P21W lamp - set 2 stuks - past in Talmu en Gylle\",\"breadcrumb\":{\"@id\":\"https:\/\/truckned.nl\/product\/ba15s-led-lamp-oranje-set-2-stuks\/#breadcrumb\"},\"inLanguage\":\"de\",\"potentialAction\":[{\"@type\":\"ReadAction\",\"target\":[\"https:\/\/truckned.nl\/product\/ba15s-led-lamp-oranje-set-2-stuks\/\"]}]},{\"@type\":\"ImageObject\",\"inLanguage\":\"de\",\"@id\":\"https:\/\/truckned.nl\/product\/ba15s-led-lamp-oranje-set-2-stuks\/#primaryimage\",\"url\":\"https:\/\/truckned.nl\/wp-content\/uploads\/2023\/07\/TN-463515-A.png\",\"contentUrl\":\"https:\/\/truckned.nl\/wp-content\/uploads\/2023\/07\/TN-463515-A.png\",\"width\":800,\"height\":800,\"caption\":\"Nedking BA15S LED lamp ORANJE - LED lamp voor 12 en 24 volt gebruik - voorzien van 8 SMD LED\"},{\"@type\":\"BreadcrumbList\",\"@id\":\"https:\/\/truckned.nl\/product\/ba15s-led-lamp-oranje-set-2-stuks\/#breadcrumb\",\"itemListElement\":[{\"@type\":\"ListItem\",\"position\":1,\"name\":\"Home\",\"item\":\"https:\/\/truckned.nl\/\"},{\"@type\":\"ListItem\",\"position\":2,\"name\":\"Shop\",\"item\":\"https:\/\/truckned.nl\/nl\/shop\/\"},{\"@type\":\"ListItem\",\"position\":3,\"name\":\"LED verlichting\",\"item\":\"https:\/\/truckned.nl\/product-categorie\/led-verlichting\/\"},{\"@type\":\"ListItem\",\"position\":4,\"name\":\"BA15S LED lamp oranje &#8211; set 2 stuks\"}]},{\"@type\":\"WebSite\",\"@id\":\"https:\/\/truckned.nl\/nl\/#website\",\"url\":\"https:\/\/truckned.nl\/nl\/\",\"name\":\"Truckned\",\"description\":\"\",\"publisher\":{\"@id\":\"https:\/\/truckned.nl\/nl\/#organization\"},\"potentialAction\":[{\"@type\":\"SearchAction\",\"target\":{\"@type\":\"EntryPoint\",\"urlTemplate\":\"https:\/\/truckned.nl\/nl\/?s={search_term_string}\"},\"query-input\":{\"@type\":\"PropertyValueSpecification\",\"valueRequired\":true,\"valueName\":\"search_term_string\"}}],\"inLanguage\":\"de\"},{\"@type\":\"Organization\",\"@id\":\"https:\/\/truckned.nl\/nl\/#organization\",\"name\":\"Truckned\",\"url\":\"https:\/\/truckned.nl\/nl\/\",\"logo\":{\"@type\":\"ImageObject\",\"inLanguage\":\"de\",\"@id\":\"https:\/\/truckned.nl\/nl\/#\/schema\/logo\/image\/\",\"url\":\"https:\/\/truckned.nl\/wp-content\/uploads\/2022\/10\/800x800-Truckned-logo-zonder-tekst-ZWART.png\",\"contentUrl\":\"https:\/\/truckned.nl\/wp-content\/uploads\/2022\/10\/800x800-Truckned-logo-zonder-tekst-ZWART.png\",\"width\":801,\"height\":801,\"caption\":\"Truckned\"},\"image\":{\"@id\":\"https:\/\/truckned.nl\/nl\/#\/schema\/logo\/image\/\"},\"sameAs\":[\"https:\/\/www.facebook.com\/truckned\/\",\"https:\/\/www.instagram.com\/truckned\/\"],\"vatID\":\"NL863960509B01\",\"taxID\":\"86417487\",\"hasMerchantReturnPolicy\":{\"@type\":\"MerchantReturnPolicy\",\"merchantReturnLink\":\"https:\/\/truckned.nl\/de\/versand-rucksendungen\/\"}}]}<\/script>\n<meta property=\"product:brand\" content=\"Nedking\" \/>\n<meta property=\"product:price:amount\" content=\"19.95\" \/>\n<meta property=\"product:price:currency\" content=\"EUR\" \/>\n<meta property=\"og:availability\" content=\"instock\" \/>\n<meta property=\"product:availability\" content=\"instock\" \/>\n<meta property=\"product:retailer_item_id\" content=\"TN-463515-A\" \/>\n<meta property=\"product:condition\" content=\"new\" \/>\n<!-- \/ Yoast SEO Premium plugin. -->","yoast_head_json":{"title":"BA15S LED orange Lampe - 2er-Set - Truckned - f\u00fcr den Innen- und Au\u00dfenbereich","description":"BA15S LED Lampe orange von Nedking \u2013 best\u00fcckt mit 8 SMD LED \u2013 f\u00fcr 12 und 24 Volt \u2013 ersetzt R5W, R10W und P21W Lampe \u2013 Set bestehend aus 2 St\u00fcck \u2013 passt in Talmu und Gylle","robots":{"index":"index","follow":"follow","max-snippet":"max-snippet:-1","max-image-preview":"max-image-preview:large","max-video-preview":"max-video-preview:-1"},"canonical":"https:\/\/truckned.nl\/de\/produkt\/ba15s-led-lamp-oranje-set-2-stuks\/","og_locale":"de_DE","og_type":"article","og_title":"BA15S LED lamp oranje - set 2 stuks - Truckned - voor interieur en exterieur","og_description":"BA15S LED lamp oranje van Nedking - voorzien van 8 SMD LED - voor 12 en 24 volt - vervangt R5W, R10W en P21W lamp - set 2 stuks - past in Talmu en Gylle","og_url":"https:\/\/truckned.nl\/de\/produkt\/ba15s-led-lamp-oranje-set-2-stuks\/","og_site_name":"Truckned","article_publisher":"https:\/\/www.facebook.com\/truckned\/","article_modified_time":"2026-04-13T10:13:46+00:00","og_image":[{"width":800,"height":800,"url":"https:\/\/truckned.nl\/wp-content\/uploads\/2023\/07\/TN-463515-A.png","type":"image\/png"}],"twitter_misc":{"Preis":"&euro;19,95","Verf\u00fcgbarkeit":"Auf Lager"},"schema":{"@context":"https:\/\/schema.org","@graph":[{"@type":["WebPage","ItemPage"],"@id":"https:\/\/truckned.nl\/product\/ba15s-led-lamp-oranje-set-2-stuks\/","url":"https:\/\/truckned.nl\/product\/ba15s-led-lamp-oranje-set-2-stuks\/","name":"BA15S LED orange Lampe - 2er-Set - Truckned - f\u00fcr den Innen- und Au\u00dfenbereich","isPartOf":{"@id":"https:\/\/truckned.nl\/nl\/#website"},"primaryImageOfPage":{"@id":"https:\/\/truckned.nl\/product\/ba15s-led-lamp-oranje-set-2-stuks\/#primaryimage"},"image":{"@id":"https:\/\/truckned.nl\/product\/ba15s-led-lamp-oranje-set-2-stuks\/#primaryimage"},"thumbnailUrl":"https:\/\/truckned.nl\/wp-content\/uploads\/2023\/07\/TN-463515-A.png","datePublished":"2024-08-01T14:45:19+00:00","dateModified":"2026-04-13T10:13:46+00:00","description":"BA15S LED Lampe orange von Nedking \u2013 best\u00fcckt mit 8 SMD LED \u2013 f\u00fcr 12 und 24 Volt \u2013 ersetzt R5W, R10W und P21W Lampe \u2013 Set bestehend aus 2 St\u00fcck \u2013 passt in Talmu und Gylle","breadcrumb":{"@id":"https:\/\/truckned.nl\/product\/ba15s-led-lamp-oranje-set-2-stuks\/#breadcrumb"},"inLanguage":"de","potentialAction":[{"@type":"ReadAction","target":["https:\/\/truckned.nl\/product\/ba15s-led-lamp-oranje-set-2-stuks\/"]}]},{"@type":"ImageObject","inLanguage":"de","@id":"https:\/\/truckned.nl\/product\/ba15s-led-lamp-oranje-set-2-stuks\/#primaryimage","url":"https:\/\/truckned.nl\/wp-content\/uploads\/2023\/07\/TN-463515-A.png","contentUrl":"https:\/\/truckned.nl\/wp-content\/uploads\/2023\/07\/TN-463515-A.png","width":800,"height":800,"caption":"Nedking BA15S LED lamp ORANJE - LED lamp voor 12 en 24 volt gebruik - voorzien van 8 SMD LED"},{"@type":"BreadcrumbList","@id":"https:\/\/truckned.nl\/product\/ba15s-led-lamp-oranje-set-2-stuks\/#breadcrumb","itemListElement":[{"@type":"ListItem","position":1,"name":"Home","item":"https:\/\/truckned.nl\/"},{"@type":"ListItem","position":2,"name":"Shop","item":"https:\/\/truckned.nl\/nl\/shop\/"},{"@type":"ListItem","position":3,"name":"LED verlichting","item":"https:\/\/truckned.nl\/product-categorie\/led-verlichting\/"},{"@type":"ListItem","position":4,"name":"BA15S LED lamp oranje &#8211; set 2 stuks"}]},{"@type":"WebSite","@id":"https:\/\/truckned.nl\/nl\/#website","url":"https:\/\/truckned.nl\/nl\/","name":"Truckned","description":"","publisher":{"@id":"https:\/\/truckned.nl\/nl\/#organization"},"potentialAction":[{"@type":"SearchAction","target":{"@type":"EntryPoint","urlTemplate":"https:\/\/truckned.nl\/nl\/?s={search_term_string}"},"query-input":{"@type":"PropertyValueSpecification","valueRequired":true,"valueName":"search_term_string"}}],"inLanguage":"de"},{"@type":"Organization","@id":"https:\/\/truckned.nl\/nl\/#organization","name":"Truckned","url":"https:\/\/truckned.nl\/nl\/","logo":{"@type":"ImageObject","inLanguage":"de","@id":"https:\/\/truckned.nl\/nl\/#\/schema\/logo\/image\/","url":"https:\/\/truckned.nl\/wp-content\/uploads\/2022\/10\/800x800-Truckned-logo-zonder-tekst-ZWART.png","contentUrl":"https:\/\/truckned.nl\/wp-content\/uploads\/2022\/10\/800x800-Truckned-logo-zonder-tekst-ZWART.png","width":801,"height":801,"caption":"Truckned"},"image":{"@id":"https:\/\/truckned.nl\/nl\/#\/schema\/logo\/image\/"},"sameAs":["https:\/\/www.facebook.com\/truckned\/","https:\/\/www.instagram.com\/truckned\/"],"vatID":"NL863960509B01","taxID":"86417487","hasMerchantReturnPolicy":{"@type":"MerchantReturnPolicy","merchantReturnLink":"https:\/\/truckned.nl\/de\/versand-rucksendungen\/"}}]},"product_brand":"Nedking","product_price_amount":"19.95","product_price_currency":"EUR","og_availability":"instock","product_availability":"instock","product_retailer_item_id":"TN-463515-A","product_condition":"new"},"_links":{"self":[{"href":"https:\/\/truckned.nl\/de\/wp-json\/wp\/v2\/product\/27887","targetHints":{"allow":["GET"]}}],"collection":[{"href":"https:\/\/truckned.nl\/de\/wp-json\/wp\/v2\/product"}],"about":[{"href":"https:\/\/truckned.nl\/de\/wp-json\/wp\/v2\/types\/product"}],"replies":[{"embeddable":true,"href":"https:\/\/truckned.nl\/de\/wp-json\/wp\/v2\/comments?post=27887"}],"wp:featuredmedia":[{"embeddable":true,"href":"https:\/\/truckned.nl\/de\/wp-json\/wp\/v2\/media\/27893"}],"wp:attachment":[{"href":"https:\/\/truckned.nl\/de\/wp-json\/wp\/v2\/media?parent=27887"}],"wp:term":[{"taxonomy":"product_brand","embeddable":true,"href":"https:\/\/truckned.nl\/de\/wp-json\/wp\/v2\/product_brand?post=27887"},{"taxonomy":"product_cat","embeddable":true,"href":"https:\/\/truckned.nl\/de\/wp-json\/wp\/v2\/product_cat?post=27887"},{"taxonomy":"product_tag","embeddable":true,"href":"https:\/\/truckned.nl\/de\/wp-json\/wp\/v2\/product_tag?post=27887"}],"curies":[{"name":"wp","href":"https:\/\/api.w.org\/{rel}","templated":true}]}}