{"id":27945,"date":"2023-08-08T13:11:56","date_gmt":"2023-08-08T12:11:56","guid":{"rendered":"https:\/\/truckned.nl\/?post_type=product&#038;p=27945"},"modified":"2026-03-20T11:09:09","modified_gmt":"2026-03-20T10:09:09","slug":"strands-firefly-verstraler-wit","status":"publish","type":"product","link":"https:\/\/truckned.nl\/de\/produkt\/strands-firefly-verstraler-wit\/","title":{"rendered":"Strands Firefly Scheinwerfer - wei\u00df"},"content":{"rendered":"<p><span style=\"color: #000000;\"><strong>Strands Firefly 9 Zoll Strahler wei\u00df mit Blitzlampe, f\u00fcr 12 und 24 Volt.<\/strong><\/span><\/p>\n<p><span style=\"color: #000000;\">Sie sind auf der Suche nach einem neuen Strahlermodell, das mit einem zweifarbigen Stadtlicht und integrierter Strobo-Funktion ausgestattet ist? Dann ist der Firefly 9 Zoll LED Strahler mit zweifarbigem standlicht die Lampe, die Sie suchen. Der ECE-zugelassene Scheinwerfer volledig ist mit 28 LED-Punkten ausgestattet und hat eine theoretische Lichtleistung von 16.800 Lumen. Dar\u00fcber hinaus arbeitet der Strands Firefly Strahler WEISS mit 12 und 24 Volt und wird zus\u00e4tzlich mit einem DT6-Anschlusskabel geliefert.<\/span><\/p>\n<p><span style=\"color: #000000;\">Um sicherzustellen, dass der wei\u00dfe Strands-Scheinwerfer f\u00fcr Ihr Auto oder Ihren Lkw geeignet ist, haben wir im Folgenden einige Spezifikationen aufgelistet. Diese verdeutlichen, warum die LED-Lampe die richtige Wahl f\u00fcr Sie ist. Beispielsweise tr\u00e4gt der LED-Scheinwerfer das ECE-R10-Pr\u00fcfzeichen. Dieses Pr\u00fcfzeichen best\u00e4tigt, dass die Lampe beispielsweise beim Einschalten keine St\u00f6rungen Ihres Funksignals verursacht. Der wei\u00dfe Scheinwerfer verf\u00fcgt au\u00dferdem \u00fcber die ECE-R148- und R149-Pr\u00fcfzeichen. Diese Pr\u00fcfzeichen best\u00e4tigen die Zulassung des Strands-Scheinwerfers f\u00fcr den Einsatz im \u00f6ffentlichen Stra\u00dfenverkehr. Zum Lieferumfang der LED-Lampe geh\u00f6ren au\u00dferdem Befestigungsmaterial aus Edelstahl und ein DT-6-Anschlusskabel.\u00a0<\/span><\/p>\n<h5><span style=\"color: #000000;\"><strong>Abmessungen:<\/strong><\/span><\/h5>\n<p><span style=\"color: #000000;\">Denn Sie m\u00f6chten sicher sein, dass die Lampe dort passt, wo Sie sie platzieren m\u00f6chten. Haben wir hier die Abmessungen der LED-Lampe geschrieben? Die Abmessungen des Strands Firefly 9-Zoll-Vollstrahlers LED in Wei\u00df mit dunklem Glas sind wie folgt.<\/span><\/p>\n<ul>\n<li><span style=\"color: #000000;\">H\u00f6he: 220 (239 mm inkl. Halter)<\/span><\/li>\n<li><span style=\"color: #000000;\">Durchmesser: 220 mm<\/span><\/li>\n<li><span style=\"color: #000000;\">Dicke: 85 mm<\/span><\/li>\n<\/ul>\n<h5><span style=\"color: #000000;\"><strong>Andere Modelle:<\/strong><\/span><\/h5>\n<p><span style=\"color: #000000;\">Gef\u00e4llt Ihnen der Strands-Scheinwerfer, aber Sie m\u00f6chten nicht die wei\u00dfe Ausf\u00fchrung? Dann sehen Sie sich hier die anderen Strands-Modelle an.<\/span><\/p>\n<ul>\n<li><span style=\"color: #000000;\"><a style=\"color: #000000;\" href=\"https:\/\/truckned.nl\/de\/produkt\/strands-firefly-verstraler-zwart\/\" target=\"_blank\" rel=\"noopener\"><strong>Firefly 9 inch Scheinwerfer SCHWARZ<\/strong><\/a><\/span><\/li>\n<\/ul>\n<p><span style=\"color: #000000;\">Sind Sie immer noch der Meinung, dass der Strands Firefly Scheinwerfer wei\u00df mit dunklem Glas nicht das ist, was Sie suchen? Nur weil Ihnen Farbe, Form oder Lichtausbeute nicht gef\u00e4llt? Sehen Sie sich hier das komplette Sortiment an <a style=\"color: #000000;\" href=\"https:\/\/truckned.nl\/de\/produkt-kategorie\/verstralers\/\" target=\"_blank\" rel=\"noopener\">Scheinwerfer<\/a>.<\/span><\/p>","protected":false},"excerpt":{"rendered":"<p>Strands Firefly verstraler met flitslamp, uitgevoerd in wit.<\/p>","protected":false},"featured_media":33410,"comment_status":"open","ping_status":"closed","template":"","meta":{"_acf_changed":false,"site-sidebar-layout":"default","site-content-layout":"default","ast-site-content-layout":"default","site-content-style":"default","site-sidebar-style":"default","ast-global-header-display":"","ast-banner-title-visibility":"","ast-main-header-display":"","ast-hfb-above-header-display":"","ast-hfb-below-header-display":"","ast-hfb-mobile-header-display":"","site-post-title":"","ast-breadcrumbs-content":"","ast-featured-img":"","footer-sml-layout":"","ast-disable-related-posts":"","theme-transparent-header-meta":"default","adv-header-id-meta":"","stick-header-meta":"","header-above-stick-meta":"","header-main-stick-meta":"","header-below-stick-meta":"","astra-migrate-meta-layouts":"set","ast-page-background-enabled":"default","ast-page-background-meta":{"desktop":{"background-color":"","background-image":"","background-repeat":"repeat","background-position":"center center","background-size":"auto","background-attachment":"scroll","background-type":"","background-media":"","overlay-type":"","overlay-color":"","overlay-opacity":"","overlay-gradient":""},"tablet":{"background-color":"","background-image":"","background-repeat":"repeat","background-position":"center center","background-size":"auto","background-attachment":"scroll","background-type":"","background-media":"","overlay-type":"","overlay-color":"","overlay-opacity":"","overlay-gradient":""},"mobile":{"background-color":"","background-image":"","background-repeat":"repeat","background-position":"center center","background-size":"auto","background-attachment":"scroll","background-type":"","background-media":"","overlay-type":"","overlay-color":"","overlay-opacity":"","overlay-gradient":""}},"ast-content-background-meta":{"desktop":{"background-color":"var(--ast-global-color-5)","background-image":"","background-repeat":"repeat","background-position":"center center","background-size":"auto","background-attachment":"scroll","background-type":"","background-media":"","overlay-type":"","overlay-color":"","overlay-opacity":"","overlay-gradient":""},"tablet":{"background-color":"var(--ast-global-color-5)","background-image":"","background-repeat":"repeat","background-position":"center center","background-size":"auto","background-attachment":"scroll","background-type":"","background-media":"","overlay-type":"","overlay-color":"","overlay-opacity":"","overlay-gradient":""},"mobile":{"background-color":"var(--ast-global-color-5)","background-image":"","background-repeat":"repeat","background-position":"center center","background-size":"auto","background-attachment":"scroll","background-type":"","background-media":"","overlay-type":"","overlay-color":"","overlay-opacity":"","overlay-gradient":""}}},"product_brand":[],"product_cat":[7906],"product_tag":[],"class_list":{"0":"post-27945","1":"product","2":"type-product","3":"status-publish","4":"has-post-thumbnail","6":"product_cat-verstraler-rond","7":"pa_merkk-product-strands-lighting-division","8":"desktop-align-left","9":"tablet-align-left","10":"mobile-align-left","12":"first","13":"instock","14":"taxable","15":"shipping-taxable","16":"purchasable","17":"product-type-simple"},"acf":[],"yoast_head":"<!-- This site is optimized with the Yoast SEO Premium plugin v26.5 (Yoast SEO v26.5) - https:\/\/yoast.com\/wordpress\/plugins\/seo\/ -->\n<title>Strands Firefly verstraler wit 9&#039;&#039; - Truckned - voor 12&amp;24 volt gebruik<\/title>\n<meta name=\"description\" content=\"Strands Firefly verstraler wit 9&#039;&#039; - voor 12&amp;24V - 16.800 Lumen! - met oranje - wit standlicht en waarschuwingslamp - ECE R148 \/ R149 keurmerk\" \/>\n<meta name=\"robots\" content=\"index, follow, max-snippet:-1, max-image-preview:large, max-video-preview:-1\" \/>\n<link rel=\"canonical\" href=\"https:\/\/truckned.nl\/de\/produkt\/strands-firefly-verstraler-wit\/\" \/>\n<meta property=\"og:locale\" content=\"de_DE\" \/>\n<meta property=\"og:type\" content=\"article\" \/>\n<meta property=\"og:title\" content=\"Strands Firefly verstraler wit 9&#039;&#039; - Truckned - voor 12&amp;24 volt gebruik\" \/>\n<meta property=\"og:description\" content=\"Strands Firefly verstraler wit 9&#039;&#039; - voor 12&amp;24V - 16.800 Lumen! - met oranje - wit standlicht en waarschuwingslamp - ECE R148 \/ R149 keurmerk\" \/>\n<meta property=\"og:url\" content=\"https:\/\/truckned.nl\/de\/produkt\/strands-firefly-verstraler-wit\/\" \/>\n<meta property=\"og:site_name\" content=\"Truckned\" \/>\n<meta property=\"article:publisher\" content=\"https:\/\/www.facebook.com\/truckned\/\" \/>\n<meta property=\"article:modified_time\" content=\"2026-03-20T10:09:09+00:00\" \/>\n<meta property=\"og:image\" content=\"https:\/\/truckned.nl\/wp-content\/uploads\/2023\/08\/TN-270957-SM.png\" \/>\n\t<meta property=\"og:image:width\" content=\"800\" \/>\n\t<meta property=\"og:image:height\" content=\"800\" \/>\n\t<meta property=\"og:image:type\" content=\"image\/png\" \/>\n<meta name=\"twitter:label1\" content=\"Preis\" \/>\n\t<meta name=\"twitter:data1\" content=\"&euro;309,00\" \/>\n\t<meta name=\"twitter:label2\" content=\"Verf\u00fcgbarkeit\" \/>\n\t<meta name=\"twitter:data2\" content=\"Auf Lager\" \/>\n<script type=\"application\/ld+json\" class=\"yoast-schema-graph\">{\"@context\":\"https:\/\/schema.org\",\"@graph\":[{\"@type\":[\"WebPage\",\"ItemPage\"],\"@id\":\"https:\/\/truckned.nl\/product\/strands-firefly-verstraler-wit\/\",\"url\":\"https:\/\/truckned.nl\/product\/strands-firefly-verstraler-wit\/\",\"name\":\"Strands Firefly verstraler wit 9'' - Truckned - voor 12&24 volt gebruik\",\"isPartOf\":{\"@id\":\"https:\/\/truckned.nl\/nl\/#website\"},\"primaryImageOfPage\":{\"@id\":\"https:\/\/truckned.nl\/product\/strands-firefly-verstraler-wit\/#primaryimage\"},\"image\":{\"@id\":\"https:\/\/truckned.nl\/product\/strands-firefly-verstraler-wit\/#primaryimage\"},\"thumbnailUrl\":\"https:\/\/truckned.nl\/wp-content\/uploads\/2023\/08\/TN-270957-00.png\",\"datePublished\":\"2023-08-08T12:11:56+00:00\",\"dateModified\":\"2026-03-20T10:09:09+00:00\",\"description\":\"Strands Firefly verstraler wit 9'' - voor 12&24V - 16.800 Lumen! - met oranje - wit standlicht en waarschuwingslamp - ECE R148 \/ R149 keurmerk\",\"breadcrumb\":{\"@id\":\"https:\/\/truckned.nl\/product\/strands-firefly-verstraler-wit\/#breadcrumb\"},\"inLanguage\":\"de\",\"potentialAction\":[{\"@type\":\"ReadAction\",\"target\":[\"https:\/\/truckned.nl\/product\/strands-firefly-verstraler-wit\/\"]}]},{\"@type\":\"ImageObject\",\"inLanguage\":\"de\",\"@id\":\"https:\/\/truckned.nl\/product\/strands-firefly-verstraler-wit\/#primaryimage\",\"url\":\"https:\/\/truckned.nl\/wp-content\/uploads\/2023\/08\/TN-270957-00.png\",\"contentUrl\":\"https:\/\/truckned.nl\/wp-content\/uploads\/2023\/08\/TN-270957-00.png\",\"width\":800,\"height\":800,\"caption\":\"Strands 270957\"},{\"@type\":\"BreadcrumbList\",\"@id\":\"https:\/\/truckned.nl\/product\/strands-firefly-verstraler-wit\/#breadcrumb\",\"itemListElement\":[{\"@type\":\"ListItem\",\"position\":1,\"name\":\"Home\",\"item\":\"https:\/\/truckned.nl\/\"},{\"@type\":\"ListItem\",\"position\":2,\"name\":\"Shop\",\"item\":\"https:\/\/truckned.nl\/nl\/shop\/\"},{\"@type\":\"ListItem\",\"position\":3,\"name\":\"Verstralers\",\"item\":\"https:\/\/truckned.nl\/product-categorie\/verstralers\/\"},{\"@type\":\"ListItem\",\"position\":4,\"name\":\"Verstraler rond\",\"item\":\"https:\/\/truckned.nl\/product-categorie\/verstralers\/verstraler-rond\/\"},{\"@type\":\"ListItem\",\"position\":5,\"name\":\"Strands Firefly verstraler &#8211; wit\"}]},{\"@type\":\"WebSite\",\"@id\":\"https:\/\/truckned.nl\/nl\/#website\",\"url\":\"https:\/\/truckned.nl\/nl\/\",\"name\":\"Truckned\",\"description\":\"\",\"publisher\":{\"@id\":\"https:\/\/truckned.nl\/nl\/#organization\"},\"potentialAction\":[{\"@type\":\"SearchAction\",\"target\":{\"@type\":\"EntryPoint\",\"urlTemplate\":\"https:\/\/truckned.nl\/nl\/?s={search_term_string}\"},\"query-input\":{\"@type\":\"PropertyValueSpecification\",\"valueRequired\":true,\"valueName\":\"search_term_string\"}}],\"inLanguage\":\"de\"},{\"@type\":\"Organization\",\"@id\":\"https:\/\/truckned.nl\/nl\/#organization\",\"name\":\"Truckned\",\"url\":\"https:\/\/truckned.nl\/nl\/\",\"logo\":{\"@type\":\"ImageObject\",\"inLanguage\":\"de\",\"@id\":\"https:\/\/truckned.nl\/nl\/#\/schema\/logo\/image\/\",\"url\":\"https:\/\/truckned.nl\/wp-content\/uploads\/2022\/10\/800x800-Truckned-logo-zonder-tekst-ZWART.png\",\"contentUrl\":\"https:\/\/truckned.nl\/wp-content\/uploads\/2022\/10\/800x800-Truckned-logo-zonder-tekst-ZWART.png\",\"width\":801,\"height\":801,\"caption\":\"Truckned\"},\"image\":{\"@id\":\"https:\/\/truckned.nl\/nl\/#\/schema\/logo\/image\/\"},\"sameAs\":[\"https:\/\/www.facebook.com\/truckned\/\",\"https:\/\/www.instagram.com\/truckned\/\"],\"vatID\":\"NL863960509B01\",\"taxID\":\"86417487\",\"hasMerchantReturnPolicy\":{\"@type\":\"MerchantReturnPolicy\",\"merchantReturnLink\":\"https:\/\/truckned.nl\/de\/versand-rucksendungen\/\"}}]}<\/script>\n<meta property=\"product:brand\" content=\"Strands\" \/>\n<meta property=\"product:price:amount\" content=\"309.00\" \/>\n<meta property=\"product:price:currency\" content=\"EUR\" \/>\n<meta property=\"og:availability\" content=\"instock\" \/>\n<meta property=\"product:availability\" content=\"instock\" \/>\n<meta property=\"product:retailer_item_id\" content=\"TN-270957\" \/>\n<meta property=\"product:condition\" content=\"new\" \/>\n<!-- \/ Yoast SEO Premium plugin. -->","yoast_head_json":{"title":"Strands Firefly Strahler wei\u00df 9&#039;&#039; \u2013 Truckned \u2013 f\u00fcr 12&amp;24 volt Verwendung","description":"Strands Firefly Strahler wei\u00df 9&#039;&#039; - f\u00fcr 12&amp;24V - 16.800 Lumen! - mit orange-wei\u00dfem Standlicht und Warnleuchte - ECE R148 \/ R149 G\u00fctezeichen","robots":{"index":"index","follow":"follow","max-snippet":"max-snippet:-1","max-image-preview":"max-image-preview:large","max-video-preview":"max-video-preview:-1"},"canonical":"https:\/\/truckned.nl\/de\/produkt\/strands-firefly-verstraler-wit\/","og_locale":"de_DE","og_type":"article","og_title":"Strands Firefly verstraler wit 9'' - Truckned - voor 12&24 volt gebruik","og_description":"Strands Firefly verstraler wit 9'' - voor 12&24V - 16.800 Lumen! - met oranje - wit standlicht en waarschuwingslamp - ECE R148 \/ R149 keurmerk","og_url":"https:\/\/truckned.nl\/de\/produkt\/strands-firefly-verstraler-wit\/","og_site_name":"Truckned","article_publisher":"https:\/\/www.facebook.com\/truckned\/","article_modified_time":"2026-03-20T10:09:09+00:00","og_image":[{"width":800,"height":800,"url":"https:\/\/truckned.nl\/wp-content\/uploads\/2023\/08\/TN-270957-SM.png","type":"image\/png"}],"twitter_misc":{"Preis":"&euro;309,00","Verf\u00fcgbarkeit":"Auf Lager"},"schema":{"@context":"https:\/\/schema.org","@graph":[{"@type":["WebPage","ItemPage"],"@id":"https:\/\/truckned.nl\/product\/strands-firefly-verstraler-wit\/","url":"https:\/\/truckned.nl\/product\/strands-firefly-verstraler-wit\/","name":"Strands Firefly Strahler wei\u00df 9&#039;&#039; \u2013 Truckned \u2013 f\u00fcr 12&amp;24 volt Verwendung","isPartOf":{"@id":"https:\/\/truckned.nl\/nl\/#website"},"primaryImageOfPage":{"@id":"https:\/\/truckned.nl\/product\/strands-firefly-verstraler-wit\/#primaryimage"},"image":{"@id":"https:\/\/truckned.nl\/product\/strands-firefly-verstraler-wit\/#primaryimage"},"thumbnailUrl":"https:\/\/truckned.nl\/wp-content\/uploads\/2023\/08\/TN-270957-00.png","datePublished":"2023-08-08T12:11:56+00:00","dateModified":"2026-03-20T10:09:09+00:00","description":"Strands Firefly Strahler wei\u00df 9&#039;&#039; - f\u00fcr 12&amp;24V - 16.800 Lumen! - mit orange-wei\u00dfem Standlicht und Warnleuchte - ECE R148 \/ R149 G\u00fctezeichen","breadcrumb":{"@id":"https:\/\/truckned.nl\/product\/strands-firefly-verstraler-wit\/#breadcrumb"},"inLanguage":"de","potentialAction":[{"@type":"ReadAction","target":["https:\/\/truckned.nl\/product\/strands-firefly-verstraler-wit\/"]}]},{"@type":"ImageObject","inLanguage":"de","@id":"https:\/\/truckned.nl\/product\/strands-firefly-verstraler-wit\/#primaryimage","url":"https:\/\/truckned.nl\/wp-content\/uploads\/2023\/08\/TN-270957-00.png","contentUrl":"https:\/\/truckned.nl\/wp-content\/uploads\/2023\/08\/TN-270957-00.png","width":800,"height":800,"caption":"Strands 270957"},{"@type":"BreadcrumbList","@id":"https:\/\/truckned.nl\/product\/strands-firefly-verstraler-wit\/#breadcrumb","itemListElement":[{"@type":"ListItem","position":1,"name":"Home","item":"https:\/\/truckned.nl\/"},{"@type":"ListItem","position":2,"name":"Shop","item":"https:\/\/truckned.nl\/nl\/shop\/"},{"@type":"ListItem","position":3,"name":"Verstralers","item":"https:\/\/truckned.nl\/product-categorie\/verstralers\/"},{"@type":"ListItem","position":4,"name":"Verstraler rond","item":"https:\/\/truckned.nl\/product-categorie\/verstralers\/verstraler-rond\/"},{"@type":"ListItem","position":5,"name":"Strands Firefly verstraler &#8211; wit"}]},{"@type":"WebSite","@id":"https:\/\/truckned.nl\/nl\/#website","url":"https:\/\/truckned.nl\/nl\/","name":"Truckned","description":"","publisher":{"@id":"https:\/\/truckned.nl\/nl\/#organization"},"potentialAction":[{"@type":"SearchAction","target":{"@type":"EntryPoint","urlTemplate":"https:\/\/truckned.nl\/nl\/?s={search_term_string}"},"query-input":{"@type":"PropertyValueSpecification","valueRequired":true,"valueName":"search_term_string"}}],"inLanguage":"de"},{"@type":"Organization","@id":"https:\/\/truckned.nl\/nl\/#organization","name":"Truckned","url":"https:\/\/truckned.nl\/nl\/","logo":{"@type":"ImageObject","inLanguage":"de","@id":"https:\/\/truckned.nl\/nl\/#\/schema\/logo\/image\/","url":"https:\/\/truckned.nl\/wp-content\/uploads\/2022\/10\/800x800-Truckned-logo-zonder-tekst-ZWART.png","contentUrl":"https:\/\/truckned.nl\/wp-content\/uploads\/2022\/10\/800x800-Truckned-logo-zonder-tekst-ZWART.png","width":801,"height":801,"caption":"Truckned"},"image":{"@id":"https:\/\/truckned.nl\/nl\/#\/schema\/logo\/image\/"},"sameAs":["https:\/\/www.facebook.com\/truckned\/","https:\/\/www.instagram.com\/truckned\/"],"vatID":"NL863960509B01","taxID":"86417487","hasMerchantReturnPolicy":{"@type":"MerchantReturnPolicy","merchantReturnLink":"https:\/\/truckned.nl\/de\/versand-rucksendungen\/"}}]},"product_brand":"Strands","product_price_amount":"309.00","product_price_currency":"EUR","og_availability":"instock","product_availability":"instock","product_retailer_item_id":"TN-270957","product_condition":"new"},"_links":{"self":[{"href":"https:\/\/truckned.nl\/de\/wp-json\/wp\/v2\/product\/27945","targetHints":{"allow":["GET"]}}],"collection":[{"href":"https:\/\/truckned.nl\/de\/wp-json\/wp\/v2\/product"}],"about":[{"href":"https:\/\/truckned.nl\/de\/wp-json\/wp\/v2\/types\/product"}],"replies":[{"embeddable":true,"href":"https:\/\/truckned.nl\/de\/wp-json\/wp\/v2\/comments?post=27945"}],"wp:featuredmedia":[{"embeddable":true,"href":"https:\/\/truckned.nl\/de\/wp-json\/wp\/v2\/media\/33410"}],"wp:attachment":[{"href":"https:\/\/truckned.nl\/de\/wp-json\/wp\/v2\/media?parent=27945"}],"wp:term":[{"taxonomy":"product_brand","embeddable":true,"href":"https:\/\/truckned.nl\/de\/wp-json\/wp\/v2\/product_brand?post=27945"},{"taxonomy":"product_cat","embeddable":true,"href":"https:\/\/truckned.nl\/de\/wp-json\/wp\/v2\/product_cat?post=27945"},{"taxonomy":"product_tag","embeddable":true,"href":"https:\/\/truckned.nl\/de\/wp-json\/wp\/v2\/product_tag?post=27945"}],"curies":[{"name":"wp","href":"https:\/\/api.w.org\/{rel}","templated":true}]}}