{"id":27969,"date":"2023-07-18T14:19:03","date_gmt":"2023-07-18T12:19:03","guid":{"rendered":"https:\/\/truckned.nl\/?post_type=product&#038;p=27969"},"modified":"2026-03-30T10:57:27","modified_gmt":"2026-03-30T08:57:27","slug":"led-markeringslamp-28mm-oranje-donker-glas","status":"publish","type":"product","link":"https:\/\/truckned.nl\/de\/produkt\/led-markeringslamp-28mm-oranje-donker-glas\/","title":{"rendered":"LED Markierungsleuchte 28mm ORANGE - smoke"},"content":{"rendered":"<p><span style=\"color: #000000;\"><strong>LED Umrissleuchte 28mm orange mit dunklem Glas.\u00a0<\/strong><\/span><\/p>\n<p><span style=\"color: #000000;\">Suchen Sie eine kleine Markierungsleuchte, die mit dunklem Glas ausgestattet ist, aber in der Farbe ORANGE leuchtet? Dann k\u00f6nnte die Nedking LED Markierungsleuchte 28 mm ORANGE mit dunklem Glas die LED Lampe sein, die Sie suchen. Die kleine runde LED-Lampe ist mit 3 LED-Punkten ausgestattet und wird pro St\u00fcck geliefert. Die kleine Einbaulampe LED ist f\u00fcr den 12- und 24-Volt-Betrieb konzipiert und eignet sich daher beispielsweise f\u00fcr Ihren LKW oder Anh\u00e4nger. Dar\u00fcber hinaus ist die Lampe auch f\u00fcr ein Auto oder einen Anh\u00e4nger geeignet, der mit einem 12V-Anschluss ausgestattet ist.\u00a0<\/span><\/p>\n<div class=\"truncated\">\n<h5><span style=\"color: #000000;\"><strong>Abmessungen:<\/strong><\/span><\/h5>\n<p><span style=\"color: #000000;\">Denn Sie m\u00f6chten sicher sein, dass die Lampe dort passt, wo Sie sie montieren m\u00f6chten. Nachfolgend haben wir die Abmessungen des orangefarbenen LED notiert. Die Abmessungen der Nedking LED Markierungsleuchte 28 mm ORANGE mit dunklem Glas sind wie folgt.<\/span><\/p>\n<ul>\n<li><span style=\"color: #000000;\">Durchmesser: 28mm<\/span><\/li>\n<li><span style=\"color: #000000;\">H\u00f6he: 25 mm<\/span><\/li>\n<li><span style=\"color: #000000;\">Einbaudicke: 20 mm<\/span><\/li>\n<\/ul>\n<h5><span style=\"color: #000000;\"><strong>Andere Farben:<\/strong><\/span><\/h5>\n<p><span style=\"color: #000000;\">Sie sind auf der Suche nach einer kleinen Markierungsleuchte LED, aber ist die Farbe ORANGE nicht die Farbe, die Sie suchen? Dann wissen Sie, dass die LED-Lampe von Nedking auch in den folgenden Farben erh\u00e4ltlich ist:\u00a0<\/span><\/p>\n<ul>\n<li><span style=\"color: #000000;\"><a style=\"color: #000000;\" href=\"https:\/\/truckned.nl\/de\/produkt\/led-markeringslamp-28mm-rood-donker-glas\/\" target=\"_blank\" rel=\"noopener\"><strong>Nedking Umrissleuchte rund ROT<\/strong><\/a><\/span><\/li>\n<li><span style=\"color: #000000;\"><a style=\"color: #000000;\" href=\"https:\/\/truckned.nl\/de\/produkt\/led-markeringslamp-28mm-wit-donker-glas\/\" target=\"_blank\" rel=\"noopener\"><strong>Nedking Umrissleuchte rund wei\u00df<\/strong><\/a><\/span><\/li>\n<\/ul>\n<div class=\"truncated\">\n<p><span style=\"color: #000000;\">Sind Sie der Meinung, dass die 28-mm LED Umrissleuchte ORANGE mit dunklem Glas von Nedking nicht das ist, was Sie suchen? Einfach weil Ihnen die Farbe, Form oder L\u00e4nge nicht gef\u00e4llt? Sehen Sie sich hier das komplette Sortiment der Marke an <a style=\"color: #000000;\" href=\"https:\/\/truckned.nl\/de\/merk\/produktabdeckung\/\" target=\"_blank\" rel=\"noopener\">Nedking<\/a>.<\/span><\/p>\n<\/div>\n<\/div>","protected":false},"excerpt":{"rendered":"<p>LED Begrenzungsleuchte 28mm orange mit dunkler Linse. Suchen Sie eine kleine Begrenzungsleuchte mit dunkler Linse, aber orangefarbenem Leuchten? Dann k\u00f6nnte die Nedking LED Begrenzungsleuchte 28mm orange mit dunkler Linse die richtige f\u00fcr Sie sein. Diese kleine, runde LED-Leuchte ist mit 3 LED-Leuchten ausgestattet.<\/p>","protected":false},"featured_media":27979,"comment_status":"open","ping_status":"closed","template":"","meta":{"_acf_changed":false,"site-sidebar-layout":"default","site-content-layout":"default","ast-site-content-layout":"default","site-content-style":"default","site-sidebar-style":"default","ast-global-header-display":"","ast-banner-title-visibility":"","ast-main-header-display":"","ast-hfb-above-header-display":"","ast-hfb-below-header-display":"","ast-hfb-mobile-header-display":"","site-post-title":"","ast-breadcrumbs-content":"","ast-featured-img":"","footer-sml-layout":"","ast-disable-related-posts":"","theme-transparent-header-meta":"default","adv-header-id-meta":"","stick-header-meta":"","header-above-stick-meta":"","header-main-stick-meta":"","header-below-stick-meta":"","astra-migrate-meta-layouts":"set","ast-page-background-enabled":"default","ast-page-background-meta":{"desktop":{"background-color":"","background-image":"","background-repeat":"repeat","background-position":"center center","background-size":"auto","background-attachment":"scroll","background-type":"","background-media":"","overlay-type":"","overlay-color":"","overlay-opacity":"","overlay-gradient":""},"tablet":{"background-color":"","background-image":"","background-repeat":"repeat","background-position":"center center","background-size":"auto","background-attachment":"scroll","background-type":"","background-media":"","overlay-type":"","overlay-color":"","overlay-opacity":"","overlay-gradient":""},"mobile":{"background-color":"","background-image":"","background-repeat":"repeat","background-position":"center center","background-size":"auto","background-attachment":"scroll","background-type":"","background-media":"","overlay-type":"","overlay-color":"","overlay-opacity":"","overlay-gradient":""}},"ast-content-background-meta":{"desktop":{"background-color":"var(--ast-global-color-5)","background-image":"","background-repeat":"repeat","background-position":"center center","background-size":"auto","background-attachment":"scroll","background-type":"","background-media":"","overlay-type":"","overlay-color":"","overlay-opacity":"","overlay-gradient":""},"tablet":{"background-color":"var(--ast-global-color-5)","background-image":"","background-repeat":"repeat","background-position":"center center","background-size":"auto","background-attachment":"scroll","background-type":"","background-media":"","overlay-type":"","overlay-color":"","overlay-opacity":"","overlay-gradient":""},"mobile":{"background-color":"var(--ast-global-color-5)","background-image":"","background-repeat":"repeat","background-position":"center center","background-size":"auto","background-attachment":"scroll","background-type":"","background-media":"","overlay-type":"","overlay-color":"","overlay-opacity":"","overlay-gradient":""}}},"product_brand":[],"product_cat":[7208,7529],"product_tag":[],"class_list":{"0":"post-27969","1":"product","2":"type-product","3":"status-publish","4":"has-post-thumbnail","6":"product_cat-led-verlichting","7":"product_cat-verlichting-markeringslampen","8":"pa_merkk-product-nedking","9":"desktop-align-left","10":"tablet-align-left","11":"mobile-align-left","13":"first","14":"instock","15":"taxable","16":"shipping-taxable","17":"purchasable","18":"product-type-simple"},"acf":[],"yoast_head":"<!-- This site is optimized with the Yoast SEO Premium plugin v26.5 (Yoast SEO v26.5) - https:\/\/yoast.com\/wordpress\/plugins\/seo\/ -->\n<title>LED markeringslamp 28mm ORANJE - Truckned - voor 12&amp;24 volt gebruik<\/title>\n<meta name=\"description\" content=\"LED markeringslamp 28mm ORANJE - Nedking lamp met 3 LED punten en donker glas - te gebruiken voor auto, vrachtwagen, aanhanger en meer - inbouw lamp\" \/>\n<meta name=\"robots\" content=\"index, follow, max-snippet:-1, max-image-preview:large, max-video-preview:-1\" \/>\n<link rel=\"canonical\" href=\"https:\/\/truckned.nl\/de\/produkt\/led-markeringslamp-28mm-oranje-donker-glas\/\" \/>\n<meta property=\"og:locale\" content=\"de_DE\" \/>\n<meta property=\"og:type\" content=\"article\" \/>\n<meta property=\"og:title\" content=\"LED markeringslamp 28mm ORANJE - Truckned - voor 12&amp;24 volt gebruik\" \/>\n<meta property=\"og:description\" content=\"LED markeringslamp 28mm ORANJE - Nedking lamp met 3 LED punten en donker glas - te gebruiken voor auto, vrachtwagen, aanhanger en meer - inbouw lamp\" \/>\n<meta property=\"og:url\" content=\"https:\/\/truckned.nl\/de\/produkt\/led-markeringslamp-28mm-oranje-donker-glas\/\" \/>\n<meta property=\"og:site_name\" content=\"Truckned\" \/>\n<meta property=\"article:publisher\" content=\"https:\/\/www.facebook.com\/truckned\/\" \/>\n<meta property=\"article:modified_time\" content=\"2026-03-30T08:57:27+00:00\" \/>\n<meta property=\"og:image\" content=\"https:\/\/truckned.nl\/wp-content\/uploads\/2023\/08\/TN-350240.png\" \/>\n\t<meta property=\"og:image:width\" content=\"800\" \/>\n\t<meta property=\"og:image:height\" content=\"800\" \/>\n\t<meta property=\"og:image:type\" content=\"image\/png\" \/>\n<meta name=\"twitter:label1\" content=\"Preis\" \/>\n\t<meta name=\"twitter:data1\" content=\"&euro;9,95\" \/>\n\t<meta name=\"twitter:label2\" content=\"Verf\u00fcgbarkeit\" \/>\n\t<meta name=\"twitter:data2\" content=\"Auf Lager\" \/>\n<script type=\"application\/ld+json\" class=\"yoast-schema-graph\">{\"@context\":\"https:\/\/schema.org\",\"@graph\":[{\"@type\":[\"WebPage\",\"ItemPage\"],\"@id\":\"https:\/\/truckned.nl\/product\/led-markeringslamp-28mm-oranje-donker-glas\/\",\"url\":\"https:\/\/truckned.nl\/product\/led-markeringslamp-28mm-oranje-donker-glas\/\",\"name\":\"LED markeringslamp 28mm ORANJE - Truckned - voor 12&24 volt gebruik\",\"isPartOf\":{\"@id\":\"https:\/\/truckned.nl\/nl\/#website\"},\"primaryImageOfPage\":{\"@id\":\"https:\/\/truckned.nl\/product\/led-markeringslamp-28mm-oranje-donker-glas\/#primaryimage\"},\"image\":{\"@id\":\"https:\/\/truckned.nl\/product\/led-markeringslamp-28mm-oranje-donker-glas\/#primaryimage\"},\"thumbnailUrl\":\"https:\/\/truckned.nl\/wp-content\/uploads\/2023\/08\/TN-350240.png\",\"datePublished\":\"2023-07-18T12:19:03+00:00\",\"dateModified\":\"2026-03-30T08:57:27+00:00\",\"description\":\"LED markeringslamp 28mm ORANJE - Nedking lamp met 3 LED punten en donker glas - te gebruiken voor auto, vrachtwagen, aanhanger en meer - inbouw lamp\",\"breadcrumb\":{\"@id\":\"https:\/\/truckned.nl\/product\/led-markeringslamp-28mm-oranje-donker-glas\/#breadcrumb\"},\"inLanguage\":\"de\",\"potentialAction\":[{\"@type\":\"ReadAction\",\"target\":[\"https:\/\/truckned.nl\/product\/led-markeringslamp-28mm-oranje-donker-glas\/\"]}]},{\"@type\":\"ImageObject\",\"inLanguage\":\"de\",\"@id\":\"https:\/\/truckned.nl\/product\/led-markeringslamp-28mm-oranje-donker-glas\/#primaryimage\",\"url\":\"https:\/\/truckned.nl\/wp-content\/uploads\/2023\/08\/TN-350240.png\",\"contentUrl\":\"https:\/\/truckned.nl\/wp-content\/uploads\/2023\/08\/TN-350240.png\",\"width\":800,\"height\":800,\"caption\":\"NEDKING LED markeringslamp 28mm ORANJE met DONKER \/ SMOKE glas - voor truck en trailer - EAN: 6090539214201\"},{\"@type\":\"BreadcrumbList\",\"@id\":\"https:\/\/truckned.nl\/product\/led-markeringslamp-28mm-oranje-donker-glas\/#breadcrumb\",\"itemListElement\":[{\"@type\":\"ListItem\",\"position\":1,\"name\":\"Home\",\"item\":\"https:\/\/truckned.nl\/\"},{\"@type\":\"ListItem\",\"position\":2,\"name\":\"Shop\",\"item\":\"https:\/\/truckned.nl\/nl\/shop\/\"},{\"@type\":\"ListItem\",\"position\":3,\"name\":\"Verlichting\",\"item\":\"https:\/\/truckned.nl\/de\/produkt-kategorie\/verlichting\/\"},{\"@type\":\"ListItem\",\"position\":4,\"name\":\"Markeringslampen\",\"item\":\"https:\/\/truckned.nl\/nl\/product-categorie\/verlichting\/verlichting-markeringslampen\/\"},{\"@type\":\"ListItem\",\"position\":5,\"name\":\"LED markeringslamp 28mm ORANJE &#8211; donker\"}]},{\"@type\":\"WebSite\",\"@id\":\"https:\/\/truckned.nl\/nl\/#website\",\"url\":\"https:\/\/truckned.nl\/nl\/\",\"name\":\"Truckned\",\"description\":\"\",\"publisher\":{\"@id\":\"https:\/\/truckned.nl\/nl\/#organization\"},\"potentialAction\":[{\"@type\":\"SearchAction\",\"target\":{\"@type\":\"EntryPoint\",\"urlTemplate\":\"https:\/\/truckned.nl\/nl\/?s={search_term_string}\"},\"query-input\":{\"@type\":\"PropertyValueSpecification\",\"valueRequired\":true,\"valueName\":\"search_term_string\"}}],\"inLanguage\":\"de\"},{\"@type\":\"Organization\",\"@id\":\"https:\/\/truckned.nl\/nl\/#organization\",\"name\":\"Truckned\",\"url\":\"https:\/\/truckned.nl\/nl\/\",\"logo\":{\"@type\":\"ImageObject\",\"inLanguage\":\"de\",\"@id\":\"https:\/\/truckned.nl\/nl\/#\/schema\/logo\/image\/\",\"url\":\"https:\/\/truckned.nl\/wp-content\/uploads\/2022\/10\/800x800-Truckned-logo-zonder-tekst-ZWART.png\",\"contentUrl\":\"https:\/\/truckned.nl\/wp-content\/uploads\/2022\/10\/800x800-Truckned-logo-zonder-tekst-ZWART.png\",\"width\":801,\"height\":801,\"caption\":\"Truckned\"},\"image\":{\"@id\":\"https:\/\/truckned.nl\/nl\/#\/schema\/logo\/image\/\"},\"sameAs\":[\"https:\/\/www.facebook.com\/truckned\/\",\"https:\/\/www.instagram.com\/truckned\/\"],\"vatID\":\"NL863960509B01\",\"taxID\":\"86417487\",\"hasMerchantReturnPolicy\":{\"@type\":\"MerchantReturnPolicy\",\"merchantReturnLink\":\"https:\/\/truckned.nl\/de\/versand-rucksendungen\/\"}}]}<\/script>\n<meta property=\"product:brand\" content=\"Nedking\" \/>\n<meta property=\"product:price:amount\" content=\"9.95\" \/>\n<meta property=\"product:price:currency\" content=\"EUR\" \/>\n<meta property=\"og:availability\" content=\"instock\" \/>\n<meta property=\"product:availability\" content=\"instock\" \/>\n<meta property=\"product:retailer_item_id\" content=\"TN-3502340\" \/>\n<meta property=\"product:condition\" content=\"new\" \/>\n<!-- \/ Yoast SEO Premium plugin. -->","yoast_head_json":{"title":"LED Umrissleuchte 28mm ORANGE \u2013 Truckned \u2013 f\u00fcr 12&amp;24 volt-Verwendung","description":"LED Umrissleuchte 28mm ORANGE \u2013 Nedking-Leuchte mit 3 LED-Punkten und dunklem Glas \u2013 verwendbar f\u00fcr PKW, LKW, Anh\u00e4nger und mehr \u2013 eingebaute Leuchte","robots":{"index":"index","follow":"follow","max-snippet":"max-snippet:-1","max-image-preview":"max-image-preview:large","max-video-preview":"max-video-preview:-1"},"canonical":"https:\/\/truckned.nl\/de\/produkt\/led-markeringslamp-28mm-oranje-donker-glas\/","og_locale":"de_DE","og_type":"article","og_title":"LED markeringslamp 28mm ORANJE - Truckned - voor 12&24 volt gebruik","og_description":"LED markeringslamp 28mm ORANJE - Nedking lamp met 3 LED punten en donker glas - te gebruiken voor auto, vrachtwagen, aanhanger en meer - inbouw lamp","og_url":"https:\/\/truckned.nl\/de\/produkt\/led-markeringslamp-28mm-oranje-donker-glas\/","og_site_name":"Truckned","article_publisher":"https:\/\/www.facebook.com\/truckned\/","article_modified_time":"2026-03-30T08:57:27+00:00","og_image":[{"width":800,"height":800,"url":"https:\/\/truckned.nl\/wp-content\/uploads\/2023\/08\/TN-350240.png","type":"image\/png"}],"twitter_misc":{"Preis":"&euro;9,95","Verf\u00fcgbarkeit":"Auf Lager"},"schema":{"@context":"https:\/\/schema.org","@graph":[{"@type":["WebPage","ItemPage"],"@id":"https:\/\/truckned.nl\/product\/led-markeringslamp-28mm-oranje-donker-glas\/","url":"https:\/\/truckned.nl\/product\/led-markeringslamp-28mm-oranje-donker-glas\/","name":"LED Umrissleuchte 28mm ORANGE \u2013 Truckned \u2013 f\u00fcr 12&amp;24 volt-Verwendung","isPartOf":{"@id":"https:\/\/truckned.nl\/nl\/#website"},"primaryImageOfPage":{"@id":"https:\/\/truckned.nl\/product\/led-markeringslamp-28mm-oranje-donker-glas\/#primaryimage"},"image":{"@id":"https:\/\/truckned.nl\/product\/led-markeringslamp-28mm-oranje-donker-glas\/#primaryimage"},"thumbnailUrl":"https:\/\/truckned.nl\/wp-content\/uploads\/2023\/08\/TN-350240.png","datePublished":"2023-07-18T12:19:03+00:00","dateModified":"2026-03-30T08:57:27+00:00","description":"LED Umrissleuchte 28mm ORANGE \u2013 Nedking-Leuchte mit 3 LED-Punkten und dunklem Glas \u2013 verwendbar f\u00fcr PKW, LKW, Anh\u00e4nger und mehr \u2013 eingebaute Leuchte","breadcrumb":{"@id":"https:\/\/truckned.nl\/product\/led-markeringslamp-28mm-oranje-donker-glas\/#breadcrumb"},"inLanguage":"de","potentialAction":[{"@type":"ReadAction","target":["https:\/\/truckned.nl\/product\/led-markeringslamp-28mm-oranje-donker-glas\/"]}]},{"@type":"ImageObject","inLanguage":"de","@id":"https:\/\/truckned.nl\/product\/led-markeringslamp-28mm-oranje-donker-glas\/#primaryimage","url":"https:\/\/truckned.nl\/wp-content\/uploads\/2023\/08\/TN-350240.png","contentUrl":"https:\/\/truckned.nl\/wp-content\/uploads\/2023\/08\/TN-350240.png","width":800,"height":800,"caption":"NEDKING LED markeringslamp 28mm ORANJE met DONKER \/ SMOKE glas - voor truck en trailer - EAN: 6090539214201"},{"@type":"BreadcrumbList","@id":"https:\/\/truckned.nl\/product\/led-markeringslamp-28mm-oranje-donker-glas\/#breadcrumb","itemListElement":[{"@type":"ListItem","position":1,"name":"Home","item":"https:\/\/truckned.nl\/"},{"@type":"ListItem","position":2,"name":"Shop","item":"https:\/\/truckned.nl\/nl\/shop\/"},{"@type":"ListItem","position":3,"name":"Verlichting","item":"https:\/\/truckned.nl\/de\/produkt-kategorie\/verlichting\/"},{"@type":"ListItem","position":4,"name":"Markeringslampen","item":"https:\/\/truckned.nl\/nl\/product-categorie\/verlichting\/verlichting-markeringslampen\/"},{"@type":"ListItem","position":5,"name":"LED markeringslamp 28mm ORANJE &#8211; donker"}]},{"@type":"WebSite","@id":"https:\/\/truckned.nl\/nl\/#website","url":"https:\/\/truckned.nl\/nl\/","name":"Truckned","description":"","publisher":{"@id":"https:\/\/truckned.nl\/nl\/#organization"},"potentialAction":[{"@type":"SearchAction","target":{"@type":"EntryPoint","urlTemplate":"https:\/\/truckned.nl\/nl\/?s={search_term_string}"},"query-input":{"@type":"PropertyValueSpecification","valueRequired":true,"valueName":"search_term_string"}}],"inLanguage":"de"},{"@type":"Organization","@id":"https:\/\/truckned.nl\/nl\/#organization","name":"Truckned","url":"https:\/\/truckned.nl\/nl\/","logo":{"@type":"ImageObject","inLanguage":"de","@id":"https:\/\/truckned.nl\/nl\/#\/schema\/logo\/image\/","url":"https:\/\/truckned.nl\/wp-content\/uploads\/2022\/10\/800x800-Truckned-logo-zonder-tekst-ZWART.png","contentUrl":"https:\/\/truckned.nl\/wp-content\/uploads\/2022\/10\/800x800-Truckned-logo-zonder-tekst-ZWART.png","width":801,"height":801,"caption":"Truckned"},"image":{"@id":"https:\/\/truckned.nl\/nl\/#\/schema\/logo\/image\/"},"sameAs":["https:\/\/www.facebook.com\/truckned\/","https:\/\/www.instagram.com\/truckned\/"],"vatID":"NL863960509B01","taxID":"86417487","hasMerchantReturnPolicy":{"@type":"MerchantReturnPolicy","merchantReturnLink":"https:\/\/truckned.nl\/de\/versand-rucksendungen\/"}}]},"product_brand":"Nedking","product_price_amount":"9.95","product_price_currency":"EUR","og_availability":"instock","product_availability":"instock","product_retailer_item_id":"TN-3502340","product_condition":"new"},"_links":{"self":[{"href":"https:\/\/truckned.nl\/de\/wp-json\/wp\/v2\/product\/27969","targetHints":{"allow":["GET"]}}],"collection":[{"href":"https:\/\/truckned.nl\/de\/wp-json\/wp\/v2\/product"}],"about":[{"href":"https:\/\/truckned.nl\/de\/wp-json\/wp\/v2\/types\/product"}],"replies":[{"embeddable":true,"href":"https:\/\/truckned.nl\/de\/wp-json\/wp\/v2\/comments?post=27969"}],"wp:featuredmedia":[{"embeddable":true,"href":"https:\/\/truckned.nl\/de\/wp-json\/wp\/v2\/media\/27979"}],"wp:attachment":[{"href":"https:\/\/truckned.nl\/de\/wp-json\/wp\/v2\/media?parent=27969"}],"wp:term":[{"taxonomy":"product_brand","embeddable":true,"href":"https:\/\/truckned.nl\/de\/wp-json\/wp\/v2\/product_brand?post=27969"},{"taxonomy":"product_cat","embeddable":true,"href":"https:\/\/truckned.nl\/de\/wp-json\/wp\/v2\/product_cat?post=27969"},{"taxonomy":"product_tag","embeddable":true,"href":"https:\/\/truckned.nl\/de\/wp-json\/wp\/v2\/product_tag?post=27969"}],"curies":[{"name":"wp","href":"https:\/\/api.w.org\/{rel}","templated":true}]}}