{"id":28007,"date":"2023-08-22T11:22:03","date_gmt":"2023-08-22T09:22:03","guid":{"rendered":"https:\/\/truckned.nl\/?post_type=product&#038;p=28007"},"modified":"2026-04-09T09:24:08","modified_gmt":"2026-04-09T07:24:08","slug":"strands-dark-knight-3-led-markeringslamp-rood","status":"publish","type":"product","link":"https:\/\/truckned.nl\/de\/produkt\/strands-dark-knight-3-led-markeringslamp-rood\/","title":{"rendered":"Strands Dark Knight 3 LED Positionsleuchte \u2013 rot"},"content":{"rendered":"<p><span style=\"color: #000000;\"><strong>Strands Dark Knight 3 LED Umrissleuchte rot.\u00a0<\/strong><\/span><\/p>\n<p><span style=\"color: #000000;\">Suchen Sie eine Markierungsleuchte, die dunkles Glas hat, aber in der Farbe ROT leuchtet? Dann k\u00f6nnte die Markierungsleuchte Strands Dark Knight LED ROT mit dunklem Glas die LED-Leuchte sein, die Sie suchen. Die kleine flache Aufbauleuchte ist mit 3 LED-Punkten ausgestattet und wird pro St\u00fcck geliefert. Die ovale Lampe LED ist f\u00fcr den 12- und 24-Volt-Betrieb konzipiert und eignet sich daher beispielsweise f\u00fcr Ihren LKW oder Anh\u00e4nger. Sie k\u00f6nnen die Lampe auch an einem Auto oder Anh\u00e4nger verwenden, der mit einem 12-Volt-Anschluss ausgestattet ist.\u00a0<\/span><\/p>\n<h5><span style=\"color: #000000;\"><strong>Abmessungen:<\/strong><\/span><\/h5>\n<p><span style=\"color: #000000;\">Denn Sie m\u00f6chten sicherstellen, dass die Lampe dort passt, wo Sie sie montieren m\u00f6chten. Nachfolgend haben wir die Abmessungen der rot leuchtenden LED-Lampe notiert. Die Abmessungen der Markierungsleuchte Strands Dark Knight ROT mit 3 LED-Punkten sind wie folgt.<\/span><\/p>\n<ul>\n<li><span style=\"color: #000000;\">Breite: 84 mm<\/span><\/li>\n<li><span style=\"color: #000000;\">H\u00f6he: 24 mm<\/span><\/li>\n<li><span style=\"color: #000000;\">Dicke: 10,4 mm<\/span><\/li>\n<li><span style=\"color: #000000;\">HZ: 61 mm<\/span><\/li>\n<\/ul>\n<h5><span style=\"color: #000000;\"><strong>Andere Farben:<\/strong><\/span><\/h5>\n<p><span style=\"color: #000000;\">Sie suchen eine kleine Markierungsleuchte LED, aber die Farbe ROT ist nicht die Farbe, die Sie suchen? Dann wissen Sie, dass die LED-Lampe von Strands auch in den folgenden Farben erh\u00e4ltlich ist:\u00a0<\/span><\/p>\n<ul>\n<li><span style=\"color: #000000;\"><a style=\"color: #000000;\" href=\"https:\/\/truckned.nl\/de\/produkt\/strands-dark-knight-3-led-markeringslamp-oranje\/\" target=\"_blank\" rel=\"noopener\"><strong>Strands Umrissleuchte ORANGE<\/strong><\/a><\/span><\/li>\n<li><span style=\"color: #000000;\"><a style=\"color: #000000;\" href=\"https:\/\/truckned.nl\/de\/produkt\/strands-dark-knight-3-led-markeringslamp-wit\/\" target=\"_blank\" rel=\"noopener\"><strong>Strands Umrissleuchte WEI\u00df<\/strong><\/a><\/span><\/li>\n<\/ul>\n<div class=\"truncated\">\n<p><span style=\"color: #000000;\">Denken Sie, dass die Markierungsleuchte Strands 3 LED ROT mit dunklem Glas nicht das ist, was Sie suchen? Einfach weil Ihnen die Farbe, Form oder L\u00e4nge nicht gef\u00e4llt? Sehen Sie sich hier das komplette Sortiment der Marke an <a style=\"color: #000000;\" href=\"https:\/\/truckned.nl\/de\/merk\/produkt-strands-beleuchtungsabteilung\/\" target=\"_blank\" rel=\"noopener\">Strands<\/a>.<\/span><\/p>\n<\/div>","protected":false},"excerpt":{"rendered":"<p>Strands Dark Knight 3 LED rote Begrenzungsleuchte. Suchen Sie eine Begrenzungsleuchte mit dunkler Linse, aber rotem Licht? Dann k\u00f6nnte die rote Begrenzungsleuchte Strands Dark Knight LED mit dunkler Linse die LED-Leuchte sein, die Sie suchen. Diese kleine, flache Anbauleuchte ist mit 3 LED [\u2026] ausgestattet.<\/p>","protected":false},"featured_media":33916,"comment_status":"open","ping_status":"closed","template":"","meta":{"_acf_changed":false,"site-sidebar-layout":"default","site-content-layout":"default","ast-site-content-layout":"default","site-content-style":"default","site-sidebar-style":"default","ast-global-header-display":"","ast-banner-title-visibility":"","ast-main-header-display":"","ast-hfb-above-header-display":"","ast-hfb-below-header-display":"","ast-hfb-mobile-header-display":"","site-post-title":"","ast-breadcrumbs-content":"","ast-featured-img":"","footer-sml-layout":"","ast-disable-related-posts":"","theme-transparent-header-meta":"default","adv-header-id-meta":"","stick-header-meta":"","header-above-stick-meta":"","header-main-stick-meta":"","header-below-stick-meta":"","astra-migrate-meta-layouts":"set","ast-page-background-enabled":"default","ast-page-background-meta":{"desktop":{"background-color":"","background-image":"","background-repeat":"repeat","background-position":"center center","background-size":"auto","background-attachment":"scroll","background-type":"","background-media":"","overlay-type":"","overlay-color":"","overlay-opacity":"","overlay-gradient":""},"tablet":{"background-color":"","background-image":"","background-repeat":"repeat","background-position":"center center","background-size":"auto","background-attachment":"scroll","background-type":"","background-media":"","overlay-type":"","overlay-color":"","overlay-opacity":"","overlay-gradient":""},"mobile":{"background-color":"","background-image":"","background-repeat":"repeat","background-position":"center center","background-size":"auto","background-attachment":"scroll","background-type":"","background-media":"","overlay-type":"","overlay-color":"","overlay-opacity":"","overlay-gradient":""}},"ast-content-background-meta":{"desktop":{"background-color":"var(--ast-global-color-5)","background-image":"","background-repeat":"repeat","background-position":"center center","background-size":"auto","background-attachment":"scroll","background-type":"","background-media":"","overlay-type":"","overlay-color":"","overlay-opacity":"","overlay-gradient":""},"tablet":{"background-color":"var(--ast-global-color-5)","background-image":"","background-repeat":"repeat","background-position":"center center","background-size":"auto","background-attachment":"scroll","background-type":"","background-media":"","overlay-type":"","overlay-color":"","overlay-opacity":"","overlay-gradient":""},"mobile":{"background-color":"var(--ast-global-color-5)","background-image":"","background-repeat":"repeat","background-position":"center center","background-size":"auto","background-attachment":"scroll","background-type":"","background-media":"","overlay-type":"","overlay-color":"","overlay-opacity":"","overlay-gradient":""}}},"product_brand":[],"product_cat":[7529],"product_tag":[],"class_list":{"0":"post-28007","1":"product","2":"type-product","3":"status-publish","4":"has-post-thumbnail","6":"product_cat-verlichting-markeringslampen","7":"pa_merkk-product-strands-lighting-division","8":"desktop-align-left","9":"tablet-align-left","10":"mobile-align-left","12":"first","13":"instock","14":"taxable","15":"shipping-taxable","16":"purchasable","17":"product-type-simple"},"acf":[],"yoast_head":"<!-- This site is optimized with the Yoast SEO Premium plugin v26.5 (Yoast SEO v26.5) - https:\/\/yoast.com\/wordpress\/plugins\/seo\/ -->\n<title>Strands Dark Knight markeringslamp ROOD - Truckned - voor 12&amp;24V gebruik<\/title>\n<meta name=\"description\" content=\"Strands Dark Knight markeringslamp ROOD - Strands lamp met 3 LED punten en donker glas - voor auto, vrachtwagen, aanhanger en meer - eenvoudige montage\" \/>\n<meta name=\"robots\" content=\"index, follow, max-snippet:-1, max-image-preview:large, max-video-preview:-1\" \/>\n<link rel=\"canonical\" href=\"https:\/\/truckned.nl\/de\/produkt\/strands-dark-knight-3-led-markeringslamp-rood\/\" \/>\n<meta property=\"og:locale\" content=\"de_DE\" \/>\n<meta property=\"og:type\" content=\"article\" \/>\n<meta property=\"og:title\" content=\"Strands Dark Knight markeringslamp ROOD - Truckned - voor 12&amp;24V gebruik\" \/>\n<meta property=\"og:description\" content=\"Strands Dark Knight markeringslamp ROOD - Strands lamp met 3 LED punten en donker glas - voor auto, vrachtwagen, aanhanger en meer - eenvoudige montage\" \/>\n<meta property=\"og:url\" content=\"https:\/\/truckned.nl\/de\/produkt\/strands-dark-knight-3-led-markeringslamp-rood\/\" \/>\n<meta property=\"og:site_name\" content=\"Truckned\" \/>\n<meta property=\"article:publisher\" content=\"https:\/\/www.facebook.com\/truckned\/\" \/>\n<meta property=\"article:modified_time\" content=\"2026-04-09T07:24:08+00:00\" \/>\n<meta property=\"og:image\" content=\"https:\/\/truckned.nl\/wp-content\/uploads\/2024\/07\/TN-800331.01.png\" \/>\n\t<meta property=\"og:image:width\" content=\"800\" \/>\n\t<meta property=\"og:image:height\" content=\"800\" \/>\n\t<meta property=\"og:image:type\" content=\"image\/png\" \/>\n<meta name=\"twitter:label1\" content=\"Preis\" \/>\n\t<meta name=\"twitter:data1\" content=\"&euro;14,95\" \/>\n\t<meta name=\"twitter:label2\" content=\"Verf\u00fcgbarkeit\" \/>\n\t<meta name=\"twitter:data2\" content=\"Auf Lager\" \/>\n<script type=\"application\/ld+json\" class=\"yoast-schema-graph\">{\"@context\":\"https:\/\/schema.org\",\"@graph\":[{\"@type\":[\"WebPage\",\"ItemPage\"],\"@id\":\"https:\/\/truckned.nl\/product\/strands-dark-knight-3-led-markeringslamp-rood\/\",\"url\":\"https:\/\/truckned.nl\/product\/strands-dark-knight-3-led-markeringslamp-rood\/\",\"name\":\"Strands Dark Knight markeringslamp ROOD - Truckned - voor 12&24V gebruik\",\"isPartOf\":{\"@id\":\"https:\/\/truckned.nl\/nl\/#website\"},\"primaryImageOfPage\":{\"@id\":\"https:\/\/truckned.nl\/product\/strands-dark-knight-3-led-markeringslamp-rood\/#primaryimage\"},\"image\":{\"@id\":\"https:\/\/truckned.nl\/product\/strands-dark-knight-3-led-markeringslamp-rood\/#primaryimage\"},\"thumbnailUrl\":\"https:\/\/truckned.nl\/wp-content\/uploads\/2023\/08\/TN-800331-1.png\",\"datePublished\":\"2023-08-22T09:22:03+00:00\",\"dateModified\":\"2026-04-09T07:24:08+00:00\",\"description\":\"Strands Dark Knight markeringslamp ROOD - Strands lamp met 3 LED punten en donker glas - voor auto, vrachtwagen, aanhanger en meer - eenvoudige montage\",\"breadcrumb\":{\"@id\":\"https:\/\/truckned.nl\/product\/strands-dark-knight-3-led-markeringslamp-rood\/#breadcrumb\"},\"inLanguage\":\"de\",\"potentialAction\":[{\"@type\":\"ReadAction\",\"target\":[\"https:\/\/truckned.nl\/product\/strands-dark-knight-3-led-markeringslamp-rood\/\"]}]},{\"@type\":\"ImageObject\",\"inLanguage\":\"de\",\"@id\":\"https:\/\/truckned.nl\/product\/strands-dark-knight-3-led-markeringslamp-rood\/#primaryimage\",\"url\":\"https:\/\/truckned.nl\/wp-content\/uploads\/2023\/08\/TN-800331-1.png\",\"contentUrl\":\"https:\/\/truckned.nl\/wp-content\/uploads\/2023\/08\/TN-800331-1.png\",\"width\":800,\"height\":800,\"caption\":\"Dark Knight 800331\"},{\"@type\":\"BreadcrumbList\",\"@id\":\"https:\/\/truckned.nl\/product\/strands-dark-knight-3-led-markeringslamp-rood\/#breadcrumb\",\"itemListElement\":[{\"@type\":\"ListItem\",\"position\":1,\"name\":\"Home\",\"item\":\"https:\/\/truckned.nl\/\"},{\"@type\":\"ListItem\",\"position\":2,\"name\":\"Shop\",\"item\":\"https:\/\/truckned.nl\/nl\/shop\/\"},{\"@type\":\"ListItem\",\"position\":3,\"name\":\"Verlichting\",\"item\":\"https:\/\/truckned.nl\/de\/produkt-kategorie\/verlichting\/\"},{\"@type\":\"ListItem\",\"position\":4,\"name\":\"Markeringslampen\",\"item\":\"https:\/\/truckned.nl\/nl\/product-categorie\/verlichting\/verlichting-markeringslampen\/\"},{\"@type\":\"ListItem\",\"position\":5,\"name\":\"Strands Dark Knight 3 LED markeringslamp &#8211; rood\"}]},{\"@type\":\"WebSite\",\"@id\":\"https:\/\/truckned.nl\/nl\/#website\",\"url\":\"https:\/\/truckned.nl\/nl\/\",\"name\":\"Truckned\",\"description\":\"\",\"publisher\":{\"@id\":\"https:\/\/truckned.nl\/nl\/#organization\"},\"potentialAction\":[{\"@type\":\"SearchAction\",\"target\":{\"@type\":\"EntryPoint\",\"urlTemplate\":\"https:\/\/truckned.nl\/nl\/?s={search_term_string}\"},\"query-input\":{\"@type\":\"PropertyValueSpecification\",\"valueRequired\":true,\"valueName\":\"search_term_string\"}}],\"inLanguage\":\"de\"},{\"@type\":\"Organization\",\"@id\":\"https:\/\/truckned.nl\/nl\/#organization\",\"name\":\"Truckned\",\"url\":\"https:\/\/truckned.nl\/nl\/\",\"logo\":{\"@type\":\"ImageObject\",\"inLanguage\":\"de\",\"@id\":\"https:\/\/truckned.nl\/nl\/#\/schema\/logo\/image\/\",\"url\":\"https:\/\/truckned.nl\/wp-content\/uploads\/2022\/10\/800x800-Truckned-logo-zonder-tekst-ZWART.png\",\"contentUrl\":\"https:\/\/truckned.nl\/wp-content\/uploads\/2022\/10\/800x800-Truckned-logo-zonder-tekst-ZWART.png\",\"width\":801,\"height\":801,\"caption\":\"Truckned\"},\"image\":{\"@id\":\"https:\/\/truckned.nl\/nl\/#\/schema\/logo\/image\/\"},\"sameAs\":[\"https:\/\/www.facebook.com\/truckned\/\",\"https:\/\/www.instagram.com\/truckned\/\"],\"vatID\":\"NL863960509B01\",\"taxID\":\"86417487\",\"hasMerchantReturnPolicy\":{\"@type\":\"MerchantReturnPolicy\",\"merchantReturnLink\":\"https:\/\/truckned.nl\/de\/versand-rucksendungen\/\"}}]}<\/script>\n<meta property=\"product:brand\" content=\"Strands\" \/>\n<meta property=\"product:price:amount\" content=\"14.95\" \/>\n<meta property=\"product:price:currency\" content=\"EUR\" \/>\n<meta property=\"og:availability\" content=\"instock\" \/>\n<meta property=\"product:availability\" content=\"instock\" \/>\n<meta property=\"product:retailer_item_id\" content=\"TN-800331\" \/>\n<meta property=\"product:condition\" content=\"new\" \/>\n<!-- \/ Yoast SEO Premium plugin. -->","yoast_head_json":{"title":"Strands Dark Knight Umrissleuchte ROT \u2013 Truckned \u2013 f\u00fcr 12&amp;24V-Verwendung","description":"Strands Dark Knight Umrissleuchte ROT \u2013 Strands Leuchte mit 3 LED Punkten und dunklem Glas \u2013 f\u00fcr PKW, LKW, Anh\u00e4nger und mehr \u2013 einfache Installation","robots":{"index":"index","follow":"follow","max-snippet":"max-snippet:-1","max-image-preview":"max-image-preview:large","max-video-preview":"max-video-preview:-1"},"canonical":"https:\/\/truckned.nl\/de\/produkt\/strands-dark-knight-3-led-markeringslamp-rood\/","og_locale":"de_DE","og_type":"article","og_title":"Strands Dark Knight markeringslamp ROOD - Truckned - voor 12&24V gebruik","og_description":"Strands Dark Knight markeringslamp ROOD - Strands lamp met 3 LED punten en donker glas - voor auto, vrachtwagen, aanhanger en meer - eenvoudige montage","og_url":"https:\/\/truckned.nl\/de\/produkt\/strands-dark-knight-3-led-markeringslamp-rood\/","og_site_name":"Truckned","article_publisher":"https:\/\/www.facebook.com\/truckned\/","article_modified_time":"2026-04-09T07:24:08+00:00","og_image":[{"width":800,"height":800,"url":"https:\/\/truckned.nl\/wp-content\/uploads\/2024\/07\/TN-800331.01.png","type":"image\/png"}],"twitter_misc":{"Preis":"&euro;14,95","Verf\u00fcgbarkeit":"Auf Lager"},"schema":{"@context":"https:\/\/schema.org","@graph":[{"@type":["WebPage","ItemPage"],"@id":"https:\/\/truckned.nl\/product\/strands-dark-knight-3-led-markeringslamp-rood\/","url":"https:\/\/truckned.nl\/product\/strands-dark-knight-3-led-markeringslamp-rood\/","name":"Strands Dark Knight Umrissleuchte ROT \u2013 Truckned \u2013 f\u00fcr 12&amp;24V-Verwendung","isPartOf":{"@id":"https:\/\/truckned.nl\/nl\/#website"},"primaryImageOfPage":{"@id":"https:\/\/truckned.nl\/product\/strands-dark-knight-3-led-markeringslamp-rood\/#primaryimage"},"image":{"@id":"https:\/\/truckned.nl\/product\/strands-dark-knight-3-led-markeringslamp-rood\/#primaryimage"},"thumbnailUrl":"https:\/\/truckned.nl\/wp-content\/uploads\/2023\/08\/TN-800331-1.png","datePublished":"2023-08-22T09:22:03+00:00","dateModified":"2026-04-09T07:24:08+00:00","description":"Strands Dark Knight Umrissleuchte ROT \u2013 Strands Leuchte mit 3 LED Punkten und dunklem Glas \u2013 f\u00fcr PKW, LKW, Anh\u00e4nger und mehr \u2013 einfache Installation","breadcrumb":{"@id":"https:\/\/truckned.nl\/product\/strands-dark-knight-3-led-markeringslamp-rood\/#breadcrumb"},"inLanguage":"de","potentialAction":[{"@type":"ReadAction","target":["https:\/\/truckned.nl\/product\/strands-dark-knight-3-led-markeringslamp-rood\/"]}]},{"@type":"ImageObject","inLanguage":"de","@id":"https:\/\/truckned.nl\/product\/strands-dark-knight-3-led-markeringslamp-rood\/#primaryimage","url":"https:\/\/truckned.nl\/wp-content\/uploads\/2023\/08\/TN-800331-1.png","contentUrl":"https:\/\/truckned.nl\/wp-content\/uploads\/2023\/08\/TN-800331-1.png","width":800,"height":800,"caption":"Dark Knight 800331"},{"@type":"BreadcrumbList","@id":"https:\/\/truckned.nl\/product\/strands-dark-knight-3-led-markeringslamp-rood\/#breadcrumb","itemListElement":[{"@type":"ListItem","position":1,"name":"Home","item":"https:\/\/truckned.nl\/"},{"@type":"ListItem","position":2,"name":"Shop","item":"https:\/\/truckned.nl\/nl\/shop\/"},{"@type":"ListItem","position":3,"name":"Verlichting","item":"https:\/\/truckned.nl\/de\/produkt-kategorie\/verlichting\/"},{"@type":"ListItem","position":4,"name":"Markeringslampen","item":"https:\/\/truckned.nl\/nl\/product-categorie\/verlichting\/verlichting-markeringslampen\/"},{"@type":"ListItem","position":5,"name":"Strands Dark Knight 3 LED markeringslamp &#8211; rood"}]},{"@type":"WebSite","@id":"https:\/\/truckned.nl\/nl\/#website","url":"https:\/\/truckned.nl\/nl\/","name":"Truckned","description":"","publisher":{"@id":"https:\/\/truckned.nl\/nl\/#organization"},"potentialAction":[{"@type":"SearchAction","target":{"@type":"EntryPoint","urlTemplate":"https:\/\/truckned.nl\/nl\/?s={search_term_string}"},"query-input":{"@type":"PropertyValueSpecification","valueRequired":true,"valueName":"search_term_string"}}],"inLanguage":"de"},{"@type":"Organization","@id":"https:\/\/truckned.nl\/nl\/#organization","name":"Truckned","url":"https:\/\/truckned.nl\/nl\/","logo":{"@type":"ImageObject","inLanguage":"de","@id":"https:\/\/truckned.nl\/nl\/#\/schema\/logo\/image\/","url":"https:\/\/truckned.nl\/wp-content\/uploads\/2022\/10\/800x800-Truckned-logo-zonder-tekst-ZWART.png","contentUrl":"https:\/\/truckned.nl\/wp-content\/uploads\/2022\/10\/800x800-Truckned-logo-zonder-tekst-ZWART.png","width":801,"height":801,"caption":"Truckned"},"image":{"@id":"https:\/\/truckned.nl\/nl\/#\/schema\/logo\/image\/"},"sameAs":["https:\/\/www.facebook.com\/truckned\/","https:\/\/www.instagram.com\/truckned\/"],"vatID":"NL863960509B01","taxID":"86417487","hasMerchantReturnPolicy":{"@type":"MerchantReturnPolicy","merchantReturnLink":"https:\/\/truckned.nl\/de\/versand-rucksendungen\/"}}]},"product_brand":"Strands","product_price_amount":"14.95","product_price_currency":"EUR","og_availability":"instock","product_availability":"instock","product_retailer_item_id":"TN-800331","product_condition":"new"},"_links":{"self":[{"href":"https:\/\/truckned.nl\/de\/wp-json\/wp\/v2\/product\/28007","targetHints":{"allow":["GET"]}}],"collection":[{"href":"https:\/\/truckned.nl\/de\/wp-json\/wp\/v2\/product"}],"about":[{"href":"https:\/\/truckned.nl\/de\/wp-json\/wp\/v2\/types\/product"}],"replies":[{"embeddable":true,"href":"https:\/\/truckned.nl\/de\/wp-json\/wp\/v2\/comments?post=28007"}],"wp:featuredmedia":[{"embeddable":true,"href":"https:\/\/truckned.nl\/de\/wp-json\/wp\/v2\/media\/33916"}],"wp:attachment":[{"href":"https:\/\/truckned.nl\/de\/wp-json\/wp\/v2\/media?parent=28007"}],"wp:term":[{"taxonomy":"product_brand","embeddable":true,"href":"https:\/\/truckned.nl\/de\/wp-json\/wp\/v2\/product_brand?post=28007"},{"taxonomy":"product_cat","embeddable":true,"href":"https:\/\/truckned.nl\/de\/wp-json\/wp\/v2\/product_cat?post=28007"},{"taxonomy":"product_tag","embeddable":true,"href":"https:\/\/truckned.nl\/de\/wp-json\/wp\/v2\/product_tag?post=28007"}],"curies":[{"name":"wp","href":"https:\/\/api.w.org\/{rel}","templated":true}]}}