{"id":28082,"date":"2023-08-28T15:25:37","date_gmt":"2023-08-28T14:25:37","guid":{"rendered":"https:\/\/truckned.nl\/?post_type=product&#038;p=28082"},"modified":"2026-04-29T08:13:49","modified_gmt":"2026-04-29T06:13:49","slug":"dekbedovertrek-deens-design-paars","status":"publish","type":"product","link":"https:\/\/truckned.nl\/de\/produkt\/dekbedovertrek-deens-design-paars\/","title":{"rendered":"Bettbezug Danish Design - LILA"},"content":{"rendered":"<p><span style=\"color: #000000\"><strong>Bettbezug Danish Design LILA.<\/strong><\/span><\/p>\n<p><span style=\"color: #000000\">Wenn Sie sich als LKW-Fahrer von der Masse abheben m\u00f6chten, ist dieses Bettbezug-Set in Danish Design Lila vielleicht etwas f\u00fcr Sie! Dieses Einzelbettbezug-Set wird mit einem Kissenbezug im ber\u00fchmten d\u00e4nischen Pl\u00fcsch-PURPUR geliefert. Dieses speziell f\u00fcr LKW-Bettdecken gefertigte Einzelbezug-Set inklusive Kissenbezug besteht aus 100%-Baumwolle und ist bei maximal 40 Grad waschbar!<\/span><\/p>\n<h5><span style=\"color: #000000\"><strong>Abmessungen:<\/strong><\/span><\/h5>\n<p><span style=\"color: #000000\">Damit der Bettbezug mit d\u00e4nischem Pl\u00fcsch-Lila-Design passt. Vor dem Kauf m\u00f6chten Sie sicher sein, dass es nicht zu gro\u00df oder zu klein ist. Die Abmessungen des Nedking-Bettbezugs und -Kissenbezugs sind wie folgt:\u00a0<\/span><\/p>\n<ul>\n<li><span style=\"color: #000000\">Kissenbezug: 60\u00d770 cm\u00a0<\/span><\/li>\n<li><span style=\"color: #000000\">Bezug: 140\u00d7200 cm<\/span><\/li>\n<\/ul>\n<h5><span style=\"color: #000000\"><strong>Andere Farben:<\/strong><\/span><\/h5>\n<p><span style=\"color: #000000\">Gef\u00e4llt Ihnen der Bezug aus 100%-Baumwolle mit Kissenbezug und Danish Design von Nedking? Aber m\u00f6chten Sie nicht die Farbe LILA in Ihren LKW einbauen, weil diese nicht zu den anderen von Ihnen eingebauten Innenteilen passt? Sehen Sie sich unten eine Liste der Farben an, die Nedking ebenfalls anbietet.<\/span><\/p>\n<ul>\n<li><span style=\"color: #000000\"><a style=\"color: #000000\" href=\"https:\/\/truckned.nl\/de\/produkt\/dekbedovertrek-deens-design-blauw\/\" target=\"_blank\" rel=\"noopener\"><strong>Nedking Bettbezug BLAU<\/strong><\/a><\/span><\/li>\n<li><span style=\"color: #000000\"><a style=\"color: #000000\" href=\"https:\/\/truckned.nl\/de\/produkt\/dekbedovertrek-deens-design-groen\/\" target=\"_blank\" rel=\"noopener\"><strong>Nedking Bettbezug GR\u00dcN<\/strong><\/a><\/span><\/li>\n<li><span style=\"color: #000000\"><a style=\"color: #000000\" href=\"https:\/\/truckned.nl\/de\/produkt\/dekbedovertrek-deens-design-grijs\/\" target=\"_blank\" rel=\"noopener\"><strong>Nedking Bettbezug GRAU<\/strong><\/a><\/span><\/li>\n<li><span style=\"color: #000000\"><a style=\"color: #000000\" href=\"https:\/\/truckned.nl\/de\/produkt\/dekbedovertrek-deens-design-rood\/\" target=\"_blank\" rel=\"noopener\"><strong>Nedking Bettbezug ROT<\/strong><\/a><\/span><\/li>\n<li><span style=\"color: #000000\"><a style=\"color: #000000\" href=\"https:\/\/truckned.nl\/de\/produkt\/dekbedovertrek-deens-design-geel\/\" target=\"_blank\" rel=\"noopener\"><strong>Nedking Bettbezug GELB<\/strong><\/a><\/span><\/li>\n<\/ul>\n<p><span style=\"color: #000000\">Sind Sie immer noch der Meinung, dass das Nedking Danish Design Bettbezug-Set PURPLE nicht das ist, was Sie suchen? Weil Sie einfach auf der Suche nach etwas anderem sind? Sehen Sie sich hier das komplette Sortiment an <a style=\"color: #000000\" href=\"https:\/\/truckned.nl\/de\/produkt-kategorie\/cabine-binnenzijde\/\" target=\"_blank\" rel=\"noopener\">Zubeh\u00f6r<\/a>. M\u00f6glicherweise finden Sie hier das LKW-Zubeh\u00f6r, das Sie suchen.\u00a0<\/span><\/p>","protected":false},"excerpt":{"rendered":"<p>Danish Design LILA Bettbezug. M\u00f6chten Sie als LKW-Fahrer aus der Masse hervorstechen? Dann ist dieses lila Bettbezug-Set von Danish Design genau das Richtige f\u00fcr Sie! Dieses Einzelbettbezug-Set enth\u00e4lt einen Kissenbezug in der beliebten d\u00e4nischen Pl\u00fcschfarbe LILA. Dieses Einzelbettbezug-Set inklusive Kissenbezug ist speziell f\u00fcr LKWs konzipiert und besteht aus [\u2026]<\/p>","protected":false},"featured_media":28127,"comment_status":"open","ping_status":"closed","template":"","meta":{"_acf_changed":false,"site-sidebar-layout":"default","site-content-layout":"default","ast-site-content-layout":"default","site-content-style":"default","site-sidebar-style":"default","ast-global-header-display":"","ast-banner-title-visibility":"","ast-main-header-display":"","ast-hfb-above-header-display":"","ast-hfb-below-header-display":"","ast-hfb-mobile-header-display":"","site-post-title":"","ast-breadcrumbs-content":"","ast-featured-img":"","footer-sml-layout":"","ast-disable-related-posts":"","theme-transparent-header-meta":"default","adv-header-id-meta":"","stick-header-meta":"","header-above-stick-meta":"","header-main-stick-meta":"","header-below-stick-meta":"","astra-migrate-meta-layouts":"set","ast-page-background-enabled":"default","ast-page-background-meta":{"desktop":{"background-color":"","background-image":"","background-repeat":"repeat","background-position":"center center","background-size":"auto","background-attachment":"scroll","background-type":"","background-media":"","overlay-type":"","overlay-color":"","overlay-opacity":"","overlay-gradient":""},"tablet":{"background-color":"","background-image":"","background-repeat":"repeat","background-position":"center center","background-size":"auto","background-attachment":"scroll","background-type":"","background-media":"","overlay-type":"","overlay-color":"","overlay-opacity":"","overlay-gradient":""},"mobile":{"background-color":"","background-image":"","background-repeat":"repeat","background-position":"center center","background-size":"auto","background-attachment":"scroll","background-type":"","background-media":"","overlay-type":"","overlay-color":"","overlay-opacity":"","overlay-gradient":""}},"ast-content-background-meta":{"desktop":{"background-color":"var(--ast-global-color-5)","background-image":"","background-repeat":"repeat","background-position":"center center","background-size":"auto","background-attachment":"scroll","background-type":"","background-media":"","overlay-type":"","overlay-color":"","overlay-opacity":"","overlay-gradient":""},"tablet":{"background-color":"var(--ast-global-color-5)","background-image":"","background-repeat":"repeat","background-position":"center center","background-size":"auto","background-attachment":"scroll","background-type":"","background-media":"","overlay-type":"","overlay-color":"","overlay-opacity":"","overlay-gradient":""},"mobile":{"background-color":"var(--ast-global-color-5)","background-image":"","background-repeat":"repeat","background-position":"center center","background-size":"auto","background-attachment":"scroll","background-type":"","background-media":"","overlay-type":"","overlay-color":"","overlay-opacity":"","overlay-gradient":""}}},"product_brand":[],"product_cat":[7533],"product_tag":[],"class_list":{"0":"post-28082","1":"product","2":"type-product","3":"status-publish","4":"has-post-thumbnail","6":"product_cat-dekbed-overtrekken","7":"pa_merkk-product-nedking","8":"desktop-align-left","9":"tablet-align-left","10":"mobile-align-left","12":"first","13":"instock","14":"taxable","15":"shipping-taxable","16":"purchasable","17":"product-type-simple"},"acf":[],"yoast_head":"<!-- This site is optimized with the Yoast SEO Premium plugin v26.5 (Yoast SEO v26.5) - https:\/\/yoast.com\/wordpress\/plugins\/seo\/ -->\n<title>Dekbedovertrek Deens Design - PAARS - Truckned - truck accessoires en meer<\/title>\n<meta name=\"description\" content=\"Dekbedovertrek Deens Design - PAARS - Oldskool dekbedovertrek - Nedking Dekbed - ! cadeau tip ! - geschikt voor diverse doeleinden - wassen max 40\u00b0\" \/>\n<meta name=\"robots\" content=\"index, follow, max-snippet:-1, max-image-preview:large, max-video-preview:-1\" \/>\n<link rel=\"canonical\" href=\"https:\/\/truckned.nl\/de\/produkt\/dekbedovertrek-deens-design-paars\/\" \/>\n<meta property=\"og:locale\" content=\"de_DE\" \/>\n<meta property=\"og:type\" content=\"article\" \/>\n<meta property=\"og:title\" content=\"Dekbedovertrek Deens Design - PAARS - Truckned - truck accessoires en meer\" \/>\n<meta property=\"og:description\" content=\"Dekbedovertrek Deens Design - PAARS - Oldskool dekbedovertrek - Nedking Dekbed - ! cadeau tip ! - geschikt voor diverse doeleinden - wassen max 40\u00b0\" \/>\n<meta property=\"og:url\" content=\"https:\/\/truckned.nl\/de\/produkt\/dekbedovertrek-deens-design-paars\/\" \/>\n<meta property=\"og:site_name\" content=\"Truckned\" \/>\n<meta property=\"article:publisher\" content=\"https:\/\/www.facebook.com\/truckned\/\" \/>\n<meta property=\"article:modified_time\" content=\"2026-04-29T06:13:49+00:00\" \/>\n<meta property=\"og:image\" content=\"https:\/\/truckned.nl\/wp-content\/uploads\/2023\/08\/TN-450072-01.png\" \/>\n\t<meta property=\"og:image:width\" content=\"800\" \/>\n\t<meta property=\"og:image:height\" content=\"800\" \/>\n\t<meta property=\"og:image:type\" content=\"image\/png\" \/>\n<meta name=\"twitter:label1\" content=\"Preis\" \/>\n\t<meta name=\"twitter:data1\" content=\"&euro;49,95\" \/>\n\t<meta name=\"twitter:label2\" content=\"Verf\u00fcgbarkeit\" \/>\n\t<meta name=\"twitter:data2\" content=\"Auf Lager\" \/>\n<script type=\"application\/ld+json\" class=\"yoast-schema-graph\">{\"@context\":\"https:\/\/schema.org\",\"@graph\":[{\"@type\":[\"WebPage\",\"ItemPage\"],\"@id\":\"https:\/\/truckned.nl\/product\/dekbedovertrek-deens-design-paars\/\",\"url\":\"https:\/\/truckned.nl\/product\/dekbedovertrek-deens-design-paars\/\",\"name\":\"Dekbedovertrek Deens Design - PAARS - Truckned - truck accessoires en meer\",\"isPartOf\":{\"@id\":\"https:\/\/truckned.nl\/nl\/#website\"},\"primaryImageOfPage\":{\"@id\":\"https:\/\/truckned.nl\/product\/dekbedovertrek-deens-design-paars\/#primaryimage\"},\"image\":{\"@id\":\"https:\/\/truckned.nl\/product\/dekbedovertrek-deens-design-paars\/#primaryimage\"},\"thumbnailUrl\":\"https:\/\/truckned.nl\/wp-content\/uploads\/2023\/08\/TN-450072.png\",\"datePublished\":\"2023-08-28T14:25:37+00:00\",\"dateModified\":\"2026-04-29T06:13:49+00:00\",\"description\":\"Dekbedovertrek Deens Design - PAARS - Oldskool dekbedovertrek - Nedking Dekbed - ! cadeau tip ! - geschikt voor diverse doeleinden - wassen max 40\u00b0\",\"breadcrumb\":{\"@id\":\"https:\/\/truckned.nl\/product\/dekbedovertrek-deens-design-paars\/#breadcrumb\"},\"inLanguage\":\"de\",\"potentialAction\":[{\"@type\":\"ReadAction\",\"target\":[\"https:\/\/truckned.nl\/product\/dekbedovertrek-deens-design-paars\/\"]}]},{\"@type\":\"ImageObject\",\"inLanguage\":\"de\",\"@id\":\"https:\/\/truckned.nl\/product\/dekbedovertrek-deens-design-paars\/#primaryimage\",\"url\":\"https:\/\/truckned.nl\/wp-content\/uploads\/2023\/08\/TN-450072.png\",\"contentUrl\":\"https:\/\/truckned.nl\/wp-content\/uploads\/2023\/08\/TN-450072.png\",\"width\":800,\"height\":800,\"caption\":\"Eenpersoons dekbed overtrek met kussensloop van 100% katoen - dekbed is voorzien van een print in de vorm van Deens Pluche PAARS - geschikt voor een vrachtwagen cabine - uitgeslapen onderweg - afmetingen: 140 x 200 cm - wassen op MAX 40 graden!! - EAN: 05744005280344\"},{\"@type\":\"BreadcrumbList\",\"@id\":\"https:\/\/truckned.nl\/product\/dekbedovertrek-deens-design-paars\/#breadcrumb\",\"itemListElement\":[{\"@type\":\"ListItem\",\"position\":1,\"name\":\"Home\",\"item\":\"https:\/\/truckned.nl\/\"},{\"@type\":\"ListItem\",\"position\":2,\"name\":\"Shop\",\"item\":\"https:\/\/truckned.nl\/nl\/shop\/\"},{\"@type\":\"ListItem\",\"position\":3,\"name\":\"Cabine - binnenzijde\",\"item\":\"https:\/\/truckned.nl\/de\/produkt-kategorie\/cabine-binnenzijden\/\"},{\"@type\":\"ListItem\",\"position\":4,\"name\":\"Dekbedovertrekken\",\"item\":\"https:\/\/truckned.nl\/nl\/product-categorie\/cabine-binnenzijden\/dekbed-overtrekken\/\"},{\"@type\":\"ListItem\",\"position\":5,\"name\":\"Dekbedovertrek Deens Design &#8211; PAARS\"}]},{\"@type\":\"WebSite\",\"@id\":\"https:\/\/truckned.nl\/nl\/#website\",\"url\":\"https:\/\/truckned.nl\/nl\/\",\"name\":\"Truckned\",\"description\":\"\",\"publisher\":{\"@id\":\"https:\/\/truckned.nl\/nl\/#organization\"},\"potentialAction\":[{\"@type\":\"SearchAction\",\"target\":{\"@type\":\"EntryPoint\",\"urlTemplate\":\"https:\/\/truckned.nl\/nl\/?s={search_term_string}\"},\"query-input\":{\"@type\":\"PropertyValueSpecification\",\"valueRequired\":true,\"valueName\":\"search_term_string\"}}],\"inLanguage\":\"de\"},{\"@type\":\"Organization\",\"@id\":\"https:\/\/truckned.nl\/nl\/#organization\",\"name\":\"Truckned\",\"url\":\"https:\/\/truckned.nl\/nl\/\",\"logo\":{\"@type\":\"ImageObject\",\"inLanguage\":\"de\",\"@id\":\"https:\/\/truckned.nl\/nl\/#\/schema\/logo\/image\/\",\"url\":\"https:\/\/truckned.nl\/wp-content\/uploads\/2022\/10\/800x800-Truckned-logo-zonder-tekst-ZWART.png\",\"contentUrl\":\"https:\/\/truckned.nl\/wp-content\/uploads\/2022\/10\/800x800-Truckned-logo-zonder-tekst-ZWART.png\",\"width\":801,\"height\":801,\"caption\":\"Truckned\"},\"image\":{\"@id\":\"https:\/\/truckned.nl\/nl\/#\/schema\/logo\/image\/\"},\"sameAs\":[\"https:\/\/www.facebook.com\/truckned\/\",\"https:\/\/www.instagram.com\/truckned\/\"],\"vatID\":\"NL863960509B01\",\"taxID\":\"86417487\",\"hasMerchantReturnPolicy\":{\"@type\":\"MerchantReturnPolicy\",\"merchantReturnLink\":\"https:\/\/truckned.nl\/de\/versand-rucksendungen\/\"}}]}<\/script>\n<meta property=\"product:brand\" content=\"Nedking\" \/>\n<meta property=\"product:price:amount\" content=\"49.95\" \/>\n<meta property=\"product:price:currency\" content=\"EUR\" \/>\n<meta property=\"og:availability\" content=\"instock\" \/>\n<meta property=\"product:availability\" content=\"instock\" \/>\n<meta property=\"product:retailer_item_id\" content=\"TN-450072\" \/>\n<meta property=\"product:condition\" content=\"new\" \/>\n<!-- \/ Yoast SEO Premium plugin. -->","yoast_head_json":{"title":"Bettbezug Danish Design - LILA - Truckned - LKW-Zubeh\u00f6r und mehr","description":"Bettbezug Danish Design - LILA - Oldskool Bettbezug - Nedking Duvet - ! Geschenktipp! - f\u00fcr verschiedene Zwecke geeignet - max. 40\u00b0 waschen","robots":{"index":"index","follow":"follow","max-snippet":"max-snippet:-1","max-image-preview":"max-image-preview:large","max-video-preview":"max-video-preview:-1"},"canonical":"https:\/\/truckned.nl\/de\/produkt\/dekbedovertrek-deens-design-paars\/","og_locale":"de_DE","og_type":"article","og_title":"Dekbedovertrek Deens Design - PAARS - Truckned - truck accessoires en meer","og_description":"Dekbedovertrek Deens Design - PAARS - Oldskool dekbedovertrek - Nedking Dekbed - ! cadeau tip ! - geschikt voor diverse doeleinden - wassen max 40\u00b0","og_url":"https:\/\/truckned.nl\/de\/produkt\/dekbedovertrek-deens-design-paars\/","og_site_name":"Truckned","article_publisher":"https:\/\/www.facebook.com\/truckned\/","article_modified_time":"2026-04-29T06:13:49+00:00","og_image":[{"width":800,"height":800,"url":"https:\/\/truckned.nl\/wp-content\/uploads\/2023\/08\/TN-450072-01.png","type":"image\/png"}],"twitter_misc":{"Preis":"&euro;49,95","Verf\u00fcgbarkeit":"Auf Lager"},"schema":{"@context":"https:\/\/schema.org","@graph":[{"@type":["WebPage","ItemPage"],"@id":"https:\/\/truckned.nl\/product\/dekbedovertrek-deens-design-paars\/","url":"https:\/\/truckned.nl\/product\/dekbedovertrek-deens-design-paars\/","name":"Bettbezug Danish Design - LILA - Truckned - LKW-Zubeh\u00f6r und mehr","isPartOf":{"@id":"https:\/\/truckned.nl\/nl\/#website"},"primaryImageOfPage":{"@id":"https:\/\/truckned.nl\/product\/dekbedovertrek-deens-design-paars\/#primaryimage"},"image":{"@id":"https:\/\/truckned.nl\/product\/dekbedovertrek-deens-design-paars\/#primaryimage"},"thumbnailUrl":"https:\/\/truckned.nl\/wp-content\/uploads\/2023\/08\/TN-450072.png","datePublished":"2023-08-28T14:25:37+00:00","dateModified":"2026-04-29T06:13:49+00:00","description":"Bettbezug Danish Design - LILA - Oldskool Bettbezug - Nedking Duvet - ! Geschenktipp! - f\u00fcr verschiedene Zwecke geeignet - max. 40\u00b0 waschen","breadcrumb":{"@id":"https:\/\/truckned.nl\/product\/dekbedovertrek-deens-design-paars\/#breadcrumb"},"inLanguage":"de","potentialAction":[{"@type":"ReadAction","target":["https:\/\/truckned.nl\/product\/dekbedovertrek-deens-design-paars\/"]}]},{"@type":"ImageObject","inLanguage":"de","@id":"https:\/\/truckned.nl\/product\/dekbedovertrek-deens-design-paars\/#primaryimage","url":"https:\/\/truckned.nl\/wp-content\/uploads\/2023\/08\/TN-450072.png","contentUrl":"https:\/\/truckned.nl\/wp-content\/uploads\/2023\/08\/TN-450072.png","width":800,"height":800,"caption":"Eenpersoons dekbed overtrek met kussensloop van 100% katoen - dekbed is voorzien van een print in de vorm van Deens Pluche PAARS - geschikt voor een vrachtwagen cabine - uitgeslapen onderweg - afmetingen: 140 x 200 cm - wassen op MAX 40 graden!! - EAN: 05744005280344"},{"@type":"BreadcrumbList","@id":"https:\/\/truckned.nl\/product\/dekbedovertrek-deens-design-paars\/#breadcrumb","itemListElement":[{"@type":"ListItem","position":1,"name":"Home","item":"https:\/\/truckned.nl\/"},{"@type":"ListItem","position":2,"name":"Shop","item":"https:\/\/truckned.nl\/nl\/shop\/"},{"@type":"ListItem","position":3,"name":"Cabine - binnenzijde","item":"https:\/\/truckned.nl\/de\/produkt-kategorie\/cabine-binnenzijden\/"},{"@type":"ListItem","position":4,"name":"Dekbedovertrekken","item":"https:\/\/truckned.nl\/nl\/product-categorie\/cabine-binnenzijden\/dekbed-overtrekken\/"},{"@type":"ListItem","position":5,"name":"Dekbedovertrek Deens Design &#8211; PAARS"}]},{"@type":"WebSite","@id":"https:\/\/truckned.nl\/nl\/#website","url":"https:\/\/truckned.nl\/nl\/","name":"Truckned","description":"","publisher":{"@id":"https:\/\/truckned.nl\/nl\/#organization"},"potentialAction":[{"@type":"SearchAction","target":{"@type":"EntryPoint","urlTemplate":"https:\/\/truckned.nl\/nl\/?s={search_term_string}"},"query-input":{"@type":"PropertyValueSpecification","valueRequired":true,"valueName":"search_term_string"}}],"inLanguage":"de"},{"@type":"Organization","@id":"https:\/\/truckned.nl\/nl\/#organization","name":"Truckned","url":"https:\/\/truckned.nl\/nl\/","logo":{"@type":"ImageObject","inLanguage":"de","@id":"https:\/\/truckned.nl\/nl\/#\/schema\/logo\/image\/","url":"https:\/\/truckned.nl\/wp-content\/uploads\/2022\/10\/800x800-Truckned-logo-zonder-tekst-ZWART.png","contentUrl":"https:\/\/truckned.nl\/wp-content\/uploads\/2022\/10\/800x800-Truckned-logo-zonder-tekst-ZWART.png","width":801,"height":801,"caption":"Truckned"},"image":{"@id":"https:\/\/truckned.nl\/nl\/#\/schema\/logo\/image\/"},"sameAs":["https:\/\/www.facebook.com\/truckned\/","https:\/\/www.instagram.com\/truckned\/"],"vatID":"NL863960509B01","taxID":"86417487","hasMerchantReturnPolicy":{"@type":"MerchantReturnPolicy","merchantReturnLink":"https:\/\/truckned.nl\/de\/versand-rucksendungen\/"}}]},"product_brand":"Nedking","product_price_amount":"49.95","product_price_currency":"EUR","og_availability":"instock","product_availability":"instock","product_retailer_item_id":"TN-450072","product_condition":"new"},"_links":{"self":[{"href":"https:\/\/truckned.nl\/de\/wp-json\/wp\/v2\/product\/28082","targetHints":{"allow":["GET"]}}],"collection":[{"href":"https:\/\/truckned.nl\/de\/wp-json\/wp\/v2\/product"}],"about":[{"href":"https:\/\/truckned.nl\/de\/wp-json\/wp\/v2\/types\/product"}],"replies":[{"embeddable":true,"href":"https:\/\/truckned.nl\/de\/wp-json\/wp\/v2\/comments?post=28082"}],"wp:featuredmedia":[{"embeddable":true,"href":"https:\/\/truckned.nl\/de\/wp-json\/wp\/v2\/media\/28127"}],"wp:attachment":[{"href":"https:\/\/truckned.nl\/de\/wp-json\/wp\/v2\/media?parent=28082"}],"wp:term":[{"taxonomy":"product_brand","embeddable":true,"href":"https:\/\/truckned.nl\/de\/wp-json\/wp\/v2\/product_brand?post=28082"},{"taxonomy":"product_cat","embeddable":true,"href":"https:\/\/truckned.nl\/de\/wp-json\/wp\/v2\/product_cat?post=28082"},{"taxonomy":"product_tag","embeddable":true,"href":"https:\/\/truckned.nl\/de\/wp-json\/wp\/v2\/product_tag?post=28082"}],"curies":[{"name":"wp","href":"https:\/\/api.w.org\/{rel}","templated":true}]}}