{"id":28185,"date":"2023-09-22T16:00:50","date_gmt":"2023-09-22T14:00:50","guid":{"rendered":"https:\/\/truckned.nl\/?post_type=product&#038;p=28185"},"modified":"2025-11-03T11:52:55","modified_gmt":"2025-11-03T10:52:55","slug":"sokken-deens-design-paars","status":"publish","type":"product","link":"https:\/\/truckned.nl\/de\/produkt\/sokken-deens-design-paars\/","title":{"rendered":"Socken Danish Design - LILA"},"content":{"rendered":"<p><span style=\"color: #000000;\"><strong>Socken mit d\u00e4nischem Design LILA \u2013 1er- oder 3er-Pack.<\/strong><\/span><\/p>\n<p><span style=\"color: #000000;\">M\u00f6chten Sie alles im Danish Design-Look, genau wie die restliche Inneneinrichtung, aber denken Sie, dass Sie schon alles haben? Vielleicht ist dies das Accessoire, das Sie suchen! Das Sockenset mit Danish Design-Aufdruck in der Farbe PURPLE wird pro Set geliefert und ist in verschiedenen Gr\u00f6\u00dfen erh\u00e4ltlich. Die verf\u00fcgbaren Schuhgr\u00f6\u00dfen finden Sie unten auf der Seite. Die Socken bestehen aus 80% Baumwolle, 17% Polyamid und 3% Elastan.\u00a0<\/span><\/p>\n<h5><span style=\"color: #000000;\"><strong>Verf\u00fcgbare Gr\u00f6\u00dfen:<\/strong><\/span><\/h5>\n<p><span style=\"color: #000000;\">Da wir nicht alle die gleiche Schuhgr\u00f6\u00dfe haben, haben wir uns entschieden, die Socken in 5 Gr\u00f6\u00dfen anzubieten. Die Socken mit d\u00e4nischem Design \u2013 LILA sind in folgenden Gr\u00f6\u00dfen erh\u00e4ltlich: <\/span><\/p>\n<ul>\n<li><span style=\"color: #000000;\">Gr\u00f6\u00dfe 34\/36<\/span><\/li>\n<li><span style=\"color: #000000;\">Gr\u00f6\u00dfe 37\/39\u00a0<\/span><\/li>\n<li><span style=\"color: #000000;\">Gr\u00f6\u00dfe 40\/43\u00a0<\/span><\/li>\n<li><span style=\"color: #000000;\">Gr\u00f6\u00dfe 44\/46\u00a0<\/span><\/li>\n<li><span style=\"color: #000000;\">Gr\u00f6\u00dfe 47\/49\u00a0<\/span><\/li>\n<\/ul>\n<h5><span style=\"color: #000000;\"><strong>Andere Farben:<\/strong><\/span><\/h5>\n<p><span style=\"color: #000000;\">Gef\u00e4llt Ihnen das Sockenset aus 80%-Baumwolle mit d\u00e4nischem Design von Nedking? Aber m\u00f6chten Sie nicht die Farbe LILA in Ihren Schuhen haben, weil sie nicht zu den anderen von Ihnen eingebauten Innenteilen passt? Sehen Sie sich unten eine Liste der Farben an, die Nedking ebenfalls anbietet.<\/span><\/p>\n<ul>\n<li><span style=\"color: #000000;\"><a style=\"color: #000000;\" href=\"https:\/\/truckned.nl\/de\/produkt\/sokken-deens-design-groen\/\" target=\"_blank\" rel=\"noopener\"><strong>D\u00e4nisches Gr\u00fcn\u00a0<\/strong><\/a><\/span><\/li>\n<li><span style=\"color: #000000;\"><a style=\"color: #000000;\" href=\"https:\/\/truckned.nl\/de\/produkt\/sokken-deens-design-blauw\/\" target=\"_blank\" rel=\"noopener\"><strong>D\u00e4nisches Blau<\/strong><\/a><\/span><\/li>\n<li><span style=\"color: #000000;\"><a style=\"color: #000000;\" href=\"https:\/\/truckned.nl\/de\/produkt\/sokken-deens-design-rood\/\" target=\"_blank\" rel=\"noopener\"><strong>D\u00e4nisches Rot<\/strong><\/a><\/span><\/li>\n<li><span style=\"color: #000000;\"><a style=\"color: #000000;\" href=\"https:\/\/truckned.nl\/de\/produkt\/sokken-deens-design-grijs\/\" target=\"_blank\" rel=\"noopener\"><strong>D\u00e4nisches Grau<\/strong><\/a><\/span><\/li>\n<li><span style=\"color: #000000;\"><a style=\"color: #000000;\" href=\"https:\/\/truckned.nl\/de\/produkt\/sokken-deens-design-geel\/\" target=\"_blank\" rel=\"noopener\"><strong>D\u00e4nisches Gelb<\/strong><\/a><\/span><\/li>\n<\/ul>\n<p><span style=\"color: #000000;\">Denken Sie immer noch, dass das Nedking-Sockenset mit Danish Design PURPLE nicht das ist, was Sie suchen? Weil Sie einfach auf der Suche nach einem anderen Accessoire oder Artikel sind? Sehen Sie sich hier das komplette Sortiment an <a style=\"color: #000000;\" href=\"https:\/\/truckned.nl\/de\/produkt-kategorie\/cabine-binnenzijde\/\" target=\"_blank\" rel=\"noopener\">Zubeh\u00f6r<\/a>. M\u00f6glicherweise finden Sie hier das LKW-Zubeh\u00f6r, das Sie suchen.\u00a0<\/span><\/p>","protected":false},"excerpt":{"rendered":"<p>Lila Socken im Danish Design \u2013 1er- oder 3er-Pack. Sie m\u00f6chten, dass alles in Ihrem Zuhause im Danish Design-Look aussieht, genau wie Ihre \u00fcbrige Einrichtung, aber Sie glauben, Sie haben schon alles gefunden? Dies k\u00f6nnte genau das Accessoire sein, nach dem Sie gesucht haben! Die lila Socken mit Danish Design-Print werden pro [\u2026] verkauft.<\/p>","protected":false},"featured_media":28191,"comment_status":"open","ping_status":"closed","template":"","meta":{"_acf_changed":false,"site-sidebar-layout":"default","site-content-layout":"default","ast-site-content-layout":"default","site-content-style":"default","site-sidebar-style":"default","ast-global-header-display":"","ast-banner-title-visibility":"","ast-main-header-display":"","ast-hfb-above-header-display":"","ast-hfb-below-header-display":"","ast-hfb-mobile-header-display":"","site-post-title":"","ast-breadcrumbs-content":"","ast-featured-img":"","footer-sml-layout":"","ast-disable-related-posts":"","theme-transparent-header-meta":"default","adv-header-id-meta":"","stick-header-meta":"","header-above-stick-meta":"","header-main-stick-meta":"","header-below-stick-meta":"","astra-migrate-meta-layouts":"set","ast-page-background-enabled":"default","ast-page-background-meta":{"desktop":{"background-color":"","background-image":"","background-repeat":"repeat","background-position":"center center","background-size":"auto","background-attachment":"scroll","background-type":"","background-media":"","overlay-type":"","overlay-color":"","overlay-opacity":"","overlay-gradient":""},"tablet":{"background-color":"","background-image":"","background-repeat":"repeat","background-position":"center center","background-size":"auto","background-attachment":"scroll","background-type":"","background-media":"","overlay-type":"","overlay-color":"","overlay-opacity":"","overlay-gradient":""},"mobile":{"background-color":"","background-image":"","background-repeat":"repeat","background-position":"center center","background-size":"auto","background-attachment":"scroll","background-type":"","background-media":"","overlay-type":"","overlay-color":"","overlay-opacity":"","overlay-gradient":""}},"ast-content-background-meta":{"desktop":{"background-color":"var(--ast-global-color-5)","background-image":"","background-repeat":"repeat","background-position":"center center","background-size":"auto","background-attachment":"scroll","background-type":"","background-media":"","overlay-type":"","overlay-color":"","overlay-opacity":"","overlay-gradient":""},"tablet":{"background-color":"var(--ast-global-color-5)","background-image":"","background-repeat":"repeat","background-position":"center center","background-size":"auto","background-attachment":"scroll","background-type":"","background-media":"","overlay-type":"","overlay-color":"","overlay-opacity":"","overlay-gradient":""},"mobile":{"background-color":"var(--ast-global-color-5)","background-image":"","background-repeat":"repeat","background-position":"center center","background-size":"auto","background-attachment":"scroll","background-type":"","background-media":"","overlay-type":"","overlay-color":"","overlay-opacity":"","overlay-gradient":""}}},"product_brand":[],"product_cat":[7537],"product_tag":[],"class_list":{"0":"post-28185","1":"product","2":"type-product","3":"status-publish","4":"has-post-thumbnail","6":"product_cat-cabine-accessoires","7":"pa_maat-sokken-maat-34-36","8":"pa_maat-sokken-maat-34-36-3","9":"pa_maat-sokken-maat-37-39","10":"pa_maat-sokken-maat-37-39-3","11":"pa_maat-sokken-maat-40-43","12":"pa_maat-sokken-maat-40-43-3","13":"pa_maat-sokken-maat-44-46","14":"pa_maat-sokken-maat-44-46-3","15":"pa_maat-sokken-maat-47-49","16":"pa_maat-sokken-maat-47-49-3","17":"pa_merkk-product-nedking","18":"desktop-align-left","19":"tablet-align-left","20":"mobile-align-left","22":"first","23":"instock","24":"taxable","25":"shipping-taxable","26":"purchasable","27":"product-type-variable"},"acf":[],"yoast_head":"<!-- This site is optimized with the Yoast SEO Premium plugin v26.5 (Yoast SEO v26.5) - https:\/\/yoast.com\/wordpress\/plugins\/seo\/ -->\n<title>Sokken Deens Design - PAARS - Truckned - truck accessoires en meer<\/title>\n<meta name=\"description\" content=\"Sokken Deens Design - PAARS - oldskool look - sokken met Deens Pluche print - !cadeau tip! - maat 34\/36 - 37\/39 - 40\/43 - 44\/46 - 47\/49 - wassen max 60\u00b0\" \/>\n<meta name=\"robots\" content=\"index, follow, max-snippet:-1, max-image-preview:large, max-video-preview:-1\" \/>\n<link rel=\"canonical\" href=\"https:\/\/truckned.nl\/de\/produkt\/sokken-deens-design-paars\/\" \/>\n<meta property=\"og:locale\" content=\"de_DE\" \/>\n<meta property=\"og:type\" content=\"article\" \/>\n<meta property=\"og:title\" content=\"Sokken Deens Design - PAARS - Truckned - truck accessoires en meer\" \/>\n<meta property=\"og:description\" content=\"Sokken Deens Design - PAARS - oldskool look - sokken met Deens Pluche print - !cadeau tip! - maat 34\/36 - 37\/39 - 40\/43 - 44\/46 - 47\/49 - wassen max 60\u00b0\" \/>\n<meta property=\"og:url\" content=\"https:\/\/truckned.nl\/de\/produkt\/sokken-deens-design-paars\/\" \/>\n<meta property=\"og:site_name\" content=\"Truckned\" \/>\n<meta property=\"article:publisher\" content=\"https:\/\/www.facebook.com\/truckned\/\" \/>\n<meta property=\"article:modified_time\" content=\"2025-11-03T10:52:55+00:00\" \/>\n<meta property=\"og:image\" content=\"https:\/\/truckned.nl\/wp-content\/uploads\/2023\/09\/TN-543449.png\" \/>\n\t<meta property=\"og:image:width\" content=\"800\" \/>\n\t<meta property=\"og:image:height\" content=\"800\" \/>\n\t<meta property=\"og:image:type\" content=\"image\/png\" \/>\n<meta name=\"twitter:label1\" content=\"Verf\u00fcgbarkeit\" \/>\n\t<meta name=\"twitter:data1\" content=\"Auf Lager\" \/>\n<script type=\"application\/ld+json\" class=\"yoast-schema-graph\">{\"@context\":\"https:\/\/schema.org\",\"@graph\":[{\"@type\":[\"WebPage\",\"ItemPage\"],\"@id\":\"https:\/\/truckned.nl\/product\/sokken-deens-design-paars\/\",\"url\":\"https:\/\/truckned.nl\/product\/sokken-deens-design-paars\/\",\"name\":\"Sokken Deens Design - PAARS - Truckned - truck accessoires en meer\",\"isPartOf\":{\"@id\":\"https:\/\/truckned.nl\/nl\/#website\"},\"primaryImageOfPage\":{\"@id\":\"https:\/\/truckned.nl\/product\/sokken-deens-design-paars\/#primaryimage\"},\"image\":{\"@id\":\"https:\/\/truckned.nl\/product\/sokken-deens-design-paars\/#primaryimage\"},\"thumbnailUrl\":\"https:\/\/truckned.nl\/wp-content\/uploads\/2023\/09\/TN-543449.png\",\"datePublished\":\"2023-09-22T14:00:50+00:00\",\"dateModified\":\"2025-11-03T10:52:55+00:00\",\"description\":\"Sokken Deens Design - PAARS - oldskool look - sokken met Deens Pluche print - !cadeau tip! - maat 34\/36 - 37\/39 - 40\/43 - 44\/46 - 47\/49 - wassen max 60\u00b0\",\"breadcrumb\":{\"@id\":\"https:\/\/truckned.nl\/product\/sokken-deens-design-paars\/#breadcrumb\"},\"inLanguage\":\"de\",\"potentialAction\":[{\"@type\":\"ReadAction\",\"target\":[\"https:\/\/truckned.nl\/product\/sokken-deens-design-paars\/\"]}]},{\"@type\":\"ImageObject\",\"inLanguage\":\"de\",\"@id\":\"https:\/\/truckned.nl\/product\/sokken-deens-design-paars\/#primaryimage\",\"url\":\"https:\/\/truckned.nl\/wp-content\/uploads\/2023\/09\/TN-543449.png\",\"contentUrl\":\"https:\/\/truckned.nl\/wp-content\/uploads\/2023\/09\/TN-543449.png\",\"width\":800,\"height\":800,\"caption\":\"Sokken set van 80% katoen, 17% polyamide en 3% elasthan - sokken set is voorzien van een print in de vorm van Deens Pluche PAARS - beschikbare maten 34\/36 - 37\/39 - 40\/43 - 44\/46 - 47\/49 - wassen op MAX 60 graden!!\"},{\"@type\":\"BreadcrumbList\",\"@id\":\"https:\/\/truckned.nl\/product\/sokken-deens-design-paars\/#breadcrumb\",\"itemListElement\":[{\"@type\":\"ListItem\",\"position\":1,\"name\":\"Home\",\"item\":\"https:\/\/truckned.nl\/\"},{\"@type\":\"ListItem\",\"position\":2,\"name\":\"Shop\",\"item\":\"https:\/\/truckned.nl\/nl\/shop\/\"},{\"@type\":\"ListItem\",\"position\":3,\"name\":\"Cabine - accessoires\",\"item\":\"https:\/\/truckned.nl\/product-categorie\/cabine-accessoires\/\"},{\"@type\":\"ListItem\",\"position\":4,\"name\":\"Sokken Deens Design &#8211; PAARS\"}]},{\"@type\":\"WebSite\",\"@id\":\"https:\/\/truckned.nl\/nl\/#website\",\"url\":\"https:\/\/truckned.nl\/nl\/\",\"name\":\"Truckned\",\"description\":\"\",\"publisher\":{\"@id\":\"https:\/\/truckned.nl\/nl\/#organization\"},\"potentialAction\":[{\"@type\":\"SearchAction\",\"target\":{\"@type\":\"EntryPoint\",\"urlTemplate\":\"https:\/\/truckned.nl\/nl\/?s={search_term_string}\"},\"query-input\":{\"@type\":\"PropertyValueSpecification\",\"valueRequired\":true,\"valueName\":\"search_term_string\"}}],\"inLanguage\":\"de\"},{\"@type\":\"Organization\",\"@id\":\"https:\/\/truckned.nl\/nl\/#organization\",\"name\":\"Truckned\",\"url\":\"https:\/\/truckned.nl\/nl\/\",\"logo\":{\"@type\":\"ImageObject\",\"inLanguage\":\"de\",\"@id\":\"https:\/\/truckned.nl\/nl\/#\/schema\/logo\/image\/\",\"url\":\"https:\/\/truckned.nl\/wp-content\/uploads\/2022\/10\/800x800-Truckned-logo-zonder-tekst-ZWART.png\",\"contentUrl\":\"https:\/\/truckned.nl\/wp-content\/uploads\/2022\/10\/800x800-Truckned-logo-zonder-tekst-ZWART.png\",\"width\":801,\"height\":801,\"caption\":\"Truckned\"},\"image\":{\"@id\":\"https:\/\/truckned.nl\/nl\/#\/schema\/logo\/image\/\"},\"sameAs\":[\"https:\/\/www.facebook.com\/truckned\/\",\"https:\/\/www.instagram.com\/truckned\/\"],\"vatID\":\"NL863960509B01\",\"taxID\":\"86417487\",\"hasMerchantReturnPolicy\":{\"@type\":\"MerchantReturnPolicy\",\"merchantReturnLink\":\"https:\/\/truckned.nl\/de\/versand-rucksendungen\/\"}}]}<\/script>\n<meta property=\"product:brand\" content=\"Nedking\" \/>\n<meta property=\"og:availability\" content=\"instock\" \/>\n<meta property=\"product:availability\" content=\"instock\" \/>\n<meta property=\"product:retailer_item_id\" content=\"TN-543449\" \/>\n<meta property=\"product:condition\" content=\"new\" \/>\n<!-- \/ Yoast SEO Premium plugin. -->","yoast_head_json":{"title":"Socken Danish Design \u2013 LILA \u2013 Truckned \u2013 LKW-Zubeh\u00f6r und mehr","description":"Socken Danish Design - LILA - Old-School-Look - Socken mit Danish Plush-Aufdruck - !Geschenktipp! - Gr\u00f6\u00dfe 34\/36 - 37\/39 - 40\/43 - 44\/46 - 47\/49 - maximal 60\u00b0 waschen","robots":{"index":"index","follow":"follow","max-snippet":"max-snippet:-1","max-image-preview":"max-image-preview:large","max-video-preview":"max-video-preview:-1"},"canonical":"https:\/\/truckned.nl\/de\/produkt\/sokken-deens-design-paars\/","og_locale":"de_DE","og_type":"article","og_title":"Sokken Deens Design - PAARS - Truckned - truck accessoires en meer","og_description":"Sokken Deens Design - PAARS - oldskool look - sokken met Deens Pluche print - !cadeau tip! - maat 34\/36 - 37\/39 - 40\/43 - 44\/46 - 47\/49 - wassen max 60\u00b0","og_url":"https:\/\/truckned.nl\/de\/produkt\/sokken-deens-design-paars\/","og_site_name":"Truckned","article_publisher":"https:\/\/www.facebook.com\/truckned\/","article_modified_time":"2025-11-03T10:52:55+00:00","og_image":[{"width":800,"height":800,"url":"https:\/\/truckned.nl\/wp-content\/uploads\/2023\/09\/TN-543449.png","type":"image\/png"}],"twitter_misc":{"Verf\u00fcgbarkeit":"Auf Lager"},"schema":{"@context":"https:\/\/schema.org","@graph":[{"@type":["WebPage","ItemPage"],"@id":"https:\/\/truckned.nl\/product\/sokken-deens-design-paars\/","url":"https:\/\/truckned.nl\/product\/sokken-deens-design-paars\/","name":"Socken Danish Design \u2013 LILA \u2013 Truckned \u2013 LKW-Zubeh\u00f6r und mehr","isPartOf":{"@id":"https:\/\/truckned.nl\/nl\/#website"},"primaryImageOfPage":{"@id":"https:\/\/truckned.nl\/product\/sokken-deens-design-paars\/#primaryimage"},"image":{"@id":"https:\/\/truckned.nl\/product\/sokken-deens-design-paars\/#primaryimage"},"thumbnailUrl":"https:\/\/truckned.nl\/wp-content\/uploads\/2023\/09\/TN-543449.png","datePublished":"2023-09-22T14:00:50+00:00","dateModified":"2025-11-03T10:52:55+00:00","description":"Socken Danish Design - LILA - Old-School-Look - Socken mit Danish Plush-Aufdruck - !Geschenktipp! - Gr\u00f6\u00dfe 34\/36 - 37\/39 - 40\/43 - 44\/46 - 47\/49 - maximal 60\u00b0 waschen","breadcrumb":{"@id":"https:\/\/truckned.nl\/product\/sokken-deens-design-paars\/#breadcrumb"},"inLanguage":"de","potentialAction":[{"@type":"ReadAction","target":["https:\/\/truckned.nl\/product\/sokken-deens-design-paars\/"]}]},{"@type":"ImageObject","inLanguage":"de","@id":"https:\/\/truckned.nl\/product\/sokken-deens-design-paars\/#primaryimage","url":"https:\/\/truckned.nl\/wp-content\/uploads\/2023\/09\/TN-543449.png","contentUrl":"https:\/\/truckned.nl\/wp-content\/uploads\/2023\/09\/TN-543449.png","width":800,"height":800,"caption":"Sokken set van 80% katoen, 17% polyamide en 3% elasthan - sokken set is voorzien van een print in de vorm van Deens Pluche PAARS - beschikbare maten 34\/36 - 37\/39 - 40\/43 - 44\/46 - 47\/49 - wassen op MAX 60 graden!!"},{"@type":"BreadcrumbList","@id":"https:\/\/truckned.nl\/product\/sokken-deens-design-paars\/#breadcrumb","itemListElement":[{"@type":"ListItem","position":1,"name":"Home","item":"https:\/\/truckned.nl\/"},{"@type":"ListItem","position":2,"name":"Shop","item":"https:\/\/truckned.nl\/nl\/shop\/"},{"@type":"ListItem","position":3,"name":"Cabine - accessoires","item":"https:\/\/truckned.nl\/product-categorie\/cabine-accessoires\/"},{"@type":"ListItem","position":4,"name":"Sokken Deens Design &#8211; PAARS"}]},{"@type":"WebSite","@id":"https:\/\/truckned.nl\/nl\/#website","url":"https:\/\/truckned.nl\/nl\/","name":"Truckned","description":"","publisher":{"@id":"https:\/\/truckned.nl\/nl\/#organization"},"potentialAction":[{"@type":"SearchAction","target":{"@type":"EntryPoint","urlTemplate":"https:\/\/truckned.nl\/nl\/?s={search_term_string}"},"query-input":{"@type":"PropertyValueSpecification","valueRequired":true,"valueName":"search_term_string"}}],"inLanguage":"de"},{"@type":"Organization","@id":"https:\/\/truckned.nl\/nl\/#organization","name":"Truckned","url":"https:\/\/truckned.nl\/nl\/","logo":{"@type":"ImageObject","inLanguage":"de","@id":"https:\/\/truckned.nl\/nl\/#\/schema\/logo\/image\/","url":"https:\/\/truckned.nl\/wp-content\/uploads\/2022\/10\/800x800-Truckned-logo-zonder-tekst-ZWART.png","contentUrl":"https:\/\/truckned.nl\/wp-content\/uploads\/2022\/10\/800x800-Truckned-logo-zonder-tekst-ZWART.png","width":801,"height":801,"caption":"Truckned"},"image":{"@id":"https:\/\/truckned.nl\/nl\/#\/schema\/logo\/image\/"},"sameAs":["https:\/\/www.facebook.com\/truckned\/","https:\/\/www.instagram.com\/truckned\/"],"vatID":"NL863960509B01","taxID":"86417487","hasMerchantReturnPolicy":{"@type":"MerchantReturnPolicy","merchantReturnLink":"https:\/\/truckned.nl\/de\/versand-rucksendungen\/"}}]},"product_brand":"Nedking","og_availability":"instock","product_availability":"instock","product_retailer_item_id":"TN-543449","product_condition":"new"},"_links":{"self":[{"href":"https:\/\/truckned.nl\/de\/wp-json\/wp\/v2\/product\/28185","targetHints":{"allow":["GET"]}}],"collection":[{"href":"https:\/\/truckned.nl\/de\/wp-json\/wp\/v2\/product"}],"about":[{"href":"https:\/\/truckned.nl\/de\/wp-json\/wp\/v2\/types\/product"}],"replies":[{"embeddable":true,"href":"https:\/\/truckned.nl\/de\/wp-json\/wp\/v2\/comments?post=28185"}],"wp:featuredmedia":[{"embeddable":true,"href":"https:\/\/truckned.nl\/de\/wp-json\/wp\/v2\/media\/28191"}],"wp:attachment":[{"href":"https:\/\/truckned.nl\/de\/wp-json\/wp\/v2\/media?parent=28185"}],"wp:term":[{"taxonomy":"product_brand","embeddable":true,"href":"https:\/\/truckned.nl\/de\/wp-json\/wp\/v2\/product_brand?post=28185"},{"taxonomy":"product_cat","embeddable":true,"href":"https:\/\/truckned.nl\/de\/wp-json\/wp\/v2\/product_cat?post=28185"},{"taxonomy":"product_tag","embeddable":true,"href":"https:\/\/truckned.nl\/de\/wp-json\/wp\/v2\/product_tag?post=28185"}],"curies":[{"name":"wp","href":"https:\/\/api.w.org\/{rel}","templated":true}]}}