{"id":28259,"date":"2023-09-29T14:41:12","date_gmt":"2023-09-29T12:41:12","guid":{"rendered":"https:\/\/truckned.nl\/?post_type=product&#038;p=28259"},"modified":"2025-11-27T08:13:01","modified_gmt":"2025-11-27T07:13:01","slug":"aeb-led-mistachterlicht-9-33v","status":"publish","type":"product","link":"https:\/\/truckned.nl\/de\/produkt\/aeb-led-mistachterlicht-9-33v\/","title":{"rendered":"AEB LED Nebelschlussleuchte"},"content":{"rendered":"<p><span style=\"color: #000000;\"><strong>AEB LED Nebelschlussleuchte, f\u00fcr 12 und 24 Volt.<\/strong><\/span><\/p>\n<p><span style=\"color: #000000;\">Suchen Sie eine einfach zu montierende 1-Kammer-Nebelschlussleuchte LED, die zu den bekannten Hamburgerlampen passt? Dann k\u00f6nnte diese Nebelschlussleuchte AEB LED genau die Lampe sein, die Sie suchen. Dies ist eine LED-Nebelschlussleuchte, die das tut, was von ihr erwartet wird. Diese LED-Nebelschlussleuchte der Marke AEB ist mit 20 LEDs ausgestattet. Dadurch ist sichergestellt, dass Sie auch bei schlechten Sichtverh\u00e4ltnissen f\u00fcr andere Verkehrsteilnehmer gut sichtbar sind. Die LED-Lampe kann mit 12 und 24 Volt betrieben werden. Dadurch kann die Nebelschlussleuchte LED beispielsweise an Ihrem LKW, Anh\u00e4nger, Traktor oder einem anderen Fahrzeugtyp montiert werden.<\/span><\/p>\n<div class=\"truncated\">\n<p><span style=\"color: #000000;\">Um sicherzustellen, dass die Nebelschlussleuchte LED f\u00fcr Ihr Fahrzeug oder Ihren Anh\u00e4nger geeignet ist. Nachfolgend haben wir einige Spezifikationen aufgeschrieben. All dies, um Ihnen klar zu machen, warum dies m\u00f6glicherweise die LED-Nebelschlussleuchte ist, nach der Sie suchen. Diese AEB LED Nebelschlussleuchte verf\u00fcgt unter anderem \u00fcber das ECE R10-G\u00fctezeichen. Dieses G\u00fctesiegel bedeutet, dass die Lampe beim Einschalten keine St\u00f6rungen, beispielsweise auf das Funksignal, verursacht. Das R\u00fccklicht LED verf\u00fcgt au\u00dferdem \u00fcber das ECE R19-G\u00fctezeichen. Dieses G\u00fctezeichen bedeutet, dass Sie die runde LED-Lampe als Nebelschlussleuchte verwenden k\u00f6nnen.<\/span><\/p>\n<h5><span style=\"color: #000000;\"><strong>Abmessungen:<\/strong><\/span><\/h5>\n<p><span style=\"color: #000000;\">Denn vor dem Kauf m\u00f6chten Sie wissen, ob die Abmessungen der Lampe an den Ort passen, an dem Sie sie montieren m\u00f6chten. Nachfolgend haben wir die Abmessungen der AEB-Lampe notiert. Die Abmessungen der AEB LED Nebelschlussleuchte mit roter Abdeckung f\u00fcr den 12- und 24-V-Betrieb sind wie folgt:<\/span><\/p>\n<ul>\n<li><span style=\"color: #000000;\">Durchmesser: 140 mm<\/span><\/li>\n<li><span style=\"color: #000000;\">H\u00f6he: 58mm<\/span><\/li>\n<\/ul>\n<h5><span style=\"color: #000000;\"><strong>Andere Versionen:\u00a0<\/strong><\/span><\/h5>\n<p><span style=\"color: #000000;\">W\u00fcnschen Sie ein rundes R\u00fccklicht? Aber ist die Version mit Nebelscheinwerferfunktion nicht das, was Sie suchen? Dann wissen Sie, dass die runde LED-Lampe auch als R\u00fcckfahrscheinwerfer oder R\u00fccklicht erh\u00e4ltlich ist. Die passenden runden R\u00fcckleuchten und Montagering der Marke AEB finden Sie hier:<\/span><\/p>\n<ul>\n<li><span style=\"color: #000000;\"><a style=\"color: #000000;\" href=\"https:\/\/truckned.nl\/de\/produkt\/aeb-led-hamburger-achterlicht-9-33v\/\" target=\"_blank\" rel=\"noopener\"><strong>AEB 3-Kammer-R\u00fccklicht\u00a0<\/strong><\/a><\/span><\/li>\n<li><span style=\"color: #000000;\"><a style=\"color: #000000;\" href=\"https:\/\/truckned.nl\/de\/produkt\/aeb-led-achteruitrijlicht-9-33v\/\" target=\"_blank\" rel=\"noopener\"><strong>AEB-R\u00fcckfahrscheinwerfer<\/strong><\/a><\/span><\/li>\n<li><span style=\"color: #000000;\"><a style=\"color: #000000;\" href=\"https:\/\/truckned.nl\/de\/produkt\/aeb-chrome-ring-voor-achterlichten\/\" target=\"_blank\" rel=\"noopener\"><strong>Chromring\u00a0<\/strong><\/a><\/span><\/li>\n<\/ul>\n<p><span style=\"color: #000000;\">Denken Sie immer noch, dass die Nebelschlussleuchte AEB LED f\u00fcr 12- und 24-Volt-Betrieb nicht das ist, was Sie suchen? Einfach weil Ihnen die Farbe oder Form nicht gef\u00e4llt? Schauen Sie sich unbedingt unsere Seite an <a style=\"color: #000000;\" href=\"https:\/\/truckned.nl\/de\/produkt-kategorie\/verlichting\/\">Beleuchtung<\/a>. M\u00f6glicherweise finden Sie hier das Lampenmodell, das Sie suchen.<\/span><\/p>\n<\/div>","protected":false},"excerpt":{"rendered":"<p>AEB LED Nebelschlussleuchte, f\u00fcr 12 und 24 Volt. Sie suchen eine einfach zu montierende Einkammer-Nebelschlussleuchte LED, die zu den bekannten Hamburger-Leuchten passt? Dann k\u00f6nnte diese AEB LED Nebelschlussleuchte genau das Richtige f\u00fcr Sie sein. Diese LED Nebelschlussleuchte macht, was sie soll. Diese LED Nebelschlussleuchte von [\u2026]<\/p>","protected":false},"featured_media":28287,"comment_status":"open","ping_status":"closed","template":"","meta":{"_acf_changed":false,"site-sidebar-layout":"default","site-content-layout":"default","ast-site-content-layout":"default","site-content-style":"default","site-sidebar-style":"default","ast-global-header-display":"","ast-banner-title-visibility":"","ast-main-header-display":"","ast-hfb-above-header-display":"","ast-hfb-below-header-display":"","ast-hfb-mobile-header-display":"","site-post-title":"","ast-breadcrumbs-content":"","ast-featured-img":"","footer-sml-layout":"","ast-disable-related-posts":"","theme-transparent-header-meta":"default","adv-header-id-meta":"","stick-header-meta":"","header-above-stick-meta":"","header-main-stick-meta":"","header-below-stick-meta":"","astra-migrate-meta-layouts":"default","ast-page-background-enabled":"default","ast-page-background-meta":{"desktop":{"background-color":"","background-image":"","background-repeat":"repeat","background-position":"center center","background-size":"auto","background-attachment":"scroll","background-type":"","background-media":"","overlay-type":"","overlay-color":"","overlay-opacity":"","overlay-gradient":""},"tablet":{"background-color":"","background-image":"","background-repeat":"repeat","background-position":"center center","background-size":"auto","background-attachment":"scroll","background-type":"","background-media":"","overlay-type":"","overlay-color":"","overlay-opacity":"","overlay-gradient":""},"mobile":{"background-color":"","background-image":"","background-repeat":"repeat","background-position":"center center","background-size":"auto","background-attachment":"scroll","background-type":"","background-media":"","overlay-type":"","overlay-color":"","overlay-opacity":"","overlay-gradient":""}},"ast-content-background-meta":{"desktop":{"background-color":"var(--ast-global-color-5)","background-image":"","background-repeat":"repeat","background-position":"center center","background-size":"auto","background-attachment":"scroll","background-type":"","background-media":"","overlay-type":"","overlay-color":"","overlay-opacity":"","overlay-gradient":""},"tablet":{"background-color":"var(--ast-global-color-5)","background-image":"","background-repeat":"repeat","background-position":"center center","background-size":"auto","background-attachment":"scroll","background-type":"","background-media":"","overlay-type":"","overlay-color":"","overlay-opacity":"","overlay-gradient":""},"mobile":{"background-color":"var(--ast-global-color-5)","background-image":"","background-repeat":"repeat","background-position":"center center","background-size":"auto","background-attachment":"scroll","background-type":"","background-media":"","overlay-type":"","overlay-color":"","overlay-opacity":"","overlay-gradient":""}}},"product_brand":[],"product_cat":[7526],"product_tag":[],"class_list":{"0":"post-28259","1":"product","2":"type-product","3":"status-publish","4":"has-post-thumbnail","6":"product_cat-verlichting-achterlichten","7":"pa_merkk-aeb","8":"desktop-align-left","9":"tablet-align-left","10":"mobile-align-left","12":"first","13":"instock","14":"taxable","15":"shipping-taxable","16":"purchasable","17":"product-type-simple"},"acf":[],"yoast_head":"<!-- This site is optimized with the Yoast SEO Premium plugin v26.5 (Yoast SEO v26.5) - https:\/\/yoast.com\/wordpress\/plugins\/seo\/ -->\n<title>AEB LED mistachterlicht - Truckned - rond achterlicht voor 12\/24V gebruik<\/title>\n<meta name=\"description\" content=\"AEB LED mistachterlicht rond - voor 12&amp;24 volt - LED achterlicht 140mm - met E-keur - LED aanhanger verlichting - AEB LED mistlamp - met EMC\" \/>\n<meta name=\"robots\" content=\"index, follow, max-snippet:-1, max-image-preview:large, max-video-preview:-1\" \/>\n<link rel=\"canonical\" href=\"https:\/\/truckned.nl\/de\/produkt\/aeb-led-mistachterlicht-9-33v\/\" \/>\n<meta property=\"og:locale\" content=\"de_DE\" \/>\n<meta property=\"og:type\" content=\"article\" \/>\n<meta property=\"og:title\" content=\"AEB LED mistachterlicht - Truckned - rond achterlicht voor 12\/24V gebruik\" \/>\n<meta property=\"og:description\" content=\"AEB LED mistachterlicht rond - voor 12&amp;24 volt - LED achterlicht 140mm - met E-keur - LED aanhanger verlichting - AEB LED mistlamp - met EMC\" \/>\n<meta property=\"og:url\" content=\"https:\/\/truckned.nl\/de\/produkt\/aeb-led-mistachterlicht-9-33v\/\" \/>\n<meta property=\"og:site_name\" content=\"Truckned\" \/>\n<meta property=\"article:publisher\" content=\"https:\/\/www.facebook.com\/truckned\/\" \/>\n<meta property=\"article:modified_time\" content=\"2025-11-27T07:13:01+00:00\" \/>\n<meta property=\"og:image\" content=\"https:\/\/truckned.nl\/wp-content\/uploads\/2024\/07\/TN-350111.png\" \/>\n\t<meta property=\"og:image:width\" content=\"800\" \/>\n\t<meta property=\"og:image:height\" content=\"800\" \/>\n\t<meta property=\"og:image:type\" content=\"image\/png\" \/>\n<meta name=\"twitter:label1\" content=\"Preis\" \/>\n\t<meta name=\"twitter:data1\" content=\"&euro;39,00\" \/>\n\t<meta name=\"twitter:label2\" content=\"Verf\u00fcgbarkeit\" \/>\n\t<meta name=\"twitter:data2\" content=\"Auf Lager\" \/>\n<script type=\"application\/ld+json\" class=\"yoast-schema-graph\">{\"@context\":\"https:\/\/schema.org\",\"@graph\":[{\"@type\":[\"WebPage\",\"ItemPage\"],\"@id\":\"https:\/\/truckned.nl\/product\/aeb-led-mistachterlicht-9-33v\/\",\"url\":\"https:\/\/truckned.nl\/product\/aeb-led-mistachterlicht-9-33v\/\",\"name\":\"AEB LED mistachterlicht - Truckned - rond achterlicht voor 12\/24V gebruik\",\"isPartOf\":{\"@id\":\"https:\/\/truckned.nl\/nl\/#website\"},\"primaryImageOfPage\":{\"@id\":\"https:\/\/truckned.nl\/product\/aeb-led-mistachterlicht-9-33v\/#primaryimage\"},\"image\":{\"@id\":\"https:\/\/truckned.nl\/product\/aeb-led-mistachterlicht-9-33v\/#primaryimage\"},\"thumbnailUrl\":\"https:\/\/truckned.nl\/wp-content\/uploads\/2023\/09\/TN-350111.png\",\"datePublished\":\"2023-09-29T12:41:12+00:00\",\"dateModified\":\"2025-11-27T07:13:01+00:00\",\"description\":\"AEB LED mistachterlicht rond - voor 12&24 volt - LED achterlicht 140mm - met E-keur - LED aanhanger verlichting - AEB LED mistlamp - met EMC\",\"breadcrumb\":{\"@id\":\"https:\/\/truckned.nl\/product\/aeb-led-mistachterlicht-9-33v\/#breadcrumb\"},\"inLanguage\":\"de\",\"potentialAction\":[{\"@type\":\"ReadAction\",\"target\":[\"https:\/\/truckned.nl\/product\/aeb-led-mistachterlicht-9-33v\/\"]}]},{\"@type\":\"ImageObject\",\"inLanguage\":\"de\",\"@id\":\"https:\/\/truckned.nl\/product\/aeb-led-mistachterlicht-9-33v\/#primaryimage\",\"url\":\"https:\/\/truckned.nl\/wp-content\/uploads\/2023\/09\/TN-350111.png\",\"contentUrl\":\"https:\/\/truckned.nl\/wp-content\/uploads\/2023\/09\/TN-350111.png\",\"width\":800,\"height\":800,\"caption\":\"AEB LED mistachterlicht met 20 LED punten - mistlamp die geschikt is voor 12 & 24 volt gebruik - EAN: 5414184270039\"},{\"@type\":\"BreadcrumbList\",\"@id\":\"https:\/\/truckned.nl\/product\/aeb-led-mistachterlicht-9-33v\/#breadcrumb\",\"itemListElement\":[{\"@type\":\"ListItem\",\"position\":1,\"name\":\"Home\",\"item\":\"https:\/\/truckned.nl\/\"},{\"@type\":\"ListItem\",\"position\":2,\"name\":\"Shop\",\"item\":\"https:\/\/truckned.nl\/nl\/shop\/\"},{\"@type\":\"ListItem\",\"position\":3,\"name\":\"Verlichting\",\"item\":\"https:\/\/truckned.nl\/de\/produkt-kategorie\/verlichting\/\"},{\"@type\":\"ListItem\",\"position\":4,\"name\":\"Achterlichten\",\"item\":\"https:\/\/truckned.nl\/de\/produkt-kategorie\/verlichting\/verlichting-achterlichten\/\"},{\"@type\":\"ListItem\",\"position\":5,\"name\":\"AEB LED mistachterlicht\"}]},{\"@type\":\"WebSite\",\"@id\":\"https:\/\/truckned.nl\/nl\/#website\",\"url\":\"https:\/\/truckned.nl\/nl\/\",\"name\":\"Truckned\",\"description\":\"\",\"publisher\":{\"@id\":\"https:\/\/truckned.nl\/nl\/#organization\"},\"potentialAction\":[{\"@type\":\"SearchAction\",\"target\":{\"@type\":\"EntryPoint\",\"urlTemplate\":\"https:\/\/truckned.nl\/nl\/?s={search_term_string}\"},\"query-input\":{\"@type\":\"PropertyValueSpecification\",\"valueRequired\":true,\"valueName\":\"search_term_string\"}}],\"inLanguage\":\"de\"},{\"@type\":\"Organization\",\"@id\":\"https:\/\/truckned.nl\/nl\/#organization\",\"name\":\"Truckned\",\"url\":\"https:\/\/truckned.nl\/nl\/\",\"logo\":{\"@type\":\"ImageObject\",\"inLanguage\":\"de\",\"@id\":\"https:\/\/truckned.nl\/nl\/#\/schema\/logo\/image\/\",\"url\":\"https:\/\/truckned.nl\/wp-content\/uploads\/2022\/10\/800x800-Truckned-logo-zonder-tekst-ZWART.png\",\"contentUrl\":\"https:\/\/truckned.nl\/wp-content\/uploads\/2022\/10\/800x800-Truckned-logo-zonder-tekst-ZWART.png\",\"width\":801,\"height\":801,\"caption\":\"Truckned\"},\"image\":{\"@id\":\"https:\/\/truckned.nl\/nl\/#\/schema\/logo\/image\/\"},\"sameAs\":[\"https:\/\/www.facebook.com\/truckned\/\",\"https:\/\/www.instagram.com\/truckned\/\"],\"vatID\":\"NL863960509B01\",\"taxID\":\"86417487\",\"hasMerchantReturnPolicy\":{\"@type\":\"MerchantReturnPolicy\",\"merchantReturnLink\":\"https:\/\/truckned.nl\/de\/versand-rucksendungen\/\"}}]}<\/script>\n<meta property=\"product:brand\" content=\"AEB\" \/>\n<meta property=\"product:price:amount\" content=\"39.00\" \/>\n<meta property=\"product:price:currency\" content=\"EUR\" \/>\n<meta property=\"og:availability\" content=\"instock\" \/>\n<meta property=\"product:availability\" content=\"instock\" \/>\n<meta property=\"product:retailer_item_id\" content=\"TN-350111\" \/>\n<meta property=\"product:condition\" content=\"new\" \/>\n<!-- \/ Yoast SEO Premium plugin. -->","yoast_head_json":{"title":"AEB LED Nebelschlussleuchte \u2013 Truckned \u2013 rundes R\u00fccklicht f\u00fcr 12\/24V-Nutzung","description":"AEB LED Nebelschlussleuchte rund - f\u00fcr 12&amp;24 volt - LED R\u00fcckleuchte 140mm - mit E-Pr\u00fcfzeichen - LED Anh\u00e4ngerbeleuchtung - AEB LED Nebelleuchte - mit EMC","robots":{"index":"index","follow":"follow","max-snippet":"max-snippet:-1","max-image-preview":"max-image-preview:large","max-video-preview":"max-video-preview:-1"},"canonical":"https:\/\/truckned.nl\/de\/produkt\/aeb-led-mistachterlicht-9-33v\/","og_locale":"de_DE","og_type":"article","og_title":"AEB LED mistachterlicht - Truckned - rond achterlicht voor 12\/24V gebruik","og_description":"AEB LED mistachterlicht rond - voor 12&24 volt - LED achterlicht 140mm - met E-keur - LED aanhanger verlichting - AEB LED mistlamp - met EMC","og_url":"https:\/\/truckned.nl\/de\/produkt\/aeb-led-mistachterlicht-9-33v\/","og_site_name":"Truckned","article_publisher":"https:\/\/www.facebook.com\/truckned\/","article_modified_time":"2025-11-27T07:13:01+00:00","og_image":[{"width":800,"height":800,"url":"https:\/\/truckned.nl\/wp-content\/uploads\/2024\/07\/TN-350111.png","type":"image\/png"}],"twitter_misc":{"Preis":"&euro;39,00","Verf\u00fcgbarkeit":"Auf Lager"},"schema":{"@context":"https:\/\/schema.org","@graph":[{"@type":["WebPage","ItemPage"],"@id":"https:\/\/truckned.nl\/product\/aeb-led-mistachterlicht-9-33v\/","url":"https:\/\/truckned.nl\/product\/aeb-led-mistachterlicht-9-33v\/","name":"AEB LED Nebelschlussleuchte \u2013 Truckned \u2013 rundes R\u00fccklicht f\u00fcr 12\/24V-Nutzung","isPartOf":{"@id":"https:\/\/truckned.nl\/nl\/#website"},"primaryImageOfPage":{"@id":"https:\/\/truckned.nl\/product\/aeb-led-mistachterlicht-9-33v\/#primaryimage"},"image":{"@id":"https:\/\/truckned.nl\/product\/aeb-led-mistachterlicht-9-33v\/#primaryimage"},"thumbnailUrl":"https:\/\/truckned.nl\/wp-content\/uploads\/2023\/09\/TN-350111.png","datePublished":"2023-09-29T12:41:12+00:00","dateModified":"2025-11-27T07:13:01+00:00","description":"AEB LED Nebelschlussleuchte rund - f\u00fcr 12&amp;24 volt - LED R\u00fcckleuchte 140mm - mit E-Pr\u00fcfzeichen - LED Anh\u00e4ngerbeleuchtung - AEB LED Nebelleuchte - mit EMC","breadcrumb":{"@id":"https:\/\/truckned.nl\/product\/aeb-led-mistachterlicht-9-33v\/#breadcrumb"},"inLanguage":"de","potentialAction":[{"@type":"ReadAction","target":["https:\/\/truckned.nl\/product\/aeb-led-mistachterlicht-9-33v\/"]}]},{"@type":"ImageObject","inLanguage":"de","@id":"https:\/\/truckned.nl\/product\/aeb-led-mistachterlicht-9-33v\/#primaryimage","url":"https:\/\/truckned.nl\/wp-content\/uploads\/2023\/09\/TN-350111.png","contentUrl":"https:\/\/truckned.nl\/wp-content\/uploads\/2023\/09\/TN-350111.png","width":800,"height":800,"caption":"AEB LED mistachterlicht met 20 LED punten - mistlamp die geschikt is voor 12 & 24 volt gebruik - EAN: 5414184270039"},{"@type":"BreadcrumbList","@id":"https:\/\/truckned.nl\/product\/aeb-led-mistachterlicht-9-33v\/#breadcrumb","itemListElement":[{"@type":"ListItem","position":1,"name":"Home","item":"https:\/\/truckned.nl\/"},{"@type":"ListItem","position":2,"name":"Shop","item":"https:\/\/truckned.nl\/nl\/shop\/"},{"@type":"ListItem","position":3,"name":"Verlichting","item":"https:\/\/truckned.nl\/de\/produkt-kategorie\/verlichting\/"},{"@type":"ListItem","position":4,"name":"Achterlichten","item":"https:\/\/truckned.nl\/de\/produkt-kategorie\/verlichting\/verlichting-achterlichten\/"},{"@type":"ListItem","position":5,"name":"AEB LED mistachterlicht"}]},{"@type":"WebSite","@id":"https:\/\/truckned.nl\/nl\/#website","url":"https:\/\/truckned.nl\/nl\/","name":"Truckned","description":"","publisher":{"@id":"https:\/\/truckned.nl\/nl\/#organization"},"potentialAction":[{"@type":"SearchAction","target":{"@type":"EntryPoint","urlTemplate":"https:\/\/truckned.nl\/nl\/?s={search_term_string}"},"query-input":{"@type":"PropertyValueSpecification","valueRequired":true,"valueName":"search_term_string"}}],"inLanguage":"de"},{"@type":"Organization","@id":"https:\/\/truckned.nl\/nl\/#organization","name":"Truckned","url":"https:\/\/truckned.nl\/nl\/","logo":{"@type":"ImageObject","inLanguage":"de","@id":"https:\/\/truckned.nl\/nl\/#\/schema\/logo\/image\/","url":"https:\/\/truckned.nl\/wp-content\/uploads\/2022\/10\/800x800-Truckned-logo-zonder-tekst-ZWART.png","contentUrl":"https:\/\/truckned.nl\/wp-content\/uploads\/2022\/10\/800x800-Truckned-logo-zonder-tekst-ZWART.png","width":801,"height":801,"caption":"Truckned"},"image":{"@id":"https:\/\/truckned.nl\/nl\/#\/schema\/logo\/image\/"},"sameAs":["https:\/\/www.facebook.com\/truckned\/","https:\/\/www.instagram.com\/truckned\/"],"vatID":"NL863960509B01","taxID":"86417487","hasMerchantReturnPolicy":{"@type":"MerchantReturnPolicy","merchantReturnLink":"https:\/\/truckned.nl\/de\/versand-rucksendungen\/"}}]},"product_brand":"AEB","product_price_amount":"39.00","product_price_currency":"EUR","og_availability":"instock","product_availability":"instock","product_retailer_item_id":"TN-350111","product_condition":"new"},"_links":{"self":[{"href":"https:\/\/truckned.nl\/de\/wp-json\/wp\/v2\/product\/28259","targetHints":{"allow":["GET"]}}],"collection":[{"href":"https:\/\/truckned.nl\/de\/wp-json\/wp\/v2\/product"}],"about":[{"href":"https:\/\/truckned.nl\/de\/wp-json\/wp\/v2\/types\/product"}],"replies":[{"embeddable":true,"href":"https:\/\/truckned.nl\/de\/wp-json\/wp\/v2\/comments?post=28259"}],"wp:featuredmedia":[{"embeddable":true,"href":"https:\/\/truckned.nl\/de\/wp-json\/wp\/v2\/media\/28287"}],"wp:attachment":[{"href":"https:\/\/truckned.nl\/de\/wp-json\/wp\/v2\/media?parent=28259"}],"wp:term":[{"taxonomy":"product_brand","embeddable":true,"href":"https:\/\/truckned.nl\/de\/wp-json\/wp\/v2\/product_brand?post=28259"},{"taxonomy":"product_cat","embeddable":true,"href":"https:\/\/truckned.nl\/de\/wp-json\/wp\/v2\/product_cat?post=28259"},{"taxonomy":"product_tag","embeddable":true,"href":"https:\/\/truckned.nl\/de\/wp-json\/wp\/v2\/product_tag?post=28259"}],"curies":[{"name":"wp","href":"https:\/\/api.w.org\/{rel}","templated":true}]}}