{"id":28306,"date":"2023-10-11T16:30:08","date_gmt":"2023-10-11T15:30:08","guid":{"rendered":"https:\/\/truckned.nl\/?post_type=product&#038;p=28306"},"modified":"2025-07-31T13:16:05","modified_gmt":"2025-07-31T12:16:05","slug":"scania-ng-booskijkers-vepro-4401-4","status":"publish","type":"product","link":"https:\/\/truckned.nl\/de\/produkt\/scania-ng-booskijkers-vepro-4401-4\/","title":{"rendered":"Scania Next Gen Scheinwerferblende - Vepro 4401-4"},"content":{"rendered":"<p><span style=\"color: #000000\"><strong>Scheinwerferblende passend f\u00fcr Scania Next Gen - Vepro 4401-4 (Typ 2)\u00a0<\/strong><\/span><\/p>\n<p><span style=\"color: #000000\">M\u00f6chten Sie Ihrem Scania Next Gen-Lkw sofort einen markanteren Look verleihen? Dann sind die Scania Next Gen Scheinwerferblende Vepro 4401-4 genau das Richtige f\u00fcr Sie. Diese Scheinwerfer wurden speziell f\u00fcr Scania-Lkw mit originalen LED-Scheinwerfern entwickelt und verleihen der Front Ihres Fahrzeugs eine elegante, aggressive Optik. Perfekt f\u00fcr Fahrer, die ihrem Lkw das gewisse Extra verleihen m\u00f6chten.<\/span><\/p>\n<p><span style=\"color: #000000\">Die Vepro 4401-4 Nebelschlussleuchten werden vorgrundiert geliefert, sodass Sie sie ganz einfach in Ihrer Wunschfarbe lackieren lassen k\u00f6nnen. Dank des robusten doppelseitigen 3M-Klebebands ist die Montage schnell und ohne Bohren erledigt. Einfach entfetten, aufkleben, fertig! Kein Aufwand, keine dauerhaften Ver\u00e4nderungen \u2013 nur eine optische Aufwertung, die sofort ins Auge f\u00e4llt. Ob Sie sportliches Styling, ein elegantes Finish oder einfach etwas Einzigartiges bevorzugen: Mit diesen Scania Next Gen Nebelschlussleuchten hinterlassen Sie garantiert Eindruck auf der Stra\u00dfe.<\/span><\/p>\n<div class=\"truncated\">\n<h5><span style=\"color: #000000\"><strong>Abmessungen:<\/strong><\/span><\/h5>\n<p><span style=\"color: #000000\">Um sicherzustellen, dass Sie den Scania Next Gen Scheinwerferblende Vepro \u2013 Typ 2 an den Scheinwerfern montieren k\u00f6nnen, haben wir die folgenden Ma\u00dfe notiert. Die Dimensionen der ver\u00e4rgerten Zuschauer sind wie folgt:<\/span><\/p>\n<ul>\n<li><span style=\"color: #000000\">L\u00e4nge: 450 mm<\/span><\/li>\n<li><span style=\"color: #000000\">H\u00f6he: 100 mm<\/span><\/li>\n<li><span style=\"color: #000000\">Breite: 150 mm<\/span><\/li>\n<\/ul>\n<h5><span style=\"color: #000000\"><strong>Andere Modelle:<\/strong><\/span><\/h5>\n<p><span style=\"color: #000000\">M\u00f6chten Sie Ihren Lkw mit Sto\u00dff\u00e4ngern ausstatten, aber die Vepro 4401-4 Sto\u00dff\u00e4nger sind nicht das Richtige f\u00fcr Sie? Kein Problem! Unsere Sto\u00dff\u00e4nger sind in verschiedenen Modellen, Formen und Ausf\u00fchrungen erh\u00e4ltlich. So finden Sie garantiert den passenden Sto\u00dff\u00e4nger f\u00fcr Ihren Lkw. Entdecken Sie die anderen Modelle unten und finden Sie heraus, welche Sto\u00dff\u00e4nger am besten zu Ihrem Lkw passen.<\/span><\/p>\n<ul>\n<li><span style=\"color: #000000\"><a style=\"color: #000000\" href=\"https:\/\/truckned.nl\/de\/produkt\/scania-next-gen-booskijkers-vepro-4401-2\/\" target=\"_blank\" rel=\"noopener\"><strong>Scania Vepro 4401 Scheinwerferblende Typ 1<\/strong><\/a><\/span><\/li>\n<li><span style=\"color: #000000\"><a style=\"color: #000000\" href=\"https:\/\/truckned.nl\/de\/produkt\/daf-new-gen-booskijkers-vepro-4414\/\"><strong>DAF Vepro 4414 Scheinwerferblende\u00a0<\/strong><\/a><\/span><\/li>\n<\/ul>\n<p><span style=\"color: #000000\">Sind Sie immer noch der Meinung, dass der Scania Next Gen Scheinwerferblende Vepro 4401-4 \/ Typ 2 nicht das ist, was Sie suchen? Einfach weil Ihnen die Farbe, Form oder L\u00e4nge nicht gef\u00e4llt? Dann sehen Sie sich hier das komplette Angebot an <a style=\"color: #000000\" href=\"https:\/\/truckned.nl\/de\/produkt-kategorie\/cabine-buitenzijde\/\" target=\"_blank\" rel=\"noopener\">au\u00dferhalb der Kabine<\/a>.<\/span><\/p>\n<\/div>","protected":false},"excerpt":{"rendered":"<p>Angry-Eyed-Leuchten passend f\u00fcr Scania Next Gen \u2013 Vepro 4401-4 (Typ 2) M\u00f6chten Sie Ihrem Scania Next Gen-Truck sofort einen markanteren Look verleihen? Dann sind die Scania Next Gen Vepro 4401-4 Angry-Eyed-Leuchten genau das Richtige f\u00fcr Sie. Diese Angry-Eyed-Leuchten wurden speziell f\u00fcr Scania-Trucks mit originalen LED-Scheinwerfern entwickelt und verleihen [\u2026]<\/p>","protected":false},"featured_media":28338,"comment_status":"open","ping_status":"closed","template":"","meta":{"_acf_changed":false,"site-sidebar-layout":"default","site-content-layout":"default","ast-site-content-layout":"default","site-content-style":"default","site-sidebar-style":"default","ast-global-header-display":"","ast-banner-title-visibility":"","ast-main-header-display":"","ast-hfb-above-header-display":"","ast-hfb-below-header-display":"","ast-hfb-mobile-header-display":"","site-post-title":"","ast-breadcrumbs-content":"","ast-featured-img":"","footer-sml-layout":"","ast-disable-related-posts":"","theme-transparent-header-meta":"default","adv-header-id-meta":"","stick-header-meta":"","header-above-stick-meta":"","header-main-stick-meta":"","header-below-stick-meta":"","astra-migrate-meta-layouts":"set","ast-page-background-enabled":"default","ast-page-background-meta":{"desktop":{"background-color":"","background-image":"","background-repeat":"repeat","background-position":"center center","background-size":"auto","background-attachment":"scroll","background-type":"","background-media":"","overlay-type":"","overlay-color":"","overlay-opacity":"","overlay-gradient":""},"tablet":{"background-color":"","background-image":"","background-repeat":"repeat","background-position":"center center","background-size":"auto","background-attachment":"scroll","background-type":"","background-media":"","overlay-type":"","overlay-color":"","overlay-opacity":"","overlay-gradient":""},"mobile":{"background-color":"","background-image":"","background-repeat":"repeat","background-position":"center center","background-size":"auto","background-attachment":"scroll","background-type":"","background-media":"","overlay-type":"","overlay-color":"","overlay-opacity":"","overlay-gradient":""}},"ast-content-background-meta":{"desktop":{"background-color":"var(--ast-global-color-5)","background-image":"","background-repeat":"repeat","background-position":"center center","background-size":"auto","background-attachment":"scroll","background-type":"","background-media":"","overlay-type":"","overlay-color":"","overlay-opacity":"","overlay-gradient":""},"tablet":{"background-color":"var(--ast-global-color-5)","background-image":"","background-repeat":"repeat","background-position":"center center","background-size":"auto","background-attachment":"scroll","background-type":"","background-media":"","overlay-type":"","overlay-color":"","overlay-opacity":"","overlay-gradient":""},"mobile":{"background-color":"var(--ast-global-color-5)","background-image":"","background-repeat":"repeat","background-position":"center center","background-size":"auto","background-attachment":"scroll","background-type":"","background-media":"","overlay-type":"","overlay-color":"","overlay-opacity":"","overlay-gradient":""}}},"product_brand":[],"product_cat":[7538],"product_tag":[],"class_list":{"0":"post-28306","1":"product","2":"type-product","3":"status-publish","4":"has-post-thumbnail","6":"product_cat-booskijkers","7":"pa_merkk-vepro","8":"desktop-align-left","9":"tablet-align-left","10":"mobile-align-left","12":"first","13":"instock","14":"taxable","15":"shipping-taxable","16":"purchasable","17":"product-type-simple"},"acf":[],"yoast_head":"<!-- This site is optimized with the Yoast SEO Premium plugin v26.5 (Yoast SEO v26.5) - https:\/\/yoast.com\/wordpress\/plugins\/seo\/ -->\n<title>Scania Next Gen Booskijkers Vepro - Type 2 - Truckned - truck parts en meer<\/title>\n<meta name=\"description\" content=\"Scania Next Gen Booskijkers Vepro - Type 2 - Next Gen- LED koplampen - Vepro 4401-4 - eenvoudige montage - ABS-PMMA - Stoere uitstraling - Truckstyling\" \/>\n<meta name=\"robots\" content=\"index, follow, max-snippet:-1, max-image-preview:large, max-video-preview:-1\" \/>\n<link rel=\"canonical\" href=\"https:\/\/truckned.nl\/de\/produkt\/scania-ng-booskijkers-vepro-4401-4\/\" \/>\n<meta property=\"og:locale\" content=\"de_DE\" \/>\n<meta property=\"og:type\" content=\"article\" \/>\n<meta property=\"og:title\" content=\"Scania Next Gen Booskijkers Vepro - Type 2 - Truckned - truck parts en meer\" \/>\n<meta property=\"og:description\" content=\"Scania Next Gen Booskijkers Vepro - Type 2 - Next Gen- LED koplampen - Vepro 4401-4 - eenvoudige montage - ABS-PMMA - Stoere uitstraling - Truckstyling\" \/>\n<meta property=\"og:url\" content=\"https:\/\/truckned.nl\/de\/produkt\/scania-ng-booskijkers-vepro-4401-4\/\" \/>\n<meta property=\"og:site_name\" content=\"Truckned\" \/>\n<meta property=\"article:publisher\" content=\"https:\/\/www.facebook.com\/truckned\/\" \/>\n<meta property=\"article:modified_time\" content=\"2025-07-31T12:16:05+00:00\" \/>\n<meta property=\"og:image\" content=\"https:\/\/truckned.nl\/wp-content\/uploads\/2023\/10\/TN-200072-SM.png\" \/>\n\t<meta property=\"og:image:width\" content=\"800\" \/>\n\t<meta property=\"og:image:height\" content=\"800\" \/>\n\t<meta property=\"og:image:type\" content=\"image\/png\" \/>\n<meta name=\"twitter:label1\" content=\"Preis\" \/>\n\t<meta name=\"twitter:data1\" content=\"&euro;65,00\" \/>\n\t<meta name=\"twitter:label2\" content=\"Verf\u00fcgbarkeit\" \/>\n\t<meta name=\"twitter:data2\" content=\"Auf Lager\" \/>\n<script type=\"application\/ld+json\" class=\"yoast-schema-graph\">{\"@context\":\"https:\/\/schema.org\",\"@graph\":[{\"@type\":[\"WebPage\",\"ItemPage\"],\"@id\":\"https:\/\/truckned.nl\/product\/scania-ng-booskijkers-vepro-4401-4\/\",\"url\":\"https:\/\/truckned.nl\/product\/scania-ng-booskijkers-vepro-4401-4\/\",\"name\":\"Scania Next Gen Booskijkers Vepro - Type 2 - Truckned - truck parts en meer\",\"isPartOf\":{\"@id\":\"https:\/\/truckned.nl\/nl\/#website\"},\"primaryImageOfPage\":{\"@id\":\"https:\/\/truckned.nl\/product\/scania-ng-booskijkers-vepro-4401-4\/#primaryimage\"},\"image\":{\"@id\":\"https:\/\/truckned.nl\/product\/scania-ng-booskijkers-vepro-4401-4\/#primaryimage\"},\"thumbnailUrl\":\"https:\/\/truckned.nl\/wp-content\/uploads\/2023\/10\/TN-200072.png\",\"datePublished\":\"2023-10-11T15:30:08+00:00\",\"dateModified\":\"2025-07-31T12:16:05+00:00\",\"description\":\"Scania Next Gen Booskijkers Vepro - Type 2 - Next Gen- LED koplampen - Vepro 4401-4 - eenvoudige montage - ABS-PMMA - Stoere uitstraling - Truckstyling\",\"breadcrumb\":{\"@id\":\"https:\/\/truckned.nl\/product\/scania-ng-booskijkers-vepro-4401-4\/#breadcrumb\"},\"inLanguage\":\"de\",\"potentialAction\":[{\"@type\":\"ReadAction\",\"target\":[\"https:\/\/truckned.nl\/product\/scania-ng-booskijkers-vepro-4401-4\/\"]}]},{\"@type\":\"ImageObject\",\"inLanguage\":\"de\",\"@id\":\"https:\/\/truckned.nl\/product\/scania-ng-booskijkers-vepro-4401-4\/#primaryimage\",\"url\":\"https:\/\/truckned.nl\/wp-content\/uploads\/2023\/10\/TN-200072.png\",\"contentUrl\":\"https:\/\/truckned.nl\/wp-content\/uploads\/2023\/10\/TN-200072.png\",\"width\":800,\"height\":800,\"caption\":\"Scania Next Gen booskijkers TYPE 2 - Vepro AD4401-4S - Geschikt voor Scania Next Gen vrachtwagen met LED koplampen - EAN: 6438203003025\"},{\"@type\":\"BreadcrumbList\",\"@id\":\"https:\/\/truckned.nl\/product\/scania-ng-booskijkers-vepro-4401-4\/#breadcrumb\",\"itemListElement\":[{\"@type\":\"ListItem\",\"position\":1,\"name\":\"Home\",\"item\":\"https:\/\/truckned.nl\/\"},{\"@type\":\"ListItem\",\"position\":2,\"name\":\"Shop\",\"item\":\"https:\/\/truckned.nl\/nl\/shop\/\"},{\"@type\":\"ListItem\",\"position\":3,\"name\":\"Cabine - buitenzijde\",\"item\":\"https:\/\/truckned.nl\/nl\/product-categorie\/cabine-buitenzijde\/\"},{\"@type\":\"ListItem\",\"position\":4,\"name\":\"Booskijkers\",\"item\":\"https:\/\/truckned.nl\/nl\/product-categorie\/cabine-buitenzijde\/booskijkers\/\"},{\"@type\":\"ListItem\",\"position\":5,\"name\":\"Scania Next Gen booskijkers &#8211; Vepro 4401-4\"}]},{\"@type\":\"WebSite\",\"@id\":\"https:\/\/truckned.nl\/nl\/#website\",\"url\":\"https:\/\/truckned.nl\/nl\/\",\"name\":\"Truckned\",\"description\":\"\",\"publisher\":{\"@id\":\"https:\/\/truckned.nl\/nl\/#organization\"},\"potentialAction\":[{\"@type\":\"SearchAction\",\"target\":{\"@type\":\"EntryPoint\",\"urlTemplate\":\"https:\/\/truckned.nl\/nl\/?s={search_term_string}\"},\"query-input\":{\"@type\":\"PropertyValueSpecification\",\"valueRequired\":true,\"valueName\":\"search_term_string\"}}],\"inLanguage\":\"de\"},{\"@type\":\"Organization\",\"@id\":\"https:\/\/truckned.nl\/nl\/#organization\",\"name\":\"Truckned\",\"url\":\"https:\/\/truckned.nl\/nl\/\",\"logo\":{\"@type\":\"ImageObject\",\"inLanguage\":\"de\",\"@id\":\"https:\/\/truckned.nl\/nl\/#\/schema\/logo\/image\/\",\"url\":\"https:\/\/truckned.nl\/wp-content\/uploads\/2022\/10\/800x800-Truckned-logo-zonder-tekst-ZWART.png\",\"contentUrl\":\"https:\/\/truckned.nl\/wp-content\/uploads\/2022\/10\/800x800-Truckned-logo-zonder-tekst-ZWART.png\",\"width\":801,\"height\":801,\"caption\":\"Truckned\"},\"image\":{\"@id\":\"https:\/\/truckned.nl\/nl\/#\/schema\/logo\/image\/\"},\"sameAs\":[\"https:\/\/www.facebook.com\/truckned\/\",\"https:\/\/www.instagram.com\/truckned\/\"],\"vatID\":\"NL863960509B01\",\"taxID\":\"86417487\",\"hasMerchantReturnPolicy\":{\"@type\":\"MerchantReturnPolicy\",\"merchantReturnLink\":\"https:\/\/truckned.nl\/de\/versand-rucksendungen\/\"}}]}<\/script>\n<meta property=\"product:brand\" content=\"Vepro\" \/>\n<meta property=\"product:price:amount\" content=\"65.00\" \/>\n<meta property=\"product:price:currency\" content=\"EUR\" \/>\n<meta property=\"og:availability\" content=\"instock\" \/>\n<meta property=\"product:availability\" content=\"instock\" \/>\n<meta property=\"product:retailer_item_id\" content=\"TN-200072\" \/>\n<meta property=\"product:condition\" content=\"new\" \/>\n<!-- \/ Yoast SEO Premium plugin. -->","yoast_head_json":{"title":"Scania Next Gen Scheinwerferblende Vepro \u2013 Typ 2 \u2013 Truckned \u2013 LKW-Teile und mehr","description":"Scania Next Gen Scheinwerferblende Vepro \u2013 Typ 2 \u2013 Next Gen \u2013 LED-Scheinwerfer \u2013 Vepro 4401-4 \u2013 einfache Installation \u2013 ABS-PMMA \u2013 cooler Look \u2013 Truck-Styling","robots":{"index":"index","follow":"follow","max-snippet":"max-snippet:-1","max-image-preview":"max-image-preview:large","max-video-preview":"max-video-preview:-1"},"canonical":"https:\/\/truckned.nl\/de\/produkt\/scania-ng-booskijkers-vepro-4401-4\/","og_locale":"de_DE","og_type":"article","og_title":"Scania Next Gen Booskijkers Vepro - Type 2 - Truckned - truck parts en meer","og_description":"Scania Next Gen Booskijkers Vepro - Type 2 - Next Gen- LED koplampen - Vepro 4401-4 - eenvoudige montage - ABS-PMMA - Stoere uitstraling - Truckstyling","og_url":"https:\/\/truckned.nl\/de\/produkt\/scania-ng-booskijkers-vepro-4401-4\/","og_site_name":"Truckned","article_publisher":"https:\/\/www.facebook.com\/truckned\/","article_modified_time":"2025-07-31T12:16:05+00:00","og_image":[{"width":800,"height":800,"url":"https:\/\/truckned.nl\/wp-content\/uploads\/2023\/10\/TN-200072-SM.png","type":"image\/png"}],"twitter_misc":{"Preis":"&euro;65,00","Verf\u00fcgbarkeit":"Auf Lager"},"schema":{"@context":"https:\/\/schema.org","@graph":[{"@type":["WebPage","ItemPage"],"@id":"https:\/\/truckned.nl\/product\/scania-ng-booskijkers-vepro-4401-4\/","url":"https:\/\/truckned.nl\/product\/scania-ng-booskijkers-vepro-4401-4\/","name":"Scania Next Gen Scheinwerferblende Vepro \u2013 Typ 2 \u2013 Truckned \u2013 LKW-Teile und mehr","isPartOf":{"@id":"https:\/\/truckned.nl\/nl\/#website"},"primaryImageOfPage":{"@id":"https:\/\/truckned.nl\/product\/scania-ng-booskijkers-vepro-4401-4\/#primaryimage"},"image":{"@id":"https:\/\/truckned.nl\/product\/scania-ng-booskijkers-vepro-4401-4\/#primaryimage"},"thumbnailUrl":"https:\/\/truckned.nl\/wp-content\/uploads\/2023\/10\/TN-200072.png","datePublished":"2023-10-11T15:30:08+00:00","dateModified":"2025-07-31T12:16:05+00:00","description":"Scania Next Gen Scheinwerferblende Vepro \u2013 Typ 2 \u2013 Next Gen \u2013 LED-Scheinwerfer \u2013 Vepro 4401-4 \u2013 einfache Installation \u2013 ABS-PMMA \u2013 cooler Look \u2013 Truck-Styling","breadcrumb":{"@id":"https:\/\/truckned.nl\/product\/scania-ng-booskijkers-vepro-4401-4\/#breadcrumb"},"inLanguage":"de","potentialAction":[{"@type":"ReadAction","target":["https:\/\/truckned.nl\/product\/scania-ng-booskijkers-vepro-4401-4\/"]}]},{"@type":"ImageObject","inLanguage":"de","@id":"https:\/\/truckned.nl\/product\/scania-ng-booskijkers-vepro-4401-4\/#primaryimage","url":"https:\/\/truckned.nl\/wp-content\/uploads\/2023\/10\/TN-200072.png","contentUrl":"https:\/\/truckned.nl\/wp-content\/uploads\/2023\/10\/TN-200072.png","width":800,"height":800,"caption":"Scania Next Gen booskijkers TYPE 2 - Vepro AD4401-4S - Geschikt voor Scania Next Gen vrachtwagen met LED koplampen - EAN: 6438203003025"},{"@type":"BreadcrumbList","@id":"https:\/\/truckned.nl\/product\/scania-ng-booskijkers-vepro-4401-4\/#breadcrumb","itemListElement":[{"@type":"ListItem","position":1,"name":"Home","item":"https:\/\/truckned.nl\/"},{"@type":"ListItem","position":2,"name":"Shop","item":"https:\/\/truckned.nl\/nl\/shop\/"},{"@type":"ListItem","position":3,"name":"Cabine - buitenzijde","item":"https:\/\/truckned.nl\/nl\/product-categorie\/cabine-buitenzijde\/"},{"@type":"ListItem","position":4,"name":"Booskijkers","item":"https:\/\/truckned.nl\/nl\/product-categorie\/cabine-buitenzijde\/booskijkers\/"},{"@type":"ListItem","position":5,"name":"Scania Next Gen booskijkers &#8211; Vepro 4401-4"}]},{"@type":"WebSite","@id":"https:\/\/truckned.nl\/nl\/#website","url":"https:\/\/truckned.nl\/nl\/","name":"Truckned","description":"","publisher":{"@id":"https:\/\/truckned.nl\/nl\/#organization"},"potentialAction":[{"@type":"SearchAction","target":{"@type":"EntryPoint","urlTemplate":"https:\/\/truckned.nl\/nl\/?s={search_term_string}"},"query-input":{"@type":"PropertyValueSpecification","valueRequired":true,"valueName":"search_term_string"}}],"inLanguage":"de"},{"@type":"Organization","@id":"https:\/\/truckned.nl\/nl\/#organization","name":"Truckned","url":"https:\/\/truckned.nl\/nl\/","logo":{"@type":"ImageObject","inLanguage":"de","@id":"https:\/\/truckned.nl\/nl\/#\/schema\/logo\/image\/","url":"https:\/\/truckned.nl\/wp-content\/uploads\/2022\/10\/800x800-Truckned-logo-zonder-tekst-ZWART.png","contentUrl":"https:\/\/truckned.nl\/wp-content\/uploads\/2022\/10\/800x800-Truckned-logo-zonder-tekst-ZWART.png","width":801,"height":801,"caption":"Truckned"},"image":{"@id":"https:\/\/truckned.nl\/nl\/#\/schema\/logo\/image\/"},"sameAs":["https:\/\/www.facebook.com\/truckned\/","https:\/\/www.instagram.com\/truckned\/"],"vatID":"NL863960509B01","taxID":"86417487","hasMerchantReturnPolicy":{"@type":"MerchantReturnPolicy","merchantReturnLink":"https:\/\/truckned.nl\/de\/versand-rucksendungen\/"}}]},"product_brand":"Vepro","product_price_amount":"65.00","product_price_currency":"EUR","og_availability":"instock","product_availability":"instock","product_retailer_item_id":"TN-200072","product_condition":"new"},"_links":{"self":[{"href":"https:\/\/truckned.nl\/de\/wp-json\/wp\/v2\/product\/28306","targetHints":{"allow":["GET"]}}],"collection":[{"href":"https:\/\/truckned.nl\/de\/wp-json\/wp\/v2\/product"}],"about":[{"href":"https:\/\/truckned.nl\/de\/wp-json\/wp\/v2\/types\/product"}],"replies":[{"embeddable":true,"href":"https:\/\/truckned.nl\/de\/wp-json\/wp\/v2\/comments?post=28306"}],"wp:featuredmedia":[{"embeddable":true,"href":"https:\/\/truckned.nl\/de\/wp-json\/wp\/v2\/media\/28338"}],"wp:attachment":[{"href":"https:\/\/truckned.nl\/de\/wp-json\/wp\/v2\/media?parent=28306"}],"wp:term":[{"taxonomy":"product_brand","embeddable":true,"href":"https:\/\/truckned.nl\/de\/wp-json\/wp\/v2\/product_brand?post=28306"},{"taxonomy":"product_cat","embeddable":true,"href":"https:\/\/truckned.nl\/de\/wp-json\/wp\/v2\/product_cat?post=28306"},{"taxonomy":"product_tag","embeddable":true,"href":"https:\/\/truckned.nl\/de\/wp-json\/wp\/v2\/product_tag?post=28306"}],"curies":[{"name":"wp","href":"https:\/\/api.w.org\/{rel}","templated":true}]}}