{"id":28343,"date":"2023-10-12T14:35:46","date_gmt":"2023-10-12T13:35:46","guid":{"rendered":"https:\/\/truckned.nl\/?post_type=product&#038;p=28343"},"modified":"2026-04-01T08:42:43","modified_gmt":"2026-04-01T06:42:43","slug":"hoekschilden-set-scania-ng-klein-vepro-4097s","status":"publish","type":"product","link":"https:\/\/truckned.nl\/de\/produkt\/hoekschilden-set-scania-ng-klein-vepro-4097s\/","title":{"rendered":"Windabweiser set Scania NG KLEIN - Vepro 4097S"},"content":{"rendered":"<p><span style=\"color: #000000\"><strong>Windabweiser set f\u00fcr Scania Next Gen P + G + R + S klein Modell, Vepro 4097S.<\/strong><\/span><\/p>\n<p><span style=\"color: #000000\">M\u00f6chten Sie Ihrem Scania ganz einfach ein sch\u00f6neres Aussehen verleihen, ohne zu viel zu ver\u00e4ndern? Dann denken Sie dar\u00fcber nach, das Windabweiser set Modell klein von Vepro an Ihrem Scania-Lkw zu installieren. Dieses Eckschutzset ist f\u00fcr alle Scania Next Gen-Modelle geeignet und verleiht Ihrem LKW ein sch\u00f6neres Aussehen! Das Vepro Eckschild-Set klein ist mit einem Montageset inklusive Anleitung ausgestattet. Die Schmutzabweiser werden standardm\u00e4\u00dfig in Scania White geliefert und k\u00f6nnen von Ihnen selbst mit einer anderen Farbe versehen werden. Sie k\u00f6nnen die Eckschilder bespr\u00fchen lassen, sie k\u00f6nnen aber auch umwickelt werden.<\/span><\/p>\n<div class=\"truncated\">\n<h5><span style=\"color: #000000\"><strong>Abmessungen:<\/strong><\/span><\/h5>\n<p><span style=\"color: #000000\">Um sicherzustellen, dass Sie das Eckschutzset Scania NG P + G + R + S kleines Modell, Vepro 4097S an den Ecken montieren k\u00f6nnen, haben wir uns unten die Ma\u00dfe notiert. Die Ma\u00dfe der Eckschilder mit Schraubmontage sind wie folgt:<\/span><\/p>\n<ul>\n<li><span style=\"color: #000000\">Tiefe: 65 mm<\/span><\/li>\n<li><span style=\"color: #000000\">H\u00f6he: 355 mm<\/span><\/li>\n<li><span style=\"color: #000000\">Breite: 290 mm<\/span><\/li>\n<\/ul>\n<h5><span style=\"color: #000000\"><strong>Andere Modelle:<\/strong><\/span><\/h5>\n<p><span style=\"color: #000000\">M\u00f6chten Sie ein Windabweiser set installieren? Aber ist das Eckschutzset Vepro 4097S nicht das Modell, das Sie suchen? Dann wissen Sie, dass das Eckschild-Set auch in einer anderen Variante erh\u00e4ltlich ist. Sehen Sie sich hier die andere Version an.<\/span><\/p>\n<ul>\n<li><span style=\"color: #000000\"><a style=\"color: #000000\" href=\"https:\/\/truckned.nl\/de\/produkt\/hoekschilden-set-scania-ng-rs-groot-vepro-4096s\/\" target=\"_blank\" rel=\"noopener\"><strong>Windabweiser Scania GROSS<\/strong><\/a><\/span><\/li>\n<\/ul>\n<p><span style=\"color: #000000\">Sind Sie immer noch der Meinung, dass das Windabweiser set Scania NG P + G + R + S Modell klein, Vepro 4097S nicht das ist, was Sie suchen? Einfach weil Ihnen die Farbe, Form oder L\u00e4nge nicht gef\u00e4llt? Dann sehen Sie sich hier das komplette Angebot an <a style=\"color: #000000\" href=\"https:\/\/truckned.nl\/de\/produkt-kategorie\/cabine-buitenzijde\/\" target=\"_blank\" rel=\"noopener\">au\u00dferhalb der Kabine<\/a>.<\/span><\/p>\n<\/div>","protected":false},"excerpt":{"rendered":"<p>Eckschutz-Set f\u00fcr Scania Next Gen P + G + R + S Kleinmodell, Vepro 4097S. M\u00f6chten Sie Ihrem Scania einfach und ohne gro\u00dfe Ver\u00e4nderungen ein sch\u00f6neres Aussehen verleihen? Dann sollten Sie das kleine Eckschutz-Set von Vepro an Ihrem Scania-Lkw anbringen. Dieses Eckschutz-Set ist geeignet f\u00fcr [\u2026]<\/p>","protected":false},"featured_media":28363,"comment_status":"open","ping_status":"closed","template":"","meta":{"_acf_changed":false,"site-sidebar-layout":"default","site-content-layout":"default","ast-site-content-layout":"default","site-content-style":"default","site-sidebar-style":"default","ast-global-header-display":"","ast-banner-title-visibility":"","ast-main-header-display":"","ast-hfb-above-header-display":"","ast-hfb-below-header-display":"","ast-hfb-mobile-header-display":"","site-post-title":"","ast-breadcrumbs-content":"","ast-featured-img":"","footer-sml-layout":"","ast-disable-related-posts":"","theme-transparent-header-meta":"default","adv-header-id-meta":"","stick-header-meta":"","header-above-stick-meta":"","header-main-stick-meta":"","header-below-stick-meta":"","astra-migrate-meta-layouts":"default","ast-page-background-enabled":"default","ast-page-background-meta":{"desktop":{"background-color":"","background-image":"","background-repeat":"repeat","background-position":"center center","background-size":"auto","background-attachment":"scroll","background-type":"","background-media":"","overlay-type":"","overlay-color":"","overlay-opacity":"","overlay-gradient":""},"tablet":{"background-color":"","background-image":"","background-repeat":"repeat","background-position":"center center","background-size":"auto","background-attachment":"scroll","background-type":"","background-media":"","overlay-type":"","overlay-color":"","overlay-opacity":"","overlay-gradient":""},"mobile":{"background-color":"","background-image":"","background-repeat":"repeat","background-position":"center center","background-size":"auto","background-attachment":"scroll","background-type":"","background-media":"","overlay-type":"","overlay-color":"","overlay-opacity":"","overlay-gradient":""}},"ast-content-background-meta":{"desktop":{"background-color":"var(--ast-global-color-5)","background-image":"","background-repeat":"repeat","background-position":"center center","background-size":"auto","background-attachment":"scroll","background-type":"","background-media":"","overlay-type":"","overlay-color":"","overlay-opacity":"","overlay-gradient":""},"tablet":{"background-color":"var(--ast-global-color-5)","background-image":"","background-repeat":"repeat","background-position":"center center","background-size":"auto","background-attachment":"scroll","background-type":"","background-media":"","overlay-type":"","overlay-color":"","overlay-opacity":"","overlay-gradient":""},"mobile":{"background-color":"var(--ast-global-color-5)","background-image":"","background-repeat":"repeat","background-position":"center center","background-size":"auto","background-attachment":"scroll","background-type":"","background-media":"","overlay-type":"","overlay-color":"","overlay-opacity":"","overlay-gradient":""}}},"product_brand":[],"product_cat":[7540],"product_tag":[],"class_list":{"0":"post-28343","1":"product","2":"type-product","3":"status-publish","4":"has-post-thumbnail","6":"product_cat-hoekschilden","7":"pa_merkk-vepro","8":"desktop-align-left","9":"tablet-align-left","10":"mobile-align-left","12":"first","13":"instock","14":"taxable","15":"shipping-taxable","16":"purchasable","17":"product-type-simple"},"acf":[],"yoast_head":"<!-- This site is optimized with the Yoast SEO Premium plugin v26.5 (Yoast SEO v26.5) - https:\/\/yoast.com\/wordpress\/plugins\/seo\/ -->\n<title>Hoekschilden set Scania KLEIN - Truckned - Next Gen P+ G + R + S modellen<\/title>\n<meta name=\"description\" content=\"Hoekschilden set Scania KLEIN - Next Gen P+ G + R + S modellen - Scania - Vepro 4097S - Montagehandleiding - ABS-PMMA - Stoere uitstraling - Truckstyling\" \/>\n<meta name=\"robots\" content=\"index, follow, max-snippet:-1, max-image-preview:large, max-video-preview:-1\" \/>\n<link rel=\"canonical\" href=\"https:\/\/truckned.nl\/de\/produkt\/hoekschilden-set-scania-ng-klein-vepro-4097s\/\" \/>\n<meta property=\"og:locale\" content=\"de_DE\" \/>\n<meta property=\"og:type\" content=\"article\" \/>\n<meta property=\"og:title\" content=\"Hoekschilden set Scania KLEIN - Truckned - Next Gen P+ G + R + S modellen\" \/>\n<meta property=\"og:description\" content=\"Hoekschilden set Scania KLEIN - Next Gen P+ G + R + S modellen - Scania - Vepro 4097S - Montagehandleiding - ABS-PMMA - Stoere uitstraling - Truckstyling\" \/>\n<meta property=\"og:url\" content=\"https:\/\/truckned.nl\/de\/produkt\/hoekschilden-set-scania-ng-klein-vepro-4097s\/\" \/>\n<meta property=\"og:site_name\" content=\"Truckned\" \/>\n<meta property=\"article:publisher\" content=\"https:\/\/www.facebook.com\/truckned\/\" \/>\n<meta property=\"article:modified_time\" content=\"2026-04-01T06:42:43+00:00\" \/>\n<meta property=\"og:image\" content=\"https:\/\/truckned.nl\/wp-content\/uploads\/2023\/10\/TN-807572-03.png\" \/>\n\t<meta property=\"og:image:width\" content=\"800\" \/>\n\t<meta property=\"og:image:height\" content=\"800\" \/>\n\t<meta property=\"og:image:type\" content=\"image\/png\" \/>\n<meta name=\"twitter:label1\" content=\"Preis\" \/>\n\t<meta name=\"twitter:data1\" content=\"&euro;165,00\" \/>\n\t<meta name=\"twitter:label2\" content=\"Verf\u00fcgbarkeit\" \/>\n\t<meta name=\"twitter:data2\" content=\"Auf Lager\" \/>\n<script type=\"application\/ld+json\" class=\"yoast-schema-graph\">{\"@context\":\"https:\/\/schema.org\",\"@graph\":[{\"@type\":[\"WebPage\",\"ItemPage\"],\"@id\":\"https:\/\/truckned.nl\/product\/hoekschilden-set-scania-ng-klein-vepro-4097s\/\",\"url\":\"https:\/\/truckned.nl\/product\/hoekschilden-set-scania-ng-klein-vepro-4097s\/\",\"name\":\"Hoekschilden set Scania KLEIN - Truckned - Next Gen P+ G + R + S modellen\",\"isPartOf\":{\"@id\":\"https:\/\/truckned.nl\/nl\/#website\"},\"primaryImageOfPage\":{\"@id\":\"https:\/\/truckned.nl\/product\/hoekschilden-set-scania-ng-klein-vepro-4097s\/#primaryimage\"},\"image\":{\"@id\":\"https:\/\/truckned.nl\/product\/hoekschilden-set-scania-ng-klein-vepro-4097s\/#primaryimage\"},\"thumbnailUrl\":\"https:\/\/truckned.nl\/wp-content\/uploads\/2023\/10\/TN-807572.png\",\"datePublished\":\"2023-10-12T13:35:46+00:00\",\"dateModified\":\"2026-04-01T06:42:43+00:00\",\"description\":\"Hoekschilden set Scania KLEIN - Next Gen P+ G + R + S modellen - Scania - Vepro 4097S - Montagehandleiding - ABS-PMMA - Stoere uitstraling - Truckstyling\",\"breadcrumb\":{\"@id\":\"https:\/\/truckned.nl\/product\/hoekschilden-set-scania-ng-klein-vepro-4097s\/#breadcrumb\"},\"inLanguage\":\"de\",\"potentialAction\":[{\"@type\":\"ReadAction\",\"target\":[\"https:\/\/truckned.nl\/product\/hoekschilden-set-scania-ng-klein-vepro-4097s\/\"]}]},{\"@type\":\"ImageObject\",\"inLanguage\":\"de\",\"@id\":\"https:\/\/truckned.nl\/product\/hoekschilden-set-scania-ng-klein-vepro-4097s\/#primaryimage\",\"url\":\"https:\/\/truckned.nl\/wp-content\/uploads\/2023\/10\/TN-807572.png\",\"contentUrl\":\"https:\/\/truckned.nl\/wp-content\/uploads\/2023\/10\/TN-807572.png\",\"width\":800,\"height\":800,\"caption\":\"Scania hoekschilden KLEIN - Vepro 4097S \/ AD4097S- gemaakt door van der Heijden Truckstyling Boxtel - EAN: 6438203005661\"},{\"@type\":\"BreadcrumbList\",\"@id\":\"https:\/\/truckned.nl\/product\/hoekschilden-set-scania-ng-klein-vepro-4097s\/#breadcrumb\",\"itemListElement\":[{\"@type\":\"ListItem\",\"position\":1,\"name\":\"Home\",\"item\":\"https:\/\/truckned.nl\/\"},{\"@type\":\"ListItem\",\"position\":2,\"name\":\"Shop\",\"item\":\"https:\/\/truckned.nl\/nl\/shop\/\"},{\"@type\":\"ListItem\",\"position\":3,\"name\":\"Cabine - buitenzijde\",\"item\":\"https:\/\/truckned.nl\/nl\/product-categorie\/cabine-buitenzijde\/\"},{\"@type\":\"ListItem\",\"position\":4,\"name\":\"Hoekschilden\",\"item\":\"https:\/\/truckned.nl\/nl\/product-categorie\/cabine-buitenzijde\/hoekschilden\/\"},{\"@type\":\"ListItem\",\"position\":5,\"name\":\"Hoekschilden set Scania NG KLEIN &#8211; Vepro 4097S\"}]},{\"@type\":\"WebSite\",\"@id\":\"https:\/\/truckned.nl\/nl\/#website\",\"url\":\"https:\/\/truckned.nl\/nl\/\",\"name\":\"Truckned\",\"description\":\"\",\"publisher\":{\"@id\":\"https:\/\/truckned.nl\/nl\/#organization\"},\"potentialAction\":[{\"@type\":\"SearchAction\",\"target\":{\"@type\":\"EntryPoint\",\"urlTemplate\":\"https:\/\/truckned.nl\/nl\/?s={search_term_string}\"},\"query-input\":{\"@type\":\"PropertyValueSpecification\",\"valueRequired\":true,\"valueName\":\"search_term_string\"}}],\"inLanguage\":\"de\"},{\"@type\":\"Organization\",\"@id\":\"https:\/\/truckned.nl\/nl\/#organization\",\"name\":\"Truckned\",\"url\":\"https:\/\/truckned.nl\/nl\/\",\"logo\":{\"@type\":\"ImageObject\",\"inLanguage\":\"de\",\"@id\":\"https:\/\/truckned.nl\/nl\/#\/schema\/logo\/image\/\",\"url\":\"https:\/\/truckned.nl\/wp-content\/uploads\/2022\/10\/800x800-Truckned-logo-zonder-tekst-ZWART.png\",\"contentUrl\":\"https:\/\/truckned.nl\/wp-content\/uploads\/2022\/10\/800x800-Truckned-logo-zonder-tekst-ZWART.png\",\"width\":801,\"height\":801,\"caption\":\"Truckned\"},\"image\":{\"@id\":\"https:\/\/truckned.nl\/nl\/#\/schema\/logo\/image\/\"},\"sameAs\":[\"https:\/\/www.facebook.com\/truckned\/\",\"https:\/\/www.instagram.com\/truckned\/\"],\"vatID\":\"NL863960509B01\",\"taxID\":\"86417487\",\"hasMerchantReturnPolicy\":{\"@type\":\"MerchantReturnPolicy\",\"merchantReturnLink\":\"https:\/\/truckned.nl\/de\/versand-rucksendungen\/\"}}]}<\/script>\n<meta property=\"product:brand\" content=\"Vepro\" \/>\n<meta property=\"product:price:amount\" content=\"165.00\" \/>\n<meta property=\"product:price:currency\" content=\"EUR\" \/>\n<meta property=\"og:availability\" content=\"instock\" \/>\n<meta property=\"product:availability\" content=\"instock\" \/>\n<meta property=\"product:retailer_item_id\" content=\"TN-807572\" \/>\n<meta property=\"product:condition\" content=\"new\" \/>\n<!-- \/ Yoast SEO Premium plugin. -->","yoast_head_json":{"title":"Windabweiser set Scania KLEIN \u2013 Truckned \u2013 Next Gen P+ G + R + S-Modelle","description":"Windabweiser set Scania KLEIN \u2013 Next Gen P+ G + R + S-Modelle \u2013 Scania \u2013 Vepro 4097S \u2013 Installationshandbuch \u2013 ABS-PMMA \u2013 Cooles Aussehen \u2013 Truck-Styling","robots":{"index":"index","follow":"follow","max-snippet":"max-snippet:-1","max-image-preview":"max-image-preview:large","max-video-preview":"max-video-preview:-1"},"canonical":"https:\/\/truckned.nl\/de\/produkt\/hoekschilden-set-scania-ng-klein-vepro-4097s\/","og_locale":"de_DE","og_type":"article","og_title":"Hoekschilden set Scania KLEIN - Truckned - Next Gen P+ G + R + S modellen","og_description":"Hoekschilden set Scania KLEIN - Next Gen P+ G + R + S modellen - Scania - Vepro 4097S - Montagehandleiding - ABS-PMMA - Stoere uitstraling - Truckstyling","og_url":"https:\/\/truckned.nl\/de\/produkt\/hoekschilden-set-scania-ng-klein-vepro-4097s\/","og_site_name":"Truckned","article_publisher":"https:\/\/www.facebook.com\/truckned\/","article_modified_time":"2026-04-01T06:42:43+00:00","og_image":[{"width":800,"height":800,"url":"https:\/\/truckned.nl\/wp-content\/uploads\/2023\/10\/TN-807572-03.png","type":"image\/png"}],"twitter_misc":{"Preis":"&euro;165,00","Verf\u00fcgbarkeit":"Auf Lager"},"schema":{"@context":"https:\/\/schema.org","@graph":[{"@type":["WebPage","ItemPage"],"@id":"https:\/\/truckned.nl\/product\/hoekschilden-set-scania-ng-klein-vepro-4097s\/","url":"https:\/\/truckned.nl\/product\/hoekschilden-set-scania-ng-klein-vepro-4097s\/","name":"Windabweiser set Scania KLEIN \u2013 Truckned \u2013 Next Gen P+ G + R + S-Modelle","isPartOf":{"@id":"https:\/\/truckned.nl\/nl\/#website"},"primaryImageOfPage":{"@id":"https:\/\/truckned.nl\/product\/hoekschilden-set-scania-ng-klein-vepro-4097s\/#primaryimage"},"image":{"@id":"https:\/\/truckned.nl\/product\/hoekschilden-set-scania-ng-klein-vepro-4097s\/#primaryimage"},"thumbnailUrl":"https:\/\/truckned.nl\/wp-content\/uploads\/2023\/10\/TN-807572.png","datePublished":"2023-10-12T13:35:46+00:00","dateModified":"2026-04-01T06:42:43+00:00","description":"Windabweiser set Scania KLEIN \u2013 Next Gen P+ G + R + S-Modelle \u2013 Scania \u2013 Vepro 4097S \u2013 Installationshandbuch \u2013 ABS-PMMA \u2013 Cooles Aussehen \u2013 Truck-Styling","breadcrumb":{"@id":"https:\/\/truckned.nl\/product\/hoekschilden-set-scania-ng-klein-vepro-4097s\/#breadcrumb"},"inLanguage":"de","potentialAction":[{"@type":"ReadAction","target":["https:\/\/truckned.nl\/product\/hoekschilden-set-scania-ng-klein-vepro-4097s\/"]}]},{"@type":"ImageObject","inLanguage":"de","@id":"https:\/\/truckned.nl\/product\/hoekschilden-set-scania-ng-klein-vepro-4097s\/#primaryimage","url":"https:\/\/truckned.nl\/wp-content\/uploads\/2023\/10\/TN-807572.png","contentUrl":"https:\/\/truckned.nl\/wp-content\/uploads\/2023\/10\/TN-807572.png","width":800,"height":800,"caption":"Scania hoekschilden KLEIN - Vepro 4097S \/ AD4097S- gemaakt door van der Heijden Truckstyling Boxtel - EAN: 6438203005661"},{"@type":"BreadcrumbList","@id":"https:\/\/truckned.nl\/product\/hoekschilden-set-scania-ng-klein-vepro-4097s\/#breadcrumb","itemListElement":[{"@type":"ListItem","position":1,"name":"Home","item":"https:\/\/truckned.nl\/"},{"@type":"ListItem","position":2,"name":"Shop","item":"https:\/\/truckned.nl\/nl\/shop\/"},{"@type":"ListItem","position":3,"name":"Cabine - buitenzijde","item":"https:\/\/truckned.nl\/nl\/product-categorie\/cabine-buitenzijde\/"},{"@type":"ListItem","position":4,"name":"Hoekschilden","item":"https:\/\/truckned.nl\/nl\/product-categorie\/cabine-buitenzijde\/hoekschilden\/"},{"@type":"ListItem","position":5,"name":"Hoekschilden set Scania NG KLEIN &#8211; Vepro 4097S"}]},{"@type":"WebSite","@id":"https:\/\/truckned.nl\/nl\/#website","url":"https:\/\/truckned.nl\/nl\/","name":"Truckned","description":"","publisher":{"@id":"https:\/\/truckned.nl\/nl\/#organization"},"potentialAction":[{"@type":"SearchAction","target":{"@type":"EntryPoint","urlTemplate":"https:\/\/truckned.nl\/nl\/?s={search_term_string}"},"query-input":{"@type":"PropertyValueSpecification","valueRequired":true,"valueName":"search_term_string"}}],"inLanguage":"de"},{"@type":"Organization","@id":"https:\/\/truckned.nl\/nl\/#organization","name":"Truckned","url":"https:\/\/truckned.nl\/nl\/","logo":{"@type":"ImageObject","inLanguage":"de","@id":"https:\/\/truckned.nl\/nl\/#\/schema\/logo\/image\/","url":"https:\/\/truckned.nl\/wp-content\/uploads\/2022\/10\/800x800-Truckned-logo-zonder-tekst-ZWART.png","contentUrl":"https:\/\/truckned.nl\/wp-content\/uploads\/2022\/10\/800x800-Truckned-logo-zonder-tekst-ZWART.png","width":801,"height":801,"caption":"Truckned"},"image":{"@id":"https:\/\/truckned.nl\/nl\/#\/schema\/logo\/image\/"},"sameAs":["https:\/\/www.facebook.com\/truckned\/","https:\/\/www.instagram.com\/truckned\/"],"vatID":"NL863960509B01","taxID":"86417487","hasMerchantReturnPolicy":{"@type":"MerchantReturnPolicy","merchantReturnLink":"https:\/\/truckned.nl\/de\/versand-rucksendungen\/"}}]},"product_brand":"Vepro","product_price_amount":"165.00","product_price_currency":"EUR","og_availability":"instock","product_availability":"instock","product_retailer_item_id":"TN-807572","product_condition":"new"},"_links":{"self":[{"href":"https:\/\/truckned.nl\/de\/wp-json\/wp\/v2\/product\/28343","targetHints":{"allow":["GET"]}}],"collection":[{"href":"https:\/\/truckned.nl\/de\/wp-json\/wp\/v2\/product"}],"about":[{"href":"https:\/\/truckned.nl\/de\/wp-json\/wp\/v2\/types\/product"}],"replies":[{"embeddable":true,"href":"https:\/\/truckned.nl\/de\/wp-json\/wp\/v2\/comments?post=28343"}],"wp:featuredmedia":[{"embeddable":true,"href":"https:\/\/truckned.nl\/de\/wp-json\/wp\/v2\/media\/28363"}],"wp:attachment":[{"href":"https:\/\/truckned.nl\/de\/wp-json\/wp\/v2\/media?parent=28343"}],"wp:term":[{"taxonomy":"product_brand","embeddable":true,"href":"https:\/\/truckned.nl\/de\/wp-json\/wp\/v2\/product_brand?post=28343"},{"taxonomy":"product_cat","embeddable":true,"href":"https:\/\/truckned.nl\/de\/wp-json\/wp\/v2\/product_cat?post=28343"},{"taxonomy":"product_tag","embeddable":true,"href":"https:\/\/truckned.nl\/de\/wp-json\/wp\/v2\/product_tag?post=28343"}],"curies":[{"name":"wp","href":"https:\/\/api.w.org\/{rel}","templated":true}]}}