{"id":28349,"date":"2023-10-16T14:17:46","date_gmt":"2023-10-16T12:17:46","guid":{"rendered":"https:\/\/truckned.nl\/?post_type=product&#038;p=28349"},"modified":"2025-10-23T10:34:06","modified_gmt":"2025-10-23T08:34:06","slug":"strands-ize-led-behuizing-enkel","status":"publish","type":"product","link":"https:\/\/truckned.nl\/de\/produkt\/strands-ize-led-behuizing-enkel\/","title":{"rendered":"Strands IZE LED Geh\u00e4use - einzeln"},"content":{"rendered":"<p><span style=\"color: #000000;\"><strong>Strands IZE LED Geh\u00e4use - einzeln<\/strong><\/span><\/p>\n<p><span style=\"color: #000000;\">Mit diesem IZE LED Geh\u00e4use k\u00f6nnen Sie die Blocklampen von Strands, LEDON und Hella montieren. Dieses Gummigeh\u00e4use ist sto\u00dffest und sorgt f\u00fcr eine l\u00e4ngere Lebensdauer der Beleuchtung. Das Gummigeh\u00e4use ist mit einem erh\u00f6hten Rand versehen. Der erh\u00f6hte Rand sorgt daf\u00fcr, dass die montierten Lampen besser gesch\u00fctzt sind und somit nicht so leicht besch\u00e4digt werden. Sie k\u00f6nnen das Gummigeh\u00e4use sowohl horizontal als auch vertikal beispielsweise an Ihrem LKW oder Anh\u00e4nger montieren.<\/span><\/p>\n<p><span style=\"color: #000000;\">Dieses IZE LED-Geh\u00e4use \u2013 nur aus Strands gefertigt, ist aus hochwertigem Material gefertigt und hat daher eine lange Lebensdauer. Zur Montage sind zwei Schrauben und Muttern im Lieferumfang enthalten. Dadurch wird sichergestellt, dass die Beleuchtung ordnungsgem\u00e4\u00df und sicher an Ihrem LKW oder Anh\u00e4nger montiert ist. Kurz gesagt: Durch die Verwendung des Gummigeh\u00e4uses k\u00f6nnen Sie sicher sein, dass Ihr Auto auf der Stra\u00dfe gut beleuchtet ist!<\/span><\/p>\n<h5><span style=\"color: #000000;\"><strong>Andere Modelle:<\/strong><\/span><\/h5>\n<p><span style=\"color: #000000;\">Sie sind auf der Suche nach einem Gummigeh\u00e4use f\u00fcr Ihre Blocklampen, aber ist diese Variante nicht das Richtige f\u00fcr Sie? Dann wissen Sie, dass das Gummigeh\u00e4use \u2013 einzeln von der Marke Strands \u2013 auch in einer doppelten Version erh\u00e4ltlich ist. Die Doppelversion dieses Gummigeh\u00e4uses finden Sie hier:<\/span><\/p>\n<ul>\n<li><span style=\"color: #000000;\"><a style=\"color: #000000;\" href=\"https:\/\/truckned.nl\/de\/produkt\/strands-ize-led-behuizing-dubbel\/\" target=\"_blank\" rel=\"noopener\"><strong>IZE LED Geh\u00e4use - doppelt<\/strong><\/a><\/span><\/li>\n<\/ul>\n<p><span style=\"color: #000000;\">Glauben Sie immer noch, dass dieses R\u00fccklichtteil von Strands nicht das ist, was Sie suchen? Einfach weil Ihnen die Farbe oder Form nicht gef\u00e4llt? Oder weil Sie vielleicht gar nicht auf der Suche nach einer d\u00e4nischen LKW-Sto\u00dfstange sind? Werfen Sie unbedingt einen Blick auf unsere Beleuchtungsseite. Vielleicht finden Sie hier die Modelllampe oder das gesuchte Teil!\u00a0<\/span><\/p>","protected":false},"excerpt":{"rendered":"<p>Strands IZE LED Geh\u00e4use \u2013 einzeln. Mit diesem IZE LED Geh\u00e4use k\u00f6nnen Sie die Blockleuchten Strands, LEDON und Hella montieren. Dieses Gummigeh\u00e4use ist sto\u00dffest und sorgt f\u00fcr eine l\u00e4ngere Lebensdauer. Das Gummigeh\u00e4use verf\u00fcgt \u00fcber einen erh\u00f6hten Rand. Dieser erh\u00f6hte Rand bietet besseren Schutz f\u00fcr die montierten Leuchten.<\/p>","protected":false},"featured_media":28390,"comment_status":"open","ping_status":"closed","template":"","meta":{"_acf_changed":false,"site-sidebar-layout":"default","site-content-layout":"default","ast-site-content-layout":"default","site-content-style":"default","site-sidebar-style":"default","ast-global-header-display":"","ast-banner-title-visibility":"","ast-main-header-display":"","ast-hfb-above-header-display":"","ast-hfb-below-header-display":"","ast-hfb-mobile-header-display":"","site-post-title":"","ast-breadcrumbs-content":"","ast-featured-img":"","footer-sml-layout":"","ast-disable-related-posts":"","theme-transparent-header-meta":"default","adv-header-id-meta":"","stick-header-meta":"","header-above-stick-meta":"","header-main-stick-meta":"","header-below-stick-meta":"","astra-migrate-meta-layouts":"set","ast-page-background-enabled":"default","ast-page-background-meta":{"desktop":{"background-color":"","background-image":"","background-repeat":"repeat","background-position":"center center","background-size":"auto","background-attachment":"scroll","background-type":"","background-media":"","overlay-type":"","overlay-color":"","overlay-opacity":"","overlay-gradient":""},"tablet":{"background-color":"","background-image":"","background-repeat":"repeat","background-position":"center center","background-size":"auto","background-attachment":"scroll","background-type":"","background-media":"","overlay-type":"","overlay-color":"","overlay-opacity":"","overlay-gradient":""},"mobile":{"background-color":"","background-image":"","background-repeat":"repeat","background-position":"center center","background-size":"auto","background-attachment":"scroll","background-type":"","background-media":"","overlay-type":"","overlay-color":"","overlay-opacity":"","overlay-gradient":""}},"ast-content-background-meta":{"desktop":{"background-color":"var(--ast-global-color-5)","background-image":"","background-repeat":"repeat","background-position":"center center","background-size":"auto","background-attachment":"scroll","background-type":"","background-media":"","overlay-type":"","overlay-color":"","overlay-opacity":"","overlay-gradient":""},"tablet":{"background-color":"var(--ast-global-color-5)","background-image":"","background-repeat":"repeat","background-position":"center center","background-size":"auto","background-attachment":"scroll","background-type":"","background-media":"","overlay-type":"","overlay-color":"","overlay-opacity":"","overlay-gradient":""},"mobile":{"background-color":"var(--ast-global-color-5)","background-image":"","background-repeat":"repeat","background-position":"center center","background-size":"auto","background-attachment":"scroll","background-type":"","background-media":"","overlay-type":"","overlay-color":"","overlay-opacity":"","overlay-gradient":""}}},"product_brand":[],"product_cat":[7536],"product_tag":[],"class_list":{"0":"post-28349","1":"product","2":"type-product","3":"status-publish","4":"has-post-thumbnail","6":"product_cat-verlichting-toebehoren","7":"pa_merkk-product-strands-lighting-division","8":"desktop-align-left","9":"tablet-align-left","10":"mobile-align-left","12":"first","13":"instock","14":"taxable","15":"shipping-taxable","16":"purchasable","17":"product-type-simple"},"acf":[],"yoast_head":"<!-- This site is optimized with the Yoast SEO Premium plugin v26.5 (Yoast SEO v26.5) - https:\/\/yoast.com\/wordpress\/plugins\/seo\/ -->\n<title>Strands IZE LED behuizing enkel - Truckned - truck onderdelen en meer<\/title>\n<meta name=\"description\" content=\"Strands IZE LED behuizing enkel - Hella bloklampen - geschikt voor o.a. Strands IZE LED achterlichten - voor Deense achterbumper - LEDON Truckned\" \/>\n<meta name=\"robots\" content=\"index, follow, max-snippet:-1, max-image-preview:large, max-video-preview:-1\" \/>\n<link rel=\"canonical\" href=\"https:\/\/truckned.nl\/de\/produkt\/strands-ize-led-behuizing-enkel\/\" \/>\n<meta property=\"og:locale\" content=\"de_DE\" \/>\n<meta property=\"og:type\" content=\"article\" \/>\n<meta property=\"og:title\" content=\"Strands IZE LED behuizing - enkel - Truckned - truck onderdelen en meer\" \/>\n<meta property=\"og:description\" content=\"Strands rubber behuizing enkel - Hella bloklampen - geschikt voor o.a. Strands IZE LED achterlichten - voor Deense achterbumper - LEDON Truckned\" \/>\n<meta property=\"og:url\" content=\"https:\/\/truckned.nl\/de\/produkt\/strands-ize-led-behuizing-enkel\/\" \/>\n<meta property=\"og:site_name\" content=\"Truckned\" \/>\n<meta property=\"article:publisher\" content=\"https:\/\/www.facebook.com\/truckned\/\" \/>\n<meta property=\"article:modified_time\" content=\"2025-10-23T08:34:06+00:00\" \/>\n<meta property=\"og:image\" content=\"https:\/\/truckned.nl\/wp-content\/uploads\/2024\/08\/TN-800112.01.png\" \/>\n\t<meta property=\"og:image:width\" content=\"800\" \/>\n\t<meta property=\"og:image:height\" content=\"800\" \/>\n\t<meta property=\"og:image:type\" content=\"image\/png\" \/>\n<meta name=\"twitter:label1\" content=\"Preis\" \/>\n\t<meta name=\"twitter:data1\" content=\"&euro;35,00\" \/>\n\t<meta name=\"twitter:label2\" content=\"Verf\u00fcgbarkeit\" \/>\n\t<meta name=\"twitter:data2\" content=\"Auf Lager\" \/>\n<script type=\"application\/ld+json\" class=\"yoast-schema-graph\">{\"@context\":\"https:\/\/schema.org\",\"@graph\":[{\"@type\":[\"WebPage\",\"ItemPage\"],\"@id\":\"https:\/\/truckned.nl\/product\/strands-ize-led-behuizing-enkel\/\",\"url\":\"https:\/\/truckned.nl\/product\/strands-ize-led-behuizing-enkel\/\",\"name\":\"Strands IZE LED behuizing enkel - Truckned - truck onderdelen en meer\",\"isPartOf\":{\"@id\":\"https:\/\/truckned.nl\/nl\/#website\"},\"primaryImageOfPage\":{\"@id\":\"https:\/\/truckned.nl\/product\/strands-ize-led-behuizing-enkel\/#primaryimage\"},\"image\":{\"@id\":\"https:\/\/truckned.nl\/product\/strands-ize-led-behuizing-enkel\/#primaryimage\"},\"thumbnailUrl\":\"https:\/\/truckned.nl\/wp-content\/uploads\/2023\/10\/TN-800112.png\",\"datePublished\":\"2023-10-16T12:17:46+00:00\",\"dateModified\":\"2025-10-23T08:34:06+00:00\",\"description\":\"Strands IZE LED behuizing enkel - Hella bloklampen - geschikt voor o.a. Strands IZE LED achterlichten - voor Deense achterbumper - LEDON Truckned\",\"breadcrumb\":{\"@id\":\"https:\/\/truckned.nl\/product\/strands-ize-led-behuizing-enkel\/#breadcrumb\"},\"inLanguage\":\"de\",\"potentialAction\":[{\"@type\":\"ReadAction\",\"target\":[\"https:\/\/truckned.nl\/product\/strands-ize-led-behuizing-enkel\/\"]}]},{\"@type\":\"ImageObject\",\"inLanguage\":\"de\",\"@id\":\"https:\/\/truckned.nl\/product\/strands-ize-led-behuizing-enkel\/#primaryimage\",\"url\":\"https:\/\/truckned.nl\/wp-content\/uploads\/2023\/10\/TN-800112.png\",\"contentUrl\":\"https:\/\/truckned.nl\/wp-content\/uploads\/2023\/10\/TN-800112.png\",\"width\":800,\"height\":800,\"caption\":\"Strands IZE LED rubber behuizing ENKEL - geschikt voor IZE LED \/ HELLA en LEDON lampen - BOUTMONTAGE \/ INBOUWMONTAGE - Deense achterbumper delen - Strands 800112 - EAN: 7323030001230\"},{\"@type\":\"BreadcrumbList\",\"@id\":\"https:\/\/truckned.nl\/product\/strands-ize-led-behuizing-enkel\/#breadcrumb\",\"itemListElement\":[{\"@type\":\"ListItem\",\"position\":1,\"name\":\"Home\",\"item\":\"https:\/\/truckned.nl\/\"},{\"@type\":\"ListItem\",\"position\":2,\"name\":\"Shop\",\"item\":\"https:\/\/truckned.nl\/nl\/shop\/\"},{\"@type\":\"ListItem\",\"position\":3,\"name\":\"Verlichting\",\"item\":\"https:\/\/truckned.nl\/de\/produkt-kategorie\/verlichting\/\"},{\"@type\":\"ListItem\",\"position\":4,\"name\":\"Toebehoren\",\"item\":\"https:\/\/truckned.nl\/product-categorie\/verlichting\/verlichting-toebehoren\/\"},{\"@type\":\"ListItem\",\"position\":5,\"name\":\"Strands IZE LED behuizing &#8211; enkel\"}]},{\"@type\":\"WebSite\",\"@id\":\"https:\/\/truckned.nl\/nl\/#website\",\"url\":\"https:\/\/truckned.nl\/nl\/\",\"name\":\"Truckned\",\"description\":\"\",\"publisher\":{\"@id\":\"https:\/\/truckned.nl\/nl\/#organization\"},\"potentialAction\":[{\"@type\":\"SearchAction\",\"target\":{\"@type\":\"EntryPoint\",\"urlTemplate\":\"https:\/\/truckned.nl\/nl\/?s={search_term_string}\"},\"query-input\":{\"@type\":\"PropertyValueSpecification\",\"valueRequired\":true,\"valueName\":\"search_term_string\"}}],\"inLanguage\":\"de\"},{\"@type\":\"Organization\",\"@id\":\"https:\/\/truckned.nl\/nl\/#organization\",\"name\":\"Truckned\",\"url\":\"https:\/\/truckned.nl\/nl\/\",\"logo\":{\"@type\":\"ImageObject\",\"inLanguage\":\"de\",\"@id\":\"https:\/\/truckned.nl\/nl\/#\/schema\/logo\/image\/\",\"url\":\"https:\/\/truckned.nl\/wp-content\/uploads\/2022\/10\/800x800-Truckned-logo-zonder-tekst-ZWART.png\",\"contentUrl\":\"https:\/\/truckned.nl\/wp-content\/uploads\/2022\/10\/800x800-Truckned-logo-zonder-tekst-ZWART.png\",\"width\":801,\"height\":801,\"caption\":\"Truckned\"},\"image\":{\"@id\":\"https:\/\/truckned.nl\/nl\/#\/schema\/logo\/image\/\"},\"sameAs\":[\"https:\/\/www.facebook.com\/truckned\/\",\"https:\/\/www.instagram.com\/truckned\/\"],\"vatID\":\"NL863960509B01\",\"taxID\":\"86417487\",\"hasMerchantReturnPolicy\":{\"@type\":\"MerchantReturnPolicy\",\"merchantReturnLink\":\"https:\/\/truckned.nl\/de\/versand-rucksendungen\/\"}}]}<\/script>\n<meta property=\"product:brand\" content=\"Strands\" \/>\n<meta property=\"product:price:amount\" content=\"35.00\" \/>\n<meta property=\"product:price:currency\" content=\"EUR\" \/>\n<meta property=\"og:availability\" content=\"instock\" \/>\n<meta property=\"product:availability\" content=\"instock\" \/>\n<meta property=\"product:retailer_item_id\" content=\"TN-800112\" \/>\n<meta property=\"product:condition\" content=\"new\" \/>\n<!-- \/ Yoast SEO Premium plugin. -->","yoast_head_json":{"title":"Strands IZE LED Geh\u00e4use einzeln \u2013 Truckned \u2013 LKW-Teile und mehr","description":"Strands IZE LED Geh\u00e4use einzeln - Hella Blockleuchten - passend f\u00fcr Strands IZE LED R\u00fcckleuchten - f\u00fcr d\u00e4nische Hecksto\u00dfstange - LEDON Truckned","robots":{"index":"index","follow":"follow","max-snippet":"max-snippet:-1","max-image-preview":"max-image-preview:large","max-video-preview":"max-video-preview:-1"},"canonical":"https:\/\/truckned.nl\/de\/produkt\/strands-ize-led-behuizing-enkel\/","og_locale":"de_DE","og_type":"article","og_title":"Strands IZE LED behuizing - enkel - Truckned - truck onderdelen en meer","og_description":"Strands rubber behuizing enkel - Hella bloklampen - geschikt voor o.a. Strands IZE LED achterlichten - voor Deense achterbumper - LEDON Truckned","og_url":"https:\/\/truckned.nl\/de\/produkt\/strands-ize-led-behuizing-enkel\/","og_site_name":"Truckned","article_publisher":"https:\/\/www.facebook.com\/truckned\/","article_modified_time":"2025-10-23T08:34:06+00:00","og_image":[{"width":800,"height":800,"url":"https:\/\/truckned.nl\/wp-content\/uploads\/2024\/08\/TN-800112.01.png","type":"image\/png"}],"twitter_misc":{"Preis":"&euro;35,00","Verf\u00fcgbarkeit":"Auf Lager"},"schema":{"@context":"https:\/\/schema.org","@graph":[{"@type":["WebPage","ItemPage"],"@id":"https:\/\/truckned.nl\/product\/strands-ize-led-behuizing-enkel\/","url":"https:\/\/truckned.nl\/product\/strands-ize-led-behuizing-enkel\/","name":"Strands IZE LED Geh\u00e4use einzeln \u2013 Truckned \u2013 LKW-Teile und mehr","isPartOf":{"@id":"https:\/\/truckned.nl\/nl\/#website"},"primaryImageOfPage":{"@id":"https:\/\/truckned.nl\/product\/strands-ize-led-behuizing-enkel\/#primaryimage"},"image":{"@id":"https:\/\/truckned.nl\/product\/strands-ize-led-behuizing-enkel\/#primaryimage"},"thumbnailUrl":"https:\/\/truckned.nl\/wp-content\/uploads\/2023\/10\/TN-800112.png","datePublished":"2023-10-16T12:17:46+00:00","dateModified":"2025-10-23T08:34:06+00:00","description":"Strands IZE LED Geh\u00e4use einzeln - Hella Blockleuchten - passend f\u00fcr Strands IZE LED R\u00fcckleuchten - f\u00fcr d\u00e4nische Hecksto\u00dfstange - LEDON Truckned","breadcrumb":{"@id":"https:\/\/truckned.nl\/product\/strands-ize-led-behuizing-enkel\/#breadcrumb"},"inLanguage":"de","potentialAction":[{"@type":"ReadAction","target":["https:\/\/truckned.nl\/product\/strands-ize-led-behuizing-enkel\/"]}]},{"@type":"ImageObject","inLanguage":"de","@id":"https:\/\/truckned.nl\/product\/strands-ize-led-behuizing-enkel\/#primaryimage","url":"https:\/\/truckned.nl\/wp-content\/uploads\/2023\/10\/TN-800112.png","contentUrl":"https:\/\/truckned.nl\/wp-content\/uploads\/2023\/10\/TN-800112.png","width":800,"height":800,"caption":"Strands IZE LED rubber behuizing ENKEL - geschikt voor IZE LED \/ HELLA en LEDON lampen - BOUTMONTAGE \/ INBOUWMONTAGE - Deense achterbumper delen - Strands 800112 - EAN: 7323030001230"},{"@type":"BreadcrumbList","@id":"https:\/\/truckned.nl\/product\/strands-ize-led-behuizing-enkel\/#breadcrumb","itemListElement":[{"@type":"ListItem","position":1,"name":"Home","item":"https:\/\/truckned.nl\/"},{"@type":"ListItem","position":2,"name":"Shop","item":"https:\/\/truckned.nl\/nl\/shop\/"},{"@type":"ListItem","position":3,"name":"Verlichting","item":"https:\/\/truckned.nl\/de\/produkt-kategorie\/verlichting\/"},{"@type":"ListItem","position":4,"name":"Toebehoren","item":"https:\/\/truckned.nl\/product-categorie\/verlichting\/verlichting-toebehoren\/"},{"@type":"ListItem","position":5,"name":"Strands IZE LED behuizing &#8211; enkel"}]},{"@type":"WebSite","@id":"https:\/\/truckned.nl\/nl\/#website","url":"https:\/\/truckned.nl\/nl\/","name":"Truckned","description":"","publisher":{"@id":"https:\/\/truckned.nl\/nl\/#organization"},"potentialAction":[{"@type":"SearchAction","target":{"@type":"EntryPoint","urlTemplate":"https:\/\/truckned.nl\/nl\/?s={search_term_string}"},"query-input":{"@type":"PropertyValueSpecification","valueRequired":true,"valueName":"search_term_string"}}],"inLanguage":"de"},{"@type":"Organization","@id":"https:\/\/truckned.nl\/nl\/#organization","name":"Truckned","url":"https:\/\/truckned.nl\/nl\/","logo":{"@type":"ImageObject","inLanguage":"de","@id":"https:\/\/truckned.nl\/nl\/#\/schema\/logo\/image\/","url":"https:\/\/truckned.nl\/wp-content\/uploads\/2022\/10\/800x800-Truckned-logo-zonder-tekst-ZWART.png","contentUrl":"https:\/\/truckned.nl\/wp-content\/uploads\/2022\/10\/800x800-Truckned-logo-zonder-tekst-ZWART.png","width":801,"height":801,"caption":"Truckned"},"image":{"@id":"https:\/\/truckned.nl\/nl\/#\/schema\/logo\/image\/"},"sameAs":["https:\/\/www.facebook.com\/truckned\/","https:\/\/www.instagram.com\/truckned\/"],"vatID":"NL863960509B01","taxID":"86417487","hasMerchantReturnPolicy":{"@type":"MerchantReturnPolicy","merchantReturnLink":"https:\/\/truckned.nl\/de\/versand-rucksendungen\/"}}]},"product_brand":"Strands","product_price_amount":"35.00","product_price_currency":"EUR","og_availability":"instock","product_availability":"instock","product_retailer_item_id":"TN-800112","product_condition":"new"},"_links":{"self":[{"href":"https:\/\/truckned.nl\/de\/wp-json\/wp\/v2\/product\/28349","targetHints":{"allow":["GET"]}}],"collection":[{"href":"https:\/\/truckned.nl\/de\/wp-json\/wp\/v2\/product"}],"about":[{"href":"https:\/\/truckned.nl\/de\/wp-json\/wp\/v2\/types\/product"}],"replies":[{"embeddable":true,"href":"https:\/\/truckned.nl\/de\/wp-json\/wp\/v2\/comments?post=28349"}],"wp:featuredmedia":[{"embeddable":true,"href":"https:\/\/truckned.nl\/de\/wp-json\/wp\/v2\/media\/28390"}],"wp:attachment":[{"href":"https:\/\/truckned.nl\/de\/wp-json\/wp\/v2\/media?parent=28349"}],"wp:term":[{"taxonomy":"product_brand","embeddable":true,"href":"https:\/\/truckned.nl\/de\/wp-json\/wp\/v2\/product_brand?post=28349"},{"taxonomy":"product_cat","embeddable":true,"href":"https:\/\/truckned.nl\/de\/wp-json\/wp\/v2\/product_cat?post=28349"},{"taxonomy":"product_tag","embeddable":true,"href":"https:\/\/truckned.nl\/de\/wp-json\/wp\/v2\/product_tag?post=28349"}],"curies":[{"name":"wp","href":"https:\/\/api.w.org\/{rel}","templated":true}]}}