{"id":28385,"date":"2023-10-19T15:35:49","date_gmt":"2023-10-19T13:35:49","guid":{"rendered":"https:\/\/truckned.nl\/?post_type=product&#038;p=28385"},"modified":"2026-03-11T09:09:13","modified_gmt":"2026-03-11T08:09:13","slug":"strands-ize-led-3-in-1-achterlicht-dark-knight","status":"publish","type":"product","link":"https:\/\/truckned.nl\/de\/produkt\/strands-ize-led-3-in-1-achterlicht-dark-knight\/","title":{"rendered":"Strands IZE LED 3 in 1 R\u00fccklicht - Dark Knight"},"content":{"rendered":"<p><span style=\"color: #000000;\"><strong>Strands IZE LED 3 in 1 R\u00fccklicht mit Stadt-, Blinker- und Bremslicht DARK KNIGHT.<\/strong><\/span><\/p>\n<p><span style=\"color: #000000;\">Suchen Sie ein LED-R\u00fccklicht, mit dem Sie beispielsweise Ihre eigene d\u00e4nische Hecksto\u00dfstange zusammenstellen k\u00f6nnen? Dann k\u00f6nnte dieses LED 3 in 1 R\u00fccklicht der Marke Strands die Lampe sein, die Sie suchen. Das R\u00fccklicht ist mit 56 LED-Dioden ausgestattet und sorgt f\u00fcr eine gute Ausleuchtung bei geringem Stromverbrauch. Dar\u00fcber hinaus k\u00f6nnen Sie das R\u00fccklicht LED mit dunklem Glas nur an 24 Volt betreiben. Das bedeutet, dass Sie das Hamburger-R\u00fccklicht Strands IZE LED nur an beispielsweise einem LKW oder Anh\u00e4nger montieren k\u00f6nnen.<\/span><\/p>\n<p><span style=\"color: #000000;\">Um sicherzustellen, dass das Strands IZE LED 3-in-1-R\u00fccklicht Dark Knight f\u00fcr Ihren LKW oder Anh\u00e4nger geeignet ist. Nachfolgend haben wir einige Spezifikationen aufgeschrieben. All dies, um Ihnen klar zu machen, warum dies m\u00f6glicherweise die LED-Lampe ist, nach der Sie suchen. Das Hamburger-R\u00fccklicht LED verf\u00fcgt unter anderem \u00fcber das ECE-R10-G\u00fctezeichen. Dieses G\u00fctesiegel bedeutet, dass die Lampe beim Einschalten keine St\u00f6rungen, beispielsweise auf das Funksignal, verursacht. Diese rot\/orangefarbene LED-Lampe verf\u00fcgt au\u00dferdem \u00fcber das ECE R6 D \/ R7 Y-G\u00fctezeichen. Dieses G\u00fctezeichen weist darauf hin, dass die Lampe LED als Positionsleuchte verwendet werden darf. Um das Ganze abzurunden, wird diese LED-Lampe mit einem 2,5 Meter langen Kabel geliefert.<\/span><\/p>\n<h5><span style=\"color: #000000;\"><strong>Abmessungen:<\/strong><\/span><\/h5>\n<p><span style=\"color: #000000;\">Um sicherzustellen, dass Sie dieses Strands IZE LED 3 in 1 R\u00fccklicht in der Dark Knight-Version an jedem beliebigen Ort montieren k\u00f6nnen, haben wir die folgenden Abmessungen notiert. Die Abmessungen des Strands IZE LED R\u00fccklichts mit Stadt-, Blinker- und Bremslichtfunktion und dunklem Glas sind wie folgt:<\/span><\/p>\n<ul>\n<li><span style=\"color: #000000;\">H\u00f6he: 130 mm<\/span><\/li>\n<li><span style=\"color: #000000;\">Breite: 110 mm<\/span><\/li>\n<li><span style=\"color: #000000;\">Dicke: 45mm<\/span><\/li>\n<\/ul>\n<h5><span style=\"color: #000000;\"><strong>Andere Versionen:<\/strong><\/span><\/h5>\n<p><span style=\"color: #000000;\">Denn in eine Hecksto\u00dfstange passen mehrere Leuchten und jeder m\u00f6chte etwas anderes. Sie k\u00f6nnen eine Sto\u00dfstange auch selbst mit den Artikeln Strands IZE LED aus der folgenden Liste zusammenstellen. Strands verf\u00fcgt \u00fcber eine gro\u00dfe Auswahl an verschiedenen Beleuchtungsarten, die Sie im Geh\u00e4use verwenden k\u00f6nnen. Schauen Sie sich unten die anderen Modelle an:<\/span><\/p>\n<ul>\n<li><span style=\"color: #000000;\"><a style=\"color: #000000;\" href=\"https:\/\/truckned.nl\/de\/produkt\/strands-ize-led-richtingaanwijzer-dark-knight\/\" target=\"_blank\" rel=\"noopener\"><strong>Blinker IZE LED - dunkles Glas<\/strong><\/a><\/span><\/li>\n<li><span style=\"color: #000000;\"><a style=\"color: #000000;\" href=\"https:\/\/truckned.nl\/de\/produkt\/strands-ize-led-achteruitrijlicht-dark-knight\/\" target=\"_blank\" rel=\"noopener\"><strong>IZE LED R\u00fcckfahrlicht - dunkles Glas<\/strong><\/a><\/span><\/li>\n<li><span style=\"color: #000000;\"><a style=\"color: #000000;\" href=\"https:\/\/truckned.nl\/de\/produkt\/strands-ize-led-mistachterlicht-dark-knight\/\" target=\"_blank\" rel=\"noopener\"><strong>IZE LED Nebelschlussleuchte - dunkles Glas<\/strong><\/a><\/span><\/li>\n<li><span style=\"color: #000000;\"><a style=\"color: #000000;\" href=\"https:\/\/truckned.nl\/de\/produkt\/strands-ize-led-achterlicht-dark-knight\/\" target=\"_blank\" rel=\"noopener\"><strong>IZE LED R\u00fccklicht - dunkles Glas<\/strong><\/a><\/span><\/li>\n<\/ul>\n<p><span style=\"color: #000000;\">Glauben Sie immer noch, dass das 3 in 1 R\u00fccklicht Strands IZE LED mit dunklem Glas und City-, Blinker- und Bremslichtfunktion nicht das ist, was Sie suchen? Dann wissen Sie, dass die Strands-R\u00fcckleuchtenlinie auch mit farbigem Glas erh\u00e4ltlich ist! Sie k\u00f6nnen noch weiter gehen <a style=\"color: #000000;\" href=\"https:\/\/strandseurope.com\/uploads\/2023\/11\/800630-manual.pdf\" target=\"_blank\" rel=\"noopener\">hier<\/a> Finden Sie die Bedienungsanleitung f\u00fcr das R\u00fccklicht.<\/span><\/p>","protected":false},"excerpt":{"rendered":"<p>Strands IZE LED 3-in-1 R\u00fccklicht mit Stadtlicht, Blinker und Bremslicht DARK KNIGHT. Suchen Sie ein LED R\u00fccklicht, mit dem Sie beispielsweise Ihre eigene d\u00e4nische Hecksto\u00dfstange individuell gestalten k\u00f6nnen? Dann k\u00f6nnte dieses LED 3-in-1 R\u00fccklicht der Marke Strands die Lampe sein, nach der Sie suchen. Das R\u00fccklicht ist [\u2026]<\/p>","protected":false},"featured_media":33478,"comment_status":"open","ping_status":"closed","template":"","meta":{"_acf_changed":false,"site-sidebar-layout":"default","site-content-layout":"default","ast-site-content-layout":"default","site-content-style":"default","site-sidebar-style":"default","ast-global-header-display":"","ast-banner-title-visibility":"","ast-main-header-display":"","ast-hfb-above-header-display":"","ast-hfb-below-header-display":"","ast-hfb-mobile-header-display":"","site-post-title":"","ast-breadcrumbs-content":"","ast-featured-img":"","footer-sml-layout":"","ast-disable-related-posts":"","theme-transparent-header-meta":"default","adv-header-id-meta":"","stick-header-meta":"","header-above-stick-meta":"","header-main-stick-meta":"","header-below-stick-meta":"","astra-migrate-meta-layouts":"set","ast-page-background-enabled":"default","ast-page-background-meta":{"desktop":{"background-color":"","background-image":"","background-repeat":"repeat","background-position":"center center","background-size":"auto","background-attachment":"scroll","background-type":"","background-media":"","overlay-type":"","overlay-color":"","overlay-opacity":"","overlay-gradient":""},"tablet":{"background-color":"","background-image":"","background-repeat":"repeat","background-position":"center center","background-size":"auto","background-attachment":"scroll","background-type":"","background-media":"","overlay-type":"","overlay-color":"","overlay-opacity":"","overlay-gradient":""},"mobile":{"background-color":"","background-image":"","background-repeat":"repeat","background-position":"center center","background-size":"auto","background-attachment":"scroll","background-type":"","background-media":"","overlay-type":"","overlay-color":"","overlay-opacity":"","overlay-gradient":""}},"ast-content-background-meta":{"desktop":{"background-color":"var(--ast-global-color-5)","background-image":"","background-repeat":"repeat","background-position":"center center","background-size":"auto","background-attachment":"scroll","background-type":"","background-media":"","overlay-type":"","overlay-color":"","overlay-opacity":"","overlay-gradient":""},"tablet":{"background-color":"var(--ast-global-color-5)","background-image":"","background-repeat":"repeat","background-position":"center center","background-size":"auto","background-attachment":"scroll","background-type":"","background-media":"","overlay-type":"","overlay-color":"","overlay-opacity":"","overlay-gradient":""},"mobile":{"background-color":"var(--ast-global-color-5)","background-image":"","background-repeat":"repeat","background-position":"center center","background-size":"auto","background-attachment":"scroll","background-type":"","background-media":"","overlay-type":"","overlay-color":"","overlay-opacity":"","overlay-gradient":""}}},"product_brand":[],"product_cat":[7526],"product_tag":[],"class_list":{"0":"post-28385","1":"product","2":"type-product","3":"status-publish","4":"has-post-thumbnail","6":"product_cat-verlichting-achterlichten","7":"pa_merkk-product-strands-lighting-division","8":"desktop-align-left","9":"tablet-align-left","10":"mobile-align-left","12":"first","13":"instock","14":"taxable","15":"shipping-taxable","16":"purchasable","17":"product-type-simple"},"acf":[],"yoast_head":"<!-- This site is optimized with the Yoast SEO Premium plugin v26.5 (Yoast SEO v26.5) - https:\/\/yoast.com\/wordpress\/plugins\/seo\/ -->\n<title>IZE LED 3 in 1 Dark Knight - Truckned - achterlicht voor Truck &amp; Trailer<\/title>\n<meta name=\"description\" content=\"Strands IZE LED 3 in 1 achterlicht Dark Knight - STRANDS bloklamp - stadslicht, knipperlicht en remlicht functie - 24 volt gebruik - Deense achterbumper\" \/>\n<meta name=\"robots\" content=\"index, follow, max-snippet:-1, max-image-preview:large, max-video-preview:-1\" \/>\n<link rel=\"canonical\" href=\"https:\/\/truckned.nl\/de\/produkt\/strands-ize-led-3-in-1-achterlicht-dark-knight\/\" \/>\n<meta property=\"og:locale\" content=\"de_DE\" \/>\n<meta property=\"og:type\" content=\"article\" \/>\n<meta property=\"og:title\" content=\"IZE LED 3 in 1 Dark Knight - Truckned - achterlicht voor Truck &amp; Trailer\" \/>\n<meta property=\"og:description\" content=\"Strands IZE LED 3 in 1 achterlicht Dark Knight - STRANDS bloklamp - stadslicht, knipperlicht en remlicht functie - 24 volt gebruik - Deense achterbumper\" \/>\n<meta property=\"og:url\" content=\"https:\/\/truckned.nl\/de\/produkt\/strands-ize-led-3-in-1-achterlicht-dark-knight\/\" \/>\n<meta property=\"og:site_name\" content=\"Truckned\" \/>\n<meta property=\"article:publisher\" content=\"https:\/\/www.facebook.com\/truckned\/\" \/>\n<meta property=\"article:modified_time\" content=\"2026-03-11T08:09:13+00:00\" \/>\n<meta property=\"og:image\" content=\"https:\/\/truckned.nl\/wp-content\/uploads\/2023\/10\/TN-800630-SM.png\" \/>\n\t<meta property=\"og:image:width\" content=\"800\" \/>\n\t<meta property=\"og:image:height\" content=\"800\" \/>\n\t<meta property=\"og:image:type\" content=\"image\/png\" \/>\n<meta name=\"twitter:label1\" content=\"Preis\" \/>\n\t<meta name=\"twitter:data1\" content=\"&euro;79,00\" \/>\n\t<meta name=\"twitter:label2\" content=\"Verf\u00fcgbarkeit\" \/>\n\t<meta name=\"twitter:data2\" content=\"Auf Lager\" \/>\n<script type=\"application\/ld+json\" class=\"yoast-schema-graph\">{\"@context\":\"https:\/\/schema.org\",\"@graph\":[{\"@type\":[\"WebPage\",\"ItemPage\"],\"@id\":\"https:\/\/truckned.nl\/product\/strands-ize-led-3-in-1-achterlicht-dark-knight\/\",\"url\":\"https:\/\/truckned.nl\/product\/strands-ize-led-3-in-1-achterlicht-dark-knight\/\",\"name\":\"IZE LED 3 in 1 Dark Knight - Truckned - achterlicht voor Truck & Trailer\",\"isPartOf\":{\"@id\":\"https:\/\/truckned.nl\/nl\/#website\"},\"primaryImageOfPage\":{\"@id\":\"https:\/\/truckned.nl\/product\/strands-ize-led-3-in-1-achterlicht-dark-knight\/#primaryimage\"},\"image\":{\"@id\":\"https:\/\/truckned.nl\/product\/strands-ize-led-3-in-1-achterlicht-dark-knight\/#primaryimage\"},\"thumbnailUrl\":\"https:\/\/truckned.nl\/wp-content\/uploads\/2023\/10\/TN-80630-00.png\",\"datePublished\":\"2023-10-19T13:35:49+00:00\",\"dateModified\":\"2026-03-11T08:09:13+00:00\",\"description\":\"Strands IZE LED 3 in 1 achterlicht Dark Knight - STRANDS bloklamp - stadslicht, knipperlicht en remlicht functie - 24 volt gebruik - Deense achterbumper\",\"breadcrumb\":{\"@id\":\"https:\/\/truckned.nl\/product\/strands-ize-led-3-in-1-achterlicht-dark-knight\/#breadcrumb\"},\"inLanguage\":\"de\",\"potentialAction\":[{\"@type\":\"ReadAction\",\"target\":[\"https:\/\/truckned.nl\/product\/strands-ize-led-3-in-1-achterlicht-dark-knight\/\"]}]},{\"@type\":\"ImageObject\",\"inLanguage\":\"de\",\"@id\":\"https:\/\/truckned.nl\/product\/strands-ize-led-3-in-1-achterlicht-dark-knight\/#primaryimage\",\"url\":\"https:\/\/truckned.nl\/wp-content\/uploads\/2023\/10\/TN-80630-00.png\",\"contentUrl\":\"https:\/\/truckned.nl\/wp-content\/uploads\/2023\/10\/TN-80630-00.png\",\"width\":800,\"height\":800,\"caption\":\"Strands 80630\"},{\"@type\":\"BreadcrumbList\",\"@id\":\"https:\/\/truckned.nl\/product\/strands-ize-led-3-in-1-achterlicht-dark-knight\/#breadcrumb\",\"itemListElement\":[{\"@type\":\"ListItem\",\"position\":1,\"name\":\"Home\",\"item\":\"https:\/\/truckned.nl\/\"},{\"@type\":\"ListItem\",\"position\":2,\"name\":\"Shop\",\"item\":\"https:\/\/truckned.nl\/nl\/shop\/\"},{\"@type\":\"ListItem\",\"position\":3,\"name\":\"Verlichting\",\"item\":\"https:\/\/truckned.nl\/de\/produkt-kategorie\/verlichting\/\"},{\"@type\":\"ListItem\",\"position\":4,\"name\":\"Achterlichten\",\"item\":\"https:\/\/truckned.nl\/de\/produkt-kategorie\/verlichting\/verlichting-achterlichten\/\"},{\"@type\":\"ListItem\",\"position\":5,\"name\":\"Strands IZE LED 3 in 1 achterlicht &#8211; Dark Knight\"}]},{\"@type\":\"WebSite\",\"@id\":\"https:\/\/truckned.nl\/nl\/#website\",\"url\":\"https:\/\/truckned.nl\/nl\/\",\"name\":\"Truckned\",\"description\":\"\",\"publisher\":{\"@id\":\"https:\/\/truckned.nl\/nl\/#organization\"},\"potentialAction\":[{\"@type\":\"SearchAction\",\"target\":{\"@type\":\"EntryPoint\",\"urlTemplate\":\"https:\/\/truckned.nl\/nl\/?s={search_term_string}\"},\"query-input\":{\"@type\":\"PropertyValueSpecification\",\"valueRequired\":true,\"valueName\":\"search_term_string\"}}],\"inLanguage\":\"de\"},{\"@type\":\"Organization\",\"@id\":\"https:\/\/truckned.nl\/nl\/#organization\",\"name\":\"Truckned\",\"url\":\"https:\/\/truckned.nl\/nl\/\",\"logo\":{\"@type\":\"ImageObject\",\"inLanguage\":\"de\",\"@id\":\"https:\/\/truckned.nl\/nl\/#\/schema\/logo\/image\/\",\"url\":\"https:\/\/truckned.nl\/wp-content\/uploads\/2022\/10\/800x800-Truckned-logo-zonder-tekst-ZWART.png\",\"contentUrl\":\"https:\/\/truckned.nl\/wp-content\/uploads\/2022\/10\/800x800-Truckned-logo-zonder-tekst-ZWART.png\",\"width\":801,\"height\":801,\"caption\":\"Truckned\"},\"image\":{\"@id\":\"https:\/\/truckned.nl\/nl\/#\/schema\/logo\/image\/\"},\"sameAs\":[\"https:\/\/www.facebook.com\/truckned\/\",\"https:\/\/www.instagram.com\/truckned\/\"],\"vatID\":\"NL863960509B01\",\"taxID\":\"86417487\",\"hasMerchantReturnPolicy\":{\"@type\":\"MerchantReturnPolicy\",\"merchantReturnLink\":\"https:\/\/truckned.nl\/de\/versand-rucksendungen\/\"}}]}<\/script>\n<meta property=\"product:brand\" content=\"Strands\" \/>\n<meta property=\"product:price:amount\" content=\"79.00\" \/>\n<meta property=\"product:price:currency\" content=\"EUR\" \/>\n<meta property=\"og:availability\" content=\"instock\" \/>\n<meta property=\"product:availability\" content=\"instock\" \/>\n<meta property=\"product:retailer_item_id\" content=\"TN-800630\" \/>\n<meta property=\"product:condition\" content=\"new\" \/>\n<!-- \/ Yoast SEO Premium plugin. -->","yoast_head_json":{"title":"IZE LED 3 in 1 Dark Knight - Truckned - R\u00fccklicht f\u00fcr LKW und Anh\u00e4nger","description":"Strands IZE LED 3-in-1-R\u00fccklicht Dark Knight \u2013 STRANDS Blocklampe \u2013 Standlicht-, Blinker- und Bremslichtfunktion \u2013 24-Volt-Verwendung \u2013 d\u00e4nische Hecksto\u00dfstange","robots":{"index":"index","follow":"follow","max-snippet":"max-snippet:-1","max-image-preview":"max-image-preview:large","max-video-preview":"max-video-preview:-1"},"canonical":"https:\/\/truckned.nl\/de\/produkt\/strands-ize-led-3-in-1-achterlicht-dark-knight\/","og_locale":"de_DE","og_type":"article","og_title":"IZE LED 3 in 1 Dark Knight - Truckned - achterlicht voor Truck & Trailer","og_description":"Strands IZE LED 3 in 1 achterlicht Dark Knight - STRANDS bloklamp - stadslicht, knipperlicht en remlicht functie - 24 volt gebruik - Deense achterbumper","og_url":"https:\/\/truckned.nl\/de\/produkt\/strands-ize-led-3-in-1-achterlicht-dark-knight\/","og_site_name":"Truckned","article_publisher":"https:\/\/www.facebook.com\/truckned\/","article_modified_time":"2026-03-11T08:09:13+00:00","og_image":[{"width":800,"height":800,"url":"https:\/\/truckned.nl\/wp-content\/uploads\/2023\/10\/TN-800630-SM.png","type":"image\/png"}],"twitter_misc":{"Preis":"&euro;79,00","Verf\u00fcgbarkeit":"Auf Lager"},"schema":{"@context":"https:\/\/schema.org","@graph":[{"@type":["WebPage","ItemPage"],"@id":"https:\/\/truckned.nl\/product\/strands-ize-led-3-in-1-achterlicht-dark-knight\/","url":"https:\/\/truckned.nl\/product\/strands-ize-led-3-in-1-achterlicht-dark-knight\/","name":"IZE LED 3 in 1 Dark Knight - Truckned - R\u00fccklicht f\u00fcr LKW und Anh\u00e4nger","isPartOf":{"@id":"https:\/\/truckned.nl\/nl\/#website"},"primaryImageOfPage":{"@id":"https:\/\/truckned.nl\/product\/strands-ize-led-3-in-1-achterlicht-dark-knight\/#primaryimage"},"image":{"@id":"https:\/\/truckned.nl\/product\/strands-ize-led-3-in-1-achterlicht-dark-knight\/#primaryimage"},"thumbnailUrl":"https:\/\/truckned.nl\/wp-content\/uploads\/2023\/10\/TN-80630-00.png","datePublished":"2023-10-19T13:35:49+00:00","dateModified":"2026-03-11T08:09:13+00:00","description":"Strands IZE LED 3-in-1-R\u00fccklicht Dark Knight \u2013 STRANDS Blocklampe \u2013 Standlicht-, Blinker- und Bremslichtfunktion \u2013 24-Volt-Verwendung \u2013 d\u00e4nische Hecksto\u00dfstange","breadcrumb":{"@id":"https:\/\/truckned.nl\/product\/strands-ize-led-3-in-1-achterlicht-dark-knight\/#breadcrumb"},"inLanguage":"de","potentialAction":[{"@type":"ReadAction","target":["https:\/\/truckned.nl\/product\/strands-ize-led-3-in-1-achterlicht-dark-knight\/"]}]},{"@type":"ImageObject","inLanguage":"de","@id":"https:\/\/truckned.nl\/product\/strands-ize-led-3-in-1-achterlicht-dark-knight\/#primaryimage","url":"https:\/\/truckned.nl\/wp-content\/uploads\/2023\/10\/TN-80630-00.png","contentUrl":"https:\/\/truckned.nl\/wp-content\/uploads\/2023\/10\/TN-80630-00.png","width":800,"height":800,"caption":"Strands 80630"},{"@type":"BreadcrumbList","@id":"https:\/\/truckned.nl\/product\/strands-ize-led-3-in-1-achterlicht-dark-knight\/#breadcrumb","itemListElement":[{"@type":"ListItem","position":1,"name":"Home","item":"https:\/\/truckned.nl\/"},{"@type":"ListItem","position":2,"name":"Shop","item":"https:\/\/truckned.nl\/nl\/shop\/"},{"@type":"ListItem","position":3,"name":"Verlichting","item":"https:\/\/truckned.nl\/de\/produkt-kategorie\/verlichting\/"},{"@type":"ListItem","position":4,"name":"Achterlichten","item":"https:\/\/truckned.nl\/de\/produkt-kategorie\/verlichting\/verlichting-achterlichten\/"},{"@type":"ListItem","position":5,"name":"Strands IZE LED 3 in 1 achterlicht &#8211; Dark Knight"}]},{"@type":"WebSite","@id":"https:\/\/truckned.nl\/nl\/#website","url":"https:\/\/truckned.nl\/nl\/","name":"Truckned","description":"","publisher":{"@id":"https:\/\/truckned.nl\/nl\/#organization"},"potentialAction":[{"@type":"SearchAction","target":{"@type":"EntryPoint","urlTemplate":"https:\/\/truckned.nl\/nl\/?s={search_term_string}"},"query-input":{"@type":"PropertyValueSpecification","valueRequired":true,"valueName":"search_term_string"}}],"inLanguage":"de"},{"@type":"Organization","@id":"https:\/\/truckned.nl\/nl\/#organization","name":"Truckned","url":"https:\/\/truckned.nl\/nl\/","logo":{"@type":"ImageObject","inLanguage":"de","@id":"https:\/\/truckned.nl\/nl\/#\/schema\/logo\/image\/","url":"https:\/\/truckned.nl\/wp-content\/uploads\/2022\/10\/800x800-Truckned-logo-zonder-tekst-ZWART.png","contentUrl":"https:\/\/truckned.nl\/wp-content\/uploads\/2022\/10\/800x800-Truckned-logo-zonder-tekst-ZWART.png","width":801,"height":801,"caption":"Truckned"},"image":{"@id":"https:\/\/truckned.nl\/nl\/#\/schema\/logo\/image\/"},"sameAs":["https:\/\/www.facebook.com\/truckned\/","https:\/\/www.instagram.com\/truckned\/"],"vatID":"NL863960509B01","taxID":"86417487","hasMerchantReturnPolicy":{"@type":"MerchantReturnPolicy","merchantReturnLink":"https:\/\/truckned.nl\/de\/versand-rucksendungen\/"}}]},"product_brand":"Strands","product_price_amount":"79.00","product_price_currency":"EUR","og_availability":"instock","product_availability":"instock","product_retailer_item_id":"TN-800630","product_condition":"new"},"_links":{"self":[{"href":"https:\/\/truckned.nl\/de\/wp-json\/wp\/v2\/product\/28385","targetHints":{"allow":["GET"]}}],"collection":[{"href":"https:\/\/truckned.nl\/de\/wp-json\/wp\/v2\/product"}],"about":[{"href":"https:\/\/truckned.nl\/de\/wp-json\/wp\/v2\/types\/product"}],"replies":[{"embeddable":true,"href":"https:\/\/truckned.nl\/de\/wp-json\/wp\/v2\/comments?post=28385"}],"wp:featuredmedia":[{"embeddable":true,"href":"https:\/\/truckned.nl\/de\/wp-json\/wp\/v2\/media\/33478"}],"wp:attachment":[{"href":"https:\/\/truckned.nl\/de\/wp-json\/wp\/v2\/media?parent=28385"}],"wp:term":[{"taxonomy":"product_brand","embeddable":true,"href":"https:\/\/truckned.nl\/de\/wp-json\/wp\/v2\/product_brand?post=28385"},{"taxonomy":"product_cat","embeddable":true,"href":"https:\/\/truckned.nl\/de\/wp-json\/wp\/v2\/product_cat?post=28385"},{"taxonomy":"product_tag","embeddable":true,"href":"https:\/\/truckned.nl\/de\/wp-json\/wp\/v2\/product_tag?post=28385"}],"curies":[{"name":"wp","href":"https:\/\/api.w.org\/{rel}","templated":true}]}}