{"id":28484,"date":"2023-10-31T10:06:54","date_gmt":"2023-10-31T08:06:54","guid":{"rendered":"https:\/\/truckned.nl\/?post_type=product&#038;p=28484"},"modified":"2026-03-20T11:23:52","modified_gmt":"2026-03-20T10:23:52","slug":"strands-siberia-mo-achterlicht-25w","status":"publish","type":"product","link":"https:\/\/truckned.nl\/de\/produkt\/strands-siberia-mo-achterlicht-25w\/","title":{"rendered":"Strands Siberia MO R\u00fccklicht 25W"},"content":{"rendered":"<p><span style=\"color: #000000;\"><strong>Strands Siberia MO R\u00fccklicht 25w.\u00a0<\/strong><\/span><\/p>\n<p><span style=\"color: #000000;\">Suchen Sie eine R\u00fcckleuchte mit Parklicht, Bremslicht, R\u00fcckfahrlicht und Blinker? Dann k\u00f6nnte die Strands Siberia Mehrfach-R\u00fcckleuchte genau das Richtige f\u00fcr Sie sein. Die Siberia MO 25W R\u00fcckleuchte verf\u00fcgt \u00fcber 57 LED-Sockel und ist f\u00fcr 12- und 24-Volt-Systeme geeignet. Das bedeutet, dass Sie die ECE R148-gepr\u00fcfte LED-Lampe beispielsweise in einem Pkw, Wohnmobil, Lkw oder einem anderen Fahrzeugtyp montieren k\u00f6nnen.<\/span><\/p>\n<p><span style=\"color: #000000;\">Um sicherzustellen, dass das Strands Siberia MO R\u00fccklicht 25 W f\u00fcr Ihr Fahrzeug oder Ihren Anh\u00e4nger geeignet ist. Nachfolgend haben wir einige wichtige Funktionen aufgelistet. Das 4-Funktions-R\u00fccklicht LED von Strands verf\u00fcgt unter anderem \u00fcber das ECE R10-G\u00fctezeichen. Dieses G\u00fctezeichen weist darauf hin, dass die Lampe beim Einschalten beispielsweise das Funksignal nicht st\u00f6rt. Das R\u00fccklicht LED verf\u00fcgt au\u00dferdem \u00fcber das G\u00fctesiegel IP67 und IP69K. Diese G\u00fctezeichen weisen darauf hin, dass das R\u00fccklicht Strands Siberia vollst\u00e4ndig staub- und wasserdicht ist. Der die Lampe umgebende Rahmen kann auch von der Lampe abgenommen werden, so dass Sie w\u00e4hlen k\u00f6nnen, ob Sie den Rahmen verwenden m\u00f6chten oder nicht. Dar\u00fcber hinaus ist das mitgelieferte Befestigungsmaterial aus Edelstahl schwarz beschichtet, sodass die Optik sehr ansprechend ist.<\/span><\/p>\n<h5><span style=\"color: #000000;\"><strong>Abmessungen:<\/strong><\/span><\/h5>\n<p><span style=\"color: #000000;\">Damit Sie das Strands Siberia R\u00fccklicht mit Blinker an der gew\u00fcnschten Stelle montieren k\u00f6nnen. Die Ma\u00dfe haben wir unten notiert. Die Abmessungen des Strands Siberia MO R\u00fccklicht 25W sind wie folgt:<\/span><\/p>\n<ul>\n<li><span style=\"color: #000000;\">H\u00f6he: 50 mm (77 mm inkl. Rahmen)<\/span><\/li>\n<li><span style=\"color: #000000;\">Breite: 172 mm (214 mm inkl. Rahmen)<\/span><\/li>\n<li><span style=\"color: #000000;\">Dicke: 69,5 mm (71,5 mm inkl. Rahmen)<\/span><\/li>\n<\/ul>\n<h5><span style=\"color: #000000;\"><strong>Andere Versionen:<\/strong><\/span><\/h5>\n<p><span style=\"color: #000000;\">M\u00f6chten Sie ein Strands Siberia R\u00fccklicht? Aber ist die Multiple-Options-Version mit Blinklicht nicht das Modell, das Sie suchen? Dann wissen Sie, dass das Strands Siberia MO R\u00fccklicht 25W auch in verschiedenen anderen Versionen erh\u00e4ltlich ist. Sehen Sie sich unten die verschiedenen Optionen an, die Strands bietet.<\/span><\/p>\n<ul>\n<li><span style=\"color: #000000;\"><a style=\"color: #000000;\" href=\"https:\/\/truckned.nl\/de\/produkt\/strands-siberia-mo-achterlicht-30w\/\" target=\"_blank\" rel=\"noopener\"><strong>Siberia Multiple Options 30-Watt<\/strong><\/a><\/span><\/li>\n<\/ul>\n<p><span style=\"color: #000000;\">Sind Sie immer noch nicht davon \u00fcberzeugt, dass das R\u00fccklicht Strands Siberia MO 25 W das ist, was Sie suchen? Einfach, weil die Lichtleistung, Wattzahl oder Form nicht Ihren W\u00fcnschen entspricht? Dann sehen Sie sich hier das komplette Sortiment an <a style=\"color: #000000;\" href=\"https:\/\/truckned.nl\/de\/merk\/produkt-strands-beleuchtungsabteilung\/\">Strands<\/a>. M\u00f6glicherweise finden Sie hier das Lampenmodell, das Sie suchen.<\/span><\/p>","protected":false},"excerpt":{"rendered":"<p>Strands Siberia achterlicht 25w voorzien van meerdere functies.<\/p>","protected":false},"featured_media":28708,"comment_status":"open","ping_status":"closed","template":"","meta":{"_acf_changed":false,"site-sidebar-layout":"default","site-content-layout":"default","ast-site-content-layout":"default","site-content-style":"default","site-sidebar-style":"default","ast-global-header-display":"","ast-banner-title-visibility":"","ast-main-header-display":"","ast-hfb-above-header-display":"","ast-hfb-below-header-display":"","ast-hfb-mobile-header-display":"","site-post-title":"","ast-breadcrumbs-content":"","ast-featured-img":"","footer-sml-layout":"","ast-disable-related-posts":"","theme-transparent-header-meta":"default","adv-header-id-meta":"","stick-header-meta":"","header-above-stick-meta":"","header-main-stick-meta":"","header-below-stick-meta":"","astra-migrate-meta-layouts":"set","ast-page-background-enabled":"default","ast-page-background-meta":{"desktop":{"background-color":"","background-image":"","background-repeat":"repeat","background-position":"center center","background-size":"auto","background-attachment":"scroll","background-type":"","background-media":"","overlay-type":"","overlay-color":"","overlay-opacity":"","overlay-gradient":""},"tablet":{"background-color":"","background-image":"","background-repeat":"repeat","background-position":"center center","background-size":"auto","background-attachment":"scroll","background-type":"","background-media":"","overlay-type":"","overlay-color":"","overlay-opacity":"","overlay-gradient":""},"mobile":{"background-color":"","background-image":"","background-repeat":"repeat","background-position":"center center","background-size":"auto","background-attachment":"scroll","background-type":"","background-media":"","overlay-type":"","overlay-color":"","overlay-opacity":"","overlay-gradient":""}},"ast-content-background-meta":{"desktop":{"background-color":"var(--ast-global-color-5)","background-image":"","background-repeat":"repeat","background-position":"center center","background-size":"auto","background-attachment":"scroll","background-type":"","background-media":"","overlay-type":"","overlay-color":"","overlay-opacity":"","overlay-gradient":""},"tablet":{"background-color":"var(--ast-global-color-5)","background-image":"","background-repeat":"repeat","background-position":"center center","background-size":"auto","background-attachment":"scroll","background-type":"","background-media":"","overlay-type":"","overlay-color":"","overlay-opacity":"","overlay-gradient":""},"mobile":{"background-color":"var(--ast-global-color-5)","background-image":"","background-repeat":"repeat","background-position":"center center","background-size":"auto","background-attachment":"scroll","background-type":"","background-media":"","overlay-type":"","overlay-color":"","overlay-opacity":"","overlay-gradient":""}}},"product_brand":[],"product_cat":[7526],"product_tag":[],"class_list":{"0":"post-28484","1":"product","2":"type-product","3":"status-publish","4":"has-post-thumbnail","6":"product_cat-verlichting-achterlichten","7":"pa_merkk-product-strands-lighting-division","8":"desktop-align-left","9":"tablet-align-left","10":"mobile-align-left","12":"first","13":"instock","14":"taxable","15":"shipping-taxable","16":"purchasable","17":"product-type-simple"},"acf":[],"yoast_head":"<!-- This site is optimized with the Yoast SEO Premium plugin v26.5 (Yoast SEO v26.5) - https:\/\/yoast.com\/wordpress\/plugins\/seo\/ -->\n<title>Strands Siberia MO achterlicht 25w - Truckned - voor Truck &amp; Trailer<\/title>\n<meta name=\"description\" content=\"Strands Siberia MO achterlicht 25W - achterlicht met inbouw frame dat geschikt is voor 12 en 24 volt - met ECE R148 keurmerk - met 2.5m kabel\" \/>\n<meta name=\"robots\" content=\"index, follow, max-snippet:-1, max-image-preview:large, max-video-preview:-1\" \/>\n<link rel=\"canonical\" href=\"https:\/\/truckned.nl\/de\/produkt\/strands-siberia-mo-achterlicht-25w\/\" \/>\n<meta property=\"og:locale\" content=\"de_DE\" \/>\n<meta property=\"og:type\" content=\"article\" \/>\n<meta property=\"og:title\" content=\"Strands Siberia MO achterlicht 25w - Truckned - voor Truck &amp; Trailer\" \/>\n<meta property=\"og:description\" content=\"Strands Siberia MO achterlicht 25W - achterlicht met inbouw frame dat geschikt is voor 12 en 24 volt - met ECE R148 keurmerk - met 2.5m kabel\" \/>\n<meta property=\"og:url\" content=\"https:\/\/truckned.nl\/de\/produkt\/strands-siberia-mo-achterlicht-25w\/\" \/>\n<meta property=\"og:site_name\" content=\"Truckned\" \/>\n<meta property=\"article:publisher\" content=\"https:\/\/www.facebook.com\/truckned\/\" \/>\n<meta property=\"article:modified_time\" content=\"2026-03-20T10:23:52+00:00\" \/>\n<meta property=\"og:image\" content=\"https:\/\/truckned.nl\/wp-content\/uploads\/2023\/10\/TN-809224-SM.png\" \/>\n\t<meta property=\"og:image:width\" content=\"800\" \/>\n\t<meta property=\"og:image:height\" content=\"800\" \/>\n\t<meta property=\"og:image:type\" content=\"image\/png\" \/>\n<meta name=\"twitter:label1\" content=\"Preis\" \/>\n\t<meta name=\"twitter:data1\" content=\"&euro;95,00\" \/>\n\t<meta name=\"twitter:label2\" content=\"Verf\u00fcgbarkeit\" \/>\n\t<meta name=\"twitter:data2\" content=\"Auf Lager\" \/>\n<script type=\"application\/ld+json\" class=\"yoast-schema-graph\">{\"@context\":\"https:\/\/schema.org\",\"@graph\":[{\"@type\":[\"WebPage\",\"ItemPage\"],\"@id\":\"https:\/\/truckned.nl\/product\/strands-siberia-mo-achterlicht-25w\/\",\"url\":\"https:\/\/truckned.nl\/product\/strands-siberia-mo-achterlicht-25w\/\",\"name\":\"Strands Siberia MO achterlicht 25w - Truckned - voor Truck & Trailer\",\"isPartOf\":{\"@id\":\"https:\/\/truckned.nl\/nl\/#website\"},\"primaryImageOfPage\":{\"@id\":\"https:\/\/truckned.nl\/product\/strands-siberia-mo-achterlicht-25w\/#primaryimage\"},\"image\":{\"@id\":\"https:\/\/truckned.nl\/product\/strands-siberia-mo-achterlicht-25w\/#primaryimage\"},\"thumbnailUrl\":\"https:\/\/truckned.nl\/wp-content\/uploads\/2023\/10\/TN-809224.png\",\"datePublished\":\"2023-10-31T08:06:54+00:00\",\"dateModified\":\"2026-03-20T10:23:52+00:00\",\"description\":\"Strands Siberia MO achterlicht 25W - achterlicht met inbouw frame dat geschikt is voor 12 en 24 volt - met ECE R148 keurmerk - met 2.5m kabel\",\"breadcrumb\":{\"@id\":\"https:\/\/truckned.nl\/product\/strands-siberia-mo-achterlicht-25w\/#breadcrumb\"},\"inLanguage\":\"de\",\"potentialAction\":[{\"@type\":\"ReadAction\",\"target\":[\"https:\/\/truckned.nl\/product\/strands-siberia-mo-achterlicht-25w\/\"]}]},{\"@type\":\"ImageObject\",\"inLanguage\":\"de\",\"@id\":\"https:\/\/truckned.nl\/product\/strands-siberia-mo-achterlicht-25w\/#primaryimage\",\"url\":\"https:\/\/truckned.nl\/wp-content\/uploads\/2023\/10\/TN-809224.png\",\"contentUrl\":\"https:\/\/truckned.nl\/wp-content\/uploads\/2023\/10\/TN-809224.png\",\"width\":800,\"height\":800,\"caption\":\"Strands Siberia MO achterlicht 25W - SIBERIA MULTIPLE OPTIONS ACHTERLICHT - Strands 809224 - EAN: 7350133814610\"},{\"@type\":\"BreadcrumbList\",\"@id\":\"https:\/\/truckned.nl\/product\/strands-siberia-mo-achterlicht-25w\/#breadcrumb\",\"itemListElement\":[{\"@type\":\"ListItem\",\"position\":1,\"name\":\"Home\",\"item\":\"https:\/\/truckned.nl\/\"},{\"@type\":\"ListItem\",\"position\":2,\"name\":\"Shop\",\"item\":\"https:\/\/truckned.nl\/nl\/shop\/\"},{\"@type\":\"ListItem\",\"position\":3,\"name\":\"Verlichting\",\"item\":\"https:\/\/truckned.nl\/de\/produkt-kategorie\/verlichting\/\"},{\"@type\":\"ListItem\",\"position\":4,\"name\":\"Achterlichten\",\"item\":\"https:\/\/truckned.nl\/de\/produkt-kategorie\/verlichting\/verlichting-achterlichten\/\"},{\"@type\":\"ListItem\",\"position\":5,\"name\":\"Strands Siberia MO achterlicht 25W\"}]},{\"@type\":\"WebSite\",\"@id\":\"https:\/\/truckned.nl\/nl\/#website\",\"url\":\"https:\/\/truckned.nl\/nl\/\",\"name\":\"Truckned\",\"description\":\"\",\"publisher\":{\"@id\":\"https:\/\/truckned.nl\/nl\/#organization\"},\"potentialAction\":[{\"@type\":\"SearchAction\",\"target\":{\"@type\":\"EntryPoint\",\"urlTemplate\":\"https:\/\/truckned.nl\/nl\/?s={search_term_string}\"},\"query-input\":{\"@type\":\"PropertyValueSpecification\",\"valueRequired\":true,\"valueName\":\"search_term_string\"}}],\"inLanguage\":\"de\"},{\"@type\":\"Organization\",\"@id\":\"https:\/\/truckned.nl\/nl\/#organization\",\"name\":\"Truckned\",\"url\":\"https:\/\/truckned.nl\/nl\/\",\"logo\":{\"@type\":\"ImageObject\",\"inLanguage\":\"de\",\"@id\":\"https:\/\/truckned.nl\/nl\/#\/schema\/logo\/image\/\",\"url\":\"https:\/\/truckned.nl\/wp-content\/uploads\/2022\/10\/800x800-Truckned-logo-zonder-tekst-ZWART.png\",\"contentUrl\":\"https:\/\/truckned.nl\/wp-content\/uploads\/2022\/10\/800x800-Truckned-logo-zonder-tekst-ZWART.png\",\"width\":801,\"height\":801,\"caption\":\"Truckned\"},\"image\":{\"@id\":\"https:\/\/truckned.nl\/nl\/#\/schema\/logo\/image\/\"},\"sameAs\":[\"https:\/\/www.facebook.com\/truckned\/\",\"https:\/\/www.instagram.com\/truckned\/\"],\"vatID\":\"NL863960509B01\",\"taxID\":\"86417487\",\"hasMerchantReturnPolicy\":{\"@type\":\"MerchantReturnPolicy\",\"merchantReturnLink\":\"https:\/\/truckned.nl\/de\/versand-rucksendungen\/\"}}]}<\/script>\n<meta property=\"product:brand\" content=\"Strands\" \/>\n<meta property=\"product:price:amount\" content=\"95.00\" \/>\n<meta property=\"product:price:currency\" content=\"EUR\" \/>\n<meta property=\"og:availability\" content=\"instock\" \/>\n<meta property=\"product:availability\" content=\"instock\" \/>\n<meta property=\"product:retailer_item_id\" content=\"TN-809224\" \/>\n<meta property=\"product:condition\" content=\"new\" \/>\n<!-- \/ Yoast SEO Premium plugin. -->","yoast_head_json":{"title":"Strands Siberia MO R\u00fccklicht 25W \u2013 Truckned \u2013 f\u00fcr LKW und Anh\u00e4nger","description":"Strands Siberia MO R\u00fccklicht 25W - R\u00fccklicht mit Montagerahmen geeignet f\u00fcr 12 und 24 Volt - mit ECE R148 G\u00fctezeichen - mit 2,5m Kabel","robots":{"index":"index","follow":"follow","max-snippet":"max-snippet:-1","max-image-preview":"max-image-preview:large","max-video-preview":"max-video-preview:-1"},"canonical":"https:\/\/truckned.nl\/de\/produkt\/strands-siberia-mo-achterlicht-25w\/","og_locale":"de_DE","og_type":"article","og_title":"Strands Siberia MO achterlicht 25w - Truckned - voor Truck & Trailer","og_description":"Strands Siberia MO achterlicht 25W - achterlicht met inbouw frame dat geschikt is voor 12 en 24 volt - met ECE R148 keurmerk - met 2.5m kabel","og_url":"https:\/\/truckned.nl\/de\/produkt\/strands-siberia-mo-achterlicht-25w\/","og_site_name":"Truckned","article_publisher":"https:\/\/www.facebook.com\/truckned\/","article_modified_time":"2026-03-20T10:23:52+00:00","og_image":[{"width":800,"height":800,"url":"https:\/\/truckned.nl\/wp-content\/uploads\/2023\/10\/TN-809224-SM.png","type":"image\/png"}],"twitter_misc":{"Preis":"&euro;95,00","Verf\u00fcgbarkeit":"Auf Lager"},"schema":{"@context":"https:\/\/schema.org","@graph":[{"@type":["WebPage","ItemPage"],"@id":"https:\/\/truckned.nl\/product\/strands-siberia-mo-achterlicht-25w\/","url":"https:\/\/truckned.nl\/product\/strands-siberia-mo-achterlicht-25w\/","name":"Strands Siberia MO R\u00fccklicht 25W \u2013 Truckned \u2013 f\u00fcr LKW und Anh\u00e4nger","isPartOf":{"@id":"https:\/\/truckned.nl\/nl\/#website"},"primaryImageOfPage":{"@id":"https:\/\/truckned.nl\/product\/strands-siberia-mo-achterlicht-25w\/#primaryimage"},"image":{"@id":"https:\/\/truckned.nl\/product\/strands-siberia-mo-achterlicht-25w\/#primaryimage"},"thumbnailUrl":"https:\/\/truckned.nl\/wp-content\/uploads\/2023\/10\/TN-809224.png","datePublished":"2023-10-31T08:06:54+00:00","dateModified":"2026-03-20T10:23:52+00:00","description":"Strands Siberia MO R\u00fccklicht 25W - R\u00fccklicht mit Montagerahmen geeignet f\u00fcr 12 und 24 Volt - mit ECE R148 G\u00fctezeichen - mit 2,5m Kabel","breadcrumb":{"@id":"https:\/\/truckned.nl\/product\/strands-siberia-mo-achterlicht-25w\/#breadcrumb"},"inLanguage":"de","potentialAction":[{"@type":"ReadAction","target":["https:\/\/truckned.nl\/product\/strands-siberia-mo-achterlicht-25w\/"]}]},{"@type":"ImageObject","inLanguage":"de","@id":"https:\/\/truckned.nl\/product\/strands-siberia-mo-achterlicht-25w\/#primaryimage","url":"https:\/\/truckned.nl\/wp-content\/uploads\/2023\/10\/TN-809224.png","contentUrl":"https:\/\/truckned.nl\/wp-content\/uploads\/2023\/10\/TN-809224.png","width":800,"height":800,"caption":"Strands Siberia MO achterlicht 25W - SIBERIA MULTIPLE OPTIONS ACHTERLICHT - Strands 809224 - EAN: 7350133814610"},{"@type":"BreadcrumbList","@id":"https:\/\/truckned.nl\/product\/strands-siberia-mo-achterlicht-25w\/#breadcrumb","itemListElement":[{"@type":"ListItem","position":1,"name":"Home","item":"https:\/\/truckned.nl\/"},{"@type":"ListItem","position":2,"name":"Shop","item":"https:\/\/truckned.nl\/nl\/shop\/"},{"@type":"ListItem","position":3,"name":"Verlichting","item":"https:\/\/truckned.nl\/de\/produkt-kategorie\/verlichting\/"},{"@type":"ListItem","position":4,"name":"Achterlichten","item":"https:\/\/truckned.nl\/de\/produkt-kategorie\/verlichting\/verlichting-achterlichten\/"},{"@type":"ListItem","position":5,"name":"Strands Siberia MO achterlicht 25W"}]},{"@type":"WebSite","@id":"https:\/\/truckned.nl\/nl\/#website","url":"https:\/\/truckned.nl\/nl\/","name":"Truckned","description":"","publisher":{"@id":"https:\/\/truckned.nl\/nl\/#organization"},"potentialAction":[{"@type":"SearchAction","target":{"@type":"EntryPoint","urlTemplate":"https:\/\/truckned.nl\/nl\/?s={search_term_string}"},"query-input":{"@type":"PropertyValueSpecification","valueRequired":true,"valueName":"search_term_string"}}],"inLanguage":"de"},{"@type":"Organization","@id":"https:\/\/truckned.nl\/nl\/#organization","name":"Truckned","url":"https:\/\/truckned.nl\/nl\/","logo":{"@type":"ImageObject","inLanguage":"de","@id":"https:\/\/truckned.nl\/nl\/#\/schema\/logo\/image\/","url":"https:\/\/truckned.nl\/wp-content\/uploads\/2022\/10\/800x800-Truckned-logo-zonder-tekst-ZWART.png","contentUrl":"https:\/\/truckned.nl\/wp-content\/uploads\/2022\/10\/800x800-Truckned-logo-zonder-tekst-ZWART.png","width":801,"height":801,"caption":"Truckned"},"image":{"@id":"https:\/\/truckned.nl\/nl\/#\/schema\/logo\/image\/"},"sameAs":["https:\/\/www.facebook.com\/truckned\/","https:\/\/www.instagram.com\/truckned\/"],"vatID":"NL863960509B01","taxID":"86417487","hasMerchantReturnPolicy":{"@type":"MerchantReturnPolicy","merchantReturnLink":"https:\/\/truckned.nl\/de\/versand-rucksendungen\/"}}]},"product_brand":"Strands","product_price_amount":"95.00","product_price_currency":"EUR","og_availability":"instock","product_availability":"instock","product_retailer_item_id":"TN-809224","product_condition":"new"},"_links":{"self":[{"href":"https:\/\/truckned.nl\/de\/wp-json\/wp\/v2\/product\/28484","targetHints":{"allow":["GET"]}}],"collection":[{"href":"https:\/\/truckned.nl\/de\/wp-json\/wp\/v2\/product"}],"about":[{"href":"https:\/\/truckned.nl\/de\/wp-json\/wp\/v2\/types\/product"}],"replies":[{"embeddable":true,"href":"https:\/\/truckned.nl\/de\/wp-json\/wp\/v2\/comments?post=28484"}],"wp:featuredmedia":[{"embeddable":true,"href":"https:\/\/truckned.nl\/de\/wp-json\/wp\/v2\/media\/28708"}],"wp:attachment":[{"href":"https:\/\/truckned.nl\/de\/wp-json\/wp\/v2\/media?parent=28484"}],"wp:term":[{"taxonomy":"product_brand","embeddable":true,"href":"https:\/\/truckned.nl\/de\/wp-json\/wp\/v2\/product_brand?post=28484"},{"taxonomy":"product_cat","embeddable":true,"href":"https:\/\/truckned.nl\/de\/wp-json\/wp\/v2\/product_cat?post=28484"},{"taxonomy":"product_tag","embeddable":true,"href":"https:\/\/truckned.nl\/de\/wp-json\/wp\/v2\/product_tag?post=28484"}],"curies":[{"name":"wp","href":"https:\/\/api.w.org\/{rel}","templated":true}]}}