{"id":28491,"date":"2023-11-06T11:10:21","date_gmt":"2023-11-06T09:10:21","guid":{"rendered":"https:\/\/truckned.nl\/?post_type=product&#038;p=28491"},"modified":"2026-04-08T17:43:32","modified_gmt":"2026-04-08T15:43:32","slug":"truckned-luchthoorn-aansluit-kit-24v","status":"publish","type":"product","link":"https:\/\/truckned.nl\/de\/produkt\/truckned-luchthoorn-aansluit-kit-24v\/","title":{"rendered":"Truckned Lufth\u00f6rner Anschlusssatz 24V"},"content":{"rendered":"<p><span style=\"color: #000000;\"><strong>Truckned Lufth\u00f6rner Anschlusssatz 24V.\u00a0<\/strong><\/span><\/p>\n<p><span style=\"color: #000000;\">Haben Sie auch diese sch\u00f6nen Lufthupen an Ihrem LKW installiert? Und m\u00f6chten Sie nicht nur durch die Optik, sondern auch durch den Klang, den sie erzeugen, auffallen? Dann suchen Sie nicht weiter! Wir haben speziell f\u00fcr Sie das ideale Anschlussset zusammengestellt, damit Sie das Beste aus Ihren Drucklufth\u00f6rnern herausholen k\u00f6nnen. Mit diesem Set erhalten Sie den besten Klang beispielsweise einer Grover-, Matexon- oder Nedking-Lufthupe. Das Set ist universell einsetzbar und kann daher f\u00fcr Drucklufth\u00f6rner aller Marken verwendet werden.<\/span><\/p>\n<p><span style=\"color: #000000;\">Um das Beste daraus zu machen, ist ein 12-mm-Luftanschluss erforderlich, der direkt von den Lufttanks ausgeht. Das Ventil selbst hat einen Durchgang von 13mm, so dass es nicht mehr zum Anschluss der Lufth\u00f6rner gequetscht wird. Bitte beachten Sie, dass f\u00fcr den Einbau dieses Sets ein Standard-Luftsystem mit einem Druck zwischen 8 und 12 bar erforderlich ist!<\/span><\/p>\n<h5><span style=\"color: #000000;\"><strong>Inhalt:<\/strong><\/span><\/h5>\n<p><span style=\"color: #000000;\">Da Sie vor dem Kauf dieses Artikels genau wissen m\u00f6chten, was Sie erwartet, haben wir den Inhalt unten aufgef\u00fchrt. Die im Truckned Lufth\u00f6rner Anschlusssatz 24V enthaltenen Teile sind wie folgt.<\/span><\/p>\n<ul>\n<li><span style=\"color: #000000;\">Magnetventil 24V mit einem Durchgang von 13mm<\/span><\/li>\n<li><span style=\"color: #000000;\">2x 8mm Anschlussnippel 3\/8 Zoll (Ausgang)<\/span><\/li>\n<li><span style=\"color: #000000;\">12mm Anschlussnippel 3\/8 Zoll (Vorrat)<\/span><\/li>\n<li><span style=\"color: #000000;\">6 Meter Luftschlauch 8mm<\/span><\/li>\n<\/ul>\n<h5><span style=\"color: #000000;\"><strong>Andere Versionen:<\/strong><\/span><\/h5>\n<p><span style=\"color: #000000;\">Sie m\u00f6chten ein Drucklufthupen-Anschlussset von Truckned erwerben, haben aber keinen 24-V-Anschluss in Ihrem Fahrzeug? Dann wissen Sie, dass das Set auch in einer 12-V-Version erh\u00e4ltlich ist. Sehen Sie sich unten die andere Version oder zus\u00e4tzliche Teile an, die Sie m\u00f6glicherweise auch bestellen k\u00f6nnen.<\/span><\/p>\n<ul>\n<li><a href=\"https:\/\/truckned.nl\/de\/produkt\/nedking-trekventiel-met-ketting-6mm\/\"><span style=\"color: #000000;\"><strong>Nedking Zugventil mit Kette<\/strong><\/span><\/a><\/li>\n<li><span style=\"color: #000000;\"><a style=\"color: #000000;\" href=\"https:\/\/truckned.nl\/de\/produkt\/truckned-luchthoorn-aansluit-kit-12v\/\" target=\"_blank\" rel=\"noopener\"><strong>Truckned Anschlusssatz 12V<\/strong><\/a><\/span><\/li>\n<\/ul>\n<p><span style=\"color: #000000;\">Haben Sie noch keine Drucklufthupen und m\u00f6chten diese gerne an Ihrem LKW\/Auto haben? Schauen Sie sich unsere an <a style=\"color: #000000;\" href=\"https:\/\/truckned.nl\/de\/produkt-kategorie\/luchthoorns\/\">Lufthorn<\/a> Auf dieser Seite finden Sie das Sortiment an Drucklufth\u00f6rnern, das wir Ihnen anbieten k\u00f6nnen. Das Truckned Lufth\u00f6rner Anschlussset 24V enth\u00e4lt eine Kurzanleitung. So k\u00f6nnen Sie beispielsweise das Anschlussset ganz einfach selbst anschlie\u00dfen. Sie k\u00f6nnen es nicht herausfinden oder m\u00f6chten es nicht selbst zusammenbauen? Dann wenden Sie sich an einen Verbindungsspezialisten!<\/span><\/p>","protected":false},"excerpt":{"rendered":"<p>Truckned Drucklufthorn-Anschlusssatz 24V. Haben Sie auch diese sch\u00f6nen Drucklufth\u00f6rner an Ihrem LKW montiert? Und m\u00f6chten Sie nicht nur optisch, sondern auch klanglich \u00fcberzeugen? Dann sind Sie hier genau richtig! Wir haben das ideale Anschlussset f\u00fcr Sie zusammengestellt, damit Sie das Beste aus Ihren Drucklufth\u00f6rnern herausholen k\u00f6nnen. Sie [\u2026]<\/p>","protected":false},"featured_media":33283,"comment_status":"open","ping_status":"closed","template":"","meta":{"_acf_changed":false,"site-sidebar-layout":"default","site-content-layout":"default","ast-site-content-layout":"default","site-content-style":"default","site-sidebar-style":"default","ast-global-header-display":"","ast-banner-title-visibility":"","ast-main-header-display":"","ast-hfb-above-header-display":"","ast-hfb-below-header-display":"","ast-hfb-mobile-header-display":"","site-post-title":"","ast-breadcrumbs-content":"","ast-featured-img":"","footer-sml-layout":"","ast-disable-related-posts":"","theme-transparent-header-meta":"default","adv-header-id-meta":"","stick-header-meta":"","header-above-stick-meta":"","header-main-stick-meta":"","header-below-stick-meta":"","astra-migrate-meta-layouts":"set","ast-page-background-enabled":"default","ast-page-background-meta":{"desktop":{"background-color":"","background-image":"","background-repeat":"repeat","background-position":"center center","background-size":"auto","background-attachment":"scroll","background-type":"","background-media":"","overlay-type":"","overlay-color":"","overlay-opacity":"","overlay-gradient":""},"tablet":{"background-color":"","background-image":"","background-repeat":"repeat","background-position":"center center","background-size":"auto","background-attachment":"scroll","background-type":"","background-media":"","overlay-type":"","overlay-color":"","overlay-opacity":"","overlay-gradient":""},"mobile":{"background-color":"","background-image":"","background-repeat":"repeat","background-position":"center center","background-size":"auto","background-attachment":"scroll","background-type":"","background-media":"","overlay-type":"","overlay-color":"","overlay-opacity":"","overlay-gradient":""}},"ast-content-background-meta":{"desktop":{"background-color":"var(--ast-global-color-5)","background-image":"","background-repeat":"repeat","background-position":"center center","background-size":"auto","background-attachment":"scroll","background-type":"","background-media":"","overlay-type":"","overlay-color":"","overlay-opacity":"","overlay-gradient":""},"tablet":{"background-color":"var(--ast-global-color-5)","background-image":"","background-repeat":"repeat","background-position":"center center","background-size":"auto","background-attachment":"scroll","background-type":"","background-media":"","overlay-type":"","overlay-color":"","overlay-opacity":"","overlay-gradient":""},"mobile":{"background-color":"var(--ast-global-color-5)","background-image":"","background-repeat":"repeat","background-position":"center center","background-size":"auto","background-attachment":"scroll","background-type":"","background-media":"","overlay-type":"","overlay-color":"","overlay-opacity":"","overlay-gradient":""}}},"product_brand":[],"product_cat":[7545],"product_tag":[],"class_list":{"0":"post-28491","1":"product","2":"type-product","3":"status-publish","4":"has-post-thumbnail","6":"product_cat-accessoires-luchthoorn","7":"pa_merkk-truckned","8":"desktop-align-left","9":"tablet-align-left","10":"mobile-align-left","12":"first","13":"instock","14":"taxable","15":"shipping-taxable","16":"purchasable","17":"product-type-simple"},"acf":[],"yoast_head":"<!-- This site is optimized with the Yoast SEO Premium plugin v26.5 (Yoast SEO v26.5) - https:\/\/yoast.com\/wordpress\/plugins\/seo\/ -->\n<title>Truckned luchthoorn aansluit kit 24V - Truckned - voor diverse merken geschikt<\/title>\n<meta name=\"description\" content=\"Truckned Luchthoorn aansluit kit 24V - Hadley - Groover - Nedking - Matexon - voor Truck &amp; Trailer - Truckned - Luchthoorns\" \/>\n<meta name=\"robots\" content=\"index, follow, max-snippet:-1, max-image-preview:large, max-video-preview:-1\" \/>\n<link rel=\"canonical\" href=\"https:\/\/truckned.nl\/de\/produkt\/truckned-luchthoorn-aansluit-kit-24v\/\" \/>\n<meta property=\"og:locale\" content=\"de_DE\" \/>\n<meta property=\"og:type\" content=\"article\" \/>\n<meta property=\"og:title\" content=\"Truckned luchthoorn aansluit kit 24V - Truckned - voor diverse merken geschikt\" \/>\n<meta property=\"og:description\" content=\"Truckned Luchthoorn aansluit kit 24V - Hadley - Groover - Nedking - Matexon - voor Truck &amp; Trailer - Truckned - Luchthoorns\" \/>\n<meta property=\"og:url\" content=\"https:\/\/truckned.nl\/de\/produkt\/truckned-luchthoorn-aansluit-kit-24v\/\" \/>\n<meta property=\"og:site_name\" content=\"Truckned\" \/>\n<meta property=\"article:publisher\" content=\"https:\/\/www.facebook.com\/truckned\/\" \/>\n<meta property=\"article:modified_time\" content=\"2026-04-08T15:43:32+00:00\" \/>\n<meta property=\"og:image\" content=\"https:\/\/truckned.nl\/wp-content\/uploads\/2023\/11\/TN-LHKIT24V-SM.png\" \/>\n\t<meta property=\"og:image:width\" content=\"800\" \/>\n\t<meta property=\"og:image:height\" content=\"800\" \/>\n\t<meta property=\"og:image:type\" content=\"image\/png\" \/>\n<meta name=\"twitter:label1\" content=\"Preis\" \/>\n\t<meta name=\"twitter:data1\" content=\"&euro;125,00\" \/>\n\t<meta name=\"twitter:label2\" content=\"Verf\u00fcgbarkeit\" \/>\n\t<meta name=\"twitter:data2\" content=\"Auf Lager\" \/>\n<script type=\"application\/ld+json\" class=\"yoast-schema-graph\">{\"@context\":\"https:\/\/schema.org\",\"@graph\":[{\"@type\":[\"WebPage\",\"ItemPage\"],\"@id\":\"https:\/\/truckned.nl\/product\/truckned-luchthoorn-aansluit-kit-24v\/\",\"url\":\"https:\/\/truckned.nl\/product\/truckned-luchthoorn-aansluit-kit-24v\/\",\"name\":\"Truckned luchthoorn aansluit kit 24V - Truckned - voor diverse merken geschikt\",\"isPartOf\":{\"@id\":\"https:\/\/truckned.nl\/nl\/#website\"},\"primaryImageOfPage\":{\"@id\":\"https:\/\/truckned.nl\/product\/truckned-luchthoorn-aansluit-kit-24v\/#primaryimage\"},\"image\":{\"@id\":\"https:\/\/truckned.nl\/product\/truckned-luchthoorn-aansluit-kit-24v\/#primaryimage\"},\"thumbnailUrl\":\"https:\/\/truckned.nl\/wp-content\/uploads\/2023\/11\/TN-LHKIT24V-1.png\",\"datePublished\":\"2023-11-06T09:10:21+00:00\",\"dateModified\":\"2026-04-08T15:43:32+00:00\",\"description\":\"Truckned Luchthoorn aansluit kit 24V - Hadley - Groover - Nedking - Matexon - voor Truck & Trailer - Truckned - Luchthoorns\",\"breadcrumb\":{\"@id\":\"https:\/\/truckned.nl\/product\/truckned-luchthoorn-aansluit-kit-24v\/#breadcrumb\"},\"inLanguage\":\"de\",\"potentialAction\":[{\"@type\":\"ReadAction\",\"target\":[\"https:\/\/truckned.nl\/product\/truckned-luchthoorn-aansluit-kit-24v\/\"]}]},{\"@type\":\"ImageObject\",\"inLanguage\":\"de\",\"@id\":\"https:\/\/truckned.nl\/product\/truckned-luchthoorn-aansluit-kit-24v\/#primaryimage\",\"url\":\"https:\/\/truckned.nl\/wp-content\/uploads\/2023\/11\/TN-LHKIT24V-1.png\",\"contentUrl\":\"https:\/\/truckned.nl\/wp-content\/uploads\/2023\/11\/TN-LHKIT24V-1.png\",\"width\":800,\"height\":800,\"caption\":\"Truckned luchthoorn aansluit kit 24V - aansluit set voor 2 luchthoorns met 24v bediening - SUPER DIK geluid met bijvoorbeeld 2x Nedking luchthoorn op je vrachtwagen cabine dak\"},{\"@type\":\"BreadcrumbList\",\"@id\":\"https:\/\/truckned.nl\/product\/truckned-luchthoorn-aansluit-kit-24v\/#breadcrumb\",\"itemListElement\":[{\"@type\":\"ListItem\",\"position\":1,\"name\":\"Home\",\"item\":\"https:\/\/truckned.nl\/\"},{\"@type\":\"ListItem\",\"position\":2,\"name\":\"Shop\",\"item\":\"https:\/\/truckned.nl\/nl\/shop\/\"},{\"@type\":\"ListItem\",\"position\":3,\"name\":\"Luchthoorns\",\"item\":\"https:\/\/truckned.nl\/en\/product-category-2\/luchthoorns\/\"},{\"@type\":\"ListItem\",\"position\":4,\"name\":\"Accessoires luchthoorn\",\"item\":\"https:\/\/truckned.nl\/nl\/product-categorie\/luchthoorns\/accessoires-luchthoorn\/\"},{\"@type\":\"ListItem\",\"position\":5,\"name\":\"Truckned luchthoorn aansluit kit 24V\"}]},{\"@type\":\"WebSite\",\"@id\":\"https:\/\/truckned.nl\/nl\/#website\",\"url\":\"https:\/\/truckned.nl\/nl\/\",\"name\":\"Truckned\",\"description\":\"\",\"publisher\":{\"@id\":\"https:\/\/truckned.nl\/nl\/#organization\"},\"potentialAction\":[{\"@type\":\"SearchAction\",\"target\":{\"@type\":\"EntryPoint\",\"urlTemplate\":\"https:\/\/truckned.nl\/nl\/?s={search_term_string}\"},\"query-input\":{\"@type\":\"PropertyValueSpecification\",\"valueRequired\":true,\"valueName\":\"search_term_string\"}}],\"inLanguage\":\"de\"},{\"@type\":\"Organization\",\"@id\":\"https:\/\/truckned.nl\/nl\/#organization\",\"name\":\"Truckned\",\"url\":\"https:\/\/truckned.nl\/nl\/\",\"logo\":{\"@type\":\"ImageObject\",\"inLanguage\":\"de\",\"@id\":\"https:\/\/truckned.nl\/nl\/#\/schema\/logo\/image\/\",\"url\":\"https:\/\/truckned.nl\/wp-content\/uploads\/2022\/10\/800x800-Truckned-logo-zonder-tekst-ZWART.png\",\"contentUrl\":\"https:\/\/truckned.nl\/wp-content\/uploads\/2022\/10\/800x800-Truckned-logo-zonder-tekst-ZWART.png\",\"width\":801,\"height\":801,\"caption\":\"Truckned\"},\"image\":{\"@id\":\"https:\/\/truckned.nl\/nl\/#\/schema\/logo\/image\/\"},\"sameAs\":[\"https:\/\/www.facebook.com\/truckned\/\",\"https:\/\/www.instagram.com\/truckned\/\"],\"vatID\":\"NL863960509B01\",\"taxID\":\"86417487\",\"hasMerchantReturnPolicy\":{\"@type\":\"MerchantReturnPolicy\",\"merchantReturnLink\":\"https:\/\/truckned.nl\/de\/versand-rucksendungen\/\"}}]}<\/script>\n<meta property=\"product:brand\" content=\"Truckned\" \/>\n<meta property=\"product:price:amount\" content=\"125.00\" \/>\n<meta property=\"product:price:currency\" content=\"EUR\" \/>\n<meta property=\"og:availability\" content=\"instock\" \/>\n<meta property=\"product:availability\" content=\"instock\" \/>\n<meta property=\"product:retailer_item_id\" content=\"TN-LHKIT24V\" \/>\n<meta property=\"product:condition\" content=\"new\" \/>\n<!-- \/ Yoast SEO Premium plugin. -->","yoast_head_json":{"title":"Truckned Lufth\u00f6rner Anschlusssatz 24V - Truckned \u2013 passend f\u00fcr verschiedene Marken","description":"Truckned Lufth\u00f6rner Anschlusssatz 24V \u2013 Hadley \u2013 Groover \u2013 Nedking \u2013 Matexon \u2013 f\u00fcr LKW und Anh\u00e4nger \u2013 Truckned \u2013 Lufthupen","robots":{"index":"index","follow":"follow","max-snippet":"max-snippet:-1","max-image-preview":"max-image-preview:large","max-video-preview":"max-video-preview:-1"},"canonical":"https:\/\/truckned.nl\/de\/produkt\/truckned-luchthoorn-aansluit-kit-24v\/","og_locale":"de_DE","og_type":"article","og_title":"Truckned luchthoorn aansluit kit 24V - Truckned - voor diverse merken geschikt","og_description":"Truckned Luchthoorn aansluit kit 24V - Hadley - Groover - Nedking - Matexon - voor Truck & Trailer - Truckned - Luchthoorns","og_url":"https:\/\/truckned.nl\/de\/produkt\/truckned-luchthoorn-aansluit-kit-24v\/","og_site_name":"Truckned","article_publisher":"https:\/\/www.facebook.com\/truckned\/","article_modified_time":"2026-04-08T15:43:32+00:00","og_image":[{"width":800,"height":800,"url":"https:\/\/truckned.nl\/wp-content\/uploads\/2023\/11\/TN-LHKIT24V-SM.png","type":"image\/png"}],"twitter_misc":{"Preis":"&euro;125,00","Verf\u00fcgbarkeit":"Auf Lager"},"schema":{"@context":"https:\/\/schema.org","@graph":[{"@type":["WebPage","ItemPage"],"@id":"https:\/\/truckned.nl\/product\/truckned-luchthoorn-aansluit-kit-24v\/","url":"https:\/\/truckned.nl\/product\/truckned-luchthoorn-aansluit-kit-24v\/","name":"Truckned Lufth\u00f6rner Anschlusssatz 24V - Truckned \u2013 passend f\u00fcr verschiedene Marken","isPartOf":{"@id":"https:\/\/truckned.nl\/nl\/#website"},"primaryImageOfPage":{"@id":"https:\/\/truckned.nl\/product\/truckned-luchthoorn-aansluit-kit-24v\/#primaryimage"},"image":{"@id":"https:\/\/truckned.nl\/product\/truckned-luchthoorn-aansluit-kit-24v\/#primaryimage"},"thumbnailUrl":"https:\/\/truckned.nl\/wp-content\/uploads\/2023\/11\/TN-LHKIT24V-1.png","datePublished":"2023-11-06T09:10:21+00:00","dateModified":"2026-04-08T15:43:32+00:00","description":"Truckned Lufth\u00f6rner Anschlusssatz 24V \u2013 Hadley \u2013 Groover \u2013 Nedking \u2013 Matexon \u2013 f\u00fcr LKW und Anh\u00e4nger \u2013 Truckned \u2013 Lufthupen","breadcrumb":{"@id":"https:\/\/truckned.nl\/product\/truckned-luchthoorn-aansluit-kit-24v\/#breadcrumb"},"inLanguage":"de","potentialAction":[{"@type":"ReadAction","target":["https:\/\/truckned.nl\/product\/truckned-luchthoorn-aansluit-kit-24v\/"]}]},{"@type":"ImageObject","inLanguage":"de","@id":"https:\/\/truckned.nl\/product\/truckned-luchthoorn-aansluit-kit-24v\/#primaryimage","url":"https:\/\/truckned.nl\/wp-content\/uploads\/2023\/11\/TN-LHKIT24V-1.png","contentUrl":"https:\/\/truckned.nl\/wp-content\/uploads\/2023\/11\/TN-LHKIT24V-1.png","width":800,"height":800,"caption":"Truckned luchthoorn aansluit kit 24V - aansluit set voor 2 luchthoorns met 24v bediening - SUPER DIK geluid met bijvoorbeeld 2x Nedking luchthoorn op je vrachtwagen cabine dak"},{"@type":"BreadcrumbList","@id":"https:\/\/truckned.nl\/product\/truckned-luchthoorn-aansluit-kit-24v\/#breadcrumb","itemListElement":[{"@type":"ListItem","position":1,"name":"Home","item":"https:\/\/truckned.nl\/"},{"@type":"ListItem","position":2,"name":"Shop","item":"https:\/\/truckned.nl\/nl\/shop\/"},{"@type":"ListItem","position":3,"name":"Luchthoorns","item":"https:\/\/truckned.nl\/en\/product-category-2\/luchthoorns\/"},{"@type":"ListItem","position":4,"name":"Accessoires luchthoorn","item":"https:\/\/truckned.nl\/nl\/product-categorie\/luchthoorns\/accessoires-luchthoorn\/"},{"@type":"ListItem","position":5,"name":"Truckned luchthoorn aansluit kit 24V"}]},{"@type":"WebSite","@id":"https:\/\/truckned.nl\/nl\/#website","url":"https:\/\/truckned.nl\/nl\/","name":"Truckned","description":"","publisher":{"@id":"https:\/\/truckned.nl\/nl\/#organization"},"potentialAction":[{"@type":"SearchAction","target":{"@type":"EntryPoint","urlTemplate":"https:\/\/truckned.nl\/nl\/?s={search_term_string}"},"query-input":{"@type":"PropertyValueSpecification","valueRequired":true,"valueName":"search_term_string"}}],"inLanguage":"de"},{"@type":"Organization","@id":"https:\/\/truckned.nl\/nl\/#organization","name":"Truckned","url":"https:\/\/truckned.nl\/nl\/","logo":{"@type":"ImageObject","inLanguage":"de","@id":"https:\/\/truckned.nl\/nl\/#\/schema\/logo\/image\/","url":"https:\/\/truckned.nl\/wp-content\/uploads\/2022\/10\/800x800-Truckned-logo-zonder-tekst-ZWART.png","contentUrl":"https:\/\/truckned.nl\/wp-content\/uploads\/2022\/10\/800x800-Truckned-logo-zonder-tekst-ZWART.png","width":801,"height":801,"caption":"Truckned"},"image":{"@id":"https:\/\/truckned.nl\/nl\/#\/schema\/logo\/image\/"},"sameAs":["https:\/\/www.facebook.com\/truckned\/","https:\/\/www.instagram.com\/truckned\/"],"vatID":"NL863960509B01","taxID":"86417487","hasMerchantReturnPolicy":{"@type":"MerchantReturnPolicy","merchantReturnLink":"https:\/\/truckned.nl\/de\/versand-rucksendungen\/"}}]},"product_brand":"Truckned","product_price_amount":"125.00","product_price_currency":"EUR","og_availability":"instock","product_availability":"instock","product_retailer_item_id":"TN-LHKIT24V","product_condition":"new"},"_links":{"self":[{"href":"https:\/\/truckned.nl\/de\/wp-json\/wp\/v2\/product\/28491","targetHints":{"allow":["GET"]}}],"collection":[{"href":"https:\/\/truckned.nl\/de\/wp-json\/wp\/v2\/product"}],"about":[{"href":"https:\/\/truckned.nl\/de\/wp-json\/wp\/v2\/types\/product"}],"replies":[{"embeddable":true,"href":"https:\/\/truckned.nl\/de\/wp-json\/wp\/v2\/comments?post=28491"}],"wp:featuredmedia":[{"embeddable":true,"href":"https:\/\/truckned.nl\/de\/wp-json\/wp\/v2\/media\/33283"}],"wp:attachment":[{"href":"https:\/\/truckned.nl\/de\/wp-json\/wp\/v2\/media?parent=28491"}],"wp:term":[{"taxonomy":"product_brand","embeddable":true,"href":"https:\/\/truckned.nl\/de\/wp-json\/wp\/v2\/product_brand?post=28491"},{"taxonomy":"product_cat","embeddable":true,"href":"https:\/\/truckned.nl\/de\/wp-json\/wp\/v2\/product_cat?post=28491"},{"taxonomy":"product_tag","embeddable":true,"href":"https:\/\/truckned.nl\/de\/wp-json\/wp\/v2\/product_tag?post=28491"}],"curies":[{"name":"wp","href":"https:\/\/api.w.org\/{rel}","templated":true}]}}