{"id":28544,"date":"2023-11-13T11:57:49","date_gmt":"2023-11-13T09:57:49","guid":{"rendered":"https:\/\/truckned.nl\/?post_type=product&#038;p=28544"},"modified":"2026-02-04T10:32:39","modified_gmt":"2026-02-04T09:32:39","slug":"strands-dark-knight-fortex-lamp-amber","status":"publish","type":"product","link":"https:\/\/truckned.nl\/de\/produkt\/strands-dark-knight-fortex-lamp-amber\/","title":{"rendered":"Strands Dark Knight Fortex \u2013 bernsteinfarben"},"content":{"rendered":"<p><span style=\"color: #000000;\"><strong>Strands Dark Knight Fortex Lampe bernsteinfarben.<\/strong><\/span><\/p>\n<p><span style=\"color: #000000;\">Sie m\u00f6chten Ihren LKW oder Anh\u00e4nger mit einem guten Arbeitslicht ausstatten, wissen aber nicht, welches Sie w\u00e4hlen sollen? Vielleicht ist die Strands Dark Knight Fortex-Lampe die Lampe, die Sie suchen. Die LED-Lampe ist mit 4 hellen LED's ausgestattet und liefert 3900 Lumen. Der Arbeitsscheinwerfer LED kann mit 12 und 24 Volt betrieben werden. Das bedeutet, dass Sie den Arbeitsscheinwerfer beispielsweise f\u00fcr ein Auto, einen Traktor, einen LKW oder einen Anh\u00e4nger verwenden k\u00f6nnen.\u00a0<\/span><\/p>\n<p><span style=\"color: #000000;\">Mit der Wahl eines Strands Dark Knight Fortex entscheiden Sie sich f\u00fcr Qualit\u00e4t. Dies wird durch mehrere Punkte best\u00e4tigt. Eine davon ist beispielsweise die 3-Jahres-Garantie, mit der die Lampe geliefert wird. Da die Lampe eine 3-Jahres-Garantie hat, k\u00f6nnen Sie sicher sein, dass Sie auch unterwegs eine Zeit lang gut ausgeleuchtet sind. Ein weiterer zus\u00e4tzlicher Vorteil besteht darin, dass Sie die Lampe aufgrund der im Arbeitsscheinwerfer integrierten orangefarbenen LEDs als Positionslicht verwenden k\u00f6nnen. Sie k\u00f6nnen die Farbe des Arbeitslichts auch auf 3 verschiedene Farben einstellen (4000 K \u2013 Warmwei\u00df, 5000 K \u2013 Wei\u00df, 6000 K \u2013 Xenonwei\u00df). Denken Sie immer noch, dass die Strands Dark Knight Fortex AMBER nicht die Lampe ist, die Sie suchen? Einfach weil die Lichtausbeute, die Form oder die Wattzahl nicht Ihren W\u00fcnschen entspricht? Dann sehen Sie sich hier das komplette Sortiment der schwedischen Marke Strands Lighting Division an.\u00a0<\/span><\/p>\n<h5><span style=\"color: #000000;\"><strong>Abmessungen:<\/strong><\/span><\/h5>\n<p><span style=\"color: #000000;\">Denn vor dem Kauf m\u00f6chten Sie wissen, ob die kleine LED-Lampe mit standlicht AMBER mit ihren Abmessungen dorthin passt, wo Sie sie montieren m\u00f6chten. Nachfolgend haben wir die Abmessungen der LED-Lampe notiert. Die Abmessungen des Strands Dark Knight Fortex AMBER sind wie folgt:<\/span><\/p>\n<ul>\n<li><span style=\"color: #000000;\">H\u00f6he: 80 mm (90 mm inkl. Montage)<\/span><\/li>\n<li><span style=\"color: #000000;\">Breite: 85 mm<\/span><\/li>\n<li><span style=\"color: #000000;\">Dicke: 64,4 mm<\/span><\/li>\n<\/ul>\n<h5><span style=\"color: #000000;\"><strong>Andere Modelle:<\/strong><\/span><\/h5>\n<p><span style=\"color: #000000;\">Gef\u00e4llt Ihnen die Arbeitsleuchte Strands oder LED, aber m\u00f6chten Sie eine andere Version? Dann schauen Sie sich die anderen Modelle an, die Strands neben der Fortex-Lampe im Sortiment hat.<\/span><\/p>\n<ul>\n<li><span style=\"color: #000000;\"><a style=\"color: #000000;\" href=\"https:\/\/truckned.nl\/de\/produkt\/strands-dark-knight-fortex-lamp-rood\/\" target=\"_blank\" rel=\"noopener\"><strong>Fortex Lampe ROT<\/strong><\/a><\/span><\/li>\n<\/ul>\n<p><span style=\"color: #000000;\">Denken Sie immer noch, dass die Strands Dark Knight Fortex AMBER nicht die Lampe ist, die Sie suchen? Einfach weil die Lichtausbeute, die Form oder die Wattzahl nicht Ihren W\u00fcnschen entspricht? Dann sehen Sie sich hier das komplette Sortiment der schwedischen Marke an <a style=\"color: #000000;\" href=\"https:\/\/truckned.nl\/de\/merk\/produkt-strands-beleuchtungsabteilung\/\" target=\"_blank\" rel=\"noopener\">Strands Beleuchtungsabteilung<\/a>.\u00a0<\/span><\/p>","protected":false},"excerpt":{"rendered":"<p>Strands Dark Knight Fortex lamp amber. Wil jij je vrachtwagen of aanhanger voorzien van een goede werklamp, maar weet je niet welke je moet nemen? Wellicht is de Strands Dark Knight Fortex lamp dan wellicht d\u00e9 lamp waarnaar je opzoek bent. De LED lamp is voorzien van 4 felle LED&#8217;s en levert 3900 Lumen. De [&hellip;]<\/p>","protected":false},"featured_media":33425,"comment_status":"open","ping_status":"closed","template":"","meta":{"_acf_changed":false,"site-sidebar-layout":"default","site-content-layout":"default","ast-site-content-layout":"default","site-content-style":"default","site-sidebar-style":"default","ast-global-header-display":"","ast-banner-title-visibility":"","ast-main-header-display":"","ast-hfb-above-header-display":"","ast-hfb-below-header-display":"","ast-hfb-mobile-header-display":"","site-post-title":"","ast-breadcrumbs-content":"","ast-featured-img":"","footer-sml-layout":"","ast-disable-related-posts":"","theme-transparent-header-meta":"default","adv-header-id-meta":"","stick-header-meta":"","header-above-stick-meta":"","header-main-stick-meta":"","header-below-stick-meta":"","astra-migrate-meta-layouts":"set","ast-page-background-enabled":"default","ast-page-background-meta":{"desktop":{"background-color":"","background-image":"","background-repeat":"repeat","background-position":"center center","background-size":"auto","background-attachment":"scroll","background-type":"","background-media":"","overlay-type":"","overlay-color":"","overlay-opacity":"","overlay-gradient":""},"tablet":{"background-color":"","background-image":"","background-repeat":"repeat","background-position":"center center","background-size":"auto","background-attachment":"scroll","background-type":"","background-media":"","overlay-type":"","overlay-color":"","overlay-opacity":"","overlay-gradient":""},"mobile":{"background-color":"","background-image":"","background-repeat":"repeat","background-position":"center center","background-size":"auto","background-attachment":"scroll","background-type":"","background-media":"","overlay-type":"","overlay-color":"","overlay-opacity":"","overlay-gradient":""}},"ast-content-background-meta":{"desktop":{"background-color":"var(--ast-global-color-5)","background-image":"","background-repeat":"repeat","background-position":"center center","background-size":"auto","background-attachment":"scroll","background-type":"","background-media":"","overlay-type":"","overlay-color":"","overlay-opacity":"","overlay-gradient":""},"tablet":{"background-color":"var(--ast-global-color-5)","background-image":"","background-repeat":"repeat","background-position":"center center","background-size":"auto","background-attachment":"scroll","background-type":"","background-media":"","overlay-type":"","overlay-color":"","overlay-opacity":"","overlay-gradient":""},"mobile":{"background-color":"var(--ast-global-color-5)","background-image":"","background-repeat":"repeat","background-position":"center center","background-size":"auto","background-attachment":"scroll","background-type":"","background-media":"","overlay-type":"","overlay-color":"","overlay-opacity":"","overlay-gradient":""}}},"product_brand":[],"product_cat":[7206],"product_tag":[373,6388,2426,3787,2427,2419,2421,2422,2423,2420,2418],"class_list":{"0":"post-28544","1":"product","2":"type-product","3":"status-publish","4":"has-post-thumbnail","6":"product_cat-werklampen","7":"product_tag-led-werklamp","8":"product_tag-sale","9":"product_tag-strands-led-verlichting","10":"product_tag-strands-werklamp","11":"product_tag-strands-lighting-division","12":"product_tag-werklamp-aanhanger","13":"product_tag-werklamp-heftruck","14":"product_tag-werklamp-kooiaap","15":"product_tag-werklamp-tractor","16":"product_tag-werklamp-trailer","17":"product_tag-werklamp-vrachtwagen","18":"pa_merkk-product-strands-lighting-division","19":"desktop-align-left","20":"tablet-align-left","21":"mobile-align-left","23":"first","24":"instock","25":"sale","26":"taxable","27":"shipping-taxable","28":"purchasable","29":"product-type-simple"},"acf":[],"yoast_head":"<!-- This site is optimized with the Yoast SEO Premium plugin v26.5 (Yoast SEO v26.5) - https:\/\/yoast.com\/wordpress\/plugins\/seo\/ -->\n<title>Strands Dark Knight Fortex AMBER - Truckned - goed voor truck en trailer<\/title>\n<meta name=\"description\" content=\"Strands Dark Knight Fortex AMBER - LED werklamp met 4 LED - goed voor 3900 Lumen - geschikt voor diverse voertuigen - IP68 \/ 69K waterproof - ECE R10\" \/>\n<meta name=\"robots\" content=\"index, follow, max-snippet:-1, max-image-preview:large, max-video-preview:-1\" \/>\n<link rel=\"canonical\" href=\"https:\/\/truckned.nl\/de\/produkt\/strands-dark-knight-fortex-lamp-amber\/\" \/>\n<meta property=\"og:locale\" content=\"de_DE\" \/>\n<meta property=\"og:type\" content=\"article\" \/>\n<meta property=\"og:title\" content=\"Strands Dark Knight Fortex AMBER - Truckned - goed voor truck en trailer\" \/>\n<meta property=\"og:description\" content=\"Strands Dark Knight Fortex AMBER - LED werklamp met 4 LED - goed voor 3900 Lumen - geschikt voor diverse voertuigen - IP68 \/ 69K waterproof - ECE R10\" \/>\n<meta property=\"og:url\" content=\"https:\/\/truckned.nl\/de\/produkt\/strands-dark-knight-fortex-lamp-amber\/\" \/>\n<meta property=\"og:site_name\" content=\"Truckned\" \/>\n<meta property=\"article:publisher\" content=\"https:\/\/www.facebook.com\/truckned\/\" \/>\n<meta property=\"article:modified_time\" content=\"2026-02-04T09:32:39+00:00\" \/>\n<meta property=\"og:image\" content=\"https:\/\/truckned.nl\/wp-content\/uploads\/2024\/07\/TN-809256.png\" \/>\n\t<meta property=\"og:image:width\" content=\"800\" \/>\n\t<meta property=\"og:image:height\" content=\"800\" \/>\n\t<meta property=\"og:image:type\" content=\"image\/png\" \/>\n<meta name=\"twitter:label1\" content=\"Preis\" \/>\n\t<meta name=\"twitter:data1\" content=\"&euro;84,15\" \/>\n\t<meta name=\"twitter:label2\" content=\"Verf\u00fcgbarkeit\" \/>\n\t<meta name=\"twitter:data2\" content=\"Auf Lager\" \/>\n<script type=\"application\/ld+json\" class=\"yoast-schema-graph\">{\"@context\":\"https:\/\/schema.org\",\"@graph\":[{\"@type\":[\"WebPage\",\"ItemPage\"],\"@id\":\"https:\/\/truckned.nl\/product\/strands-dark-knight-fortex-lamp-amber\/\",\"url\":\"https:\/\/truckned.nl\/product\/strands-dark-knight-fortex-lamp-amber\/\",\"name\":\"Strands Dark Knight Fortex AMBER - Truckned - goed voor truck en trailer\",\"isPartOf\":{\"@id\":\"https:\/\/truckned.nl\/nl\/#website\"},\"primaryImageOfPage\":{\"@id\":\"https:\/\/truckned.nl\/product\/strands-dark-knight-fortex-lamp-amber\/#primaryimage\"},\"image\":{\"@id\":\"https:\/\/truckned.nl\/product\/strands-dark-knight-fortex-lamp-amber\/#primaryimage\"},\"thumbnailUrl\":\"https:\/\/truckned.nl\/wp-content\/uploads\/2023\/11\/TN-809256-00.png\",\"datePublished\":\"2023-11-13T09:57:49+00:00\",\"dateModified\":\"2026-02-04T09:32:39+00:00\",\"description\":\"Strands Dark Knight Fortex AMBER - LED werklamp met 4 LED - goed voor 3900 Lumen - geschikt voor diverse voertuigen - IP68 \/ 69K waterproof - ECE R10\",\"breadcrumb\":{\"@id\":\"https:\/\/truckned.nl\/product\/strands-dark-knight-fortex-lamp-amber\/#breadcrumb\"},\"inLanguage\":\"de\",\"potentialAction\":[{\"@type\":\"ReadAction\",\"target\":[\"https:\/\/truckned.nl\/product\/strands-dark-knight-fortex-lamp-amber\/\"]}]},{\"@type\":\"ImageObject\",\"inLanguage\":\"de\",\"@id\":\"https:\/\/truckned.nl\/product\/strands-dark-knight-fortex-lamp-amber\/#primaryimage\",\"url\":\"https:\/\/truckned.nl\/wp-content\/uploads\/2023\/11\/TN-809256-00.png\",\"contentUrl\":\"https:\/\/truckned.nl\/wp-content\/uploads\/2023\/11\/TN-809256-00.png\",\"width\":800,\"height\":800,\"caption\":\"Strands 809256\"},{\"@type\":\"BreadcrumbList\",\"@id\":\"https:\/\/truckned.nl\/product\/strands-dark-knight-fortex-lamp-amber\/#breadcrumb\",\"itemListElement\":[{\"@type\":\"ListItem\",\"position\":1,\"name\":\"Home\",\"item\":\"https:\/\/truckned.nl\/\"},{\"@type\":\"ListItem\",\"position\":2,\"name\":\"Shop\",\"item\":\"https:\/\/truckned.nl\/nl\/shop\/\"},{\"@type\":\"ListItem\",\"position\":3,\"name\":\"Werklampen\",\"item\":\"https:\/\/truckned.nl\/de\/produkt-kategorie\/werklampen\/\"},{\"@type\":\"ListItem\",\"position\":4,\"name\":\"Strands Dark Knight Fortex &#8211; amber\"}]},{\"@type\":\"WebSite\",\"@id\":\"https:\/\/truckned.nl\/nl\/#website\",\"url\":\"https:\/\/truckned.nl\/nl\/\",\"name\":\"Truckned\",\"description\":\"\",\"publisher\":{\"@id\":\"https:\/\/truckned.nl\/nl\/#organization\"},\"potentialAction\":[{\"@type\":\"SearchAction\",\"target\":{\"@type\":\"EntryPoint\",\"urlTemplate\":\"https:\/\/truckned.nl\/nl\/?s={search_term_string}\"},\"query-input\":{\"@type\":\"PropertyValueSpecification\",\"valueRequired\":true,\"valueName\":\"search_term_string\"}}],\"inLanguage\":\"de\"},{\"@type\":\"Organization\",\"@id\":\"https:\/\/truckned.nl\/nl\/#organization\",\"name\":\"Truckned\",\"url\":\"https:\/\/truckned.nl\/nl\/\",\"logo\":{\"@type\":\"ImageObject\",\"inLanguage\":\"de\",\"@id\":\"https:\/\/truckned.nl\/nl\/#\/schema\/logo\/image\/\",\"url\":\"https:\/\/truckned.nl\/wp-content\/uploads\/2022\/10\/800x800-Truckned-logo-zonder-tekst-ZWART.png\",\"contentUrl\":\"https:\/\/truckned.nl\/wp-content\/uploads\/2022\/10\/800x800-Truckned-logo-zonder-tekst-ZWART.png\",\"width\":801,\"height\":801,\"caption\":\"Truckned\"},\"image\":{\"@id\":\"https:\/\/truckned.nl\/nl\/#\/schema\/logo\/image\/\"},\"sameAs\":[\"https:\/\/www.facebook.com\/truckned\/\",\"https:\/\/www.instagram.com\/truckned\/\"],\"vatID\":\"NL863960509B01\",\"taxID\":\"86417487\",\"hasMerchantReturnPolicy\":{\"@type\":\"MerchantReturnPolicy\",\"merchantReturnLink\":\"https:\/\/truckned.nl\/de\/versand-rucksendungen\/\"}}]}<\/script>\n<meta property=\"product:brand\" content=\"Strands\" \/>\n<meta property=\"product:price:amount\" content=\"84.15\" \/>\n<meta property=\"product:price:currency\" content=\"EUR\" \/>\n<meta property=\"og:availability\" content=\"instock\" \/>\n<meta property=\"product:availability\" content=\"instock\" \/>\n<meta property=\"product:retailer_item_id\" content=\"TN-809256\" \/>\n<meta property=\"product:condition\" content=\"new\" \/>\n<!-- \/ Yoast SEO Premium plugin. -->","yoast_head_json":{"title":"Strands Dark Knight Fortex AMBER - Truckned - gut f\u00fcr LKW und Anh\u00e4nger","description":"Strands Dark Knight Fortex AMBER \u2013 LED Arbeitsscheinwerfer mit 4 LED \u2013 gut f\u00fcr 3900 Lumen \u2013 geeignet f\u00fcr verschiedene Fahrzeuge \u2013 IP68\/69K wasserdicht \u2013 ECE R10","robots":{"index":"index","follow":"follow","max-snippet":"max-snippet:-1","max-image-preview":"max-image-preview:large","max-video-preview":"max-video-preview:-1"},"canonical":"https:\/\/truckned.nl\/de\/produkt\/strands-dark-knight-fortex-lamp-amber\/","og_locale":"de_DE","og_type":"article","og_title":"Strands Dark Knight Fortex AMBER - Truckned - goed voor truck en trailer","og_description":"Strands Dark Knight Fortex AMBER - LED werklamp met 4 LED - goed voor 3900 Lumen - geschikt voor diverse voertuigen - IP68 \/ 69K waterproof - ECE R10","og_url":"https:\/\/truckned.nl\/de\/produkt\/strands-dark-knight-fortex-lamp-amber\/","og_site_name":"Truckned","article_publisher":"https:\/\/www.facebook.com\/truckned\/","article_modified_time":"2026-02-04T09:32:39+00:00","og_image":[{"width":800,"height":800,"url":"https:\/\/truckned.nl\/wp-content\/uploads\/2024\/07\/TN-809256.png","type":"image\/png"}],"twitter_misc":{"Preis":"&euro;84,15","Verf\u00fcgbarkeit":"Auf Lager"},"schema":{"@context":"https:\/\/schema.org","@graph":[{"@type":["WebPage","ItemPage"],"@id":"https:\/\/truckned.nl\/product\/strands-dark-knight-fortex-lamp-amber\/","url":"https:\/\/truckned.nl\/product\/strands-dark-knight-fortex-lamp-amber\/","name":"Strands Dark Knight Fortex AMBER - Truckned - gut f\u00fcr LKW und Anh\u00e4nger","isPartOf":{"@id":"https:\/\/truckned.nl\/nl\/#website"},"primaryImageOfPage":{"@id":"https:\/\/truckned.nl\/product\/strands-dark-knight-fortex-lamp-amber\/#primaryimage"},"image":{"@id":"https:\/\/truckned.nl\/product\/strands-dark-knight-fortex-lamp-amber\/#primaryimage"},"thumbnailUrl":"https:\/\/truckned.nl\/wp-content\/uploads\/2023\/11\/TN-809256-00.png","datePublished":"2023-11-13T09:57:49+00:00","dateModified":"2026-02-04T09:32:39+00:00","description":"Strands Dark Knight Fortex AMBER \u2013 LED Arbeitsscheinwerfer mit 4 LED \u2013 gut f\u00fcr 3900 Lumen \u2013 geeignet f\u00fcr verschiedene Fahrzeuge \u2013 IP68\/69K wasserdicht \u2013 ECE R10","breadcrumb":{"@id":"https:\/\/truckned.nl\/product\/strands-dark-knight-fortex-lamp-amber\/#breadcrumb"},"inLanguage":"de","potentialAction":[{"@type":"ReadAction","target":["https:\/\/truckned.nl\/product\/strands-dark-knight-fortex-lamp-amber\/"]}]},{"@type":"ImageObject","inLanguage":"de","@id":"https:\/\/truckned.nl\/product\/strands-dark-knight-fortex-lamp-amber\/#primaryimage","url":"https:\/\/truckned.nl\/wp-content\/uploads\/2023\/11\/TN-809256-00.png","contentUrl":"https:\/\/truckned.nl\/wp-content\/uploads\/2023\/11\/TN-809256-00.png","width":800,"height":800,"caption":"Strands 809256"},{"@type":"BreadcrumbList","@id":"https:\/\/truckned.nl\/product\/strands-dark-knight-fortex-lamp-amber\/#breadcrumb","itemListElement":[{"@type":"ListItem","position":1,"name":"Home","item":"https:\/\/truckned.nl\/"},{"@type":"ListItem","position":2,"name":"Shop","item":"https:\/\/truckned.nl\/nl\/shop\/"},{"@type":"ListItem","position":3,"name":"Werklampen","item":"https:\/\/truckned.nl\/de\/produkt-kategorie\/werklampen\/"},{"@type":"ListItem","position":4,"name":"Strands Dark Knight Fortex &#8211; amber"}]},{"@type":"WebSite","@id":"https:\/\/truckned.nl\/nl\/#website","url":"https:\/\/truckned.nl\/nl\/","name":"Truckned","description":"","publisher":{"@id":"https:\/\/truckned.nl\/nl\/#organization"},"potentialAction":[{"@type":"SearchAction","target":{"@type":"EntryPoint","urlTemplate":"https:\/\/truckned.nl\/nl\/?s={search_term_string}"},"query-input":{"@type":"PropertyValueSpecification","valueRequired":true,"valueName":"search_term_string"}}],"inLanguage":"de"},{"@type":"Organization","@id":"https:\/\/truckned.nl\/nl\/#organization","name":"Truckned","url":"https:\/\/truckned.nl\/nl\/","logo":{"@type":"ImageObject","inLanguage":"de","@id":"https:\/\/truckned.nl\/nl\/#\/schema\/logo\/image\/","url":"https:\/\/truckned.nl\/wp-content\/uploads\/2022\/10\/800x800-Truckned-logo-zonder-tekst-ZWART.png","contentUrl":"https:\/\/truckned.nl\/wp-content\/uploads\/2022\/10\/800x800-Truckned-logo-zonder-tekst-ZWART.png","width":801,"height":801,"caption":"Truckned"},"image":{"@id":"https:\/\/truckned.nl\/nl\/#\/schema\/logo\/image\/"},"sameAs":["https:\/\/www.facebook.com\/truckned\/","https:\/\/www.instagram.com\/truckned\/"],"vatID":"NL863960509B01","taxID":"86417487","hasMerchantReturnPolicy":{"@type":"MerchantReturnPolicy","merchantReturnLink":"https:\/\/truckned.nl\/de\/versand-rucksendungen\/"}}]},"product_brand":"Strands","product_price_amount":"84.15","product_price_currency":"EUR","og_availability":"instock","product_availability":"instock","product_retailer_item_id":"TN-809256","product_condition":"new"},"_links":{"self":[{"href":"https:\/\/truckned.nl\/de\/wp-json\/wp\/v2\/product\/28544","targetHints":{"allow":["GET"]}}],"collection":[{"href":"https:\/\/truckned.nl\/de\/wp-json\/wp\/v2\/product"}],"about":[{"href":"https:\/\/truckned.nl\/de\/wp-json\/wp\/v2\/types\/product"}],"replies":[{"embeddable":true,"href":"https:\/\/truckned.nl\/de\/wp-json\/wp\/v2\/comments?post=28544"}],"wp:featuredmedia":[{"embeddable":true,"href":"https:\/\/truckned.nl\/de\/wp-json\/wp\/v2\/media\/33425"}],"wp:attachment":[{"href":"https:\/\/truckned.nl\/de\/wp-json\/wp\/v2\/media?parent=28544"}],"wp:term":[{"taxonomy":"product_brand","embeddable":true,"href":"https:\/\/truckned.nl\/de\/wp-json\/wp\/v2\/product_brand?post=28544"},{"taxonomy":"product_cat","embeddable":true,"href":"https:\/\/truckned.nl\/de\/wp-json\/wp\/v2\/product_cat?post=28544"},{"taxonomy":"product_tag","embeddable":true,"href":"https:\/\/truckned.nl\/de\/wp-json\/wp\/v2\/product_tag?post=28544"}],"curies":[{"name":"wp","href":"https:\/\/api.w.org\/{rel}","templated":true}]}}