{"id":28592,"date":"2023-11-15T13:21:08","date_gmt":"2023-11-15T11:21:08","guid":{"rendered":"https:\/\/truckned.nl\/?post_type=product&#038;p=28592"},"modified":"2026-05-07T20:58:25","modified_gmt":"2026-05-07T18:58:25","slug":"poppy-grace-mate-lavender","status":"publish","type":"product","link":"https:\/\/truckned.nl\/de\/produkt\/poppy-grace-mate-lavender\/","title":{"rendered":"Poppy Grace Mate Lavender"},"content":{"rendered":"<p><span style=\"color: #000000\"><strong>Poppy Grace Mate Lavender Lufterfrischer.<\/strong><\/span><\/p>\n<p><span style=\"color: #000000\">Sie m\u00f6chten Ihren Arbeitsplatz angenehm duften lassen, wissen aber nicht, welcher Duft Ihnen gef\u00e4llt? Vielleicht ist Poppy Grace Mate Lavender \u2013 Lavendel der Duft, den Sie suchen. Wenn Sie beispielsweise den Lufterfrischer Poppy Grace Mate in Ihrem LKW oder Arbeitsplatz platzieren, k\u00f6nnen Sie sicher sein, dass es frisch riecht. Der Lufterfrischer verstr\u00f6mt etwa 3 Monate lang einen Duft. Dadurch wird sichergestellt, dass die Flasche \u00fcberall dort, wo Sie sie platzieren, angenehm riecht. Oben am Glas befindet sich eine Plastikkappe, mit der Sie die Ausbreitung des Duftes bestimmen k\u00f6nnen.\u00a0<\/span><\/p>\n<div class=\"truncated\">\n<p><span style=\"color: #000000\">Um sicherzustellen, dass der Lufterfrischer Poppy Grace Mate Lavender f\u00fcr Ihren LKW oder Arbeitsplatz geeignet ist. Nachfolgend haben wir einige Spezifikationen aufgeschrieben. All dies, um Ihnen klar zu machen, warum dies m\u00f6glicherweise der Lufterfrischer ist, nach dem Sie suchen. Der Lufterfrischer verf\u00fcgt \u00fcber eine Glasflasche, die daf\u00fcr sorgt, dass der Duft nicht einfach aus der Flasche verschwindet. Damit die Flasche nicht einfach umf\u00e4llt, wird sie mit doppelseitigem Klebeband geliefert. Mit dem doppelseitigen Klebestreifen k\u00f6nnen Sie die Flasche gut befestigen. Als Extra k\u00f6nnen Sie auch einen LED-Ring f\u00fcr die Flasche bestellen. Der LED-Ring sorgt daf\u00fcr, dass die Flasche sch\u00f6n beleuchtet wird.\u00a0<\/span><\/p>\n<h5><span style=\"color: #000000\"><strong>Andere D\u00fcfte:<\/strong><\/span><\/h5>\n<p><span style=\"color: #000000\">Ist Poppy Grace Mate Lavender \u2013 Lavendel nicht die Version, die Sie suchen? Dann wissen Sie, dass der Lufterfrischer auch in den folgenden D\u00fcften erh\u00e4ltlich ist:<\/span><\/p>\n<ul>\n<li><span style=\"color: #000000\"><strong><a style=\"color: #000000\" href=\"https:\/\/truckned.nl\/de\/produkt\/poppy-grace-mate-fine-squash\/\" target=\"_blank\" rel=\"noopener\">Poppy Feiner K\u00fcrbis<\/a> <\/strong><\/span><\/li>\n<li><span style=\"color: #000000\"><a style=\"color: #000000\" href=\"https:\/\/truckned.nl\/de\/produkt\/poppy-grace-mate-gardenia\/\" target=\"_blank\" rel=\"noopener\"><strong>Poppy Gardenie<\/strong><\/a><\/span><\/li>\n<li><span style=\"color: #000000\"><a style=\"color: #000000\" href=\"https:\/\/truckned.nl\/de\/produkt\/poppy-grace-mate-jasmin\/\" target=\"_blank\" rel=\"noopener\"><strong>Poppy Jasmin<\/strong><\/a><\/span><\/li>\n<li><span style=\"color: #000000\"><a style=\"color: #000000\" href=\"https:\/\/truckned.nl\/de\/produkt\/poppy-grace-mate-freesia-1\/\" target=\"_blank\" rel=\"noopener\"><strong>Poppy Freesia\u00a0<\/strong><\/a><\/span><\/li>\n<li><span style=\"color: #000000\"><a style=\"color: #000000\" href=\"https:\/\/truckned.nl\/de\/produkt\/poppy-grace-mate-vanilla\/\" target=\"_blank\" rel=\"noopener\"><strong>Poppy Vanilla<\/strong><\/a><\/span><\/li>\n<li><span style=\"color: #000000\"><a style=\"color: #000000\" href=\"https:\/\/truckned.nl\/de\/produkt\/poppy-grace-mate-cherry-kers\/\" target=\"_blank\" rel=\"noopener\"><strong>Mohn Cherry<\/strong><\/a><\/span><\/li>\n<li><span style=\"color: #000000\"><a style=\"color: #000000\" href=\"https:\/\/truckned.nl\/de\/produkt\/poppy-grace-mate-pine\/\" target=\"_blank\" rel=\"noopener\"><strong>Poppy Pine<\/strong><\/a><\/span><\/li>\n<\/ul>\n<p><span style=\"color: #000000\">Sind Sie der Meinung, dass Poppy Grace Mate Lavender \u2013 Lavendel nicht das ist, was Sie suchen? Dies liegt beispielsweise daran, dass die Farbe oder der Geruch der Flasche nicht gut ist. Dann werfen Sie einen Blick auf die Seite <a style=\"color: #000000\" href=\"https:\/\/truckned.nl\/de\/produkt-kategorie\/cabine-binnenzijde\/geurhanger-luchtverfrisser\/\" target=\"_blank\" rel=\"noopener\">Duftanh\u00e4nger \/ Lufterfrischer<\/a>. Vielleicht finden Sie hier den Duft oder das Accessoire, das Sie suchen!<\/span><\/p>\n<\/div>","protected":false},"excerpt":{"rendered":"<p>Poppy Grace Mate Lavendel-Lufterfrischer. Sie m\u00f6chten einen angenehmen Duft an Ihrem Arbeitsplatz, wissen aber nicht, welcher Duft Ihnen gef\u00e4llt? Vielleicht ist der Poppy Grace Mate Lavendel genau das Richtige f\u00fcr Sie. Mit dem Poppy Grace Mate Lufterfrischer, zum Beispiel in Ihrem LKW oder an Ihrem Arbeitsplatz, [\u2026]<\/p>","protected":false},"featured_media":28610,"comment_status":"open","ping_status":"closed","template":"","meta":{"_acf_changed":false,"site-sidebar-layout":"default","site-content-layout":"default","ast-site-content-layout":"default","site-content-style":"default","site-sidebar-style":"default","ast-global-header-display":"","ast-banner-title-visibility":"","ast-main-header-display":"","ast-hfb-above-header-display":"","ast-hfb-below-header-display":"","ast-hfb-mobile-header-display":"","site-post-title":"","ast-breadcrumbs-content":"","ast-featured-img":"","footer-sml-layout":"","ast-disable-related-posts":"","theme-transparent-header-meta":"default","adv-header-id-meta":"","stick-header-meta":"","header-above-stick-meta":"","header-main-stick-meta":"","header-below-stick-meta":"","astra-migrate-meta-layouts":"set","ast-page-background-enabled":"default","ast-page-background-meta":{"desktop":{"background-color":"","background-image":"","background-repeat":"repeat","background-position":"center center","background-size":"auto","background-attachment":"scroll","background-type":"","background-media":"","overlay-type":"","overlay-color":"","overlay-opacity":"","overlay-gradient":""},"tablet":{"background-color":"","background-image":"","background-repeat":"repeat","background-position":"center center","background-size":"auto","background-attachment":"scroll","background-type":"","background-media":"","overlay-type":"","overlay-color":"","overlay-opacity":"","overlay-gradient":""},"mobile":{"background-color":"","background-image":"","background-repeat":"repeat","background-position":"center center","background-size":"auto","background-attachment":"scroll","background-type":"","background-media":"","overlay-type":"","overlay-color":"","overlay-opacity":"","overlay-gradient":""}},"ast-content-background-meta":{"desktop":{"background-color":"var(--ast-global-color-5)","background-image":"","background-repeat":"repeat","background-position":"center center","background-size":"auto","background-attachment":"scroll","background-type":"","background-media":"","overlay-type":"","overlay-color":"","overlay-opacity":"","overlay-gradient":""},"tablet":{"background-color":"var(--ast-global-color-5)","background-image":"","background-repeat":"repeat","background-position":"center center","background-size":"auto","background-attachment":"scroll","background-type":"","background-media":"","overlay-type":"","overlay-color":"","overlay-opacity":"","overlay-gradient":""},"mobile":{"background-color":"var(--ast-global-color-5)","background-image":"","background-repeat":"repeat","background-position":"center center","background-size":"auto","background-attachment":"scroll","background-type":"","background-media":"","overlay-type":"","overlay-color":"","overlay-opacity":"","overlay-gradient":""}}},"product_brand":[],"product_cat":[7530],"product_tag":[],"class_list":{"0":"post-28592","1":"product","2":"type-product","3":"status-publish","4":"has-post-thumbnail","6":"product_cat-geurhanger-luchtverfrisser","7":"pa_merkk-poppy-grace-mate","8":"desktop-align-left","9":"tablet-align-left","10":"mobile-align-left","12":"first","13":"instock","14":"taxable","15":"shipping-taxable","16":"purchasable","17":"product-type-simple"},"acf":[],"yoast_head":"<!-- This site is optimized with the Yoast SEO Premium plugin v26.5 (Yoast SEO v26.5) - https:\/\/yoast.com\/wordpress\/plugins\/seo\/ -->\n<title>Poppy Grace Mate Lavender - Truckned - glazen luchtverfrisser<\/title>\n<meta name=\"description\" content=\"Poppy Grace Mate Lavender - lavendel \u00ae - luchtverfrisser voor auto, vrachtwagen, camper, tractor en meer- gegarandeerd een goede geur - LED ring mogelijk\" \/>\n<meta name=\"robots\" content=\"index, follow, max-snippet:-1, max-image-preview:large, max-video-preview:-1\" \/>\n<link rel=\"canonical\" href=\"https:\/\/truckned.nl\/de\/produkt\/poppy-grace-mate-lavender\/\" \/>\n<meta property=\"og:locale\" content=\"de_DE\" \/>\n<meta property=\"og:type\" content=\"article\" \/>\n<meta property=\"og:title\" content=\"Poppy Grace Mate Lavender - Truckned - glazen luchtverfrisser\" \/>\n<meta property=\"og:description\" content=\"Poppy Grace Mate Lavender - lavendel \u00ae - luchtverfrisser voor auto, vrachtwagen, camper, tractor en meer- gegarandeerd een goede geur - LED ring mogelijk\" \/>\n<meta property=\"og:url\" content=\"https:\/\/truckned.nl\/de\/produkt\/poppy-grace-mate-lavender\/\" \/>\n<meta property=\"og:site_name\" content=\"Truckned\" \/>\n<meta property=\"article:publisher\" content=\"https:\/\/www.facebook.com\/truckned\/\" \/>\n<meta property=\"article:modified_time\" content=\"2026-05-07T18:58:25+00:00\" \/>\n<meta property=\"og:image\" content=\"https:\/\/truckned.nl\/wp-content\/uploads\/2023\/11\/TN-500145-SM-3.png\" \/>\n\t<meta property=\"og:image:width\" content=\"800\" \/>\n\t<meta property=\"og:image:height\" content=\"800\" \/>\n\t<meta property=\"og:image:type\" content=\"image\/png\" \/>\n<meta name=\"twitter:label1\" content=\"Preis\" \/>\n\t<meta name=\"twitter:data1\" content=\"&euro;11,95\" \/>\n\t<meta name=\"twitter:label2\" content=\"Verf\u00fcgbarkeit\" \/>\n\t<meta name=\"twitter:data2\" content=\"Auf Lager\" \/>\n<script type=\"application\/ld+json\" class=\"yoast-schema-graph\">{\"@context\":\"https:\/\/schema.org\",\"@graph\":[{\"@type\":[\"WebPage\",\"ItemPage\"],\"@id\":\"https:\/\/truckned.nl\/product\/poppy-grace-mate-lavender\/\",\"url\":\"https:\/\/truckned.nl\/product\/poppy-grace-mate-lavender\/\",\"name\":\"Poppy Grace Mate Lavender - Truckned - glazen luchtverfrisser\",\"isPartOf\":{\"@id\":\"https:\/\/truckned.nl\/nl\/#website\"},\"primaryImageOfPage\":{\"@id\":\"https:\/\/truckned.nl\/product\/poppy-grace-mate-lavender\/#primaryimage\"},\"image\":{\"@id\":\"https:\/\/truckned.nl\/product\/poppy-grace-mate-lavender\/#primaryimage\"},\"thumbnailUrl\":\"https:\/\/truckned.nl\/wp-content\/uploads\/2023\/11\/TN-500145-2.png\",\"datePublished\":\"2023-11-15T11:21:08+00:00\",\"dateModified\":\"2026-05-07T18:58:25+00:00\",\"description\":\"Poppy Grace Mate Lavender - lavendel \u00ae - luchtverfrisser voor auto, vrachtwagen, camper, tractor en meer- gegarandeerd een goede geur - LED ring mogelijk\",\"breadcrumb\":{\"@id\":\"https:\/\/truckned.nl\/product\/poppy-grace-mate-lavender\/#breadcrumb\"},\"inLanguage\":\"de\",\"potentialAction\":[{\"@type\":\"ReadAction\",\"target\":[\"https:\/\/truckned.nl\/product\/poppy-grace-mate-lavender\/\"]}]},{\"@type\":\"ImageObject\",\"inLanguage\":\"de\",\"@id\":\"https:\/\/truckned.nl\/product\/poppy-grace-mate-lavender\/#primaryimage\",\"url\":\"https:\/\/truckned.nl\/wp-content\/uploads\/2023\/11\/TN-500145-2.png\",\"contentUrl\":\"https:\/\/truckned.nl\/wp-content\/uploads\/2023\/11\/TN-500145-2.png\",\"width\":800,\"height\":800,\"caption\":\"Poppy Grace Mate Lavender - lavendel - glazen luchtverfrisser voor in de vrachtwagen cabine of ander soort werkplek - EAN: 8719689706036\"},{\"@type\":\"BreadcrumbList\",\"@id\":\"https:\/\/truckned.nl\/product\/poppy-grace-mate-lavender\/#breadcrumb\",\"itemListElement\":[{\"@type\":\"ListItem\",\"position\":1,\"name\":\"Home\",\"item\":\"https:\/\/truckned.nl\/\"},{\"@type\":\"ListItem\",\"position\":2,\"name\":\"Shop\",\"item\":\"https:\/\/truckned.nl\/nl\/shop\/\"},{\"@type\":\"ListItem\",\"position\":3,\"name\":\"Cabine - binnenzijde\",\"item\":\"https:\/\/truckned.nl\/de\/produkt-kategorie\/cabine-binnenzijden\/\"},{\"@type\":\"ListItem\",\"position\":4,\"name\":\"Geurhanger \/ luchtverfrisser\",\"item\":\"https:\/\/truckned.nl\/de\/produkt-kategorie\/cabine-binnenzijden\/geurhanger-luchtverfrisser\/\"},{\"@type\":\"ListItem\",\"position\":5,\"name\":\"Poppy Grace Mate Lavender\"}]},{\"@type\":\"WebSite\",\"@id\":\"https:\/\/truckned.nl\/nl\/#website\",\"url\":\"https:\/\/truckned.nl\/nl\/\",\"name\":\"Truckned\",\"description\":\"\",\"publisher\":{\"@id\":\"https:\/\/truckned.nl\/nl\/#organization\"},\"potentialAction\":[{\"@type\":\"SearchAction\",\"target\":{\"@type\":\"EntryPoint\",\"urlTemplate\":\"https:\/\/truckned.nl\/nl\/?s={search_term_string}\"},\"query-input\":{\"@type\":\"PropertyValueSpecification\",\"valueRequired\":true,\"valueName\":\"search_term_string\"}}],\"inLanguage\":\"de\"},{\"@type\":\"Organization\",\"@id\":\"https:\/\/truckned.nl\/nl\/#organization\",\"name\":\"Truckned\",\"url\":\"https:\/\/truckned.nl\/nl\/\",\"logo\":{\"@type\":\"ImageObject\",\"inLanguage\":\"de\",\"@id\":\"https:\/\/truckned.nl\/nl\/#\/schema\/logo\/image\/\",\"url\":\"https:\/\/truckned.nl\/wp-content\/uploads\/2022\/10\/800x800-Truckned-logo-zonder-tekst-ZWART.png\",\"contentUrl\":\"https:\/\/truckned.nl\/wp-content\/uploads\/2022\/10\/800x800-Truckned-logo-zonder-tekst-ZWART.png\",\"width\":801,\"height\":801,\"caption\":\"Truckned\"},\"image\":{\"@id\":\"https:\/\/truckned.nl\/nl\/#\/schema\/logo\/image\/\"},\"sameAs\":[\"https:\/\/www.facebook.com\/truckned\/\",\"https:\/\/www.instagram.com\/truckned\/\"],\"vatID\":\"NL863960509B01\",\"taxID\":\"86417487\",\"hasMerchantReturnPolicy\":{\"@type\":\"MerchantReturnPolicy\",\"merchantReturnLink\":\"https:\/\/truckned.nl\/de\/versand-rucksendungen\/\"}}]}<\/script>\n<meta property=\"product:brand\" content=\"Poppy Grace Mate\" \/>\n<meta property=\"product:price:amount\" content=\"11.95\" \/>\n<meta property=\"product:price:currency\" content=\"EUR\" \/>\n<meta property=\"og:availability\" content=\"instock\" \/>\n<meta property=\"product:availability\" content=\"instock\" \/>\n<meta property=\"product:retailer_item_id\" content=\"TN-500145\" \/>\n<meta property=\"product:condition\" content=\"new\" \/>\n<!-- \/ Yoast SEO Premium plugin. -->","yoast_head_json":{"title":"Poppy Grace Mate Lavender \u2013 Truckned \u2013 Lufterfrischer aus Glas","description":"Poppy Grace Mate Lavender \u2013 Lavendel \u00ae \u2013 Lufterfrischer f\u00fcr Auto, LKW, Wohnmobil, Traktor und mehr \u2013 garantiert ein guter Duft \u2013 LED Ring m\u00f6glich","robots":{"index":"index","follow":"follow","max-snippet":"max-snippet:-1","max-image-preview":"max-image-preview:large","max-video-preview":"max-video-preview:-1"},"canonical":"https:\/\/truckned.nl\/de\/produkt\/poppy-grace-mate-lavender\/","og_locale":"de_DE","og_type":"article","og_title":"Poppy Grace Mate Lavender - Truckned - glazen luchtverfrisser","og_description":"Poppy Grace Mate Lavender - lavendel \u00ae - luchtverfrisser voor auto, vrachtwagen, camper, tractor en meer- gegarandeerd een goede geur - LED ring mogelijk","og_url":"https:\/\/truckned.nl\/de\/produkt\/poppy-grace-mate-lavender\/","og_site_name":"Truckned","article_publisher":"https:\/\/www.facebook.com\/truckned\/","article_modified_time":"2026-05-07T18:58:25+00:00","og_image":[{"width":800,"height":800,"url":"https:\/\/truckned.nl\/wp-content\/uploads\/2023\/11\/TN-500145-SM-3.png","type":"image\/png"}],"twitter_misc":{"Preis":"&euro;11,95","Verf\u00fcgbarkeit":"Auf Lager"},"schema":{"@context":"https:\/\/schema.org","@graph":[{"@type":["WebPage","ItemPage"],"@id":"https:\/\/truckned.nl\/product\/poppy-grace-mate-lavender\/","url":"https:\/\/truckned.nl\/product\/poppy-grace-mate-lavender\/","name":"Poppy Grace Mate Lavender \u2013 Truckned \u2013 Lufterfrischer aus Glas","isPartOf":{"@id":"https:\/\/truckned.nl\/nl\/#website"},"primaryImageOfPage":{"@id":"https:\/\/truckned.nl\/product\/poppy-grace-mate-lavender\/#primaryimage"},"image":{"@id":"https:\/\/truckned.nl\/product\/poppy-grace-mate-lavender\/#primaryimage"},"thumbnailUrl":"https:\/\/truckned.nl\/wp-content\/uploads\/2023\/11\/TN-500145-2.png","datePublished":"2023-11-15T11:21:08+00:00","dateModified":"2026-05-07T18:58:25+00:00","description":"Poppy Grace Mate Lavender \u2013 Lavendel \u00ae \u2013 Lufterfrischer f\u00fcr Auto, LKW, Wohnmobil, Traktor und mehr \u2013 garantiert ein guter Duft \u2013 LED Ring m\u00f6glich","breadcrumb":{"@id":"https:\/\/truckned.nl\/product\/poppy-grace-mate-lavender\/#breadcrumb"},"inLanguage":"de","potentialAction":[{"@type":"ReadAction","target":["https:\/\/truckned.nl\/product\/poppy-grace-mate-lavender\/"]}]},{"@type":"ImageObject","inLanguage":"de","@id":"https:\/\/truckned.nl\/product\/poppy-grace-mate-lavender\/#primaryimage","url":"https:\/\/truckned.nl\/wp-content\/uploads\/2023\/11\/TN-500145-2.png","contentUrl":"https:\/\/truckned.nl\/wp-content\/uploads\/2023\/11\/TN-500145-2.png","width":800,"height":800,"caption":"Poppy Grace Mate Lavender - lavendel - glazen luchtverfrisser voor in de vrachtwagen cabine of ander soort werkplek - EAN: 8719689706036"},{"@type":"BreadcrumbList","@id":"https:\/\/truckned.nl\/product\/poppy-grace-mate-lavender\/#breadcrumb","itemListElement":[{"@type":"ListItem","position":1,"name":"Home","item":"https:\/\/truckned.nl\/"},{"@type":"ListItem","position":2,"name":"Shop","item":"https:\/\/truckned.nl\/nl\/shop\/"},{"@type":"ListItem","position":3,"name":"Cabine - binnenzijde","item":"https:\/\/truckned.nl\/de\/produkt-kategorie\/cabine-binnenzijden\/"},{"@type":"ListItem","position":4,"name":"Geurhanger \/ luchtverfrisser","item":"https:\/\/truckned.nl\/de\/produkt-kategorie\/cabine-binnenzijden\/geurhanger-luchtverfrisser\/"},{"@type":"ListItem","position":5,"name":"Poppy Grace Mate Lavender"}]},{"@type":"WebSite","@id":"https:\/\/truckned.nl\/nl\/#website","url":"https:\/\/truckned.nl\/nl\/","name":"Truckned","description":"","publisher":{"@id":"https:\/\/truckned.nl\/nl\/#organization"},"potentialAction":[{"@type":"SearchAction","target":{"@type":"EntryPoint","urlTemplate":"https:\/\/truckned.nl\/nl\/?s={search_term_string}"},"query-input":{"@type":"PropertyValueSpecification","valueRequired":true,"valueName":"search_term_string"}}],"inLanguage":"de"},{"@type":"Organization","@id":"https:\/\/truckned.nl\/nl\/#organization","name":"Truckned","url":"https:\/\/truckned.nl\/nl\/","logo":{"@type":"ImageObject","inLanguage":"de","@id":"https:\/\/truckned.nl\/nl\/#\/schema\/logo\/image\/","url":"https:\/\/truckned.nl\/wp-content\/uploads\/2022\/10\/800x800-Truckned-logo-zonder-tekst-ZWART.png","contentUrl":"https:\/\/truckned.nl\/wp-content\/uploads\/2022\/10\/800x800-Truckned-logo-zonder-tekst-ZWART.png","width":801,"height":801,"caption":"Truckned"},"image":{"@id":"https:\/\/truckned.nl\/nl\/#\/schema\/logo\/image\/"},"sameAs":["https:\/\/www.facebook.com\/truckned\/","https:\/\/www.instagram.com\/truckned\/"],"vatID":"NL863960509B01","taxID":"86417487","hasMerchantReturnPolicy":{"@type":"MerchantReturnPolicy","merchantReturnLink":"https:\/\/truckned.nl\/de\/versand-rucksendungen\/"}}]},"product_brand":"Poppy Grace Mate","product_price_amount":"11.95","product_price_currency":"EUR","og_availability":"instock","product_availability":"instock","product_retailer_item_id":"TN-500145","product_condition":"new"},"_links":{"self":[{"href":"https:\/\/truckned.nl\/de\/wp-json\/wp\/v2\/product\/28592","targetHints":{"allow":["GET"]}}],"collection":[{"href":"https:\/\/truckned.nl\/de\/wp-json\/wp\/v2\/product"}],"about":[{"href":"https:\/\/truckned.nl\/de\/wp-json\/wp\/v2\/types\/product"}],"replies":[{"embeddable":true,"href":"https:\/\/truckned.nl\/de\/wp-json\/wp\/v2\/comments?post=28592"}],"wp:featuredmedia":[{"embeddable":true,"href":"https:\/\/truckned.nl\/de\/wp-json\/wp\/v2\/media\/28610"}],"wp:attachment":[{"href":"https:\/\/truckned.nl\/de\/wp-json\/wp\/v2\/media?parent=28592"}],"wp:term":[{"taxonomy":"product_brand","embeddable":true,"href":"https:\/\/truckned.nl\/de\/wp-json\/wp\/v2\/product_brand?post=28592"},{"taxonomy":"product_cat","embeddable":true,"href":"https:\/\/truckned.nl\/de\/wp-json\/wp\/v2\/product_cat?post=28592"},{"taxonomy":"product_tag","embeddable":true,"href":"https:\/\/truckned.nl\/de\/wp-json\/wp\/v2\/product_tag?post=28592"}],"curies":[{"name":"wp","href":"https:\/\/api.w.org\/{rel}","templated":true}]}}