{"id":28656,"date":"2023-11-20T15:18:48","date_gmt":"2023-11-20T13:18:48","guid":{"rendered":"https:\/\/truckned.nl\/?post_type=product&#038;p=28656"},"modified":"2026-04-24T15:27:44","modified_gmt":"2026-04-24T13:27:44","slug":"strands-dark-knight-6-led-flitser-donker","status":"publish","type":"product","link":"https:\/\/truckned.nl\/de\/produkt\/strands-dark-knight-6-led-flitser-donker\/","title":{"rendered":"Strands Dark Knight 6 LED Blitz - dunkel"},"content":{"rendered":"<p><span style=\"color: #000000;\"><strong>Strands Dark Knight 6 LED Blitz dunkel glas.\u00a0<\/strong><\/span><\/p>\n<p><span style=\"color: #000000;\">Suchen Sie einen LED-Blitz mit dunklem Glas, der Sie bei Ihrer Arbeit hervorstechen l\u00e4sst? Dann k\u00f6nnte dieses LED-Modul der Marke Strands die Lampe sein, die Sie suchen. Diese Warnleuchte ist mit 6 LED-Dioden ausgestattet und sorgt daf\u00fcr, dass Sie bei geringem Stromverbrauch gut sichtbar sind. Sie k\u00f6nnen dieses LED-Blitzmodul mit dunklem Glas auch bei 12 und 24 Volt verwenden. Dies bedeutet, dass Sie den orangefarbenen Blitz LED beispielsweise an Ihrem Auto, LKW, Anh\u00e4nger oder einem anderen Fahrzeugtyp montieren k\u00f6nnen.<\/span><\/p>\n<p><span style=\"color: #000000;\">Damit Strands Dark Knight 6 LED Blitzorange mit dunklem Glas f\u00fcr Ihr Auto, landwirtschaftliches Fahrzeug, LKW oder Anh\u00e4nger geeignet ist. Nachfolgend haben wir einige Spezifikationen aufgeschrieben. All dies, um Ihnen klar zu machen, warum dies m\u00f6glicherweise die LED-Lampe ist, nach der Sie suchen. Dieses LED-Modul ist unter anderem mit dem ECE R10-G\u00fctezeichen versehen. Dieses G\u00fctesiegel bedeutet, dass die Lampe beim Einschalten keine St\u00f6rungen, beispielsweise auf das Funksignal, verursacht. Dieses Modul verf\u00fcgt au\u00dferdem \u00fcber ein ECE E65-G\u00fctezeichen und ist somit f\u00fcr den Einsatz im \u00f6ffentlichen Stra\u00dfenverkehr geeignet. Um das Ganze abzurunden, wird dieser LED-Blitz mit einem 40-Zentimeter-Kabel geliefert.<\/span><\/p>\n<h5><span style=\"color: #000000;\"><strong>Abmessungen:<\/strong><\/span><\/h5>\n<p><span style=\"color: #000000;\">Damit Sie den orange beleuchteten Blitz LED \u00fcberall montieren k\u00f6nnen, haben wir uns die untenstehenden Ma\u00dfe notiert. Die Abmessungen des Strands Dark Knight 6 LED Blitz mit dunkel glas sind wie folgt:<\/span><\/p>\n<ul>\n<li><span style=\"color: #000000;\">H\u00f6he: 33,2 mm<\/span><\/li>\n<li><span style=\"color: #000000;\">Breite: 129,2 mm<\/span><\/li>\n<li><span style=\"color: #000000;\">Dicke: 14,8 mm<\/span><\/li>\n<\/ul>\n<h5><span style=\"color: #000000;\"><strong>Andere Versionen:<\/strong><\/span><\/h5>\n<p><span style=\"color: #000000;\">Sie w\u00fcnschen sich eine Signalleuchte, aber ist der Strands Dark Knight 6 LED Blitz nicht das, was Sie suchen? Dann wissen Sie Folgendes: Strands bietet eine gro\u00dfe Auswahl an verschiedenen Blitztypen. Schauen Sie sich unten die anderen Modelle an:<\/span><\/p>\n<ul>\n<li><span style=\"color: #000000;\"><a style=\"color: #000000;\" href=\"https:\/\/truckned.nl\/de\/produkt\/strands-dark-knight-4-led-flitser-donker\/\" target=\"_blank\" rel=\"noopener\"><strong>Dark Knight 4 LED Blitz dunkel<\/strong><\/a><\/span><\/li>\n<li><span style=\"color: #000000;\"><a style=\"color: #000000;\" href=\"https:\/\/truckned.nl\/de\/produkt\/strands-dark-knight-4-led-flitser-helder\/\" target=\"_blank\" rel=\"noopener\"><strong>Dark Knight 4 LED Blitzklar\u00a0<\/strong><\/a><\/span><\/li>\n<li><span style=\"color: #000000;\"><a style=\"color: #000000;\" href=\"https:\/\/truckned.nl\/de\/produkt\/strands-dark-knight-6-led-flitser-helder\/\" target=\"_blank\" rel=\"noopener\"><strong>Dark Knight 6 LED Blitzklar<\/strong><\/a><\/span><\/li>\n<\/ul>\n<p><span style=\"color: #000000;\">Denken Sie immer noch, dass der Strands Dark Knight 6 LED Blitz nicht das ist, was Sie suchen? Dann wissen Sie, dass wir noch mehr verschiedene Warnleuchten in unserem Sortiment haben. Das komplette Signalisierungsangebot ist <a style=\"color: #000000;\" href=\"https:\/\/truckned.nl\/de\/produkt-kategorie\/signalering\/\">hier<\/a> schauen. Da Sie die Lampe nach Erhalt schnell zusammenbauen m\u00f6chten, k\u00f6nnen Sie: <a style=\"color: #000000;\" href=\"https:\/\/strandseurope.com\/uploads\/2023\/11\/850400-850404-manual.pdf\">hier<\/a> das Flash-Handbuch zur\u00fcck v<span style=\"font-size: 16px;\">ind.<\/span><\/span><\/p>","protected":false},"excerpt":{"rendered":"<p>Strands Dark Knight 6 LED Taschenlampe mit dunklem Glas. Suchen Sie eine LED Taschenlampe mit dunklem Glas, um bei Ihrer Arbeit gut sichtbar zu sein? Dann k\u00f6nnte dieses LED Modul der Marke Strands die richtige Leuchte f\u00fcr Sie sein. Diese Warnleuchte ist mit 6 LED Dioden ausgestattet und sorgt f\u00fcr [\u2026]<\/p>","protected":false},"featured_media":33458,"comment_status":"open","ping_status":"closed","template":"","meta":{"_acf_changed":false,"site-sidebar-layout":"default","site-content-layout":"default","ast-site-content-layout":"default","site-content-style":"default","site-sidebar-style":"default","ast-global-header-display":"","ast-banner-title-visibility":"","ast-main-header-display":"","ast-hfb-above-header-display":"","ast-hfb-below-header-display":"","ast-hfb-mobile-header-display":"","site-post-title":"","ast-breadcrumbs-content":"","ast-featured-img":"","footer-sml-layout":"","ast-disable-related-posts":"","theme-transparent-header-meta":"default","adv-header-id-meta":"","stick-header-meta":"","header-above-stick-meta":"","header-main-stick-meta":"","header-below-stick-meta":"","astra-migrate-meta-layouts":"set","ast-page-background-enabled":"default","ast-page-background-meta":{"desktop":{"background-color":"","background-image":"","background-repeat":"repeat","background-position":"center center","background-size":"auto","background-attachment":"scroll","background-type":"","background-media":"","overlay-type":"","overlay-color":"","overlay-opacity":"","overlay-gradient":""},"tablet":{"background-color":"","background-image":"","background-repeat":"repeat","background-position":"center center","background-size":"auto","background-attachment":"scroll","background-type":"","background-media":"","overlay-type":"","overlay-color":"","overlay-opacity":"","overlay-gradient":""},"mobile":{"background-color":"","background-image":"","background-repeat":"repeat","background-position":"center center","background-size":"auto","background-attachment":"scroll","background-type":"","background-media":"","overlay-type":"","overlay-color":"","overlay-opacity":"","overlay-gradient":""}},"ast-content-background-meta":{"desktop":{"background-color":"var(--ast-global-color-5)","background-image":"","background-repeat":"repeat","background-position":"center center","background-size":"auto","background-attachment":"scroll","background-type":"","background-media":"","overlay-type":"","overlay-color":"","overlay-opacity":"","overlay-gradient":""},"tablet":{"background-color":"var(--ast-global-color-5)","background-image":"","background-repeat":"repeat","background-position":"center center","background-size":"auto","background-attachment":"scroll","background-type":"","background-media":"","overlay-type":"","overlay-color":"","overlay-opacity":"","overlay-gradient":""},"mobile":{"background-color":"var(--ast-global-color-5)","background-image":"","background-repeat":"repeat","background-position":"center center","background-size":"auto","background-attachment":"scroll","background-type":"","background-media":"","overlay-type":"","overlay-color":"","overlay-opacity":"","overlay-gradient":""}}},"product_brand":[],"product_cat":[7905],"product_tag":[],"class_list":{"0":"post-28656","1":"product","2":"type-product","3":"status-publish","4":"has-post-thumbnail","6":"product_cat-flitser","7":"pa_merkk-product-strands-lighting-division","8":"desktop-align-left","9":"tablet-align-left","10":"mobile-align-left","12":"first","13":"instock","14":"taxable","15":"shipping-taxable","16":"purchasable","17":"product-type-simple"},"acf":[],"yoast_head":"<!-- This site is optimized with the Yoast SEO Premium plugin v26.5 (Yoast SEO v26.5) - https:\/\/yoast.com\/wordpress\/plugins\/seo\/ -->\n<title>Dark Knight 6 LED Flitser Donker - Strands - Truckned - voor Truck &amp; Trailer<\/title>\n<meta name=\"description\" content=\"Strands Dark Knight 6 LED flitser donker - waarschuwingslamp met ECE R65 - 40 cm kabel en smoke glas - voor 12&amp;24V - auto, vrachtwagen, trailer en meer\" \/>\n<meta name=\"robots\" content=\"index, follow, max-snippet:-1, max-image-preview:large, max-video-preview:-1\" \/>\n<link rel=\"canonical\" href=\"https:\/\/truckned.nl\/de\/produkt\/strands-dark-knight-6-led-flitser-donker\/\" \/>\n<meta property=\"og:locale\" content=\"de_DE\" \/>\n<meta property=\"og:type\" content=\"article\" \/>\n<meta property=\"og:title\" content=\"Dark Knight 6 LED Flitser Donker - Strands - Truckned - voor Truck &amp; Trailer\" \/>\n<meta property=\"og:description\" content=\"Strands Dark Knight 6 LED flitser donker - waarschuwingslamp met ECE R65 - 40 cm kabel en smoke glas - voor 12&amp;24V - auto, vrachtwagen, trailer en meer\" \/>\n<meta property=\"og:url\" content=\"https:\/\/truckned.nl\/de\/produkt\/strands-dark-knight-6-led-flitser-donker\/\" \/>\n<meta property=\"og:site_name\" content=\"Truckned\" \/>\n<meta property=\"article:publisher\" content=\"https:\/\/www.facebook.com\/truckned\/\" \/>\n<meta property=\"article:modified_time\" content=\"2026-04-24T13:27:44+00:00\" \/>\n<meta property=\"og:image\" content=\"https:\/\/truckned.nl\/wp-content\/uploads\/2023\/11\/TN-85404-SM-1.png\" \/>\n\t<meta property=\"og:image:width\" content=\"800\" \/>\n\t<meta property=\"og:image:height\" content=\"800\" \/>\n\t<meta property=\"og:image:type\" content=\"image\/png\" \/>\n<meta name=\"twitter:label1\" content=\"Preis\" \/>\n\t<meta name=\"twitter:data1\" content=\"&euro;37,50\" \/>\n\t<meta name=\"twitter:label2\" content=\"Verf\u00fcgbarkeit\" \/>\n\t<meta name=\"twitter:data2\" content=\"Auf Lager\" \/>\n<script type=\"application\/ld+json\" class=\"yoast-schema-graph\">{\"@context\":\"https:\/\/schema.org\",\"@graph\":[{\"@type\":[\"WebPage\",\"ItemPage\"],\"@id\":\"https:\/\/truckned.nl\/product\/strands-dark-knight-6-led-flitser-donker\/\",\"url\":\"https:\/\/truckned.nl\/product\/strands-dark-knight-6-led-flitser-donker\/\",\"name\":\"Dark Knight 6 LED Flitser Donker - Strands - Truckned - voor Truck & Trailer\",\"isPartOf\":{\"@id\":\"https:\/\/truckned.nl\/nl\/#website\"},\"primaryImageOfPage\":{\"@id\":\"https:\/\/truckned.nl\/product\/strands-dark-knight-6-led-flitser-donker\/#primaryimage\"},\"image\":{\"@id\":\"https:\/\/truckned.nl\/product\/strands-dark-knight-6-led-flitser-donker\/#primaryimage\"},\"thumbnailUrl\":\"https:\/\/truckned.nl\/wp-content\/uploads\/2023\/11\/TN-85404-00.png\",\"datePublished\":\"2023-11-20T13:18:48+00:00\",\"dateModified\":\"2026-04-24T13:27:44+00:00\",\"description\":\"Strands Dark Knight 6 LED flitser donker - waarschuwingslamp met ECE R65 - 40 cm kabel en smoke glas - voor 12&24V - auto, vrachtwagen, trailer en meer\",\"breadcrumb\":{\"@id\":\"https:\/\/truckned.nl\/product\/strands-dark-knight-6-led-flitser-donker\/#breadcrumb\"},\"inLanguage\":\"de\",\"potentialAction\":[{\"@type\":\"ReadAction\",\"target\":[\"https:\/\/truckned.nl\/product\/strands-dark-knight-6-led-flitser-donker\/\"]}]},{\"@type\":\"ImageObject\",\"inLanguage\":\"de\",\"@id\":\"https:\/\/truckned.nl\/product\/strands-dark-knight-6-led-flitser-donker\/#primaryimage\",\"url\":\"https:\/\/truckned.nl\/wp-content\/uploads\/2023\/11\/TN-85404-00.png\",\"contentUrl\":\"https:\/\/truckned.nl\/wp-content\/uploads\/2023\/11\/TN-85404-00.png\",\"width\":800,\"height\":800,\"caption\":\"Strands 85404\"},{\"@type\":\"BreadcrumbList\",\"@id\":\"https:\/\/truckned.nl\/product\/strands-dark-knight-6-led-flitser-donker\/#breadcrumb\",\"itemListElement\":[{\"@type\":\"ListItem\",\"position\":1,\"name\":\"Home\",\"item\":\"https:\/\/truckned.nl\/\"},{\"@type\":\"ListItem\",\"position\":2,\"name\":\"Shop\",\"item\":\"https:\/\/truckned.nl\/nl\/shop\/\"},{\"@type\":\"ListItem\",\"position\":3,\"name\":\"Signalering\",\"item\":\"https:\/\/truckned.nl\/product-categorie\/signalering\/\"},{\"@type\":\"ListItem\",\"position\":4,\"name\":\"Flitser\",\"item\":\"https:\/\/truckned.nl\/product-categorie\/signalering\/flitser\/\"},{\"@type\":\"ListItem\",\"position\":5,\"name\":\"Strands Dark Knight 6 LED flitser &#8211; donker\"}]},{\"@type\":\"WebSite\",\"@id\":\"https:\/\/truckned.nl\/nl\/#website\",\"url\":\"https:\/\/truckned.nl\/nl\/\",\"name\":\"Truckned\",\"description\":\"\",\"publisher\":{\"@id\":\"https:\/\/truckned.nl\/nl\/#organization\"},\"potentialAction\":[{\"@type\":\"SearchAction\",\"target\":{\"@type\":\"EntryPoint\",\"urlTemplate\":\"https:\/\/truckned.nl\/nl\/?s={search_term_string}\"},\"query-input\":{\"@type\":\"PropertyValueSpecification\",\"valueRequired\":true,\"valueName\":\"search_term_string\"}}],\"inLanguage\":\"de\"},{\"@type\":\"Organization\",\"@id\":\"https:\/\/truckned.nl\/nl\/#organization\",\"name\":\"Truckned\",\"url\":\"https:\/\/truckned.nl\/nl\/\",\"logo\":{\"@type\":\"ImageObject\",\"inLanguage\":\"de\",\"@id\":\"https:\/\/truckned.nl\/nl\/#\/schema\/logo\/image\/\",\"url\":\"https:\/\/truckned.nl\/wp-content\/uploads\/2022\/10\/800x800-Truckned-logo-zonder-tekst-ZWART.png\",\"contentUrl\":\"https:\/\/truckned.nl\/wp-content\/uploads\/2022\/10\/800x800-Truckned-logo-zonder-tekst-ZWART.png\",\"width\":801,\"height\":801,\"caption\":\"Truckned\"},\"image\":{\"@id\":\"https:\/\/truckned.nl\/nl\/#\/schema\/logo\/image\/\"},\"sameAs\":[\"https:\/\/www.facebook.com\/truckned\/\",\"https:\/\/www.instagram.com\/truckned\/\"],\"vatID\":\"NL863960509B01\",\"taxID\":\"86417487\",\"hasMerchantReturnPolicy\":{\"@type\":\"MerchantReturnPolicy\",\"merchantReturnLink\":\"https:\/\/truckned.nl\/de\/versand-rucksendungen\/\"}}]}<\/script>\n<meta property=\"product:brand\" content=\"Strands\" \/>\n<meta property=\"product:price:amount\" content=\"37.50\" \/>\n<meta property=\"product:price:currency\" content=\"EUR\" \/>\n<meta property=\"og:availability\" content=\"instock\" \/>\n<meta property=\"product:availability\" content=\"instock\" \/>\n<meta property=\"product:retailer_item_id\" content=\"TN-850404\" \/>\n<meta property=\"product:condition\" content=\"new\" \/>\n<!-- \/ Yoast SEO Premium plugin. -->","yoast_head_json":{"title":"Dark Knight 6 LED Blitz Dunkel - Strands - Truckned \u2013 f\u00fcr LKW und Anh\u00e4nger","description":"Strands Dark Knight 6 LED Blitz dunkel \u2013 Warnleuchte mit ECE R65 \u2013 40 cm Kabel und Rauchglas \u2013 f\u00fcr 12&amp;24V \u2013 PKW, LKW, Anh\u00e4nger und mehr","robots":{"index":"index","follow":"follow","max-snippet":"max-snippet:-1","max-image-preview":"max-image-preview:large","max-video-preview":"max-video-preview:-1"},"canonical":"https:\/\/truckned.nl\/de\/produkt\/strands-dark-knight-6-led-flitser-donker\/","og_locale":"de_DE","og_type":"article","og_title":"Dark Knight 6 LED Flitser Donker - Strands - Truckned - voor Truck & Trailer","og_description":"Strands Dark Knight 6 LED flitser donker - waarschuwingslamp met ECE R65 - 40 cm kabel en smoke glas - voor 12&24V - auto, vrachtwagen, trailer en meer","og_url":"https:\/\/truckned.nl\/de\/produkt\/strands-dark-knight-6-led-flitser-donker\/","og_site_name":"Truckned","article_publisher":"https:\/\/www.facebook.com\/truckned\/","article_modified_time":"2026-04-24T13:27:44+00:00","og_image":[{"width":800,"height":800,"url":"https:\/\/truckned.nl\/wp-content\/uploads\/2023\/11\/TN-85404-SM-1.png","type":"image\/png"}],"twitter_misc":{"Preis":"&euro;37,50","Verf\u00fcgbarkeit":"Auf Lager"},"schema":{"@context":"https:\/\/schema.org","@graph":[{"@type":["WebPage","ItemPage"],"@id":"https:\/\/truckned.nl\/product\/strands-dark-knight-6-led-flitser-donker\/","url":"https:\/\/truckned.nl\/product\/strands-dark-knight-6-led-flitser-donker\/","name":"Dark Knight 6 LED Blitz Dunkel - Strands - Truckned \u2013 f\u00fcr LKW und Anh\u00e4nger","isPartOf":{"@id":"https:\/\/truckned.nl\/nl\/#website"},"primaryImageOfPage":{"@id":"https:\/\/truckned.nl\/product\/strands-dark-knight-6-led-flitser-donker\/#primaryimage"},"image":{"@id":"https:\/\/truckned.nl\/product\/strands-dark-knight-6-led-flitser-donker\/#primaryimage"},"thumbnailUrl":"https:\/\/truckned.nl\/wp-content\/uploads\/2023\/11\/TN-85404-00.png","datePublished":"2023-11-20T13:18:48+00:00","dateModified":"2026-04-24T13:27:44+00:00","description":"Strands Dark Knight 6 LED Blitz dunkel \u2013 Warnleuchte mit ECE R65 \u2013 40 cm Kabel und Rauchglas \u2013 f\u00fcr 12&amp;24V \u2013 PKW, LKW, Anh\u00e4nger und mehr","breadcrumb":{"@id":"https:\/\/truckned.nl\/product\/strands-dark-knight-6-led-flitser-donker\/#breadcrumb"},"inLanguage":"de","potentialAction":[{"@type":"ReadAction","target":["https:\/\/truckned.nl\/product\/strands-dark-knight-6-led-flitser-donker\/"]}]},{"@type":"ImageObject","inLanguage":"de","@id":"https:\/\/truckned.nl\/product\/strands-dark-knight-6-led-flitser-donker\/#primaryimage","url":"https:\/\/truckned.nl\/wp-content\/uploads\/2023\/11\/TN-85404-00.png","contentUrl":"https:\/\/truckned.nl\/wp-content\/uploads\/2023\/11\/TN-85404-00.png","width":800,"height":800,"caption":"Strands 85404"},{"@type":"BreadcrumbList","@id":"https:\/\/truckned.nl\/product\/strands-dark-knight-6-led-flitser-donker\/#breadcrumb","itemListElement":[{"@type":"ListItem","position":1,"name":"Home","item":"https:\/\/truckned.nl\/"},{"@type":"ListItem","position":2,"name":"Shop","item":"https:\/\/truckned.nl\/nl\/shop\/"},{"@type":"ListItem","position":3,"name":"Signalering","item":"https:\/\/truckned.nl\/product-categorie\/signalering\/"},{"@type":"ListItem","position":4,"name":"Flitser","item":"https:\/\/truckned.nl\/product-categorie\/signalering\/flitser\/"},{"@type":"ListItem","position":5,"name":"Strands Dark Knight 6 LED flitser &#8211; donker"}]},{"@type":"WebSite","@id":"https:\/\/truckned.nl\/nl\/#website","url":"https:\/\/truckned.nl\/nl\/","name":"Truckned","description":"","publisher":{"@id":"https:\/\/truckned.nl\/nl\/#organization"},"potentialAction":[{"@type":"SearchAction","target":{"@type":"EntryPoint","urlTemplate":"https:\/\/truckned.nl\/nl\/?s={search_term_string}"},"query-input":{"@type":"PropertyValueSpecification","valueRequired":true,"valueName":"search_term_string"}}],"inLanguage":"de"},{"@type":"Organization","@id":"https:\/\/truckned.nl\/nl\/#organization","name":"Truckned","url":"https:\/\/truckned.nl\/nl\/","logo":{"@type":"ImageObject","inLanguage":"de","@id":"https:\/\/truckned.nl\/nl\/#\/schema\/logo\/image\/","url":"https:\/\/truckned.nl\/wp-content\/uploads\/2022\/10\/800x800-Truckned-logo-zonder-tekst-ZWART.png","contentUrl":"https:\/\/truckned.nl\/wp-content\/uploads\/2022\/10\/800x800-Truckned-logo-zonder-tekst-ZWART.png","width":801,"height":801,"caption":"Truckned"},"image":{"@id":"https:\/\/truckned.nl\/nl\/#\/schema\/logo\/image\/"},"sameAs":["https:\/\/www.facebook.com\/truckned\/","https:\/\/www.instagram.com\/truckned\/"],"vatID":"NL863960509B01","taxID":"86417487","hasMerchantReturnPolicy":{"@type":"MerchantReturnPolicy","merchantReturnLink":"https:\/\/truckned.nl\/de\/versand-rucksendungen\/"}}]},"product_brand":"Strands","product_price_amount":"37.50","product_price_currency":"EUR","og_availability":"instock","product_availability":"instock","product_retailer_item_id":"TN-850404","product_condition":"new"},"_links":{"self":[{"href":"https:\/\/truckned.nl\/de\/wp-json\/wp\/v2\/product\/28656","targetHints":{"allow":["GET"]}}],"collection":[{"href":"https:\/\/truckned.nl\/de\/wp-json\/wp\/v2\/product"}],"about":[{"href":"https:\/\/truckned.nl\/de\/wp-json\/wp\/v2\/types\/product"}],"replies":[{"embeddable":true,"href":"https:\/\/truckned.nl\/de\/wp-json\/wp\/v2\/comments?post=28656"}],"wp:featuredmedia":[{"embeddable":true,"href":"https:\/\/truckned.nl\/de\/wp-json\/wp\/v2\/media\/33458"}],"wp:attachment":[{"href":"https:\/\/truckned.nl\/de\/wp-json\/wp\/v2\/media?parent=28656"}],"wp:term":[{"taxonomy":"product_brand","embeddable":true,"href":"https:\/\/truckned.nl\/de\/wp-json\/wp\/v2\/product_brand?post=28656"},{"taxonomy":"product_cat","embeddable":true,"href":"https:\/\/truckned.nl\/de\/wp-json\/wp\/v2\/product_cat?post=28656"},{"taxonomy":"product_tag","embeddable":true,"href":"https:\/\/truckned.nl\/de\/wp-json\/wp\/v2\/product_tag?post=28656"}],"curies":[{"name":"wp","href":"https:\/\/api.w.org\/{rel}","templated":true}]}}