{"id":28658,"date":"2023-11-20T15:18:52","date_gmt":"2023-11-20T13:18:52","guid":{"rendered":"https:\/\/truckned.nl\/?post_type=product&#038;p=28658"},"modified":"2026-04-09T09:22:50","modified_gmt":"2026-04-09T07:22:50","slug":"strands-dark-knight-gloria-led-flitser-donker","status":"publish","type":"product","link":"https:\/\/truckned.nl\/de\/produkt\/strands-dark-knight-gloria-led-flitser-donker\/","title":{"rendered":"Strands Dark Knight Gloria LED Blitz - dunkel"},"content":{"rendered":"<p><span style=\"color: #000000;\"><strong>Strands Dark Knight Gloria LED Blitz ORANGE mit dunkel Glas.<\/strong><\/span><\/p>\n<p><span style=\"color: #000000;\">Suchen Sie einen Blitz in sch\u00f6ner Gr\u00f6\u00dfe, den Sie beispielsweise in eine Sto\u00dfstange oder eine Lampenhalterung umwandeln k\u00f6nnen? Dann k\u00f6nnte der Blitz Strands Dark Knight Gloria LED mit dunklem Glas und 21 Mustern die Lampe sein, die Sie suchen. Die orangefarbene Warnleuchte ist mit 6 hellen LED-Punkten ausgestattet! Der orangefarbene Gloria LED-Blitz funktioniert mit 12 und 24 Volt, sodass Sie die LED-Lampe an verschiedenen Fahrzeugen anbringen k\u00f6nnen. Sie k\u00f6nnen die Warnleuchte LED beispielsweise an einem Auto, Wohnmobil, LKW oder einem anderen Fahrzeugtyp montieren.<\/span><\/p>\n<p><span style=\"color: #000000;\">Damit das Strands Dark Knight Gloria LED Blitzorange mit dunklem Glas f\u00fcr Ihr Fahrzeug oder Ihren Anh\u00e4nger geeignet ist. Nachfolgend haben wir einige Spezifikationen aufgeschrieben. Die Warnleuchte LED der Marke Strands verf\u00fcgt unter anderem \u00fcber das G\u00fctezeichen ECE R65 Klasse 2. Aber auch das ECE-R10-G\u00fctezeichen. Das ECE-R10-G\u00fctezeichen besagt, dass die Lampe bei der Aktivierung keine St\u00f6rungen, beispielsweise beim Funksignal, verursacht. Das G\u00fctezeichen ECE R65 Klasse 2 weist darauf hin, dass die Lampe als Warnleuchte im \u00f6ffentlichen Stra\u00dfenverkehr eingesetzt werden darf. Dar\u00fcber hinaus verf\u00fcgt die Lampe \u00fcber das IP69K-G\u00fctezeichen. Dieses G\u00fctezeichen zeigt an, dass die Lampe vollst\u00e4ndig ledig staub- und wasserdicht ist.<\/span><\/p>\n<h5><span style=\"color: #000000;\"><strong>Abmessungen:<\/strong><\/span><\/h5>\n<p><span style=\"color: #000000;\">Denn vor dem Kauf m\u00f6chten Sie sicher sein, dass Sie die Lampe dort montieren k\u00f6nnen, wo Sie m\u00f6chten. Nachfolgend haben wir die Abmessungen des LED Einbaublitzes notiert. Die Abmessungen des Strands Dark Knight Gloria LED Blitzes mit dunklem Glas sind wie folgt.<\/span><\/p>\n<ul>\n<li><span style=\"color: #000000;\">L\u00e4nge: 43,4 mm (41 mm f\u00fcr Einbau)<\/span><\/li>\n<li><span style=\"color: #000000;\">H\u00f6he: 36 mm (51 mm inkl. Halterung)<\/span><\/li>\n<li><span style=\"color: #000000;\">Durchmesser: 36 mm<\/span><\/li>\n<\/ul>\n<p><span style=\"color: #000000;\">Im Lieferumfang sind verschiedene Teile enthalten, sodass Sie diese Lampe \u00fcberall anbringen k\u00f6nnen. In der Verpackung finden Sie unter anderem eine Halterung zur Montage sowie eine Gummiplatte. Zum Schutz des Lackes dient die Gummiplatte, die Sie in der Verpackung finden.\u00a0<\/span><\/p>\n<h5><span style=\"color: #000000;\"><strong>Andere Versionen:\u00a0<\/strong><\/span><\/h5>\n<p><span style=\"color: #000000;\">M\u00f6chten Sie einen Einbaublitz der Marke Strands? Aber ist der Blitz Dark Knight Gloria LED mit Klarglas nicht das Modell, das Sie suchen? Dann wissen Sie, dass die Warnleuchte LED ebenfalls aus dunklem Glas besteht. Sehen Sie sich unten die andere Option an, die Strands bietet.<\/span><\/p>\n<ul>\n<li><span style=\"color: #000000;\"><a style=\"color: #000000;\" href=\"https:\/\/truckned.nl\/de\/produkt\/strands-dark-knight-gloria-led-flitser-helder\/\" target=\"_blank\" rel=\"noopener\"><strong>Gloria Stroboskop KLAR<\/strong><\/a><\/span><\/li>\n<\/ul>\n<p><span style=\"color: #000000;\">Sie sind immer noch nicht davon \u00fcberzeugt, dass der helle Blitz Strands Dark Knight Gloria LED das ist, was Sie suchen? Einfach, weil die Lichtleistung, Wattzahl oder Form nicht Ihren W\u00fcnschen entspricht? Dann schauen Sie es sich an <a style=\"color: #000000;\" href=\"https:\/\/truckned.nl\/de\/produkt-kategorie\/signalering\/\">hier<\/a> das komplette Sortiment an Signalleuchten. M\u00f6glicherweise finden Sie hier das Lampenmodell, das Sie suchen. Ansehen <a style=\"color: #000000;\" href=\"https:\/\/strandseurope.com\/uploads\/2023\/11\/850419850420-manual.pdf\">hier<\/a> das Handbuch f\u00fcr diesen Strands Dark Knight Gloria.<\/span><\/p>","protected":false},"excerpt":{"rendered":"<p>Strands Dark Knight Gloria LED orangefarbenes Blitzlicht mit dunkler Linse. Suchen Sie ein Blitzlicht in angenehmer Gr\u00f6\u00dfe, das Sie beispielsweise an einer Sto\u00dfstange oder einer Scheinwerferhalterung montieren k\u00f6nnen? Dann k\u00f6nnte das Blitzlicht Strands Dark Knight Gloria LED mit dunkler Linse und 21 Mustern die Taschenlampe sein, die Sie suchen. Dieses orangefarbene, leuchtende Warnlicht [\u2026]<\/p>","protected":false},"featured_media":33455,"comment_status":"open","ping_status":"closed","template":"","meta":{"_acf_changed":false,"site-sidebar-layout":"default","site-content-layout":"default","ast-site-content-layout":"default","site-content-style":"default","site-sidebar-style":"default","ast-global-header-display":"","ast-banner-title-visibility":"","ast-main-header-display":"","ast-hfb-above-header-display":"","ast-hfb-below-header-display":"","ast-hfb-mobile-header-display":"","site-post-title":"","ast-breadcrumbs-content":"","ast-featured-img":"","footer-sml-layout":"","ast-disable-related-posts":"","theme-transparent-header-meta":"default","adv-header-id-meta":"","stick-header-meta":"","header-above-stick-meta":"","header-main-stick-meta":"","header-below-stick-meta":"","astra-migrate-meta-layouts":"set","ast-page-background-enabled":"default","ast-page-background-meta":{"desktop":{"background-color":"","background-image":"","background-repeat":"repeat","background-position":"center center","background-size":"auto","background-attachment":"scroll","background-type":"","background-media":"","overlay-type":"","overlay-color":"","overlay-opacity":"","overlay-gradient":""},"tablet":{"background-color":"","background-image":"","background-repeat":"repeat","background-position":"center center","background-size":"auto","background-attachment":"scroll","background-type":"","background-media":"","overlay-type":"","overlay-color":"","overlay-opacity":"","overlay-gradient":""},"mobile":{"background-color":"","background-image":"","background-repeat":"repeat","background-position":"center center","background-size":"auto","background-attachment":"scroll","background-type":"","background-media":"","overlay-type":"","overlay-color":"","overlay-opacity":"","overlay-gradient":""}},"ast-content-background-meta":{"desktop":{"background-color":"var(--ast-global-color-5)","background-image":"","background-repeat":"repeat","background-position":"center center","background-size":"auto","background-attachment":"scroll","background-type":"","background-media":"","overlay-type":"","overlay-color":"","overlay-opacity":"","overlay-gradient":""},"tablet":{"background-color":"var(--ast-global-color-5)","background-image":"","background-repeat":"repeat","background-position":"center center","background-size":"auto","background-attachment":"scroll","background-type":"","background-media":"","overlay-type":"","overlay-color":"","overlay-opacity":"","overlay-gradient":""},"mobile":{"background-color":"var(--ast-global-color-5)","background-image":"","background-repeat":"repeat","background-position":"center center","background-size":"auto","background-attachment":"scroll","background-type":"","background-media":"","overlay-type":"","overlay-color":"","overlay-opacity":"","overlay-gradient":""}}},"product_brand":[],"product_cat":[7905],"product_tag":[6388],"class_list":{"0":"post-28658","1":"product","2":"type-product","3":"status-publish","4":"has-post-thumbnail","6":"product_cat-flitser","7":"product_tag-sale","8":"pa_merkk-product-strands-lighting-division","9":"desktop-align-left","10":"tablet-align-left","11":"mobile-align-left","13":"first","14":"instock","15":"sale","16":"taxable","17":"shipping-taxable","18":"purchasable","19":"product-type-simple"},"acf":[],"yoast_head":"<!-- This site is optimized with the Yoast SEO Premium plugin v26.5 (Yoast SEO v26.5) - https:\/\/yoast.com\/wordpress\/plugins\/seo\/ -->\n<title>Strands Dark Knight Gloria Flitser Donker - Truckned - voor Truck &amp; Trailer<\/title>\n<meta name=\"description\" content=\"Strands Dark Knight Gloria flitser donker - waarschuwingslamp met ECE R65 - met 40 cm kabel - geschikt voor 12&amp;24V - auto, aanhanger, vrachtwagen en meer\" \/>\n<meta name=\"robots\" content=\"index, follow, max-snippet:-1, max-image-preview:large, max-video-preview:-1\" \/>\n<link rel=\"canonical\" href=\"https:\/\/truckned.nl\/de\/produkt\/strands-dark-knight-gloria-led-flitser-donker\/\" \/>\n<meta property=\"og:locale\" content=\"de_DE\" \/>\n<meta property=\"og:type\" content=\"article\" \/>\n<meta property=\"og:title\" content=\"Strands Dark Knight Gloria Flitser Donker - Truckned - voor Truck &amp; Trailer\" \/>\n<meta property=\"og:description\" content=\"Strands Dark Knight Gloria flitser donker - waarschuwingslamp met ECE R65 - met 40 cm kabel - geschikt voor 12&amp;24V - auto, aanhanger, vrachtwagen en meer\" \/>\n<meta property=\"og:url\" content=\"https:\/\/truckned.nl\/de\/produkt\/strands-dark-knight-gloria-led-flitser-donker\/\" \/>\n<meta property=\"og:site_name\" content=\"Truckned\" \/>\n<meta property=\"article:publisher\" content=\"https:\/\/www.facebook.com\/truckned\/\" \/>\n<meta property=\"article:modified_time\" content=\"2026-04-09T07:22:50+00:00\" \/>\n<meta property=\"og:image\" content=\"https:\/\/truckned.nl\/wp-content\/uploads\/2023\/11\/TN-85419-SM-1.png\" \/>\n\t<meta property=\"og:image:width\" content=\"800\" \/>\n\t<meta property=\"og:image:height\" content=\"800\" \/>\n\t<meta property=\"og:image:type\" content=\"image\/png\" \/>\n<meta name=\"twitter:label1\" content=\"Preis\" \/>\n\t<meta name=\"twitter:data1\" content=\"&euro;35,95\" \/>\n\t<meta name=\"twitter:label2\" content=\"Verf\u00fcgbarkeit\" \/>\n\t<meta name=\"twitter:data2\" content=\"Auf Lager\" \/>\n<script type=\"application\/ld+json\" class=\"yoast-schema-graph\">{\"@context\":\"https:\/\/schema.org\",\"@graph\":[{\"@type\":[\"WebPage\",\"ItemPage\"],\"@id\":\"https:\/\/truckned.nl\/product\/strands-dark-knight-gloria-led-flitser-donker\/\",\"url\":\"https:\/\/truckned.nl\/product\/strands-dark-knight-gloria-led-flitser-donker\/\",\"name\":\"Strands Dark Knight Gloria Flitser Donker - Truckned - voor Truck & Trailer\",\"isPartOf\":{\"@id\":\"https:\/\/truckned.nl\/nl\/#website\"},\"primaryImageOfPage\":{\"@id\":\"https:\/\/truckned.nl\/product\/strands-dark-knight-gloria-led-flitser-donker\/#primaryimage\"},\"image\":{\"@id\":\"https:\/\/truckned.nl\/product\/strands-dark-knight-gloria-led-flitser-donker\/#primaryimage\"},\"thumbnailUrl\":\"https:\/\/truckned.nl\/wp-content\/uploads\/2023\/11\/TN-85419-00.png\",\"datePublished\":\"2023-11-20T13:18:52+00:00\",\"dateModified\":\"2026-04-09T07:22:50+00:00\",\"description\":\"Strands Dark Knight Gloria flitser donker - waarschuwingslamp met ECE R65 - met 40 cm kabel - geschikt voor 12&24V - auto, aanhanger, vrachtwagen en meer\",\"breadcrumb\":{\"@id\":\"https:\/\/truckned.nl\/product\/strands-dark-knight-gloria-led-flitser-donker\/#breadcrumb\"},\"inLanguage\":\"de\",\"potentialAction\":[{\"@type\":\"ReadAction\",\"target\":[\"https:\/\/truckned.nl\/product\/strands-dark-knight-gloria-led-flitser-donker\/\"]}]},{\"@type\":\"ImageObject\",\"inLanguage\":\"de\",\"@id\":\"https:\/\/truckned.nl\/product\/strands-dark-knight-gloria-led-flitser-donker\/#primaryimage\",\"url\":\"https:\/\/truckned.nl\/wp-content\/uploads\/2023\/11\/TN-85419-00.png\",\"contentUrl\":\"https:\/\/truckned.nl\/wp-content\/uploads\/2023\/11\/TN-85419-00.png\",\"width\":800,\"height\":800,\"caption\":\"Strands 850419\"},{\"@type\":\"BreadcrumbList\",\"@id\":\"https:\/\/truckned.nl\/product\/strands-dark-knight-gloria-led-flitser-donker\/#breadcrumb\",\"itemListElement\":[{\"@type\":\"ListItem\",\"position\":1,\"name\":\"Home\",\"item\":\"https:\/\/truckned.nl\/\"},{\"@type\":\"ListItem\",\"position\":2,\"name\":\"Shop\",\"item\":\"https:\/\/truckned.nl\/nl\/shop\/\"},{\"@type\":\"ListItem\",\"position\":3,\"name\":\"Signalering\",\"item\":\"https:\/\/truckned.nl\/product-categorie\/signalering\/\"},{\"@type\":\"ListItem\",\"position\":4,\"name\":\"Flitser\",\"item\":\"https:\/\/truckned.nl\/product-categorie\/signalering\/flitser\/\"},{\"@type\":\"ListItem\",\"position\":5,\"name\":\"Strands Dark Knight Gloria LED flitser &#8211; donker\"}]},{\"@type\":\"WebSite\",\"@id\":\"https:\/\/truckned.nl\/nl\/#website\",\"url\":\"https:\/\/truckned.nl\/nl\/\",\"name\":\"Truckned\",\"description\":\"\",\"publisher\":{\"@id\":\"https:\/\/truckned.nl\/nl\/#organization\"},\"potentialAction\":[{\"@type\":\"SearchAction\",\"target\":{\"@type\":\"EntryPoint\",\"urlTemplate\":\"https:\/\/truckned.nl\/nl\/?s={search_term_string}\"},\"query-input\":{\"@type\":\"PropertyValueSpecification\",\"valueRequired\":true,\"valueName\":\"search_term_string\"}}],\"inLanguage\":\"de\"},{\"@type\":\"Organization\",\"@id\":\"https:\/\/truckned.nl\/nl\/#organization\",\"name\":\"Truckned\",\"url\":\"https:\/\/truckned.nl\/nl\/\",\"logo\":{\"@type\":\"ImageObject\",\"inLanguage\":\"de\",\"@id\":\"https:\/\/truckned.nl\/nl\/#\/schema\/logo\/image\/\",\"url\":\"https:\/\/truckned.nl\/wp-content\/uploads\/2022\/10\/800x800-Truckned-logo-zonder-tekst-ZWART.png\",\"contentUrl\":\"https:\/\/truckned.nl\/wp-content\/uploads\/2022\/10\/800x800-Truckned-logo-zonder-tekst-ZWART.png\",\"width\":801,\"height\":801,\"caption\":\"Truckned\"},\"image\":{\"@id\":\"https:\/\/truckned.nl\/nl\/#\/schema\/logo\/image\/\"},\"sameAs\":[\"https:\/\/www.facebook.com\/truckned\/\",\"https:\/\/www.instagram.com\/truckned\/\"],\"vatID\":\"NL863960509B01\",\"taxID\":\"86417487\",\"hasMerchantReturnPolicy\":{\"@type\":\"MerchantReturnPolicy\",\"merchantReturnLink\":\"https:\/\/truckned.nl\/de\/versand-rucksendungen\/\"}}]}<\/script>\n<meta property=\"product:brand\" content=\"Strands\" \/>\n<meta property=\"product:price:amount\" content=\"35.95\" \/>\n<meta property=\"product:price:currency\" content=\"EUR\" \/>\n<meta property=\"og:availability\" content=\"instock\" \/>\n<meta property=\"product:availability\" content=\"instock\" \/>\n<meta property=\"product:retailer_item_id\" content=\"TN-850419\" \/>\n<meta property=\"product:condition\" content=\"new\" \/>\n<!-- \/ Yoast SEO Premium plugin. -->","yoast_head_json":{"title":"Strands Dark Knight Gloria Blitz Dunkel - Truckned - f\u00fcr LKW und Anh\u00e4nger","description":"Strands Dark Knight Gloria Blitz Dunkel - Warnleuchte mit ECE R65 - mit 40 cm Kabel - passend f\u00fcr 12&amp;24V - PKW, Anh\u00e4nger, LKW und mehr","robots":{"index":"index","follow":"follow","max-snippet":"max-snippet:-1","max-image-preview":"max-image-preview:large","max-video-preview":"max-video-preview:-1"},"canonical":"https:\/\/truckned.nl\/de\/produkt\/strands-dark-knight-gloria-led-flitser-donker\/","og_locale":"de_DE","og_type":"article","og_title":"Strands Dark Knight Gloria Flitser Donker - Truckned - voor Truck & Trailer","og_description":"Strands Dark Knight Gloria flitser donker - waarschuwingslamp met ECE R65 - met 40 cm kabel - geschikt voor 12&24V - auto, aanhanger, vrachtwagen en meer","og_url":"https:\/\/truckned.nl\/de\/produkt\/strands-dark-knight-gloria-led-flitser-donker\/","og_site_name":"Truckned","article_publisher":"https:\/\/www.facebook.com\/truckned\/","article_modified_time":"2026-04-09T07:22:50+00:00","og_image":[{"width":800,"height":800,"url":"https:\/\/truckned.nl\/wp-content\/uploads\/2023\/11\/TN-85419-SM-1.png","type":"image\/png"}],"twitter_misc":{"Preis":"&euro;35,95","Verf\u00fcgbarkeit":"Auf Lager"},"schema":{"@context":"https:\/\/schema.org","@graph":[{"@type":["WebPage","ItemPage"],"@id":"https:\/\/truckned.nl\/product\/strands-dark-knight-gloria-led-flitser-donker\/","url":"https:\/\/truckned.nl\/product\/strands-dark-knight-gloria-led-flitser-donker\/","name":"Strands Dark Knight Gloria Blitz Dunkel - Truckned - f\u00fcr LKW und Anh\u00e4nger","isPartOf":{"@id":"https:\/\/truckned.nl\/nl\/#website"},"primaryImageOfPage":{"@id":"https:\/\/truckned.nl\/product\/strands-dark-knight-gloria-led-flitser-donker\/#primaryimage"},"image":{"@id":"https:\/\/truckned.nl\/product\/strands-dark-knight-gloria-led-flitser-donker\/#primaryimage"},"thumbnailUrl":"https:\/\/truckned.nl\/wp-content\/uploads\/2023\/11\/TN-85419-00.png","datePublished":"2023-11-20T13:18:52+00:00","dateModified":"2026-04-09T07:22:50+00:00","description":"Strands Dark Knight Gloria Blitz Dunkel - Warnleuchte mit ECE R65 - mit 40 cm Kabel - passend f\u00fcr 12&amp;24V - PKW, Anh\u00e4nger, LKW und mehr","breadcrumb":{"@id":"https:\/\/truckned.nl\/product\/strands-dark-knight-gloria-led-flitser-donker\/#breadcrumb"},"inLanguage":"de","potentialAction":[{"@type":"ReadAction","target":["https:\/\/truckned.nl\/product\/strands-dark-knight-gloria-led-flitser-donker\/"]}]},{"@type":"ImageObject","inLanguage":"de","@id":"https:\/\/truckned.nl\/product\/strands-dark-knight-gloria-led-flitser-donker\/#primaryimage","url":"https:\/\/truckned.nl\/wp-content\/uploads\/2023\/11\/TN-85419-00.png","contentUrl":"https:\/\/truckned.nl\/wp-content\/uploads\/2023\/11\/TN-85419-00.png","width":800,"height":800,"caption":"Strands 850419"},{"@type":"BreadcrumbList","@id":"https:\/\/truckned.nl\/product\/strands-dark-knight-gloria-led-flitser-donker\/#breadcrumb","itemListElement":[{"@type":"ListItem","position":1,"name":"Home","item":"https:\/\/truckned.nl\/"},{"@type":"ListItem","position":2,"name":"Shop","item":"https:\/\/truckned.nl\/nl\/shop\/"},{"@type":"ListItem","position":3,"name":"Signalering","item":"https:\/\/truckned.nl\/product-categorie\/signalering\/"},{"@type":"ListItem","position":4,"name":"Flitser","item":"https:\/\/truckned.nl\/product-categorie\/signalering\/flitser\/"},{"@type":"ListItem","position":5,"name":"Strands Dark Knight Gloria LED flitser &#8211; donker"}]},{"@type":"WebSite","@id":"https:\/\/truckned.nl\/nl\/#website","url":"https:\/\/truckned.nl\/nl\/","name":"Truckned","description":"","publisher":{"@id":"https:\/\/truckned.nl\/nl\/#organization"},"potentialAction":[{"@type":"SearchAction","target":{"@type":"EntryPoint","urlTemplate":"https:\/\/truckned.nl\/nl\/?s={search_term_string}"},"query-input":{"@type":"PropertyValueSpecification","valueRequired":true,"valueName":"search_term_string"}}],"inLanguage":"de"},{"@type":"Organization","@id":"https:\/\/truckned.nl\/nl\/#organization","name":"Truckned","url":"https:\/\/truckned.nl\/nl\/","logo":{"@type":"ImageObject","inLanguage":"de","@id":"https:\/\/truckned.nl\/nl\/#\/schema\/logo\/image\/","url":"https:\/\/truckned.nl\/wp-content\/uploads\/2022\/10\/800x800-Truckned-logo-zonder-tekst-ZWART.png","contentUrl":"https:\/\/truckned.nl\/wp-content\/uploads\/2022\/10\/800x800-Truckned-logo-zonder-tekst-ZWART.png","width":801,"height":801,"caption":"Truckned"},"image":{"@id":"https:\/\/truckned.nl\/nl\/#\/schema\/logo\/image\/"},"sameAs":["https:\/\/www.facebook.com\/truckned\/","https:\/\/www.instagram.com\/truckned\/"],"vatID":"NL863960509B01","taxID":"86417487","hasMerchantReturnPolicy":{"@type":"MerchantReturnPolicy","merchantReturnLink":"https:\/\/truckned.nl\/de\/versand-rucksendungen\/"}}]},"product_brand":"Strands","product_price_amount":"35.95","product_price_currency":"EUR","og_availability":"instock","product_availability":"instock","product_retailer_item_id":"TN-850419","product_condition":"new"},"_links":{"self":[{"href":"https:\/\/truckned.nl\/de\/wp-json\/wp\/v2\/product\/28658","targetHints":{"allow":["GET"]}}],"collection":[{"href":"https:\/\/truckned.nl\/de\/wp-json\/wp\/v2\/product"}],"about":[{"href":"https:\/\/truckned.nl\/de\/wp-json\/wp\/v2\/types\/product"}],"replies":[{"embeddable":true,"href":"https:\/\/truckned.nl\/de\/wp-json\/wp\/v2\/comments?post=28658"}],"wp:featuredmedia":[{"embeddable":true,"href":"https:\/\/truckned.nl\/de\/wp-json\/wp\/v2\/media\/33455"}],"wp:attachment":[{"href":"https:\/\/truckned.nl\/de\/wp-json\/wp\/v2\/media?parent=28658"}],"wp:term":[{"taxonomy":"product_brand","embeddable":true,"href":"https:\/\/truckned.nl\/de\/wp-json\/wp\/v2\/product_brand?post=28658"},{"taxonomy":"product_cat","embeddable":true,"href":"https:\/\/truckned.nl\/de\/wp-json\/wp\/v2\/product_cat?post=28658"},{"taxonomy":"product_tag","embeddable":true,"href":"https:\/\/truckned.nl\/de\/wp-json\/wp\/v2\/product_tag?post=28658"}],"curies":[{"name":"wp","href":"https:\/\/api.w.org\/{rel}","templated":true}]}}