{"id":28691,"date":"2023-11-23T17:05:52","date_gmt":"2023-11-23T15:05:52","guid":{"rendered":"https:\/\/truckned.nl\/?post_type=product&#038;p=28691"},"modified":"2026-03-20T13:46:08","modified_gmt":"2026-03-20T12:46:08","slug":"gylle-montagevoet-165mm-recht","status":"publish","type":"product","link":"https:\/\/truckned.nl\/de\/produkt\/gylle-montagevoet-165mm-recht\/","title":{"rendered":"Gylle Gummiarm 165mm gerade"},"content":{"rendered":"<p><span style=\"color: #000000\"><strong>Gylle Gummiarm 165mm - gerade<\/strong><\/span><\/p>\n<p><span style=\"color: #000000\">M\u00f6chten Sie eine d\u00e4nischer Pendelleuchte selbst herstellen und wissen nicht, wo Sie anfangen sollen? Vielleicht ist der Gylle Gummi-Montagefu\u00df 165 mm gerade der Einstieg, den Sie suchen. Mit dem Gummi-Montagesockel k\u00f6nnen Sie schnell und einfach Ihre eigene Breitenlampe zusammenbauen. Egal ob Sie eine LED oder eine konvexe Variante zusammenstellen m\u00f6chten, mit dem Gylle-Gummi ist die Basis bereits gut. Der Gummifu\u00df verf\u00fcgt \u00fcber eine \u00d6ffnung, in die Sie problemlos ein separates Objektiv oder ein LED-Modul einsetzen k\u00f6nnen.\u00a0<\/span><\/p>\n<p><span style=\"color: #000000\">Denn bevor Sie den Montagesockel kaufen, m\u00f6chten Sie sicher sein, dass es sich um den Sockel handelt, den Sie suchen. Nachfolgend haben wir einige wichtige Funktionen aufgelistet. Der Montagesockel besteht aus hochwertigem Material. Dadurch ist der Montagesockel gut vor Wind und Wetter gesch\u00fctzt und hat somit eine lange Lebensdauer. Zur Montage ist in das Gummi der Halterung eine Edelstahlplatte eingearbeitet. Diese Platte stellt sicher, dass der Fu\u00df nicht einfach von Ihrem Fahrzeug oder Anh\u00e4nger abbricht. Kurz gesagt: Wenn Sie diesen Gylle Gummi-Montagesockel 165 mm gerade verwenden, k\u00f6nnen Sie sicher sein, dass Sie lange Zeit gut beleuchtet sind.<\/span><\/p>\n<h5><span style=\"color: #000000\"><strong>Abmessungen:<\/strong><\/span><\/h5>\n<p><span style=\"color: #000000\">Denn Sie m\u00f6chten vor dem Kauf wissen, ob der Montagesockel dort passt, wo Sie ihn montieren m\u00f6chten. Die Ma\u00dfe des Montagesockels haben wir hier notiert. Die Abmessungen des Gylle Gummimontagefu\u00dfes 165 mm gerade sind wie folgt.\u00a0<\/span><\/p>\n<ul>\n<li><span style=\"color: #000000\">Feder: 165 mm<\/span><\/li>\n<li><span style=\"color: #000000\">Durchmesser: 61mm<\/span><\/li>\n<li><span style=\"color: #000000\">H\u00f6he: 100 mm (Montagebasis)<\/span><\/li>\n<\/ul>\n<h5><span style=\"color: #000000\"><strong>Andere Versionen:\u00a0<\/strong><\/span><\/h5>\n<p><span style=\"color: #000000\">M\u00f6chten Sie einen Gummi-Montagesockel kaufen, ist die gerade 165-mm-Version von Gylle jedoch nicht das, wonach Sie suchen? Dann wissen Sie, dass dieser Montagesockel auch in den folgenden Versionen erh\u00e4ltlich ist:<\/span><\/p>\n<ul>\n<li><span style=\"color: #000000\"><a style=\"color: #000000\" href=\"https:\/\/truckned.nl\/de\/produkt\/gylle-montagevoet-110mm\/\" target=\"_blank\" rel=\"noopener\"><strong>Gylle Montagebasis 110mm - gerade<\/strong><\/a><\/span><\/li>\n<li><span style=\"color: #000000\"><a style=\"color: #000000\" href=\"https:\/\/truckned.nl\/de\/produkt\/gylle-montagevoet-165mm-haaks\/\" target=\"_blank\" rel=\"noopener\"><strong>Gylle Montagebasis 165mm - winkel\u00a0<\/strong><\/a><\/span><\/li>\n<li><span style=\"color: #000000\"><a style=\"color: #000000\" href=\"https:\/\/truckned.nl\/de\/produkt\/gylle-montagevoet-195mm-haaks\/\" target=\"_blank\" rel=\"noopener\"><strong>Gylle Montagebasis 195mm - winkel\u00a0<\/strong><\/a><\/span><\/li>\n<li><span style=\"color: #000000\"><a style=\"color: #000000\" href=\"https:\/\/truckned.nl\/de\/produkt\/gylle-afdek-plaatje\/\" target=\"_blank\" rel=\"noopener\"><strong>Gylle Abdeckung schwarz<\/strong><\/a><\/span><\/li>\n<\/ul>\n<p><span style=\"color: #000000\">Sind Sie immer noch der Meinung, dass der Montagefu\u00df Gylle 165mm gerade aus Gummi nicht das ist, was Sie suchen? Einfach weil Ihnen die Farbe oder Form nicht gef\u00e4llt? Dann schauen Sie es sich an <a style=\"color: #000000\" href=\"https:\/\/truckned.nl\/de\/produkt-kategorie\/verlichting\/verlichting-breedteverlichting\/\">hier<\/a> das komplette Sortiment an Breitenbeleuchtung, das wir in unserem Sortiment haben. Sind Sie auch neugierig auf die von uns angebotenen Artikel der schwedischen Marke Gylle? Sehen Sie sich hier das komplette Sortiment an.\u00a0<\/span><\/p>","protected":false},"excerpt":{"rendered":"<p>Gylle Gummifu\u00df 165 mm \u2013 gerade M\u00f6chten Sie Ihre eigene d\u00e4nische Breitenleuchte bauen und wissen nicht, wo Sie anfangen sollen? Vielleicht ist der Gylle Gummifu\u00df 165 mm gerade der richtige Einstieg f\u00fcr Sie. Mit dem Gummifu\u00df k\u00f6nnen Sie einfach und schnell Ihre eigene Breitenleuchte montieren. Egal, ob Sie eine LED oder [\u2026]<\/p>","protected":false},"featured_media":28919,"comment_status":"open","ping_status":"closed","template":"","meta":{"_acf_changed":false,"site-sidebar-layout":"default","site-content-layout":"default","ast-site-content-layout":"default","site-content-style":"default","site-sidebar-style":"default","ast-global-header-display":"","ast-banner-title-visibility":"","ast-main-header-display":"","ast-hfb-above-header-display":"","ast-hfb-below-header-display":"","ast-hfb-mobile-header-display":"","site-post-title":"","ast-breadcrumbs-content":"","ast-featured-img":"","footer-sml-layout":"","ast-disable-related-posts":"","theme-transparent-header-meta":"default","adv-header-id-meta":"","stick-header-meta":"","header-above-stick-meta":"","header-main-stick-meta":"","header-below-stick-meta":"","astra-migrate-meta-layouts":"set","ast-page-background-enabled":"default","ast-page-background-meta":{"desktop":{"background-color":"","background-image":"","background-repeat":"repeat","background-position":"center center","background-size":"auto","background-attachment":"scroll","background-type":"","background-media":"","overlay-type":"","overlay-color":"","overlay-opacity":"","overlay-gradient":""},"tablet":{"background-color":"","background-image":"","background-repeat":"repeat","background-position":"center center","background-size":"auto","background-attachment":"scroll","background-type":"","background-media":"","overlay-type":"","overlay-color":"","overlay-opacity":"","overlay-gradient":""},"mobile":{"background-color":"","background-image":"","background-repeat":"repeat","background-position":"center center","background-size":"auto","background-attachment":"scroll","background-type":"","background-media":"","overlay-type":"","overlay-color":"","overlay-opacity":"","overlay-gradient":""}},"ast-content-background-meta":{"desktop":{"background-color":"var(--ast-global-color-5)","background-image":"","background-repeat":"repeat","background-position":"center center","background-size":"auto","background-attachment":"scroll","background-type":"","background-media":"","overlay-type":"","overlay-color":"","overlay-opacity":"","overlay-gradient":""},"tablet":{"background-color":"var(--ast-global-color-5)","background-image":"","background-repeat":"repeat","background-position":"center center","background-size":"auto","background-attachment":"scroll","background-type":"","background-media":"","overlay-type":"","overlay-color":"","overlay-opacity":"","overlay-gradient":""},"mobile":{"background-color":"var(--ast-global-color-5)","background-image":"","background-repeat":"repeat","background-position":"center center","background-size":"auto","background-attachment":"scroll","background-type":"","background-media":"","overlay-type":"","overlay-color":"","overlay-opacity":"","overlay-gradient":""}}},"product_brand":[],"product_cat":[7527],"product_tag":[6608,6607],"class_list":{"0":"post-28691","1":"product","2":"type-product","3":"status-publish","4":"has-post-thumbnail","6":"product_cat-verlichting-breedteverlichting","7":"product_tag-gylle-halogeen-breedtelamp","8":"product_tag-gylle-led-breedtelamp","9":"pa_merkk-product-gylle-mec","10":"desktop-align-left","11":"tablet-align-left","12":"mobile-align-left","14":"first","15":"instock","16":"taxable","17":"shipping-taxable","18":"purchasable","19":"product-type-simple"},"acf":[],"yoast_head":"<!-- This site is optimized with the Yoast SEO Premium plugin v26.5 (Yoast SEO v26.5) - https:\/\/yoast.com\/wordpress\/plugins\/seo\/ -->\n<title>Gylle montagevoet 165mm recht - Truckned voor Truck &amp; trailer<\/title>\n<meta name=\"description\" content=\"Gylle montagevoet 165mm recht - stel zelf jouw Deense breedtelamp samen - Gylle MEC product - gemaakt voor auto, vrachtwagen, aanhanger, trailer en meer\" \/>\n<meta name=\"robots\" content=\"index, follow, max-snippet:-1, max-image-preview:large, max-video-preview:-1\" \/>\n<link rel=\"canonical\" href=\"https:\/\/truckned.nl\/de\/produkt\/gylle-montagevoet-165mm-recht\/\" \/>\n<meta property=\"og:locale\" content=\"de_DE\" \/>\n<meta property=\"og:type\" content=\"article\" \/>\n<meta property=\"og:title\" content=\"Gylle montagevoet 165mm recht - Truckned voor Truck &amp; trailer\" \/>\n<meta property=\"og:description\" content=\"Gylle montagevoet 165mm recht - stel zelf jouw Deense breedtelamp samen - Gylle MEC product - gemaakt voor auto, vrachtwagen, aanhanger, trailer en meer\" \/>\n<meta property=\"og:url\" content=\"https:\/\/truckned.nl\/de\/produkt\/gylle-montagevoet-165mm-recht\/\" \/>\n<meta property=\"og:site_name\" content=\"Truckned\" \/>\n<meta property=\"article:publisher\" content=\"https:\/\/www.facebook.com\/truckned\/\" \/>\n<meta property=\"article:modified_time\" content=\"2026-03-20T12:46:08+00:00\" \/>\n<meta property=\"og:image\" content=\"https:\/\/truckned.nl\/wp-content\/uploads\/2024\/12\/TN-350199.01.png\" \/>\n\t<meta property=\"og:image:width\" content=\"800\" \/>\n\t<meta property=\"og:image:height\" content=\"800\" \/>\n\t<meta property=\"og:image:type\" content=\"image\/png\" \/>\n<meta name=\"twitter:label1\" content=\"Preis\" \/>\n\t<meta name=\"twitter:data1\" content=\"&euro;6,95\" \/>\n\t<meta name=\"twitter:label2\" content=\"Verf\u00fcgbarkeit\" \/>\n\t<meta name=\"twitter:data2\" content=\"Auf Lager\" \/>\n<script type=\"application\/ld+json\" class=\"yoast-schema-graph\">{\"@context\":\"https:\/\/schema.org\",\"@graph\":[{\"@type\":[\"WebPage\",\"ItemPage\"],\"@id\":\"https:\/\/truckned.nl\/product\/gylle-montagevoet-165mm-recht\/\",\"url\":\"https:\/\/truckned.nl\/product\/gylle-montagevoet-165mm-recht\/\",\"name\":\"Gylle montagevoet 165mm recht - Truckned voor Truck & trailer\",\"isPartOf\":{\"@id\":\"https:\/\/truckned.nl\/nl\/#website\"},\"primaryImageOfPage\":{\"@id\":\"https:\/\/truckned.nl\/product\/gylle-montagevoet-165mm-recht\/#primaryimage\"},\"image\":{\"@id\":\"https:\/\/truckned.nl\/product\/gylle-montagevoet-165mm-recht\/#primaryimage\"},\"thumbnailUrl\":\"https:\/\/truckned.nl\/wp-content\/uploads\/2023\/11\/TN-350199.png\",\"datePublished\":\"2023-11-23T15:05:52+00:00\",\"dateModified\":\"2026-03-20T12:46:08+00:00\",\"description\":\"Gylle montagevoet 165mm recht - stel zelf jouw Deense breedtelamp samen - Gylle MEC product - gemaakt voor auto, vrachtwagen, aanhanger, trailer en meer\",\"breadcrumb\":{\"@id\":\"https:\/\/truckned.nl\/product\/gylle-montagevoet-165mm-recht\/#breadcrumb\"},\"inLanguage\":\"de\",\"potentialAction\":[{\"@type\":\"ReadAction\",\"target\":[\"https:\/\/truckned.nl\/product\/gylle-montagevoet-165mm-recht\/\"]}]},{\"@type\":\"ImageObject\",\"inLanguage\":\"de\",\"@id\":\"https:\/\/truckned.nl\/product\/gylle-montagevoet-165mm-recht\/#primaryimage\",\"url\":\"https:\/\/truckned.nl\/wp-content\/uploads\/2023\/11\/TN-350199.png\",\"contentUrl\":\"https:\/\/truckned.nl\/wp-content\/uploads\/2023\/11\/TN-350199.png\",\"width\":800,\"height\":800,\"caption\":\"Gylle rubber montagevoet 165mm recht - Zweedse \/ Deense breedtelamp voor de halogeen met losse fitting en bol of LED uitvoering - EAN: 7392847209108\"},{\"@type\":\"BreadcrumbList\",\"@id\":\"https:\/\/truckned.nl\/product\/gylle-montagevoet-165mm-recht\/#breadcrumb\",\"itemListElement\":[{\"@type\":\"ListItem\",\"position\":1,\"name\":\"Home\",\"item\":\"https:\/\/truckned.nl\/\"},{\"@type\":\"ListItem\",\"position\":2,\"name\":\"Shop\",\"item\":\"https:\/\/truckned.nl\/nl\/shop\/\"},{\"@type\":\"ListItem\",\"position\":3,\"name\":\"Verlichting\",\"item\":\"https:\/\/truckned.nl\/de\/produkt-kategorie\/verlichting\/\"},{\"@type\":\"ListItem\",\"position\":4,\"name\":\"Breedteverlichting\",\"item\":\"https:\/\/truckned.nl\/de\/produkt-kategorie\/verlichting\/verlichting-breedteverlichting\/\"},{\"@type\":\"ListItem\",\"position\":5,\"name\":\"Gylle montagevoet 165mm recht\"}]},{\"@type\":\"WebSite\",\"@id\":\"https:\/\/truckned.nl\/nl\/#website\",\"url\":\"https:\/\/truckned.nl\/nl\/\",\"name\":\"Truckned\",\"description\":\"\",\"publisher\":{\"@id\":\"https:\/\/truckned.nl\/nl\/#organization\"},\"potentialAction\":[{\"@type\":\"SearchAction\",\"target\":{\"@type\":\"EntryPoint\",\"urlTemplate\":\"https:\/\/truckned.nl\/nl\/?s={search_term_string}\"},\"query-input\":{\"@type\":\"PropertyValueSpecification\",\"valueRequired\":true,\"valueName\":\"search_term_string\"}}],\"inLanguage\":\"de\"},{\"@type\":\"Organization\",\"@id\":\"https:\/\/truckned.nl\/nl\/#organization\",\"name\":\"Truckned\",\"url\":\"https:\/\/truckned.nl\/nl\/\",\"logo\":{\"@type\":\"ImageObject\",\"inLanguage\":\"de\",\"@id\":\"https:\/\/truckned.nl\/nl\/#\/schema\/logo\/image\/\",\"url\":\"https:\/\/truckned.nl\/wp-content\/uploads\/2022\/10\/800x800-Truckned-logo-zonder-tekst-ZWART.png\",\"contentUrl\":\"https:\/\/truckned.nl\/wp-content\/uploads\/2022\/10\/800x800-Truckned-logo-zonder-tekst-ZWART.png\",\"width\":801,\"height\":801,\"caption\":\"Truckned\"},\"image\":{\"@id\":\"https:\/\/truckned.nl\/nl\/#\/schema\/logo\/image\/\"},\"sameAs\":[\"https:\/\/www.facebook.com\/truckned\/\",\"https:\/\/www.instagram.com\/truckned\/\"],\"vatID\":\"NL863960509B01\",\"taxID\":\"86417487\",\"hasMerchantReturnPolicy\":{\"@type\":\"MerchantReturnPolicy\",\"merchantReturnLink\":\"https:\/\/truckned.nl\/de\/versand-rucksendungen\/\"}}]}<\/script>\n<meta property=\"product:brand\" content=\"Gylle\" \/>\n<meta property=\"product:price:amount\" content=\"6.95\" \/>\n<meta property=\"product:price:currency\" content=\"EUR\" \/>\n<meta property=\"og:availability\" content=\"instock\" \/>\n<meta property=\"product:availability\" content=\"instock\" \/>\n<meta property=\"product:retailer_item_id\" content=\"TN-350199\" \/>\n<meta property=\"product:condition\" content=\"new\" \/>\n<!-- \/ Yoast SEO Premium plugin. -->","yoast_head_json":{"title":"Gylle Gummiarm 165mm gerade - Truckned f\u00fcr LKW und Anh\u00e4nger","description":"Gylle Gummiarm 165mm gerade \u2013 bauen Sie Ihre eigene d\u00e4nische Positionsleuchte zusammen \u2013 Gylle MEC-Produkt \u2013 hergestellt f\u00fcr PKW, LKW, Anh\u00e4nger und mehr","robots":{"index":"index","follow":"follow","max-snippet":"max-snippet:-1","max-image-preview":"max-image-preview:large","max-video-preview":"max-video-preview:-1"},"canonical":"https:\/\/truckned.nl\/de\/produkt\/gylle-montagevoet-165mm-recht\/","og_locale":"de_DE","og_type":"article","og_title":"Gylle montagevoet 165mm recht - Truckned voor Truck & trailer","og_description":"Gylle montagevoet 165mm recht - stel zelf jouw Deense breedtelamp samen - Gylle MEC product - gemaakt voor auto, vrachtwagen, aanhanger, trailer en meer","og_url":"https:\/\/truckned.nl\/de\/produkt\/gylle-montagevoet-165mm-recht\/","og_site_name":"Truckned","article_publisher":"https:\/\/www.facebook.com\/truckned\/","article_modified_time":"2026-03-20T12:46:08+00:00","og_image":[{"width":800,"height":800,"url":"https:\/\/truckned.nl\/wp-content\/uploads\/2024\/12\/TN-350199.01.png","type":"image\/png"}],"twitter_misc":{"Preis":"&euro;6,95","Verf\u00fcgbarkeit":"Auf Lager"},"schema":{"@context":"https:\/\/schema.org","@graph":[{"@type":["WebPage","ItemPage"],"@id":"https:\/\/truckned.nl\/product\/gylle-montagevoet-165mm-recht\/","url":"https:\/\/truckned.nl\/product\/gylle-montagevoet-165mm-recht\/","name":"Gylle Gummiarm 165mm gerade - Truckned f\u00fcr LKW und Anh\u00e4nger","isPartOf":{"@id":"https:\/\/truckned.nl\/nl\/#website"},"primaryImageOfPage":{"@id":"https:\/\/truckned.nl\/product\/gylle-montagevoet-165mm-recht\/#primaryimage"},"image":{"@id":"https:\/\/truckned.nl\/product\/gylle-montagevoet-165mm-recht\/#primaryimage"},"thumbnailUrl":"https:\/\/truckned.nl\/wp-content\/uploads\/2023\/11\/TN-350199.png","datePublished":"2023-11-23T15:05:52+00:00","dateModified":"2026-03-20T12:46:08+00:00","description":"Gylle Gummiarm 165mm gerade \u2013 bauen Sie Ihre eigene d\u00e4nische Positionsleuchte zusammen \u2013 Gylle MEC-Produkt \u2013 hergestellt f\u00fcr PKW, LKW, Anh\u00e4nger und mehr","breadcrumb":{"@id":"https:\/\/truckned.nl\/product\/gylle-montagevoet-165mm-recht\/#breadcrumb"},"inLanguage":"de","potentialAction":[{"@type":"ReadAction","target":["https:\/\/truckned.nl\/product\/gylle-montagevoet-165mm-recht\/"]}]},{"@type":"ImageObject","inLanguage":"de","@id":"https:\/\/truckned.nl\/product\/gylle-montagevoet-165mm-recht\/#primaryimage","url":"https:\/\/truckned.nl\/wp-content\/uploads\/2023\/11\/TN-350199.png","contentUrl":"https:\/\/truckned.nl\/wp-content\/uploads\/2023\/11\/TN-350199.png","width":800,"height":800,"caption":"Gylle rubber montagevoet 165mm recht - Zweedse \/ Deense breedtelamp voor de halogeen met losse fitting en bol of LED uitvoering - EAN: 7392847209108"},{"@type":"BreadcrumbList","@id":"https:\/\/truckned.nl\/product\/gylle-montagevoet-165mm-recht\/#breadcrumb","itemListElement":[{"@type":"ListItem","position":1,"name":"Home","item":"https:\/\/truckned.nl\/"},{"@type":"ListItem","position":2,"name":"Shop","item":"https:\/\/truckned.nl\/nl\/shop\/"},{"@type":"ListItem","position":3,"name":"Verlichting","item":"https:\/\/truckned.nl\/de\/produkt-kategorie\/verlichting\/"},{"@type":"ListItem","position":4,"name":"Breedteverlichting","item":"https:\/\/truckned.nl\/de\/produkt-kategorie\/verlichting\/verlichting-breedteverlichting\/"},{"@type":"ListItem","position":5,"name":"Gylle montagevoet 165mm recht"}]},{"@type":"WebSite","@id":"https:\/\/truckned.nl\/nl\/#website","url":"https:\/\/truckned.nl\/nl\/","name":"Truckned","description":"","publisher":{"@id":"https:\/\/truckned.nl\/nl\/#organization"},"potentialAction":[{"@type":"SearchAction","target":{"@type":"EntryPoint","urlTemplate":"https:\/\/truckned.nl\/nl\/?s={search_term_string}"},"query-input":{"@type":"PropertyValueSpecification","valueRequired":true,"valueName":"search_term_string"}}],"inLanguage":"de"},{"@type":"Organization","@id":"https:\/\/truckned.nl\/nl\/#organization","name":"Truckned","url":"https:\/\/truckned.nl\/nl\/","logo":{"@type":"ImageObject","inLanguage":"de","@id":"https:\/\/truckned.nl\/nl\/#\/schema\/logo\/image\/","url":"https:\/\/truckned.nl\/wp-content\/uploads\/2022\/10\/800x800-Truckned-logo-zonder-tekst-ZWART.png","contentUrl":"https:\/\/truckned.nl\/wp-content\/uploads\/2022\/10\/800x800-Truckned-logo-zonder-tekst-ZWART.png","width":801,"height":801,"caption":"Truckned"},"image":{"@id":"https:\/\/truckned.nl\/nl\/#\/schema\/logo\/image\/"},"sameAs":["https:\/\/www.facebook.com\/truckned\/","https:\/\/www.instagram.com\/truckned\/"],"vatID":"NL863960509B01","taxID":"86417487","hasMerchantReturnPolicy":{"@type":"MerchantReturnPolicy","merchantReturnLink":"https:\/\/truckned.nl\/de\/versand-rucksendungen\/"}}]},"product_brand":"Gylle","product_price_amount":"6.95","product_price_currency":"EUR","og_availability":"instock","product_availability":"instock","product_retailer_item_id":"TN-350199","product_condition":"new"},"_links":{"self":[{"href":"https:\/\/truckned.nl\/de\/wp-json\/wp\/v2\/product\/28691","targetHints":{"allow":["GET"]}}],"collection":[{"href":"https:\/\/truckned.nl\/de\/wp-json\/wp\/v2\/product"}],"about":[{"href":"https:\/\/truckned.nl\/de\/wp-json\/wp\/v2\/types\/product"}],"replies":[{"embeddable":true,"href":"https:\/\/truckned.nl\/de\/wp-json\/wp\/v2\/comments?post=28691"}],"wp:featuredmedia":[{"embeddable":true,"href":"https:\/\/truckned.nl\/de\/wp-json\/wp\/v2\/media\/28919"}],"wp:attachment":[{"href":"https:\/\/truckned.nl\/de\/wp-json\/wp\/v2\/media?parent=28691"}],"wp:term":[{"taxonomy":"product_brand","embeddable":true,"href":"https:\/\/truckned.nl\/de\/wp-json\/wp\/v2\/product_brand?post=28691"},{"taxonomy":"product_cat","embeddable":true,"href":"https:\/\/truckned.nl\/de\/wp-json\/wp\/v2\/product_cat?post=28691"},{"taxonomy":"product_tag","embeddable":true,"href":"https:\/\/truckned.nl\/de\/wp-json\/wp\/v2\/product_tag?post=28691"}],"curies":[{"name":"wp","href":"https:\/\/api.w.org\/{rel}","templated":true}]}}