{"id":28747,"date":"2023-11-27T13:29:56","date_gmt":"2023-11-27T11:29:56","guid":{"rendered":"https:\/\/truckned.nl\/?post_type=product&#038;p=28747"},"modified":"2026-02-16T10:59:27","modified_gmt":"2026-02-16T09:59:27","slug":"gylle-led-unit-warm-wit-3000k","status":"publish","type":"product","link":"https:\/\/truckned.nl\/de\/produkt\/gylle-led-unit-warm-wit-3000k\/","title":{"rendered":"Gylle LED Modul warm wei\u00df - 3000K"},"content":{"rendered":"<p><span style=\"color: #000000\"><strong>Gylle LED Modul warm wei\u00df 3000k<\/strong>.<\/span><\/p>\n<p><span style=\"color: #000000\">Planen Sie, eine Breitleuchte der schwedischen Marke Gylle selbst zusammenzubauen? Vielleicht ist die Einheit Gylle LED WARMWEISS das Teil, das Sie suchen. Durch die Verwendung des Gylle-Teils in Kombination mit dem Gummi-Montagesockel k\u00f6nnen Sie sicher sein, dass Sie eine gute Lampe haben. Das Gylle-Ger\u00e4t ist speziell f\u00fcr den Gummifu\u00df gefertigt und hat daher eine gute Passform.\u00a0<\/span><\/p>\n<p><span style=\"color: #000000\">Um sicherzustellen, dass die Einheit Gylle LED WARMWEISS das Teil ist, das Sie suchen. Nachfolgend haben wir einige Objekte aufgelistet. Das Ger\u00e4t ist aus hochwertigem Material gefertigt. Dadurch ist das Glas gut vor Wind und Wetter gesch\u00fctzt und hat somit eine lange Lebensdauer. Am Ende befindet sich eine erh\u00f6hte Kante zur Montage. Diese kleine Kante sorgt daf\u00fcr, dass das Glas nicht einfach aus der Montagebasis f\u00e4llt. Kurz gesagt: Mit diesem Gylle-Teil k\u00f6nnen Sie sicher sein, dass Sie gut ausgeleuchtet unterwegs sind.\u00a0<\/span><\/p>\n<h5><span style=\"color: #000000\"><strong>Abmessungen:<\/strong><\/span><\/h5>\n<p><span style=\"color: #000000\">Denn vor dem Kauf m\u00f6chten Sie sicher sein, dass die breite Lampe dort passt, wo Sie sie montieren m\u00f6chten. Nat\u00fcrlich m\u00f6chten Sie zun\u00e4chst unter anderem die Abmessungen des Glases wissen. Die Abmessungen der Einheit Gylle LED WARM WHITE sind wie folgt:<\/span><\/p>\n<ul>\n<li><span style=\"color: #000000\">Durchmesser: 71 mm (inkl. Kante)<\/span><\/li>\n<li><span style=\"color: #000000\">H\u00f6he: 36 mm (inkl. Rand)<\/span><\/li>\n<\/ul>\n<h5><span style=\"color: #000000\"><strong>Andere Versionen:<\/strong><\/span><\/h5>\n<p><span style=\"color: #000000\">Sie m\u00f6chten selbst eine Pendelleuchte zusammenstellen, aber die Gylle LED Modul WARMWEISS 3000k reicht nicht aus? Dann sehen Sie sich hier die weiteren Komponenten an, mit denen Sie Ihre d\u00e4nische Positionslampe einfach und schnell selbst zusammenbauen k\u00f6nnen. Die unten genannten Artikel stammen alle von der schwedischen Marke Gylle und haben eine perfekte Passform.<\/span><\/p>\n<ul>\n<li><span style=\"color: #000000\"><strong><a style=\"color: #000000\" href=\"https:\/\/truckned.nl\/de\/produkt\/gylle-led-unit-oranje-helder-glas\/\" target=\"_blank\" rel=\"noopener\">Gylle Unit ORANGE Klarglas<\/a> <\/strong><\/span><\/li>\n<li><span style=\"color: #000000\"><strong><a style=\"color: #000000\" href=\"https:\/\/truckned.nl\/de\/produkt\/gylle-led-unit-rood-helder-glas\/\" target=\"_blank\" rel=\"noopener\">Gylle Unit ROT, Klarglas<\/a> <\/strong><\/span><\/li>\n<li><span style=\"color: #000000\"><strong><a style=\"color: #000000\" href=\"https:\/\/truckned.nl\/de\/produkt\/gylle-led-unit-xenon-wit-6000k\/\" target=\"_blank\" rel=\"noopener\">Gylle Unit XENON WEISS<\/a> <\/strong><\/span><\/li>\n<li><span style=\"color: #000000\"><a style=\"color: #000000\" href=\"https:\/\/truckned.nl\/de\/produkt\/gylle-led-unit-oranje\/\" target=\"_blank\" rel=\"noopener\"><strong>Gylle Unit ORANGE<\/strong><\/a><\/span><\/li>\n<li><span style=\"color: #000000\"><strong><a style=\"color: #000000\" href=\"https:\/\/truckned.nl\/de\/produkt\/gylle-led-unit-rood\/\" target=\"_blank\" rel=\"noopener\">Gylle Unit ROT<\/a> <\/strong><\/span><\/li>\n<li><span style=\"color: #000000\"><strong>Gylle Haube<\/strong><\/span><\/li>\n<\/ul>\n<p><span style=\"color: #000000\"><span style=\"font-size: 16px\">Sind Sie immer noch nicht davon \u00fcberzeugt, dass die Gylle LED Pendelleuchte das sind, was Sie suchen? Einfach, weil Ihnen die Farbe, das Design oder die Form nicht gef\u00e4llt? Werfen Sie unbedingt einen Blick auf die Seite <\/span><a style=\"font-size: 16px;background-color: #ffffff;color: #000000\" href=\"https:\/\/truckned.nl\/de\/produkt-kategorie\/verlichting\/verlichting-breedteverlichting\/\" target=\"_blank\" rel=\"noopener\">Breite Beleuchtung<\/a><span style=\"font-size: 16px\">. Neben der LED-Version finden Sie hier auch die Halogen-\/Einzellampen-Version.\u00a0<\/span><\/span><\/p>","protected":false},"excerpt":{"rendered":"<p>Gylle LED Einheit Warmwei\u00df 3000k. Planen Sie, eine breite Lampe der schwedischen Marke Gylle selbst zu montieren? Vielleicht ist die Gylle LED Einheit WARMWEISS das Teil, das Sie suchen. Durch die Verwendung des Gylle-Teils in Kombination mit dem Gummisockel k\u00f6nnen Sie sicher sein, dass [\u2026]<\/p>","protected":false},"featured_media":28986,"comment_status":"open","ping_status":"closed","template":"","meta":{"_acf_changed":false,"site-sidebar-layout":"default","site-content-layout":"default","ast-site-content-layout":"default","site-content-style":"default","site-sidebar-style":"default","ast-global-header-display":"","ast-banner-title-visibility":"","ast-main-header-display":"","ast-hfb-above-header-display":"","ast-hfb-below-header-display":"","ast-hfb-mobile-header-display":"","site-post-title":"","ast-breadcrumbs-content":"","ast-featured-img":"","footer-sml-layout":"","ast-disable-related-posts":"","theme-transparent-header-meta":"default","adv-header-id-meta":"","stick-header-meta":"","header-above-stick-meta":"","header-main-stick-meta":"","header-below-stick-meta":"","astra-migrate-meta-layouts":"default","ast-page-background-enabled":"default","ast-page-background-meta":{"desktop":{"background-color":"","background-image":"","background-repeat":"repeat","background-position":"center center","background-size":"auto","background-attachment":"scroll","background-type":"","background-media":"","overlay-type":"","overlay-color":"","overlay-opacity":"","overlay-gradient":""},"tablet":{"background-color":"","background-image":"","background-repeat":"repeat","background-position":"center center","background-size":"auto","background-attachment":"scroll","background-type":"","background-media":"","overlay-type":"","overlay-color":"","overlay-opacity":"","overlay-gradient":""},"mobile":{"background-color":"","background-image":"","background-repeat":"repeat","background-position":"center center","background-size":"auto","background-attachment":"scroll","background-type":"","background-media":"","overlay-type":"","overlay-color":"","overlay-opacity":"","overlay-gradient":""}},"ast-content-background-meta":{"desktop":{"background-color":"var(--ast-global-color-5)","background-image":"","background-repeat":"repeat","background-position":"center center","background-size":"auto","background-attachment":"scroll","background-type":"","background-media":"","overlay-type":"","overlay-color":"","overlay-opacity":"","overlay-gradient":""},"tablet":{"background-color":"var(--ast-global-color-5)","background-image":"","background-repeat":"repeat","background-position":"center center","background-size":"auto","background-attachment":"scroll","background-type":"","background-media":"","overlay-type":"","overlay-color":"","overlay-opacity":"","overlay-gradient":""},"mobile":{"background-color":"var(--ast-global-color-5)","background-image":"","background-repeat":"repeat","background-position":"center center","background-size":"auto","background-attachment":"scroll","background-type":"","background-media":"","overlay-type":"","overlay-color":"","overlay-opacity":"","overlay-gradient":""}}},"product_brand":[],"product_cat":[7527],"product_tag":[6607],"class_list":{"0":"post-28747","1":"product","2":"type-product","3":"status-publish","4":"has-post-thumbnail","6":"product_cat-verlichting-breedteverlichting","7":"product_tag-gylle-led-breedtelamp","8":"pa_merkk-product-gylle-mec","9":"desktop-align-left","10":"tablet-align-left","11":"mobile-align-left","13":"first","14":"instock","15":"taxable","16":"shipping-taxable","17":"purchasable","18":"product-type-simple"},"acf":[],"yoast_head":"<!-- This site is optimized with the Yoast SEO Premium plugin v26.5 (Yoast SEO v26.5) - https:\/\/yoast.com\/wordpress\/plugins\/seo\/ -->\n<title>Gylle LED unit warm wit - 3000K - Truckned - breedtelamp voor Truck &amp; Trailer<\/title>\n<meta name=\"description\" content=\"Gylle LED unit WARM WIT - losse unit voor de Deense breedtelamp - Gylle MEC Zweden - met 6 LED punten in STER vorm - verlichting voor truck en trailer\" \/>\n<meta name=\"robots\" content=\"index, follow, max-snippet:-1, max-image-preview:large, max-video-preview:-1\" \/>\n<link rel=\"canonical\" href=\"https:\/\/truckned.nl\/de\/produkt\/gylle-led-unit-warm-wit-3000k\/\" \/>\n<meta property=\"og:locale\" content=\"de_DE\" \/>\n<meta property=\"og:type\" content=\"article\" \/>\n<meta property=\"og:title\" content=\"Gylle LED unit warm wit - 3000K - Truckned - breedtelamp voor Truck &amp; Trailer\" \/>\n<meta property=\"og:description\" content=\"Gylle LED unit WARM WIT - losse unit voor de Deense breedtelamp - Gylle MEC Zweden - met 6 LED punten in STER vorm - verlichting voor truck en trailer\" \/>\n<meta property=\"og:url\" content=\"https:\/\/truckned.nl\/de\/produkt\/gylle-led-unit-warm-wit-3000k\/\" \/>\n<meta property=\"og:site_name\" content=\"Truckned\" \/>\n<meta property=\"article:publisher\" content=\"https:\/\/www.facebook.com\/truckned\/\" \/>\n<meta property=\"article:modified_time\" content=\"2026-02-16T09:59:27+00:00\" \/>\n<meta property=\"og:image\" content=\"https:\/\/truckned.nl\/wp-content\/uploads\/2023\/11\/TN-350192WW.png\" \/>\n\t<meta property=\"og:image:width\" content=\"800\" \/>\n\t<meta property=\"og:image:height\" content=\"800\" \/>\n\t<meta property=\"og:image:type\" content=\"image\/png\" \/>\n<meta name=\"twitter:label1\" content=\"Preis\" \/>\n\t<meta name=\"twitter:data1\" content=\"&euro;22,50\" \/>\n\t<meta name=\"twitter:label2\" content=\"Verf\u00fcgbarkeit\" \/>\n\t<meta name=\"twitter:data2\" content=\"Auf Lager\" \/>\n<script type=\"application\/ld+json\" class=\"yoast-schema-graph\">{\"@context\":\"https:\/\/schema.org\",\"@graph\":[{\"@type\":[\"WebPage\",\"ItemPage\"],\"@id\":\"https:\/\/truckned.nl\/product\/gylle-led-unit-warm-wit-3000k\/\",\"url\":\"https:\/\/truckned.nl\/product\/gylle-led-unit-warm-wit-3000k\/\",\"name\":\"Gylle LED unit warm wit - 3000K - Truckned - breedtelamp voor Truck & Trailer\",\"isPartOf\":{\"@id\":\"https:\/\/truckned.nl\/nl\/#website\"},\"primaryImageOfPage\":{\"@id\":\"https:\/\/truckned.nl\/product\/gylle-led-unit-warm-wit-3000k\/#primaryimage\"},\"image\":{\"@id\":\"https:\/\/truckned.nl\/product\/gylle-led-unit-warm-wit-3000k\/#primaryimage\"},\"thumbnailUrl\":\"https:\/\/truckned.nl\/wp-content\/uploads\/2023\/11\/TN-350192WW.png\",\"datePublished\":\"2023-11-27T11:29:56+00:00\",\"dateModified\":\"2026-02-16T09:59:27+00:00\",\"description\":\"Gylle LED unit WARM WIT - losse unit voor de Deense breedtelamp - Gylle MEC Zweden - met 6 LED punten in STER vorm - verlichting voor truck en trailer\",\"breadcrumb\":{\"@id\":\"https:\/\/truckned.nl\/product\/gylle-led-unit-warm-wit-3000k\/#breadcrumb\"},\"inLanguage\":\"de\",\"potentialAction\":[{\"@type\":\"ReadAction\",\"target\":[\"https:\/\/truckned.nl\/product\/gylle-led-unit-warm-wit-3000k\/\"]}]},{\"@type\":\"ImageObject\",\"inLanguage\":\"de\",\"@id\":\"https:\/\/truckned.nl\/product\/gylle-led-unit-warm-wit-3000k\/#primaryimage\",\"url\":\"https:\/\/truckned.nl\/wp-content\/uploads\/2023\/11\/TN-350192WW.png\",\"contentUrl\":\"https:\/\/truckned.nl\/wp-content\/uploads\/2023\/11\/TN-350192WW.png\",\"width\":800,\"height\":800,\"caption\":\"Gylle LED unit WARM WIT - LED module voor Deense breedtelamp van het Zweedse merk Gylle - werkt met 12 & 24 volt - EAN: 7392843074632\"},{\"@type\":\"BreadcrumbList\",\"@id\":\"https:\/\/truckned.nl\/product\/gylle-led-unit-warm-wit-3000k\/#breadcrumb\",\"itemListElement\":[{\"@type\":\"ListItem\",\"position\":1,\"name\":\"Home\",\"item\":\"https:\/\/truckned.nl\/\"},{\"@type\":\"ListItem\",\"position\":2,\"name\":\"Shop\",\"item\":\"https:\/\/truckned.nl\/nl\/shop\/\"},{\"@type\":\"ListItem\",\"position\":3,\"name\":\"Verlichting\",\"item\":\"https:\/\/truckned.nl\/de\/produkt-kategorie\/verlichting\/\"},{\"@type\":\"ListItem\",\"position\":4,\"name\":\"Breedteverlichting\",\"item\":\"https:\/\/truckned.nl\/de\/produkt-kategorie\/verlichting\/verlichting-breedteverlichting\/\"},{\"@type\":\"ListItem\",\"position\":5,\"name\":\"Gylle LED unit warm wit &#8211; 3000K\"}]},{\"@type\":\"WebSite\",\"@id\":\"https:\/\/truckned.nl\/nl\/#website\",\"url\":\"https:\/\/truckned.nl\/nl\/\",\"name\":\"Truckned\",\"description\":\"\",\"publisher\":{\"@id\":\"https:\/\/truckned.nl\/nl\/#organization\"},\"potentialAction\":[{\"@type\":\"SearchAction\",\"target\":{\"@type\":\"EntryPoint\",\"urlTemplate\":\"https:\/\/truckned.nl\/nl\/?s={search_term_string}\"},\"query-input\":{\"@type\":\"PropertyValueSpecification\",\"valueRequired\":true,\"valueName\":\"search_term_string\"}}],\"inLanguage\":\"de\"},{\"@type\":\"Organization\",\"@id\":\"https:\/\/truckned.nl\/nl\/#organization\",\"name\":\"Truckned\",\"url\":\"https:\/\/truckned.nl\/nl\/\",\"logo\":{\"@type\":\"ImageObject\",\"inLanguage\":\"de\",\"@id\":\"https:\/\/truckned.nl\/nl\/#\/schema\/logo\/image\/\",\"url\":\"https:\/\/truckned.nl\/wp-content\/uploads\/2022\/10\/800x800-Truckned-logo-zonder-tekst-ZWART.png\",\"contentUrl\":\"https:\/\/truckned.nl\/wp-content\/uploads\/2022\/10\/800x800-Truckned-logo-zonder-tekst-ZWART.png\",\"width\":801,\"height\":801,\"caption\":\"Truckned\"},\"image\":{\"@id\":\"https:\/\/truckned.nl\/nl\/#\/schema\/logo\/image\/\"},\"sameAs\":[\"https:\/\/www.facebook.com\/truckned\/\",\"https:\/\/www.instagram.com\/truckned\/\"],\"vatID\":\"NL863960509B01\",\"taxID\":\"86417487\",\"hasMerchantReturnPolicy\":{\"@type\":\"MerchantReturnPolicy\",\"merchantReturnLink\":\"https:\/\/truckned.nl\/de\/versand-rucksendungen\/\"}}]}<\/script>\n<meta property=\"product:brand\" content=\"Gylle\" \/>\n<meta property=\"product:price:amount\" content=\"22.50\" \/>\n<meta property=\"product:price:currency\" content=\"EUR\" \/>\n<meta property=\"og:availability\" content=\"instock\" \/>\n<meta property=\"product:availability\" content=\"instock\" \/>\n<meta property=\"product:retailer_item_id\" content=\"TN-350192WW\" \/>\n<meta property=\"product:condition\" content=\"new\" \/>\n<!-- \/ Yoast SEO Premium plugin. -->","yoast_head_json":{"title":"Gylle LED Modul warm wei\u00df - 3000K - Truckned - Pendelleuchte f\u00fcr LKW und Anh\u00e4nger","description":"Gylle LED Einheit WARMWEISS \u2013 separate Einheit f\u00fcr die D\u00e4nische Pendelleuchte \u2013 Gylle MEC Schweden \u2013 mit 6 LED-Punkten in Sternform \u2013 Beleuchtung f\u00fcr LKW und Anh\u00e4nger","robots":{"index":"index","follow":"follow","max-snippet":"max-snippet:-1","max-image-preview":"max-image-preview:large","max-video-preview":"max-video-preview:-1"},"canonical":"https:\/\/truckned.nl\/de\/produkt\/gylle-led-unit-warm-wit-3000k\/","og_locale":"de_DE","og_type":"article","og_title":"Gylle LED unit warm wit - 3000K - Truckned - breedtelamp voor Truck & Trailer","og_description":"Gylle LED unit WARM WIT - losse unit voor de Deense breedtelamp - Gylle MEC Zweden - met 6 LED punten in STER vorm - verlichting voor truck en trailer","og_url":"https:\/\/truckned.nl\/de\/produkt\/gylle-led-unit-warm-wit-3000k\/","og_site_name":"Truckned","article_publisher":"https:\/\/www.facebook.com\/truckned\/","article_modified_time":"2026-02-16T09:59:27+00:00","og_image":[{"width":800,"height":800,"url":"https:\/\/truckned.nl\/wp-content\/uploads\/2023\/11\/TN-350192WW.png","type":"image\/png"}],"twitter_misc":{"Preis":"&euro;22,50","Verf\u00fcgbarkeit":"Auf Lager"},"schema":{"@context":"https:\/\/schema.org","@graph":[{"@type":["WebPage","ItemPage"],"@id":"https:\/\/truckned.nl\/product\/gylle-led-unit-warm-wit-3000k\/","url":"https:\/\/truckned.nl\/product\/gylle-led-unit-warm-wit-3000k\/","name":"Gylle LED Modul warm wei\u00df - 3000K - Truckned - Pendelleuchte f\u00fcr LKW und Anh\u00e4nger","isPartOf":{"@id":"https:\/\/truckned.nl\/nl\/#website"},"primaryImageOfPage":{"@id":"https:\/\/truckned.nl\/product\/gylle-led-unit-warm-wit-3000k\/#primaryimage"},"image":{"@id":"https:\/\/truckned.nl\/product\/gylle-led-unit-warm-wit-3000k\/#primaryimage"},"thumbnailUrl":"https:\/\/truckned.nl\/wp-content\/uploads\/2023\/11\/TN-350192WW.png","datePublished":"2023-11-27T11:29:56+00:00","dateModified":"2026-02-16T09:59:27+00:00","description":"Gylle LED Einheit WARMWEISS \u2013 separate Einheit f\u00fcr die D\u00e4nische Pendelleuchte \u2013 Gylle MEC Schweden \u2013 mit 6 LED-Punkten in Sternform \u2013 Beleuchtung f\u00fcr LKW und Anh\u00e4nger","breadcrumb":{"@id":"https:\/\/truckned.nl\/product\/gylle-led-unit-warm-wit-3000k\/#breadcrumb"},"inLanguage":"de","potentialAction":[{"@type":"ReadAction","target":["https:\/\/truckned.nl\/product\/gylle-led-unit-warm-wit-3000k\/"]}]},{"@type":"ImageObject","inLanguage":"de","@id":"https:\/\/truckned.nl\/product\/gylle-led-unit-warm-wit-3000k\/#primaryimage","url":"https:\/\/truckned.nl\/wp-content\/uploads\/2023\/11\/TN-350192WW.png","contentUrl":"https:\/\/truckned.nl\/wp-content\/uploads\/2023\/11\/TN-350192WW.png","width":800,"height":800,"caption":"Gylle LED unit WARM WIT - LED module voor Deense breedtelamp van het Zweedse merk Gylle - werkt met 12 & 24 volt - EAN: 7392843074632"},{"@type":"BreadcrumbList","@id":"https:\/\/truckned.nl\/product\/gylle-led-unit-warm-wit-3000k\/#breadcrumb","itemListElement":[{"@type":"ListItem","position":1,"name":"Home","item":"https:\/\/truckned.nl\/"},{"@type":"ListItem","position":2,"name":"Shop","item":"https:\/\/truckned.nl\/nl\/shop\/"},{"@type":"ListItem","position":3,"name":"Verlichting","item":"https:\/\/truckned.nl\/de\/produkt-kategorie\/verlichting\/"},{"@type":"ListItem","position":4,"name":"Breedteverlichting","item":"https:\/\/truckned.nl\/de\/produkt-kategorie\/verlichting\/verlichting-breedteverlichting\/"},{"@type":"ListItem","position":5,"name":"Gylle LED unit warm wit &#8211; 3000K"}]},{"@type":"WebSite","@id":"https:\/\/truckned.nl\/nl\/#website","url":"https:\/\/truckned.nl\/nl\/","name":"Truckned","description":"","publisher":{"@id":"https:\/\/truckned.nl\/nl\/#organization"},"potentialAction":[{"@type":"SearchAction","target":{"@type":"EntryPoint","urlTemplate":"https:\/\/truckned.nl\/nl\/?s={search_term_string}"},"query-input":{"@type":"PropertyValueSpecification","valueRequired":true,"valueName":"search_term_string"}}],"inLanguage":"de"},{"@type":"Organization","@id":"https:\/\/truckned.nl\/nl\/#organization","name":"Truckned","url":"https:\/\/truckned.nl\/nl\/","logo":{"@type":"ImageObject","inLanguage":"de","@id":"https:\/\/truckned.nl\/nl\/#\/schema\/logo\/image\/","url":"https:\/\/truckned.nl\/wp-content\/uploads\/2022\/10\/800x800-Truckned-logo-zonder-tekst-ZWART.png","contentUrl":"https:\/\/truckned.nl\/wp-content\/uploads\/2022\/10\/800x800-Truckned-logo-zonder-tekst-ZWART.png","width":801,"height":801,"caption":"Truckned"},"image":{"@id":"https:\/\/truckned.nl\/nl\/#\/schema\/logo\/image\/"},"sameAs":["https:\/\/www.facebook.com\/truckned\/","https:\/\/www.instagram.com\/truckned\/"],"vatID":"NL863960509B01","taxID":"86417487","hasMerchantReturnPolicy":{"@type":"MerchantReturnPolicy","merchantReturnLink":"https:\/\/truckned.nl\/de\/versand-rucksendungen\/"}}]},"product_brand":"Gylle","product_price_amount":"22.50","product_price_currency":"EUR","og_availability":"instock","product_availability":"instock","product_retailer_item_id":"TN-350192WW","product_condition":"new"},"_links":{"self":[{"href":"https:\/\/truckned.nl\/de\/wp-json\/wp\/v2\/product\/28747","targetHints":{"allow":["GET"]}}],"collection":[{"href":"https:\/\/truckned.nl\/de\/wp-json\/wp\/v2\/product"}],"about":[{"href":"https:\/\/truckned.nl\/de\/wp-json\/wp\/v2\/types\/product"}],"replies":[{"embeddable":true,"href":"https:\/\/truckned.nl\/de\/wp-json\/wp\/v2\/comments?post=28747"}],"wp:featuredmedia":[{"embeddable":true,"href":"https:\/\/truckned.nl\/de\/wp-json\/wp\/v2\/media\/28986"}],"wp:attachment":[{"href":"https:\/\/truckned.nl\/de\/wp-json\/wp\/v2\/media?parent=28747"}],"wp:term":[{"taxonomy":"product_brand","embeddable":true,"href":"https:\/\/truckned.nl\/de\/wp-json\/wp\/v2\/product_brand?post=28747"},{"taxonomy":"product_cat","embeddable":true,"href":"https:\/\/truckned.nl\/de\/wp-json\/wp\/v2\/product_cat?post=28747"},{"taxonomy":"product_tag","embeddable":true,"href":"https:\/\/truckned.nl\/de\/wp-json\/wp\/v2\/product_tag?post=28747"}],"curies":[{"name":"wp","href":"https:\/\/api.w.org\/{rel}","templated":true}]}}