{"id":28760,"date":"2023-11-27T15:44:46","date_gmt":"2023-11-27T13:44:46","guid":{"rendered":"https:\/\/truckned.nl\/?post_type=product&#038;p=28760"},"modified":"2026-04-26T13:19:27","modified_gmt":"2026-04-26T11:19:27","slug":"gylle-lens-rood","status":"publish","type":"product","link":"https:\/\/truckned.nl\/de\/produkt\/gylle-lens-rood\/","title":{"rendered":"Gylle Linse rot"},"content":{"rendered":"<p><span style=\"color: #000000\"><strong>Gylle Linse rot<\/strong>.<\/span><\/p>\n<p><span style=\"color: #000000\">Planen Sie, eine Breitleuchte der schwedischen Marke Gylle selbst zusammenzubauen? Vielleicht ist das Gylle-Objektiv ROT das Teil, das Sie suchen. Durch die Verwendung des Gylle-Lampenglases in Kombination mit dem Gummi-Montagesockel k\u00f6nnen Sie sicher sein, dass Sie eine gute Lampe haben. Das Gylle-Objektiv ist speziell f\u00fcr die Gummibasis gefertigt und hat daher eine gute Passform. Wir empfehlen Ihnen, vor der Montage etwas Vaseline zwischen den Gummis zu verteilen, um eine bessere Abdichtung zu gew\u00e4hrleisten.\u00a0<\/span><\/p>\n<p><span style=\"color: #000000\">Um sicherzustellen, dass das Gylle-Objektiv ROT das Teil ist, das Sie suchen. Nachfolgend haben wir einige Objekte aufgelistet. Das Lampenglas ist aus hochwertigem Material gefertigt. Dadurch ist das Glas gut vor Wind und Wetter gesch\u00fctzt und hat somit eine lange Lebensdauer. Am Ende befindet sich eine erh\u00f6hte Kante zur Montage. Diese kleine Kante sorgt daf\u00fcr, dass das Glas nicht einfach aus der Montagebasis f\u00e4llt. Kurz gesagt: Mit diesem Gylle-Teil k\u00f6nnen Sie sicher sein, dass Sie gut ausgeleuchtet unterwegs sind.\u00a0<\/span><\/p>\n<h5><span style=\"color: #000000\"><strong>Abmessungen:<\/strong><\/span><\/h5>\n<p><span style=\"color: #000000\">Denn vor dem Kauf m\u00f6chten Sie sicher sein, dass die breite Lampe dort passt, wo Sie sie montieren m\u00f6chten. Nat\u00fcrlich m\u00f6chten Sie zun\u00e4chst unter anderem die Abmessungen des Glases wissen. Die Abmessungen des Gylle-Objektivs ROT sind wie folgt:<\/span><\/p>\n<ul>\n<li><span style=\"color: #000000\">Durchmesser: 71 mm (inkl. Kante)<\/span><\/li>\n<li><span style=\"color: #000000\">H\u00f6he: 36 mm (inkl. Rand)<\/span><\/li>\n<\/ul>\n<h5><span style=\"color: #000000\"><strong>Andere Versionen:<\/strong><\/span><\/h5>\n<p><span style=\"color: #000000\">Sie m\u00f6chten eine Pendelleuchte selbst zusammenstellen, aber die Linse Gylle ROT allein reicht nicht aus? Dann sehen Sie sich hier die weiteren Komponenten an, mit denen Sie Ihre d\u00e4nische Positionslampe einfach und schnell selbst zusammenbauen k\u00f6nnen. Die unten genannten Artikel stammen alle von der schwedischen Marke Gylle und haben eine perfekte Passform.<\/span><\/p>\n<ul>\n<li><span style=\"color: #000000\"><a style=\"color: #000000\" href=\"https:\/\/truckned.nl\/de\/produkt\/gylle-lampfitting-dubbel\/\" target=\"_blank\" rel=\"noopener\"><strong>Gylle passend doppelt - BA15S<\/strong><\/a><\/span><\/li>\n<li><span style=\"color: #000000\"><a style=\"color: #000000\" href=\"https:\/\/truckned.nl\/de\/produkt\/gylle-lens-helder\/\" target=\"_blank\" rel=\"noopener\"><strong>Gylle Glas - KLAR<\/strong><\/a><\/span><\/li>\n<li><span style=\"color: #000000\"><a style=\"color: #000000\" href=\"https:\/\/truckned.nl\/de\/produkt\/gylle-lens-oranje\/\" target=\"_blank\" rel=\"noopener\"><strong>Gylle Glas - ORANGE<\/strong><\/a><\/span><\/li>\n<li><span style=\"color: #000000\"><a style=\"color: #000000\" href=\"https:\/\/truckned.nl\/de\/produkt\/gylle-lens-wit\/\" target=\"_blank\" rel=\"noopener\"><strong>Gylle Glas - WEISS<\/strong><\/a><\/span><\/li>\n<\/ul>\n<p><span style=\"color: #000000\"><span style=\"font-size: 16px\">Sind Sie immer noch nicht davon \u00fcberzeugt, dass die Gylle Halogen Pendelleuchte das ist, was Sie suchen? Einfach, weil Ihnen die Farbe, das Design oder die Form nicht gef\u00e4llt? Werfen Sie unbedingt einen Blick auf die Seite <\/span><a style=\"font-size: 16px;background-color: #ffffff;color: #000000\" href=\"https:\/\/truckned.nl\/de\/produkt-kategorie\/verlichting\/verlichting-breedteverlichting\/\" target=\"_blank\" rel=\"noopener\">Breite Beleuchtung<\/a><span style=\"font-size: 16px\">. Neben der Halogenversion finden Sie hier auch die LED-Version.\u00a0<\/span><\/span><\/p>","protected":false},"excerpt":{"rendered":"<p>Gylle rote Linse. Planen Sie, ein schwedisches Gylle Positionslicht selbst zu montieren? Dann k\u00f6nnte die Gylle rote Linse das Richtige f\u00fcr Sie sein. Durch die Verwendung der Gylle Linse in Kombination mit der Gummihalterung ist Ihnen eine gute Beleuchtung garantiert. [\u2026]<\/p>","protected":false},"featured_media":28970,"comment_status":"open","ping_status":"closed","template":"","meta":{"_acf_changed":false,"site-sidebar-layout":"default","site-content-layout":"default","ast-site-content-layout":"default","site-content-style":"default","site-sidebar-style":"default","ast-global-header-display":"","ast-banner-title-visibility":"","ast-main-header-display":"","ast-hfb-above-header-display":"","ast-hfb-below-header-display":"","ast-hfb-mobile-header-display":"","site-post-title":"","ast-breadcrumbs-content":"","ast-featured-img":"","footer-sml-layout":"","ast-disable-related-posts":"","theme-transparent-header-meta":"default","adv-header-id-meta":"","stick-header-meta":"","header-above-stick-meta":"","header-main-stick-meta":"","header-below-stick-meta":"","astra-migrate-meta-layouts":"default","ast-page-background-enabled":"default","ast-page-background-meta":{"desktop":{"background-color":"","background-image":"","background-repeat":"repeat","background-position":"center center","background-size":"auto","background-attachment":"scroll","background-type":"","background-media":"","overlay-type":"","overlay-color":"","overlay-opacity":"","overlay-gradient":""},"tablet":{"background-color":"","background-image":"","background-repeat":"repeat","background-position":"center center","background-size":"auto","background-attachment":"scroll","background-type":"","background-media":"","overlay-type":"","overlay-color":"","overlay-opacity":"","overlay-gradient":""},"mobile":{"background-color":"","background-image":"","background-repeat":"repeat","background-position":"center center","background-size":"auto","background-attachment":"scroll","background-type":"","background-media":"","overlay-type":"","overlay-color":"","overlay-opacity":"","overlay-gradient":""}},"ast-content-background-meta":{"desktop":{"background-color":"var(--ast-global-color-5)","background-image":"","background-repeat":"repeat","background-position":"center center","background-size":"auto","background-attachment":"scroll","background-type":"","background-media":"","overlay-type":"","overlay-color":"","overlay-opacity":"","overlay-gradient":""},"tablet":{"background-color":"var(--ast-global-color-5)","background-image":"","background-repeat":"repeat","background-position":"center center","background-size":"auto","background-attachment":"scroll","background-type":"","background-media":"","overlay-type":"","overlay-color":"","overlay-opacity":"","overlay-gradient":""},"mobile":{"background-color":"var(--ast-global-color-5)","background-image":"","background-repeat":"repeat","background-position":"center center","background-size":"auto","background-attachment":"scroll","background-type":"","background-media":"","overlay-type":"","overlay-color":"","overlay-opacity":"","overlay-gradient":""}}},"product_brand":[],"product_cat":[7527],"product_tag":[6608],"class_list":{"0":"post-28760","1":"product","2":"type-product","3":"status-publish","4":"has-post-thumbnail","6":"product_cat-verlichting-breedteverlichting","7":"product_tag-gylle-halogeen-breedtelamp","8":"pa_merkk-product-gylle-mec","9":"desktop-align-left","10":"tablet-align-left","11":"mobile-align-left","13":"first","14":"instock","15":"taxable","16":"shipping-taxable","17":"purchasable","18":"product-type-simple"},"acf":[],"yoast_head":"<!-- This site is optimized with the Yoast SEO Premium plugin v26.5 (Yoast SEO v26.5) - https:\/\/yoast.com\/wordpress\/plugins\/seo\/ -->\n<title>Gylle lens rood - Truckned - breedtelamp voor o.a. Truck &amp; Trailer<\/title>\n<meta name=\"description\" content=\"Gylle lens ROOD - los lampglas voor de Deense breedtelamp - Gylle MEC Zweden - R5W lampfitting - verlichting voor truck en trailer\" \/>\n<meta name=\"robots\" content=\"index, follow, max-snippet:-1, max-image-preview:large, max-video-preview:-1\" \/>\n<link rel=\"canonical\" href=\"https:\/\/truckned.nl\/de\/produkt\/gylle-lens-rood\/\" \/>\n<meta property=\"og:locale\" content=\"de_DE\" \/>\n<meta property=\"og:type\" content=\"article\" \/>\n<meta property=\"og:title\" content=\"Gylle lens rood - Truckned - breedtelamp voor o.a. Truck &amp; Trailer\" \/>\n<meta property=\"og:description\" content=\"Gylle lens ROOD - los lampglas voor de Deense breedtelamp - Gylle MEC Zweden - R5W lampfitting - verlichting voor truck en trailer\" \/>\n<meta property=\"og:url\" content=\"https:\/\/truckned.nl\/de\/produkt\/gylle-lens-rood\/\" \/>\n<meta property=\"og:site_name\" content=\"Truckned\" \/>\n<meta property=\"article:publisher\" content=\"https:\/\/www.facebook.com\/truckned\/\" \/>\n<meta property=\"article:modified_time\" content=\"2026-04-26T11:19:27+00:00\" \/>\n<meta property=\"og:image\" content=\"https:\/\/truckned.nl\/wp-content\/uploads\/2023\/11\/TN-350188.png\" \/>\n\t<meta property=\"og:image:width\" content=\"800\" \/>\n\t<meta property=\"og:image:height\" content=\"800\" \/>\n\t<meta property=\"og:image:type\" content=\"image\/png\" \/>\n<meta name=\"twitter:label1\" content=\"Preis\" \/>\n\t<meta name=\"twitter:data1\" content=\"&euro;1,50\" \/>\n\t<meta name=\"twitter:label2\" content=\"Verf\u00fcgbarkeit\" \/>\n\t<meta name=\"twitter:data2\" content=\"Auf Lager\" \/>\n<script type=\"application\/ld+json\" class=\"yoast-schema-graph\">{\"@context\":\"https:\/\/schema.org\",\"@graph\":[{\"@type\":[\"WebPage\",\"ItemPage\"],\"@id\":\"https:\/\/truckned.nl\/product\/gylle-lens-rood\/\",\"url\":\"https:\/\/truckned.nl\/product\/gylle-lens-rood\/\",\"name\":\"Gylle lens rood - Truckned - breedtelamp voor o.a. Truck & Trailer\",\"isPartOf\":{\"@id\":\"https:\/\/truckned.nl\/nl\/#website\"},\"primaryImageOfPage\":{\"@id\":\"https:\/\/truckned.nl\/product\/gylle-lens-rood\/#primaryimage\"},\"image\":{\"@id\":\"https:\/\/truckned.nl\/product\/gylle-lens-rood\/#primaryimage\"},\"thumbnailUrl\":\"https:\/\/truckned.nl\/wp-content\/uploads\/2023\/11\/TN-350188.png\",\"datePublished\":\"2023-11-27T13:44:46+00:00\",\"dateModified\":\"2026-04-26T11:19:27+00:00\",\"description\":\"Gylle lens ROOD - los lampglas voor de Deense breedtelamp - Gylle MEC Zweden - R5W lampfitting - verlichting voor truck en trailer\",\"breadcrumb\":{\"@id\":\"https:\/\/truckned.nl\/product\/gylle-lens-rood\/#breadcrumb\"},\"inLanguage\":\"de\",\"potentialAction\":[{\"@type\":\"ReadAction\",\"target\":[\"https:\/\/truckned.nl\/product\/gylle-lens-rood\/\"]}]},{\"@type\":\"ImageObject\",\"inLanguage\":\"de\",\"@id\":\"https:\/\/truckned.nl\/product\/gylle-lens-rood\/#primaryimage\",\"url\":\"https:\/\/truckned.nl\/wp-content\/uploads\/2023\/11\/TN-350188.png\",\"contentUrl\":\"https:\/\/truckned.nl\/wp-content\/uploads\/2023\/11\/TN-350188.png\",\"width\":800,\"height\":800,\"caption\":\"Gylle lens ROOD - lampglas voor Deense breedtelamp - GYLLE MEC product - EAN: 7392847307866\"},{\"@type\":\"BreadcrumbList\",\"@id\":\"https:\/\/truckned.nl\/product\/gylle-lens-rood\/#breadcrumb\",\"itemListElement\":[{\"@type\":\"ListItem\",\"position\":1,\"name\":\"Home\",\"item\":\"https:\/\/truckned.nl\/\"},{\"@type\":\"ListItem\",\"position\":2,\"name\":\"Shop\",\"item\":\"https:\/\/truckned.nl\/nl\/shop\/\"},{\"@type\":\"ListItem\",\"position\":3,\"name\":\"Verlichting\",\"item\":\"https:\/\/truckned.nl\/de\/produkt-kategorie\/verlichting\/\"},{\"@type\":\"ListItem\",\"position\":4,\"name\":\"Breedteverlichting\",\"item\":\"https:\/\/truckned.nl\/de\/produkt-kategorie\/verlichting\/verlichting-breedteverlichting\/\"},{\"@type\":\"ListItem\",\"position\":5,\"name\":\"Gylle lens rood\"}]},{\"@type\":\"WebSite\",\"@id\":\"https:\/\/truckned.nl\/nl\/#website\",\"url\":\"https:\/\/truckned.nl\/nl\/\",\"name\":\"Truckned\",\"description\":\"\",\"publisher\":{\"@id\":\"https:\/\/truckned.nl\/nl\/#organization\"},\"potentialAction\":[{\"@type\":\"SearchAction\",\"target\":{\"@type\":\"EntryPoint\",\"urlTemplate\":\"https:\/\/truckned.nl\/nl\/?s={search_term_string}\"},\"query-input\":{\"@type\":\"PropertyValueSpecification\",\"valueRequired\":true,\"valueName\":\"search_term_string\"}}],\"inLanguage\":\"de\"},{\"@type\":\"Organization\",\"@id\":\"https:\/\/truckned.nl\/nl\/#organization\",\"name\":\"Truckned\",\"url\":\"https:\/\/truckned.nl\/nl\/\",\"logo\":{\"@type\":\"ImageObject\",\"inLanguage\":\"de\",\"@id\":\"https:\/\/truckned.nl\/nl\/#\/schema\/logo\/image\/\",\"url\":\"https:\/\/truckned.nl\/wp-content\/uploads\/2022\/10\/800x800-Truckned-logo-zonder-tekst-ZWART.png\",\"contentUrl\":\"https:\/\/truckned.nl\/wp-content\/uploads\/2022\/10\/800x800-Truckned-logo-zonder-tekst-ZWART.png\",\"width\":801,\"height\":801,\"caption\":\"Truckned\"},\"image\":{\"@id\":\"https:\/\/truckned.nl\/nl\/#\/schema\/logo\/image\/\"},\"sameAs\":[\"https:\/\/www.facebook.com\/truckned\/\",\"https:\/\/www.instagram.com\/truckned\/\"],\"vatID\":\"NL863960509B01\",\"taxID\":\"86417487\",\"hasMerchantReturnPolicy\":{\"@type\":\"MerchantReturnPolicy\",\"merchantReturnLink\":\"https:\/\/truckned.nl\/de\/versand-rucksendungen\/\"}}]}<\/script>\n<meta property=\"product:brand\" content=\"Gylle\" \/>\n<meta property=\"product:price:amount\" content=\"1.50\" \/>\n<meta property=\"product:price:currency\" content=\"EUR\" \/>\n<meta property=\"og:availability\" content=\"instock\" \/>\n<meta property=\"product:availability\" content=\"instock\" \/>\n<meta property=\"product:retailer_item_id\" content=\"TN-350188\" \/>\n<meta property=\"product:condition\" content=\"new\" \/>\n<!-- \/ Yoast SEO Premium plugin. -->","yoast_head_json":{"title":"Gylle Linse rot - Truckned - Pendelleuchte unter anderem f\u00fcr Truck &amp; Trailer","description":"Gylle Linse ROT \u2013 loses Lampenglas f\u00fcr die d\u00e4nische Positionslampe \u2013 Gylle MEC Schweden \u2013 R5W Lampenfassung \u2013 Beleuchtung f\u00fcr LKW und Anh\u00e4nger","robots":{"index":"index","follow":"follow","max-snippet":"max-snippet:-1","max-image-preview":"max-image-preview:large","max-video-preview":"max-video-preview:-1"},"canonical":"https:\/\/truckned.nl\/de\/produkt\/gylle-lens-rood\/","og_locale":"de_DE","og_type":"article","og_title":"Gylle lens rood - Truckned - breedtelamp voor o.a. Truck & Trailer","og_description":"Gylle lens ROOD - los lampglas voor de Deense breedtelamp - Gylle MEC Zweden - R5W lampfitting - verlichting voor truck en trailer","og_url":"https:\/\/truckned.nl\/de\/produkt\/gylle-lens-rood\/","og_site_name":"Truckned","article_publisher":"https:\/\/www.facebook.com\/truckned\/","article_modified_time":"2026-04-26T11:19:27+00:00","og_image":[{"width":800,"height":800,"url":"https:\/\/truckned.nl\/wp-content\/uploads\/2023\/11\/TN-350188.png","type":"image\/png"}],"twitter_misc":{"Preis":"&euro;1,50","Verf\u00fcgbarkeit":"Auf Lager"},"schema":{"@context":"https:\/\/schema.org","@graph":[{"@type":["WebPage","ItemPage"],"@id":"https:\/\/truckned.nl\/product\/gylle-lens-rood\/","url":"https:\/\/truckned.nl\/product\/gylle-lens-rood\/","name":"Gylle Linse rot - Truckned - Pendelleuchte unter anderem f\u00fcr Truck &amp; Trailer","isPartOf":{"@id":"https:\/\/truckned.nl\/nl\/#website"},"primaryImageOfPage":{"@id":"https:\/\/truckned.nl\/product\/gylle-lens-rood\/#primaryimage"},"image":{"@id":"https:\/\/truckned.nl\/product\/gylle-lens-rood\/#primaryimage"},"thumbnailUrl":"https:\/\/truckned.nl\/wp-content\/uploads\/2023\/11\/TN-350188.png","datePublished":"2023-11-27T13:44:46+00:00","dateModified":"2026-04-26T11:19:27+00:00","description":"Gylle Linse ROT \u2013 loses Lampenglas f\u00fcr die d\u00e4nische Positionslampe \u2013 Gylle MEC Schweden \u2013 R5W Lampenfassung \u2013 Beleuchtung f\u00fcr LKW und Anh\u00e4nger","breadcrumb":{"@id":"https:\/\/truckned.nl\/product\/gylle-lens-rood\/#breadcrumb"},"inLanguage":"de","potentialAction":[{"@type":"ReadAction","target":["https:\/\/truckned.nl\/product\/gylle-lens-rood\/"]}]},{"@type":"ImageObject","inLanguage":"de","@id":"https:\/\/truckned.nl\/product\/gylle-lens-rood\/#primaryimage","url":"https:\/\/truckned.nl\/wp-content\/uploads\/2023\/11\/TN-350188.png","contentUrl":"https:\/\/truckned.nl\/wp-content\/uploads\/2023\/11\/TN-350188.png","width":800,"height":800,"caption":"Gylle lens ROOD - lampglas voor Deense breedtelamp - GYLLE MEC product - EAN: 7392847307866"},{"@type":"BreadcrumbList","@id":"https:\/\/truckned.nl\/product\/gylle-lens-rood\/#breadcrumb","itemListElement":[{"@type":"ListItem","position":1,"name":"Home","item":"https:\/\/truckned.nl\/"},{"@type":"ListItem","position":2,"name":"Shop","item":"https:\/\/truckned.nl\/nl\/shop\/"},{"@type":"ListItem","position":3,"name":"Verlichting","item":"https:\/\/truckned.nl\/de\/produkt-kategorie\/verlichting\/"},{"@type":"ListItem","position":4,"name":"Breedteverlichting","item":"https:\/\/truckned.nl\/de\/produkt-kategorie\/verlichting\/verlichting-breedteverlichting\/"},{"@type":"ListItem","position":5,"name":"Gylle lens rood"}]},{"@type":"WebSite","@id":"https:\/\/truckned.nl\/nl\/#website","url":"https:\/\/truckned.nl\/nl\/","name":"Truckned","description":"","publisher":{"@id":"https:\/\/truckned.nl\/nl\/#organization"},"potentialAction":[{"@type":"SearchAction","target":{"@type":"EntryPoint","urlTemplate":"https:\/\/truckned.nl\/nl\/?s={search_term_string}"},"query-input":{"@type":"PropertyValueSpecification","valueRequired":true,"valueName":"search_term_string"}}],"inLanguage":"de"},{"@type":"Organization","@id":"https:\/\/truckned.nl\/nl\/#organization","name":"Truckned","url":"https:\/\/truckned.nl\/nl\/","logo":{"@type":"ImageObject","inLanguage":"de","@id":"https:\/\/truckned.nl\/nl\/#\/schema\/logo\/image\/","url":"https:\/\/truckned.nl\/wp-content\/uploads\/2022\/10\/800x800-Truckned-logo-zonder-tekst-ZWART.png","contentUrl":"https:\/\/truckned.nl\/wp-content\/uploads\/2022\/10\/800x800-Truckned-logo-zonder-tekst-ZWART.png","width":801,"height":801,"caption":"Truckned"},"image":{"@id":"https:\/\/truckned.nl\/nl\/#\/schema\/logo\/image\/"},"sameAs":["https:\/\/www.facebook.com\/truckned\/","https:\/\/www.instagram.com\/truckned\/"],"vatID":"NL863960509B01","taxID":"86417487","hasMerchantReturnPolicy":{"@type":"MerchantReturnPolicy","merchantReturnLink":"https:\/\/truckned.nl\/de\/versand-rucksendungen\/"}}]},"product_brand":"Gylle","product_price_amount":"1.50","product_price_currency":"EUR","og_availability":"instock","product_availability":"instock","product_retailer_item_id":"TN-350188","product_condition":"new"},"_links":{"self":[{"href":"https:\/\/truckned.nl\/de\/wp-json\/wp\/v2\/product\/28760","targetHints":{"allow":["GET"]}}],"collection":[{"href":"https:\/\/truckned.nl\/de\/wp-json\/wp\/v2\/product"}],"about":[{"href":"https:\/\/truckned.nl\/de\/wp-json\/wp\/v2\/types\/product"}],"replies":[{"embeddable":true,"href":"https:\/\/truckned.nl\/de\/wp-json\/wp\/v2\/comments?post=28760"}],"wp:featuredmedia":[{"embeddable":true,"href":"https:\/\/truckned.nl\/de\/wp-json\/wp\/v2\/media\/28970"}],"wp:attachment":[{"href":"https:\/\/truckned.nl\/de\/wp-json\/wp\/v2\/media?parent=28760"}],"wp:term":[{"taxonomy":"product_brand","embeddable":true,"href":"https:\/\/truckned.nl\/de\/wp-json\/wp\/v2\/product_brand?post=28760"},{"taxonomy":"product_cat","embeddable":true,"href":"https:\/\/truckned.nl\/de\/wp-json\/wp\/v2\/product_cat?post=28760"},{"taxonomy":"product_tag","embeddable":true,"href":"https:\/\/truckned.nl\/de\/wp-json\/wp\/v2\/product_tag?post=28760"}],"curies":[{"name":"wp","href":"https:\/\/api.w.org\/{rel}","templated":true}]}}