{"id":28855,"date":"2023-12-05T15:46:43","date_gmt":"2023-12-05T13:46:43","guid":{"rendered":"https:\/\/truckned.nl\/?post_type=product&#038;p=28855"},"modified":"2026-02-16T14:34:55","modified_gmt":"2026-02-16T13:34:55","slug":"c2-98-markeringslamp-rood","status":"publish","type":"product","link":"https:\/\/truckned.nl\/de\/produkt\/c2-98-markeringslamp-rood\/","title":{"rendered":"C2-98 Positionsleuchte \u2013 rot"},"content":{"rendered":"<p><span style=\"color: #000000\"><strong>C2-98 Umrissleuchte ROT.\u00a0<\/strong><\/span><\/p>\n<p><span style=\"color: #000000\">Suchen Sie eine Markierungsleuchte, die klares Glas hat, aber rot leuchtet? Dann k\u00f6nnte die C2-98 Umrissleuchte ROT der Marke AEB die LED-Leuchte sein, die Sie suchen. Die kleine flache Einbauleuchte ist mit 4 LED-Punkten ausgestattet und wird pro St\u00fcck geliefert. Die ovale Lampe LED ist f\u00fcr den 12- und 24-Volt-Betrieb konzipiert und eignet sich daher f\u00fcr Ihr Auto, Wohnmobil, LKW oder Anh\u00e4nger.\u00a0<\/span><\/p>\n<h5><span style=\"color: #000000\"><strong>Abmessungen:<\/strong><\/span><\/h5>\n<p><span style=\"color: #000000\">Denn Sie m\u00f6chten sicher sein, dass die Lampe dort passt, wo Sie sie montieren m\u00f6chten. Nachfolgend haben wir die Abmessungen der rotleuchtenden LED-Lampe notiert. Die Abmessungen der Markierungsleuchte AEB C2-98 ROT mit 4 LED-Punkten sind wie folgt.\u00a0<\/span><\/p>\n<ul>\n<li><span style=\"color: #000000\">Breite: 90 mm<\/span><\/li>\n<li><span style=\"color: #000000\">H\u00f6he: 25 mm<\/span><\/li>\n<li><span style=\"color: #000000\">Dicke: 16 mm<\/span><\/li>\n<li><span style=\"color: #000000\">Mitte-zu-Mitte: 11 mm<\/span><\/li>\n<\/ul>\n<h5><span style=\"color: #000000\"><strong>Andere Farben:<\/strong><\/span><\/h5>\n<p><span style=\"color: #000000\">Suchen Sie eine LED Markierungsleuchte mit eingebauter Option, aber ist die Farbe ROT nicht die Farbe, die Sie suchen? Dann wissen Sie, dass die LED-Lampe von AEB auch in den folgenden Farben erh\u00e4ltlich ist:\u00a0<\/span><\/p>\n<ul>\n<li><span style=\"color: #000000\"><a style=\"color: #000000\" href=\"https:\/\/truckned.nl\/de\/produkt\/c2-98-markeringslamp-oranje\/\" target=\"_blank\" rel=\"noopener\"><strong>AEB-Markierungsleuchte ORANGE<\/strong><\/a><\/span><\/li>\n<li><span style=\"color: #000000\"><a style=\"color: #000000\" href=\"https:\/\/truckned.nl\/de\/produkt\/c2-98-markeringslamp-wit\/\" target=\"_blank\" rel=\"noopener\"><strong>AEB-Markierungsleuchte WEISS<\/strong><\/a><\/span><\/li>\n<\/ul>\n<div class=\"truncated\">\n<p><span style=\"color: #000000\">Glauben Sie, dass die C2-98 Umrissleuchte ROT mit klarem Glas nicht das ist, was Sie suchen? Einfach weil Ihnen die Farbe, Form oder L\u00e4nge nicht gef\u00e4llt? Dann sehen Sie sich hier das komplette Sortiment der Marke an <a style=\"color: #000000\" href=\"https:\/\/truckned.nl\/de\/merk\/aeb\/\" target=\"_blank\" rel=\"noopener\">AEB<\/a>.<\/span><\/p>\n<\/div>","protected":false},"excerpt":{"rendered":"<p>C2-98 Markierungsleuchte ROT. Suchen Sie eine Markierungsleuchte mit klarem Glas, aber rotem Licht? Dann k\u00f6nnte die C2-98 Markierungsleuchte ROT von AEB die LED-Leuchte sein, die Sie suchen. Diese kleine, flache Einbauleuchte verf\u00fcgt \u00fcber vier LED-Punkte und wird einzeln verkauft.<\/p>","protected":false},"featured_media":28865,"comment_status":"open","ping_status":"closed","template":"","meta":{"_acf_changed":false,"site-sidebar-layout":"default","site-content-layout":"default","ast-site-content-layout":"default","site-content-style":"default","site-sidebar-style":"default","ast-global-header-display":"","ast-banner-title-visibility":"","ast-main-header-display":"","ast-hfb-above-header-display":"","ast-hfb-below-header-display":"","ast-hfb-mobile-header-display":"","site-post-title":"","ast-breadcrumbs-content":"","ast-featured-img":"","footer-sml-layout":"","ast-disable-related-posts":"","theme-transparent-header-meta":"default","adv-header-id-meta":"","stick-header-meta":"","header-above-stick-meta":"","header-main-stick-meta":"","header-below-stick-meta":"","astra-migrate-meta-layouts":"default","ast-page-background-enabled":"default","ast-page-background-meta":{"desktop":{"background-color":"","background-image":"","background-repeat":"repeat","background-position":"center center","background-size":"auto","background-attachment":"scroll","background-type":"","background-media":"","overlay-type":"","overlay-color":"","overlay-opacity":"","overlay-gradient":""},"tablet":{"background-color":"","background-image":"","background-repeat":"repeat","background-position":"center center","background-size":"auto","background-attachment":"scroll","background-type":"","background-media":"","overlay-type":"","overlay-color":"","overlay-opacity":"","overlay-gradient":""},"mobile":{"background-color":"","background-image":"","background-repeat":"repeat","background-position":"center center","background-size":"auto","background-attachment":"scroll","background-type":"","background-media":"","overlay-type":"","overlay-color":"","overlay-opacity":"","overlay-gradient":""}},"ast-content-background-meta":{"desktop":{"background-color":"var(--ast-global-color-5)","background-image":"","background-repeat":"repeat","background-position":"center center","background-size":"auto","background-attachment":"scroll","background-type":"","background-media":"","overlay-type":"","overlay-color":"","overlay-opacity":"","overlay-gradient":""},"tablet":{"background-color":"var(--ast-global-color-5)","background-image":"","background-repeat":"repeat","background-position":"center center","background-size":"auto","background-attachment":"scroll","background-type":"","background-media":"","overlay-type":"","overlay-color":"","overlay-opacity":"","overlay-gradient":""},"mobile":{"background-color":"var(--ast-global-color-5)","background-image":"","background-repeat":"repeat","background-position":"center center","background-size":"auto","background-attachment":"scroll","background-type":"","background-media":"","overlay-type":"","overlay-color":"","overlay-opacity":"","overlay-gradient":""}}},"product_brand":[],"product_cat":[7529],"product_tag":[],"class_list":{"0":"post-28855","1":"product","2":"type-product","3":"status-publish","4":"has-post-thumbnail","6":"product_cat-verlichting-markeringslampen","7":"pa_merkk-aeb","8":"desktop-align-left","9":"tablet-align-left","10":"mobile-align-left","12":"first","13":"instock","14":"taxable","15":"shipping-taxable","16":"purchasable","17":"product-type-simple"},"acf":[],"yoast_head":"<!-- This site is optimized with the Yoast SEO Premium plugin v26.5 (Yoast SEO v26.5) - https:\/\/yoast.com\/wordpress\/plugins\/seo\/ -->\n<title>C2-98 markeringslamp - rood - Truckned - contourlamp voor 12 &amp; 24 volt<\/title>\n<meta name=\"description\" content=\"C2-98 markeringslamp ROOD - AEB lamp met 4 LED punten - ECE R7 goedkeuring - incl. schroeven voor montage - IP66 goedkeuring - inbouw montage\" \/>\n<meta name=\"robots\" content=\"index, follow, max-snippet:-1, max-image-preview:large, max-video-preview:-1\" \/>\n<link rel=\"canonical\" href=\"https:\/\/truckned.nl\/de\/produkt\/c2-98-markeringslamp-rood\/\" \/>\n<meta property=\"og:locale\" content=\"de_DE\" \/>\n<meta property=\"og:type\" content=\"article\" \/>\n<meta property=\"og:title\" content=\"C2-98 markeringslamp - rood - Truckned - contourlamp voor 12 &amp; 24 volt\" \/>\n<meta property=\"og:description\" content=\"C2-98 markeringslamp ROOD - AEB lamp met 4 LED punten - ECE R7 goedkeuring - incl. schroeven voor montage - IP66 goedkeuring - inbouw montage\" \/>\n<meta property=\"og:url\" content=\"https:\/\/truckned.nl\/de\/produkt\/c2-98-markeringslamp-rood\/\" \/>\n<meta property=\"og:site_name\" content=\"Truckned\" \/>\n<meta property=\"article:publisher\" content=\"https:\/\/www.facebook.com\/truckned\/\" \/>\n<meta property=\"article:modified_time\" content=\"2026-02-16T13:34:55+00:00\" \/>\n<meta property=\"og:image\" content=\"https:\/\/truckned.nl\/wp-content\/uploads\/2023\/12\/TN-350226.png\" \/>\n\t<meta property=\"og:image:width\" content=\"800\" \/>\n\t<meta property=\"og:image:height\" content=\"800\" \/>\n\t<meta property=\"og:image:type\" content=\"image\/png\" \/>\n<meta name=\"twitter:label1\" content=\"Preis\" \/>\n\t<meta name=\"twitter:data1\" content=\"&euro;7,95\" \/>\n\t<meta name=\"twitter:label2\" content=\"Verf\u00fcgbarkeit\" \/>\n\t<meta name=\"twitter:data2\" content=\"Auf Lager\" \/>\n<script type=\"application\/ld+json\" class=\"yoast-schema-graph\">{\"@context\":\"https:\/\/schema.org\",\"@graph\":[{\"@type\":[\"WebPage\",\"ItemPage\"],\"@id\":\"https:\/\/truckned.nl\/product\/c2-98-markeringslamp-rood\/\",\"url\":\"https:\/\/truckned.nl\/product\/c2-98-markeringslamp-rood\/\",\"name\":\"C2-98 markeringslamp - rood - Truckned - contourlamp voor 12 & 24 volt\",\"isPartOf\":{\"@id\":\"https:\/\/truckned.nl\/nl\/#website\"},\"primaryImageOfPage\":{\"@id\":\"https:\/\/truckned.nl\/product\/c2-98-markeringslamp-rood\/#primaryimage\"},\"image\":{\"@id\":\"https:\/\/truckned.nl\/product\/c2-98-markeringslamp-rood\/#primaryimage\"},\"thumbnailUrl\":\"https:\/\/truckned.nl\/wp-content\/uploads\/2023\/12\/TN-350226.png\",\"datePublished\":\"2023-12-05T13:46:43+00:00\",\"dateModified\":\"2026-02-16T13:34:55+00:00\",\"description\":\"C2-98 markeringslamp ROOD - AEB lamp met 4 LED punten - ECE R7 goedkeuring - incl. schroeven voor montage - IP66 goedkeuring - inbouw montage\",\"breadcrumb\":{\"@id\":\"https:\/\/truckned.nl\/product\/c2-98-markeringslamp-rood\/#breadcrumb\"},\"inLanguage\":\"de\",\"potentialAction\":[{\"@type\":\"ReadAction\",\"target\":[\"https:\/\/truckned.nl\/product\/c2-98-markeringslamp-rood\/\"]}]},{\"@type\":\"ImageObject\",\"inLanguage\":\"de\",\"@id\":\"https:\/\/truckned.nl\/product\/c2-98-markeringslamp-rood\/#primaryimage\",\"url\":\"https:\/\/truckned.nl\/wp-content\/uploads\/2023\/12\/TN-350226.png\",\"contentUrl\":\"https:\/\/truckned.nl\/wp-content\/uploads\/2023\/12\/TN-350226.png\",\"width\":800,\"height\":800,\"caption\":\"C2-98 markeringslamp ROOD - AEB LED markeringslamp wit met helder glas - ECE R7 keurmerk - voor 12 & 24 volt gebruik - EAN: 5414184550575\"},{\"@type\":\"BreadcrumbList\",\"@id\":\"https:\/\/truckned.nl\/product\/c2-98-markeringslamp-rood\/#breadcrumb\",\"itemListElement\":[{\"@type\":\"ListItem\",\"position\":1,\"name\":\"Home\",\"item\":\"https:\/\/truckned.nl\/\"},{\"@type\":\"ListItem\",\"position\":2,\"name\":\"Shop\",\"item\":\"https:\/\/truckned.nl\/nl\/shop\/\"},{\"@type\":\"ListItem\",\"position\":3,\"name\":\"Verlichting\",\"item\":\"https:\/\/truckned.nl\/de\/produkt-kategorie\/verlichting\/\"},{\"@type\":\"ListItem\",\"position\":4,\"name\":\"Markeringslampen\",\"item\":\"https:\/\/truckned.nl\/nl\/product-categorie\/verlichting\/verlichting-markeringslampen\/\"},{\"@type\":\"ListItem\",\"position\":5,\"name\":\"C2-98 markeringslamp &#8211; rood\"}]},{\"@type\":\"WebSite\",\"@id\":\"https:\/\/truckned.nl\/nl\/#website\",\"url\":\"https:\/\/truckned.nl\/nl\/\",\"name\":\"Truckned\",\"description\":\"\",\"publisher\":{\"@id\":\"https:\/\/truckned.nl\/nl\/#organization\"},\"potentialAction\":[{\"@type\":\"SearchAction\",\"target\":{\"@type\":\"EntryPoint\",\"urlTemplate\":\"https:\/\/truckned.nl\/nl\/?s={search_term_string}\"},\"query-input\":{\"@type\":\"PropertyValueSpecification\",\"valueRequired\":true,\"valueName\":\"search_term_string\"}}],\"inLanguage\":\"de\"},{\"@type\":\"Organization\",\"@id\":\"https:\/\/truckned.nl\/nl\/#organization\",\"name\":\"Truckned\",\"url\":\"https:\/\/truckned.nl\/nl\/\",\"logo\":{\"@type\":\"ImageObject\",\"inLanguage\":\"de\",\"@id\":\"https:\/\/truckned.nl\/nl\/#\/schema\/logo\/image\/\",\"url\":\"https:\/\/truckned.nl\/wp-content\/uploads\/2022\/10\/800x800-Truckned-logo-zonder-tekst-ZWART.png\",\"contentUrl\":\"https:\/\/truckned.nl\/wp-content\/uploads\/2022\/10\/800x800-Truckned-logo-zonder-tekst-ZWART.png\",\"width\":801,\"height\":801,\"caption\":\"Truckned\"},\"image\":{\"@id\":\"https:\/\/truckned.nl\/nl\/#\/schema\/logo\/image\/\"},\"sameAs\":[\"https:\/\/www.facebook.com\/truckned\/\",\"https:\/\/www.instagram.com\/truckned\/\"],\"vatID\":\"NL863960509B01\",\"taxID\":\"86417487\",\"hasMerchantReturnPolicy\":{\"@type\":\"MerchantReturnPolicy\",\"merchantReturnLink\":\"https:\/\/truckned.nl\/de\/versand-rucksendungen\/\"}}]}<\/script>\n<meta property=\"product:brand\" content=\"AEB\" \/>\n<meta property=\"product:price:amount\" content=\"7.95\" \/>\n<meta property=\"product:price:currency\" content=\"EUR\" \/>\n<meta property=\"og:availability\" content=\"instock\" \/>\n<meta property=\"product:availability\" content=\"instock\" \/>\n<meta property=\"product:retailer_item_id\" content=\"TN-350226\" \/>\n<meta property=\"product:condition\" content=\"new\" \/>\n<!-- \/ Yoast SEO Premium plugin. -->","yoast_head_json":{"title":"C2-98 Positionsleuchte - rot - Truckned - Konturleuchte f\u00fcr 12 &amp; 24 Volt","description":"C2-98 Markierungsleuchte ROT - AEB Leuchte mit 4 LED-Punkten - ECE R7-Zulassung - inkl. Schrauben zur Montage - IP66-Zulassung - Unterputzmontage","robots":{"index":"index","follow":"follow","max-snippet":"max-snippet:-1","max-image-preview":"max-image-preview:large","max-video-preview":"max-video-preview:-1"},"canonical":"https:\/\/truckned.nl\/de\/produkt\/c2-98-markeringslamp-rood\/","og_locale":"de_DE","og_type":"article","og_title":"C2-98 markeringslamp - rood - Truckned - contourlamp voor 12 & 24 volt","og_description":"C2-98 markeringslamp ROOD - AEB lamp met 4 LED punten - ECE R7 goedkeuring - incl. schroeven voor montage - IP66 goedkeuring - inbouw montage","og_url":"https:\/\/truckned.nl\/de\/produkt\/c2-98-markeringslamp-rood\/","og_site_name":"Truckned","article_publisher":"https:\/\/www.facebook.com\/truckned\/","article_modified_time":"2026-02-16T13:34:55+00:00","og_image":[{"width":800,"height":800,"url":"https:\/\/truckned.nl\/wp-content\/uploads\/2023\/12\/TN-350226.png","type":"image\/png"}],"twitter_misc":{"Preis":"&euro;7,95","Verf\u00fcgbarkeit":"Auf Lager"},"schema":{"@context":"https:\/\/schema.org","@graph":[{"@type":["WebPage","ItemPage"],"@id":"https:\/\/truckned.nl\/product\/c2-98-markeringslamp-rood\/","url":"https:\/\/truckned.nl\/product\/c2-98-markeringslamp-rood\/","name":"C2-98 Positionsleuchte - rot - Truckned - Konturleuchte f\u00fcr 12 &amp; 24 Volt","isPartOf":{"@id":"https:\/\/truckned.nl\/nl\/#website"},"primaryImageOfPage":{"@id":"https:\/\/truckned.nl\/product\/c2-98-markeringslamp-rood\/#primaryimage"},"image":{"@id":"https:\/\/truckned.nl\/product\/c2-98-markeringslamp-rood\/#primaryimage"},"thumbnailUrl":"https:\/\/truckned.nl\/wp-content\/uploads\/2023\/12\/TN-350226.png","datePublished":"2023-12-05T13:46:43+00:00","dateModified":"2026-02-16T13:34:55+00:00","description":"C2-98 Markierungsleuchte ROT - AEB Leuchte mit 4 LED-Punkten - ECE R7-Zulassung - inkl. Schrauben zur Montage - IP66-Zulassung - Unterputzmontage","breadcrumb":{"@id":"https:\/\/truckned.nl\/product\/c2-98-markeringslamp-rood\/#breadcrumb"},"inLanguage":"de","potentialAction":[{"@type":"ReadAction","target":["https:\/\/truckned.nl\/product\/c2-98-markeringslamp-rood\/"]}]},{"@type":"ImageObject","inLanguage":"de","@id":"https:\/\/truckned.nl\/product\/c2-98-markeringslamp-rood\/#primaryimage","url":"https:\/\/truckned.nl\/wp-content\/uploads\/2023\/12\/TN-350226.png","contentUrl":"https:\/\/truckned.nl\/wp-content\/uploads\/2023\/12\/TN-350226.png","width":800,"height":800,"caption":"C2-98 markeringslamp ROOD - AEB LED markeringslamp wit met helder glas - ECE R7 keurmerk - voor 12 & 24 volt gebruik - EAN: 5414184550575"},{"@type":"BreadcrumbList","@id":"https:\/\/truckned.nl\/product\/c2-98-markeringslamp-rood\/#breadcrumb","itemListElement":[{"@type":"ListItem","position":1,"name":"Home","item":"https:\/\/truckned.nl\/"},{"@type":"ListItem","position":2,"name":"Shop","item":"https:\/\/truckned.nl\/nl\/shop\/"},{"@type":"ListItem","position":3,"name":"Verlichting","item":"https:\/\/truckned.nl\/de\/produkt-kategorie\/verlichting\/"},{"@type":"ListItem","position":4,"name":"Markeringslampen","item":"https:\/\/truckned.nl\/nl\/product-categorie\/verlichting\/verlichting-markeringslampen\/"},{"@type":"ListItem","position":5,"name":"C2-98 markeringslamp &#8211; rood"}]},{"@type":"WebSite","@id":"https:\/\/truckned.nl\/nl\/#website","url":"https:\/\/truckned.nl\/nl\/","name":"Truckned","description":"","publisher":{"@id":"https:\/\/truckned.nl\/nl\/#organization"},"potentialAction":[{"@type":"SearchAction","target":{"@type":"EntryPoint","urlTemplate":"https:\/\/truckned.nl\/nl\/?s={search_term_string}"},"query-input":{"@type":"PropertyValueSpecification","valueRequired":true,"valueName":"search_term_string"}}],"inLanguage":"de"},{"@type":"Organization","@id":"https:\/\/truckned.nl\/nl\/#organization","name":"Truckned","url":"https:\/\/truckned.nl\/nl\/","logo":{"@type":"ImageObject","inLanguage":"de","@id":"https:\/\/truckned.nl\/nl\/#\/schema\/logo\/image\/","url":"https:\/\/truckned.nl\/wp-content\/uploads\/2022\/10\/800x800-Truckned-logo-zonder-tekst-ZWART.png","contentUrl":"https:\/\/truckned.nl\/wp-content\/uploads\/2022\/10\/800x800-Truckned-logo-zonder-tekst-ZWART.png","width":801,"height":801,"caption":"Truckned"},"image":{"@id":"https:\/\/truckned.nl\/nl\/#\/schema\/logo\/image\/"},"sameAs":["https:\/\/www.facebook.com\/truckned\/","https:\/\/www.instagram.com\/truckned\/"],"vatID":"NL863960509B01","taxID":"86417487","hasMerchantReturnPolicy":{"@type":"MerchantReturnPolicy","merchantReturnLink":"https:\/\/truckned.nl\/de\/versand-rucksendungen\/"}}]},"product_brand":"AEB","product_price_amount":"7.95","product_price_currency":"EUR","og_availability":"instock","product_availability":"instock","product_retailer_item_id":"TN-350226","product_condition":"new"},"_links":{"self":[{"href":"https:\/\/truckned.nl\/de\/wp-json\/wp\/v2\/product\/28855","targetHints":{"allow":["GET"]}}],"collection":[{"href":"https:\/\/truckned.nl\/de\/wp-json\/wp\/v2\/product"}],"about":[{"href":"https:\/\/truckned.nl\/de\/wp-json\/wp\/v2\/types\/product"}],"replies":[{"embeddable":true,"href":"https:\/\/truckned.nl\/de\/wp-json\/wp\/v2\/comments?post=28855"}],"wp:featuredmedia":[{"embeddable":true,"href":"https:\/\/truckned.nl\/de\/wp-json\/wp\/v2\/media\/28865"}],"wp:attachment":[{"href":"https:\/\/truckned.nl\/de\/wp-json\/wp\/v2\/media?parent=28855"}],"wp:term":[{"taxonomy":"product_brand","embeddable":true,"href":"https:\/\/truckned.nl\/de\/wp-json\/wp\/v2\/product_brand?post=28855"},{"taxonomy":"product_cat","embeddable":true,"href":"https:\/\/truckned.nl\/de\/wp-json\/wp\/v2\/product_cat?post=28855"},{"taxonomy":"product_tag","embeddable":true,"href":"https:\/\/truckned.nl\/de\/wp-json\/wp\/v2\/product_tag?post=28855"}],"curies":[{"name":"wp","href":"https:\/\/api.w.org\/{rel}","templated":true}]}}