{"id":28886,"date":"2023-12-10T12:53:17","date_gmt":"2023-12-10T11:53:17","guid":{"rendered":"https:\/\/truckned.nl\/?post_type=product&#038;p=28886"},"modified":"2026-04-22T11:53:57","modified_gmt":"2026-04-22T09:53:57","slug":"basuri-baby-shark-2-0-luchthoorn-18-melodien","status":"publish","type":"product","link":"https:\/\/truckned.nl\/de\/produkt\/basuri-baby-shark-2-0-luchthoorn-18-melodien\/","title":{"rendered":"Basuri Baby Shark 2.0 Lufthupe \u2013 18 Melodien"},"content":{"rendered":"<p><span style=\"color: #000000;\"><b>Basuri Baby Shark 2.0 Lufthorn - 18 Melodien f\u00fcr 12\/24 Volt.<\/b><\/span><\/p>\n<p><span style=\"color: #000000;\">Suchen Sie eine Drucklufthupe mit mehr als nur einem Standardton? Dann ist die Basuri Baby Shark 2.0 Drucklufthupe 12\/24V genau das Richtige f\u00fcr Sie. Diese Drucklufthupe bietet sage und schreibe 26 verschiedene Melodien, sodass Sie immer einen individuellen Klang haben \u2013 egal ob Sie unterwegs sind oder stehen. Dar\u00fcber hinaus liefert die Basuri Drucklufthupe kraftvolle 135 dB, damit Sie garantiert Eindruck hinterlassen. <\/span><\/p>\n<p><span style=\"color: #000000;\">Zus\u00e4tzlich wird dieses Baby Shark-Lufthorn mit dem ben\u00f6tigten Montagematerial geliefert, was die Installation deutlich vereinfacht. Dank der hochwertigen Materialien ist das Lufthorn \u00e4u\u00dferst best\u00e4ndig gegen Oxidation und Witterungseinfl\u00fcsse. Kurz gesagt: eine robuste Wahl, die auch mal einen Sto\u00df aush\u00e4lt. Da dieses Lufthorn sowohl f\u00fcr 12- als auch f\u00fcr 24-Volt-Systeme geeignet ist, l\u00e4sst es sich problemlos an einer Vielzahl von Fahrzeugen wie Pkw, Traktoren, Lkw und anderen Nutzfahrzeugen verwenden.<\/span><\/p>\n<h5><span style=\"color: #000000;\"><strong>Melodien:\u00a0<\/strong><\/span><\/h5>\n<p><span style=\"color: #000000;\">Da Sie nat\u00fcrlich im Voraus wissen m\u00f6chten, welche Sounds Sie einstellen k\u00f6nnen, haben wir unten eine \u00dcbersicht aller verf\u00fcgbaren Melodien eingef\u00fcgt. Sie k\u00f6nnen die Melodien ganz einfach \u00fcber die mitgelieferte Steuereinheit ausw\u00e4hlen. Diese Steuereinheit verf\u00fcgt \u00fcber ein ca. 4 Meter langes Anschlusskabel, das ausreichend Spielraum f\u00fcr die Montage bietet. Hinweis: Das K\u00fcrzen des Kabels wird nicht empfohlen, da dies die Funktionalit\u00e4t des Produkts beeintr\u00e4chtigen kann. Montieren Sie die Steuereinheit au\u00dferdem immer an einem trockenen und gesch\u00fctzten Ort.<\/span><\/p>\n<p><span style=\"color: #000000;\">Planen Sie, die Basuri Baby Shark 2.0 Drucklufthupe mit 12 Volt zu betreiben? Denken Sie daran, dass Sie einen Kompressor und einen Ausgleichsbeh\u00e4lter ben\u00f6tigen, um die einwandfreie Funktion der Hupe zu gew\u00e4hrleisten. So k\u00f6nnen Sie das volle Potenzial dieser markanten und leistungsstarken Drucklufthupe aussch\u00f6pfen.<\/span><\/p>\n<ol>\n<li><span style=\"color: #000000;\">TONE-HIGH LOW<\/span><\/li>\n<li><span style=\"color: #000000;\">BABY SHARK<\/span><\/li>\n<li><span style=\"color: #000000;\">WHEN MOM INS\u2019T HOME<\/span><\/li>\n<li><span style=\"color: #000000;\">HORSE RIDING<\/span><\/li>\n<li><span style=\"color: #000000;\">COFFIN DANCE<\/span><\/li>\n<li><span style=\"color: #000000;\">THE FINAL COUNTDOWN<\/span><\/li>\n<li><span style=\"color: #000000;\">LEVELS<\/span><\/li>\n<li><span style=\"color: #000000;\">SAVAGE LOVE<\/span><\/li>\n<li><span style=\"color: #000000;\">STILL D.R.E.<\/span><\/li>\n<li><span style=\"color: #000000;\">IF YOU\u2019RE HAPPY AND YOU KNOW<\/span><\/li>\n<li><span style=\"color: #000000;\">SANDSTORM<\/span><\/li>\n<li><span style=\"color: #000000;\">BELLA CIAO<\/span><\/li>\n<li><span style=\"color: #000000;\">LEVAN POLKKA<\/span><\/li>\n<li><span style=\"color: #000000;\">MISSION IMPOSSIBLE<\/span><\/li>\n<li><span style=\"color: #000000;\">LA CUCARACHA<\/span><\/li>\n<li><span style=\"color: #000000;\">HAPPY BIRTHDAY<\/span><\/li>\n<li><span style=\"color: #000000;\">PIRATE OF THE CARIBBEAN<\/span><\/li>\n<li><span style=\"color: #000000;\">SKY HIGH<\/span><\/li>\n<li><span style=\"color: #000000;\">TGV HORN<\/span><\/li>\n<\/ol>\n<h5><span style=\"color: #000000;\"><strong>Abmessungen:<\/strong><\/span><\/h5>\n<p><span style=\"color: #000000;\">Damit Sie das Lufthorn an jedem gew\u00fcnschten Ort montieren k\u00f6nnen, haben wir die Abmessungen unten aufgef\u00fchrt. Die Abmessungen des Basuri Baby shark 2.0 Lufthorns f\u00fcr 12\/24-V-Betrieb sind wie folgt:<\/span><\/p>\n<ul>\n<li><span style=\"color: #000000;\">L\u00e4nge: 225mm \/ 350mm<\/span><\/li>\n<li><span style=\"color: #000000;\">Durchmesser Kelch: 105mm<\/span><\/li>\n<\/ul>\n<h5><span style=\"color: #000000;\"><strong>Andere Modelle:<\/strong><\/span><\/h5>\n<p><span style=\"color: #000000;\">Sie m\u00f6chten eine Baby Shark Lufthorn der Marke Basuri, aber die 2.0-Version mit 18 Melodien, die f\u00fcr den 12\/24V Betrieb geeignet ist, ist nicht das, was Sie suchen? Zum Beispiel, weil Sie der Meinung sind, dass die Anzahl der Melodien nicht ausreicht oder sogar zu viele? Bitte beachten Sie, dass Basuri verschiedene andere Modelle anbietet, siehe die anderen Versionen unten.\u00a0<\/span><\/p>\n<ul>\n<li><span style=\"color: #000000;\"><a style=\"color: #000000;\" href=\"https:\/\/truckned.nl\/de\/produkt\/basuri-baby-shark-3-0-luchthoorn-20-melodien\/\" target=\"_blank\" rel=\"noopener\"><strong>Baby shark 3.0 f\u00fcr 12\/24 Volt<\/strong><\/a><\/span><\/li>\n<li><span style=\"color: #000000;\"><a style=\"color: #000000;\" href=\"https:\/\/truckned.nl\/de\/produkt\/basuri-baby-shark-4-0-luchthoorn-22-melodien\/\" target=\"_blank\" rel=\"noopener\"><strong>Baby shark 4.0 f\u00fcr 12\/24 Volt<\/strong><\/a><\/span><\/li>\n<li><span style=\"color: #000000;\"><a style=\"color: #000000;\" href=\"https:\/\/truckned.nl\/de\/produkt\/basuri-baby-shark-5-0-luchthoorn-24-melodien\/\"><strong>Baby shark 5.0 f\u00fcr 12\/24 Volt<\/strong><\/a><br \/>\n<\/span><\/li>\n<li><a href=\"https:\/\/truckned.nl\/de\/produkt\/basuri-baby-shark-6-0-luchthoorn-26-melodieen\/\"><span style=\"color: #000000;\"><strong>Baby shark 6.0 f\u00fcr 12\/24 Volt<\/strong><\/span><\/a><\/li>\n<li><span style=\"color: #000000;\"><a style=\"color: #000000;\" href=\"https:\/\/truckned.nl\/de\/produkt\/basuri-luchthoorn-12-melodien\/\" target=\"_blank\" rel=\"noopener\"><strong>Basuri Air Horn doppelt \u00a0<\/strong><\/a><\/span><\/li>\n<\/ul>\n<p><span style=\"color: #000000;\">Sind Sie, nachdem Sie alles oben Gesagte gelesen haben, immer noch der Meinung, dass die gebrauchte Basuri Baby Shark 2.0 Lufthorn f\u00fcr 12\/24V nicht das ist, was Sie suchen? Einfach, weil Ihnen Farbe, Form oder Anzahl der Melodien nicht gefallen? Sehen Sie sich hier das komplette Sortiment an <a style=\"color: #000000;\" href=\"https:\/\/truckned.nl\/de\/produkt-kategorie\/luchthoorns\/\">Drucklufth\u00f6rner<\/a>.\u00a0<\/span><\/p>","protected":false},"excerpt":{"rendered":"<p>Das Basuri Baby Shark Drucklufthorn verf\u00fcgt \u00fcber 18 verschiedene Melodien.<\/p>","protected":false},"featured_media":31710,"comment_status":"open","ping_status":"closed","template":"","meta":{"_acf_changed":false,"site-sidebar-layout":"default","site-content-layout":"default","ast-site-content-layout":"default","site-content-style":"default","site-sidebar-style":"default","ast-global-header-display":"","ast-banner-title-visibility":"","ast-main-header-display":"","ast-hfb-above-header-display":"","ast-hfb-below-header-display":"","ast-hfb-mobile-header-display":"","site-post-title":"","ast-breadcrumbs-content":"","ast-featured-img":"","footer-sml-layout":"","ast-disable-related-posts":"","theme-transparent-header-meta":"default","adv-header-id-meta":"","stick-header-meta":"","header-above-stick-meta":"","header-main-stick-meta":"","header-below-stick-meta":"","astra-migrate-meta-layouts":"set","ast-page-background-enabled":"default","ast-page-background-meta":{"desktop":{"background-color":"","background-image":"","background-repeat":"repeat","background-position":"center center","background-size":"auto","background-attachment":"scroll","background-type":"","background-media":"","overlay-type":"","overlay-color":"","overlay-opacity":"","overlay-gradient":""},"tablet":{"background-color":"","background-image":"","background-repeat":"repeat","background-position":"center center","background-size":"auto","background-attachment":"scroll","background-type":"","background-media":"","overlay-type":"","overlay-color":"","overlay-opacity":"","overlay-gradient":""},"mobile":{"background-color":"","background-image":"","background-repeat":"repeat","background-position":"center center","background-size":"auto","background-attachment":"scroll","background-type":"","background-media":"","overlay-type":"","overlay-color":"","overlay-opacity":"","overlay-gradient":""}},"ast-content-background-meta":{"desktop":{"background-color":"var(--ast-global-color-5)","background-image":"","background-repeat":"repeat","background-position":"center center","background-size":"auto","background-attachment":"scroll","background-type":"","background-media":"","overlay-type":"","overlay-color":"","overlay-opacity":"","overlay-gradient":""},"tablet":{"background-color":"var(--ast-global-color-5)","background-image":"","background-repeat":"repeat","background-position":"center center","background-size":"auto","background-attachment":"scroll","background-type":"","background-media":"","overlay-type":"","overlay-color":"","overlay-opacity":"","overlay-gradient":""},"mobile":{"background-color":"var(--ast-global-color-5)","background-image":"","background-repeat":"repeat","background-position":"center center","background-size":"auto","background-attachment":"scroll","background-type":"","background-media":"","overlay-type":"","overlay-color":"","overlay-opacity":"","overlay-gradient":""}}},"product_brand":[],"product_cat":[7524],"product_tag":[],"class_list":{"0":"post-28886","1":"product","2":"type-product","3":"status-publish","4":"has-post-thumbnail","6":"product_cat-basuri-luchthoorn","7":"pa_merkk-basuri-2","8":"desktop-align-left","9":"tablet-align-left","10":"mobile-align-left","12":"first","13":"instock","14":"taxable","15":"shipping-taxable","16":"purchasable","17":"product-type-simple"},"acf":[],"yoast_head":"<!-- This site is optimized with the Yoast SEO Premium plugin v26.5 (Yoast SEO v26.5) - https:\/\/yoast.com\/wordpress\/plugins\/seo\/ -->\n<title>Baby Shark 2.0 luchthoorn - Truckned - Original BASURI \u00ae air Horn - 12\/24V<\/title>\n<meta name=\"description\" content=\"Baby Shark 2.0 luchthoorn - BASURI \u00ae met 18 verschillende melodie\u00ebn - goed voor 130DB - incl. 6mm luchtaansluiting - enige echte Basuri luchthoorn\" \/>\n<meta name=\"robots\" content=\"index, follow, max-snippet:-1, max-image-preview:large, max-video-preview:-1\" \/>\n<link rel=\"canonical\" href=\"https:\/\/truckned.nl\/de\/produkt\/basuri-baby-shark-2-0-luchthoorn-18-melodien\/\" \/>\n<meta property=\"og:locale\" content=\"de_DE\" \/>\n<meta property=\"og:type\" content=\"article\" \/>\n<meta property=\"og:title\" content=\"Baby Shark 2.0 luchthoorn - Truckned - Original BASURI \u00ae air Horn - 12\/24V\" \/>\n<meta property=\"og:description\" content=\"Baby Shark 2.0 luchthoorn - BASURI \u00ae met 18 verschillende melodie\u00ebn - goed voor 130DB - incl. 6mm luchtaansluiting - enige echte Basuri luchthoorn\" \/>\n<meta property=\"og:url\" content=\"https:\/\/truckned.nl\/de\/produkt\/basuri-baby-shark-2-0-luchthoorn-18-melodien\/\" \/>\n<meta property=\"og:site_name\" content=\"Truckned\" \/>\n<meta property=\"article:publisher\" content=\"https:\/\/www.facebook.com\/truckned\/\" \/>\n<meta property=\"article:modified_time\" content=\"2026-04-22T09:53:57+00:00\" \/>\n<meta property=\"og:image\" content=\"https:\/\/truckned.nl\/wp-content\/uploads\/2025\/05\/TN-532214-SM-2.png\" \/>\n\t<meta property=\"og:image:width\" content=\"800\" \/>\n\t<meta property=\"og:image:height\" content=\"800\" \/>\n\t<meta property=\"og:image:type\" content=\"image\/png\" \/>\n<meta name=\"twitter:label1\" content=\"Preis\" \/>\n\t<meta name=\"twitter:data1\" content=\"&euro;245,00\" \/>\n\t<meta name=\"twitter:label2\" content=\"Verf\u00fcgbarkeit\" \/>\n\t<meta name=\"twitter:data2\" content=\"Auf Lager\" \/>\n<script type=\"application\/ld+json\" class=\"yoast-schema-graph\">{\"@context\":\"https:\/\/schema.org\",\"@graph\":[{\"@type\":[\"WebPage\",\"ItemPage\"],\"@id\":\"https:\/\/truckned.nl\/product\/basuri-baby-shark-2-0-luchthoorn-18-melodien\/\",\"url\":\"https:\/\/truckned.nl\/product\/basuri-baby-shark-2-0-luchthoorn-18-melodien\/\",\"name\":\"Baby Shark 2.0 luchthoorn - Truckned - Original BASURI \u00ae air Horn - 12\/24V\",\"isPartOf\":{\"@id\":\"https:\/\/truckned.nl\/nl\/#website\"},\"primaryImageOfPage\":{\"@id\":\"https:\/\/truckned.nl\/product\/basuri-baby-shark-2-0-luchthoorn-18-melodien\/#primaryimage\"},\"image\":{\"@id\":\"https:\/\/truckned.nl\/product\/basuri-baby-shark-2-0-luchthoorn-18-melodien\/#primaryimage\"},\"thumbnailUrl\":\"https:\/\/truckned.nl\/wp-content\/uploads\/2023\/12\/TN-532214-5.png\",\"datePublished\":\"2023-12-10T11:53:17+00:00\",\"dateModified\":\"2026-04-22T09:53:57+00:00\",\"description\":\"Baby Shark 2.0 luchthoorn - BASURI \u00ae met 18 verschillende melodie\u00ebn - goed voor 130DB - incl. 6mm luchtaansluiting - enige echte Basuri luchthoorn\",\"breadcrumb\":{\"@id\":\"https:\/\/truckned.nl\/product\/basuri-baby-shark-2-0-luchthoorn-18-melodien\/#breadcrumb\"},\"inLanguage\":\"de\",\"potentialAction\":[{\"@type\":\"ReadAction\",\"target\":[\"https:\/\/truckned.nl\/product\/basuri-baby-shark-2-0-luchthoorn-18-melodien\/\"]}]},{\"@type\":\"ImageObject\",\"inLanguage\":\"de\",\"@id\":\"https:\/\/truckned.nl\/product\/basuri-baby-shark-2-0-luchthoorn-18-melodien\/#primaryimage\",\"url\":\"https:\/\/truckned.nl\/wp-content\/uploads\/2023\/12\/TN-532214-5.png\",\"contentUrl\":\"https:\/\/truckned.nl\/wp-content\/uploads\/2023\/12\/TN-532214-5.png\",\"width\":800,\"height\":800,\"caption\":\"Basuri Baby Shark 2.0 luchthoorn voor 12\/24v gebruik - 130DB luide toeter die enkel met een compressor gebruikt kan worden op bijvoorbeeld je auto, vrachtwagen, tractor, camper of ander soort voertuig\"},{\"@type\":\"BreadcrumbList\",\"@id\":\"https:\/\/truckned.nl\/product\/basuri-baby-shark-2-0-luchthoorn-18-melodien\/#breadcrumb\",\"itemListElement\":[{\"@type\":\"ListItem\",\"position\":1,\"name\":\"Home\",\"item\":\"https:\/\/truckned.nl\/\"},{\"@type\":\"ListItem\",\"position\":2,\"name\":\"Shop\",\"item\":\"https:\/\/truckned.nl\/nl\/shop\/\"},{\"@type\":\"ListItem\",\"position\":3,\"name\":\"Luchthoorns\",\"item\":\"https:\/\/truckned.nl\/en\/product-category-2\/luchthoorns\/\"},{\"@type\":\"ListItem\",\"position\":4,\"name\":\"Basuri Luchthoorn\",\"item\":\"https:\/\/truckned.nl\/en\/product-category-2\/luchthoorns\/basuri-luchthoorn\/\"},{\"@type\":\"ListItem\",\"position\":5,\"name\":\"Basuri Baby Shark 2.0 luchthoorn &#8211; 18 melodie\u00ebn\"}]},{\"@type\":\"WebSite\",\"@id\":\"https:\/\/truckned.nl\/nl\/#website\",\"url\":\"https:\/\/truckned.nl\/nl\/\",\"name\":\"Truckned\",\"description\":\"\",\"publisher\":{\"@id\":\"https:\/\/truckned.nl\/nl\/#organization\"},\"potentialAction\":[{\"@type\":\"SearchAction\",\"target\":{\"@type\":\"EntryPoint\",\"urlTemplate\":\"https:\/\/truckned.nl\/nl\/?s={search_term_string}\"},\"query-input\":{\"@type\":\"PropertyValueSpecification\",\"valueRequired\":true,\"valueName\":\"search_term_string\"}}],\"inLanguage\":\"de\"},{\"@type\":\"Organization\",\"@id\":\"https:\/\/truckned.nl\/nl\/#organization\",\"name\":\"Truckned\",\"url\":\"https:\/\/truckned.nl\/nl\/\",\"logo\":{\"@type\":\"ImageObject\",\"inLanguage\":\"de\",\"@id\":\"https:\/\/truckned.nl\/nl\/#\/schema\/logo\/image\/\",\"url\":\"https:\/\/truckned.nl\/wp-content\/uploads\/2022\/10\/800x800-Truckned-logo-zonder-tekst-ZWART.png\",\"contentUrl\":\"https:\/\/truckned.nl\/wp-content\/uploads\/2022\/10\/800x800-Truckned-logo-zonder-tekst-ZWART.png\",\"width\":801,\"height\":801,\"caption\":\"Truckned\"},\"image\":{\"@id\":\"https:\/\/truckned.nl\/nl\/#\/schema\/logo\/image\/\"},\"sameAs\":[\"https:\/\/www.facebook.com\/truckned\/\",\"https:\/\/www.instagram.com\/truckned\/\"],\"vatID\":\"NL863960509B01\",\"taxID\":\"86417487\",\"hasMerchantReturnPolicy\":{\"@type\":\"MerchantReturnPolicy\",\"merchantReturnLink\":\"https:\/\/truckned.nl\/de\/versand-rucksendungen\/\"}}]}<\/script>\n<meta property=\"product:brand\" content=\"BASURI \u00ae\" \/>\n<meta property=\"product:price:amount\" content=\"245.00\" \/>\n<meta property=\"product:price:currency\" content=\"EUR\" \/>\n<meta property=\"og:availability\" content=\"instock\" \/>\n<meta property=\"product:availability\" content=\"instock\" \/>\n<meta property=\"product:retailer_item_id\" content=\"TN-532214\" \/>\n<meta property=\"product:condition\" content=\"new\" \/>\n<!-- \/ Yoast SEO Premium plugin. -->","yoast_head_json":{"title":"Baby Shark 2.0 Lufthorn - Truckned - Original BASURI \u00ae air Horn - 12\/24V","description":"Baby Shark 2.0 Lufthorn - BASURI \u00ae mit 18 verschiedenen Melodien - gut f\u00fcr 130 dB - inkl. 6 mm Luftanschluss - one and only Basuri air horn","robots":{"index":"index","follow":"follow","max-snippet":"max-snippet:-1","max-image-preview":"max-image-preview:large","max-video-preview":"max-video-preview:-1"},"canonical":"https:\/\/truckned.nl\/de\/produkt\/basuri-baby-shark-2-0-luchthoorn-18-melodien\/","og_locale":"de_DE","og_type":"article","og_title":"Baby Shark 2.0 luchthoorn - Truckned - Original BASURI \u00ae air Horn - 12\/24V","og_description":"Baby Shark 2.0 luchthoorn - BASURI \u00ae met 18 verschillende melodie\u00ebn - goed voor 130DB - incl. 6mm luchtaansluiting - enige echte Basuri luchthoorn","og_url":"https:\/\/truckned.nl\/de\/produkt\/basuri-baby-shark-2-0-luchthoorn-18-melodien\/","og_site_name":"Truckned","article_publisher":"https:\/\/www.facebook.com\/truckned\/","article_modified_time":"2026-04-22T09:53:57+00:00","og_image":[{"width":800,"height":800,"url":"https:\/\/truckned.nl\/wp-content\/uploads\/2025\/05\/TN-532214-SM-2.png","type":"image\/png"}],"twitter_misc":{"Preis":"&euro;245,00","Verf\u00fcgbarkeit":"Auf Lager"},"schema":{"@context":"https:\/\/schema.org","@graph":[{"@type":["WebPage","ItemPage"],"@id":"https:\/\/truckned.nl\/product\/basuri-baby-shark-2-0-luchthoorn-18-melodien\/","url":"https:\/\/truckned.nl\/product\/basuri-baby-shark-2-0-luchthoorn-18-melodien\/","name":"Baby Shark 2.0 Lufthorn - Truckned - Original BASURI \u00ae air Horn - 12\/24V","isPartOf":{"@id":"https:\/\/truckned.nl\/nl\/#website"},"primaryImageOfPage":{"@id":"https:\/\/truckned.nl\/product\/basuri-baby-shark-2-0-luchthoorn-18-melodien\/#primaryimage"},"image":{"@id":"https:\/\/truckned.nl\/product\/basuri-baby-shark-2-0-luchthoorn-18-melodien\/#primaryimage"},"thumbnailUrl":"https:\/\/truckned.nl\/wp-content\/uploads\/2023\/12\/TN-532214-5.png","datePublished":"2023-12-10T11:53:17+00:00","dateModified":"2026-04-22T09:53:57+00:00","description":"Baby Shark 2.0 Lufthorn - BASURI \u00ae mit 18 verschiedenen Melodien - gut f\u00fcr 130 dB - inkl. 6 mm Luftanschluss - one and only Basuri air horn","breadcrumb":{"@id":"https:\/\/truckned.nl\/product\/basuri-baby-shark-2-0-luchthoorn-18-melodien\/#breadcrumb"},"inLanguage":"de","potentialAction":[{"@type":"ReadAction","target":["https:\/\/truckned.nl\/product\/basuri-baby-shark-2-0-luchthoorn-18-melodien\/"]}]},{"@type":"ImageObject","inLanguage":"de","@id":"https:\/\/truckned.nl\/product\/basuri-baby-shark-2-0-luchthoorn-18-melodien\/#primaryimage","url":"https:\/\/truckned.nl\/wp-content\/uploads\/2023\/12\/TN-532214-5.png","contentUrl":"https:\/\/truckned.nl\/wp-content\/uploads\/2023\/12\/TN-532214-5.png","width":800,"height":800,"caption":"Basuri Baby Shark 2.0 luchthoorn voor 12\/24v gebruik - 130DB luide toeter die enkel met een compressor gebruikt kan worden op bijvoorbeeld je auto, vrachtwagen, tractor, camper of ander soort voertuig"},{"@type":"BreadcrumbList","@id":"https:\/\/truckned.nl\/product\/basuri-baby-shark-2-0-luchthoorn-18-melodien\/#breadcrumb","itemListElement":[{"@type":"ListItem","position":1,"name":"Home","item":"https:\/\/truckned.nl\/"},{"@type":"ListItem","position":2,"name":"Shop","item":"https:\/\/truckned.nl\/nl\/shop\/"},{"@type":"ListItem","position":3,"name":"Luchthoorns","item":"https:\/\/truckned.nl\/en\/product-category-2\/luchthoorns\/"},{"@type":"ListItem","position":4,"name":"Basuri Luchthoorn","item":"https:\/\/truckned.nl\/en\/product-category-2\/luchthoorns\/basuri-luchthoorn\/"},{"@type":"ListItem","position":5,"name":"Basuri Baby Shark 2.0 luchthoorn &#8211; 18 melodie\u00ebn"}]},{"@type":"WebSite","@id":"https:\/\/truckned.nl\/nl\/#website","url":"https:\/\/truckned.nl\/nl\/","name":"Truckned","description":"","publisher":{"@id":"https:\/\/truckned.nl\/nl\/#organization"},"potentialAction":[{"@type":"SearchAction","target":{"@type":"EntryPoint","urlTemplate":"https:\/\/truckned.nl\/nl\/?s={search_term_string}"},"query-input":{"@type":"PropertyValueSpecification","valueRequired":true,"valueName":"search_term_string"}}],"inLanguage":"de"},{"@type":"Organization","@id":"https:\/\/truckned.nl\/nl\/#organization","name":"Truckned","url":"https:\/\/truckned.nl\/nl\/","logo":{"@type":"ImageObject","inLanguage":"de","@id":"https:\/\/truckned.nl\/nl\/#\/schema\/logo\/image\/","url":"https:\/\/truckned.nl\/wp-content\/uploads\/2022\/10\/800x800-Truckned-logo-zonder-tekst-ZWART.png","contentUrl":"https:\/\/truckned.nl\/wp-content\/uploads\/2022\/10\/800x800-Truckned-logo-zonder-tekst-ZWART.png","width":801,"height":801,"caption":"Truckned"},"image":{"@id":"https:\/\/truckned.nl\/nl\/#\/schema\/logo\/image\/"},"sameAs":["https:\/\/www.facebook.com\/truckned\/","https:\/\/www.instagram.com\/truckned\/"],"vatID":"NL863960509B01","taxID":"86417487","hasMerchantReturnPolicy":{"@type":"MerchantReturnPolicy","merchantReturnLink":"https:\/\/truckned.nl\/de\/versand-rucksendungen\/"}}]},"product_brand":"BASURI \u00ae","product_price_amount":"245.00","product_price_currency":"EUR","og_availability":"instock","product_availability":"instock","product_retailer_item_id":"TN-532214","product_condition":"new"},"_links":{"self":[{"href":"https:\/\/truckned.nl\/de\/wp-json\/wp\/v2\/product\/28886","targetHints":{"allow":["GET"]}}],"collection":[{"href":"https:\/\/truckned.nl\/de\/wp-json\/wp\/v2\/product"}],"about":[{"href":"https:\/\/truckned.nl\/de\/wp-json\/wp\/v2\/types\/product"}],"replies":[{"embeddable":true,"href":"https:\/\/truckned.nl\/de\/wp-json\/wp\/v2\/comments?post=28886"}],"wp:featuredmedia":[{"embeddable":true,"href":"https:\/\/truckned.nl\/de\/wp-json\/wp\/v2\/media\/31710"}],"wp:attachment":[{"href":"https:\/\/truckned.nl\/de\/wp-json\/wp\/v2\/media?parent=28886"}],"wp:term":[{"taxonomy":"product_brand","embeddable":true,"href":"https:\/\/truckned.nl\/de\/wp-json\/wp\/v2\/product_brand?post=28886"},{"taxonomy":"product_cat","embeddable":true,"href":"https:\/\/truckned.nl\/de\/wp-json\/wp\/v2\/product_cat?post=28886"},{"taxonomy":"product_tag","embeddable":true,"href":"https:\/\/truckned.nl\/de\/wp-json\/wp\/v2\/product_tag?post=28886"}],"curies":[{"name":"wp","href":"https:\/\/api.w.org\/{rel}","templated":true}]}}