{"id":29064,"date":"2023-12-08T15:43:28","date_gmt":"2023-12-08T14:43:28","guid":{"rendered":"https:\/\/truckned.nl\/?post_type=product&#038;p=29064"},"modified":"2026-01-07T10:10:13","modified_gmt":"2026-01-07T09:10:13","slug":"dubbelbrander-inbouw-frame-12mm","status":"publish","type":"product","link":"https:\/\/truckned.nl\/de\/produkt\/dubbelbrander-inbouw-frame-12mm\/","title":{"rendered":"Doppelbrenner-Einbaurahmen 12mm"},"content":{"rendered":"<p><span style=\"color: #000000\"><strong>Doppelbrenner-Einbaurahmen 12mm.\u00a0<\/strong><\/span><\/p>\n<p><span style=\"color: #000000\">Haben Sie einen Doppelbrenner mit den dazugeh\u00f6rigen Montagematerialien erworben? Aber m\u00f6chten Sie die Lampe installieren und nicht an Ihrem LKW oder Anh\u00e4nger montieren? Vielleicht k\u00f6nnen Sie den Doppelbrenner-Einbaurahmen 12 mm verwenden. Der Rahmen ist speziell f\u00fcr einen Doppelbrenner gefertigt und hat eine Einbautiefe von 12mm. Der eingebaute Rahmen sorgt daf\u00fcr, dass der von Ihnen installierte Doppelbrenner besser gesch\u00fctzt ist und sorgt au\u00dferdem f\u00fcr eine gepflegte Optik. Dieser Rahmen eignet sich sowohl f\u00fcr einen LKW als auch f\u00fcr einen Anh\u00e4nger und wird h\u00e4ufig an einem Seitenschweller montiert. <\/span><\/p>\n<p><span style=\"color: #000000\">Um sicher zu sein, dass der Doppelbrenner-Einbaurahmen 12 mm genau das ist, was Sie suchen. Einige Eigenschaften haben wir hier aufgeschrieben. Der Rahmen ist aus hochwertigem Material gefertigt, was eine lange Lebensdauer garantiert. Dar\u00fcber hinaus verf\u00fcgt der Rahmen \u00fcber Aufdrucke dort, wo sich normalerweise die Schraubenl\u00f6cher befinden. Dies und die perfekte Passform machen es zu einem Zubeh\u00f6r, das die Installation der Lampe beschleunigen kann. Ein zus\u00e4tzlicher Vorteil dieses Rahmens besteht darin, dass er sich leicht in der gew\u00fcnschten Farbe spr\u00fchen l\u00e4sst.\u00a0<\/span><\/p>\n<p><span style=\"color: #000000\"><strong style=\"font-size: 19.2px\">Abmessungen:<\/strong><\/span><\/p>\n<p><span style=\"color: #000000\">Denn Sie m\u00f6chten sicher sein, dass der Rahmen dort passt, wo Sie ihn montieren m\u00f6chten. Nachfolgend haben wir die Ma\u00dfe des Doppelbrenner-Einbaurahmens 12mm notiert. Die Abmessungen des Rahmens sind wie folgt. \u00a0<\/span><\/p>\n<ul>\n<li><span style=\"color: #000000\">Breite: 160 mm<\/span><\/li>\n<li><span style=\"color: #000000\">Tiefe: 14,5 mm<\/span><\/li>\n<li><span style=\"color: #000000\">H\u00f6he: 90 mm<\/span><\/li>\n<\/ul>\n<h5><span style=\"color: #000000\"><strong>Andere Rahmen:<\/strong><\/span><\/h5>\n<p><span style=\"color: #000000\">Suchen Sie einen Einbaurahmen f\u00fcr Ihren k\u00fcrzlich oder bereits gekauften Doppelbrenner? Aber ist der Doppelbrenner-Einbaurahmen mit 12 mm Tiefe nicht die Tiefe, die Sie suchen? Bitte beachten Sie, dass der Rahmen auch als 32-mm-Rahmen erh\u00e4ltlich ist. <\/span><\/p>\n<ul>\n<li><span style=\"color: #000000\"><a style=\"color: #000000\" href=\"https:\/\/truckned.nl\/de\/produkt\/dubbelbrander-inbouw-frame-32mm\/\" target=\"_blank\" rel=\"noopener\"><strong>Doppelbrennerrahmen 32mm<\/strong><\/a><\/span><\/li>\n<\/ul>\n<p><span style=\"color: #000000\">Suchen Sie nicht einen Rahmen f\u00fcr einen Doppelbrenner oder suchen Sie den Doppelbrenner selbst? Schauen Sie sich unbedingt unsere Seite an <a style=\"color: #000000\" href=\"https:\/\/truckned.nl\/de\/produkt-kategorie\/dubbelbranders\/\">Doppelbrenner<\/a>. M\u00f6glicherweise finden Sie hier das Lampenmodell oder Teil, das Sie suchen.<\/span><\/p>","protected":false},"excerpt":{"rendered":"<p>Doppelbrenner-Montagerahmen 12 mm. Sie haben einen Doppelbrenner und die dazugeh\u00f6rigen Montageteile gekauft? Sie m\u00f6chten die Leuchte aber lieber versenkt an Ihrem LKW oder Anh\u00e4nger montieren? Dann ist der Doppelbrenner-Montagerahmen 12 mm genau das Richtige f\u00fcr Sie. Der Rahmen ist speziell f\u00fcr einen Doppelbrenner konzipiert und hat eine Einbautiefe von 12 mm. [\u2026]<\/p>","protected":false},"featured_media":29105,"comment_status":"open","ping_status":"closed","template":"","meta":{"_acf_changed":false,"site-sidebar-layout":"default","site-content-layout":"default","ast-site-content-layout":"default","site-content-style":"default","site-sidebar-style":"default","ast-global-header-display":"","ast-banner-title-visibility":"","ast-main-header-display":"","ast-hfb-above-header-display":"","ast-hfb-below-header-display":"","ast-hfb-mobile-header-display":"","site-post-title":"","ast-breadcrumbs-content":"","ast-featured-img":"","footer-sml-layout":"","ast-disable-related-posts":"","theme-transparent-header-meta":"default","adv-header-id-meta":"","stick-header-meta":"","header-above-stick-meta":"","header-main-stick-meta":"","header-below-stick-meta":"","astra-migrate-meta-layouts":"default","ast-page-background-enabled":"default","ast-page-background-meta":{"desktop":{"background-color":"","background-image":"","background-repeat":"repeat","background-position":"center center","background-size":"auto","background-attachment":"scroll","background-type":"","background-media":"","overlay-type":"","overlay-color":"","overlay-opacity":"","overlay-gradient":""},"tablet":{"background-color":"","background-image":"","background-repeat":"repeat","background-position":"center center","background-size":"auto","background-attachment":"scroll","background-type":"","background-media":"","overlay-type":"","overlay-color":"","overlay-opacity":"","overlay-gradient":""},"mobile":{"background-color":"","background-image":"","background-repeat":"repeat","background-position":"center center","background-size":"auto","background-attachment":"scroll","background-type":"","background-media":"","overlay-type":"","overlay-color":"","overlay-opacity":"","overlay-gradient":""}},"ast-content-background-meta":{"desktop":{"background-color":"var(--ast-global-color-5)","background-image":"","background-repeat":"repeat","background-position":"center center","background-size":"auto","background-attachment":"scroll","background-type":"","background-media":"","overlay-type":"","overlay-color":"","overlay-opacity":"","overlay-gradient":""},"tablet":{"background-color":"var(--ast-global-color-5)","background-image":"","background-repeat":"repeat","background-position":"center center","background-size":"auto","background-attachment":"scroll","background-type":"","background-media":"","overlay-type":"","overlay-color":"","overlay-opacity":"","overlay-gradient":""},"mobile":{"background-color":"var(--ast-global-color-5)","background-image":"","background-repeat":"repeat","background-position":"center center","background-size":"auto","background-attachment":"scroll","background-type":"","background-media":"","overlay-type":"","overlay-color":"","overlay-opacity":"","overlay-gradient":""}}},"product_brand":[],"product_cat":[7536],"product_tag":[],"class_list":{"0":"post-29064","1":"product","2":"type-product","3":"status-publish","4":"has-post-thumbnail","6":"product_cat-verlichting-toebehoren","7":"pa_merkk-product-nedking","8":"desktop-align-left","9":"tablet-align-left","10":"mobile-align-left","12":"first","13":"instock","14":"taxable","15":"shipping-taxable","16":"purchasable","17":"product-type-simple"},"acf":[],"yoast_head":"<!-- This site is optimized with the Yoast SEO Premium plugin v26.5 (Yoast SEO v26.5) - https:\/\/yoast.com\/wordpress\/plugins\/seo\/ -->\n<title>Dubbelbrander inbouw frame 12MM - Truckned - voor truck en meer<\/title>\n<meta name=\"description\" content=\"Dubbelbrander inbouw frame 12mm - geschikt voor dubbelpolige lamp - te spuiten in gewenste kleur - voor vrachtwagen, trailer , bestelwagen en meer\" \/>\n<meta name=\"robots\" content=\"index, follow, max-snippet:-1, max-image-preview:large, max-video-preview:-1\" \/>\n<link rel=\"canonical\" href=\"https:\/\/truckned.nl\/de\/produkt\/dubbelbrander-inbouw-frame-12mm\/\" \/>\n<meta property=\"og:locale\" content=\"de_DE\" \/>\n<meta property=\"og:type\" content=\"article\" \/>\n<meta property=\"og:title\" content=\"Dubbelbrander inbouw frame 12MM - Truckned - voor truck en meer\" \/>\n<meta property=\"og:description\" content=\"Dubbelbrander inbouw frame 12mm - geschikt voor dubbelpolige lamp - te spuiten in gewenste kleur - voor vrachtwagen, trailer , bestelwagen en meer\" \/>\n<meta property=\"og:url\" content=\"https:\/\/truckned.nl\/de\/produkt\/dubbelbrander-inbouw-frame-12mm\/\" \/>\n<meta property=\"og:site_name\" content=\"Truckned\" \/>\n<meta property=\"article:publisher\" content=\"https:\/\/www.facebook.com\/truckned\/\" \/>\n<meta property=\"article:modified_time\" content=\"2026-01-07T09:10:13+00:00\" \/>\n<meta property=\"og:image\" content=\"https:\/\/truckned.nl\/wp-content\/uploads\/2024\/01\/TN-605280-03.png\" \/>\n\t<meta property=\"og:image:width\" content=\"800\" \/>\n\t<meta property=\"og:image:height\" content=\"800\" \/>\n\t<meta property=\"og:image:type\" content=\"image\/png\" \/>\n<meta name=\"twitter:label1\" content=\"Preis\" \/>\n\t<meta name=\"twitter:data1\" content=\"&euro;14,00\" \/>\n\t<meta name=\"twitter:label2\" content=\"Verf\u00fcgbarkeit\" \/>\n\t<meta name=\"twitter:data2\" content=\"Auf Lager\" \/>\n<script type=\"application\/ld+json\" class=\"yoast-schema-graph\">{\"@context\":\"https:\/\/schema.org\",\"@graph\":[{\"@type\":[\"WebPage\",\"ItemPage\"],\"@id\":\"https:\/\/truckned.nl\/product\/dubbelbrander-inbouw-frame-12mm\/\",\"url\":\"https:\/\/truckned.nl\/product\/dubbelbrander-inbouw-frame-12mm\/\",\"name\":\"Dubbelbrander inbouw frame 12MM - Truckned - voor truck en meer\",\"isPartOf\":{\"@id\":\"https:\/\/truckned.nl\/nl\/#website\"},\"primaryImageOfPage\":{\"@id\":\"https:\/\/truckned.nl\/product\/dubbelbrander-inbouw-frame-12mm\/#primaryimage\"},\"image\":{\"@id\":\"https:\/\/truckned.nl\/product\/dubbelbrander-inbouw-frame-12mm\/#primaryimage\"},\"thumbnailUrl\":\"https:\/\/truckned.nl\/wp-content\/uploads\/2024\/01\/TN-605280.png\",\"datePublished\":\"2023-12-08T14:43:28+00:00\",\"dateModified\":\"2026-01-07T09:10:13+00:00\",\"description\":\"Dubbelbrander inbouw frame 12mm - geschikt voor dubbelpolige lamp - te spuiten in gewenste kleur - voor vrachtwagen, trailer , bestelwagen en meer\",\"breadcrumb\":{\"@id\":\"https:\/\/truckned.nl\/product\/dubbelbrander-inbouw-frame-12mm\/#breadcrumb\"},\"inLanguage\":\"de\",\"potentialAction\":[{\"@type\":\"ReadAction\",\"target\":[\"https:\/\/truckned.nl\/product\/dubbelbrander-inbouw-frame-12mm\/\"]}]},{\"@type\":\"ImageObject\",\"inLanguage\":\"de\",\"@id\":\"https:\/\/truckned.nl\/product\/dubbelbrander-inbouw-frame-12mm\/#primaryimage\",\"url\":\"https:\/\/truckned.nl\/wp-content\/uploads\/2024\/01\/TN-605280.png\",\"contentUrl\":\"https:\/\/truckned.nl\/wp-content\/uploads\/2024\/01\/TN-605280.png\",\"width\":800,\"height\":800,\"caption\":\"Dubbelbrander inbouw frame 12mm - frame dat de montage van een dubbelbrander eenvoudig kan maken -\"},{\"@type\":\"BreadcrumbList\",\"@id\":\"https:\/\/truckned.nl\/product\/dubbelbrander-inbouw-frame-12mm\/#breadcrumb\",\"itemListElement\":[{\"@type\":\"ListItem\",\"position\":1,\"name\":\"Home\",\"item\":\"https:\/\/truckned.nl\/\"},{\"@type\":\"ListItem\",\"position\":2,\"name\":\"Shop\",\"item\":\"https:\/\/truckned.nl\/nl\/shop\/\"},{\"@type\":\"ListItem\",\"position\":3,\"name\":\"Verlichting\",\"item\":\"https:\/\/truckned.nl\/de\/produkt-kategorie\/verlichting\/\"},{\"@type\":\"ListItem\",\"position\":4,\"name\":\"Toebehoren\",\"item\":\"https:\/\/truckned.nl\/product-categorie\/verlichting\/verlichting-toebehoren\/\"},{\"@type\":\"ListItem\",\"position\":5,\"name\":\"Dubbelbrander inbouw frame 12mm\"}]},{\"@type\":\"WebSite\",\"@id\":\"https:\/\/truckned.nl\/nl\/#website\",\"url\":\"https:\/\/truckned.nl\/nl\/\",\"name\":\"Truckned\",\"description\":\"\",\"publisher\":{\"@id\":\"https:\/\/truckned.nl\/nl\/#organization\"},\"potentialAction\":[{\"@type\":\"SearchAction\",\"target\":{\"@type\":\"EntryPoint\",\"urlTemplate\":\"https:\/\/truckned.nl\/nl\/?s={search_term_string}\"},\"query-input\":{\"@type\":\"PropertyValueSpecification\",\"valueRequired\":true,\"valueName\":\"search_term_string\"}}],\"inLanguage\":\"de\"},{\"@type\":\"Organization\",\"@id\":\"https:\/\/truckned.nl\/nl\/#organization\",\"name\":\"Truckned\",\"url\":\"https:\/\/truckned.nl\/nl\/\",\"logo\":{\"@type\":\"ImageObject\",\"inLanguage\":\"de\",\"@id\":\"https:\/\/truckned.nl\/nl\/#\/schema\/logo\/image\/\",\"url\":\"https:\/\/truckned.nl\/wp-content\/uploads\/2022\/10\/800x800-Truckned-logo-zonder-tekst-ZWART.png\",\"contentUrl\":\"https:\/\/truckned.nl\/wp-content\/uploads\/2022\/10\/800x800-Truckned-logo-zonder-tekst-ZWART.png\",\"width\":801,\"height\":801,\"caption\":\"Truckned\"},\"image\":{\"@id\":\"https:\/\/truckned.nl\/nl\/#\/schema\/logo\/image\/\"},\"sameAs\":[\"https:\/\/www.facebook.com\/truckned\/\",\"https:\/\/www.instagram.com\/truckned\/\"],\"vatID\":\"NL863960509B01\",\"taxID\":\"86417487\",\"hasMerchantReturnPolicy\":{\"@type\":\"MerchantReturnPolicy\",\"merchantReturnLink\":\"https:\/\/truckned.nl\/de\/versand-rucksendungen\/\"}}]}<\/script>\n<meta property=\"product:brand\" content=\"Nedking\" \/>\n<meta property=\"product:price:amount\" content=\"14.00\" \/>\n<meta property=\"product:price:currency\" content=\"EUR\" \/>\n<meta property=\"og:availability\" content=\"instock\" \/>\n<meta property=\"product:availability\" content=\"instock\" \/>\n<meta property=\"product:retailer_item_id\" content=\"TN-605280\" \/>\n<meta property=\"product:condition\" content=\"new\" \/>\n<!-- \/ Yoast SEO Premium plugin. -->","yoast_head_json":{"title":"Doppelbrenner-Einbaurahmen 12MM \u2013 Truckned \u2013 f\u00fcr LKW und mehr","description":"Doppelbrenner-Einbaurahmen 12mm \u2013 passend f\u00fcr Doppelstablampe \u2013 in gew\u00fcnschter Farbe bespr\u00fchbar \u2013 f\u00fcr LKW, Anh\u00e4nger, Transporter und mehr","robots":{"index":"index","follow":"follow","max-snippet":"max-snippet:-1","max-image-preview":"max-image-preview:large","max-video-preview":"max-video-preview:-1"},"canonical":"https:\/\/truckned.nl\/de\/produkt\/dubbelbrander-inbouw-frame-12mm\/","og_locale":"de_DE","og_type":"article","og_title":"Dubbelbrander inbouw frame 12MM - Truckned - voor truck en meer","og_description":"Dubbelbrander inbouw frame 12mm - geschikt voor dubbelpolige lamp - te spuiten in gewenste kleur - voor vrachtwagen, trailer , bestelwagen en meer","og_url":"https:\/\/truckned.nl\/de\/produkt\/dubbelbrander-inbouw-frame-12mm\/","og_site_name":"Truckned","article_publisher":"https:\/\/www.facebook.com\/truckned\/","article_modified_time":"2026-01-07T09:10:13+00:00","og_image":[{"width":800,"height":800,"url":"https:\/\/truckned.nl\/wp-content\/uploads\/2024\/01\/TN-605280-03.png","type":"image\/png"}],"twitter_misc":{"Preis":"&euro;14,00","Verf\u00fcgbarkeit":"Auf Lager"},"schema":{"@context":"https:\/\/schema.org","@graph":[{"@type":["WebPage","ItemPage"],"@id":"https:\/\/truckned.nl\/product\/dubbelbrander-inbouw-frame-12mm\/","url":"https:\/\/truckned.nl\/product\/dubbelbrander-inbouw-frame-12mm\/","name":"Doppelbrenner-Einbaurahmen 12MM \u2013 Truckned \u2013 f\u00fcr LKW und mehr","isPartOf":{"@id":"https:\/\/truckned.nl\/nl\/#website"},"primaryImageOfPage":{"@id":"https:\/\/truckned.nl\/product\/dubbelbrander-inbouw-frame-12mm\/#primaryimage"},"image":{"@id":"https:\/\/truckned.nl\/product\/dubbelbrander-inbouw-frame-12mm\/#primaryimage"},"thumbnailUrl":"https:\/\/truckned.nl\/wp-content\/uploads\/2024\/01\/TN-605280.png","datePublished":"2023-12-08T14:43:28+00:00","dateModified":"2026-01-07T09:10:13+00:00","description":"Doppelbrenner-Einbaurahmen 12mm \u2013 passend f\u00fcr Doppelstablampe \u2013 in gew\u00fcnschter Farbe bespr\u00fchbar \u2013 f\u00fcr LKW, Anh\u00e4nger, Transporter und mehr","breadcrumb":{"@id":"https:\/\/truckned.nl\/product\/dubbelbrander-inbouw-frame-12mm\/#breadcrumb"},"inLanguage":"de","potentialAction":[{"@type":"ReadAction","target":["https:\/\/truckned.nl\/product\/dubbelbrander-inbouw-frame-12mm\/"]}]},{"@type":"ImageObject","inLanguage":"de","@id":"https:\/\/truckned.nl\/product\/dubbelbrander-inbouw-frame-12mm\/#primaryimage","url":"https:\/\/truckned.nl\/wp-content\/uploads\/2024\/01\/TN-605280.png","contentUrl":"https:\/\/truckned.nl\/wp-content\/uploads\/2024\/01\/TN-605280.png","width":800,"height":800,"caption":"Dubbelbrander inbouw frame 12mm - frame dat de montage van een dubbelbrander eenvoudig kan maken -"},{"@type":"BreadcrumbList","@id":"https:\/\/truckned.nl\/product\/dubbelbrander-inbouw-frame-12mm\/#breadcrumb","itemListElement":[{"@type":"ListItem","position":1,"name":"Home","item":"https:\/\/truckned.nl\/"},{"@type":"ListItem","position":2,"name":"Shop","item":"https:\/\/truckned.nl\/nl\/shop\/"},{"@type":"ListItem","position":3,"name":"Verlichting","item":"https:\/\/truckned.nl\/de\/produkt-kategorie\/verlichting\/"},{"@type":"ListItem","position":4,"name":"Toebehoren","item":"https:\/\/truckned.nl\/product-categorie\/verlichting\/verlichting-toebehoren\/"},{"@type":"ListItem","position":5,"name":"Dubbelbrander inbouw frame 12mm"}]},{"@type":"WebSite","@id":"https:\/\/truckned.nl\/nl\/#website","url":"https:\/\/truckned.nl\/nl\/","name":"Truckned","description":"","publisher":{"@id":"https:\/\/truckned.nl\/nl\/#organization"},"potentialAction":[{"@type":"SearchAction","target":{"@type":"EntryPoint","urlTemplate":"https:\/\/truckned.nl\/nl\/?s={search_term_string}"},"query-input":{"@type":"PropertyValueSpecification","valueRequired":true,"valueName":"search_term_string"}}],"inLanguage":"de"},{"@type":"Organization","@id":"https:\/\/truckned.nl\/nl\/#organization","name":"Truckned","url":"https:\/\/truckned.nl\/nl\/","logo":{"@type":"ImageObject","inLanguage":"de","@id":"https:\/\/truckned.nl\/nl\/#\/schema\/logo\/image\/","url":"https:\/\/truckned.nl\/wp-content\/uploads\/2022\/10\/800x800-Truckned-logo-zonder-tekst-ZWART.png","contentUrl":"https:\/\/truckned.nl\/wp-content\/uploads\/2022\/10\/800x800-Truckned-logo-zonder-tekst-ZWART.png","width":801,"height":801,"caption":"Truckned"},"image":{"@id":"https:\/\/truckned.nl\/nl\/#\/schema\/logo\/image\/"},"sameAs":["https:\/\/www.facebook.com\/truckned\/","https:\/\/www.instagram.com\/truckned\/"],"vatID":"NL863960509B01","taxID":"86417487","hasMerchantReturnPolicy":{"@type":"MerchantReturnPolicy","merchantReturnLink":"https:\/\/truckned.nl\/de\/versand-rucksendungen\/"}}]},"product_brand":"Nedking","product_price_amount":"14.00","product_price_currency":"EUR","og_availability":"instock","product_availability":"instock","product_retailer_item_id":"TN-605280","product_condition":"new"},"_links":{"self":[{"href":"https:\/\/truckned.nl\/de\/wp-json\/wp\/v2\/product\/29064","targetHints":{"allow":["GET"]}}],"collection":[{"href":"https:\/\/truckned.nl\/de\/wp-json\/wp\/v2\/product"}],"about":[{"href":"https:\/\/truckned.nl\/de\/wp-json\/wp\/v2\/types\/product"}],"replies":[{"embeddable":true,"href":"https:\/\/truckned.nl\/de\/wp-json\/wp\/v2\/comments?post=29064"}],"wp:featuredmedia":[{"embeddable":true,"href":"https:\/\/truckned.nl\/de\/wp-json\/wp\/v2\/media\/29105"}],"wp:attachment":[{"href":"https:\/\/truckned.nl\/de\/wp-json\/wp\/v2\/media?parent=29064"}],"wp:term":[{"taxonomy":"product_brand","embeddable":true,"href":"https:\/\/truckned.nl\/de\/wp-json\/wp\/v2\/product_brand?post=29064"},{"taxonomy":"product_cat","embeddable":true,"href":"https:\/\/truckned.nl\/de\/wp-json\/wp\/v2\/product_cat?post=29064"},{"taxonomy":"product_tag","embeddable":true,"href":"https:\/\/truckned.nl\/de\/wp-json\/wp\/v2\/product_tag?post=29064"}],"curies":[{"name":"wp","href":"https:\/\/api.w.org\/{rel}","templated":true}]}}