{"id":29206,"date":"2024-02-14T14:44:56","date_gmt":"2024-02-14T13:44:56","guid":{"rendered":"https:\/\/truckned.nl\/?post_type=product&#038;p=29206"},"modified":"2025-09-18T12:39:27","modified_gmt":"2025-09-18T11:39:27","slug":"hidemish-led-inbouw-flitser-blauw","status":"publish","type":"product","link":"https:\/\/truckned.nl\/de\/produkt\/hidemish-led-inbouw-flitser-blauw\/","title":{"rendered":"Hidemish HIDE AWAY -  blau"},"content":{"rendered":"<p><span style=\"color: #000000;\"><strong>Hidemish LED HIDE AWAY - blau.<\/strong><\/span><\/p>\n<p><span style=\"color: #000000;\">Suchen Sie einen kleinen, aber hellen Blitz, den Sie beispielsweise in einer T10-Fassung platzieren k\u00f6nnen? Dann k\u00f6nnte der eingebaute Blitz Hidemish LED mit 21 verschiedenen Mustern die Lampe sein, nach der Sie suchen. Der einzeln gelieferte Einbaublitz ist f\u00fcr den 12- und 24-Volt-Betrieb geeignet. Das bedeutet, dass Sie die Einbauleuchte LED beispielsweise in einem PKW, LKW oder einem anderen Fahrzeugtyp montieren k\u00f6nnen. Dar\u00fcber hinaus wird der blaue Blitz mit einem 3,15 Meter langen Kabel geliefert und an der Oberseite ist ein 3 m langer Kleberand angebracht.<\/span><\/p>\n<p><span style=\"color: #000000;\">Damit der Hidemish LED Einbaublitz BLAU f\u00fcr Ihren Transporter oder LKW geeignet ist. Nachfolgend haben wir eine Reihe von Merkmalen dieser LED-Lampe aufgelistet. Die Warnleuchte mit 2 LED-Punkten ist unter anderem mit ECE R10 ausgestattet. Die blau leuchtende Lampe ist au\u00dferdem mit einem 3,15 Meter langen Kabel ausgestattet. Die oben beschriebenen Eigenschaften weisen darauf hin, dass die Lampe ein Funksignal nicht st\u00f6rt. Die Kabell\u00e4nge von 3,15 Metern und die integrierte Memory-Funktion garantieren eine schnelle und einwandfreie Funktion der Lampe.\u00a0<\/span><\/p>\n<h5><span style=\"color: #000000;\"><strong>Abmessungen:<\/strong><\/span><\/h5>\n<p><span style=\"color: #000000;\">Denn Sie m\u00f6chten sicher sein, dass die Lampe dort passt, wo Sie sie montieren m\u00f6chten. Nachfolgend haben wir die Abmessungen der Stroboskoplampe notiert. Die Abmessungen des einzeln gelieferten Hidemish-Einbaublitzes BLAU sind wie folgt. \u00a0<\/span><\/p>\n<ul>\n<li><span style=\"color: #000000;\">Lampendurchmesser: 13 mm<\/span><\/li>\n<li><span style=\"color: #000000;\">Breite: 25 mm<\/span><\/li>\n<li><span style=\"color: #000000;\">H\u00f6he: 33 mm<br \/>\n<\/span><\/li>\n<\/ul>\n<h5><span style=\"color: #000000;\"><strong>Andere Farben:<\/strong><\/span><\/h5>\n<p><span style=\"color: #000000;\">Suchen Sie einen LED-Blitz, den Sie problemlos im Scheinwerfer oder Scheinwerfer montieren k\u00f6nnen? Aber ist der eingebaute Blitz Hidemish in der Farbe BLAU nicht die Farbe, die Sie suchen? Dann wissen Sie, dass die AEB-Warnleuchte auch in den folgenden Versionen erh\u00e4ltlich ist.\u00a0<\/span><\/p>\n<ul>\n<li><span style=\"color: #000000;\"><a style=\"color: #000000;\" href=\"https:\/\/truckned.nl\/de\/produkt\/hidemish-led-inbouw-flitser-oranje\/\" target=\"_blank\" rel=\"noopener\"><strong>HIDE-AWAY ORANGE<\/strong><\/a><\/span><\/li>\n<li><span style=\"color: #000000;\"><a style=\"color: #000000;\" href=\"https:\/\/truckned.nl\/de\/produkt\/hidemish-led-inbouw-flitser-groen\/\" target=\"_blank\" rel=\"noopener\"><strong>HIDE-AWAY GR\u00dcN<\/strong><\/a><\/span><\/li>\n<li><span style=\"color: #000000;\"><a style=\"color: #000000;\" href=\"https:\/\/truckned.nl\/de\/produkt\/hidemish-led-inbouw-flitser-rood\/\" target=\"_blank\" rel=\"noopener\"><strong>HIDE-AWAY ROT<\/strong><\/a><\/span><\/li>\n<li><span style=\"color: #000000;\"><a style=\"color: #000000;\" href=\"https:\/\/truckned.nl\/de\/produkt\/hidemish-led-inbouw-flitser-wit\/\" target=\"_blank\" rel=\"noopener\"><strong>HIDE-AWAY WEISS<\/strong><\/a><\/span><\/li>\n<\/ul>\n<p><span style=\"color: #000000;\">Denken Sie immer noch, dass der eingebaute Blitz Hidemish LED BLAU der belgischen Marke AEB nicht das ist, was Sie suchen? Einfach, weil Ihnen die Farbe, das Design oder die Form nicht gef\u00e4llt? Dann sehen Sie sich hier das komplette Sortiment an <a style=\"color: #000000;\" href=\"https:\/\/truckned.nl\/de\/merk\/aeb\/\" target=\"_blank\" rel=\"noopener\">AEB<\/a>. M\u00f6glicherweise finden Sie hier das Lampenmodell, das Sie suchen.<\/span><\/p>","protected":false},"excerpt":{"rendered":"<p>Hidemish LED Einbaublitz, blau. Suchen Sie einen kleinen, aber hellen Blitz, den Sie beispielsweise in eine T10-Fassung einbauen k\u00f6nnen? Dann k\u00f6nnte der Einbaublitz Hidemish LED mit 21 verschiedenen Mustern das Richtige f\u00fcr Sie sein. Dieser einzeln erh\u00e4ltliche Einbaublitz ist f\u00fcr 12 und 24 [\u2026]<\/p>","protected":false},"featured_media":29226,"comment_status":"open","ping_status":"closed","template":"","meta":{"_acf_changed":false,"site-sidebar-layout":"default","site-content-layout":"default","ast-site-content-layout":"default","site-content-style":"default","site-sidebar-style":"default","ast-global-header-display":"","ast-banner-title-visibility":"","ast-main-header-display":"","ast-hfb-above-header-display":"","ast-hfb-below-header-display":"","ast-hfb-mobile-header-display":"","site-post-title":"","ast-breadcrumbs-content":"","ast-featured-img":"","footer-sml-layout":"","ast-disable-related-posts":"","theme-transparent-header-meta":"default","adv-header-id-meta":"","stick-header-meta":"","header-above-stick-meta":"","header-main-stick-meta":"","header-below-stick-meta":"","astra-migrate-meta-layouts":"default","ast-page-background-enabled":"default","ast-page-background-meta":{"desktop":{"background-color":"","background-image":"","background-repeat":"repeat","background-position":"center center","background-size":"auto","background-attachment":"scroll","background-type":"","background-media":"","overlay-type":"","overlay-color":"","overlay-opacity":"","overlay-gradient":""},"tablet":{"background-color":"","background-image":"","background-repeat":"repeat","background-position":"center center","background-size":"auto","background-attachment":"scroll","background-type":"","background-media":"","overlay-type":"","overlay-color":"","overlay-opacity":"","overlay-gradient":""},"mobile":{"background-color":"","background-image":"","background-repeat":"repeat","background-position":"center center","background-size":"auto","background-attachment":"scroll","background-type":"","background-media":"","overlay-type":"","overlay-color":"","overlay-opacity":"","overlay-gradient":""}},"ast-content-background-meta":{"desktop":{"background-color":"var(--ast-global-color-5)","background-image":"","background-repeat":"repeat","background-position":"center center","background-size":"auto","background-attachment":"scroll","background-type":"","background-media":"","overlay-type":"","overlay-color":"","overlay-opacity":"","overlay-gradient":""},"tablet":{"background-color":"var(--ast-global-color-5)","background-image":"","background-repeat":"repeat","background-position":"center center","background-size":"auto","background-attachment":"scroll","background-type":"","background-media":"","overlay-type":"","overlay-color":"","overlay-opacity":"","overlay-gradient":""},"mobile":{"background-color":"var(--ast-global-color-5)","background-image":"","background-repeat":"repeat","background-position":"center center","background-size":"auto","background-attachment":"scroll","background-type":"","background-media":"","overlay-type":"","overlay-color":"","overlay-opacity":"","overlay-gradient":""}}},"product_brand":[],"product_cat":[7905],"product_tag":[],"class_list":{"0":"post-29206","1":"product","2":"type-product","3":"status-publish","4":"has-post-thumbnail","6":"product_cat-flitser","7":"pa_merkk-aeb","8":"desktop-align-left","9":"tablet-align-left","10":"mobile-align-left","12":"first","13":"instock","14":"taxable","15":"shipping-taxable","16":"purchasable","17":"product-type-simple"},"acf":[],"yoast_head":"<!-- This site is optimized with the Yoast SEO Premium plugin v26.5 (Yoast SEO v26.5) - https:\/\/yoast.com\/wordpress\/plugins\/seo\/ -->\n<title>Hidemish LED inbouw flitser BLAUW - Truckned - werkt op 12&amp;24 Volt<\/title>\n<meta name=\"description\" content=\"Hidemish LED inbouw flitser BLAUW - Hide-Away \/ inbouwmontage uitvoering - met 3.15m kabel en ECE R10 CISPR 25 klasse 3 - 2 LED punten - 21 patronen\" \/>\n<meta name=\"robots\" content=\"index, follow, max-snippet:-1, max-image-preview:large, max-video-preview:-1\" \/>\n<link rel=\"canonical\" href=\"https:\/\/truckned.nl\/de\/produkt\/hidemish-led-inbouw-flitser-blauw\/\" \/>\n<meta property=\"og:locale\" content=\"de_DE\" \/>\n<meta property=\"og:type\" content=\"article\" \/>\n<meta property=\"og:title\" content=\"Hidemish LED inbouw flitser BLAUW - Truckned - werkt op 12&amp;24 Volt\" \/>\n<meta property=\"og:description\" content=\"Hidemish LED inbouw flitser BLAUW - Hide-Away \/ inbouwmontage uitvoering - met 3.15m kabel en ECE R10 CISPR 25 klasse 3 - 2 LED punten - 21 patronen\" \/>\n<meta property=\"og:url\" content=\"https:\/\/truckned.nl\/de\/produkt\/hidemish-led-inbouw-flitser-blauw\/\" \/>\n<meta property=\"og:site_name\" content=\"Truckned\" \/>\n<meta property=\"article:publisher\" content=\"https:\/\/www.facebook.com\/truckned\/\" \/>\n<meta property=\"article:modified_time\" content=\"2025-09-18T11:39:27+00:00\" \/>\n<meta property=\"og:image\" content=\"https:\/\/truckned.nl\/wp-content\/uploads\/2024\/02\/TN-626315-BL-4.png\" \/>\n\t<meta property=\"og:image:width\" content=\"800\" \/>\n\t<meta property=\"og:image:height\" content=\"800\" \/>\n\t<meta property=\"og:image:type\" content=\"image\/png\" \/>\n<meta name=\"twitter:label1\" content=\"Preis\" \/>\n\t<meta name=\"twitter:data1\" content=\"&euro;29,95\" \/>\n\t<meta name=\"twitter:label2\" content=\"Verf\u00fcgbarkeit\" \/>\n\t<meta name=\"twitter:data2\" content=\"Auf Lager\" \/>\n<script type=\"application\/ld+json\" class=\"yoast-schema-graph\">{\"@context\":\"https:\/\/schema.org\",\"@graph\":[{\"@type\":[\"WebPage\",\"ItemPage\"],\"@id\":\"https:\/\/truckned.nl\/product\/hidemish-led-inbouw-flitser-blauw\/\",\"url\":\"https:\/\/truckned.nl\/product\/hidemish-led-inbouw-flitser-blauw\/\",\"name\":\"Hidemish LED inbouw flitser BLAUW - Truckned - werkt op 12&24 Volt\",\"isPartOf\":{\"@id\":\"https:\/\/truckned.nl\/nl\/#website\"},\"primaryImageOfPage\":{\"@id\":\"https:\/\/truckned.nl\/product\/hidemish-led-inbouw-flitser-blauw\/#primaryimage\"},\"image\":{\"@id\":\"https:\/\/truckned.nl\/product\/hidemish-led-inbouw-flitser-blauw\/#primaryimage\"},\"thumbnailUrl\":\"https:\/\/truckned.nl\/wp-content\/uploads\/2024\/02\/TN-626315-BL.png\",\"datePublished\":\"2024-02-14T13:44:56+00:00\",\"dateModified\":\"2025-09-18T11:39:27+00:00\",\"description\":\"Hidemish LED inbouw flitser BLAUW - Hide-Away \/ inbouwmontage uitvoering - met 3.15m kabel en ECE R10 CISPR 25 klasse 3 - 2 LED punten - 21 patronen\",\"breadcrumb\":{\"@id\":\"https:\/\/truckned.nl\/product\/hidemish-led-inbouw-flitser-blauw\/#breadcrumb\"},\"inLanguage\":\"de\",\"potentialAction\":[{\"@type\":\"ReadAction\",\"target\":[\"https:\/\/truckned.nl\/product\/hidemish-led-inbouw-flitser-blauw\/\"]}]},{\"@type\":\"ImageObject\",\"inLanguage\":\"de\",\"@id\":\"https:\/\/truckned.nl\/product\/hidemish-led-inbouw-flitser-blauw\/#primaryimage\",\"url\":\"https:\/\/truckned.nl\/wp-content\/uploads\/2024\/02\/TN-626315-BL.png\",\"contentUrl\":\"https:\/\/truckned.nl\/wp-content\/uploads\/2024\/02\/TN-626315-BL.png\",\"width\":800,\"height\":800,\"caption\":\"Hidemish LED inbouw flitser BLAUW - LED waarschuwingslamp voor 12 & 24 volt gebruik - koplamp flitser BLAUW - met 3.15m kabel - AEB Belgium product -\"},{\"@type\":\"BreadcrumbList\",\"@id\":\"https:\/\/truckned.nl\/product\/hidemish-led-inbouw-flitser-blauw\/#breadcrumb\",\"itemListElement\":[{\"@type\":\"ListItem\",\"position\":1,\"name\":\"Home\",\"item\":\"https:\/\/truckned.nl\/\"},{\"@type\":\"ListItem\",\"position\":2,\"name\":\"Shop\",\"item\":\"https:\/\/truckned.nl\/nl\/shop\/\"},{\"@type\":\"ListItem\",\"position\":3,\"name\":\"Signalering\",\"item\":\"https:\/\/truckned.nl\/product-categorie\/signalering\/\"},{\"@type\":\"ListItem\",\"position\":4,\"name\":\"Flitser\",\"item\":\"https:\/\/truckned.nl\/product-categorie\/signalering\/flitser\/\"},{\"@type\":\"ListItem\",\"position\":5,\"name\":\"Hidemish LED inbouw flitser &#8211; blauw\"}]},{\"@type\":\"WebSite\",\"@id\":\"https:\/\/truckned.nl\/nl\/#website\",\"url\":\"https:\/\/truckned.nl\/nl\/\",\"name\":\"Truckned\",\"description\":\"\",\"publisher\":{\"@id\":\"https:\/\/truckned.nl\/nl\/#organization\"},\"potentialAction\":[{\"@type\":\"SearchAction\",\"target\":{\"@type\":\"EntryPoint\",\"urlTemplate\":\"https:\/\/truckned.nl\/nl\/?s={search_term_string}\"},\"query-input\":{\"@type\":\"PropertyValueSpecification\",\"valueRequired\":true,\"valueName\":\"search_term_string\"}}],\"inLanguage\":\"de\"},{\"@type\":\"Organization\",\"@id\":\"https:\/\/truckned.nl\/nl\/#organization\",\"name\":\"Truckned\",\"url\":\"https:\/\/truckned.nl\/nl\/\",\"logo\":{\"@type\":\"ImageObject\",\"inLanguage\":\"de\",\"@id\":\"https:\/\/truckned.nl\/nl\/#\/schema\/logo\/image\/\",\"url\":\"https:\/\/truckned.nl\/wp-content\/uploads\/2022\/10\/800x800-Truckned-logo-zonder-tekst-ZWART.png\",\"contentUrl\":\"https:\/\/truckned.nl\/wp-content\/uploads\/2022\/10\/800x800-Truckned-logo-zonder-tekst-ZWART.png\",\"width\":801,\"height\":801,\"caption\":\"Truckned\"},\"image\":{\"@id\":\"https:\/\/truckned.nl\/nl\/#\/schema\/logo\/image\/\"},\"sameAs\":[\"https:\/\/www.facebook.com\/truckned\/\",\"https:\/\/www.instagram.com\/truckned\/\"],\"vatID\":\"NL863960509B01\",\"taxID\":\"86417487\",\"hasMerchantReturnPolicy\":{\"@type\":\"MerchantReturnPolicy\",\"merchantReturnLink\":\"https:\/\/truckned.nl\/de\/versand-rucksendungen\/\"}}]}<\/script>\n<meta property=\"product:brand\" content=\"AEB\" \/>\n<meta property=\"product:price:amount\" content=\"29.95\" \/>\n<meta property=\"product:price:currency\" content=\"EUR\" \/>\n<meta property=\"og:availability\" content=\"instock\" \/>\n<meta property=\"product:availability\" content=\"instock\" \/>\n<meta property=\"product:retailer_item_id\" content=\"TN-626315-BL\" \/>\n<meta property=\"product:condition\" content=\"new\" \/>\n<!-- \/ Yoast SEO Premium plugin. -->","yoast_head_json":{"title":"Hidemish LED HIDE AWAY - BLAU \u2013 Truckned \u2013 funktioniert mit 12&amp;24 Volt","description":"Hidemish LED HIDE AWAY - BLAU \u2013 Hide-Away \/ Unterputzversion \u2013 mit 3,15 m Kabel und ECE R10 CISPR 25 Klasse 3 \u2013 2 LED-Punkte \u2013 21 Muster","robots":{"index":"index","follow":"follow","max-snippet":"max-snippet:-1","max-image-preview":"max-image-preview:large","max-video-preview":"max-video-preview:-1"},"canonical":"https:\/\/truckned.nl\/de\/produkt\/hidemish-led-inbouw-flitser-blauw\/","og_locale":"de_DE","og_type":"article","og_title":"Hidemish LED inbouw flitser BLAUW - Truckned - werkt op 12&24 Volt","og_description":"Hidemish LED inbouw flitser BLAUW - Hide-Away \/ inbouwmontage uitvoering - met 3.15m kabel en ECE R10 CISPR 25 klasse 3 - 2 LED punten - 21 patronen","og_url":"https:\/\/truckned.nl\/de\/produkt\/hidemish-led-inbouw-flitser-blauw\/","og_site_name":"Truckned","article_publisher":"https:\/\/www.facebook.com\/truckned\/","article_modified_time":"2025-09-18T11:39:27+00:00","og_image":[{"width":800,"height":800,"url":"https:\/\/truckned.nl\/wp-content\/uploads\/2024\/02\/TN-626315-BL-4.png","type":"image\/png"}],"twitter_misc":{"Preis":"&euro;29,95","Verf\u00fcgbarkeit":"Auf Lager"},"schema":{"@context":"https:\/\/schema.org","@graph":[{"@type":["WebPage","ItemPage"],"@id":"https:\/\/truckned.nl\/product\/hidemish-led-inbouw-flitser-blauw\/","url":"https:\/\/truckned.nl\/product\/hidemish-led-inbouw-flitser-blauw\/","name":"Hidemish LED HIDE AWAY - BLAU \u2013 Truckned \u2013 funktioniert mit 12&amp;24 Volt","isPartOf":{"@id":"https:\/\/truckned.nl\/nl\/#website"},"primaryImageOfPage":{"@id":"https:\/\/truckned.nl\/product\/hidemish-led-inbouw-flitser-blauw\/#primaryimage"},"image":{"@id":"https:\/\/truckned.nl\/product\/hidemish-led-inbouw-flitser-blauw\/#primaryimage"},"thumbnailUrl":"https:\/\/truckned.nl\/wp-content\/uploads\/2024\/02\/TN-626315-BL.png","datePublished":"2024-02-14T13:44:56+00:00","dateModified":"2025-09-18T11:39:27+00:00","description":"Hidemish LED HIDE AWAY - BLAU \u2013 Hide-Away \/ Unterputzversion \u2013 mit 3,15 m Kabel und ECE R10 CISPR 25 Klasse 3 \u2013 2 LED-Punkte \u2013 21 Muster","breadcrumb":{"@id":"https:\/\/truckned.nl\/product\/hidemish-led-inbouw-flitser-blauw\/#breadcrumb"},"inLanguage":"de","potentialAction":[{"@type":"ReadAction","target":["https:\/\/truckned.nl\/product\/hidemish-led-inbouw-flitser-blauw\/"]}]},{"@type":"ImageObject","inLanguage":"de","@id":"https:\/\/truckned.nl\/product\/hidemish-led-inbouw-flitser-blauw\/#primaryimage","url":"https:\/\/truckned.nl\/wp-content\/uploads\/2024\/02\/TN-626315-BL.png","contentUrl":"https:\/\/truckned.nl\/wp-content\/uploads\/2024\/02\/TN-626315-BL.png","width":800,"height":800,"caption":"Hidemish LED inbouw flitser BLAUW - LED waarschuwingslamp voor 12 & 24 volt gebruik - koplamp flitser BLAUW - met 3.15m kabel - AEB Belgium product -"},{"@type":"BreadcrumbList","@id":"https:\/\/truckned.nl\/product\/hidemish-led-inbouw-flitser-blauw\/#breadcrumb","itemListElement":[{"@type":"ListItem","position":1,"name":"Home","item":"https:\/\/truckned.nl\/"},{"@type":"ListItem","position":2,"name":"Shop","item":"https:\/\/truckned.nl\/nl\/shop\/"},{"@type":"ListItem","position":3,"name":"Signalering","item":"https:\/\/truckned.nl\/product-categorie\/signalering\/"},{"@type":"ListItem","position":4,"name":"Flitser","item":"https:\/\/truckned.nl\/product-categorie\/signalering\/flitser\/"},{"@type":"ListItem","position":5,"name":"Hidemish LED inbouw flitser &#8211; blauw"}]},{"@type":"WebSite","@id":"https:\/\/truckned.nl\/nl\/#website","url":"https:\/\/truckned.nl\/nl\/","name":"Truckned","description":"","publisher":{"@id":"https:\/\/truckned.nl\/nl\/#organization"},"potentialAction":[{"@type":"SearchAction","target":{"@type":"EntryPoint","urlTemplate":"https:\/\/truckned.nl\/nl\/?s={search_term_string}"},"query-input":{"@type":"PropertyValueSpecification","valueRequired":true,"valueName":"search_term_string"}}],"inLanguage":"de"},{"@type":"Organization","@id":"https:\/\/truckned.nl\/nl\/#organization","name":"Truckned","url":"https:\/\/truckned.nl\/nl\/","logo":{"@type":"ImageObject","inLanguage":"de","@id":"https:\/\/truckned.nl\/nl\/#\/schema\/logo\/image\/","url":"https:\/\/truckned.nl\/wp-content\/uploads\/2022\/10\/800x800-Truckned-logo-zonder-tekst-ZWART.png","contentUrl":"https:\/\/truckned.nl\/wp-content\/uploads\/2022\/10\/800x800-Truckned-logo-zonder-tekst-ZWART.png","width":801,"height":801,"caption":"Truckned"},"image":{"@id":"https:\/\/truckned.nl\/nl\/#\/schema\/logo\/image\/"},"sameAs":["https:\/\/www.facebook.com\/truckned\/","https:\/\/www.instagram.com\/truckned\/"],"vatID":"NL863960509B01","taxID":"86417487","hasMerchantReturnPolicy":{"@type":"MerchantReturnPolicy","merchantReturnLink":"https:\/\/truckned.nl\/de\/versand-rucksendungen\/"}}]},"product_brand":"AEB","product_price_amount":"29.95","product_price_currency":"EUR","og_availability":"instock","product_availability":"instock","product_retailer_item_id":"TN-626315-BL","product_condition":"new"},"_links":{"self":[{"href":"https:\/\/truckned.nl\/de\/wp-json\/wp\/v2\/product\/29206","targetHints":{"allow":["GET"]}}],"collection":[{"href":"https:\/\/truckned.nl\/de\/wp-json\/wp\/v2\/product"}],"about":[{"href":"https:\/\/truckned.nl\/de\/wp-json\/wp\/v2\/types\/product"}],"replies":[{"embeddable":true,"href":"https:\/\/truckned.nl\/de\/wp-json\/wp\/v2\/comments?post=29206"}],"wp:featuredmedia":[{"embeddable":true,"href":"https:\/\/truckned.nl\/de\/wp-json\/wp\/v2\/media\/29226"}],"wp:attachment":[{"href":"https:\/\/truckned.nl\/de\/wp-json\/wp\/v2\/media?parent=29206"}],"wp:term":[{"taxonomy":"product_brand","embeddable":true,"href":"https:\/\/truckned.nl\/de\/wp-json\/wp\/v2\/product_brand?post=29206"},{"taxonomy":"product_cat","embeddable":true,"href":"https:\/\/truckned.nl\/de\/wp-json\/wp\/v2\/product_cat?post=29206"},{"taxonomy":"product_tag","embeddable":true,"href":"https:\/\/truckned.nl\/de\/wp-json\/wp\/v2\/product_tag?post=29206"}],"curies":[{"name":"wp","href":"https:\/\/api.w.org\/{rel}","templated":true}]}}