{"id":29269,"date":"2024-02-20T15:39:53","date_gmt":"2024-02-20T14:39:53","guid":{"rendered":"https:\/\/truckned.nl\/?post_type=product&#038;p=29269"},"modified":"2026-04-14T23:01:48","modified_gmt":"2026-04-14T21:01:48","slug":"gylle-lens-oranje-black-line","status":"publish","type":"product","link":"https:\/\/truckned.nl\/de\/produkt\/gylle-lens-oranje-black-line\/","title":{"rendered":"Gylle Linse orange Black-Line"},"content":{"rendered":"<p><span style=\"color: #000000\"><strong>Gylle Linse orange Black-Line Version f\u00fcr Gummiarm.<\/strong><\/span><\/p>\n<p><span style=\"color: #000000\">Sie m\u00f6chten selbst eine Lampe mit d\u00e4nischer Breite zusammenstellen, wissen aber nicht, wo Sie anfangen sollen? Vielleicht ist die Gylle-Linse Orange in der Black-Line-Version genau das Richtige f\u00fcr Sie. Mit der Linse k\u00f6nnen Sie Ihre d\u00e4nische Positionslampe einfach und schnell selbst verschlie\u00dfen. Sie k\u00f6nnen das separate Objektiv in den Gummi-Montagef\u00fc\u00dfen von Gylle, Strands und WA\u015a platzieren. Die Kappe ist ma\u00dfgeschneidert f\u00fcr einen breiten Pfosten und passt daher nicht in andere Teile. Bitte beachten: Platzieren Sie maximal eine R5W-Gl\u00fchbirne unter dem Glas, da sich das Glas bei h\u00f6herer Wattzahl verformen kann!\u00a0<\/span><\/p>\n<h5><span style=\"color: #000000\"><strong>Abmessungen:<\/strong><\/span><\/h5>\n<p><span style=\"color: #000000\">Denn Sie m\u00f6chten sicher sein, dass das Rauchlampenglas dort passt, wo Sie es montieren m\u00f6chten. Wir haben die Abmessungen des Teils unten geschrieben. Die Abmessungen der Gylle-Linse ORANGE Black-Line-Version sind wie folgt:\u00a0<\/span><\/p>\n<ul>\n<li><span style=\"color: #000000\">Durchmesser: 71 mm (inkl. Kante)<\/span><\/li>\n<li><span style=\"color: #000000\">H\u00f6he: 36 mm (inkl. Rand)<\/span><\/li>\n<\/ul>\n<h5><span style=\"color: #000000\"><strong>Andere Komponenten:\u00a0<\/strong><\/span><\/h5>\n<p><span style=\"color: #000000\">M\u00f6chten Sie eine Lampe mit d\u00e4nischer Breite selbst zusammenstellen? Aber ist das Gylle-Objektiv ORANGE in der Black-Line-Version nicht das Teil, das Sie suchen? Dann wissen Sie, dass das Rauchlampenglas auch in verschiedenen anderen Designs erh\u00e4ltlich ist. Sehen Sie sich die anderen Black-Line-Versionen unten an.<\/span><\/p>\n<ul>\n<li><span style=\"color: #000000\"><a style=\"color: #000000\" href=\"https:\/\/truckned.nl\/de\/produkt\/gylle-lens-helder-black-line\/\" target=\"_blank\" rel=\"noopener\"><strong>RAUCHglas KLAR<\/strong><\/a><\/span><\/li>\n<li><span style=\"color: #000000\"><a style=\"color: #000000\" href=\"https:\/\/truckned.nl\/de\/produkt\/gylle-lens-rood-black-line\/\" target=\"_blank\" rel=\"noopener\"><strong>Rauchglas ROT<\/strong><\/a><\/span><\/li>\n<\/ul>\n<h5><span style=\"color: #000000\"><strong>Stellen Sie sich zusammen:\u00a0<\/strong><\/span><\/h5>\n<p><span style=\"color: #000000\">Um eine d\u00e4nische Positionslampe selbst zusammenzustellen, haben Sie zwei M\u00f6glichkeiten. Die beiden Optionen werden unten mit einem Link zur Seite beschrieben. Dr\u00fccken Sie Option 1 oder Option 2 und Sie finden alle Artikel auf einer Seite.<br \/>\n<\/span><\/p>\n<ul>\n<li><span style=\"color: #000000\"><a style=\"color: #000000\" href=\"https:\/\/truckned.nl\/de\/produkt-schlagwort\/gylle-halogeen-breedtelamp\/\"><strong>Option 1<\/strong><strong>:<\/strong><\/a> Bauen Sie die Lampe selbst zusammen, sodass Sie darin eine Halogen- oder LED-Gl\u00fchbirne einsetzen k\u00f6nnen.<br \/>\n<\/span><\/li>\n<li><span style=\"color: #000000\"><a style=\"color: #000000\" href=\"https:\/\/truckned.nl\/de\/produkt-schlagwort\/gylle-led-breedtelamp\/\"><strong>Option 2<\/strong><strong>:<\/strong><\/a> Bauen Sie die Lampe selbst zusammen, sodass Sie eine LED-Einheit darin platzieren k\u00f6nnen.<\/span><\/li>\n<\/ul>\n<p><span style=\"color: #000000\">Sind Sie immer noch der Meinung, dass das Gylle Linse ORANGE in der Black-Line-Version nicht das ist, was Sie suchen? Einfach weil Ihnen die Farbe oder Form nicht gef\u00e4llt? Dann sehen Sie sich hier das komplette Sortiment an <a style=\"color: #000000\" href=\"https:\/\/truckned.nl\/de\/merk\/product-gylle-mec\/\" target=\"_blank\" rel=\"noopener\">Gylle.<\/a><\/span><\/p>","protected":false},"excerpt":{"rendered":"<p>Gylle orangefarbene Linse, Version Black-Line, f\u00fcr Gummisockel. M\u00f6chten Sie Ihre eigene Lampe mit d\u00e4nischer Breite zusammenbauen, wissen aber nicht, wo Sie anfangen sollen? Die orangefarbene Linse Gylle, Version Black-Line, k\u00f6nnte das Teil sein, das Sie suchen. Mit dieser Linse k\u00f6nnen Sie Ihre Lampe mit d\u00e4nischer Breite schnell und einfach selbst verschlie\u00dfen. Die separate Linse [\u2026]<\/p>","protected":false},"featured_media":29319,"comment_status":"open","ping_status":"closed","template":"","meta":{"_acf_changed":false,"site-sidebar-layout":"default","site-content-layout":"default","ast-site-content-layout":"default","site-content-style":"default","site-sidebar-style":"default","ast-global-header-display":"","ast-banner-title-visibility":"","ast-main-header-display":"","ast-hfb-above-header-display":"","ast-hfb-below-header-display":"","ast-hfb-mobile-header-display":"","site-post-title":"","ast-breadcrumbs-content":"","ast-featured-img":"","footer-sml-layout":"","ast-disable-related-posts":"","theme-transparent-header-meta":"default","adv-header-id-meta":"","stick-header-meta":"","header-above-stick-meta":"","header-main-stick-meta":"","header-below-stick-meta":"","astra-migrate-meta-layouts":"default","ast-page-background-enabled":"default","ast-page-background-meta":{"desktop":{"background-color":"","background-image":"","background-repeat":"repeat","background-position":"center center","background-size":"auto","background-attachment":"scroll","background-type":"","background-media":"","overlay-type":"","overlay-color":"","overlay-opacity":"","overlay-gradient":""},"tablet":{"background-color":"","background-image":"","background-repeat":"repeat","background-position":"center center","background-size":"auto","background-attachment":"scroll","background-type":"","background-media":"","overlay-type":"","overlay-color":"","overlay-opacity":"","overlay-gradient":""},"mobile":{"background-color":"","background-image":"","background-repeat":"repeat","background-position":"center center","background-size":"auto","background-attachment":"scroll","background-type":"","background-media":"","overlay-type":"","overlay-color":"","overlay-opacity":"","overlay-gradient":""}},"ast-content-background-meta":{"desktop":{"background-color":"var(--ast-global-color-5)","background-image":"","background-repeat":"repeat","background-position":"center center","background-size":"auto","background-attachment":"scroll","background-type":"","background-media":"","overlay-type":"","overlay-color":"","overlay-opacity":"","overlay-gradient":""},"tablet":{"background-color":"var(--ast-global-color-5)","background-image":"","background-repeat":"repeat","background-position":"center center","background-size":"auto","background-attachment":"scroll","background-type":"","background-media":"","overlay-type":"","overlay-color":"","overlay-opacity":"","overlay-gradient":""},"mobile":{"background-color":"var(--ast-global-color-5)","background-image":"","background-repeat":"repeat","background-position":"center center","background-size":"auto","background-attachment":"scroll","background-type":"","background-media":"","overlay-type":"","overlay-color":"","overlay-opacity":"","overlay-gradient":""}}},"product_brand":[],"product_cat":[7527],"product_tag":[6608],"class_list":{"0":"post-29269","1":"product","2":"type-product","3":"status-publish","4":"has-post-thumbnail","6":"product_cat-verlichting-breedteverlichting","7":"product_tag-gylle-halogeen-breedtelamp","8":"pa_merkk-product-gylle-mec","9":"desktop-align-left","10":"tablet-align-left","11":"mobile-align-left","13":"first","14":"instock","15":"taxable","16":"shipping-taxable","17":"purchasable","18":"product-type-simple"},"acf":[],"yoast_head":"<!-- This site is optimized with the Yoast SEO Premium plugin v26.5 (Yoast SEO v26.5) - https:\/\/yoast.com\/wordpress\/plugins\/seo\/ -->\n<title>Gylle lens oranje Black-Line - Truckned - breedtelamp voor truck en trailer<\/title>\n<meta name=\"description\" content=\"Gylle lens oranje Black-Line - SMOKE lampglas - geschikt voor rubber breedtepaal van Gylle, Horpol, WAS en Strands - diverse kleuren beschikbaar\" \/>\n<meta name=\"robots\" content=\"index, follow, max-snippet:-1, max-image-preview:large, max-video-preview:-1\" \/>\n<link rel=\"canonical\" href=\"https:\/\/truckned.nl\/de\/produkt\/gylle-lens-oranje-black-line\/\" \/>\n<meta property=\"og:locale\" content=\"de_DE\" \/>\n<meta property=\"og:type\" content=\"article\" \/>\n<meta property=\"og:title\" content=\"Gylle lens oranje Black-Line - Truckned - breedtelamp voor truck en trailer\" \/>\n<meta property=\"og:description\" content=\"Gylle lens oranje Black-Line - SMOKE lampglas - geschikt voor rubber breedtepaal van Gylle, Horpol, WAS en Strands - diverse kleuren beschikbaar\" \/>\n<meta property=\"og:url\" content=\"https:\/\/truckned.nl\/de\/produkt\/gylle-lens-oranje-black-line\/\" \/>\n<meta property=\"og:site_name\" content=\"Truckned\" \/>\n<meta property=\"article:publisher\" content=\"https:\/\/www.facebook.com\/truckned\/\" \/>\n<meta property=\"article:modified_time\" content=\"2026-04-14T21:01:48+00:00\" \/>\n<meta property=\"og:image\" content=\"https:\/\/truckned.nl\/wp-content\/uploads\/2024\/02\/TN-350186BL-01.png\" \/>\n\t<meta property=\"og:image:width\" content=\"800\" \/>\n\t<meta property=\"og:image:height\" content=\"800\" \/>\n\t<meta property=\"og:image:type\" content=\"image\/png\" \/>\n<meta name=\"twitter:label1\" content=\"Preis\" \/>\n\t<meta name=\"twitter:data1\" content=\"&euro;2,00\" \/>\n\t<meta name=\"twitter:label2\" content=\"Verf\u00fcgbarkeit\" \/>\n\t<meta name=\"twitter:data2\" content=\"Auf Lager\" \/>\n<script type=\"application\/ld+json\" class=\"yoast-schema-graph\">{\"@context\":\"https:\/\/schema.org\",\"@graph\":[{\"@type\":[\"WebPage\",\"ItemPage\"],\"@id\":\"https:\/\/truckned.nl\/product\/gylle-lens-oranje-black-line\/\",\"url\":\"https:\/\/truckned.nl\/product\/gylle-lens-oranje-black-line\/\",\"name\":\"Gylle lens oranje Black-Line - Truckned - breedtelamp voor truck en trailer\",\"isPartOf\":{\"@id\":\"https:\/\/truckned.nl\/nl\/#website\"},\"primaryImageOfPage\":{\"@id\":\"https:\/\/truckned.nl\/product\/gylle-lens-oranje-black-line\/#primaryimage\"},\"image\":{\"@id\":\"https:\/\/truckned.nl\/product\/gylle-lens-oranje-black-line\/#primaryimage\"},\"thumbnailUrl\":\"https:\/\/truckned.nl\/wp-content\/uploads\/2024\/02\/TN-350186BL.png\",\"datePublished\":\"2024-02-20T14:39:53+00:00\",\"dateModified\":\"2026-04-14T21:01:48+00:00\",\"description\":\"Gylle lens oranje Black-Line - SMOKE lampglas - geschikt voor rubber breedtepaal van Gylle, Horpol, WAS en Strands - diverse kleuren beschikbaar\",\"breadcrumb\":{\"@id\":\"https:\/\/truckned.nl\/product\/gylle-lens-oranje-black-line\/#breadcrumb\"},\"inLanguage\":\"de\",\"potentialAction\":[{\"@type\":\"ReadAction\",\"target\":[\"https:\/\/truckned.nl\/product\/gylle-lens-oranje-black-line\/\"]}]},{\"@type\":\"ImageObject\",\"inLanguage\":\"de\",\"@id\":\"https:\/\/truckned.nl\/product\/gylle-lens-oranje-black-line\/#primaryimage\",\"url\":\"https:\/\/truckned.nl\/wp-content\/uploads\/2024\/02\/TN-350186BL.png\",\"contentUrl\":\"https:\/\/truckned.nl\/wp-content\/uploads\/2024\/02\/TN-350186BL.png\",\"width\":800,\"height\":800,\"caption\":\"Gylle lens oranje - BLACK-LINE - los lampglas voor de Deense breedtelamp - max r5w lamp onder het glaasje steken - geschikt voor de rubber breedtelamp van het Zweedse merk Gylle - past ook in Horpol, WAS en Strands breedtelamp\"},{\"@type\":\"BreadcrumbList\",\"@id\":\"https:\/\/truckned.nl\/product\/gylle-lens-oranje-black-line\/#breadcrumb\",\"itemListElement\":[{\"@type\":\"ListItem\",\"position\":1,\"name\":\"Home\",\"item\":\"https:\/\/truckned.nl\/\"},{\"@type\":\"ListItem\",\"position\":2,\"name\":\"Shop\",\"item\":\"https:\/\/truckned.nl\/nl\/shop\/\"},{\"@type\":\"ListItem\",\"position\":3,\"name\":\"Verlichting\",\"item\":\"https:\/\/truckned.nl\/de\/produkt-kategorie\/verlichting\/\"},{\"@type\":\"ListItem\",\"position\":4,\"name\":\"Breedteverlichting\",\"item\":\"https:\/\/truckned.nl\/de\/produkt-kategorie\/verlichting\/verlichting-breedteverlichting\/\"},{\"@type\":\"ListItem\",\"position\":5,\"name\":\"Gylle lens oranje Black-Line\"}]},{\"@type\":\"WebSite\",\"@id\":\"https:\/\/truckned.nl\/nl\/#website\",\"url\":\"https:\/\/truckned.nl\/nl\/\",\"name\":\"Truckned\",\"description\":\"\",\"publisher\":{\"@id\":\"https:\/\/truckned.nl\/nl\/#organization\"},\"potentialAction\":[{\"@type\":\"SearchAction\",\"target\":{\"@type\":\"EntryPoint\",\"urlTemplate\":\"https:\/\/truckned.nl\/nl\/?s={search_term_string}\"},\"query-input\":{\"@type\":\"PropertyValueSpecification\",\"valueRequired\":true,\"valueName\":\"search_term_string\"}}],\"inLanguage\":\"de\"},{\"@type\":\"Organization\",\"@id\":\"https:\/\/truckned.nl\/nl\/#organization\",\"name\":\"Truckned\",\"url\":\"https:\/\/truckned.nl\/nl\/\",\"logo\":{\"@type\":\"ImageObject\",\"inLanguage\":\"de\",\"@id\":\"https:\/\/truckned.nl\/nl\/#\/schema\/logo\/image\/\",\"url\":\"https:\/\/truckned.nl\/wp-content\/uploads\/2022\/10\/800x800-Truckned-logo-zonder-tekst-ZWART.png\",\"contentUrl\":\"https:\/\/truckned.nl\/wp-content\/uploads\/2022\/10\/800x800-Truckned-logo-zonder-tekst-ZWART.png\",\"width\":801,\"height\":801,\"caption\":\"Truckned\"},\"image\":{\"@id\":\"https:\/\/truckned.nl\/nl\/#\/schema\/logo\/image\/\"},\"sameAs\":[\"https:\/\/www.facebook.com\/truckned\/\",\"https:\/\/www.instagram.com\/truckned\/\"],\"vatID\":\"NL863960509B01\",\"taxID\":\"86417487\",\"hasMerchantReturnPolicy\":{\"@type\":\"MerchantReturnPolicy\",\"merchantReturnLink\":\"https:\/\/truckned.nl\/de\/versand-rucksendungen\/\"}}]}<\/script>\n<meta property=\"product:brand\" content=\"Gylle\" \/>\n<meta property=\"product:price:amount\" content=\"2.00\" \/>\n<meta property=\"product:price:currency\" content=\"EUR\" \/>\n<meta property=\"og:availability\" content=\"instock\" \/>\n<meta property=\"product:availability\" content=\"instock\" \/>\n<meta property=\"product:retailer_item_id\" content=\"TN-350186BL\" \/>\n<meta property=\"product:condition\" content=\"new\" \/>\n<!-- \/ Yoast SEO Premium plugin. -->","yoast_head_json":{"title":"Gylle Linse orange Black-Line - Truckned - Breite Lampe f\u00fcr LKW und Anh\u00e4nger","description":"Gylle Linse orange Black-Line \u2013 SMOKE Lampenglas \u2013 passend f\u00fcr Gummipfosten von Gylle, Horpol, WAS und Strands \u2013 verschiedene Farben erh\u00e4ltlich","robots":{"index":"index","follow":"follow","max-snippet":"max-snippet:-1","max-image-preview":"max-image-preview:large","max-video-preview":"max-video-preview:-1"},"canonical":"https:\/\/truckned.nl\/de\/produkt\/gylle-lens-oranje-black-line\/","og_locale":"de_DE","og_type":"article","og_title":"Gylle lens oranje Black-Line - Truckned - breedtelamp voor truck en trailer","og_description":"Gylle lens oranje Black-Line - SMOKE lampglas - geschikt voor rubber breedtepaal van Gylle, Horpol, WAS en Strands - diverse kleuren beschikbaar","og_url":"https:\/\/truckned.nl\/de\/produkt\/gylle-lens-oranje-black-line\/","og_site_name":"Truckned","article_publisher":"https:\/\/www.facebook.com\/truckned\/","article_modified_time":"2026-04-14T21:01:48+00:00","og_image":[{"width":800,"height":800,"url":"https:\/\/truckned.nl\/wp-content\/uploads\/2024\/02\/TN-350186BL-01.png","type":"image\/png"}],"twitter_misc":{"Preis":"&euro;2,00","Verf\u00fcgbarkeit":"Auf Lager"},"schema":{"@context":"https:\/\/schema.org","@graph":[{"@type":["WebPage","ItemPage"],"@id":"https:\/\/truckned.nl\/product\/gylle-lens-oranje-black-line\/","url":"https:\/\/truckned.nl\/product\/gylle-lens-oranje-black-line\/","name":"Gylle Linse orange Black-Line - Truckned - Breite Lampe f\u00fcr LKW und Anh\u00e4nger","isPartOf":{"@id":"https:\/\/truckned.nl\/nl\/#website"},"primaryImageOfPage":{"@id":"https:\/\/truckned.nl\/product\/gylle-lens-oranje-black-line\/#primaryimage"},"image":{"@id":"https:\/\/truckned.nl\/product\/gylle-lens-oranje-black-line\/#primaryimage"},"thumbnailUrl":"https:\/\/truckned.nl\/wp-content\/uploads\/2024\/02\/TN-350186BL.png","datePublished":"2024-02-20T14:39:53+00:00","dateModified":"2026-04-14T21:01:48+00:00","description":"Gylle Linse orange Black-Line \u2013 SMOKE Lampenglas \u2013 passend f\u00fcr Gummipfosten von Gylle, Horpol, WAS und Strands \u2013 verschiedene Farben erh\u00e4ltlich","breadcrumb":{"@id":"https:\/\/truckned.nl\/product\/gylle-lens-oranje-black-line\/#breadcrumb"},"inLanguage":"de","potentialAction":[{"@type":"ReadAction","target":["https:\/\/truckned.nl\/product\/gylle-lens-oranje-black-line\/"]}]},{"@type":"ImageObject","inLanguage":"de","@id":"https:\/\/truckned.nl\/product\/gylle-lens-oranje-black-line\/#primaryimage","url":"https:\/\/truckned.nl\/wp-content\/uploads\/2024\/02\/TN-350186BL.png","contentUrl":"https:\/\/truckned.nl\/wp-content\/uploads\/2024\/02\/TN-350186BL.png","width":800,"height":800,"caption":"Gylle lens oranje - BLACK-LINE - los lampglas voor de Deense breedtelamp - max r5w lamp onder het glaasje steken - geschikt voor de rubber breedtelamp van het Zweedse merk Gylle - past ook in Horpol, WAS en Strands breedtelamp"},{"@type":"BreadcrumbList","@id":"https:\/\/truckned.nl\/product\/gylle-lens-oranje-black-line\/#breadcrumb","itemListElement":[{"@type":"ListItem","position":1,"name":"Home","item":"https:\/\/truckned.nl\/"},{"@type":"ListItem","position":2,"name":"Shop","item":"https:\/\/truckned.nl\/nl\/shop\/"},{"@type":"ListItem","position":3,"name":"Verlichting","item":"https:\/\/truckned.nl\/de\/produkt-kategorie\/verlichting\/"},{"@type":"ListItem","position":4,"name":"Breedteverlichting","item":"https:\/\/truckned.nl\/de\/produkt-kategorie\/verlichting\/verlichting-breedteverlichting\/"},{"@type":"ListItem","position":5,"name":"Gylle lens oranje Black-Line"}]},{"@type":"WebSite","@id":"https:\/\/truckned.nl\/nl\/#website","url":"https:\/\/truckned.nl\/nl\/","name":"Truckned","description":"","publisher":{"@id":"https:\/\/truckned.nl\/nl\/#organization"},"potentialAction":[{"@type":"SearchAction","target":{"@type":"EntryPoint","urlTemplate":"https:\/\/truckned.nl\/nl\/?s={search_term_string}"},"query-input":{"@type":"PropertyValueSpecification","valueRequired":true,"valueName":"search_term_string"}}],"inLanguage":"de"},{"@type":"Organization","@id":"https:\/\/truckned.nl\/nl\/#organization","name":"Truckned","url":"https:\/\/truckned.nl\/nl\/","logo":{"@type":"ImageObject","inLanguage":"de","@id":"https:\/\/truckned.nl\/nl\/#\/schema\/logo\/image\/","url":"https:\/\/truckned.nl\/wp-content\/uploads\/2022\/10\/800x800-Truckned-logo-zonder-tekst-ZWART.png","contentUrl":"https:\/\/truckned.nl\/wp-content\/uploads\/2022\/10\/800x800-Truckned-logo-zonder-tekst-ZWART.png","width":801,"height":801,"caption":"Truckned"},"image":{"@id":"https:\/\/truckned.nl\/nl\/#\/schema\/logo\/image\/"},"sameAs":["https:\/\/www.facebook.com\/truckned\/","https:\/\/www.instagram.com\/truckned\/"],"vatID":"NL863960509B01","taxID":"86417487","hasMerchantReturnPolicy":{"@type":"MerchantReturnPolicy","merchantReturnLink":"https:\/\/truckned.nl\/de\/versand-rucksendungen\/"}}]},"product_brand":"Gylle","product_price_amount":"2.00","product_price_currency":"EUR","og_availability":"instock","product_availability":"instock","product_retailer_item_id":"TN-350186BL","product_condition":"new"},"_links":{"self":[{"href":"https:\/\/truckned.nl\/de\/wp-json\/wp\/v2\/product\/29269","targetHints":{"allow":["GET"]}}],"collection":[{"href":"https:\/\/truckned.nl\/de\/wp-json\/wp\/v2\/product"}],"about":[{"href":"https:\/\/truckned.nl\/de\/wp-json\/wp\/v2\/types\/product"}],"replies":[{"embeddable":true,"href":"https:\/\/truckned.nl\/de\/wp-json\/wp\/v2\/comments?post=29269"}],"wp:featuredmedia":[{"embeddable":true,"href":"https:\/\/truckned.nl\/de\/wp-json\/wp\/v2\/media\/29319"}],"wp:attachment":[{"href":"https:\/\/truckned.nl\/de\/wp-json\/wp\/v2\/media?parent=29269"}],"wp:term":[{"taxonomy":"product_brand","embeddable":true,"href":"https:\/\/truckned.nl\/de\/wp-json\/wp\/v2\/product_brand?post=29269"},{"taxonomy":"product_cat","embeddable":true,"href":"https:\/\/truckned.nl\/de\/wp-json\/wp\/v2\/product_cat?post=29269"},{"taxonomy":"product_tag","embeddable":true,"href":"https:\/\/truckned.nl\/de\/wp-json\/wp\/v2\/product_tag?post=29269"}],"curies":[{"name":"wp","href":"https:\/\/api.w.org\/{rel}","templated":true}]}}