{"id":29386,"date":"2024-02-22T16:10:10","date_gmt":"2024-02-22T15:10:10","guid":{"rendered":"https:\/\/truckned.nl\/?post_type=product&#038;p=29386"},"modified":"2026-03-14T10:42:18","modified_gmt":"2026-03-14T09:42:18","slug":"strands-siberia-next-level-38","status":"publish","type":"product","link":"https:\/\/truckned.nl\/de\/produkt\/strands-siberia-next-level-38\/","title":{"rendered":"Strands Siberia Next Level 38 Zoll"},"content":{"rendered":"<p><span style=\"color: #000000;\"><strong>Strands Siberia Next Level 38 Zoll LED Arbeitsscheinwerfer mit standlicht.\u00a0<\/strong><\/span><\/p>\n<p><span style=\"color: #000000;\">Sie m\u00f6chten Ihr Fahrzeug, Ihren Anh\u00e4nger oder Ihre Maschine mit einer extrem hellen LED-Lampe ausr\u00fcsten? Und m\u00f6chten Sie dazu auch einen dreifarbigen standlicht? Vielleicht ist die Arbeitslampe Strands Siberia Next Level 38 Zoll LED die Lampe, die Sie suchen. Die LED-Lampe ist mit 96 extrem hellen LED-Punkten ausgestattet und erzeugt theoretisch 57.600 Lumen. Der kleine LED bar mit standlicht arbeitet mit 12 und 24 Volt. Das bedeutet, dass Sie die LED-Lampe beispielsweise an einem PKW, LKW, Anh\u00e4nger, Traktor oder einem anderen Fahrzeugtyp montieren k\u00f6nnen.\u00a0<\/span><\/p>\n<h5><span style=\"color: #000000;\"><strong>Abmessungen:<\/strong><\/span><\/h5>\n<p><span style=\"color: #000000;\">Denn vor dem Kauf m\u00f6chten Sie sicher sein, ob die gr\u00f6\u00dfte Version LED bar dorthin passt, wo Sie sie montieren m\u00f6chten. Nachfolgend haben wir die Abmessungen der LED-Arbeitsleuchte mit dreifarbigem standlicht notiert. Die Abmessungen des Arbeitsscheinwerfers Strands Siberia Next Level LED sind wie folgt.\u00a0<\/span><\/p>\n<ul>\n<li><span style=\"color: #000000;\">H\u00f6he: 76 mm (89 mm einschlie\u00dflich Montage)<\/span><\/li>\n<li><span style=\"color: #000000;\">Breite: 952 mm<\/span><\/li>\n<li><span style=\"color: #000000;\">Dicke: 54,2 mm<\/span><\/li>\n<\/ul>\n<h5><span style=\"color: #000000;\"><strong>Andere Versionen:\u00a0<\/strong><\/span><\/h5>\n<p><span style=\"color: #000000;\">Sie planen den Einbau eines LED Arbeitsscheinwerfers mit standlicht der Marke Strands in Ihr Fahrzeug? Aber ist die Arbeitslampe Strands Siberia Next Level 38 Zoll LED nicht die Lampe, die Sie suchen? Dann wissen Sie, dass f\u00fcr Strands auch der Next Level in den folgenden Abmessungen erh\u00e4ltlich ist.\u00a0<\/span><\/p>\n<ul>\n<li><span style=\"color: #000000;\"><a style=\"color: #000000;\" href=\"https:\/\/truckned.nl\/de\/produkt\/strands-siberia-next-level-6\/\"><strong>Next Level 6 Zoll\u00a0<\/strong><\/a><\/span><\/li>\n<li><span style=\"color: #000000;\"><a style=\"color: #000000;\" href=\"https:\/\/truckned.nl\/de\/produkt\/strands-siberia-next-level-11\/\"><strong>Next Level 11 Zoll\u00a0<\/strong><\/a><\/span><\/li>\n<\/ul>\n<p><span style=\"color: #000000;\">Sind Sie immer noch der Meinung, dass die gr\u00f6\u00dfte Gr\u00f6\u00dfe Strands Siberia Next Level nicht die Lampe ist, die Sie suchen? Einfach, weil die Lichtleistung, Wattzahl oder Form nicht Ihren W\u00fcnschen entspricht? Dann sehen Sie sich hier das komplette Sortiment an <a style=\"color: #000000;\" href=\"https:\/\/truckned.nl\/de\/merk\/produkt-strands-beleuchtungsabteilung\/\" target=\"_blank\" rel=\"noopener\">Strands<\/a>.<\/span><\/p>","protected":false},"excerpt":{"rendered":"<p>Strands Siberia Next Level 38-Zoll-Arbeitsleuchte LED mit standlicht. M\u00f6chten Sie Ihr Fahrzeug, Ihren Anh\u00e4nger oder Ihre Maschine mit einer extrem hellen LED-Leuchte ausstatten? Und m\u00f6chten Sie auch eine dreifarbige standlicht? Dann k\u00f6nnte die Strands Siberia Next Level 38-Zoll-Arbeitsleuchte LED genau das Richtige f\u00fcr Sie sein. Die LED [\u2026]<\/p>","protected":false},"featured_media":29422,"comment_status":"open","ping_status":"closed","template":"","meta":{"_acf_changed":false,"site-sidebar-layout":"default","site-content-layout":"default","ast-site-content-layout":"default","site-content-style":"default","site-sidebar-style":"default","ast-global-header-display":"","ast-banner-title-visibility":"","ast-main-header-display":"","ast-hfb-above-header-display":"","ast-hfb-below-header-display":"","ast-hfb-mobile-header-display":"","site-post-title":"","ast-breadcrumbs-content":"","ast-featured-img":"","footer-sml-layout":"","ast-disable-related-posts":"","theme-transparent-header-meta":"default","adv-header-id-meta":"","stick-header-meta":"","header-above-stick-meta":"","header-main-stick-meta":"","header-below-stick-meta":"","astra-migrate-meta-layouts":"set","ast-page-background-enabled":"default","ast-page-background-meta":{"desktop":{"background-color":"","background-image":"","background-repeat":"repeat","background-position":"center center","background-size":"auto","background-attachment":"scroll","background-type":"","background-media":"","overlay-type":"","overlay-color":"","overlay-opacity":"","overlay-gradient":""},"tablet":{"background-color":"","background-image":"","background-repeat":"repeat","background-position":"center center","background-size":"auto","background-attachment":"scroll","background-type":"","background-media":"","overlay-type":"","overlay-color":"","overlay-opacity":"","overlay-gradient":""},"mobile":{"background-color":"","background-image":"","background-repeat":"repeat","background-position":"center center","background-size":"auto","background-attachment":"scroll","background-type":"","background-media":"","overlay-type":"","overlay-color":"","overlay-opacity":"","overlay-gradient":""}},"ast-content-background-meta":{"desktop":{"background-color":"var(--ast-global-color-5)","background-image":"","background-repeat":"repeat","background-position":"center center","background-size":"auto","background-attachment":"scroll","background-type":"","background-media":"","overlay-type":"","overlay-color":"","overlay-opacity":"","overlay-gradient":""},"tablet":{"background-color":"var(--ast-global-color-5)","background-image":"","background-repeat":"repeat","background-position":"center center","background-size":"auto","background-attachment":"scroll","background-type":"","background-media":"","overlay-type":"","overlay-color":"","overlay-opacity":"","overlay-gradient":""},"mobile":{"background-color":"var(--ast-global-color-5)","background-image":"","background-repeat":"repeat","background-position":"center center","background-size":"auto","background-attachment":"scroll","background-type":"","background-media":"","overlay-type":"","overlay-color":"","overlay-opacity":"","overlay-gradient":""}}},"product_brand":[],"product_cat":[7908],"product_tag":[],"class_list":{"0":"post-29386","1":"product","2":"type-product","3":"status-publish","4":"has-post-thumbnail","6":"product_cat-led-bar","7":"pa_merkk-product-strands-lighting-division","8":"desktop-align-left","9":"tablet-align-left","10":"mobile-align-left","12":"first","13":"instock","14":"taxable","15":"shipping-taxable","16":"purchasable","17":"product-type-simple"},"acf":[],"yoast_head":"<!-- This site is optimized with the Yoast SEO Premium plugin v26.5 (Yoast SEO v26.5) - https:\/\/yoast.com\/wordpress\/plugins\/seo\/ -->\n<title>Strands Siberia Next Level 38 inch - Truckned - werklamp met standlicht<\/title>\n<meta name=\"description\" content=\"Strands Siberia Next Level 38 inch - grote werklamp met 3-kleuren standlicht - geschikt voor 12 &amp; 24 volt - 1 LUX @ 158m - lichtopbrengst: 57.600 Lumen\" \/>\n<meta name=\"robots\" content=\"index, follow, max-snippet:-1, max-image-preview:large, max-video-preview:-1\" \/>\n<link rel=\"canonical\" href=\"https:\/\/truckned.nl\/de\/produkt\/strands-siberia-next-level-38\/\" \/>\n<meta property=\"og:locale\" content=\"de_DE\" \/>\n<meta property=\"og:type\" content=\"article\" \/>\n<meta property=\"og:title\" content=\"Strands Siberia Next Level 38 inch - Truckned - werklamp met standlicht\" \/>\n<meta property=\"og:description\" content=\"Strands Siberia Next Level 38 inch - grote werklamp met 3-kleuren standlicht - geschikt voor 12 &amp; 24 volt - 1 LUX @ 158m - lichtopbrengst: 57.600 Lumen\" \/>\n<meta property=\"og:url\" content=\"https:\/\/truckned.nl\/de\/produkt\/strands-siberia-next-level-38\/\" \/>\n<meta property=\"og:site_name\" content=\"Truckned\" \/>\n<meta property=\"article:publisher\" content=\"https:\/\/www.facebook.com\/truckned\/\" \/>\n<meta property=\"article:modified_time\" content=\"2026-03-14T09:42:18+00:00\" \/>\n<meta property=\"og:image\" content=\"https:\/\/truckned.nl\/wp-content\/uploads\/2024\/03\/TN-809223-08.png\" \/>\n\t<meta property=\"og:image:width\" content=\"800\" \/>\n\t<meta property=\"og:image:height\" content=\"800\" \/>\n\t<meta property=\"og:image:type\" content=\"image\/png\" \/>\n<meta name=\"twitter:label1\" content=\"Preis\" \/>\n\t<meta name=\"twitter:data1\" content=\"&euro;529,00\" \/>\n\t<meta name=\"twitter:label2\" content=\"Verf\u00fcgbarkeit\" \/>\n\t<meta name=\"twitter:data2\" content=\"Auf Lager\" \/>\n<script type=\"application\/ld+json\" class=\"yoast-schema-graph\">{\"@context\":\"https:\/\/schema.org\",\"@graph\":[{\"@type\":[\"WebPage\",\"ItemPage\"],\"@id\":\"https:\/\/truckned.nl\/product\/strands-siberia-next-level-38\/\",\"url\":\"https:\/\/truckned.nl\/product\/strands-siberia-next-level-38\/\",\"name\":\"Strands Siberia Next Level 38 inch - Truckned - werklamp met standlicht\",\"isPartOf\":{\"@id\":\"https:\/\/truckned.nl\/nl\/#website\"},\"primaryImageOfPage\":{\"@id\":\"https:\/\/truckned.nl\/product\/strands-siberia-next-level-38\/#primaryimage\"},\"image\":{\"@id\":\"https:\/\/truckned.nl\/product\/strands-siberia-next-level-38\/#primaryimage\"},\"thumbnailUrl\":\"https:\/\/truckned.nl\/wp-content\/uploads\/2024\/03\/TN-809223.png\",\"datePublished\":\"2024-02-22T15:10:10+00:00\",\"dateModified\":\"2026-03-14T09:42:18+00:00\",\"description\":\"Strands Siberia Next Level 38 inch - grote werklamp met 3-kleuren standlicht - geschikt voor 12 & 24 volt - 1 LUX @ 158m - lichtopbrengst: 57.600 Lumen\",\"breadcrumb\":{\"@id\":\"https:\/\/truckned.nl\/product\/strands-siberia-next-level-38\/#breadcrumb\"},\"inLanguage\":\"de\",\"potentialAction\":[{\"@type\":\"ReadAction\",\"target\":[\"https:\/\/truckned.nl\/product\/strands-siberia-next-level-38\/\"]}]},{\"@type\":\"ImageObject\",\"inLanguage\":\"de\",\"@id\":\"https:\/\/truckned.nl\/product\/strands-siberia-next-level-38\/#primaryimage\",\"url\":\"https:\/\/truckned.nl\/wp-content\/uploads\/2024\/03\/TN-809223.png\",\"contentUrl\":\"https:\/\/truckned.nl\/wp-content\/uploads\/2024\/03\/TN-809223.png\",\"width\":800,\"height\":800,\"caption\":\"Strands Next Level LED werklamp 38 inch - werklamp met drie kleuren standlicht - Strands 809223 - werklamp voor 12 en 24 volt - EAN: 7350133811411\"},{\"@type\":\"BreadcrumbList\",\"@id\":\"https:\/\/truckned.nl\/product\/strands-siberia-next-level-38\/#breadcrumb\",\"itemListElement\":[{\"@type\":\"ListItem\",\"position\":1,\"name\":\"Home\",\"item\":\"https:\/\/truckned.nl\/\"},{\"@type\":\"ListItem\",\"position\":2,\"name\":\"Shop\",\"item\":\"https:\/\/truckned.nl\/nl\/shop\/\"},{\"@type\":\"ListItem\",\"position\":3,\"name\":\"Verstralers\",\"item\":\"https:\/\/truckned.nl\/product-categorie\/verstralers\/\"},{\"@type\":\"ListItem\",\"position\":4,\"name\":\"LED bar\",\"item\":\"https:\/\/truckned.nl\/product-categorie\/verstralers\/led-bar\/\"},{\"@type\":\"ListItem\",\"position\":5,\"name\":\"Strands Siberia Next Level 38 inch\"}]},{\"@type\":\"WebSite\",\"@id\":\"https:\/\/truckned.nl\/nl\/#website\",\"url\":\"https:\/\/truckned.nl\/nl\/\",\"name\":\"Truckned\",\"description\":\"\",\"publisher\":{\"@id\":\"https:\/\/truckned.nl\/nl\/#organization\"},\"potentialAction\":[{\"@type\":\"SearchAction\",\"target\":{\"@type\":\"EntryPoint\",\"urlTemplate\":\"https:\/\/truckned.nl\/nl\/?s={search_term_string}\"},\"query-input\":{\"@type\":\"PropertyValueSpecification\",\"valueRequired\":true,\"valueName\":\"search_term_string\"}}],\"inLanguage\":\"de\"},{\"@type\":\"Organization\",\"@id\":\"https:\/\/truckned.nl\/nl\/#organization\",\"name\":\"Truckned\",\"url\":\"https:\/\/truckned.nl\/nl\/\",\"logo\":{\"@type\":\"ImageObject\",\"inLanguage\":\"de\",\"@id\":\"https:\/\/truckned.nl\/nl\/#\/schema\/logo\/image\/\",\"url\":\"https:\/\/truckned.nl\/wp-content\/uploads\/2022\/10\/800x800-Truckned-logo-zonder-tekst-ZWART.png\",\"contentUrl\":\"https:\/\/truckned.nl\/wp-content\/uploads\/2022\/10\/800x800-Truckned-logo-zonder-tekst-ZWART.png\",\"width\":801,\"height\":801,\"caption\":\"Truckned\"},\"image\":{\"@id\":\"https:\/\/truckned.nl\/nl\/#\/schema\/logo\/image\/\"},\"sameAs\":[\"https:\/\/www.facebook.com\/truckned\/\",\"https:\/\/www.instagram.com\/truckned\/\"],\"vatID\":\"NL863960509B01\",\"taxID\":\"86417487\",\"hasMerchantReturnPolicy\":{\"@type\":\"MerchantReturnPolicy\",\"merchantReturnLink\":\"https:\/\/truckned.nl\/de\/versand-rucksendungen\/\"}}]}<\/script>\n<meta property=\"product:brand\" content=\"Strands\" \/>\n<meta property=\"product:price:amount\" content=\"529.00\" \/>\n<meta property=\"product:price:currency\" content=\"EUR\" \/>\n<meta property=\"og:availability\" content=\"instock\" \/>\n<meta property=\"product:availability\" content=\"instock\" \/>\n<meta property=\"product:retailer_item_id\" content=\"TN-809223\" \/>\n<meta property=\"product:condition\" content=\"new\" \/>\n<!-- \/ Yoast SEO Premium plugin. -->","yoast_head_json":{"title":"Strands Siberia Next Level 38 Zoll - Truckned - Arbeitsleuchte mit standlicht","description":"Strands Siberia Next Level 38 Zoll \u2013 gro\u00dfe Arbeitsleuchte mit 3 Farben standlicht \u2013 geeignet f\u00fcr 12 und 24 Volt \u2013 1 LUX @ 158 m \u2013 Lichtleistung: 57.600 Lumen","robots":{"index":"index","follow":"follow","max-snippet":"max-snippet:-1","max-image-preview":"max-image-preview:large","max-video-preview":"max-video-preview:-1"},"canonical":"https:\/\/truckned.nl\/de\/produkt\/strands-siberia-next-level-38\/","og_locale":"de_DE","og_type":"article","og_title":"Strands Siberia Next Level 38 inch - Truckned - werklamp met standlicht","og_description":"Strands Siberia Next Level 38 inch - grote werklamp met 3-kleuren standlicht - geschikt voor 12 & 24 volt - 1 LUX @ 158m - lichtopbrengst: 57.600 Lumen","og_url":"https:\/\/truckned.nl\/de\/produkt\/strands-siberia-next-level-38\/","og_site_name":"Truckned","article_publisher":"https:\/\/www.facebook.com\/truckned\/","article_modified_time":"2026-03-14T09:42:18+00:00","og_image":[{"width":800,"height":800,"url":"https:\/\/truckned.nl\/wp-content\/uploads\/2024\/03\/TN-809223-08.png","type":"image\/png"}],"twitter_misc":{"Preis":"&euro;529,00","Verf\u00fcgbarkeit":"Auf Lager"},"schema":{"@context":"https:\/\/schema.org","@graph":[{"@type":["WebPage","ItemPage"],"@id":"https:\/\/truckned.nl\/product\/strands-siberia-next-level-38\/","url":"https:\/\/truckned.nl\/product\/strands-siberia-next-level-38\/","name":"Strands Siberia Next Level 38 Zoll - Truckned - Arbeitsleuchte mit standlicht","isPartOf":{"@id":"https:\/\/truckned.nl\/nl\/#website"},"primaryImageOfPage":{"@id":"https:\/\/truckned.nl\/product\/strands-siberia-next-level-38\/#primaryimage"},"image":{"@id":"https:\/\/truckned.nl\/product\/strands-siberia-next-level-38\/#primaryimage"},"thumbnailUrl":"https:\/\/truckned.nl\/wp-content\/uploads\/2024\/03\/TN-809223.png","datePublished":"2024-02-22T15:10:10+00:00","dateModified":"2026-03-14T09:42:18+00:00","description":"Strands Siberia Next Level 38 Zoll \u2013 gro\u00dfe Arbeitsleuchte mit 3 Farben standlicht \u2013 geeignet f\u00fcr 12 und 24 Volt \u2013 1 LUX @ 158 m \u2013 Lichtleistung: 57.600 Lumen","breadcrumb":{"@id":"https:\/\/truckned.nl\/product\/strands-siberia-next-level-38\/#breadcrumb"},"inLanguage":"de","potentialAction":[{"@type":"ReadAction","target":["https:\/\/truckned.nl\/product\/strands-siberia-next-level-38\/"]}]},{"@type":"ImageObject","inLanguage":"de","@id":"https:\/\/truckned.nl\/product\/strands-siberia-next-level-38\/#primaryimage","url":"https:\/\/truckned.nl\/wp-content\/uploads\/2024\/03\/TN-809223.png","contentUrl":"https:\/\/truckned.nl\/wp-content\/uploads\/2024\/03\/TN-809223.png","width":800,"height":800,"caption":"Strands Next Level LED werklamp 38 inch - werklamp met drie kleuren standlicht - Strands 809223 - werklamp voor 12 en 24 volt - EAN: 7350133811411"},{"@type":"BreadcrumbList","@id":"https:\/\/truckned.nl\/product\/strands-siberia-next-level-38\/#breadcrumb","itemListElement":[{"@type":"ListItem","position":1,"name":"Home","item":"https:\/\/truckned.nl\/"},{"@type":"ListItem","position":2,"name":"Shop","item":"https:\/\/truckned.nl\/nl\/shop\/"},{"@type":"ListItem","position":3,"name":"Verstralers","item":"https:\/\/truckned.nl\/product-categorie\/verstralers\/"},{"@type":"ListItem","position":4,"name":"LED bar","item":"https:\/\/truckned.nl\/product-categorie\/verstralers\/led-bar\/"},{"@type":"ListItem","position":5,"name":"Strands Siberia Next Level 38 inch"}]},{"@type":"WebSite","@id":"https:\/\/truckned.nl\/nl\/#website","url":"https:\/\/truckned.nl\/nl\/","name":"Truckned","description":"","publisher":{"@id":"https:\/\/truckned.nl\/nl\/#organization"},"potentialAction":[{"@type":"SearchAction","target":{"@type":"EntryPoint","urlTemplate":"https:\/\/truckned.nl\/nl\/?s={search_term_string}"},"query-input":{"@type":"PropertyValueSpecification","valueRequired":true,"valueName":"search_term_string"}}],"inLanguage":"de"},{"@type":"Organization","@id":"https:\/\/truckned.nl\/nl\/#organization","name":"Truckned","url":"https:\/\/truckned.nl\/nl\/","logo":{"@type":"ImageObject","inLanguage":"de","@id":"https:\/\/truckned.nl\/nl\/#\/schema\/logo\/image\/","url":"https:\/\/truckned.nl\/wp-content\/uploads\/2022\/10\/800x800-Truckned-logo-zonder-tekst-ZWART.png","contentUrl":"https:\/\/truckned.nl\/wp-content\/uploads\/2022\/10\/800x800-Truckned-logo-zonder-tekst-ZWART.png","width":801,"height":801,"caption":"Truckned"},"image":{"@id":"https:\/\/truckned.nl\/nl\/#\/schema\/logo\/image\/"},"sameAs":["https:\/\/www.facebook.com\/truckned\/","https:\/\/www.instagram.com\/truckned\/"],"vatID":"NL863960509B01","taxID":"86417487","hasMerchantReturnPolicy":{"@type":"MerchantReturnPolicy","merchantReturnLink":"https:\/\/truckned.nl\/de\/versand-rucksendungen\/"}}]},"product_brand":"Strands","product_price_amount":"529.00","product_price_currency":"EUR","og_availability":"instock","product_availability":"instock","product_retailer_item_id":"TN-809223","product_condition":"new"},"_links":{"self":[{"href":"https:\/\/truckned.nl\/de\/wp-json\/wp\/v2\/product\/29386","targetHints":{"allow":["GET"]}}],"collection":[{"href":"https:\/\/truckned.nl\/de\/wp-json\/wp\/v2\/product"}],"about":[{"href":"https:\/\/truckned.nl\/de\/wp-json\/wp\/v2\/types\/product"}],"replies":[{"embeddable":true,"href":"https:\/\/truckned.nl\/de\/wp-json\/wp\/v2\/comments?post=29386"}],"wp:featuredmedia":[{"embeddable":true,"href":"https:\/\/truckned.nl\/de\/wp-json\/wp\/v2\/media\/29422"}],"wp:attachment":[{"href":"https:\/\/truckned.nl\/de\/wp-json\/wp\/v2\/media?parent=29386"}],"wp:term":[{"taxonomy":"product_brand","embeddable":true,"href":"https:\/\/truckned.nl\/de\/wp-json\/wp\/v2\/product_brand?post=29386"},{"taxonomy":"product_cat","embeddable":true,"href":"https:\/\/truckned.nl\/de\/wp-json\/wp\/v2\/product_cat?post=29386"},{"taxonomy":"product_tag","embeddable":true,"href":"https:\/\/truckned.nl\/de\/wp-json\/wp\/v2\/product_tag?post=29386"}],"curies":[{"name":"wp","href":"https:\/\/api.w.org\/{rel}","templated":true}]}}