{"id":29521,"date":"2024-04-02T19:17:42","date_gmt":"2024-04-02T18:17:42","guid":{"rendered":"https:\/\/truckned.nl\/?post_type=product&#038;p=29521"},"modified":"2025-03-14T09:56:26","modified_gmt":"2025-03-14T08:56:26","slug":"purepower-sinus-omvormer-3000w-12v","status":"publish","type":"product","link":"https:\/\/truckned.nl\/de\/produkt\/purepower-sinus-omvormer-3000w-12v\/","title":{"rendered":"Purepower Spannungswandler reiner Sinus 3000w - 12v"},"content":{"rendered":"<p><span style=\"color: #000000;\"><b>Purepower Spannungswandler reiner Sinus 3000w - 12v.\u00a0<\/b><\/span><\/p>\n<p><span style=\"color: #000000;\">M\u00f6chten Sie w\u00e4hrend der Fahrt, beim Segeln oder im Stillstand in Ihrem Auto, Wohnmobil, Wohnwagen oder Boot weiterhin Ger\u00e4te nutzen, die normalerweise 230 V Netzspannung ben\u00f6tigen? Aber Sie wissen nicht, wie Sie das erreichen k\u00f6nnen? Vielleicht k\u00f6nnen Sie den reinen Sinus-Wechselrichter 3000 W \u2013 12 V von Medium Purepower verwenden. Der 12V-auf-230V-Wechselrichter ist mit zwei europ\u00e4ischen VDE-Anschl\u00fcssen ausgestattet, sodass Sie verschiedene Ger\u00e4te an den Wechselrichter anschlie\u00dfen k\u00f6nnen. Bitte beachten Sie, dass der Leistungsbedarf des elektronischen Ger\u00e4ts 3000 W nicht \u00fcberschreitet.<\/span><\/p>\n<p><span style=\"color: #000000;\">Denn vor dem Kauf m\u00f6chten Sie wissen, ob der Purepower Sinus-Wechselrichter 3000 W f\u00fcr den 12-V-Betrieb das Richtige f\u00fcr Sie ist. Nachfolgend haben wir einige Spezifikationen dieses Artikels aufgeschrieben. Der reine Sinus-Wechselrichter verf\u00fcgt \u00fcber Unterspannungsschutz, \u00dcberspannungsschutz, Temperaturschutz, Ausgangskurzschlussschutz und \u00dcberlastschutz. Diese Schutzfunktionen werden automatisch zur\u00fcckgesetzt, sodass Sie sich nicht selbst darum k\u00fcmmern m\u00fcssen, was sehr praktisch ist. Dar\u00fcber hinaus ist das Ger\u00e4t mit einem integrierten 5V \/ 2,1 Ampere USB-Anschluss ausgestattet. Damit k\u00f6nnen Sie beispielsweise ein Telefon oder ein anderes Ger\u00e4t aufladen. Dank des last- und temperaturgesteuerten K\u00fchlventilators ist dieser Wechselrichter immer so leise wie m\u00f6glich.\u00a0<\/span><\/p>\n<h5><span style=\"color: #000000;\"><strong>Montageanleitung &amp; Warnungen:\u00a0<\/strong><\/span><\/h5>\n<p><span style=\"color: #000000;\">Ein Kabelsatz von 80 cm, 25 mm\u00b2 mit Klemmen wird standardm\u00e4\u00dfig mit dem Ger\u00e4t geliefert. Der Eingangsbereich des Wechselrichters betr\u00e4gt 10,8 \u2013 15,5 Volt. Wenn der Xenteq Purepower Reinsinus-Wechselrichter 30000 W mit einer zu hohen oder zu niedrigen Stromversorgung versorgt wird, kann dies zu Sch\u00e4den am Ger\u00e4t f\u00fchren. Sch\u00e4den, die beispielsweise durch fehlerhafte Installation entstehen, fallen nicht unter die Garantie. Um Probleme mit dem Ger\u00e4t zu vermeiden, empfehlen wir, die Installation von einem Fachmann durchf\u00fchren zu lassen.\u00a0<\/span><\/p>\n<h5><span style=\"color: #000000;\"><strong>Abmessungen:<\/strong><\/span><\/h5>\n<p><span style=\"color: #000000;\">Denn Sie m\u00f6chten sicher sein, dass Sie den Wechselrichter dort montieren k\u00f6nnen, wo Sie m\u00f6chten. Nachfolgend haben wir die Abmessungen des Wechselrichters notiert. Die Abmessungen des Xenteq PurePower Pure Sine Wave Wechselrichters 3000 W \u2013 12 V sind wie folgt.\u00a0<\/span><\/p>\n<ul>\n<li><span style=\"color: #000000;\">L\u00e4nge: 427 mm\u00a0<\/span><\/li>\n<li><span style=\"color: #000000;\">Breite: 235 mm<\/span><\/li>\n<li><span style=\"color: #000000;\">H\u00f6he: 109 mm<\/span><\/li>\n<li><span style=\"color: #000000;\">Gewicht: 8,0 kg<\/span><\/li>\n<\/ul>\n<h5><span style=\"color: #000000;\"><strong>Andere Versionen:<\/strong><\/span><\/h5>\n<p><span style=\"color: #000000;\">Suchen Sie einen Wechselrichter, den Sie mit 12 Volt betreiben k\u00f6nnen? Aber ist der Purepower Sinus Wechselrichter 3000 W \u2013 12 V nicht die Version, die Sie suchen? Dann wissen Sie, dass Xenteq den Wechselrichter auch mit einer h\u00f6heren Wattzahl anbietet. Nachfolgend finden Sie eine Liste der verf\u00fcgbaren Optionen: <\/span><\/p>\n<ul>\n<li><span style=\"color: #000000;\"><a style=\"color: #000000;\" href=\"https:\/\/truckned.nl\/de\/produkt\/purepower-sinus-omvormer-2500w-12v\/\"><strong>Xenteq Wandler 2500W \/ 12 Volt<\/strong><\/a><\/span><\/li>\n<li><span style=\"color: #000000;\"><a style=\"color: #000000;\" href=\"https:\/\/truckned.nl\/de\/produkt\/purepower-sinus-omvormer-2000w-12v\/\"><strong>Xenteq Wandler 2000W \/ 12 Volt<\/strong><\/a><\/span><\/li>\n<li><span style=\"color: #000000;\"><a style=\"color: #000000;\" href=\"https:\/\/truckned.nl\/de\/produkt\/purepower-sinus-omvormer-1500w-12v\/\"><strong>Xenteq Wandler 1500W \/ 12 Volt<\/strong><\/a><\/span><\/li>\n<li><span style=\"color: #000000;\"><a style=\"color: #000000;\" href=\"https:\/\/truckned.nl\/de\/produkt\/purepower-sinus-omvormer-1000w-12v\/\"><strong>Xenteq Wandler 1000W \/ 12 Volt<\/strong><\/a><\/span><\/li>\n<li><span style=\"color: #000000;\"><a style=\"color: #000000;\" href=\"https:\/\/truckned.nl\/de\/produkt\/purepower-sinus-omvormer-600w-12v\/\"><strong>Xenteq Wandler 600W \/ 12 Volt<\/strong><\/a><\/span><\/li>\n<li><span style=\"color: #000000;\"><a style=\"color: #000000;\" href=\"https:\/\/truckned.nl\/de\/produkt\/purepower-sinus-omvormer-300w-12v\/\"><strong>Xenteq Wandler 300W \/ 12 Volt<\/strong><\/a><\/span><\/li>\n<\/ul>\n<p><span style=\"color: #000000;\">Sind Sie, nachdem Sie alles oben Gesagte gelesen haben, immer noch der Meinung, dass der Purepower Sine Wechselrichter 3000 W f\u00fcr 12 V nicht das ist, was Sie suchen? Einfach weil die Leistung oder Spannung nicht wie gew\u00fcnscht ist? Sehen Sie sich hier das komplette Sortiment an <a style=\"color: #000000;\" href=\"https:\/\/truckned.nl\/de\/produkt-kategorie\/cabine-binnenzijden\/omvormer\/\">Wechselrichter<\/a>.<\/span><\/p>","protected":false},"excerpt":{"rendered":"<p>Purepower Sinus-Wechselrichter 3000W f\u00fcr 12V-Betrieb. Sie m\u00f6chten Ger\u00e4te, die normalerweise 230V Netzstrom ben\u00f6tigen, in Ihrem Auto, Wohnmobil, Caravan oder Boot w\u00e4hrend der Fahrt, beim Segeln oder im Stand weiterhin nutzen? Sind sich aber nicht sicher, wie das geht? Vielleicht reicht Ihnen ja der handels\u00fcbliche Purepower Sinus-Wechselrichter [\u2026]<\/p>","protected":false},"featured_media":29583,"comment_status":"open","ping_status":"closed","template":"","meta":{"_acf_changed":false,"site-sidebar-layout":"default","site-content-layout":"default","ast-site-content-layout":"default","site-content-style":"default","site-sidebar-style":"default","ast-global-header-display":"","ast-banner-title-visibility":"","ast-main-header-display":"","ast-hfb-above-header-display":"","ast-hfb-below-header-display":"","ast-hfb-mobile-header-display":"","site-post-title":"","ast-breadcrumbs-content":"","ast-featured-img":"","footer-sml-layout":"","ast-disable-related-posts":"","theme-transparent-header-meta":"default","adv-header-id-meta":"","stick-header-meta":"","header-above-stick-meta":"","header-main-stick-meta":"","header-below-stick-meta":"","astra-migrate-meta-layouts":"default","ast-page-background-enabled":"default","ast-page-background-meta":{"desktop":{"background-color":"","background-image":"","background-repeat":"repeat","background-position":"center center","background-size":"auto","background-attachment":"scroll","background-type":"","background-media":"","overlay-type":"","overlay-color":"","overlay-opacity":"","overlay-gradient":""},"tablet":{"background-color":"","background-image":"","background-repeat":"repeat","background-position":"center center","background-size":"auto","background-attachment":"scroll","background-type":"","background-media":"","overlay-type":"","overlay-color":"","overlay-opacity":"","overlay-gradient":""},"mobile":{"background-color":"","background-image":"","background-repeat":"repeat","background-position":"center center","background-size":"auto","background-attachment":"scroll","background-type":"","background-media":"","overlay-type":"","overlay-color":"","overlay-opacity":"","overlay-gradient":""}},"ast-content-background-meta":{"desktop":{"background-color":"var(--ast-global-color-5)","background-image":"","background-repeat":"repeat","background-position":"center center","background-size":"auto","background-attachment":"scroll","background-type":"","background-media":"","overlay-type":"","overlay-color":"","overlay-opacity":"","overlay-gradient":""},"tablet":{"background-color":"var(--ast-global-color-5)","background-image":"","background-repeat":"repeat","background-position":"center center","background-size":"auto","background-attachment":"scroll","background-type":"","background-media":"","overlay-type":"","overlay-color":"","overlay-opacity":"","overlay-gradient":""},"mobile":{"background-color":"var(--ast-global-color-5)","background-image":"","background-repeat":"repeat","background-position":"center center","background-size":"auto","background-attachment":"scroll","background-type":"","background-media":"","overlay-type":"","overlay-color":"","overlay-opacity":"","overlay-gradient":""}}},"product_brand":[],"product_cat":[7641],"product_tag":[],"class_list":{"0":"post-29521","1":"product","2":"type-product","3":"status-publish","4":"has-post-thumbnail","6":"product_cat-omvormer","7":"pa_merkk-xenteq","8":"desktop-align-left","9":"tablet-align-left","10":"mobile-align-left","12":"first","13":"instock","14":"taxable","15":"shipping-taxable","16":"purchasable","17":"product-type-simple"},"acf":[],"yoast_head":"<!-- This site is optimized with the Yoast SEO Premium plugin v26.5 (Yoast SEO v26.5) - https:\/\/yoast.com\/wordpress\/plugins\/seo\/ -->\n<title>Purepower sinus omvormer 3000w - 12v - Truckned - voor 12 volt gebruik<\/title>\n<meta name=\"description\" content=\"Purepower sinus omvormer 3000w - 12v - zuivere Sinus omvormer voor auto, camper, caravan en meer - 3000w - piekspanning 6000w (&lt;2 sec) - 10,8 - 15.5V in\" \/>\n<meta name=\"robots\" content=\"index, follow, max-snippet:-1, max-image-preview:large, max-video-preview:-1\" \/>\n<link rel=\"canonical\" href=\"https:\/\/truckned.nl\/de\/produkt\/purepower-sinus-omvormer-3000w-12v\/\" \/>\n<meta property=\"og:locale\" content=\"de_DE\" \/>\n<meta property=\"og:type\" content=\"article\" \/>\n<meta property=\"og:title\" content=\"Purepower sinus omvormer 3000w - 12v - Truckned - voor 12 volt gebruik\" \/>\n<meta property=\"og:description\" content=\"Purepower sinus omvormer 3000w - 12v - zuivere Sinus omvormer voor auto, camper, caravan en meer - 3000w - piekspanning 6000w (&lt;2 sec) - 10,8 - 15.5V in\" \/>\n<meta property=\"og:url\" content=\"https:\/\/truckned.nl\/de\/produkt\/purepower-sinus-omvormer-3000w-12v\/\" \/>\n<meta property=\"og:site_name\" content=\"Truckned\" \/>\n<meta property=\"article:publisher\" content=\"https:\/\/www.facebook.com\/truckned\/\" \/>\n<meta property=\"article:modified_time\" content=\"2025-03-14T08:56:26+00:00\" \/>\n<meta property=\"og:image\" content=\"https:\/\/truckned.nl\/wp-content\/uploads\/2024\/04\/TN-443000-12V.png\" \/>\n\t<meta property=\"og:image:width\" content=\"800\" \/>\n\t<meta property=\"og:image:height\" content=\"800\" \/>\n\t<meta property=\"og:image:type\" content=\"image\/png\" \/>\n<meta name=\"twitter:label1\" content=\"Preis\" \/>\n\t<meta name=\"twitter:data1\" content=\"&euro;750,00\" \/>\n\t<meta name=\"twitter:label2\" content=\"Verf\u00fcgbarkeit\" \/>\n\t<meta name=\"twitter:data2\" content=\"Auf Lager\" \/>\n<script type=\"application\/ld+json\" class=\"yoast-schema-graph\">{\"@context\":\"https:\/\/schema.org\",\"@graph\":[{\"@type\":[\"WebPage\",\"ItemPage\"],\"@id\":\"https:\/\/truckned.nl\/product\/purepower-sinus-omvormer-3000w-12v\/\",\"url\":\"https:\/\/truckned.nl\/product\/purepower-sinus-omvormer-3000w-12v\/\",\"name\":\"Purepower sinus omvormer 3000w - 12v - Truckned - voor 12 volt gebruik\",\"isPartOf\":{\"@id\":\"https:\/\/truckned.nl\/nl\/#website\"},\"primaryImageOfPage\":{\"@id\":\"https:\/\/truckned.nl\/product\/purepower-sinus-omvormer-3000w-12v\/#primaryimage\"},\"image\":{\"@id\":\"https:\/\/truckned.nl\/product\/purepower-sinus-omvormer-3000w-12v\/#primaryimage\"},\"thumbnailUrl\":\"https:\/\/truckned.nl\/wp-content\/uploads\/2024\/04\/TN-443000-12V.png\",\"datePublished\":\"2024-04-02T18:17:42+00:00\",\"dateModified\":\"2025-03-14T08:56:26+00:00\",\"description\":\"Purepower sinus omvormer 3000w - 12v - zuivere Sinus omvormer voor auto, camper, caravan en meer - 3000w - piekspanning 6000w (&lt;2 sec) - 10,8 - 15.5V in\",\"breadcrumb\":{\"@id\":\"https:\/\/truckned.nl\/product\/purepower-sinus-omvormer-3000w-12v\/#breadcrumb\"},\"inLanguage\":\"de\",\"potentialAction\":[{\"@type\":\"ReadAction\",\"target\":[\"https:\/\/truckned.nl\/product\/purepower-sinus-omvormer-3000w-12v\/\"]}]},{\"@type\":\"ImageObject\",\"inLanguage\":\"de\",\"@id\":\"https:\/\/truckned.nl\/product\/purepower-sinus-omvormer-3000w-12v\/#primaryimage\",\"url\":\"https:\/\/truckned.nl\/wp-content\/uploads\/2024\/04\/TN-443000-12V.png\",\"contentUrl\":\"https:\/\/truckned.nl\/wp-content\/uploads\/2024\/04\/TN-443000-12V.png\",\"width\":800,\"height\":800,\"caption\":\"Purepower sinus omvormer 3000w - 12v - omvormer die geschikt is voor 12 volt gebruik - caravan, camper, auto, boot of ander soort voer of vaartuig dat een 12 volt aansluiting heeft - word geleverd incl. aansluitmateriaal en handleiding\"},{\"@type\":\"BreadcrumbList\",\"@id\":\"https:\/\/truckned.nl\/product\/purepower-sinus-omvormer-3000w-12v\/#breadcrumb\",\"itemListElement\":[{\"@type\":\"ListItem\",\"position\":1,\"name\":\"Home\",\"item\":\"https:\/\/truckned.nl\/\"},{\"@type\":\"ListItem\",\"position\":2,\"name\":\"Shop\",\"item\":\"https:\/\/truckned.nl\/nl\/shop\/\"},{\"@type\":\"ListItem\",\"position\":3,\"name\":\"Cabine - binnenzijde\",\"item\":\"https:\/\/truckned.nl\/de\/produkt-kategorie\/cabine-binnenzijden\/\"},{\"@type\":\"ListItem\",\"position\":4,\"name\":\"Omvormer\",\"item\":\"https:\/\/truckned.nl\/product-categorie\/cabine-binnenzijden\/omvormer\/\"},{\"@type\":\"ListItem\",\"position\":5,\"name\":\"Purepower sinus omvormer 3000w &#8211; 12v\"}]},{\"@type\":\"WebSite\",\"@id\":\"https:\/\/truckned.nl\/nl\/#website\",\"url\":\"https:\/\/truckned.nl\/nl\/\",\"name\":\"Truckned\",\"description\":\"\",\"publisher\":{\"@id\":\"https:\/\/truckned.nl\/nl\/#organization\"},\"potentialAction\":[{\"@type\":\"SearchAction\",\"target\":{\"@type\":\"EntryPoint\",\"urlTemplate\":\"https:\/\/truckned.nl\/nl\/?s={search_term_string}\"},\"query-input\":{\"@type\":\"PropertyValueSpecification\",\"valueRequired\":true,\"valueName\":\"search_term_string\"}}],\"inLanguage\":\"de\"},{\"@type\":\"Organization\",\"@id\":\"https:\/\/truckned.nl\/nl\/#organization\",\"name\":\"Truckned\",\"url\":\"https:\/\/truckned.nl\/nl\/\",\"logo\":{\"@type\":\"ImageObject\",\"inLanguage\":\"de\",\"@id\":\"https:\/\/truckned.nl\/nl\/#\/schema\/logo\/image\/\",\"url\":\"https:\/\/truckned.nl\/wp-content\/uploads\/2022\/10\/800x800-Truckned-logo-zonder-tekst-ZWART.png\",\"contentUrl\":\"https:\/\/truckned.nl\/wp-content\/uploads\/2022\/10\/800x800-Truckned-logo-zonder-tekst-ZWART.png\",\"width\":801,\"height\":801,\"caption\":\"Truckned\"},\"image\":{\"@id\":\"https:\/\/truckned.nl\/nl\/#\/schema\/logo\/image\/\"},\"sameAs\":[\"https:\/\/www.facebook.com\/truckned\/\",\"https:\/\/www.instagram.com\/truckned\/\"],\"vatID\":\"NL863960509B01\",\"taxID\":\"86417487\",\"hasMerchantReturnPolicy\":{\"@type\":\"MerchantReturnPolicy\",\"merchantReturnLink\":\"https:\/\/truckned.nl\/de\/versand-rucksendungen\/\"}}]}<\/script>\n<meta property=\"product:brand\" content=\"Xenteq\" \/>\n<meta property=\"product:price:amount\" content=\"750.00\" \/>\n<meta property=\"product:price:currency\" content=\"EUR\" \/>\n<meta property=\"og:availability\" content=\"instock\" \/>\n<meta property=\"product:availability\" content=\"instock\" \/>\n<meta property=\"product:retailer_item_id\" content=\"TN-443000-12\" \/>\n<meta property=\"product:condition\" content=\"new\" \/>\n<!-- \/ Yoast SEO Premium plugin. -->","yoast_head_json":{"title":"Purepower Sinus-Wechselrichter 3000w - 12v \u2013 Truckned \u2013 f\u00fcr 12-Volt-Betrieb","description":"Purepower Sinus-Wechselrichter 3000w - 12v \u2013 reiner Sinus-Wechselrichter f\u00fcr Auto, Wohnmobil, Wohnwagen und mehr \u2013 3000 W \u2013 Spitzenspannung 6000 W (&lt;2 Sek.) \u2013 10,8\u201315,5 V in","robots":{"index":"index","follow":"follow","max-snippet":"max-snippet:-1","max-image-preview":"max-image-preview:large","max-video-preview":"max-video-preview:-1"},"canonical":"https:\/\/truckned.nl\/de\/produkt\/purepower-sinus-omvormer-3000w-12v\/","og_locale":"de_DE","og_type":"article","og_title":"Purepower sinus omvormer 3000w - 12v - Truckned - voor 12 volt gebruik","og_description":"Purepower sinus omvormer 3000w - 12v - zuivere Sinus omvormer voor auto, camper, caravan en meer - 3000w - piekspanning 6000w (&lt;2 sec) - 10,8 - 15.5V in","og_url":"https:\/\/truckned.nl\/de\/produkt\/purepower-sinus-omvormer-3000w-12v\/","og_site_name":"Truckned","article_publisher":"https:\/\/www.facebook.com\/truckned\/","article_modified_time":"2025-03-14T08:56:26+00:00","og_image":[{"width":800,"height":800,"url":"https:\/\/truckned.nl\/wp-content\/uploads\/2024\/04\/TN-443000-12V.png","type":"image\/png"}],"twitter_misc":{"Preis":"&euro;750,00","Verf\u00fcgbarkeit":"Auf Lager"},"schema":{"@context":"https:\/\/schema.org","@graph":[{"@type":["WebPage","ItemPage"],"@id":"https:\/\/truckned.nl\/product\/purepower-sinus-omvormer-3000w-12v\/","url":"https:\/\/truckned.nl\/product\/purepower-sinus-omvormer-3000w-12v\/","name":"Purepower Sinus-Wechselrichter 3000w - 12v \u2013 Truckned \u2013 f\u00fcr 12-Volt-Betrieb","isPartOf":{"@id":"https:\/\/truckned.nl\/nl\/#website"},"primaryImageOfPage":{"@id":"https:\/\/truckned.nl\/product\/purepower-sinus-omvormer-3000w-12v\/#primaryimage"},"image":{"@id":"https:\/\/truckned.nl\/product\/purepower-sinus-omvormer-3000w-12v\/#primaryimage"},"thumbnailUrl":"https:\/\/truckned.nl\/wp-content\/uploads\/2024\/04\/TN-443000-12V.png","datePublished":"2024-04-02T18:17:42+00:00","dateModified":"2025-03-14T08:56:26+00:00","description":"Purepower Sinus-Wechselrichter 3000w - 12v \u2013 reiner Sinus-Wechselrichter f\u00fcr Auto, Wohnmobil, Wohnwagen und mehr \u2013 3000 W \u2013 Spitzenspannung 6000 W (&lt;2 Sek.) \u2013 10,8\u201315,5 V in","breadcrumb":{"@id":"https:\/\/truckned.nl\/product\/purepower-sinus-omvormer-3000w-12v\/#breadcrumb"},"inLanguage":"de","potentialAction":[{"@type":"ReadAction","target":["https:\/\/truckned.nl\/product\/purepower-sinus-omvormer-3000w-12v\/"]}]},{"@type":"ImageObject","inLanguage":"de","@id":"https:\/\/truckned.nl\/product\/purepower-sinus-omvormer-3000w-12v\/#primaryimage","url":"https:\/\/truckned.nl\/wp-content\/uploads\/2024\/04\/TN-443000-12V.png","contentUrl":"https:\/\/truckned.nl\/wp-content\/uploads\/2024\/04\/TN-443000-12V.png","width":800,"height":800,"caption":"Purepower sinus omvormer 3000w - 12v - omvormer die geschikt is voor 12 volt gebruik - caravan, camper, auto, boot of ander soort voer of vaartuig dat een 12 volt aansluiting heeft - word geleverd incl. aansluitmateriaal en handleiding"},{"@type":"BreadcrumbList","@id":"https:\/\/truckned.nl\/product\/purepower-sinus-omvormer-3000w-12v\/#breadcrumb","itemListElement":[{"@type":"ListItem","position":1,"name":"Home","item":"https:\/\/truckned.nl\/"},{"@type":"ListItem","position":2,"name":"Shop","item":"https:\/\/truckned.nl\/nl\/shop\/"},{"@type":"ListItem","position":3,"name":"Cabine - binnenzijde","item":"https:\/\/truckned.nl\/de\/produkt-kategorie\/cabine-binnenzijden\/"},{"@type":"ListItem","position":4,"name":"Omvormer","item":"https:\/\/truckned.nl\/product-categorie\/cabine-binnenzijden\/omvormer\/"},{"@type":"ListItem","position":5,"name":"Purepower sinus omvormer 3000w &#8211; 12v"}]},{"@type":"WebSite","@id":"https:\/\/truckned.nl\/nl\/#website","url":"https:\/\/truckned.nl\/nl\/","name":"Truckned","description":"","publisher":{"@id":"https:\/\/truckned.nl\/nl\/#organization"},"potentialAction":[{"@type":"SearchAction","target":{"@type":"EntryPoint","urlTemplate":"https:\/\/truckned.nl\/nl\/?s={search_term_string}"},"query-input":{"@type":"PropertyValueSpecification","valueRequired":true,"valueName":"search_term_string"}}],"inLanguage":"de"},{"@type":"Organization","@id":"https:\/\/truckned.nl\/nl\/#organization","name":"Truckned","url":"https:\/\/truckned.nl\/nl\/","logo":{"@type":"ImageObject","inLanguage":"de","@id":"https:\/\/truckned.nl\/nl\/#\/schema\/logo\/image\/","url":"https:\/\/truckned.nl\/wp-content\/uploads\/2022\/10\/800x800-Truckned-logo-zonder-tekst-ZWART.png","contentUrl":"https:\/\/truckned.nl\/wp-content\/uploads\/2022\/10\/800x800-Truckned-logo-zonder-tekst-ZWART.png","width":801,"height":801,"caption":"Truckned"},"image":{"@id":"https:\/\/truckned.nl\/nl\/#\/schema\/logo\/image\/"},"sameAs":["https:\/\/www.facebook.com\/truckned\/","https:\/\/www.instagram.com\/truckned\/"],"vatID":"NL863960509B01","taxID":"86417487","hasMerchantReturnPolicy":{"@type":"MerchantReturnPolicy","merchantReturnLink":"https:\/\/truckned.nl\/de\/versand-rucksendungen\/"}}]},"product_brand":"Xenteq","product_price_amount":"750.00","product_price_currency":"EUR","og_availability":"instock","product_availability":"instock","product_retailer_item_id":"TN-443000-12","product_condition":"new"},"_links":{"self":[{"href":"https:\/\/truckned.nl\/de\/wp-json\/wp\/v2\/product\/29521","targetHints":{"allow":["GET"]}}],"collection":[{"href":"https:\/\/truckned.nl\/de\/wp-json\/wp\/v2\/product"}],"about":[{"href":"https:\/\/truckned.nl\/de\/wp-json\/wp\/v2\/types\/product"}],"replies":[{"embeddable":true,"href":"https:\/\/truckned.nl\/de\/wp-json\/wp\/v2\/comments?post=29521"}],"wp:featuredmedia":[{"embeddable":true,"href":"https:\/\/truckned.nl\/de\/wp-json\/wp\/v2\/media\/29583"}],"wp:attachment":[{"href":"https:\/\/truckned.nl\/de\/wp-json\/wp\/v2\/media?parent=29521"}],"wp:term":[{"taxonomy":"product_brand","embeddable":true,"href":"https:\/\/truckned.nl\/de\/wp-json\/wp\/v2\/product_brand?post=29521"},{"taxonomy":"product_cat","embeddable":true,"href":"https:\/\/truckned.nl\/de\/wp-json\/wp\/v2\/product_cat?post=29521"},{"taxonomy":"product_tag","embeddable":true,"href":"https:\/\/truckned.nl\/de\/wp-json\/wp\/v2\/product_tag?post=29521"}],"curies":[{"name":"wp","href":"https:\/\/api.w.org\/{rel}","templated":true}]}}