{"id":29704,"date":"2024-02-26T07:32:49","date_gmt":"2024-02-26T06:32:49","guid":{"rendered":"https:\/\/truckned.nl\/?post_type=product&#038;p=29704"},"modified":"2026-04-21T17:42:57","modified_gmt":"2026-04-21T15:42:57","slug":"ruspa-kunststof-wielmoerdoppen-32mm","status":"publish","type":"product","link":"https:\/\/truckned.nl\/de\/produkt\/ruspa-kunststof-wielmoerdoppen-32mm\/","title":{"rendered":"Ruspa Kunststoff Radmutterkappe 32mm"},"content":{"rendered":"<p><span style=\"color: #000000\"><strong>Ruspa Kunststoff Radmutterkappe 32mm - 46mm hoch, 20 St\u00fcck.\u00a0<\/strong><\/span><\/p>\n<p><span style=\"color: #000000\">M\u00f6chten Sie Ihrem LKW und\/oder Anh\u00e4nger ganz einfach ein sch\u00f6neres Aussehen verleihen, ohne zu viel zu ver\u00e4ndern? Dann erw\u00e4gen Sie die Installation von Kunststoff-Radmutterkappen 32 mm an der Anh\u00e4ngerkupplungs- und\/oder Lenkachsmutter. Die Radmutternkappe l\u00e4sst sich einfach anbringen und verleiht Ihrem LKW und\/oder Anh\u00e4nger ein sch\u00f6neres Aussehen. Eine Packung enth\u00e4lt 20 Kappen, sodass Sie normalerweise zwei komplette ledig-R\u00e4der mit Chromkappen montieren k\u00f6nnen. Die Radmutterkappen sind f\u00fcr Muttern mit einer Gr\u00f6\u00dfe von 32 mm geeignet.\u00a0<\/span><\/p>\n<p><span style=\"color: #000000\">Wenn Sie sich f\u00fcr die Kunststoff-Radmutterkappen 32 mm Chrom von Ruspa entscheiden, entscheiden Sie sich f\u00fcr Qualit\u00e4t. Dies wird durch mehrere Punkte best\u00e4tigt. Eine davon ist beispielsweise die einfache Installation. Die Mutternkappe hat eine perfekte Passform und klemmt daher gut auf der Mutter. Dar\u00fcber hinaus kann die Kunststoff-Mutterkappe 32 mm f\u00fcr eine Felge aus Stahl und Aluminium verwendet werden. Gleichzeitig verleihen Sie Ihrem LKW durch den Einbau der verchromten Radmutternabdeckungen ein besseres Aussehen.<\/span><\/p>\n<h5><span style=\"color: #000000\"><strong>Abmessungen:<\/strong><\/span><\/h5>\n<p><span style=\"color: #000000\">Um sicherzustellen, dass Sie die Ruspa Kunststoff-Radmutterkappen 32 mm montieren k\u00f6nnen. M\u00f6chten Sie wissen, welche Abmessungen es hat? Die Abmessungen der Kunststoff-Radmutterabdeckungen sind wie folgt.<\/span><\/p>\n<ul>\n<li><span style=\"color: #000000\">Durchmesser: 32 mm<\/span><\/li>\n<li><span style=\"color: #000000\">H\u00f6he: 46 mm<\/span><\/li>\n<\/ul>\n<h5><span style=\"color: #000000\"><strong>Andere Modelle:<\/strong><\/span><\/h5>\n<p><span style=\"color: #000000\">Haben Sie keinen DAF-, MAN-, Mercedes- oder Iveco-Lkw oder sind Ihre Muttern gr\u00f6\u00dfer als 32 mm? Dann wissen Sie, dass die Kunststoff-Radmutterkappen 32 mm Chrom auch in einer gr\u00f6\u00dferen Gr\u00f6\u00dfe erh\u00e4ltlich sind. Sehen Sie sich das andere Modell dieses Artikels an, das hier verf\u00fcgbar ist.\u00a0<\/span><\/p>\n<ul>\n<li><span style=\"color: #000000\"><a style=\"color: #000000\" href=\"https:\/\/truckned.nl\/de\/produkt\/ruspa-kunststof-wielmoerdoppen-33mm\/\"><strong>Ruspa-Mutterneins\u00e4tze 33mm<\/strong><\/a><\/span><\/li>\n<\/ul>\n<p><span style=\"color: #000000\">Glauben Sie, dass die Kunststoff-Radmutterkappen 32mm von Ruspa in Chromoptik nicht das sind, was Sie suchen? Einfach, weil Ihnen Farbe, Durchmesser oder H\u00f6he nicht gefallen? Dann sehen Sie sich hier das komplette Angebot an <a style=\"color: #000000\" href=\"https:\/\/truckned.nl\/de\/produkt-kategorie\/cabine-buitenzijde\/\" target=\"_blank\" rel=\"noopener\">au\u00dferhalb der Kabine<\/a>.\u00a0<\/span><\/p>","protected":false},"excerpt":{"rendered":"<p>Ruspa Kunststoff-Radmutternkappen, 32 mm \u2013 46 mm hoch, 20 St\u00fcck. M\u00f6chten Sie Ihrem LKW und\/oder Anh\u00e4nger einfach und ohne gro\u00dfen Aufwand ein sch\u00f6neres Aussehen verleihen? Dann sollten Sie die 32 mm Kunststoff-Radmutternkappen an den Muttern der Zug- und\/oder Lenkachse anbringen. Die Radmutternkappen sind einfach zu montieren und verleihen Ihrem LKW und\/oder Anh\u00e4nger ein [\u2026]<\/p>","protected":false},"featured_media":29711,"comment_status":"open","ping_status":"closed","template":"","meta":{"_acf_changed":false,"site-sidebar-layout":"default","site-content-layout":"default","ast-site-content-layout":"default","site-content-style":"default","site-sidebar-style":"default","ast-global-header-display":"","ast-banner-title-visibility":"","ast-main-header-display":"","ast-hfb-above-header-display":"","ast-hfb-below-header-display":"","ast-hfb-mobile-header-display":"","site-post-title":"","ast-breadcrumbs-content":"","ast-featured-img":"","footer-sml-layout":"","ast-disable-related-posts":"","theme-transparent-header-meta":"default","adv-header-id-meta":"","stick-header-meta":"","header-above-stick-meta":"","header-main-stick-meta":"","header-below-stick-meta":"","astra-migrate-meta-layouts":"default","ast-page-background-enabled":"default","ast-page-background-meta":{"desktop":{"background-color":"","background-image":"","background-repeat":"repeat","background-position":"center center","background-size":"auto","background-attachment":"scroll","background-type":"","background-media":"","overlay-type":"","overlay-color":"","overlay-opacity":"","overlay-gradient":""},"tablet":{"background-color":"","background-image":"","background-repeat":"repeat","background-position":"center center","background-size":"auto","background-attachment":"scroll","background-type":"","background-media":"","overlay-type":"","overlay-color":"","overlay-opacity":"","overlay-gradient":""},"mobile":{"background-color":"","background-image":"","background-repeat":"repeat","background-position":"center center","background-size":"auto","background-attachment":"scroll","background-type":"","background-media":"","overlay-type":"","overlay-color":"","overlay-opacity":"","overlay-gradient":""}},"ast-content-background-meta":{"desktop":{"background-color":"var(--ast-global-color-5)","background-image":"","background-repeat":"repeat","background-position":"center center","background-size":"auto","background-attachment":"scroll","background-type":"","background-media":"","overlay-type":"","overlay-color":"","overlay-opacity":"","overlay-gradient":""},"tablet":{"background-color":"var(--ast-global-color-5)","background-image":"","background-repeat":"repeat","background-position":"center center","background-size":"auto","background-attachment":"scroll","background-type":"","background-media":"","overlay-type":"","overlay-color":"","overlay-opacity":"","overlay-gradient":""},"mobile":{"background-color":"var(--ast-global-color-5)","background-image":"","background-repeat":"repeat","background-position":"center center","background-size":"auto","background-attachment":"scroll","background-type":"","background-media":"","overlay-type":"","overlay-color":"","overlay-opacity":"","overlay-gradient":""}}},"product_brand":[],"product_cat":[7544],"product_tag":[],"class_list":{"0":"post-29704","1":"product","2":"type-product","3":"status-publish","4":"has-post-thumbnail","6":"product_cat-wielmoerdoppen","7":"pa_merkk-ruspa","8":"desktop-align-left","9":"tablet-align-left","10":"mobile-align-left","12":"first","13":"instock","14":"taxable","15":"shipping-taxable","16":"purchasable","17":"product-type-simple"},"acf":[],"yoast_head":"<!-- This site is optimized with the Yoast SEO Premium plugin v26.5 (Yoast SEO v26.5) - https:\/\/yoast.com\/wordpress\/plugins\/seo\/ -->\n<title>Ruspa kunststof wielmoerdoppen 32mm CHROOM - Truckned - 20 stuks<\/title>\n<meta name=\"description\" content=\"Ruspa kunststof wielmoerdoppen 32mm CHROOM - passend op MAN \/ Mercedes \/ Iveco \/ DAF - kleur: CHROOM - set van 20 stuks - voor staal en Alcoa wielen\" \/>\n<meta name=\"robots\" content=\"index, follow, max-snippet:-1, max-image-preview:large, max-video-preview:-1\" \/>\n<link rel=\"canonical\" href=\"https:\/\/truckned.nl\/de\/produkt\/ruspa-kunststof-wielmoerdoppen-32mm\/\" \/>\n<meta property=\"og:locale\" content=\"de_DE\" \/>\n<meta property=\"og:type\" content=\"article\" \/>\n<meta property=\"og:title\" content=\"Ruspa kunststof wielmoerdoppen 32mm CHROOM - Truckned - 20 stuks\" \/>\n<meta property=\"og:description\" content=\"Ruspa kunststof wielmoerdoppen 32mm CHROOM - passend op MAN \/ Mercedes \/ Iveco \/ DAF - kleur: CHROOM - set van 20 stuks - voor staal en Alcoa wielen\" \/>\n<meta property=\"og:url\" content=\"https:\/\/truckned.nl\/de\/produkt\/ruspa-kunststof-wielmoerdoppen-32mm\/\" \/>\n<meta property=\"og:site_name\" content=\"Truckned\" \/>\n<meta property=\"article:publisher\" content=\"https:\/\/www.facebook.com\/truckned\/\" \/>\n<meta property=\"article:modified_time\" content=\"2026-04-21T15:42:57+00:00\" \/>\n<meta property=\"og:image\" content=\"https:\/\/truckned.nl\/wp-content\/uploads\/2024\/04\/TN-101317.png\" \/>\n\t<meta property=\"og:image:width\" content=\"800\" \/>\n\t<meta property=\"og:image:height\" content=\"800\" \/>\n\t<meta property=\"og:image:type\" content=\"image\/png\" \/>\n<meta name=\"twitter:label1\" content=\"Preis\" \/>\n\t<meta name=\"twitter:data1\" content=\"&euro;34,95\" \/>\n\t<meta name=\"twitter:label2\" content=\"Verf\u00fcgbarkeit\" \/>\n\t<meta name=\"twitter:data2\" content=\"Auf Lager\" \/>\n<script type=\"application\/ld+json\" class=\"yoast-schema-graph\">{\"@context\":\"https:\/\/schema.org\",\"@graph\":[{\"@type\":[\"WebPage\",\"ItemPage\"],\"@id\":\"https:\/\/truckned.nl\/product\/ruspa-kunststof-wielmoerdoppen-32mm\/\",\"url\":\"https:\/\/truckned.nl\/product\/ruspa-kunststof-wielmoerdoppen-32mm\/\",\"name\":\"Ruspa kunststof wielmoerdoppen 32mm CHROOM - Truckned - 20 stuks\",\"isPartOf\":{\"@id\":\"https:\/\/truckned.nl\/nl\/#website\"},\"primaryImageOfPage\":{\"@id\":\"https:\/\/truckned.nl\/product\/ruspa-kunststof-wielmoerdoppen-32mm\/#primaryimage\"},\"image\":{\"@id\":\"https:\/\/truckned.nl\/product\/ruspa-kunststof-wielmoerdoppen-32mm\/#primaryimage\"},\"thumbnailUrl\":\"https:\/\/truckned.nl\/wp-content\/uploads\/2024\/04\/TN-101317.png\",\"datePublished\":\"2024-02-26T06:32:49+00:00\",\"dateModified\":\"2026-04-21T15:42:57+00:00\",\"description\":\"Ruspa kunststof wielmoerdoppen 32mm CHROOM - passend op MAN \/ Mercedes \/ Iveco \/ DAF - kleur: CHROOM - set van 20 stuks - voor staal en Alcoa wielen\",\"breadcrumb\":{\"@id\":\"https:\/\/truckned.nl\/product\/ruspa-kunststof-wielmoerdoppen-32mm\/#breadcrumb\"},\"inLanguage\":\"de\",\"potentialAction\":[{\"@type\":\"ReadAction\",\"target\":[\"https:\/\/truckned.nl\/product\/ruspa-kunststof-wielmoerdoppen-32mm\/\"]}]},{\"@type\":\"ImageObject\",\"inLanguage\":\"de\",\"@id\":\"https:\/\/truckned.nl\/product\/ruspa-kunststof-wielmoerdoppen-32mm\/#primaryimage\",\"url\":\"https:\/\/truckned.nl\/wp-content\/uploads\/2024\/04\/TN-101317.png\",\"contentUrl\":\"https:\/\/truckned.nl\/wp-content\/uploads\/2024\/04\/TN-101317.png\",\"width\":800,\"height\":800,\"caption\":\"Ruspa kunststof wielmoerdoppen 32mm - 46 mm hoog - wielaccessoire die geschikt is voor een DAF, MAN, Mercedes en Iveco vrachtwagen - chrome accessoire voor de wielen\"},{\"@type\":\"BreadcrumbList\",\"@id\":\"https:\/\/truckned.nl\/product\/ruspa-kunststof-wielmoerdoppen-32mm\/#breadcrumb\",\"itemListElement\":[{\"@type\":\"ListItem\",\"position\":1,\"name\":\"Home\",\"item\":\"https:\/\/truckned.nl\/\"},{\"@type\":\"ListItem\",\"position\":2,\"name\":\"Shop\",\"item\":\"https:\/\/truckned.nl\/nl\/shop\/\"},{\"@type\":\"ListItem\",\"position\":3,\"name\":\"Cabine - buitenzijde\",\"item\":\"https:\/\/truckned.nl\/nl\/product-categorie\/cabine-buitenzijde\/\"},{\"@type\":\"ListItem\",\"position\":4,\"name\":\"Wielmoerdoppen\",\"item\":\"https:\/\/truckned.nl\/nl\/product-categorie\/cabine-buitenzijde\/wielmoerdoppen\/\"},{\"@type\":\"ListItem\",\"position\":5,\"name\":\"Ruspa kunststof wielmoerdoppen 32mm\"}]},{\"@type\":\"WebSite\",\"@id\":\"https:\/\/truckned.nl\/nl\/#website\",\"url\":\"https:\/\/truckned.nl\/nl\/\",\"name\":\"Truckned\",\"description\":\"\",\"publisher\":{\"@id\":\"https:\/\/truckned.nl\/nl\/#organization\"},\"potentialAction\":[{\"@type\":\"SearchAction\",\"target\":{\"@type\":\"EntryPoint\",\"urlTemplate\":\"https:\/\/truckned.nl\/nl\/?s={search_term_string}\"},\"query-input\":{\"@type\":\"PropertyValueSpecification\",\"valueRequired\":true,\"valueName\":\"search_term_string\"}}],\"inLanguage\":\"de\"},{\"@type\":\"Organization\",\"@id\":\"https:\/\/truckned.nl\/nl\/#organization\",\"name\":\"Truckned\",\"url\":\"https:\/\/truckned.nl\/nl\/\",\"logo\":{\"@type\":\"ImageObject\",\"inLanguage\":\"de\",\"@id\":\"https:\/\/truckned.nl\/nl\/#\/schema\/logo\/image\/\",\"url\":\"https:\/\/truckned.nl\/wp-content\/uploads\/2022\/10\/800x800-Truckned-logo-zonder-tekst-ZWART.png\",\"contentUrl\":\"https:\/\/truckned.nl\/wp-content\/uploads\/2022\/10\/800x800-Truckned-logo-zonder-tekst-ZWART.png\",\"width\":801,\"height\":801,\"caption\":\"Truckned\"},\"image\":{\"@id\":\"https:\/\/truckned.nl\/nl\/#\/schema\/logo\/image\/\"},\"sameAs\":[\"https:\/\/www.facebook.com\/truckned\/\",\"https:\/\/www.instagram.com\/truckned\/\"],\"vatID\":\"NL863960509B01\",\"taxID\":\"86417487\",\"hasMerchantReturnPolicy\":{\"@type\":\"MerchantReturnPolicy\",\"merchantReturnLink\":\"https:\/\/truckned.nl\/de\/versand-rucksendungen\/\"}}]}<\/script>\n<meta property=\"product:brand\" content=\"Ruspa\" \/>\n<meta property=\"product:price:amount\" content=\"34.95\" \/>\n<meta property=\"product:price:currency\" content=\"EUR\" \/>\n<meta property=\"og:availability\" content=\"instock\" \/>\n<meta property=\"product:availability\" content=\"instock\" \/>\n<meta property=\"product:retailer_item_id\" content=\"TN-101317\" \/>\n<meta property=\"product:condition\" content=\"new\" \/>\n<!-- \/ Yoast SEO Premium plugin. -->","yoast_head_json":{"title":"Ruspa Kunststoff Radmutterkappe 32mm CHROM \u2013 Truckned \u2013 20 St\u00fcck","description":"Ruspa Kunststoff Radmutterkappe 32mm CHROM \u2013 passend f\u00fcr MAN \/ Mercedes \/ Iveco \/ DAF \u2013 Farbe: CHROM \u2013 Set mit 20 St\u00fcck \u2013 f\u00fcr Stahl- und Alcoa-R\u00e4der","robots":{"index":"index","follow":"follow","max-snippet":"max-snippet:-1","max-image-preview":"max-image-preview:large","max-video-preview":"max-video-preview:-1"},"canonical":"https:\/\/truckned.nl\/de\/produkt\/ruspa-kunststof-wielmoerdoppen-32mm\/","og_locale":"de_DE","og_type":"article","og_title":"Ruspa kunststof wielmoerdoppen 32mm CHROOM - Truckned - 20 stuks","og_description":"Ruspa kunststof wielmoerdoppen 32mm CHROOM - passend op MAN \/ Mercedes \/ Iveco \/ DAF - kleur: CHROOM - set van 20 stuks - voor staal en Alcoa wielen","og_url":"https:\/\/truckned.nl\/de\/produkt\/ruspa-kunststof-wielmoerdoppen-32mm\/","og_site_name":"Truckned","article_publisher":"https:\/\/www.facebook.com\/truckned\/","article_modified_time":"2026-04-21T15:42:57+00:00","og_image":[{"width":800,"height":800,"url":"https:\/\/truckned.nl\/wp-content\/uploads\/2024\/04\/TN-101317.png","type":"image\/png"}],"twitter_misc":{"Preis":"&euro;34,95","Verf\u00fcgbarkeit":"Auf Lager"},"schema":{"@context":"https:\/\/schema.org","@graph":[{"@type":["WebPage","ItemPage"],"@id":"https:\/\/truckned.nl\/product\/ruspa-kunststof-wielmoerdoppen-32mm\/","url":"https:\/\/truckned.nl\/product\/ruspa-kunststof-wielmoerdoppen-32mm\/","name":"Ruspa Kunststoff Radmutterkappe 32mm CHROM \u2013 Truckned \u2013 20 St\u00fcck","isPartOf":{"@id":"https:\/\/truckned.nl\/nl\/#website"},"primaryImageOfPage":{"@id":"https:\/\/truckned.nl\/product\/ruspa-kunststof-wielmoerdoppen-32mm\/#primaryimage"},"image":{"@id":"https:\/\/truckned.nl\/product\/ruspa-kunststof-wielmoerdoppen-32mm\/#primaryimage"},"thumbnailUrl":"https:\/\/truckned.nl\/wp-content\/uploads\/2024\/04\/TN-101317.png","datePublished":"2024-02-26T06:32:49+00:00","dateModified":"2026-04-21T15:42:57+00:00","description":"Ruspa Kunststoff Radmutterkappe 32mm CHROM \u2013 passend f\u00fcr MAN \/ Mercedes \/ Iveco \/ DAF \u2013 Farbe: CHROM \u2013 Set mit 20 St\u00fcck \u2013 f\u00fcr Stahl- und Alcoa-R\u00e4der","breadcrumb":{"@id":"https:\/\/truckned.nl\/product\/ruspa-kunststof-wielmoerdoppen-32mm\/#breadcrumb"},"inLanguage":"de","potentialAction":[{"@type":"ReadAction","target":["https:\/\/truckned.nl\/product\/ruspa-kunststof-wielmoerdoppen-32mm\/"]}]},{"@type":"ImageObject","inLanguage":"de","@id":"https:\/\/truckned.nl\/product\/ruspa-kunststof-wielmoerdoppen-32mm\/#primaryimage","url":"https:\/\/truckned.nl\/wp-content\/uploads\/2024\/04\/TN-101317.png","contentUrl":"https:\/\/truckned.nl\/wp-content\/uploads\/2024\/04\/TN-101317.png","width":800,"height":800,"caption":"Ruspa kunststof wielmoerdoppen 32mm - 46 mm hoog - wielaccessoire die geschikt is voor een DAF, MAN, Mercedes en Iveco vrachtwagen - chrome accessoire voor de wielen"},{"@type":"BreadcrumbList","@id":"https:\/\/truckned.nl\/product\/ruspa-kunststof-wielmoerdoppen-32mm\/#breadcrumb","itemListElement":[{"@type":"ListItem","position":1,"name":"Home","item":"https:\/\/truckned.nl\/"},{"@type":"ListItem","position":2,"name":"Shop","item":"https:\/\/truckned.nl\/nl\/shop\/"},{"@type":"ListItem","position":3,"name":"Cabine - buitenzijde","item":"https:\/\/truckned.nl\/nl\/product-categorie\/cabine-buitenzijde\/"},{"@type":"ListItem","position":4,"name":"Wielmoerdoppen","item":"https:\/\/truckned.nl\/nl\/product-categorie\/cabine-buitenzijde\/wielmoerdoppen\/"},{"@type":"ListItem","position":5,"name":"Ruspa kunststof wielmoerdoppen 32mm"}]},{"@type":"WebSite","@id":"https:\/\/truckned.nl\/nl\/#website","url":"https:\/\/truckned.nl\/nl\/","name":"Truckned","description":"","publisher":{"@id":"https:\/\/truckned.nl\/nl\/#organization"},"potentialAction":[{"@type":"SearchAction","target":{"@type":"EntryPoint","urlTemplate":"https:\/\/truckned.nl\/nl\/?s={search_term_string}"},"query-input":{"@type":"PropertyValueSpecification","valueRequired":true,"valueName":"search_term_string"}}],"inLanguage":"de"},{"@type":"Organization","@id":"https:\/\/truckned.nl\/nl\/#organization","name":"Truckned","url":"https:\/\/truckned.nl\/nl\/","logo":{"@type":"ImageObject","inLanguage":"de","@id":"https:\/\/truckned.nl\/nl\/#\/schema\/logo\/image\/","url":"https:\/\/truckned.nl\/wp-content\/uploads\/2022\/10\/800x800-Truckned-logo-zonder-tekst-ZWART.png","contentUrl":"https:\/\/truckned.nl\/wp-content\/uploads\/2022\/10\/800x800-Truckned-logo-zonder-tekst-ZWART.png","width":801,"height":801,"caption":"Truckned"},"image":{"@id":"https:\/\/truckned.nl\/nl\/#\/schema\/logo\/image\/"},"sameAs":["https:\/\/www.facebook.com\/truckned\/","https:\/\/www.instagram.com\/truckned\/"],"vatID":"NL863960509B01","taxID":"86417487","hasMerchantReturnPolicy":{"@type":"MerchantReturnPolicy","merchantReturnLink":"https:\/\/truckned.nl\/de\/versand-rucksendungen\/"}}]},"product_brand":"Ruspa","product_price_amount":"34.95","product_price_currency":"EUR","og_availability":"instock","product_availability":"instock","product_retailer_item_id":"TN-101317","product_condition":"new"},"_links":{"self":[{"href":"https:\/\/truckned.nl\/de\/wp-json\/wp\/v2\/product\/29704","targetHints":{"allow":["GET"]}}],"collection":[{"href":"https:\/\/truckned.nl\/de\/wp-json\/wp\/v2\/product"}],"about":[{"href":"https:\/\/truckned.nl\/de\/wp-json\/wp\/v2\/types\/product"}],"replies":[{"embeddable":true,"href":"https:\/\/truckned.nl\/de\/wp-json\/wp\/v2\/comments?post=29704"}],"wp:featuredmedia":[{"embeddable":true,"href":"https:\/\/truckned.nl\/de\/wp-json\/wp\/v2\/media\/29711"}],"wp:attachment":[{"href":"https:\/\/truckned.nl\/de\/wp-json\/wp\/v2\/media?parent=29704"}],"wp:term":[{"taxonomy":"product_brand","embeddable":true,"href":"https:\/\/truckned.nl\/de\/wp-json\/wp\/v2\/product_brand?post=29704"},{"taxonomy":"product_cat","embeddable":true,"href":"https:\/\/truckned.nl\/de\/wp-json\/wp\/v2\/product_cat?post=29704"},{"taxonomy":"product_tag","embeddable":true,"href":"https:\/\/truckned.nl\/de\/wp-json\/wp\/v2\/product_tag?post=29704"}],"curies":[{"name":"wp","href":"https:\/\/api.w.org\/{rel}","templated":true}]}}