{"id":29818,"date":"2024-06-12T10:29:09","date_gmt":"2024-06-12T09:29:09","guid":{"rendered":"https:\/\/truckned.nl\/?post_type=product&#038;p=29818"},"modified":"2026-04-04T14:23:50","modified_gmt":"2026-04-04T12:23:50","slug":"wielmoerdoptang","status":"publish","type":"product","link":"https:\/\/truckned.nl\/de\/produkt\/wielmoerdoptang\/","title":{"rendered":"Radmutterkappenzange"},"content":{"rendered":"<p><span style=\"color: #000000\"><strong>Radmutterkappenzange zum Entfernen von Mutterkappen.\u00a0<\/strong><\/span><\/p>\n<p><span style=\"color: #000000\">Haben Sie Ihren Lkw mit Radmutternkappen aus Kunststoff oder Edelstahl ausgestattet und m\u00f6chten diese l\u00f6sen, ohne sie zu stark zu besch\u00e4digen? Dann erw\u00e4gen Sie die Verwendung der Mutternkappenzange \u2013 blau. Die Mutternkappenzange verf\u00fcgt \u00fcber eine Gummischutzschicht. Diese Schicht stellt sicher, dass die Radmutternabdeckungen bei korrekter Verwendung nicht besch\u00e4digt werden. Diese Zange kann f\u00fcr Radmutterkappen von 32 und 33 mm verwendet werden.\u00a0<\/span><\/p>\n<p><span style=\"color: #000000\">Wenn Sie sich f\u00fcr eine Radmutternkappenzange entscheiden, entscheiden Sie sich f\u00fcr Qualit\u00e4t. Dies wird durch mehrere Punkte best\u00e4tigt. Eine davon ist beispielsweise die Gummischutzschicht. Diese Schicht stellt sicher, dass die montierten Radmutternabdeckungen bei sachgem\u00e4\u00dfer Verwendung keinen Schaden nehmen. Dar\u00fcber hinaus ist die Radmutternkappenzange aus Metall sehr robust und h\u00e4lt daher auch einem Schlag stand. Dieses Zubeh\u00f6r wird pro St\u00fcck geliefert.\u00a0<\/span><\/p>\n<h5><span style=\"color: #000000\"><strong>Andere Modelle:<\/strong><\/span><\/h5>\n<p><span style=\"color: #000000\">Haben Sie Radmutternkappen an Ihrem LKW angebracht, denken aber, dass die BLAUE Radmutternkappenzange nicht gut genug ist? Oder haben Sie einen Radring montiert und kommen mit der blauen Zange nicht weit genug? Dann wissen Sie, dass die Radmutternkappenzange auch in einer stabileren\/l\u00e4ngeren Ausf\u00fchrung erh\u00e4ltlich ist. Die Heavy Duty-Version finden Sie unten.<\/span><\/p>\n<ul>\n<li><span style=\"color: #000000\"><a style=\"color: #000000\" href=\"https:\/\/truckned.nl\/de\/produkt\/wielmoerdoptang-heavy-duty\/\"><strong>Radmutterkappenzange Heavy Duty\u00a0<\/strong><\/a><\/span><\/li>\n<\/ul>\n<p><span style=\"color: #000000\">Sind Sie letztendlich der Meinung, dass die BLAUE Radmutternkappenzange nicht das ist, was Sie suchen? Einfach weil Ihnen die Farbe, Form oder H\u00f6he nicht gef\u00e4llt? Dann sehen Sie sich hier das komplette Angebot an <a style=\"color: #000000\" href=\"https:\/\/truckned.nl\/de\/produkt-kategorie\/cabine-buitenzijde\/\" target=\"_blank\" rel=\"noopener\">au\u00dferhalb der Kabine<\/a>.<\/span><\/p>","protected":false},"excerpt":{"rendered":"<p>Radmutternschl\u00fcsselzange zum Entfernen von Radmutterkappen. Haben Sie Radmutterkappen aus Kunststoff oder Edelstahl an Ihrem LKW und m\u00f6chten diese l\u00f6sen, ohne sie zu sehr zu besch\u00e4digen? Dann sollten Sie die Radmutternschl\u00fcsselzange \u2013 blau \u2013 verwenden. Die Radmutternschl\u00fcsselzange ist mit einer Gummischutzschicht versehen. Diese Schicht sorgt daf\u00fcr, dass die Radmutterkappen bei richtiger Anwendung nicht [\u2026]<\/p>","protected":false},"featured_media":29821,"comment_status":"open","ping_status":"closed","template":"","meta":{"_acf_changed":false,"site-sidebar-layout":"default","site-content-layout":"default","ast-site-content-layout":"default","site-content-style":"default","site-sidebar-style":"default","ast-global-header-display":"","ast-banner-title-visibility":"","ast-main-header-display":"","ast-hfb-above-header-display":"","ast-hfb-below-header-display":"","ast-hfb-mobile-header-display":"","site-post-title":"","ast-breadcrumbs-content":"","ast-featured-img":"","footer-sml-layout":"","ast-disable-related-posts":"","theme-transparent-header-meta":"default","adv-header-id-meta":"","stick-header-meta":"","header-above-stick-meta":"","header-main-stick-meta":"","header-below-stick-meta":"","astra-migrate-meta-layouts":"default","ast-page-background-enabled":"default","ast-page-background-meta":{"desktop":{"background-color":"","background-image":"","background-repeat":"repeat","background-position":"center center","background-size":"auto","background-attachment":"scroll","background-type":"","background-media":"","overlay-type":"","overlay-color":"","overlay-opacity":"","overlay-gradient":""},"tablet":{"background-color":"","background-image":"","background-repeat":"repeat","background-position":"center center","background-size":"auto","background-attachment":"scroll","background-type":"","background-media":"","overlay-type":"","overlay-color":"","overlay-opacity":"","overlay-gradient":""},"mobile":{"background-color":"","background-image":"","background-repeat":"repeat","background-position":"center center","background-size":"auto","background-attachment":"scroll","background-type":"","background-media":"","overlay-type":"","overlay-color":"","overlay-opacity":"","overlay-gradient":""}},"ast-content-background-meta":{"desktop":{"background-color":"var(--ast-global-color-5)","background-image":"","background-repeat":"repeat","background-position":"center center","background-size":"auto","background-attachment":"scroll","background-type":"","background-media":"","overlay-type":"","overlay-color":"","overlay-opacity":"","overlay-gradient":""},"tablet":{"background-color":"var(--ast-global-color-5)","background-image":"","background-repeat":"repeat","background-position":"center center","background-size":"auto","background-attachment":"scroll","background-type":"","background-media":"","overlay-type":"","overlay-color":"","overlay-opacity":"","overlay-gradient":""},"mobile":{"background-color":"var(--ast-global-color-5)","background-image":"","background-repeat":"repeat","background-position":"center center","background-size":"auto","background-attachment":"scroll","background-type":"","background-media":"","overlay-type":"","overlay-color":"","overlay-opacity":"","overlay-gradient":""}}},"product_brand":[],"product_cat":[7544],"product_tag":[],"class_list":{"0":"post-29818","1":"product","2":"type-product","3":"status-publish","4":"has-post-thumbnail","6":"product_cat-wielmoerdoppen","7":"pa_merkk-product-nedking","8":"desktop-align-left","9":"tablet-align-left","10":"mobile-align-left","12":"first","13":"instock","14":"taxable","15":"shipping-taxable","16":"purchasable","17":"product-type-simple"},"acf":[],"yoast_head":"<!-- This site is optimized with the Yoast SEO Premium plugin v26.5 (Yoast SEO v26.5) - https:\/\/yoast.com\/wordpress\/plugins\/seo\/ -->\n<title>Wielmoerdoptang BLAUW - Truckned - voor 32 en 33mm doppen<\/title>\n<meta name=\"description\" content=\"Wielmoerdoptang BLAUW - Ideaal om wielmoer-doppen van de moeren af te halen zonder beschadigingen - geschikt voor diverse wieldoppen\" \/>\n<meta name=\"robots\" content=\"index, follow, max-snippet:-1, max-image-preview:large, max-video-preview:-1\" \/>\n<link rel=\"canonical\" href=\"https:\/\/truckned.nl\/de\/produkt\/wielmoerdoptang\/\" \/>\n<meta property=\"og:locale\" content=\"de_DE\" \/>\n<meta property=\"og:type\" content=\"article\" \/>\n<meta property=\"og:title\" content=\"Wielmoerdoptang BLAUW - Truckned - voor 32 en 33mm doppen\" \/>\n<meta property=\"og:description\" content=\"Wielmoerdoptang BLAUW - Ideaal om wielmoer-doppen van de moeren af te halen zonder beschadigingen - geschikt voor diverse wieldoppen\" \/>\n<meta property=\"og:url\" content=\"https:\/\/truckned.nl\/de\/produkt\/wielmoerdoptang\/\" \/>\n<meta property=\"og:site_name\" content=\"Truckned\" \/>\n<meta property=\"article:publisher\" content=\"https:\/\/www.facebook.com\/truckned\/\" \/>\n<meta property=\"article:modified_time\" content=\"2026-04-04T12:23:50+00:00\" \/>\n<meta property=\"og:image\" content=\"https:\/\/truckned.nl\/wp-content\/uploads\/2024\/06\/TN-111222-02.png\" \/>\n\t<meta property=\"og:image:width\" content=\"800\" \/>\n\t<meta property=\"og:image:height\" content=\"800\" \/>\n\t<meta property=\"og:image:type\" content=\"image\/png\" \/>\n<meta name=\"twitter:label1\" content=\"Preis\" \/>\n\t<meta name=\"twitter:data1\" content=\"&euro;9,95\" \/>\n\t<meta name=\"twitter:label2\" content=\"Verf\u00fcgbarkeit\" \/>\n\t<meta name=\"twitter:data2\" content=\"Auf Lager\" \/>\n<script type=\"application\/ld+json\" class=\"yoast-schema-graph\">{\"@context\":\"https:\/\/schema.org\",\"@graph\":[{\"@type\":[\"WebPage\",\"ItemPage\"],\"@id\":\"https:\/\/truckned.nl\/product\/wielmoerdoptang\/\",\"url\":\"https:\/\/truckned.nl\/product\/wielmoerdoptang\/\",\"name\":\"Wielmoerdoptang BLAUW - Truckned - voor 32 en 33mm doppen\",\"isPartOf\":{\"@id\":\"https:\/\/truckned.nl\/nl\/#website\"},\"primaryImageOfPage\":{\"@id\":\"https:\/\/truckned.nl\/product\/wielmoerdoptang\/#primaryimage\"},\"image\":{\"@id\":\"https:\/\/truckned.nl\/product\/wielmoerdoptang\/#primaryimage\"},\"thumbnailUrl\":\"https:\/\/truckned.nl\/wp-content\/uploads\/2024\/06\/TN-111222.png\",\"datePublished\":\"2024-06-12T09:29:09+00:00\",\"dateModified\":\"2026-04-04T12:23:50+00:00\",\"description\":\"Wielmoerdoptang BLAUW - Ideaal om wielmoer-doppen van de moeren af te halen zonder beschadigingen - geschikt voor diverse wieldoppen\",\"breadcrumb\":{\"@id\":\"https:\/\/truckned.nl\/product\/wielmoerdoptang\/#breadcrumb\"},\"inLanguage\":\"de\",\"potentialAction\":[{\"@type\":\"ReadAction\",\"target\":[\"https:\/\/truckned.nl\/product\/wielmoerdoptang\/\"]}]},{\"@type\":\"ImageObject\",\"inLanguage\":\"de\",\"@id\":\"https:\/\/truckned.nl\/product\/wielmoerdoptang\/#primaryimage\",\"url\":\"https:\/\/truckned.nl\/wp-content\/uploads\/2024\/06\/TN-111222.png\",\"contentUrl\":\"https:\/\/truckned.nl\/wp-content\/uploads\/2024\/06\/TN-111222.png\",\"width\":800,\"height\":800,\"caption\":\"Wielmoerdoptang met rubber handvat en bescherming - moerdop tang voor een vrachtwagen en past op 32 en 33mm dop\"},{\"@type\":\"BreadcrumbList\",\"@id\":\"https:\/\/truckned.nl\/product\/wielmoerdoptang\/#breadcrumb\",\"itemListElement\":[{\"@type\":\"ListItem\",\"position\":1,\"name\":\"Home\",\"item\":\"https:\/\/truckned.nl\/\"},{\"@type\":\"ListItem\",\"position\":2,\"name\":\"Shop\",\"item\":\"https:\/\/truckned.nl\/nl\/shop\/\"},{\"@type\":\"ListItem\",\"position\":3,\"name\":\"Cabine - buitenzijde\",\"item\":\"https:\/\/truckned.nl\/nl\/product-categorie\/cabine-buitenzijde\/\"},{\"@type\":\"ListItem\",\"position\":4,\"name\":\"Wielmoerdoppen\",\"item\":\"https:\/\/truckned.nl\/nl\/product-categorie\/cabine-buitenzijde\/wielmoerdoppen\/\"},{\"@type\":\"ListItem\",\"position\":5,\"name\":\"Wielmoerdoptang\"}]},{\"@type\":\"WebSite\",\"@id\":\"https:\/\/truckned.nl\/nl\/#website\",\"url\":\"https:\/\/truckned.nl\/nl\/\",\"name\":\"Truckned\",\"description\":\"\",\"publisher\":{\"@id\":\"https:\/\/truckned.nl\/nl\/#organization\"},\"potentialAction\":[{\"@type\":\"SearchAction\",\"target\":{\"@type\":\"EntryPoint\",\"urlTemplate\":\"https:\/\/truckned.nl\/nl\/?s={search_term_string}\"},\"query-input\":{\"@type\":\"PropertyValueSpecification\",\"valueRequired\":true,\"valueName\":\"search_term_string\"}}],\"inLanguage\":\"de\"},{\"@type\":\"Organization\",\"@id\":\"https:\/\/truckned.nl\/nl\/#organization\",\"name\":\"Truckned\",\"url\":\"https:\/\/truckned.nl\/nl\/\",\"logo\":{\"@type\":\"ImageObject\",\"inLanguage\":\"de\",\"@id\":\"https:\/\/truckned.nl\/nl\/#\/schema\/logo\/image\/\",\"url\":\"https:\/\/truckned.nl\/wp-content\/uploads\/2022\/10\/800x800-Truckned-logo-zonder-tekst-ZWART.png\",\"contentUrl\":\"https:\/\/truckned.nl\/wp-content\/uploads\/2022\/10\/800x800-Truckned-logo-zonder-tekst-ZWART.png\",\"width\":801,\"height\":801,\"caption\":\"Truckned\"},\"image\":{\"@id\":\"https:\/\/truckned.nl\/nl\/#\/schema\/logo\/image\/\"},\"sameAs\":[\"https:\/\/www.facebook.com\/truckned\/\",\"https:\/\/www.instagram.com\/truckned\/\"],\"vatID\":\"NL863960509B01\",\"taxID\":\"86417487\",\"hasMerchantReturnPolicy\":{\"@type\":\"MerchantReturnPolicy\",\"merchantReturnLink\":\"https:\/\/truckned.nl\/de\/versand-rucksendungen\/\"}}]}<\/script>\n<meta property=\"product:brand\" content=\"Nedking\" \/>\n<meta property=\"product:price:amount\" content=\"9.95\" \/>\n<meta property=\"product:price:currency\" content=\"EUR\" \/>\n<meta property=\"og:availability\" content=\"instock\" \/>\n<meta property=\"product:availability\" content=\"instock\" \/>\n<meta property=\"product:retailer_item_id\" content=\"TN-111222\" \/>\n<meta property=\"product:condition\" content=\"new\" \/>\n<!-- \/ Yoast SEO Premium plugin. -->","yoast_head_json":{"title":"Radmutterkappenzange BLAU \u2013 Truckned \u2013 f\u00fcr 32- und 33-mm-Steckn\u00fcsse","description":"Radmutterkappenzange BLAU \u2013 Ideal zum besch\u00e4digungsfreien Entfernen von Radmutterkappen von den Muttern \u2013 passend f\u00fcr verschiedene Radkappen","robots":{"index":"index","follow":"follow","max-snippet":"max-snippet:-1","max-image-preview":"max-image-preview:large","max-video-preview":"max-video-preview:-1"},"canonical":"https:\/\/truckned.nl\/de\/produkt\/wielmoerdoptang\/","og_locale":"de_DE","og_type":"article","og_title":"Wielmoerdoptang BLAUW - Truckned - voor 32 en 33mm doppen","og_description":"Wielmoerdoptang BLAUW - Ideaal om wielmoer-doppen van de moeren af te halen zonder beschadigingen - geschikt voor diverse wieldoppen","og_url":"https:\/\/truckned.nl\/de\/produkt\/wielmoerdoptang\/","og_site_name":"Truckned","article_publisher":"https:\/\/www.facebook.com\/truckned\/","article_modified_time":"2026-04-04T12:23:50+00:00","og_image":[{"width":800,"height":800,"url":"https:\/\/truckned.nl\/wp-content\/uploads\/2024\/06\/TN-111222-02.png","type":"image\/png"}],"twitter_misc":{"Preis":"&euro;9,95","Verf\u00fcgbarkeit":"Auf Lager"},"schema":{"@context":"https:\/\/schema.org","@graph":[{"@type":["WebPage","ItemPage"],"@id":"https:\/\/truckned.nl\/product\/wielmoerdoptang\/","url":"https:\/\/truckned.nl\/product\/wielmoerdoptang\/","name":"Radmutterkappenzange BLAU \u2013 Truckned \u2013 f\u00fcr 32- und 33-mm-Steckn\u00fcsse","isPartOf":{"@id":"https:\/\/truckned.nl\/nl\/#website"},"primaryImageOfPage":{"@id":"https:\/\/truckned.nl\/product\/wielmoerdoptang\/#primaryimage"},"image":{"@id":"https:\/\/truckned.nl\/product\/wielmoerdoptang\/#primaryimage"},"thumbnailUrl":"https:\/\/truckned.nl\/wp-content\/uploads\/2024\/06\/TN-111222.png","datePublished":"2024-06-12T09:29:09+00:00","dateModified":"2026-04-04T12:23:50+00:00","description":"Radmutterkappenzange BLAU \u2013 Ideal zum besch\u00e4digungsfreien Entfernen von Radmutterkappen von den Muttern \u2013 passend f\u00fcr verschiedene Radkappen","breadcrumb":{"@id":"https:\/\/truckned.nl\/product\/wielmoerdoptang\/#breadcrumb"},"inLanguage":"de","potentialAction":[{"@type":"ReadAction","target":["https:\/\/truckned.nl\/product\/wielmoerdoptang\/"]}]},{"@type":"ImageObject","inLanguage":"de","@id":"https:\/\/truckned.nl\/product\/wielmoerdoptang\/#primaryimage","url":"https:\/\/truckned.nl\/wp-content\/uploads\/2024\/06\/TN-111222.png","contentUrl":"https:\/\/truckned.nl\/wp-content\/uploads\/2024\/06\/TN-111222.png","width":800,"height":800,"caption":"Wielmoerdoptang met rubber handvat en bescherming - moerdop tang voor een vrachtwagen en past op 32 en 33mm dop"},{"@type":"BreadcrumbList","@id":"https:\/\/truckned.nl\/product\/wielmoerdoptang\/#breadcrumb","itemListElement":[{"@type":"ListItem","position":1,"name":"Home","item":"https:\/\/truckned.nl\/"},{"@type":"ListItem","position":2,"name":"Shop","item":"https:\/\/truckned.nl\/nl\/shop\/"},{"@type":"ListItem","position":3,"name":"Cabine - buitenzijde","item":"https:\/\/truckned.nl\/nl\/product-categorie\/cabine-buitenzijde\/"},{"@type":"ListItem","position":4,"name":"Wielmoerdoppen","item":"https:\/\/truckned.nl\/nl\/product-categorie\/cabine-buitenzijde\/wielmoerdoppen\/"},{"@type":"ListItem","position":5,"name":"Wielmoerdoptang"}]},{"@type":"WebSite","@id":"https:\/\/truckned.nl\/nl\/#website","url":"https:\/\/truckned.nl\/nl\/","name":"Truckned","description":"","publisher":{"@id":"https:\/\/truckned.nl\/nl\/#organization"},"potentialAction":[{"@type":"SearchAction","target":{"@type":"EntryPoint","urlTemplate":"https:\/\/truckned.nl\/nl\/?s={search_term_string}"},"query-input":{"@type":"PropertyValueSpecification","valueRequired":true,"valueName":"search_term_string"}}],"inLanguage":"de"},{"@type":"Organization","@id":"https:\/\/truckned.nl\/nl\/#organization","name":"Truckned","url":"https:\/\/truckned.nl\/nl\/","logo":{"@type":"ImageObject","inLanguage":"de","@id":"https:\/\/truckned.nl\/nl\/#\/schema\/logo\/image\/","url":"https:\/\/truckned.nl\/wp-content\/uploads\/2022\/10\/800x800-Truckned-logo-zonder-tekst-ZWART.png","contentUrl":"https:\/\/truckned.nl\/wp-content\/uploads\/2022\/10\/800x800-Truckned-logo-zonder-tekst-ZWART.png","width":801,"height":801,"caption":"Truckned"},"image":{"@id":"https:\/\/truckned.nl\/nl\/#\/schema\/logo\/image\/"},"sameAs":["https:\/\/www.facebook.com\/truckned\/","https:\/\/www.instagram.com\/truckned\/"],"vatID":"NL863960509B01","taxID":"86417487","hasMerchantReturnPolicy":{"@type":"MerchantReturnPolicy","merchantReturnLink":"https:\/\/truckned.nl\/de\/versand-rucksendungen\/"}}]},"product_brand":"Nedking","product_price_amount":"9.95","product_price_currency":"EUR","og_availability":"instock","product_availability":"instock","product_retailer_item_id":"TN-111222","product_condition":"new"},"_links":{"self":[{"href":"https:\/\/truckned.nl\/de\/wp-json\/wp\/v2\/product\/29818","targetHints":{"allow":["GET"]}}],"collection":[{"href":"https:\/\/truckned.nl\/de\/wp-json\/wp\/v2\/product"}],"about":[{"href":"https:\/\/truckned.nl\/de\/wp-json\/wp\/v2\/types\/product"}],"replies":[{"embeddable":true,"href":"https:\/\/truckned.nl\/de\/wp-json\/wp\/v2\/comments?post=29818"}],"wp:featuredmedia":[{"embeddable":true,"href":"https:\/\/truckned.nl\/de\/wp-json\/wp\/v2\/media\/29821"}],"wp:attachment":[{"href":"https:\/\/truckned.nl\/de\/wp-json\/wp\/v2\/media?parent=29818"}],"wp:term":[{"taxonomy":"product_brand","embeddable":true,"href":"https:\/\/truckned.nl\/de\/wp-json\/wp\/v2\/product_brand?post=29818"},{"taxonomy":"product_cat","embeddable":true,"href":"https:\/\/truckned.nl\/de\/wp-json\/wp\/v2\/product_cat?post=29818"},{"taxonomy":"product_tag","embeddable":true,"href":"https:\/\/truckned.nl\/de\/wp-json\/wp\/v2\/product_tag?post=29818"}],"curies":[{"name":"wp","href":"https:\/\/api.w.org\/{rel}","templated":true}]}}