{"id":29882,"date":"2024-06-25T12:56:55","date_gmt":"2024-06-25T11:56:55","guid":{"rendered":"https:\/\/truckned.nl\/?post_type=product&#038;p=29882"},"modified":"2026-03-14T10:42:18","modified_gmt":"2026-03-14T09:42:18","slug":"strands-torpedo-toplamp-black-bullet","status":"publish","type":"product","link":"https:\/\/truckned.nl\/de\/produkt\/strands-torpedo-toplamp-black-bullet\/","title":{"rendered":"Strands Torpedo-Toplampe Black Bullet"},"content":{"rendered":"<p><span style=\"color: #000000;\"><strong>Strands torpedo toplamp BLACK BULLET Version, f\u00fcr 12&amp;24v.<\/strong><\/span><\/p>\n<p><span style=\"color: #000000;\">Sie m\u00f6chten Ihren LKW oder ein anderes Fahrzeug mit einem coolen Zubeh\u00f6r ausstatten, wissen aber nicht, wonach Sie suchen? Vielleicht ist die Torpedo-Toplampe Strands in der Ausf\u00fchrung BLACK BULLET mit integriertem Blitz die Lampe, die Sie suchen. Diese revolution\u00e4re Toplampe ist nicht nur mit einem Blitz, sondern auch mit einem zweifarbigen standlicht ausgestattet. Das bedeutet, dass Sie die Lampe auf die Farbe Wei\u00df oder Orange einstellen k\u00f6nnen. Die Toplampe Strands funktioniert mit 12 und 24 Volt. Dadurch k\u00f6nnen Sie die Lampe beispielsweise an einem Transporter oder LKW verwenden. kann auf wei\u00df oder orange eingestellt werden. <\/span><\/p>\n<p><span style=\"color: #000000;\">Denn Sie m\u00f6chten sicher sein, dass die Strands Torpedo-Topleuchte BLACK BULLET mit zweifarbigem Licht f\u00fcr Ihren Transporter oder LKW geeignet ist. Nachfolgend haben wir einige Spezifikationen aufgeschrieben. All dies, um deutlich zu machen, warum dies m\u00f6glicherweise die Lampe ist, nach der Sie suchen. Die Torpedolampe LED wird mit Befestigungsmaterial aus Edelstahl und einem Gummisockel geliefert. Wichtig ist aber auch, dass die LED-Lampe das ECE-R148-G\u00fctezeichen tr\u00e4gt. Dieses G\u00fctezeichen weist darauf hin, dass die Leuchte als Markierungsleuchte verwendet werden darf.<\/span><\/p>\n<h5><span style=\"color: #000000;\"><strong>Abmessungen:<\/strong><\/span><\/h5>\n<p><span style=\"color: #000000;\">Denn vor dem Kauf m\u00f6chten Sie sicher sein, dass die Aufsatzlampe dort passt, wo Sie sie montieren m\u00f6chten. Die Abmessungen der torpedof\u00f6rmigen Lampe haben wir unten notiert. Die Abmessungen der Strands-Torpedo-Toplampe mit zweifarbigem standlicht sind wie folgt.<\/span><\/p>\n<ul>\n<li><span style=\"color: #000000;\">L\u00e4nge: 426,6 mm\u00a0<\/span><\/li>\n<li><span style=\"color: #000000;\">Breite: 93,1 mm<\/span><\/li>\n<li><span style=\"color: #000000;\">H\u00f6he: 94,1 mm<\/span><\/li>\n<\/ul>\n<h5><span style=\"color: #000000;\"><strong>Andere Farben:<\/strong><\/span><\/h5>\n<p><span style=\"color: #000000;\">Sie m\u00f6chten eine Strands LED Torpedo-Toplampe einbauen, ist aber nicht die Version mit schwarzem Geh\u00e4use, die Sie suchen? Dann wissen Sie, dass die Strands Torpedo-Toplampe BLACK BULLET mit zweifarbiger standlicht auch in einer silbernen Version erh\u00e4ltlich ist. Die silberfarbene Variante finden Sie hier.\u00a0<\/span><\/p>\n<ul>\n<li><span style=\"color: #000000;\"><a style=\"color: #000000;\" href=\"https:\/\/truckned.nl\/de\/produkt\/strands-torpedo-toplamp-silver-arrow\/\"><strong>Strands torpedo toplamp silber<\/strong><\/a><\/span><\/li>\n<\/ul>\n<p><span style=\"color: #000000;\">Sind Sie nach dem Lesen aller Spezifikationen immer noch nicht davon \u00fcberzeugt, dass die Strands Torpedo-Toplampe BLACK BULLET das ist, was Sie suchen? <span style=\"font-size: 16px;\">Einfach weil Ihnen die Farbe, Form oder L\u00e4nge nicht gef\u00e4llt? Dann sehen Sie sich hier das komplette Sortiment der Marke an <a style=\"color: #000000;\" href=\"https:\/\/truckned.nl\/de\/merk\/produkt-strands-beleuchtungsabteilung\/\">Strands<\/a>.<\/span><\/span><\/p>","protected":false},"excerpt":{"rendered":"<p>Strands Torpedo-Toplicht, BLACK BULLET-Version, f\u00fcr 12&amp;24v. Sie m\u00f6chten Ihren LKW oder ein anderes Fahrzeug mit einem coolen Zubeh\u00f6r ausstatten, wissen aber nicht, wonach Sie suchen sollen? Das Strands Torpedo-Toplicht in der BLACK BULLET-Version mit integriertem Blinker k\u00f6nnte genau das Richtige f\u00fcr Sie sein. Dieses revolution\u00e4re Toplicht bietet nicht nur [\u2026]<\/p>","protected":false},"featured_media":33431,"comment_status":"open","ping_status":"closed","template":"","meta":{"_acf_changed":false,"site-sidebar-layout":"default","site-content-layout":"default","ast-site-content-layout":"default","site-content-style":"default","site-sidebar-style":"default","ast-global-header-display":"","ast-banner-title-visibility":"","ast-main-header-display":"","ast-hfb-above-header-display":"","ast-hfb-below-header-display":"","ast-hfb-mobile-header-display":"","site-post-title":"","ast-breadcrumbs-content":"","ast-featured-img":"","footer-sml-layout":"","ast-disable-related-posts":"","theme-transparent-header-meta":"default","adv-header-id-meta":"","stick-header-meta":"","header-above-stick-meta":"","header-main-stick-meta":"","header-below-stick-meta":"","astra-migrate-meta-layouts":"set","ast-page-background-enabled":"default","ast-page-background-meta":{"desktop":{"background-color":"","background-image":"","background-repeat":"repeat","background-position":"center center","background-size":"auto","background-attachment":"scroll","background-type":"","background-media":"","overlay-type":"","overlay-color":"","overlay-opacity":"","overlay-gradient":""},"tablet":{"background-color":"","background-image":"","background-repeat":"repeat","background-position":"center center","background-size":"auto","background-attachment":"scroll","background-type":"","background-media":"","overlay-type":"","overlay-color":"","overlay-opacity":"","overlay-gradient":""},"mobile":{"background-color":"","background-image":"","background-repeat":"repeat","background-position":"center center","background-size":"auto","background-attachment":"scroll","background-type":"","background-media":"","overlay-type":"","overlay-color":"","overlay-opacity":"","overlay-gradient":""}},"ast-content-background-meta":{"desktop":{"background-color":"var(--ast-global-color-5)","background-image":"","background-repeat":"repeat","background-position":"center center","background-size":"auto","background-attachment":"scroll","background-type":"","background-media":"","overlay-type":"","overlay-color":"","overlay-opacity":"","overlay-gradient":""},"tablet":{"background-color":"var(--ast-global-color-5)","background-image":"","background-repeat":"repeat","background-position":"center center","background-size":"auto","background-attachment":"scroll","background-type":"","background-media":"","overlay-type":"","overlay-color":"","overlay-opacity":"","overlay-gradient":""},"mobile":{"background-color":"var(--ast-global-color-5)","background-image":"","background-repeat":"repeat","background-position":"center center","background-size":"auto","background-attachment":"scroll","background-type":"","background-media":"","overlay-type":"","overlay-color":"","overlay-opacity":"","overlay-gradient":""}}},"product_brand":[],"product_cat":[7535],"product_tag":[],"class_list":{"0":"post-29882","1":"product","2":"type-product","3":"status-publish","4":"has-post-thumbnail","6":"product_cat-verlichting-toplichten","7":"pa_merkk-product-strands-lighting-division","8":"desktop-align-left","9":"tablet-align-left","10":"mobile-align-left","12":"first","13":"instock","14":"taxable","15":"shipping-taxable","16":"purchasable","17":"product-type-simple"},"acf":[],"yoast_head":"<!-- This site is optimized with the Yoast SEO Premium plugin v26.5 (Yoast SEO v26.5) - https:\/\/yoast.com\/wordpress\/plugins\/seo\/ -->\n<title>Strands torpedo toplamp BLACK BULLET - Truckned - voor 12 &amp; 24V gebruik<\/title>\n<meta name=\"description\" content=\"Strands torpedo toplamp BLACK BULLET - DUAL COLOR standlicht - met LED flitser - 43cm lang model met rubber voetplaat - Strands verlichting\" \/>\n<meta name=\"robots\" content=\"index, follow, max-snippet:-1, max-image-preview:large, max-video-preview:-1\" \/>\n<link rel=\"canonical\" href=\"https:\/\/truckned.nl\/de\/produkt\/strands-torpedo-toplamp-black-bullet\/\" \/>\n<meta property=\"og:locale\" content=\"de_DE\" \/>\n<meta property=\"og:type\" content=\"article\" \/>\n<meta property=\"og:title\" content=\"Strands torpedo toplamp BLACK BULLET - Truckned - voor 12 &amp; 24V gebruik\" \/>\n<meta property=\"og:description\" content=\"Strands torpedo toplamp BLACK BULLET - DUAL COLOR standlicht - met LED flitser - 43cm lang model met rubber voetplaat - Strands verlichting\" \/>\n<meta property=\"og:url\" content=\"https:\/\/truckned.nl\/de\/produkt\/strands-torpedo-toplamp-black-bullet\/\" \/>\n<meta property=\"og:site_name\" content=\"Truckned\" \/>\n<meta property=\"article:publisher\" content=\"https:\/\/www.facebook.com\/truckned\/\" \/>\n<meta property=\"article:modified_time\" content=\"2026-03-14T09:42:18+00:00\" \/>\n<meta property=\"og:image\" content=\"https:\/\/truckned.nl\/wp-content\/uploads\/2024\/06\/TN-850426-00.png\" \/>\n\t<meta property=\"og:image:width\" content=\"800\" \/>\n\t<meta property=\"og:image:height\" content=\"800\" \/>\n\t<meta property=\"og:image:type\" content=\"image\/png\" \/>\n<meta name=\"twitter:label1\" content=\"Preis\" \/>\n\t<meta name=\"twitter:data1\" content=\"&euro;64,95\" \/>\n\t<meta name=\"twitter:label2\" content=\"Verf\u00fcgbarkeit\" \/>\n\t<meta name=\"twitter:data2\" content=\"Auf Lager\" \/>\n<script type=\"application\/ld+json\" class=\"yoast-schema-graph\">{\"@context\":\"https:\/\/schema.org\",\"@graph\":[{\"@type\":[\"WebPage\",\"ItemPage\"],\"@id\":\"https:\/\/truckned.nl\/product\/strands-torpedo-toplamp-black-bullet\/\",\"url\":\"https:\/\/truckned.nl\/product\/strands-torpedo-toplamp-black-bullet\/\",\"name\":\"Strands torpedo toplamp BLACK BULLET - Truckned - voor 12 & 24V gebruik\",\"isPartOf\":{\"@id\":\"https:\/\/truckned.nl\/nl\/#website\"},\"primaryImageOfPage\":{\"@id\":\"https:\/\/truckned.nl\/product\/strands-torpedo-toplamp-black-bullet\/#primaryimage\"},\"image\":{\"@id\":\"https:\/\/truckned.nl\/product\/strands-torpedo-toplamp-black-bullet\/#primaryimage\"},\"thumbnailUrl\":\"https:\/\/truckned.nl\/wp-content\/uploads\/2024\/06\/TN-850426-00.png\",\"datePublished\":\"2024-06-25T11:56:55+00:00\",\"dateModified\":\"2026-03-14T09:42:18+00:00\",\"description\":\"Strands torpedo toplamp BLACK BULLET - DUAL COLOR standlicht - met LED flitser - 43cm lang model met rubber voetplaat - Strands verlichting\",\"breadcrumb\":{\"@id\":\"https:\/\/truckned.nl\/product\/strands-torpedo-toplamp-black-bullet\/#breadcrumb\"},\"inLanguage\":\"de\",\"potentialAction\":[{\"@type\":\"ReadAction\",\"target\":[\"https:\/\/truckned.nl\/product\/strands-torpedo-toplamp-black-bullet\/\"]}]},{\"@type\":\"ImageObject\",\"inLanguage\":\"de\",\"@id\":\"https:\/\/truckned.nl\/product\/strands-torpedo-toplamp-black-bullet\/#primaryimage\",\"url\":\"https:\/\/truckned.nl\/wp-content\/uploads\/2024\/06\/TN-850426-00.png\",\"contentUrl\":\"https:\/\/truckned.nl\/wp-content\/uploads\/2024\/06\/TN-850426-00.png\",\"width\":800,\"height\":800,\"caption\":\"Strands 850426\"},{\"@type\":\"BreadcrumbList\",\"@id\":\"https:\/\/truckned.nl\/product\/strands-torpedo-toplamp-black-bullet\/#breadcrumb\",\"itemListElement\":[{\"@type\":\"ListItem\",\"position\":1,\"name\":\"Home\",\"item\":\"https:\/\/truckned.nl\/\"},{\"@type\":\"ListItem\",\"position\":2,\"name\":\"Shop\",\"item\":\"https:\/\/truckned.nl\/nl\/shop\/\"},{\"@type\":\"ListItem\",\"position\":3,\"name\":\"Verlichting\",\"item\":\"https:\/\/truckned.nl\/de\/produkt-kategorie\/verlichting\/\"},{\"@type\":\"ListItem\",\"position\":4,\"name\":\"Toplichten\",\"item\":\"https:\/\/truckned.nl\/nl\/product-categorie\/verlichting\/verlichting-toplichten\/\"},{\"@type\":\"ListItem\",\"position\":5,\"name\":\"Strands torpedo toplamp Black Bullet\"}]},{\"@type\":\"WebSite\",\"@id\":\"https:\/\/truckned.nl\/nl\/#website\",\"url\":\"https:\/\/truckned.nl\/nl\/\",\"name\":\"Truckned\",\"description\":\"\",\"publisher\":{\"@id\":\"https:\/\/truckned.nl\/nl\/#organization\"},\"potentialAction\":[{\"@type\":\"SearchAction\",\"target\":{\"@type\":\"EntryPoint\",\"urlTemplate\":\"https:\/\/truckned.nl\/nl\/?s={search_term_string}\"},\"query-input\":{\"@type\":\"PropertyValueSpecification\",\"valueRequired\":true,\"valueName\":\"search_term_string\"}}],\"inLanguage\":\"de\"},{\"@type\":\"Organization\",\"@id\":\"https:\/\/truckned.nl\/nl\/#organization\",\"name\":\"Truckned\",\"url\":\"https:\/\/truckned.nl\/nl\/\",\"logo\":{\"@type\":\"ImageObject\",\"inLanguage\":\"de\",\"@id\":\"https:\/\/truckned.nl\/nl\/#\/schema\/logo\/image\/\",\"url\":\"https:\/\/truckned.nl\/wp-content\/uploads\/2022\/10\/800x800-Truckned-logo-zonder-tekst-ZWART.png\",\"contentUrl\":\"https:\/\/truckned.nl\/wp-content\/uploads\/2022\/10\/800x800-Truckned-logo-zonder-tekst-ZWART.png\",\"width\":801,\"height\":801,\"caption\":\"Truckned\"},\"image\":{\"@id\":\"https:\/\/truckned.nl\/nl\/#\/schema\/logo\/image\/\"},\"sameAs\":[\"https:\/\/www.facebook.com\/truckned\/\",\"https:\/\/www.instagram.com\/truckned\/\"],\"vatID\":\"NL863960509B01\",\"taxID\":\"86417487\",\"hasMerchantReturnPolicy\":{\"@type\":\"MerchantReturnPolicy\",\"merchantReturnLink\":\"https:\/\/truckned.nl\/de\/versand-rucksendungen\/\"}}]}<\/script>\n<meta property=\"product:brand\" content=\"Strands\" \/>\n<meta property=\"product:price:amount\" content=\"64.95\" \/>\n<meta property=\"product:price:currency\" content=\"EUR\" \/>\n<meta property=\"og:availability\" content=\"instock\" \/>\n<meta property=\"product:availability\" content=\"instock\" \/>\n<meta property=\"product:retailer_item_id\" content=\"TN-850426\" \/>\n<meta property=\"product:condition\" content=\"new\" \/>\n<!-- \/ Yoast SEO Premium plugin. -->","yoast_head_json":{"title":"Strands Torpedo-Toplampe BLACK BULLET \u2013 Truckned \u2013 f\u00fcr 12- und 24-V-Verwendung","description":"Strands Torpedo-Oberlichtlampe BLACK BULLET \u2013 ZWEIFARBIG standlicht \u2013 mit LED-Blitz \u2013 43 cm langes Modell mit Gummigrundplatte \u2013 Strands-Beleuchtung","robots":{"index":"index","follow":"follow","max-snippet":"max-snippet:-1","max-image-preview":"max-image-preview:large","max-video-preview":"max-video-preview:-1"},"canonical":"https:\/\/truckned.nl\/de\/produkt\/strands-torpedo-toplamp-black-bullet\/","og_locale":"de_DE","og_type":"article","og_title":"Strands torpedo toplamp BLACK BULLET - Truckned - voor 12 & 24V gebruik","og_description":"Strands torpedo toplamp BLACK BULLET - DUAL COLOR standlicht - met LED flitser - 43cm lang model met rubber voetplaat - Strands verlichting","og_url":"https:\/\/truckned.nl\/de\/produkt\/strands-torpedo-toplamp-black-bullet\/","og_site_name":"Truckned","article_publisher":"https:\/\/www.facebook.com\/truckned\/","article_modified_time":"2026-03-14T09:42:18+00:00","og_image":[{"width":800,"height":800,"url":"https:\/\/truckned.nl\/wp-content\/uploads\/2024\/06\/TN-850426-00.png","type":"image\/png"}],"twitter_misc":{"Preis":"&euro;64,95","Verf\u00fcgbarkeit":"Auf Lager"},"schema":{"@context":"https:\/\/schema.org","@graph":[{"@type":["WebPage","ItemPage"],"@id":"https:\/\/truckned.nl\/product\/strands-torpedo-toplamp-black-bullet\/","url":"https:\/\/truckned.nl\/product\/strands-torpedo-toplamp-black-bullet\/","name":"Strands Torpedo-Toplampe BLACK BULLET \u2013 Truckned \u2013 f\u00fcr 12- und 24-V-Verwendung","isPartOf":{"@id":"https:\/\/truckned.nl\/nl\/#website"},"primaryImageOfPage":{"@id":"https:\/\/truckned.nl\/product\/strands-torpedo-toplamp-black-bullet\/#primaryimage"},"image":{"@id":"https:\/\/truckned.nl\/product\/strands-torpedo-toplamp-black-bullet\/#primaryimage"},"thumbnailUrl":"https:\/\/truckned.nl\/wp-content\/uploads\/2024\/06\/TN-850426-00.png","datePublished":"2024-06-25T11:56:55+00:00","dateModified":"2026-03-14T09:42:18+00:00","description":"Strands Torpedo-Oberlichtlampe BLACK BULLET \u2013 ZWEIFARBIG standlicht \u2013 mit LED-Blitz \u2013 43 cm langes Modell mit Gummigrundplatte \u2013 Strands-Beleuchtung","breadcrumb":{"@id":"https:\/\/truckned.nl\/product\/strands-torpedo-toplamp-black-bullet\/#breadcrumb"},"inLanguage":"de","potentialAction":[{"@type":"ReadAction","target":["https:\/\/truckned.nl\/product\/strands-torpedo-toplamp-black-bullet\/"]}]},{"@type":"ImageObject","inLanguage":"de","@id":"https:\/\/truckned.nl\/product\/strands-torpedo-toplamp-black-bullet\/#primaryimage","url":"https:\/\/truckned.nl\/wp-content\/uploads\/2024\/06\/TN-850426-00.png","contentUrl":"https:\/\/truckned.nl\/wp-content\/uploads\/2024\/06\/TN-850426-00.png","width":800,"height":800,"caption":"Strands 850426"},{"@type":"BreadcrumbList","@id":"https:\/\/truckned.nl\/product\/strands-torpedo-toplamp-black-bullet\/#breadcrumb","itemListElement":[{"@type":"ListItem","position":1,"name":"Home","item":"https:\/\/truckned.nl\/"},{"@type":"ListItem","position":2,"name":"Shop","item":"https:\/\/truckned.nl\/nl\/shop\/"},{"@type":"ListItem","position":3,"name":"Verlichting","item":"https:\/\/truckned.nl\/de\/produkt-kategorie\/verlichting\/"},{"@type":"ListItem","position":4,"name":"Toplichten","item":"https:\/\/truckned.nl\/nl\/product-categorie\/verlichting\/verlichting-toplichten\/"},{"@type":"ListItem","position":5,"name":"Strands torpedo toplamp Black Bullet"}]},{"@type":"WebSite","@id":"https:\/\/truckned.nl\/nl\/#website","url":"https:\/\/truckned.nl\/nl\/","name":"Truckned","description":"","publisher":{"@id":"https:\/\/truckned.nl\/nl\/#organization"},"potentialAction":[{"@type":"SearchAction","target":{"@type":"EntryPoint","urlTemplate":"https:\/\/truckned.nl\/nl\/?s={search_term_string}"},"query-input":{"@type":"PropertyValueSpecification","valueRequired":true,"valueName":"search_term_string"}}],"inLanguage":"de"},{"@type":"Organization","@id":"https:\/\/truckned.nl\/nl\/#organization","name":"Truckned","url":"https:\/\/truckned.nl\/nl\/","logo":{"@type":"ImageObject","inLanguage":"de","@id":"https:\/\/truckned.nl\/nl\/#\/schema\/logo\/image\/","url":"https:\/\/truckned.nl\/wp-content\/uploads\/2022\/10\/800x800-Truckned-logo-zonder-tekst-ZWART.png","contentUrl":"https:\/\/truckned.nl\/wp-content\/uploads\/2022\/10\/800x800-Truckned-logo-zonder-tekst-ZWART.png","width":801,"height":801,"caption":"Truckned"},"image":{"@id":"https:\/\/truckned.nl\/nl\/#\/schema\/logo\/image\/"},"sameAs":["https:\/\/www.facebook.com\/truckned\/","https:\/\/www.instagram.com\/truckned\/"],"vatID":"NL863960509B01","taxID":"86417487","hasMerchantReturnPolicy":{"@type":"MerchantReturnPolicy","merchantReturnLink":"https:\/\/truckned.nl\/de\/versand-rucksendungen\/"}}]},"product_brand":"Strands","product_price_amount":"64.95","product_price_currency":"EUR","og_availability":"instock","product_availability":"instock","product_retailer_item_id":"TN-850426","product_condition":"new"},"_links":{"self":[{"href":"https:\/\/truckned.nl\/de\/wp-json\/wp\/v2\/product\/29882","targetHints":{"allow":["GET"]}}],"collection":[{"href":"https:\/\/truckned.nl\/de\/wp-json\/wp\/v2\/product"}],"about":[{"href":"https:\/\/truckned.nl\/de\/wp-json\/wp\/v2\/types\/product"}],"replies":[{"embeddable":true,"href":"https:\/\/truckned.nl\/de\/wp-json\/wp\/v2\/comments?post=29882"}],"wp:featuredmedia":[{"embeddable":true,"href":"https:\/\/truckned.nl\/de\/wp-json\/wp\/v2\/media\/33431"}],"wp:attachment":[{"href":"https:\/\/truckned.nl\/de\/wp-json\/wp\/v2\/media?parent=29882"}],"wp:term":[{"taxonomy":"product_brand","embeddable":true,"href":"https:\/\/truckned.nl\/de\/wp-json\/wp\/v2\/product_brand?post=29882"},{"taxonomy":"product_cat","embeddable":true,"href":"https:\/\/truckned.nl\/de\/wp-json\/wp\/v2\/product_cat?post=29882"},{"taxonomy":"product_tag","embeddable":true,"href":"https:\/\/truckned.nl\/de\/wp-json\/wp\/v2\/product_tag?post=29882"}],"curies":[{"name":"wp","href":"https:\/\/api.w.org\/{rel}","templated":true}]}}