{"id":30038,"date":"2024-07-24T13:48:18","date_gmt":"2024-07-24T12:48:18","guid":{"rendered":"https:\/\/truckned.nl\/?post_type=product&#038;p=30038"},"modified":"2026-01-28T08:36:23","modified_gmt":"2026-01-28T07:36:23","slug":"t-i-r-bord-groen-wit-40x25cm","status":"publish","type":"product","link":"https:\/\/truckned.nl\/de\/produkt\/t-i-r-bord-groen-wit-40x25cm\/","title":{"rendered":"T.I.R. Schild GR\u00dcN \/ WEISS - 40x25cm"},"content":{"rendered":"<p><span style=\"color: #000000\"><strong>Aluminium T.I.R. Schild GR\u00dcN \/ WEISS mit 3D-Druck.<\/strong> <\/span><\/p>\n<p><span style=\"color: #000000\">Suchen Sie ein sch\u00f6nes Zubeh\u00f6r f\u00fcr Ihren LKW, wissen aber nicht, wonach Sie suchen? Vielleicht ist die gr\u00fcn-wei\u00dfe Platine T.I.R. aus Aluminium das Zubeh\u00f6r, das Sie suchen. Das Schild verf\u00fcgt \u00fcber 3D-gedruckte Buchstaben und l\u00e4sst sich einfach an Ihrem LKW und\/oder Anh\u00e4nger montieren.\u00a0<\/span><\/p>\n<h5><span style=\"color: #000000\"><strong>Abmessungen:<\/strong><\/span><\/h5>\n<p><span style=\"color: #000000\">Damit Sie die gr\u00fcn-wei\u00dfe Platine T.I.R. \u00fcberall dort montieren k\u00f6nnen, wo Sie m\u00f6chten, haben wir die folgenden Ma\u00dfe notiert. Die Ma\u00dfe des gr\u00fcnen Aluminiumschildes mit wei\u00dfen Buchstaben sind wie folgt:<\/span><\/p>\n<ul>\n<li><span style=\"color: #000000\">Breite: 400 mm<\/span><\/li>\n<li><span style=\"color: #000000\">H\u00f6he: 250 mm<\/span><\/li>\n<\/ul>\n<h5><span style=\"color: #000000\"><strong>Andere Farben:<\/strong><\/span><\/h5>\n<p><span style=\"color: #000000\">Suchen Sie ein T.I.R.-Schild aus Aluminium, aber die Farbe GR\u00dcN\/WEISS ist nicht das, was Sie suchen? Dann sehen Sie sich hier die anderen Farben an, die Nedking anbietet:\u00a0<\/span><\/p>\n<ul>\n<li><span style=\"color: #000000\"><a style=\"color: #000000\" href=\"https:\/\/truckned.nl\/de\/produkt\/t-i-r-bord-zilver-zwart-40x25cm\/\" target=\"_blank\" rel=\"noopener\"><strong>TIR-Schild SILBER\/SCHWARZ<\/strong><\/a><\/span><\/li>\n<li><span style=\"color: #000000\"><a style=\"color: #000000\" href=\"https:\/\/truckned.nl\/de\/produkt\/t-i-r-bord-zwart-rood-40x25cm\/\" target=\"_blank\" rel=\"noopener\"><strong>TIR Platine SCHWARZ\/ROT<\/strong><\/a><\/span><\/li>\n<li><span style=\"color: #000000\"><a style=\"color: #000000\" href=\"https:\/\/truckned.nl\/de\/produkt\/t-i-r-bord-rood-zwart-40x25cm\/\" target=\"_blank\" rel=\"noopener\"><strong>TIR-Schild ROT\/SCHWARZ<\/strong><\/a><\/span><\/li>\n<li><span style=\"color: #000000\"><a style=\"color: #000000\" href=\"https:\/\/truckned.nl\/de\/produkt\/t-i-r-bord-zwart-geel-40x25cm\/\" target=\"_blank\" rel=\"noopener\"><strong>TIR Platine SCHWARZ\/GELB<\/strong><\/a><\/span><\/li>\n<li><span style=\"color: #000000\"><a style=\"color: #000000\" href=\"https:\/\/truckned.nl\/de\/produkt\/t-i-r-bord-geel-zwart-40x25cm\/\" target=\"_blank\" rel=\"noopener\"><strong>TIR Schild GELB\/SCHWARZ<\/strong><\/a><\/span><\/li>\n<li><span style=\"color: #000000\"><a style=\"color: #000000\" href=\"https:\/\/truckned.nl\/de\/produkt\/t-i-r-bord-blauw-wit-40x25cm\/\" target=\"_blank\" rel=\"noopener\"><strong>TIR-Schild BLAU\/WEI\u00df<\/strong><\/a><\/span><\/li>\n<li><span style=\"color: #000000\"><a style=\"color: #000000\" href=\"https:\/\/truckned.nl\/de\/produkt\/t-i-r-bord-zwart-wit-40x25cm\/\" target=\"_blank\" rel=\"noopener\"><strong>TIR-Schild SCHWARZ\/WEI\u00df<\/strong><\/a><\/span><\/li>\n<li><span style=\"color: #000000\"><a style=\"color: #000000\" href=\"https:\/\/truckned.nl\/de\/produkt\/t-i-r-bord-wit-zwart-40x25cm\/\" target=\"_blank\" rel=\"noopener\"><strong>TIR Platine WEISS\/SCHWARZ<\/strong><\/a><\/span><\/li>\n<li><span style=\"color: #000000\"><a style=\"color: #000000\" href=\"https:\/\/truckned.nl\/de\/produkt\/t-i-r-bord-rood-wit-40x25cm\/\" target=\"_blank\" rel=\"noopener\"><strong>TIR-Schild ROT\/WEI\u00df<\/strong><\/a><\/span><\/li>\n<li><span style=\"color: #000000\"><a style=\"color: #000000\" href=\"https:\/\/truckned.nl\/de\/produkt\/t-i-r-bord-wit-rood-40x25cm\/\" target=\"_blank\" rel=\"noopener\"><strong>TIR Platine WEISS\/ROT<\/strong><\/a><\/span><\/li>\n<\/ul>\n<p><span style=\"color: #000000\">Glauben Sie, dass das Aluminiumschild T.I.R. GR\u00dcN\/WEISS von Nedking nicht das ist, was Sie suchen? Einfach weil Ihnen die Farbe, Form oder L\u00e4nge nicht gef\u00e4llt? Dann sehen Sie sich hier das komplette Sortiment der Marke an <a style=\"color: #000000\" href=\"https:\/\/truckned.nl\/de\/merk\/produktabdeckung\/\" target=\"_blank\" rel=\"noopener\">Nedking<\/a>.<\/span><\/p>","protected":false},"excerpt":{"rendered":"<p>Aluminiumschild T.I.R. GR\u00dcN\/WEISS mit 3D-Druck. Suchen Sie nach einem lustigen Accessoire, um Ihren Truck individuell zu gestalten, wissen aber nicht, wonach Sie suchen sollen? Das Aluminiumschild T.I.R. in Gr\u00fcn und Wei\u00df k\u00f6nnte genau das Richtige f\u00fcr Sie sein. Das Schild verf\u00fcgt \u00fcber 3D-gedruckte Buchstaben [\u2026]<\/p>","protected":false},"featured_media":30044,"comment_status":"open","ping_status":"closed","template":"","meta":{"_acf_changed":false,"site-sidebar-layout":"default","site-content-layout":"default","ast-site-content-layout":"default","site-content-style":"default","site-sidebar-style":"default","ast-global-header-display":"","ast-banner-title-visibility":"","ast-main-header-display":"","ast-hfb-above-header-display":"","ast-hfb-below-header-display":"","ast-hfb-mobile-header-display":"","site-post-title":"","ast-breadcrumbs-content":"","ast-featured-img":"","footer-sml-layout":"","ast-disable-related-posts":"","theme-transparent-header-meta":"default","adv-header-id-meta":"","stick-header-meta":"","header-above-stick-meta":"","header-main-stick-meta":"","header-below-stick-meta":"","astra-migrate-meta-layouts":"set","ast-page-background-enabled":"default","ast-page-background-meta":{"desktop":{"background-color":"","background-image":"","background-repeat":"repeat","background-position":"center center","background-size":"auto","background-attachment":"scroll","background-type":"","background-media":"","overlay-type":"","overlay-color":"","overlay-opacity":"","overlay-gradient":""},"tablet":{"background-color":"","background-image":"","background-repeat":"repeat","background-position":"center center","background-size":"auto","background-attachment":"scroll","background-type":"","background-media":"","overlay-type":"","overlay-color":"","overlay-opacity":"","overlay-gradient":""},"mobile":{"background-color":"","background-image":"","background-repeat":"repeat","background-position":"center center","background-size":"auto","background-attachment":"scroll","background-type":"","background-media":"","overlay-type":"","overlay-color":"","overlay-opacity":"","overlay-gradient":""}},"ast-content-background-meta":{"desktop":{"background-color":"var(--ast-global-color-5)","background-image":"","background-repeat":"repeat","background-position":"center center","background-size":"auto","background-attachment":"scroll","background-type":"","background-media":"","overlay-type":"","overlay-color":"","overlay-opacity":"","overlay-gradient":""},"tablet":{"background-color":"var(--ast-global-color-5)","background-image":"","background-repeat":"repeat","background-position":"center center","background-size":"auto","background-attachment":"scroll","background-type":"","background-media":"","overlay-type":"","overlay-color":"","overlay-opacity":"","overlay-gradient":""},"mobile":{"background-color":"var(--ast-global-color-5)","background-image":"","background-repeat":"repeat","background-position":"center center","background-size":"auto","background-attachment":"scroll","background-type":"","background-media":"","overlay-type":"","overlay-color":"","overlay-opacity":"","overlay-gradient":""}}},"product_brand":[],"product_cat":[7539],"product_tag":[],"class_list":{"0":"post-30038","1":"product","2":"type-product","3":"status-publish","4":"has-post-thumbnail","6":"product_cat-emblemen","7":"pa_merkk-product-nedking","8":"desktop-align-left","9":"tablet-align-left","10":"mobile-align-left","12":"first","13":"instock","14":"taxable","15":"shipping-taxable","16":"purchasable","17":"product-type-simple"},"acf":[],"yoast_head":"<!-- This site is optimized with the Yoast SEO Premium plugin v26.5 (Yoast SEO v26.5) - https:\/\/yoast.com\/wordpress\/plugins\/seo\/ -->\n<title>T.I.R. bord GROEN \/ WIT - 40x25cm - Truckned - accessoires en meer<\/title>\n<meta name=\"description\" content=\"T.I.R. bord GROEN \/ WIT - 40x25cm - word per stuk geleverd - 3D opdruk letters - beschikbaar in diverse kleuren - Nedking vrachtwagen accessoire\" \/>\n<meta name=\"robots\" content=\"index, follow, max-snippet:-1, max-image-preview:large, max-video-preview:-1\" \/>\n<link rel=\"canonical\" href=\"https:\/\/truckned.nl\/de\/produkt\/t-i-r-bord-groen-wit-40x25cm\/\" \/>\n<meta property=\"og:locale\" content=\"de_DE\" \/>\n<meta property=\"og:type\" content=\"article\" \/>\n<meta property=\"og:title\" content=\"T.I.R. bord GROEN \/ WIT - 40x25cm - Truckned - accessoires en meer\" \/>\n<meta property=\"og:description\" content=\"T.I.R. bord GROEN \/ WIT - 40x25cm - word per stuk geleverd - 3D opdruk letters - beschikbaar in diverse kleuren - Nedking vrachtwagen accessoire\" \/>\n<meta property=\"og:url\" content=\"https:\/\/truckned.nl\/de\/produkt\/t-i-r-bord-groen-wit-40x25cm\/\" \/>\n<meta property=\"og:site_name\" content=\"Truckned\" \/>\n<meta property=\"article:publisher\" content=\"https:\/\/www.facebook.com\/truckned\/\" \/>\n<meta property=\"article:modified_time\" content=\"2026-01-28T07:36:23+00:00\" \/>\n<meta property=\"og:image\" content=\"https:\/\/truckned.nl\/wp-content\/uploads\/2024\/07\/TN-501109.png\" \/>\n\t<meta property=\"og:image:width\" content=\"800\" \/>\n\t<meta property=\"og:image:height\" content=\"800\" \/>\n\t<meta property=\"og:image:type\" content=\"image\/png\" \/>\n<meta name=\"twitter:label1\" content=\"Preis\" \/>\n\t<meta name=\"twitter:data1\" content=\"&euro;24,95\" \/>\n\t<meta name=\"twitter:label2\" content=\"Verf\u00fcgbarkeit\" \/>\n\t<meta name=\"twitter:data2\" content=\"Auf Lager\" \/>\n<script type=\"application\/ld+json\" class=\"yoast-schema-graph\">{\"@context\":\"https:\/\/schema.org\",\"@graph\":[{\"@type\":[\"WebPage\",\"ItemPage\"],\"@id\":\"https:\/\/truckned.nl\/product\/t-i-r-bord-groen-wit-40x25cm\/\",\"url\":\"https:\/\/truckned.nl\/product\/t-i-r-bord-groen-wit-40x25cm\/\",\"name\":\"T.I.R. bord GROEN \/ WIT - 40x25cm - Truckned - accessoires en meer\",\"isPartOf\":{\"@id\":\"https:\/\/truckned.nl\/nl\/#website\"},\"primaryImageOfPage\":{\"@id\":\"https:\/\/truckned.nl\/product\/t-i-r-bord-groen-wit-40x25cm\/#primaryimage\"},\"image\":{\"@id\":\"https:\/\/truckned.nl\/product\/t-i-r-bord-groen-wit-40x25cm\/#primaryimage\"},\"thumbnailUrl\":\"https:\/\/truckned.nl\/wp-content\/uploads\/2024\/07\/501109.png\",\"datePublished\":\"2024-07-24T12:48:18+00:00\",\"dateModified\":\"2026-01-28T07:36:23+00:00\",\"description\":\"T.I.R. bord GROEN \/ WIT - 40x25cm - word per stuk geleverd - 3D opdruk letters - beschikbaar in diverse kleuren - Nedking vrachtwagen accessoire\",\"breadcrumb\":{\"@id\":\"https:\/\/truckned.nl\/product\/t-i-r-bord-groen-wit-40x25cm\/#breadcrumb\"},\"inLanguage\":\"de\",\"potentialAction\":[{\"@type\":\"ReadAction\",\"target\":[\"https:\/\/truckned.nl\/product\/t-i-r-bord-groen-wit-40x25cm\/\"]}]},{\"@type\":\"ImageObject\",\"inLanguage\":\"de\",\"@id\":\"https:\/\/truckned.nl\/product\/t-i-r-bord-groen-wit-40x25cm\/#primaryimage\",\"url\":\"https:\/\/truckned.nl\/wp-content\/uploads\/2024\/07\/501109.png\",\"contentUrl\":\"https:\/\/truckned.nl\/wp-content\/uploads\/2024\/07\/501109.png\",\"width\":800,\"height\":800,\"caption\":\"T.I.R. bord GROEN met letters WIT\"},{\"@type\":\"BreadcrumbList\",\"@id\":\"https:\/\/truckned.nl\/product\/t-i-r-bord-groen-wit-40x25cm\/#breadcrumb\",\"itemListElement\":[{\"@type\":\"ListItem\",\"position\":1,\"name\":\"Home\",\"item\":\"https:\/\/truckned.nl\/\"},{\"@type\":\"ListItem\",\"position\":2,\"name\":\"Shop\",\"item\":\"https:\/\/truckned.nl\/nl\/shop\/\"},{\"@type\":\"ListItem\",\"position\":3,\"name\":\"Cabine - buitenzijde\",\"item\":\"https:\/\/truckned.nl\/nl\/product-categorie\/cabine-buitenzijde\/\"},{\"@type\":\"ListItem\",\"position\":4,\"name\":\"Emblemen\",\"item\":\"https:\/\/truckned.nl\/product-categorie\/cabine-buitenzijde\/emblemen\/\"},{\"@type\":\"ListItem\",\"position\":5,\"name\":\"T.I.R. bord GROEN \/ WIT &#8211; 40x25cm\"}]},{\"@type\":\"WebSite\",\"@id\":\"https:\/\/truckned.nl\/nl\/#website\",\"url\":\"https:\/\/truckned.nl\/nl\/\",\"name\":\"Truckned\",\"description\":\"\",\"publisher\":{\"@id\":\"https:\/\/truckned.nl\/nl\/#organization\"},\"potentialAction\":[{\"@type\":\"SearchAction\",\"target\":{\"@type\":\"EntryPoint\",\"urlTemplate\":\"https:\/\/truckned.nl\/nl\/?s={search_term_string}\"},\"query-input\":{\"@type\":\"PropertyValueSpecification\",\"valueRequired\":true,\"valueName\":\"search_term_string\"}}],\"inLanguage\":\"de\"},{\"@type\":\"Organization\",\"@id\":\"https:\/\/truckned.nl\/nl\/#organization\",\"name\":\"Truckned\",\"url\":\"https:\/\/truckned.nl\/nl\/\",\"logo\":{\"@type\":\"ImageObject\",\"inLanguage\":\"de\",\"@id\":\"https:\/\/truckned.nl\/nl\/#\/schema\/logo\/image\/\",\"url\":\"https:\/\/truckned.nl\/wp-content\/uploads\/2022\/10\/800x800-Truckned-logo-zonder-tekst-ZWART.png\",\"contentUrl\":\"https:\/\/truckned.nl\/wp-content\/uploads\/2022\/10\/800x800-Truckned-logo-zonder-tekst-ZWART.png\",\"width\":801,\"height\":801,\"caption\":\"Truckned\"},\"image\":{\"@id\":\"https:\/\/truckned.nl\/nl\/#\/schema\/logo\/image\/\"},\"sameAs\":[\"https:\/\/www.facebook.com\/truckned\/\",\"https:\/\/www.instagram.com\/truckned\/\"],\"vatID\":\"NL863960509B01\",\"taxID\":\"86417487\",\"hasMerchantReturnPolicy\":{\"@type\":\"MerchantReturnPolicy\",\"merchantReturnLink\":\"https:\/\/truckned.nl\/de\/versand-rucksendungen\/\"}}]}<\/script>\n<meta property=\"product:brand\" content=\"Nedking\" \/>\n<meta property=\"product:price:amount\" content=\"24.95\" \/>\n<meta property=\"product:price:currency\" content=\"EUR\" \/>\n<meta property=\"og:availability\" content=\"instock\" \/>\n<meta property=\"product:availability\" content=\"instock\" \/>\n<meta property=\"product:retailer_item_id\" content=\"TN-501109\" \/>\n<meta property=\"product:condition\" content=\"new\" \/>\n<!-- \/ Yoast SEO Premium plugin. -->","yoast_head_json":{"title":"T.I.R. Schild GR\u00dcN \/ WEISS - 40x25cm - Truckned - Zubeh\u00f6r und mehr","description":"T.I.R. Schild GR\u00dcN\/WEISS \u2013 40 x 25 cm \u2013 wird pro St\u00fcck geliefert \u2013 3D-Druck \u2013 in verschiedenen Farben erh\u00e4ltlich \u2013 Nedking-LKW-Zubeh\u00f6r","robots":{"index":"index","follow":"follow","max-snippet":"max-snippet:-1","max-image-preview":"max-image-preview:large","max-video-preview":"max-video-preview:-1"},"canonical":"https:\/\/truckned.nl\/de\/produkt\/t-i-r-bord-groen-wit-40x25cm\/","og_locale":"de_DE","og_type":"article","og_title":"T.I.R. bord GROEN \/ WIT - 40x25cm - Truckned - accessoires en meer","og_description":"T.I.R. bord GROEN \/ WIT - 40x25cm - word per stuk geleverd - 3D opdruk letters - beschikbaar in diverse kleuren - Nedking vrachtwagen accessoire","og_url":"https:\/\/truckned.nl\/de\/produkt\/t-i-r-bord-groen-wit-40x25cm\/","og_site_name":"Truckned","article_publisher":"https:\/\/www.facebook.com\/truckned\/","article_modified_time":"2026-01-28T07:36:23+00:00","og_image":[{"width":800,"height":800,"url":"https:\/\/truckned.nl\/wp-content\/uploads\/2024\/07\/TN-501109.png","type":"image\/png"}],"twitter_misc":{"Preis":"&euro;24,95","Verf\u00fcgbarkeit":"Auf Lager"},"schema":{"@context":"https:\/\/schema.org","@graph":[{"@type":["WebPage","ItemPage"],"@id":"https:\/\/truckned.nl\/product\/t-i-r-bord-groen-wit-40x25cm\/","url":"https:\/\/truckned.nl\/product\/t-i-r-bord-groen-wit-40x25cm\/","name":"T.I.R. Schild GR\u00dcN \/ WEISS - 40x25cm - Truckned - Zubeh\u00f6r und mehr","isPartOf":{"@id":"https:\/\/truckned.nl\/nl\/#website"},"primaryImageOfPage":{"@id":"https:\/\/truckned.nl\/product\/t-i-r-bord-groen-wit-40x25cm\/#primaryimage"},"image":{"@id":"https:\/\/truckned.nl\/product\/t-i-r-bord-groen-wit-40x25cm\/#primaryimage"},"thumbnailUrl":"https:\/\/truckned.nl\/wp-content\/uploads\/2024\/07\/501109.png","datePublished":"2024-07-24T12:48:18+00:00","dateModified":"2026-01-28T07:36:23+00:00","description":"T.I.R. Schild GR\u00dcN\/WEISS \u2013 40 x 25 cm \u2013 wird pro St\u00fcck geliefert \u2013 3D-Druck \u2013 in verschiedenen Farben erh\u00e4ltlich \u2013 Nedking-LKW-Zubeh\u00f6r","breadcrumb":{"@id":"https:\/\/truckned.nl\/product\/t-i-r-bord-groen-wit-40x25cm\/#breadcrumb"},"inLanguage":"de","potentialAction":[{"@type":"ReadAction","target":["https:\/\/truckned.nl\/product\/t-i-r-bord-groen-wit-40x25cm\/"]}]},{"@type":"ImageObject","inLanguage":"de","@id":"https:\/\/truckned.nl\/product\/t-i-r-bord-groen-wit-40x25cm\/#primaryimage","url":"https:\/\/truckned.nl\/wp-content\/uploads\/2024\/07\/501109.png","contentUrl":"https:\/\/truckned.nl\/wp-content\/uploads\/2024\/07\/501109.png","width":800,"height":800,"caption":"T.I.R. bord GROEN met letters WIT"},{"@type":"BreadcrumbList","@id":"https:\/\/truckned.nl\/product\/t-i-r-bord-groen-wit-40x25cm\/#breadcrumb","itemListElement":[{"@type":"ListItem","position":1,"name":"Home","item":"https:\/\/truckned.nl\/"},{"@type":"ListItem","position":2,"name":"Shop","item":"https:\/\/truckned.nl\/nl\/shop\/"},{"@type":"ListItem","position":3,"name":"Cabine - buitenzijde","item":"https:\/\/truckned.nl\/nl\/product-categorie\/cabine-buitenzijde\/"},{"@type":"ListItem","position":4,"name":"Emblemen","item":"https:\/\/truckned.nl\/product-categorie\/cabine-buitenzijde\/emblemen\/"},{"@type":"ListItem","position":5,"name":"T.I.R. bord GROEN \/ WIT &#8211; 40x25cm"}]},{"@type":"WebSite","@id":"https:\/\/truckned.nl\/nl\/#website","url":"https:\/\/truckned.nl\/nl\/","name":"Truckned","description":"","publisher":{"@id":"https:\/\/truckned.nl\/nl\/#organization"},"potentialAction":[{"@type":"SearchAction","target":{"@type":"EntryPoint","urlTemplate":"https:\/\/truckned.nl\/nl\/?s={search_term_string}"},"query-input":{"@type":"PropertyValueSpecification","valueRequired":true,"valueName":"search_term_string"}}],"inLanguage":"de"},{"@type":"Organization","@id":"https:\/\/truckned.nl\/nl\/#organization","name":"Truckned","url":"https:\/\/truckned.nl\/nl\/","logo":{"@type":"ImageObject","inLanguage":"de","@id":"https:\/\/truckned.nl\/nl\/#\/schema\/logo\/image\/","url":"https:\/\/truckned.nl\/wp-content\/uploads\/2022\/10\/800x800-Truckned-logo-zonder-tekst-ZWART.png","contentUrl":"https:\/\/truckned.nl\/wp-content\/uploads\/2022\/10\/800x800-Truckned-logo-zonder-tekst-ZWART.png","width":801,"height":801,"caption":"Truckned"},"image":{"@id":"https:\/\/truckned.nl\/nl\/#\/schema\/logo\/image\/"},"sameAs":["https:\/\/www.facebook.com\/truckned\/","https:\/\/www.instagram.com\/truckned\/"],"vatID":"NL863960509B01","taxID":"86417487","hasMerchantReturnPolicy":{"@type":"MerchantReturnPolicy","merchantReturnLink":"https:\/\/truckned.nl\/de\/versand-rucksendungen\/"}}]},"product_brand":"Nedking","product_price_amount":"24.95","product_price_currency":"EUR","og_availability":"instock","product_availability":"instock","product_retailer_item_id":"TN-501109","product_condition":"new"},"_links":{"self":[{"href":"https:\/\/truckned.nl\/de\/wp-json\/wp\/v2\/product\/30038","targetHints":{"allow":["GET"]}}],"collection":[{"href":"https:\/\/truckned.nl\/de\/wp-json\/wp\/v2\/product"}],"about":[{"href":"https:\/\/truckned.nl\/de\/wp-json\/wp\/v2\/types\/product"}],"replies":[{"embeddable":true,"href":"https:\/\/truckned.nl\/de\/wp-json\/wp\/v2\/comments?post=30038"}],"wp:featuredmedia":[{"embeddable":true,"href":"https:\/\/truckned.nl\/de\/wp-json\/wp\/v2\/media\/30044"}],"wp:attachment":[{"href":"https:\/\/truckned.nl\/de\/wp-json\/wp\/v2\/media?parent=30038"}],"wp:term":[{"taxonomy":"product_brand","embeddable":true,"href":"https:\/\/truckned.nl\/de\/wp-json\/wp\/v2\/product_brand?post=30038"},{"taxonomy":"product_cat","embeddable":true,"href":"https:\/\/truckned.nl\/de\/wp-json\/wp\/v2\/product_cat?post=30038"},{"taxonomy":"product_tag","embeddable":true,"href":"https:\/\/truckned.nl\/de\/wp-json\/wp\/v2\/product_tag?post=30038"}],"curies":[{"name":"wp","href":"https:\/\/api.w.org\/{rel}","templated":true}]}}