{"id":30112,"date":"2024-08-08T13:57:16","date_gmt":"2024-08-08T12:57:16","guid":{"rendered":"https:\/\/truckned.nl\/?post_type=product&#038;p=30112"},"modified":"2025-12-23T12:06:18","modified_gmt":"2025-12-23T11:06:18","slug":"hadley-luchthoorn-56cm-black-edition","status":"publish","type":"product","link":"https:\/\/truckned.nl\/de\/produkt\/hadley-luchthoorn-56cm-black-edition\/","title":{"rendered":"Hadley Lufthorn 56cm Black Edition"},"content":{"rendered":"<p><span style=\"color: #000000;\"><strong>Hadley Lufthorn 56 cm Black Edition | H00855BCE.<\/strong><\/span><\/p>\n<p><span style=\"color: #000000;\">M\u00f6chten Sie Ihrem Truck ein robustes und kraftvolles Aussehen verleihen? Dann ist die Hadley Drucklufthupe 56cm Black Edition das perfekte Zubeh\u00f6r. Dieses 56 Zentimeter lange Tieftonhorn sorgt nicht nur f\u00fcr eine robuste Optik, sondern auch f\u00fcr einen beeindruckenden Klang. Dank eines Ger\u00e4uschpegels von 130 dB sind Sie schon von Weitem h\u00f6rbar! Da die Drucklufthupe volledig aus schwarz pulverbeschichtetem Edelstahl besteht, m\u00fcssen Sie sich keine Sorgen um Oxidation oder Verwitterung machen. Aus diesem Grund garantiert Hadley eine lange Lebensdauer und verf\u00fcgt zudem \u00fcber eine nachhaltig hochwertige Optik.<\/span><\/p>\n<p><span style=\"color: #000000;\">Die Hadley Drucklufthupe 56cm H00855BCE wird mit einer stabilen Montagehalterung geliefert und verf\u00fcgt \u00fcber einen PTC-Anschluss f\u00fcr einen 6mm Luftschlauch. Bitte beachten: Anschlussmaterial ist nicht im Lieferumfang enthalten und muss separat erworben werden. F\u00fcr den Betrieb dieser Drucklufthupe wird ein Luftanschluss mit Kompressor und Tank inklusive (Magnet-)Ventil und Luftschlauch ben\u00f6tigt. Dieses System muss einen Druck von mindestens 4 bis 8 Bar liefern k\u00f6nnen. Bitte beachten Sie, dass die schwarze Pulverbeschichtung anf\u00e4lliger f\u00fcr Besch\u00e4digungen ist als eine Chrombeschichtung. Ein harter Sto\u00df oder Sturz kann die Lackschicht besch\u00e4digen.<\/span><\/p>\n<h5><span style=\"color: #000000;\"><strong>Abmessungen:<\/strong><\/span><\/h5>\n<p><span style=\"color: #000000;\">Sie m\u00f6chten ganz sicher sein, dass die Hadley Drucklufthupe 56cm Black Edition perfekt und problemlos auf Ihren Truck passt? Nachfolgend finden Sie alle genauen Ma\u00dfe und Spezifikationen, damit Sie sicher und ohne Zweifel die richtige Wahl treffen k\u00f6nnen.<\/span><\/p>\n<ul>\n<li><span style=\"color: #000000;\">L\u00e4nge: 560 mm<\/span><\/li>\n<li><span style=\"color: #000000;\">Durchmesser der Tasse: 125 mm<\/span><\/li>\n<li><span style=\"color: #000000;\">Anschluss: 6 mm PTC (zum Verbinden dr\u00fccken)<\/span><\/li>\n<\/ul>\n<h5><span style=\"color: #000000;\"><strong>Andere Versionen:<\/strong><\/span><\/h5>\n<p><span style=\"color: #000000;\">Ist die Hadley Lufthorn 56cm genau das, was Sie suchen, Sie bevorzugen aber eine andere Gr\u00f6\u00dfe? Oder m\u00f6chten Sie eine zweite Drucklufthupe f\u00fcr einen noch kraftvolleren und deutlicheren Klang hinzuf\u00fcgen? Sehen Sie sich hier alle weiteren verf\u00fcgbaren Versionen an und w\u00e4hlen Sie die Variante, die perfekt zu Ihren Bed\u00fcrfnissen und Ihrem LKW passt.<\/span><\/p>\n<ul>\n<li><a href=\"https:\/\/truckned.nl\/de\/produkt\/hadley-luchthoorn-49cm-black-edition\/\"><span style=\"color: #000000;\"><strong>Lufthorn 49 cm<\/strong><\/span><\/a><\/li>\n<li><a href=\"https:\/\/truckned.nl\/de\/produkt\/hadley-luchthoorn-95cm-black-edition\/\"><span style=\"color: #000000;\"><strong>Lufthorn 95 cm<\/strong><\/span><\/a><\/li>\n<\/ul>\n<p><span style=\"color: #000000;\">Ist die Hadley Lufthorn 56cm Black Edition nicht genau das, was Sie suchen? Vielleicht entspricht die Farbe, Form oder L\u00e4nge nicht Ihren W\u00fcnschen. Kein Problem! Sehen Sie sich hier das komplette Produktsortiment an <a style=\"color: #000000;\" href=\"https:\/\/truckned.nl\/de\/produkt-kategorie\/luchthoorns\/\">Drucklufth\u00f6rner<\/a>.\u00a0<\/span><\/p>","protected":false},"excerpt":{"rendered":"<p>Hadley Drucklufthorn 56 cm Black Edition | H00855BCE. M\u00f6chten Sie Ihrem Truck einen markanten und kraftvollen Look verleihen? Dann ist das Hadley Drucklufthorn 56 cm Black Edition das perfekte Zubeh\u00f6r. Dieses 56 Zentimeter lange, tiefe Horn sorgt nicht nur f\u00fcr eine robuste Optik, sondern liefert auch einen beeindruckenden Klang. Mit einer Lautst\u00e4rke von 130 [\u2026]<\/p>","protected":false},"featured_media":31238,"comment_status":"open","ping_status":"closed","template":"","meta":{"_acf_changed":false,"site-sidebar-layout":"default","site-content-layout":"default","ast-site-content-layout":"default","site-content-style":"default","site-sidebar-style":"default","ast-global-header-display":"","ast-banner-title-visibility":"","ast-main-header-display":"","ast-hfb-above-header-display":"","ast-hfb-below-header-display":"","ast-hfb-mobile-header-display":"","site-post-title":"","ast-breadcrumbs-content":"","ast-featured-img":"","footer-sml-layout":"","ast-disable-related-posts":"","theme-transparent-header-meta":"default","adv-header-id-meta":"","stick-header-meta":"","header-above-stick-meta":"","header-main-stick-meta":"","header-below-stick-meta":"","astra-migrate-meta-layouts":"set","ast-page-background-enabled":"default","ast-page-background-meta":{"desktop":{"background-color":"","background-image":"","background-repeat":"repeat","background-position":"center center","background-size":"auto","background-attachment":"scroll","background-type":"","background-media":"","overlay-type":"","overlay-color":"","overlay-opacity":"","overlay-gradient":""},"tablet":{"background-color":"","background-image":"","background-repeat":"repeat","background-position":"center center","background-size":"auto","background-attachment":"scroll","background-type":"","background-media":"","overlay-type":"","overlay-color":"","overlay-opacity":"","overlay-gradient":""},"mobile":{"background-color":"","background-image":"","background-repeat":"repeat","background-position":"center center","background-size":"auto","background-attachment":"scroll","background-type":"","background-media":"","overlay-type":"","overlay-color":"","overlay-opacity":"","overlay-gradient":""}},"ast-content-background-meta":{"desktop":{"background-color":"var(--ast-global-color-5)","background-image":"","background-repeat":"repeat","background-position":"center center","background-size":"auto","background-attachment":"scroll","background-type":"","background-media":"","overlay-type":"","overlay-color":"","overlay-opacity":"","overlay-gradient":""},"tablet":{"background-color":"var(--ast-global-color-5)","background-image":"","background-repeat":"repeat","background-position":"center center","background-size":"auto","background-attachment":"scroll","background-type":"","background-media":"","overlay-type":"","overlay-color":"","overlay-opacity":"","overlay-gradient":""},"mobile":{"background-color":"var(--ast-global-color-5)","background-image":"","background-repeat":"repeat","background-position":"center center","background-size":"auto","background-attachment":"scroll","background-type":"","background-media":"","overlay-type":"","overlay-color":"","overlay-opacity":"","overlay-gradient":""}}},"product_brand":[],"product_cat":[7783],"product_tag":[],"class_list":{"0":"post-30112","1":"product","2":"type-product","3":"status-publish","4":"has-post-thumbnail","6":"product_cat-hadley-luchthoorn","7":"pa_merkk-hadley","8":"desktop-align-left","9":"tablet-align-left","10":"mobile-align-left","12":"first","13":"instock","14":"taxable","15":"shipping-taxable","16":"purchasable","17":"product-type-simple"},"acf":[],"yoast_head":"<!-- This site is optimized with the Yoast SEO Premium plugin v26.5 (Yoast SEO v26.5) - https:\/\/yoast.com\/wordpress\/plugins\/seo\/ -->\n<title>Hadley luchthoorn 56cm Black Edition - Truckned - 130 Decibel<\/title>\n<meta name=\"description\" content=\"Hadley luchthoorn 56cm Black Edition - inclusief bevestigingssteun- luid en stoere uitstraling - 130DB - 6mm luchtaansluiting - H00855BCE\" \/>\n<meta name=\"robots\" content=\"index, follow, max-snippet:-1, max-image-preview:large, max-video-preview:-1\" \/>\n<link rel=\"canonical\" href=\"https:\/\/truckned.nl\/de\/produkt\/hadley-luchthoorn-56cm-black-edition\/\" \/>\n<meta property=\"og:locale\" content=\"de_DE\" \/>\n<meta property=\"og:type\" content=\"article\" \/>\n<meta property=\"og:title\" content=\"Hadley luchthoorn 56cm Black Edition - Truckned - 130 Decibel\" \/>\n<meta property=\"og:description\" content=\"Hadley luchthoorn 56cm Black Edition - inclusief bevestigingssteun- luid en stoere uitstraling - 130DB - 6mm luchtaansluiting - H00855BCE\" \/>\n<meta property=\"og:url\" content=\"https:\/\/truckned.nl\/de\/produkt\/hadley-luchthoorn-56cm-black-edition\/\" \/>\n<meta property=\"og:site_name\" content=\"Truckned\" \/>\n<meta property=\"article:publisher\" content=\"https:\/\/www.facebook.com\/truckned\/\" \/>\n<meta property=\"article:modified_time\" content=\"2025-12-23T11:06:18+00:00\" \/>\n<meta property=\"og:image\" content=\"https:\/\/truckned.nl\/wp-content\/uploads\/2024\/08\/TN-358330B-SM-1.png\" \/>\n\t<meta property=\"og:image:width\" content=\"800\" \/>\n\t<meta property=\"og:image:height\" content=\"800\" \/>\n\t<meta property=\"og:image:type\" content=\"image\/png\" \/>\n<meta name=\"twitter:label1\" content=\"Preis\" \/>\n\t<meta name=\"twitter:data1\" content=\"&euro;119,00\" \/>\n\t<meta name=\"twitter:label2\" content=\"Verf\u00fcgbarkeit\" \/>\n\t<meta name=\"twitter:data2\" content=\"Auf Lager\" \/>\n<script type=\"application\/ld+json\" class=\"yoast-schema-graph\">{\"@context\":\"https:\/\/schema.org\",\"@graph\":[{\"@type\":[\"WebPage\",\"ItemPage\"],\"@id\":\"https:\/\/truckned.nl\/product\/hadley-luchthoorn-56cm-black-edition\/\",\"url\":\"https:\/\/truckned.nl\/product\/hadley-luchthoorn-56cm-black-edition\/\",\"name\":\"Hadley luchthoorn 56cm Black Edition - Truckned - 130 Decibel\",\"isPartOf\":{\"@id\":\"https:\/\/truckned.nl\/nl\/#website\"},\"primaryImageOfPage\":{\"@id\":\"https:\/\/truckned.nl\/product\/hadley-luchthoorn-56cm-black-edition\/#primaryimage\"},\"image\":{\"@id\":\"https:\/\/truckned.nl\/product\/hadley-luchthoorn-56cm-black-edition\/#primaryimage\"},\"thumbnailUrl\":\"https:\/\/truckned.nl\/wp-content\/uploads\/2024\/08\/TN-H00855BCE.png\",\"datePublished\":\"2024-08-08T12:57:16+00:00\",\"dateModified\":\"2025-12-23T11:06:18+00:00\",\"description\":\"Hadley luchthoorn 56cm Black Edition - inclusief bevestigingssteun- luid en stoere uitstraling - 130DB - 6mm luchtaansluiting - H00855BCE\",\"breadcrumb\":{\"@id\":\"https:\/\/truckned.nl\/product\/hadley-luchthoorn-56cm-black-edition\/#breadcrumb\"},\"inLanguage\":\"de\",\"potentialAction\":[{\"@type\":\"ReadAction\",\"target\":[\"https:\/\/truckned.nl\/product\/hadley-luchthoorn-56cm-black-edition\/\"]}]},{\"@type\":\"ImageObject\",\"inLanguage\":\"de\",\"@id\":\"https:\/\/truckned.nl\/product\/hadley-luchthoorn-56cm-black-edition\/#primaryimage\",\"url\":\"https:\/\/truckned.nl\/wp-content\/uploads\/2024\/08\/TN-H00855BCE.png\",\"contentUrl\":\"https:\/\/truckned.nl\/wp-content\/uploads\/2024\/08\/TN-H00855BCE.png\",\"width\":800,\"height\":800,\"caption\":\"Hadley luchthoorn 56cm - black edition uitvoering - 130 dB - Hadley H00855BCE- aansluiting 6mm PTC\"},{\"@type\":\"BreadcrumbList\",\"@id\":\"https:\/\/truckned.nl\/product\/hadley-luchthoorn-56cm-black-edition\/#breadcrumb\",\"itemListElement\":[{\"@type\":\"ListItem\",\"position\":1,\"name\":\"Home\",\"item\":\"https:\/\/truckned.nl\/\"},{\"@type\":\"ListItem\",\"position\":2,\"name\":\"Shop\",\"item\":\"https:\/\/truckned.nl\/nl\/shop\/\"},{\"@type\":\"ListItem\",\"position\":3,\"name\":\"Luchthoorns\",\"item\":\"https:\/\/truckned.nl\/en\/product-category-2\/luchthoorns\/\"},{\"@type\":\"ListItem\",\"position\":4,\"name\":\"Hadley Luchthoorn\",\"item\":\"https:\/\/truckned.nl\/product-categorie\/luchthoorns\/hadley-luchthoorn\/\"},{\"@type\":\"ListItem\",\"position\":5,\"name\":\"Hadley luchthoorn 56cm Black Edition\"}]},{\"@type\":\"WebSite\",\"@id\":\"https:\/\/truckned.nl\/nl\/#website\",\"url\":\"https:\/\/truckned.nl\/nl\/\",\"name\":\"Truckned\",\"description\":\"\",\"publisher\":{\"@id\":\"https:\/\/truckned.nl\/nl\/#organization\"},\"potentialAction\":[{\"@type\":\"SearchAction\",\"target\":{\"@type\":\"EntryPoint\",\"urlTemplate\":\"https:\/\/truckned.nl\/nl\/?s={search_term_string}\"},\"query-input\":{\"@type\":\"PropertyValueSpecification\",\"valueRequired\":true,\"valueName\":\"search_term_string\"}}],\"inLanguage\":\"de\"},{\"@type\":\"Organization\",\"@id\":\"https:\/\/truckned.nl\/nl\/#organization\",\"name\":\"Truckned\",\"url\":\"https:\/\/truckned.nl\/nl\/\",\"logo\":{\"@type\":\"ImageObject\",\"inLanguage\":\"de\",\"@id\":\"https:\/\/truckned.nl\/nl\/#\/schema\/logo\/image\/\",\"url\":\"https:\/\/truckned.nl\/wp-content\/uploads\/2022\/10\/800x800-Truckned-logo-zonder-tekst-ZWART.png\",\"contentUrl\":\"https:\/\/truckned.nl\/wp-content\/uploads\/2022\/10\/800x800-Truckned-logo-zonder-tekst-ZWART.png\",\"width\":801,\"height\":801,\"caption\":\"Truckned\"},\"image\":{\"@id\":\"https:\/\/truckned.nl\/nl\/#\/schema\/logo\/image\/\"},\"sameAs\":[\"https:\/\/www.facebook.com\/truckned\/\",\"https:\/\/www.instagram.com\/truckned\/\"],\"vatID\":\"NL863960509B01\",\"taxID\":\"86417487\",\"hasMerchantReturnPolicy\":{\"@type\":\"MerchantReturnPolicy\",\"merchantReturnLink\":\"https:\/\/truckned.nl\/de\/versand-rucksendungen\/\"}}]}<\/script>\n<meta property=\"product:brand\" content=\"Hadley\" \/>\n<meta property=\"product:price:amount\" content=\"119.00\" \/>\n<meta property=\"product:price:currency\" content=\"EUR\" \/>\n<meta property=\"og:availability\" content=\"instock\" \/>\n<meta property=\"product:availability\" content=\"instock\" \/>\n<meta property=\"product:retailer_item_id\" content=\"TN-318130B\" \/>\n<meta property=\"product:condition\" content=\"new\" \/>\n<!-- \/ Yoast SEO Premium plugin. -->","yoast_head_json":{"title":"Hadley Lufthorn 56cm Black Edition - Truckned - 130 Dezibel","description":"Hadley Lufthorn 56cm Black Edition - inkl. Montagehalterung - laut und coole Optik - 130DB - 6mm Luftanschluss - H00855BCE","robots":{"index":"index","follow":"follow","max-snippet":"max-snippet:-1","max-image-preview":"max-image-preview:large","max-video-preview":"max-video-preview:-1"},"canonical":"https:\/\/truckned.nl\/de\/produkt\/hadley-luchthoorn-56cm-black-edition\/","og_locale":"de_DE","og_type":"article","og_title":"Hadley luchthoorn 56cm Black Edition - Truckned - 130 Decibel","og_description":"Hadley luchthoorn 56cm Black Edition - inclusief bevestigingssteun- luid en stoere uitstraling - 130DB - 6mm luchtaansluiting - H00855BCE","og_url":"https:\/\/truckned.nl\/de\/produkt\/hadley-luchthoorn-56cm-black-edition\/","og_site_name":"Truckned","article_publisher":"https:\/\/www.facebook.com\/truckned\/","article_modified_time":"2025-12-23T11:06:18+00:00","og_image":[{"width":800,"height":800,"url":"https:\/\/truckned.nl\/wp-content\/uploads\/2024\/08\/TN-358330B-SM-1.png","type":"image\/png"}],"twitter_misc":{"Preis":"&euro;119,00","Verf\u00fcgbarkeit":"Auf Lager"},"schema":{"@context":"https:\/\/schema.org","@graph":[{"@type":["WebPage","ItemPage"],"@id":"https:\/\/truckned.nl\/product\/hadley-luchthoorn-56cm-black-edition\/","url":"https:\/\/truckned.nl\/product\/hadley-luchthoorn-56cm-black-edition\/","name":"Hadley Lufthorn 56cm Black Edition - Truckned - 130 Dezibel","isPartOf":{"@id":"https:\/\/truckned.nl\/nl\/#website"},"primaryImageOfPage":{"@id":"https:\/\/truckned.nl\/product\/hadley-luchthoorn-56cm-black-edition\/#primaryimage"},"image":{"@id":"https:\/\/truckned.nl\/product\/hadley-luchthoorn-56cm-black-edition\/#primaryimage"},"thumbnailUrl":"https:\/\/truckned.nl\/wp-content\/uploads\/2024\/08\/TN-H00855BCE.png","datePublished":"2024-08-08T12:57:16+00:00","dateModified":"2025-12-23T11:06:18+00:00","description":"Hadley Lufthorn 56cm Black Edition - inkl. Montagehalterung - laut und coole Optik - 130DB - 6mm Luftanschluss - H00855BCE","breadcrumb":{"@id":"https:\/\/truckned.nl\/product\/hadley-luchthoorn-56cm-black-edition\/#breadcrumb"},"inLanguage":"de","potentialAction":[{"@type":"ReadAction","target":["https:\/\/truckned.nl\/product\/hadley-luchthoorn-56cm-black-edition\/"]}]},{"@type":"ImageObject","inLanguage":"de","@id":"https:\/\/truckned.nl\/product\/hadley-luchthoorn-56cm-black-edition\/#primaryimage","url":"https:\/\/truckned.nl\/wp-content\/uploads\/2024\/08\/TN-H00855BCE.png","contentUrl":"https:\/\/truckned.nl\/wp-content\/uploads\/2024\/08\/TN-H00855BCE.png","width":800,"height":800,"caption":"Hadley luchthoorn 56cm - black edition uitvoering - 130 dB - Hadley H00855BCE- aansluiting 6mm PTC"},{"@type":"BreadcrumbList","@id":"https:\/\/truckned.nl\/product\/hadley-luchthoorn-56cm-black-edition\/#breadcrumb","itemListElement":[{"@type":"ListItem","position":1,"name":"Home","item":"https:\/\/truckned.nl\/"},{"@type":"ListItem","position":2,"name":"Shop","item":"https:\/\/truckned.nl\/nl\/shop\/"},{"@type":"ListItem","position":3,"name":"Luchthoorns","item":"https:\/\/truckned.nl\/en\/product-category-2\/luchthoorns\/"},{"@type":"ListItem","position":4,"name":"Hadley Luchthoorn","item":"https:\/\/truckned.nl\/product-categorie\/luchthoorns\/hadley-luchthoorn\/"},{"@type":"ListItem","position":5,"name":"Hadley luchthoorn 56cm Black Edition"}]},{"@type":"WebSite","@id":"https:\/\/truckned.nl\/nl\/#website","url":"https:\/\/truckned.nl\/nl\/","name":"Truckned","description":"","publisher":{"@id":"https:\/\/truckned.nl\/nl\/#organization"},"potentialAction":[{"@type":"SearchAction","target":{"@type":"EntryPoint","urlTemplate":"https:\/\/truckned.nl\/nl\/?s={search_term_string}"},"query-input":{"@type":"PropertyValueSpecification","valueRequired":true,"valueName":"search_term_string"}}],"inLanguage":"de"},{"@type":"Organization","@id":"https:\/\/truckned.nl\/nl\/#organization","name":"Truckned","url":"https:\/\/truckned.nl\/nl\/","logo":{"@type":"ImageObject","inLanguage":"de","@id":"https:\/\/truckned.nl\/nl\/#\/schema\/logo\/image\/","url":"https:\/\/truckned.nl\/wp-content\/uploads\/2022\/10\/800x800-Truckned-logo-zonder-tekst-ZWART.png","contentUrl":"https:\/\/truckned.nl\/wp-content\/uploads\/2022\/10\/800x800-Truckned-logo-zonder-tekst-ZWART.png","width":801,"height":801,"caption":"Truckned"},"image":{"@id":"https:\/\/truckned.nl\/nl\/#\/schema\/logo\/image\/"},"sameAs":["https:\/\/www.facebook.com\/truckned\/","https:\/\/www.instagram.com\/truckned\/"],"vatID":"NL863960509B01","taxID":"86417487","hasMerchantReturnPolicy":{"@type":"MerchantReturnPolicy","merchantReturnLink":"https:\/\/truckned.nl\/de\/versand-rucksendungen\/"}}]},"product_brand":"Hadley","product_price_amount":"119.00","product_price_currency":"EUR","og_availability":"instock","product_availability":"instock","product_retailer_item_id":"TN-318130B","product_condition":"new"},"_links":{"self":[{"href":"https:\/\/truckned.nl\/de\/wp-json\/wp\/v2\/product\/30112","targetHints":{"allow":["GET"]}}],"collection":[{"href":"https:\/\/truckned.nl\/de\/wp-json\/wp\/v2\/product"}],"about":[{"href":"https:\/\/truckned.nl\/de\/wp-json\/wp\/v2\/types\/product"}],"replies":[{"embeddable":true,"href":"https:\/\/truckned.nl\/de\/wp-json\/wp\/v2\/comments?post=30112"}],"wp:featuredmedia":[{"embeddable":true,"href":"https:\/\/truckned.nl\/de\/wp-json\/wp\/v2\/media\/31238"}],"wp:attachment":[{"href":"https:\/\/truckned.nl\/de\/wp-json\/wp\/v2\/media?parent=30112"}],"wp:term":[{"taxonomy":"product_brand","embeddable":true,"href":"https:\/\/truckned.nl\/de\/wp-json\/wp\/v2\/product_brand?post=30112"},{"taxonomy":"product_cat","embeddable":true,"href":"https:\/\/truckned.nl\/de\/wp-json\/wp\/v2\/product_cat?post=30112"},{"taxonomy":"product_tag","embeddable":true,"href":"https:\/\/truckned.nl\/de\/wp-json\/wp\/v2\/product_tag?post=30112"}],"curies":[{"name":"wp","href":"https:\/\/api.w.org\/{rel}","templated":true}]}}