{"id":30178,"date":"2024-08-13T12:42:39","date_gmt":"2024-08-13T11:42:39","guid":{"rendered":"https:\/\/truckned.nl\/?post_type=product&#038;p=30178"},"modified":"2025-12-19T11:08:46","modified_gmt":"2025-12-19T10:08:46","slug":"strands-ize-led-frame-5-gaten","status":"publish","type":"product","link":"https:\/\/truckned.nl\/de\/produkt\/strands-ize-led-frame-5-gaten\/","title":{"rendered":"Strands IZE LED frame 5 L\u00f6cher"},"content":{"rendered":"<p><span style=\"color: #000000;\"><strong>Strands IZE LED frame 5 L\u00f6cher.<\/strong><\/span><\/p>\n<p><span style=\"color: #000000;\">M\u00f6chten Sie eine d\u00e4nische Sto\u00dfstange an Ihrem LKW anfertigen oder eine Blockleuchte in einer R\u00fcckwand oder einem Schlauchhalter montieren? Sie wissen aber nicht, wie Sie die R\u00fcckleuchten einfach montieren k\u00f6nnen? Vielleicht k\u00f6nnen Sie die Strands IZE LED frame 5 L\u00f6cher verwenden. Dieser Rahmen ist unter anderem f\u00fcr die Blocklampen Strands geeignet und wird einzeln geliefert. Der Rahmen wird pro St\u00fcck inklusive Befestigungsmaterial aus Edelstahl geliefert.<\/span><\/p>\n<p><span style=\"color: #000000;\">Da Sie vor dem Kauf sicher sein m\u00f6chten, dass der Rahmen passt und f\u00fcr Sie n\u00fctzlich ist, haben wir im Folgenden einige Merkmale aufgef\u00fchrt. Dieser Rahmen mit 5 L\u00f6chern ist passend f\u00fcr die Blocklampen IZE LED, zum Beispiel Strands. Der Rahmen hat zudem den Vorteil, dass man keinen doppelten Sto\u00dff\u00e4nger ben\u00f6tigt und dass man im Falle einer Besch\u00e4digung eines R\u00fccklichts dieses einfach und schnell austauschen kann. Da Sie die Lichter schnell wechseln k\u00f6nnen, m\u00fcssen Sie sich nicht mehr mit dem bekannten Gummi-Drama herumschlagen. Der Rahmen besteht aus ABS-Material, sodass das Einf\u00e4rben durch Aufspr\u00fchen kein Problem darstellt.<\/span><\/p>\n<h5><span style=\"color: #000000;\"><strong>Andere Modelle:<\/strong><\/span><\/h5>\n<p><span style=\"color: #000000;\">Suchen Sie einen Rahmen, um Ihre Leuchten an Ihrem LKW oder Anh\u00e4nger zu befestigen? Aber ist diese Version von Strands nicht die Variante, die Sie suchen? Dann wissen Sie, dass Strands auch eine Reihe anderer Varianten dieses schlanken IZE LED frame bietet. Unten sehen Sie eine Liste der anderen Versionen.<\/span><\/p>\n<ul>\n<li><a href=\"https:\/\/truckned.nl\/de\/produkt\/strands-ize-led-frame-enkel\/\"><span style=\"color: #000000;\"><strong>Rahmen 1 Loch<\/strong><\/span><\/a><\/li>\n<li><a href=\"https:\/\/truckned.nl\/de\/produkt\/strands-ize-led-frame-dubbel-horizontaal\/\"><span style=\"color: #000000;\"><strong>Rahmen 2 L\u00f6cher horizontal<\/strong><\/span><\/a><\/li>\n<li><a href=\"https:\/\/truckned.nl\/de\/produkt\/strands-ize-led-frame-dubbel-verticaal\/\"><span style=\"color: #000000;\"><strong>Rahmen 2 L\u00f6cher vertikal<\/strong><\/span><\/a><\/li>\n<li><a href=\"https:\/\/truckned.nl\/de\/produkt\/strands-ize-led-frame-3-gaten\/\"><span style=\"color: #000000;\"><strong>Rahmen 3 L\u00f6cher<\/strong><\/span><\/a><\/li>\n<li><a href=\"https:\/\/truckned.nl\/de\/produkt\/strands-ize-led-frame-4-gaten\/\"><span style=\"color: #000000;\"><strong>Rahmen 4 L\u00f6cher<\/strong><\/span><\/a><\/li>\n<\/ul>\n<p><span style=\"color: #000000;\">Denken Sie immer noch, dass dieser Strands IZE LED frame 5 L\u00f6cher nicht das ist, was Sie suchen? Einfach weil Ihnen die Farbe oder Form nicht gef\u00e4llt? Oder weil Sie vielleicht gar nicht auf der Suche nach einer d\u00e4nischen LKW-Sto\u00dfstange sind? Werfen Sie unbedingt einen Blick auf unsere Beleuchtungsseite. Vielleicht finden Sie hier die Modelllampe oder das gesuchte Teil!<\/span><\/p>","protected":false},"excerpt":{"rendered":"<p>Strands IZE LED frame 5-Loch. Sie m\u00f6chten eine d\u00e4nische Sto\u00dfstange f\u00fcr Ihren LKW bauen oder ein Blocklicht in einer R\u00fcckwand oder einem Schlauchhalter montieren? Sind sich aber nicht sicher, wie Sie die R\u00fccklichter einfach montieren k\u00f6nnen? Dann ist der Strands IZE LED frame 5-Loch-Rahmen genau das Richtige f\u00fcr Sie. Dieser Rahmen ist geeignet [\u2026]<\/p>","protected":false},"featured_media":33468,"comment_status":"open","ping_status":"closed","template":"","meta":{"_acf_changed":false,"site-sidebar-layout":"default","site-content-layout":"","ast-site-content-layout":"default","site-content-style":"default","site-sidebar-style":"default","ast-global-header-display":"","ast-banner-title-visibility":"","ast-main-header-display":"","ast-hfb-above-header-display":"","ast-hfb-below-header-display":"","ast-hfb-mobile-header-display":"","site-post-title":"","ast-breadcrumbs-content":"","ast-featured-img":"","footer-sml-layout":"","ast-disable-related-posts":"","theme-transparent-header-meta":"default","adv-header-id-meta":"","stick-header-meta":"","header-above-stick-meta":"","header-main-stick-meta":"","header-below-stick-meta":"","astra-migrate-meta-layouts":"set","ast-page-background-enabled":"default","ast-page-background-meta":{"desktop":{"background-color":"","background-image":"","background-repeat":"repeat","background-position":"center center","background-size":"auto","background-attachment":"scroll","background-type":"","background-media":"","overlay-type":"","overlay-color":"","overlay-opacity":"","overlay-gradient":""},"tablet":{"background-color":"","background-image":"","background-repeat":"repeat","background-position":"center center","background-size":"auto","background-attachment":"scroll","background-type":"","background-media":"","overlay-type":"","overlay-color":"","overlay-opacity":"","overlay-gradient":""},"mobile":{"background-color":"","background-image":"","background-repeat":"repeat","background-position":"center center","background-size":"auto","background-attachment":"scroll","background-type":"","background-media":"","overlay-type":"","overlay-color":"","overlay-opacity":"","overlay-gradient":""}},"ast-content-background-meta":{"desktop":{"background-color":"var(--ast-global-color-5)","background-image":"","background-repeat":"repeat","background-position":"center center","background-size":"auto","background-attachment":"scroll","background-type":"","background-media":"","overlay-type":"","overlay-color":"","overlay-opacity":"","overlay-gradient":""},"tablet":{"background-color":"var(--ast-global-color-5)","background-image":"","background-repeat":"repeat","background-position":"center center","background-size":"auto","background-attachment":"scroll","background-type":"","background-media":"","overlay-type":"","overlay-color":"","overlay-opacity":"","overlay-gradient":""},"mobile":{"background-color":"var(--ast-global-color-5)","background-image":"","background-repeat":"repeat","background-position":"center center","background-size":"auto","background-attachment":"scroll","background-type":"","background-media":"","overlay-type":"","overlay-color":"","overlay-opacity":"","overlay-gradient":""}}},"product_brand":[],"product_cat":[7536],"product_tag":[],"class_list":{"0":"post-30178","1":"product","2":"type-product","3":"status-publish","4":"has-post-thumbnail","6":"product_cat-verlichting-toebehoren","7":"pa_merkk-product-strands-lighting-division","8":"desktop-align-left","9":"tablet-align-left","10":"mobile-align-left","12":"first","13":"instock","14":"taxable","15":"shipping-taxable","16":"purchasable","17":"product-type-simple"},"acf":[],"yoast_head":"<!-- This site is optimized with the Yoast SEO Premium plugin v26.5 (Yoast SEO v26.5) - https:\/\/yoast.com\/wordpress\/plugins\/seo\/ -->\n<title>Strands IZE LED frame 5 gaten - Truckned - voor achterlicht montage<\/title>\n<meta name=\"description\" content=\"Strands IZE LED frame 5 gaten - horizontaal - lichtgewicht frame voor bloklampen - voor truck en trailer - gemaakt van ABS - snelle montage gegarandeerd\" \/>\n<meta name=\"robots\" content=\"index, follow, max-snippet:-1, max-image-preview:large, max-video-preview:-1\" \/>\n<link rel=\"canonical\" href=\"https:\/\/truckned.nl\/de\/produkt\/strands-ize-led-frame-5-gaten\/\" \/>\n<meta property=\"og:locale\" content=\"de_DE\" \/>\n<meta property=\"og:type\" content=\"article\" \/>\n<meta property=\"og:title\" content=\"Strands IZE LED frame 5 gaten - Truckned - voor achterlicht montage\" \/>\n<meta property=\"og:description\" content=\"Strands IZE LED frame 5 gaten - horizontaal - lichtgewicht frame voor bloklampen - voor truck en trailer - gemaakt van ABS - snelle montage gegarandeerd\" \/>\n<meta property=\"og:url\" content=\"https:\/\/truckned.nl\/de\/produkt\/strands-ize-led-frame-5-gaten\/\" \/>\n<meta property=\"og:site_name\" content=\"Truckned\" \/>\n<meta property=\"article:publisher\" content=\"https:\/\/www.facebook.com\/truckned\/\" \/>\n<meta property=\"article:modified_time\" content=\"2025-12-19T10:08:46+00:00\" \/>\n<meta property=\"og:image\" content=\"https:\/\/truckned.nl\/wp-content\/uploads\/2024\/08\/TN-800640-SM-1.png\" \/>\n\t<meta property=\"og:image:width\" content=\"800\" \/>\n\t<meta property=\"og:image:height\" content=\"800\" \/>\n\t<meta property=\"og:image:type\" content=\"image\/png\" \/>\n<meta name=\"twitter:label1\" content=\"Preis\" \/>\n\t<meta name=\"twitter:data1\" content=\"&euro;95,00\" \/>\n\t<meta name=\"twitter:label2\" content=\"Verf\u00fcgbarkeit\" \/>\n\t<meta name=\"twitter:data2\" content=\"Auf Lager\" \/>\n<script type=\"application\/ld+json\" class=\"yoast-schema-graph\">{\"@context\":\"https:\/\/schema.org\",\"@graph\":[{\"@type\":[\"WebPage\",\"ItemPage\"],\"@id\":\"https:\/\/truckned.nl\/product\/strands-ize-led-frame-5-gaten\/\",\"url\":\"https:\/\/truckned.nl\/product\/strands-ize-led-frame-5-gaten\/\",\"name\":\"Strands IZE LED frame 5 gaten - Truckned - voor achterlicht montage\",\"isPartOf\":{\"@id\":\"https:\/\/truckned.nl\/nl\/#website\"},\"primaryImageOfPage\":{\"@id\":\"https:\/\/truckned.nl\/product\/strands-ize-led-frame-5-gaten\/#primaryimage\"},\"image\":{\"@id\":\"https:\/\/truckned.nl\/product\/strands-ize-led-frame-5-gaten\/#primaryimage\"},\"thumbnailUrl\":\"https:\/\/truckned.nl\/wp-content\/uploads\/2024\/08\/TN-800640-00.png\",\"datePublished\":\"2024-08-13T11:42:39+00:00\",\"dateModified\":\"2025-12-19T10:08:46+00:00\",\"description\":\"Strands IZE LED frame 5 gaten - horizontaal - lichtgewicht frame voor bloklampen - voor truck en trailer - gemaakt van ABS - snelle montage gegarandeerd\",\"breadcrumb\":{\"@id\":\"https:\/\/truckned.nl\/product\/strands-ize-led-frame-5-gaten\/#breadcrumb\"},\"inLanguage\":\"de\",\"potentialAction\":[{\"@type\":\"ReadAction\",\"target\":[\"https:\/\/truckned.nl\/product\/strands-ize-led-frame-5-gaten\/\"]}]},{\"@type\":\"ImageObject\",\"inLanguage\":\"de\",\"@id\":\"https:\/\/truckned.nl\/product\/strands-ize-led-frame-5-gaten\/#primaryimage\",\"url\":\"https:\/\/truckned.nl\/wp-content\/uploads\/2024\/08\/TN-800640-00.png\",\"contentUrl\":\"https:\/\/truckned.nl\/wp-content\/uploads\/2024\/08\/TN-800640-00.png\",\"width\":800,\"height\":800,\"caption\":\"Strands 800640\"},{\"@type\":\"BreadcrumbList\",\"@id\":\"https:\/\/truckned.nl\/product\/strands-ize-led-frame-5-gaten\/#breadcrumb\",\"itemListElement\":[{\"@type\":\"ListItem\",\"position\":1,\"name\":\"Home\",\"item\":\"https:\/\/truckned.nl\/\"},{\"@type\":\"ListItem\",\"position\":2,\"name\":\"Shop\",\"item\":\"https:\/\/truckned.nl\/nl\/shop\/\"},{\"@type\":\"ListItem\",\"position\":3,\"name\":\"Verlichting\",\"item\":\"https:\/\/truckned.nl\/de\/produkt-kategorie\/verlichting\/\"},{\"@type\":\"ListItem\",\"position\":4,\"name\":\"Toebehoren\",\"item\":\"https:\/\/truckned.nl\/product-categorie\/verlichting\/verlichting-toebehoren\/\"},{\"@type\":\"ListItem\",\"position\":5,\"name\":\"Strands IZE LED frame 5 gaten\"}]},{\"@type\":\"WebSite\",\"@id\":\"https:\/\/truckned.nl\/nl\/#website\",\"url\":\"https:\/\/truckned.nl\/nl\/\",\"name\":\"Truckned\",\"description\":\"\",\"publisher\":{\"@id\":\"https:\/\/truckned.nl\/nl\/#organization\"},\"potentialAction\":[{\"@type\":\"SearchAction\",\"target\":{\"@type\":\"EntryPoint\",\"urlTemplate\":\"https:\/\/truckned.nl\/nl\/?s={search_term_string}\"},\"query-input\":{\"@type\":\"PropertyValueSpecification\",\"valueRequired\":true,\"valueName\":\"search_term_string\"}}],\"inLanguage\":\"de\"},{\"@type\":\"Organization\",\"@id\":\"https:\/\/truckned.nl\/nl\/#organization\",\"name\":\"Truckned\",\"url\":\"https:\/\/truckned.nl\/nl\/\",\"logo\":{\"@type\":\"ImageObject\",\"inLanguage\":\"de\",\"@id\":\"https:\/\/truckned.nl\/nl\/#\/schema\/logo\/image\/\",\"url\":\"https:\/\/truckned.nl\/wp-content\/uploads\/2022\/10\/800x800-Truckned-logo-zonder-tekst-ZWART.png\",\"contentUrl\":\"https:\/\/truckned.nl\/wp-content\/uploads\/2022\/10\/800x800-Truckned-logo-zonder-tekst-ZWART.png\",\"width\":801,\"height\":801,\"caption\":\"Truckned\"},\"image\":{\"@id\":\"https:\/\/truckned.nl\/nl\/#\/schema\/logo\/image\/\"},\"sameAs\":[\"https:\/\/www.facebook.com\/truckned\/\",\"https:\/\/www.instagram.com\/truckned\/\"],\"vatID\":\"NL863960509B01\",\"taxID\":\"86417487\",\"hasMerchantReturnPolicy\":{\"@type\":\"MerchantReturnPolicy\",\"merchantReturnLink\":\"https:\/\/truckned.nl\/de\/versand-rucksendungen\/\"}}]}<\/script>\n<meta property=\"product:brand\" content=\"Strands\" \/>\n<meta property=\"product:price:amount\" content=\"95.00\" \/>\n<meta property=\"product:price:currency\" content=\"EUR\" \/>\n<meta property=\"og:availability\" content=\"instock\" \/>\n<meta property=\"product:availability\" content=\"instock\" \/>\n<meta property=\"product:retailer_item_id\" content=\"TN-800640\" \/>\n<meta property=\"product:condition\" content=\"new\" \/>\n<!-- \/ Yoast SEO Premium plugin. -->","yoast_head_json":{"title":"Strands IZE LED frame 5 L\u00f6cher - Truckned - f\u00fcr R\u00fccklichtmontage","description":"Strands IZE LED frame 5 L\u00f6cher - horizontal - leichter Rahmen f\u00fcr Blocklampen - f\u00fcr LKW und Anh\u00e4nger - aus ABS - schnelle Montage garantiert","robots":{"index":"index","follow":"follow","max-snippet":"max-snippet:-1","max-image-preview":"max-image-preview:large","max-video-preview":"max-video-preview:-1"},"canonical":"https:\/\/truckned.nl\/de\/produkt\/strands-ize-led-frame-5-gaten\/","og_locale":"de_DE","og_type":"article","og_title":"Strands IZE LED frame 5 gaten - Truckned - voor achterlicht montage","og_description":"Strands IZE LED frame 5 gaten - horizontaal - lichtgewicht frame voor bloklampen - voor truck en trailer - gemaakt van ABS - snelle montage gegarandeerd","og_url":"https:\/\/truckned.nl\/de\/produkt\/strands-ize-led-frame-5-gaten\/","og_site_name":"Truckned","article_publisher":"https:\/\/www.facebook.com\/truckned\/","article_modified_time":"2025-12-19T10:08:46+00:00","og_image":[{"width":800,"height":800,"url":"https:\/\/truckned.nl\/wp-content\/uploads\/2024\/08\/TN-800640-SM-1.png","type":"image\/png"}],"twitter_misc":{"Preis":"&euro;95,00","Verf\u00fcgbarkeit":"Auf Lager"},"schema":{"@context":"https:\/\/schema.org","@graph":[{"@type":["WebPage","ItemPage"],"@id":"https:\/\/truckned.nl\/product\/strands-ize-led-frame-5-gaten\/","url":"https:\/\/truckned.nl\/product\/strands-ize-led-frame-5-gaten\/","name":"Strands IZE LED frame 5 L\u00f6cher - Truckned - f\u00fcr R\u00fccklichtmontage","isPartOf":{"@id":"https:\/\/truckned.nl\/nl\/#website"},"primaryImageOfPage":{"@id":"https:\/\/truckned.nl\/product\/strands-ize-led-frame-5-gaten\/#primaryimage"},"image":{"@id":"https:\/\/truckned.nl\/product\/strands-ize-led-frame-5-gaten\/#primaryimage"},"thumbnailUrl":"https:\/\/truckned.nl\/wp-content\/uploads\/2024\/08\/TN-800640-00.png","datePublished":"2024-08-13T11:42:39+00:00","dateModified":"2025-12-19T10:08:46+00:00","description":"Strands IZE LED frame 5 L\u00f6cher - horizontal - leichter Rahmen f\u00fcr Blocklampen - f\u00fcr LKW und Anh\u00e4nger - aus ABS - schnelle Montage garantiert","breadcrumb":{"@id":"https:\/\/truckned.nl\/product\/strands-ize-led-frame-5-gaten\/#breadcrumb"},"inLanguage":"de","potentialAction":[{"@type":"ReadAction","target":["https:\/\/truckned.nl\/product\/strands-ize-led-frame-5-gaten\/"]}]},{"@type":"ImageObject","inLanguage":"de","@id":"https:\/\/truckned.nl\/product\/strands-ize-led-frame-5-gaten\/#primaryimage","url":"https:\/\/truckned.nl\/wp-content\/uploads\/2024\/08\/TN-800640-00.png","contentUrl":"https:\/\/truckned.nl\/wp-content\/uploads\/2024\/08\/TN-800640-00.png","width":800,"height":800,"caption":"Strands 800640"},{"@type":"BreadcrumbList","@id":"https:\/\/truckned.nl\/product\/strands-ize-led-frame-5-gaten\/#breadcrumb","itemListElement":[{"@type":"ListItem","position":1,"name":"Home","item":"https:\/\/truckned.nl\/"},{"@type":"ListItem","position":2,"name":"Shop","item":"https:\/\/truckned.nl\/nl\/shop\/"},{"@type":"ListItem","position":3,"name":"Verlichting","item":"https:\/\/truckned.nl\/de\/produkt-kategorie\/verlichting\/"},{"@type":"ListItem","position":4,"name":"Toebehoren","item":"https:\/\/truckned.nl\/product-categorie\/verlichting\/verlichting-toebehoren\/"},{"@type":"ListItem","position":5,"name":"Strands IZE LED frame 5 gaten"}]},{"@type":"WebSite","@id":"https:\/\/truckned.nl\/nl\/#website","url":"https:\/\/truckned.nl\/nl\/","name":"Truckned","description":"","publisher":{"@id":"https:\/\/truckned.nl\/nl\/#organization"},"potentialAction":[{"@type":"SearchAction","target":{"@type":"EntryPoint","urlTemplate":"https:\/\/truckned.nl\/nl\/?s={search_term_string}"},"query-input":{"@type":"PropertyValueSpecification","valueRequired":true,"valueName":"search_term_string"}}],"inLanguage":"de"},{"@type":"Organization","@id":"https:\/\/truckned.nl\/nl\/#organization","name":"Truckned","url":"https:\/\/truckned.nl\/nl\/","logo":{"@type":"ImageObject","inLanguage":"de","@id":"https:\/\/truckned.nl\/nl\/#\/schema\/logo\/image\/","url":"https:\/\/truckned.nl\/wp-content\/uploads\/2022\/10\/800x800-Truckned-logo-zonder-tekst-ZWART.png","contentUrl":"https:\/\/truckned.nl\/wp-content\/uploads\/2022\/10\/800x800-Truckned-logo-zonder-tekst-ZWART.png","width":801,"height":801,"caption":"Truckned"},"image":{"@id":"https:\/\/truckned.nl\/nl\/#\/schema\/logo\/image\/"},"sameAs":["https:\/\/www.facebook.com\/truckned\/","https:\/\/www.instagram.com\/truckned\/"],"vatID":"NL863960509B01","taxID":"86417487","hasMerchantReturnPolicy":{"@type":"MerchantReturnPolicy","merchantReturnLink":"https:\/\/truckned.nl\/de\/versand-rucksendungen\/"}}]},"product_brand":"Strands","product_price_amount":"95.00","product_price_currency":"EUR","og_availability":"instock","product_availability":"instock","product_retailer_item_id":"TN-800640","product_condition":"new"},"_links":{"self":[{"href":"https:\/\/truckned.nl\/de\/wp-json\/wp\/v2\/product\/30178","targetHints":{"allow":["GET"]}}],"collection":[{"href":"https:\/\/truckned.nl\/de\/wp-json\/wp\/v2\/product"}],"about":[{"href":"https:\/\/truckned.nl\/de\/wp-json\/wp\/v2\/types\/product"}],"replies":[{"embeddable":true,"href":"https:\/\/truckned.nl\/de\/wp-json\/wp\/v2\/comments?post=30178"}],"wp:featuredmedia":[{"embeddable":true,"href":"https:\/\/truckned.nl\/de\/wp-json\/wp\/v2\/media\/33468"}],"wp:attachment":[{"href":"https:\/\/truckned.nl\/de\/wp-json\/wp\/v2\/media?parent=30178"}],"wp:term":[{"taxonomy":"product_brand","embeddable":true,"href":"https:\/\/truckned.nl\/de\/wp-json\/wp\/v2\/product_brand?post=30178"},{"taxonomy":"product_cat","embeddable":true,"href":"https:\/\/truckned.nl\/de\/wp-json\/wp\/v2\/product_cat?post=30178"},{"taxonomy":"product_tag","embeddable":true,"href":"https:\/\/truckned.nl\/de\/wp-json\/wp\/v2\/product_tag?post=30178"}],"curies":[{"name":"wp","href":"https:\/\/api.w.org\/{rel}","templated":true}]}}