{"id":30412,"date":"2022-11-04T13:11:16","date_gmt":"2022-11-04T12:11:16","guid":{"rendered":"https:\/\/truckned.nl\/?post_type=product&#038;p=30412"},"modified":"2026-03-23T11:55:37","modified_gmt":"2026-03-23T10:55:37","slug":"aeb-590-zwaailamp-helder-24v","status":"publish","type":"product","link":"https:\/\/truckned.nl\/de\/produkt\/aeb-590-zwaailamp-helder-24v\/","title":{"rendered":"AEB 590 Rundumleuchte KLAR - 24V"},"content":{"rendered":"<p><span style=\"color: #000000\"><strong>AEB 590 Rundumleuchte mit Aufstecksockel und klar Kappe , 24V Betrieb.\u00a0<\/strong><\/span><\/p>\n<p><span style=\"color: #000000\">Suchen Sie ein Blinklicht f\u00fcr Ihren LKW oder Anh\u00e4nger? Und m\u00f6chten Sie es \u00fcber einen DIN-Montagesockel steuern? Dann k\u00f6nnte diese AEB-Rundumkennleuchte in klarer Farbe etwas f\u00fcr Sie sein. Diese Kennleuchte ist mit einer hohen, durchsichtigen Abdeckung ausgestattet, damit Sie bei Bedarf auffallen. Diese AEB-Leuchte enth\u00e4lt eine H1-Halogenlampe, die nur f\u00fcr Fahrzeuge mit 24-V-System geeignet ist.\u00a0<\/span><\/p>\n<h5><span style=\"color: #000000\"><strong>Abmessungen:<\/strong><\/span><\/h5>\n<p><span style=\"color: #000000\">Denn vor dem Kauf m\u00f6chten Sie wissen, ob die Abmessungen der Lampe an den Ort passen, an dem Sie sie montieren m\u00f6chten. Nachfolgend haben wir die Abmessungen der AEB-Lampe notiert. Die Ma\u00dfe der Kennleuchte AEB 590 mit Aufstecksockel und bunter Haube f\u00fcr den 24-V-Betrieb sind in Volt angegeben.<\/span><\/p>\n<ul>\n<li><span style=\"color: #000000\">Lampenschirmh\u00f6he: 160 mm<\/span><\/li>\n<li><span style=\"color: #000000\">Gesamth\u00f6he: 250 mm<\/span><\/li>\n<li><span style=\"color: #000000\">Durchmesser DIN: 24 mm<\/span><\/li>\n<li><span style=\"color: #000000\">Durchmesser: 136 mm<\/span><\/li>\n<\/ul>\n<h5><span style=\"color: #000000\"><strong>Andere Modelle:<\/strong><\/span><\/h5>\n<p><span style=\"color: #000000\">Sie m\u00f6chten eine AEB 590 Rundumleuchte mit Aufstecksockel kaufen, aber die Variante mit klar Kappe ist nicht das Richtige f\u00fcr Sie? Dann wissen Sie, dass die Signalleuchte der belgischen Marke AEB auch in den folgenden Versionen erh\u00e4ltlich ist.<\/span><\/p>\n<ul>\n<li><span style=\"color: #000000\"><a style=\"color: #000000\" href=\"https:\/\/truckned.nl\/de\/produkt\/aeb-590-zwaailamp-oranje-24v\/\"><strong>DIN Rundumleuchte AEB ORANGE<\/strong><\/a><\/span><\/li>\n<\/ul>\n<p><span style=\"color: #000000\">Denken Sie immer noch, dass die AEB Rundumkennleuchte CLEAR f\u00fcr den 24-Volt-Betrieb nicht das ist, was Sie suchen? Einfach weil Ihnen die Farbe oder die Spannung nicht gef\u00e4llt? Schauen Sie sich unbedingt unsere Seite an <a style=\"color: #000000\" href=\"https:\/\/truckned.nl\/de\/produkt-kategorie\/signalering\/\" target=\"_blank\" rel=\"noopener\">Signalisierung.<\/a>\u00a0M\u00f6glicherweise finden Sie hier das Lampenmodell, das Sie suchen.<\/span><\/p>","protected":false},"excerpt":{"rendered":"<p>AEB 590 Rundumleuchte mit Stecksockel und klarem Schirm, 24V-Betrieb. Sie suchen eine Rundumleuchte f\u00fcr Ihren LKW oder Anh\u00e4nger? Und m\u00f6chten diese mit einem DIN-Montagesockel steuern? Dann k\u00f6nnte diese klare AEB Rundumleuchte genau das Richtige f\u00fcr Sie sein. Diese Rundumleuchte zeichnet sich durch einen hohen, hellen [\u2026]<\/p>","protected":false},"featured_media":30420,"comment_status":"open","ping_status":"closed","template":"","meta":{"_acf_changed":false,"site-sidebar-layout":"default","site-content-layout":"default","ast-site-content-layout":"default","site-content-style":"default","site-sidebar-style":"default","ast-global-header-display":"","ast-banner-title-visibility":"","ast-main-header-display":"","ast-hfb-above-header-display":"","ast-hfb-below-header-display":"","ast-hfb-mobile-header-display":"","site-post-title":"","ast-breadcrumbs-content":"","ast-featured-img":"","footer-sml-layout":"","ast-disable-related-posts":"","theme-transparent-header-meta":"default","adv-header-id-meta":"","stick-header-meta":"","header-above-stick-meta":"","header-main-stick-meta":"","header-below-stick-meta":"","astra-migrate-meta-layouts":"set","ast-page-background-enabled":"default","ast-page-background-meta":{"desktop":{"background-color":"","background-image":"","background-repeat":"repeat","background-position":"center center","background-size":"auto","background-attachment":"scroll","background-type":"","background-media":"","overlay-type":"","overlay-color":"","overlay-opacity":"","overlay-gradient":""},"tablet":{"background-color":"","background-image":"","background-repeat":"repeat","background-position":"center center","background-size":"auto","background-attachment":"scroll","background-type":"","background-media":"","overlay-type":"","overlay-color":"","overlay-opacity":"","overlay-gradient":""},"mobile":{"background-color":"","background-image":"","background-repeat":"repeat","background-position":"center center","background-size":"auto","background-attachment":"scroll","background-type":"","background-media":"","overlay-type":"","overlay-color":"","overlay-opacity":"","overlay-gradient":""}},"ast-content-background-meta":{"desktop":{"background-color":"var(--ast-global-color-5)","background-image":"","background-repeat":"repeat","background-position":"center center","background-size":"auto","background-attachment":"scroll","background-type":"","background-media":"","overlay-type":"","overlay-color":"","overlay-opacity":"","overlay-gradient":""},"tablet":{"background-color":"var(--ast-global-color-5)","background-image":"","background-repeat":"repeat","background-position":"center center","background-size":"auto","background-attachment":"scroll","background-type":"","background-media":"","overlay-type":"","overlay-color":"","overlay-opacity":"","overlay-gradient":""},"mobile":{"background-color":"var(--ast-global-color-5)","background-image":"","background-repeat":"repeat","background-position":"center center","background-size":"auto","background-attachment":"scroll","background-type":"","background-media":"","overlay-type":"","overlay-color":"","overlay-opacity":"","overlay-gradient":""}}},"product_brand":[],"product_cat":[7904],"product_tag":[],"class_list":{"0":"post-30412","1":"product","2":"type-product","3":"status-publish","4":"has-post-thumbnail","6":"product_cat-zwaailamp","7":"pa_merkk-aeb","8":"desktop-align-left","9":"tablet-align-left","10":"mobile-align-left","12":"first","13":"instock","14":"taxable","15":"shipping-taxable","16":"purchasable","17":"product-type-simple"},"acf":[],"yoast_head":"<!-- This site is optimized with the Yoast SEO Premium plugin v26.5 (Yoast SEO v26.5) - https:\/\/yoast.com\/wordpress\/plugins\/seo\/ -->\n<title>AEB 590 zwaailamp HELDER - Truckned - voor vrachtwagen 24V<\/title>\n<meta name=\"description\" content=\"AEB 590 zwaailamp HELDER - geschikt voor 24V gebruik - halogeen zwaailamp met DIN montage - IP65 keurmerk - met opsteek voet - wisselbare lamp kap\" \/>\n<meta name=\"robots\" content=\"index, follow, max-snippet:-1, max-image-preview:large, max-video-preview:-1\" \/>\n<link rel=\"canonical\" href=\"https:\/\/truckned.nl\/de\/produkt\/aeb-590-zwaailamp-helder-24v\/\" \/>\n<meta property=\"og:locale\" content=\"de_DE\" \/>\n<meta property=\"og:type\" content=\"article\" \/>\n<meta property=\"og:title\" content=\"AEB 590 zwaailamp HELDER - Truckned - voor vrachtwagen 24V\" \/>\n<meta property=\"og:description\" content=\"AEB 590 zwaailamp HELDER - geschikt voor 24V gebruik - halogeen zwaailamp met DIN montage - IP65 keurmerk - met opsteek voet - wisselbare lamp kap\" \/>\n<meta property=\"og:url\" content=\"https:\/\/truckned.nl\/de\/produkt\/aeb-590-zwaailamp-helder-24v\/\" \/>\n<meta property=\"og:site_name\" content=\"Truckned\" \/>\n<meta property=\"article:publisher\" content=\"https:\/\/www.facebook.com\/truckned\/\" \/>\n<meta property=\"article:modified_time\" content=\"2026-03-23T10:55:37+00:00\" \/>\n<meta property=\"og:image\" content=\"https:\/\/truckned.nl\/wp-content\/uploads\/2024\/10\/TN-635590C.01.png\" \/>\n\t<meta property=\"og:image:width\" content=\"800\" \/>\n\t<meta property=\"og:image:height\" content=\"800\" \/>\n\t<meta property=\"og:image:type\" content=\"image\/png\" \/>\n<meta name=\"twitter:label1\" content=\"Preis\" \/>\n\t<meta name=\"twitter:data1\" content=\"&euro;59,00\" \/>\n\t<meta name=\"twitter:label2\" content=\"Verf\u00fcgbarkeit\" \/>\n\t<meta name=\"twitter:data2\" content=\"Auf Lager\" \/>\n<script type=\"application\/ld+json\" class=\"yoast-schema-graph\">{\"@context\":\"https:\/\/schema.org\",\"@graph\":[{\"@type\":[\"WebPage\",\"ItemPage\"],\"@id\":\"https:\/\/truckned.nl\/product\/aeb-590-zwaailamp-helder-24v\/\",\"url\":\"https:\/\/truckned.nl\/product\/aeb-590-zwaailamp-helder-24v\/\",\"name\":\"AEB 590 zwaailamp HELDER - Truckned - voor vrachtwagen 24V\",\"isPartOf\":{\"@id\":\"https:\/\/truckned.nl\/nl\/#website\"},\"primaryImageOfPage\":{\"@id\":\"https:\/\/truckned.nl\/product\/aeb-590-zwaailamp-helder-24v\/#primaryimage\"},\"image\":{\"@id\":\"https:\/\/truckned.nl\/product\/aeb-590-zwaailamp-helder-24v\/#primaryimage\"},\"thumbnailUrl\":\"https:\/\/truckned.nl\/wp-content\/uploads\/2024\/10\/TN-635590C.png\",\"datePublished\":\"2022-11-04T12:11:16+00:00\",\"dateModified\":\"2026-03-23T10:55:37+00:00\",\"description\":\"AEB 590 zwaailamp HELDER - geschikt voor 24V gebruik - halogeen zwaailamp met DIN montage - IP65 keurmerk - met opsteek voet - wisselbare lamp kap\",\"breadcrumb\":{\"@id\":\"https:\/\/truckned.nl\/product\/aeb-590-zwaailamp-helder-24v\/#breadcrumb\"},\"inLanguage\":\"de\",\"potentialAction\":[{\"@type\":\"ReadAction\",\"target\":[\"https:\/\/truckned.nl\/product\/aeb-590-zwaailamp-helder-24v\/\"]}]},{\"@type\":\"ImageObject\",\"inLanguage\":\"de\",\"@id\":\"https:\/\/truckned.nl\/product\/aeb-590-zwaailamp-helder-24v\/#primaryimage\",\"url\":\"https:\/\/truckned.nl\/wp-content\/uploads\/2024\/10\/TN-635590C.png\",\"contentUrl\":\"https:\/\/truckned.nl\/wp-content\/uploads\/2024\/10\/TN-635590C.png\",\"width\":800,\"height\":800,\"caption\":\"AEB 590 zwaailamp met opsteek voet en HELDER gekleurde kap - geschikt voor 24 volt gebruik - EAN: 5414184010680\"},{\"@type\":\"BreadcrumbList\",\"@id\":\"https:\/\/truckned.nl\/product\/aeb-590-zwaailamp-helder-24v\/#breadcrumb\",\"itemListElement\":[{\"@type\":\"ListItem\",\"position\":1,\"name\":\"Home\",\"item\":\"https:\/\/truckned.nl\/\"},{\"@type\":\"ListItem\",\"position\":2,\"name\":\"Shop\",\"item\":\"https:\/\/truckned.nl\/nl\/shop\/\"},{\"@type\":\"ListItem\",\"position\":3,\"name\":\"Signalering\",\"item\":\"https:\/\/truckned.nl\/product-categorie\/signalering\/\"},{\"@type\":\"ListItem\",\"position\":4,\"name\":\"Zwaailamp\",\"item\":\"https:\/\/truckned.nl\/product-categorie\/signalering\/zwaailamp\/\"},{\"@type\":\"ListItem\",\"position\":5,\"name\":\"AEB 590 zwaailamp HELDER &#8211; 24V\"}]},{\"@type\":\"WebSite\",\"@id\":\"https:\/\/truckned.nl\/nl\/#website\",\"url\":\"https:\/\/truckned.nl\/nl\/\",\"name\":\"Truckned\",\"description\":\"\",\"publisher\":{\"@id\":\"https:\/\/truckned.nl\/nl\/#organization\"},\"potentialAction\":[{\"@type\":\"SearchAction\",\"target\":{\"@type\":\"EntryPoint\",\"urlTemplate\":\"https:\/\/truckned.nl\/nl\/?s={search_term_string}\"},\"query-input\":{\"@type\":\"PropertyValueSpecification\",\"valueRequired\":true,\"valueName\":\"search_term_string\"}}],\"inLanguage\":\"de\"},{\"@type\":\"Organization\",\"@id\":\"https:\/\/truckned.nl\/nl\/#organization\",\"name\":\"Truckned\",\"url\":\"https:\/\/truckned.nl\/nl\/\",\"logo\":{\"@type\":\"ImageObject\",\"inLanguage\":\"de\",\"@id\":\"https:\/\/truckned.nl\/nl\/#\/schema\/logo\/image\/\",\"url\":\"https:\/\/truckned.nl\/wp-content\/uploads\/2022\/10\/800x800-Truckned-logo-zonder-tekst-ZWART.png\",\"contentUrl\":\"https:\/\/truckned.nl\/wp-content\/uploads\/2022\/10\/800x800-Truckned-logo-zonder-tekst-ZWART.png\",\"width\":801,\"height\":801,\"caption\":\"Truckned\"},\"image\":{\"@id\":\"https:\/\/truckned.nl\/nl\/#\/schema\/logo\/image\/\"},\"sameAs\":[\"https:\/\/www.facebook.com\/truckned\/\",\"https:\/\/www.instagram.com\/truckned\/\"],\"vatID\":\"NL863960509B01\",\"taxID\":\"86417487\",\"hasMerchantReturnPolicy\":{\"@type\":\"MerchantReturnPolicy\",\"merchantReturnLink\":\"https:\/\/truckned.nl\/de\/versand-rucksendungen\/\"}}]}<\/script>\n<meta property=\"product:brand\" content=\"AEB\" \/>\n<meta property=\"product:price:amount\" content=\"59.00\" \/>\n<meta property=\"product:price:currency\" content=\"EUR\" \/>\n<meta property=\"og:availability\" content=\"instock\" \/>\n<meta property=\"product:availability\" content=\"instock\" \/>\n<meta property=\"product:retailer_item_id\" content=\"TN-635590C\" \/>\n<meta property=\"product:condition\" content=\"new\" \/>\n<!-- \/ Yoast SEO Premium plugin. -->","yoast_head_json":{"title":"AEB 590 Rundumleuchte KLAR - Truckned - f\u00fcr LKW 24V","description":"AEB 590 Rundumleuchte KLAR \u2013 geeignet f\u00fcr 24V-Betrieb \u2013 Halogenkennleuchte mit DIN-Montage \u2013 IP65-G\u00fctezeichen \u2013 mit Stecksockel \u2013 austauschbarer Lampenschirm","robots":{"index":"index","follow":"follow","max-snippet":"max-snippet:-1","max-image-preview":"max-image-preview:large","max-video-preview":"max-video-preview:-1"},"canonical":"https:\/\/truckned.nl\/de\/produkt\/aeb-590-zwaailamp-helder-24v\/","og_locale":"de_DE","og_type":"article","og_title":"AEB 590 zwaailamp HELDER - Truckned - voor vrachtwagen 24V","og_description":"AEB 590 zwaailamp HELDER - geschikt voor 24V gebruik - halogeen zwaailamp met DIN montage - IP65 keurmerk - met opsteek voet - wisselbare lamp kap","og_url":"https:\/\/truckned.nl\/de\/produkt\/aeb-590-zwaailamp-helder-24v\/","og_site_name":"Truckned","article_publisher":"https:\/\/www.facebook.com\/truckned\/","article_modified_time":"2026-03-23T10:55:37+00:00","og_image":[{"width":800,"height":800,"url":"https:\/\/truckned.nl\/wp-content\/uploads\/2024\/10\/TN-635590C.01.png","type":"image\/png"}],"twitter_misc":{"Preis":"&euro;59,00","Verf\u00fcgbarkeit":"Auf Lager"},"schema":{"@context":"https:\/\/schema.org","@graph":[{"@type":["WebPage","ItemPage"],"@id":"https:\/\/truckned.nl\/product\/aeb-590-zwaailamp-helder-24v\/","url":"https:\/\/truckned.nl\/product\/aeb-590-zwaailamp-helder-24v\/","name":"AEB 590 Rundumleuchte KLAR - Truckned - f\u00fcr LKW 24V","isPartOf":{"@id":"https:\/\/truckned.nl\/nl\/#website"},"primaryImageOfPage":{"@id":"https:\/\/truckned.nl\/product\/aeb-590-zwaailamp-helder-24v\/#primaryimage"},"image":{"@id":"https:\/\/truckned.nl\/product\/aeb-590-zwaailamp-helder-24v\/#primaryimage"},"thumbnailUrl":"https:\/\/truckned.nl\/wp-content\/uploads\/2024\/10\/TN-635590C.png","datePublished":"2022-11-04T12:11:16+00:00","dateModified":"2026-03-23T10:55:37+00:00","description":"AEB 590 Rundumleuchte KLAR \u2013 geeignet f\u00fcr 24V-Betrieb \u2013 Halogenkennleuchte mit DIN-Montage \u2013 IP65-G\u00fctezeichen \u2013 mit Stecksockel \u2013 austauschbarer Lampenschirm","breadcrumb":{"@id":"https:\/\/truckned.nl\/product\/aeb-590-zwaailamp-helder-24v\/#breadcrumb"},"inLanguage":"de","potentialAction":[{"@type":"ReadAction","target":["https:\/\/truckned.nl\/product\/aeb-590-zwaailamp-helder-24v\/"]}]},{"@type":"ImageObject","inLanguage":"de","@id":"https:\/\/truckned.nl\/product\/aeb-590-zwaailamp-helder-24v\/#primaryimage","url":"https:\/\/truckned.nl\/wp-content\/uploads\/2024\/10\/TN-635590C.png","contentUrl":"https:\/\/truckned.nl\/wp-content\/uploads\/2024\/10\/TN-635590C.png","width":800,"height":800,"caption":"AEB 590 zwaailamp met opsteek voet en HELDER gekleurde kap - geschikt voor 24 volt gebruik - EAN: 5414184010680"},{"@type":"BreadcrumbList","@id":"https:\/\/truckned.nl\/product\/aeb-590-zwaailamp-helder-24v\/#breadcrumb","itemListElement":[{"@type":"ListItem","position":1,"name":"Home","item":"https:\/\/truckned.nl\/"},{"@type":"ListItem","position":2,"name":"Shop","item":"https:\/\/truckned.nl\/nl\/shop\/"},{"@type":"ListItem","position":3,"name":"Signalering","item":"https:\/\/truckned.nl\/product-categorie\/signalering\/"},{"@type":"ListItem","position":4,"name":"Zwaailamp","item":"https:\/\/truckned.nl\/product-categorie\/signalering\/zwaailamp\/"},{"@type":"ListItem","position":5,"name":"AEB 590 zwaailamp HELDER &#8211; 24V"}]},{"@type":"WebSite","@id":"https:\/\/truckned.nl\/nl\/#website","url":"https:\/\/truckned.nl\/nl\/","name":"Truckned","description":"","publisher":{"@id":"https:\/\/truckned.nl\/nl\/#organization"},"potentialAction":[{"@type":"SearchAction","target":{"@type":"EntryPoint","urlTemplate":"https:\/\/truckned.nl\/nl\/?s={search_term_string}"},"query-input":{"@type":"PropertyValueSpecification","valueRequired":true,"valueName":"search_term_string"}}],"inLanguage":"de"},{"@type":"Organization","@id":"https:\/\/truckned.nl\/nl\/#organization","name":"Truckned","url":"https:\/\/truckned.nl\/nl\/","logo":{"@type":"ImageObject","inLanguage":"de","@id":"https:\/\/truckned.nl\/nl\/#\/schema\/logo\/image\/","url":"https:\/\/truckned.nl\/wp-content\/uploads\/2022\/10\/800x800-Truckned-logo-zonder-tekst-ZWART.png","contentUrl":"https:\/\/truckned.nl\/wp-content\/uploads\/2022\/10\/800x800-Truckned-logo-zonder-tekst-ZWART.png","width":801,"height":801,"caption":"Truckned"},"image":{"@id":"https:\/\/truckned.nl\/nl\/#\/schema\/logo\/image\/"},"sameAs":["https:\/\/www.facebook.com\/truckned\/","https:\/\/www.instagram.com\/truckned\/"],"vatID":"NL863960509B01","taxID":"86417487","hasMerchantReturnPolicy":{"@type":"MerchantReturnPolicy","merchantReturnLink":"https:\/\/truckned.nl\/de\/versand-rucksendungen\/"}}]},"product_brand":"AEB","product_price_amount":"59.00","product_price_currency":"EUR","og_availability":"instock","product_availability":"instock","product_retailer_item_id":"TN-635590C","product_condition":"new"},"_links":{"self":[{"href":"https:\/\/truckned.nl\/de\/wp-json\/wp\/v2\/product\/30412","targetHints":{"allow":["GET"]}}],"collection":[{"href":"https:\/\/truckned.nl\/de\/wp-json\/wp\/v2\/product"}],"about":[{"href":"https:\/\/truckned.nl\/de\/wp-json\/wp\/v2\/types\/product"}],"replies":[{"embeddable":true,"href":"https:\/\/truckned.nl\/de\/wp-json\/wp\/v2\/comments?post=30412"}],"wp:featuredmedia":[{"embeddable":true,"href":"https:\/\/truckned.nl\/de\/wp-json\/wp\/v2\/media\/30420"}],"wp:attachment":[{"href":"https:\/\/truckned.nl\/de\/wp-json\/wp\/v2\/media?parent=30412"}],"wp:term":[{"taxonomy":"product_brand","embeddable":true,"href":"https:\/\/truckned.nl\/de\/wp-json\/wp\/v2\/product_brand?post=30412"},{"taxonomy":"product_cat","embeddable":true,"href":"https:\/\/truckned.nl\/de\/wp-json\/wp\/v2\/product_cat?post=30412"},{"taxonomy":"product_tag","embeddable":true,"href":"https:\/\/truckned.nl\/de\/wp-json\/wp\/v2\/product_tag?post=30412"}],"curies":[{"name":"wp","href":"https:\/\/api.w.org\/{rel}","templated":true}]}}