{"id":30933,"date":"2025-02-03T19:39:32","date_gmt":"2025-02-03T18:39:32","guid":{"rendered":"https:\/\/truckned.nl\/?post_type=product&#038;p=30933"},"modified":"2026-01-21T09:43:10","modified_gmt":"2026-01-21T08:43:10","slug":"strands-siberia-xp-red-panda","status":"publish","type":"product","link":"https:\/\/truckned.nl\/de\/produkt\/strands-siberia-xp-red-panda\/","title":{"rendered":"Strands Siberia XP Red Panda"},"content":{"rendered":"<p><span style=\"color: #000000\"><strong>Strands Siberia XP RED PANDA Lampe 38w, f\u00fcr 12 und 24 Volt.\u00a0<\/strong><\/span><\/p>\n<p><span style=\"color: #000000\">Suchen Sie nach einer robusten LED-Arbeitsleuchte mit DUAL COLOR standlicht? Die 38-W-Lampe Strands Siberia XP RED PANDA LED ist eine leistungsstarke und vielseitige Option. Diese kompakte LED-Lampe ist mit 4 hellen LED-Punkten ausgestattet und liefert eine theoretische Lichtleistung von 4800 Lumen. Dank der Unterst\u00fctzung von sowohl 12V als auch 24V ist diese Lampe f\u00fcr verschiedene Fahrzeuge wie Autos, Wohnmobile, LKWs, Anh\u00e4nger und andere Maschinen geeignet.<\/span><\/p>\n<p><span style=\"color: #000000\">Um Ihnen die richtige Auswahl zu erleichtern, haben wir die wichtigsten Merkmale aufgelistet. Der Strands Siberia XP RED PANDA hat eine ORANGE\/ROTE Zweifarb-standlicht-Funktion und ist ECE R10-zugelassen. Dies bedeutet, dass es bei korrekter Installation keine St\u00f6rungen Ihres Radios verursacht. Dar\u00fcber hinaus ist die Lampe dank des IP69K-G\u00fctezeichens staub- und tauchgesch\u00fctzt. Der Anschluss ist dank montiertem DT4-Anschlussstecker problemlos m\u00f6glich, sodass Sie schnell loslegen k\u00f6nnen.<\/span><\/p>\n<div class=\"truncated\">\n<h5><span style=\"color: #000000\"><strong>Abmessungen:<\/strong><\/span><\/h5>\n<p><span style=\"color: #000000\">Damit Sie die Arbeitsleuchte mit DUAL COLOR standlicht Funktion \u00fcberall anbringen k\u00f6nnen, wo Sie m\u00f6chten, haben wir im Folgenden die Abmessungen f\u00fcr Sie aufgelistet. Die Lampe Strands Siberia XP RED PANDA LED 38W hat folgende Abmessungen:<\/span><\/p>\n<ul>\n<li><span style=\"color: #000000\">H\u00f6he: 72,0 mm (81,5 mm inkl. Halterung)\u00a0<\/span><\/li>\n<li><span style=\"color: #000000\">Breite: 72,0 mm<\/span><\/li>\n<li><span style=\"color: #000000\">Dicke: 72,0 mm<\/span><\/li>\n<\/ul>\n<h5><span style=\"color: #000000\"><strong>Andere Versionen:<\/strong><\/span><\/h5>\n<p><span style=\"color: #000000\">Sie suchen eine LED Lampe aus der Strands Siberia XP Reihe, aber die Strands Siberia XP RED PANDA ist nicht genau das, was Sie brauchen? Kein Problem! Die Siberia XP-Linie bietet mehrere Modelle, sodass Sie immer eine Lampe finden, die Ihren Anforderungen entspricht. Nachfolgend finden Sie eine \u00dcbersicht \u00fcber die weiteren verf\u00fcgbaren Optionen.<\/span><\/p>\n<\/div>\n<ul>\n<li><span style=\"color: #000000\"><a style=\"color: #000000\" href=\"https:\/\/truckned.nl\/de\/produkt\/strands-siberia-xp-red-fox\/\"><strong>Siberia XP RED FOX<\/strong><\/a><\/span><\/li>\n<li><span style=\"color: #000000\"><a style=\"color: #000000\" href=\"https:\/\/truckned.nl\/de\/produkt\/strands-siberia-xp-heat-werklamp\/\"><strong>Siberia HEAT lamp<\/strong><\/a><\/span><\/li>\n<li><span style=\"color: #000000\"><strong><a style=\"color: #000000\" href=\"https:\/\/truckned.nl\/de\/produkt\/strands-siberia-xp-qube\/\">Siberia XP QUBE<\/a> <\/strong><\/span><\/li>\n<\/ul>\n<p><span style=\"color: #000000\">Sind Sie nach dem Lesen aller Spezifikationen und dem Betrachten der Fotos immer noch im Zweifel? Vielleicht ist die Form, Lichtleistung oder Farbe des Siberia XP RED PANDA nicht ganz das, was Sie suchen. Kein Problem! Dann sehen Sie sich hier das komplette Sortiment an <a style=\"color: #000000\" href=\"https:\/\/truckned.nl\/de\/merk\/produkt-strands-beleuchtungsabteilung\/\" target=\"_blank\" rel=\"noopener\">Strands<\/a>\u00a0und finden Sie heraus, ob es ein Modell gibt, das perfekt zu Ihren Bed\u00fcrfnissen passt.<\/span><\/p>","protected":false},"excerpt":{"rendered":"<p>Strands Siberia XP RED PANDA 38W Arbeitsleuchte, f\u00fcr 12 und 24 Volt. Suchen Sie eine robuste LED Arbeitsleuchte mit zweifarbiger standlicht? Die Strands Siberia XP RED PANDA LED 38W ist eine leistungsstarke und vielseitige Option. Diese kompakte LED Leuchte ist mit 4 hellen LED Punkten ausgestattet und liefert eine theoretische Lichtleistung von 4800 Lumen. Dank der [\u2026]<\/p>","protected":false},"featured_media":33421,"comment_status":"open","ping_status":"closed","template":"","meta":{"_acf_changed":false,"site-sidebar-layout":"default","site-content-layout":"default","ast-site-content-layout":"default","site-content-style":"default","site-sidebar-style":"default","ast-global-header-display":"","ast-banner-title-visibility":"","ast-main-header-display":"","ast-hfb-above-header-display":"","ast-hfb-below-header-display":"","ast-hfb-mobile-header-display":"","site-post-title":"","ast-breadcrumbs-content":"","ast-featured-img":"","footer-sml-layout":"","ast-disable-related-posts":"","theme-transparent-header-meta":"default","adv-header-id-meta":"","stick-header-meta":"","header-above-stick-meta":"","header-main-stick-meta":"","header-below-stick-meta":"","astra-migrate-meta-layouts":"set","ast-page-background-enabled":"default","ast-page-background-meta":{"desktop":{"background-color":"","background-image":"","background-repeat":"repeat","background-position":"center center","background-size":"auto","background-attachment":"scroll","background-type":"","background-media":"","overlay-type":"","overlay-color":"","overlay-opacity":"","overlay-gradient":""},"tablet":{"background-color":"","background-image":"","background-repeat":"repeat","background-position":"center center","background-size":"auto","background-attachment":"scroll","background-type":"","background-media":"","overlay-type":"","overlay-color":"","overlay-opacity":"","overlay-gradient":""},"mobile":{"background-color":"","background-image":"","background-repeat":"repeat","background-position":"center center","background-size":"auto","background-attachment":"scroll","background-type":"","background-media":"","overlay-type":"","overlay-color":"","overlay-opacity":"","overlay-gradient":""}},"ast-content-background-meta":{"desktop":{"background-color":"var(--ast-global-color-5)","background-image":"","background-repeat":"repeat","background-position":"center center","background-size":"auto","background-attachment":"scroll","background-type":"","background-media":"","overlay-type":"","overlay-color":"","overlay-opacity":"","overlay-gradient":""},"tablet":{"background-color":"var(--ast-global-color-5)","background-image":"","background-repeat":"repeat","background-position":"center center","background-size":"auto","background-attachment":"scroll","background-type":"","background-media":"","overlay-type":"","overlay-color":"","overlay-opacity":"","overlay-gradient":""},"mobile":{"background-color":"var(--ast-global-color-5)","background-image":"","background-repeat":"repeat","background-position":"center center","background-size":"auto","background-attachment":"scroll","background-type":"","background-media":"","overlay-type":"","overlay-color":"","overlay-opacity":"","overlay-gradient":""}}},"product_brand":[],"product_cat":[7206],"product_tag":[373,2426,3787,2427,2419,2421,2422,2423,2420,2418],"class_list":{"0":"post-30933","1":"product","2":"type-product","3":"status-publish","4":"has-post-thumbnail","6":"product_cat-werklampen","7":"product_tag-led-werklamp","8":"product_tag-strands-led-verlichting","9":"product_tag-strands-werklamp","10":"product_tag-strands-lighting-division","11":"product_tag-werklamp-aanhanger","12":"product_tag-werklamp-heftruck","13":"product_tag-werklamp-kooiaap","14":"product_tag-werklamp-tractor","15":"product_tag-werklamp-trailer","16":"product_tag-werklamp-vrachtwagen","17":"pa_merkk-product-strands-lighting-division","18":"desktop-align-left","19":"tablet-align-left","20":"mobile-align-left","22":"first","23":"instock","24":"taxable","25":"shipping-taxable","26":"purchasable","27":"product-type-simple"},"acf":[],"yoast_head":"<!-- This site is optimized with the Yoast SEO Premium plugin v26.5 (Yoast SEO v26.5) - https:\/\/yoast.com\/wordpress\/plugins\/seo\/ -->\n<title>Strands Siberia XP Red Panda - Truckned - verlichting voor truck en trailer<\/title>\n<meta name=\"description\" content=\"Strands Siberia XP RED PANDA lamp - STRANDS 809284- voorzien van een DT4 aansluitstekker - voor 12 en 24 volt - 1 LUX @ 151m - polycarbonaat lens\" \/>\n<meta name=\"robots\" content=\"index, follow, max-snippet:-1, max-image-preview:large, max-video-preview:-1\" \/>\n<link rel=\"canonical\" href=\"https:\/\/truckned.nl\/de\/produkt\/strands-siberia-xp-red-panda\/\" \/>\n<meta property=\"og:locale\" content=\"de_DE\" \/>\n<meta property=\"og:type\" content=\"article\" \/>\n<meta property=\"og:title\" content=\"Strands Siberia XP Red Panda - Truckned - verlichting voor truck en trailer\" \/>\n<meta property=\"og:description\" content=\"Strands Siberia XP RED PANDA lamp - STRANDS 809284- voorzien van een DT4 aansluitstekker - voor 12 en 24 volt - 1 LUX @ 151m - polycarbonaat lens\" \/>\n<meta property=\"og:url\" content=\"https:\/\/truckned.nl\/de\/produkt\/strands-siberia-xp-red-panda\/\" \/>\n<meta property=\"og:site_name\" content=\"Truckned\" \/>\n<meta property=\"article:publisher\" content=\"https:\/\/www.facebook.com\/truckned\/\" \/>\n<meta property=\"article:modified_time\" content=\"2026-01-21T08:43:10+00:00\" \/>\n<meta property=\"og:image\" content=\"https:\/\/truckned.nl\/wp-content\/uploads\/2025\/02\/TN-809284-SM-1.png\" \/>\n\t<meta property=\"og:image:width\" content=\"800\" \/>\n\t<meta property=\"og:image:height\" content=\"800\" \/>\n\t<meta property=\"og:image:type\" content=\"image\/png\" \/>\n<meta name=\"twitter:label1\" content=\"Preis\" \/>\n\t<meta name=\"twitter:data1\" content=\"&euro;99,00\" \/>\n\t<meta name=\"twitter:label2\" content=\"Verf\u00fcgbarkeit\" \/>\n\t<meta name=\"twitter:data2\" content=\"Auf Lager\" \/>\n<script type=\"application\/ld+json\" class=\"yoast-schema-graph\">{\"@context\":\"https:\/\/schema.org\",\"@graph\":[{\"@type\":[\"WebPage\",\"ItemPage\"],\"@id\":\"https:\/\/truckned.nl\/product\/strands-siberia-xp-red-panda\/\",\"url\":\"https:\/\/truckned.nl\/product\/strands-siberia-xp-red-panda\/\",\"name\":\"Strands Siberia XP Red Panda - Truckned - verlichting voor truck en trailer\",\"isPartOf\":{\"@id\":\"https:\/\/truckned.nl\/nl\/#website\"},\"primaryImageOfPage\":{\"@id\":\"https:\/\/truckned.nl\/product\/strands-siberia-xp-red-panda\/#primaryimage\"},\"image\":{\"@id\":\"https:\/\/truckned.nl\/product\/strands-siberia-xp-red-panda\/#primaryimage\"},\"thumbnailUrl\":\"https:\/\/truckned.nl\/wp-content\/uploads\/2025\/02\/TN-809284-00.png\",\"datePublished\":\"2025-02-03T18:39:32+00:00\",\"dateModified\":\"2026-01-21T08:43:10+00:00\",\"description\":\"Strands Siberia XP RED PANDA lamp - STRANDS 809284- voorzien van een DT4 aansluitstekker - voor 12 en 24 volt - 1 LUX @ 151m - polycarbonaat lens\",\"breadcrumb\":{\"@id\":\"https:\/\/truckned.nl\/product\/strands-siberia-xp-red-panda\/#breadcrumb\"},\"inLanguage\":\"de\",\"potentialAction\":[{\"@type\":\"ReadAction\",\"target\":[\"https:\/\/truckned.nl\/product\/strands-siberia-xp-red-panda\/\"]}]},{\"@type\":\"ImageObject\",\"inLanguage\":\"de\",\"@id\":\"https:\/\/truckned.nl\/product\/strands-siberia-xp-red-panda\/#primaryimage\",\"url\":\"https:\/\/truckned.nl\/wp-content\/uploads\/2025\/02\/TN-809284-00.png\",\"contentUrl\":\"https:\/\/truckned.nl\/wp-content\/uploads\/2025\/02\/TN-809284-00.png\",\"width\":800,\"height\":800,\"caption\":\"Strands 809284\"},{\"@type\":\"BreadcrumbList\",\"@id\":\"https:\/\/truckned.nl\/product\/strands-siberia-xp-red-panda\/#breadcrumb\",\"itemListElement\":[{\"@type\":\"ListItem\",\"position\":1,\"name\":\"Home\",\"item\":\"https:\/\/truckned.nl\/\"},{\"@type\":\"ListItem\",\"position\":2,\"name\":\"Shop\",\"item\":\"https:\/\/truckned.nl\/nl\/shop\/\"},{\"@type\":\"ListItem\",\"position\":3,\"name\":\"Werklampen\",\"item\":\"https:\/\/truckned.nl\/de\/produkt-kategorie\/werklampen\/\"},{\"@type\":\"ListItem\",\"position\":4,\"name\":\"Strands Siberia XP Red Panda\"}]},{\"@type\":\"WebSite\",\"@id\":\"https:\/\/truckned.nl\/nl\/#website\",\"url\":\"https:\/\/truckned.nl\/nl\/\",\"name\":\"Truckned\",\"description\":\"\",\"publisher\":{\"@id\":\"https:\/\/truckned.nl\/nl\/#organization\"},\"potentialAction\":[{\"@type\":\"SearchAction\",\"target\":{\"@type\":\"EntryPoint\",\"urlTemplate\":\"https:\/\/truckned.nl\/nl\/?s={search_term_string}\"},\"query-input\":{\"@type\":\"PropertyValueSpecification\",\"valueRequired\":true,\"valueName\":\"search_term_string\"}}],\"inLanguage\":\"de\"},{\"@type\":\"Organization\",\"@id\":\"https:\/\/truckned.nl\/nl\/#organization\",\"name\":\"Truckned\",\"url\":\"https:\/\/truckned.nl\/nl\/\",\"logo\":{\"@type\":\"ImageObject\",\"inLanguage\":\"de\",\"@id\":\"https:\/\/truckned.nl\/nl\/#\/schema\/logo\/image\/\",\"url\":\"https:\/\/truckned.nl\/wp-content\/uploads\/2022\/10\/800x800-Truckned-logo-zonder-tekst-ZWART.png\",\"contentUrl\":\"https:\/\/truckned.nl\/wp-content\/uploads\/2022\/10\/800x800-Truckned-logo-zonder-tekst-ZWART.png\",\"width\":801,\"height\":801,\"caption\":\"Truckned\"},\"image\":{\"@id\":\"https:\/\/truckned.nl\/nl\/#\/schema\/logo\/image\/\"},\"sameAs\":[\"https:\/\/www.facebook.com\/truckned\/\",\"https:\/\/www.instagram.com\/truckned\/\"],\"vatID\":\"NL863960509B01\",\"taxID\":\"86417487\",\"hasMerchantReturnPolicy\":{\"@type\":\"MerchantReturnPolicy\",\"merchantReturnLink\":\"https:\/\/truckned.nl\/de\/versand-rucksendungen\/\"}}]}<\/script>\n<meta property=\"product:brand\" content=\"Strands\" \/>\n<meta property=\"product:price:amount\" content=\"99.00\" \/>\n<meta property=\"product:price:currency\" content=\"EUR\" \/>\n<meta property=\"og:availability\" content=\"instock\" \/>\n<meta property=\"product:availability\" content=\"instock\" \/>\n<meta property=\"product:retailer_item_id\" content=\"TN-809284\" \/>\n<meta property=\"product:condition\" content=\"new\" \/>\n<!-- \/ Yoast SEO Premium plugin. -->","yoast_head_json":{"title":"Strands Siberia XP Red Panda - Truckned - Beleuchtung f\u00fcr LKW und Anh\u00e4nger","description":"Strands Siberia XP RED PANDA Lampe - STRANDS 809284 - ausgestattet mit einem DT4 Anschlussstecker - f\u00fcr 12 und 24 Volt - 1 LUX @ 151m - Polycarbonatlinse","robots":{"index":"index","follow":"follow","max-snippet":"max-snippet:-1","max-image-preview":"max-image-preview:large","max-video-preview":"max-video-preview:-1"},"canonical":"https:\/\/truckned.nl\/de\/produkt\/strands-siberia-xp-red-panda\/","og_locale":"de_DE","og_type":"article","og_title":"Strands Siberia XP Red Panda - Truckned - verlichting voor truck en trailer","og_description":"Strands Siberia XP RED PANDA lamp - STRANDS 809284- voorzien van een DT4 aansluitstekker - voor 12 en 24 volt - 1 LUX @ 151m - polycarbonaat lens","og_url":"https:\/\/truckned.nl\/de\/produkt\/strands-siberia-xp-red-panda\/","og_site_name":"Truckned","article_publisher":"https:\/\/www.facebook.com\/truckned\/","article_modified_time":"2026-01-21T08:43:10+00:00","og_image":[{"width":800,"height":800,"url":"https:\/\/truckned.nl\/wp-content\/uploads\/2025\/02\/TN-809284-SM-1.png","type":"image\/png"}],"twitter_misc":{"Preis":"&euro;99,00","Verf\u00fcgbarkeit":"Auf Lager"},"schema":{"@context":"https:\/\/schema.org","@graph":[{"@type":["WebPage","ItemPage"],"@id":"https:\/\/truckned.nl\/product\/strands-siberia-xp-red-panda\/","url":"https:\/\/truckned.nl\/product\/strands-siberia-xp-red-panda\/","name":"Strands Siberia XP Red Panda - Truckned - Beleuchtung f\u00fcr LKW und Anh\u00e4nger","isPartOf":{"@id":"https:\/\/truckned.nl\/nl\/#website"},"primaryImageOfPage":{"@id":"https:\/\/truckned.nl\/product\/strands-siberia-xp-red-panda\/#primaryimage"},"image":{"@id":"https:\/\/truckned.nl\/product\/strands-siberia-xp-red-panda\/#primaryimage"},"thumbnailUrl":"https:\/\/truckned.nl\/wp-content\/uploads\/2025\/02\/TN-809284-00.png","datePublished":"2025-02-03T18:39:32+00:00","dateModified":"2026-01-21T08:43:10+00:00","description":"Strands Siberia XP RED PANDA Lampe - STRANDS 809284 - ausgestattet mit einem DT4 Anschlussstecker - f\u00fcr 12 und 24 Volt - 1 LUX @ 151m - Polycarbonatlinse","breadcrumb":{"@id":"https:\/\/truckned.nl\/product\/strands-siberia-xp-red-panda\/#breadcrumb"},"inLanguage":"de","potentialAction":[{"@type":"ReadAction","target":["https:\/\/truckned.nl\/product\/strands-siberia-xp-red-panda\/"]}]},{"@type":"ImageObject","inLanguage":"de","@id":"https:\/\/truckned.nl\/product\/strands-siberia-xp-red-panda\/#primaryimage","url":"https:\/\/truckned.nl\/wp-content\/uploads\/2025\/02\/TN-809284-00.png","contentUrl":"https:\/\/truckned.nl\/wp-content\/uploads\/2025\/02\/TN-809284-00.png","width":800,"height":800,"caption":"Strands 809284"},{"@type":"BreadcrumbList","@id":"https:\/\/truckned.nl\/product\/strands-siberia-xp-red-panda\/#breadcrumb","itemListElement":[{"@type":"ListItem","position":1,"name":"Home","item":"https:\/\/truckned.nl\/"},{"@type":"ListItem","position":2,"name":"Shop","item":"https:\/\/truckned.nl\/nl\/shop\/"},{"@type":"ListItem","position":3,"name":"Werklampen","item":"https:\/\/truckned.nl\/de\/produkt-kategorie\/werklampen\/"},{"@type":"ListItem","position":4,"name":"Strands Siberia XP Red Panda"}]},{"@type":"WebSite","@id":"https:\/\/truckned.nl\/nl\/#website","url":"https:\/\/truckned.nl\/nl\/","name":"Truckned","description":"","publisher":{"@id":"https:\/\/truckned.nl\/nl\/#organization"},"potentialAction":[{"@type":"SearchAction","target":{"@type":"EntryPoint","urlTemplate":"https:\/\/truckned.nl\/nl\/?s={search_term_string}"},"query-input":{"@type":"PropertyValueSpecification","valueRequired":true,"valueName":"search_term_string"}}],"inLanguage":"de"},{"@type":"Organization","@id":"https:\/\/truckned.nl\/nl\/#organization","name":"Truckned","url":"https:\/\/truckned.nl\/nl\/","logo":{"@type":"ImageObject","inLanguage":"de","@id":"https:\/\/truckned.nl\/nl\/#\/schema\/logo\/image\/","url":"https:\/\/truckned.nl\/wp-content\/uploads\/2022\/10\/800x800-Truckned-logo-zonder-tekst-ZWART.png","contentUrl":"https:\/\/truckned.nl\/wp-content\/uploads\/2022\/10\/800x800-Truckned-logo-zonder-tekst-ZWART.png","width":801,"height":801,"caption":"Truckned"},"image":{"@id":"https:\/\/truckned.nl\/nl\/#\/schema\/logo\/image\/"},"sameAs":["https:\/\/www.facebook.com\/truckned\/","https:\/\/www.instagram.com\/truckned\/"],"vatID":"NL863960509B01","taxID":"86417487","hasMerchantReturnPolicy":{"@type":"MerchantReturnPolicy","merchantReturnLink":"https:\/\/truckned.nl\/de\/versand-rucksendungen\/"}}]},"product_brand":"Strands","product_price_amount":"99.00","product_price_currency":"EUR","og_availability":"instock","product_availability":"instock","product_retailer_item_id":"TN-809284","product_condition":"new"},"_links":{"self":[{"href":"https:\/\/truckned.nl\/de\/wp-json\/wp\/v2\/product\/30933","targetHints":{"allow":["GET"]}}],"collection":[{"href":"https:\/\/truckned.nl\/de\/wp-json\/wp\/v2\/product"}],"about":[{"href":"https:\/\/truckned.nl\/de\/wp-json\/wp\/v2\/types\/product"}],"replies":[{"embeddable":true,"href":"https:\/\/truckned.nl\/de\/wp-json\/wp\/v2\/comments?post=30933"}],"wp:featuredmedia":[{"embeddable":true,"href":"https:\/\/truckned.nl\/de\/wp-json\/wp\/v2\/media\/33421"}],"wp:attachment":[{"href":"https:\/\/truckned.nl\/de\/wp-json\/wp\/v2\/media?parent=30933"}],"wp:term":[{"taxonomy":"product_brand","embeddable":true,"href":"https:\/\/truckned.nl\/de\/wp-json\/wp\/v2\/product_brand?post=30933"},{"taxonomy":"product_cat","embeddable":true,"href":"https:\/\/truckned.nl\/de\/wp-json\/wp\/v2\/product_cat?post=30933"},{"taxonomy":"product_tag","embeddable":true,"href":"https:\/\/truckned.nl\/de\/wp-json\/wp\/v2\/product_tag?post=30933"}],"curies":[{"name":"wp","href":"https:\/\/api.w.org\/{rel}","templated":true}]}}