{"id":30934,"date":"2025-02-03T19:39:51","date_gmt":"2025-02-03T18:39:51","guid":{"rendered":"https:\/\/truckned.nl\/?post_type=product&#038;p=30934"},"modified":"2026-03-20T11:12:25","modified_gmt":"2026-03-20T10:12:25","slug":"strands-siberia-xp-heat-werklamp","status":"publish","type":"product","link":"https:\/\/truckned.nl\/de\/produkt\/strands-siberia-xp-heat-werklamp\/","title":{"rendered":"Strands Siberia XP HEAT Lampe"},"content":{"rendered":"<p><span style=\"color: #000000;\"><strong>Strands Siberia XP HEAT Arbeitsscheinwerfer 70W, f\u00fcr 12 und 24 Volt.\u00a0<\/strong><\/span><\/p>\n<p><span style=\"color: #000000;\">Suchen Sie eine LED-Lampe mit DUAL COLOR standlicht und beheizter Linse? Dann ist Strands Siberia XP HEAT m\u00f6glicherweise genau das Richtige f\u00fcr Sie. Diese leistungsstarke LED-Lampe verf\u00fcgt \u00fcber 6 helle LED-Punkte und eine theoretische Lichtleistung von 6000 Lumen. Dank des Betriebs mit 12 und 24 Volt k\u00f6nnen Sie es problemlos an Ihrem Auto, Wohnmobil, LKW, Anh\u00e4nger oder anderen Fahrzeug montieren.<\/span><\/p>\n<p><span style=\"color: #000000;\">Damit Sie sicher sein k\u00f6nnen, dass es die richtige Lampe f\u00fcr Sie ist, haben wir hier die wichtigsten Eigenschaften aufgelistet. Das Strands Siberia XP HEAT verf\u00fcgt \u00fcber eine ORANGE\/ROTE Zweifarb-standlicht-Funktion und ist ECE R10-zugelassen, was bedeutet, dass es bei korrekter Installation keine St\u00f6rungen Ihres Radios verursacht. Die integrierte Heizfunktion verhindert das Einfrieren der Linse bei winterlichen Bedingungen, sodass Sie immer von der maximalen Lichtleistung profitieren. Zudem liegt der Lampe bereits ein 2 Meter langes, 5-adriges Anschlusskabel bei, sodass Sie diese ganz einfach anschlie\u00dfen k\u00f6nnen.<\/span><\/p>\n<h5><span style=\"color: #000000;\"><strong style=\"font-size: 19.2px;\">Abmessungen:<\/strong><\/span><\/h5>\n<div class=\"truncated\">\n<p><span style=\"color: #000000;\">Damit Sie die Arbeitsleuchte mit DUAL COLOR standlicht Funktion und beheizter Linse \u00fcberall anbringen k\u00f6nnen, wo Sie m\u00f6chten, haben wir im Folgenden die Abmessungen f\u00fcr Sie aufgelistet. Die Arbeitsleuchte Strands Siberia XP HEAT LED 70W hat folgende Abmessungen:<\/span><\/p>\n<ul>\n<li><span style=\"color: #000000;\">H\u00f6he: 110,34 mm (119,17 mm inkl. Halterung)<\/span><\/li>\n<li><span style=\"color: #000000;\">Breite: 110,44 mm<\/span><\/li>\n<li><span style=\"color: #000000;\">Dicke: 75,45 mm<\/span><\/li>\n<\/ul>\n<\/div>\n<div class=\"truncated\">\n<h5><span style=\"color: #000000;\"><strong>Andere Versionen:<\/strong><\/span><\/h5>\n<p><span style=\"color: #000000;\">Sie suchen eine LED Lampe aus der Strands Siberia XP Reihe, aber die Strands Siberia XP HEAT 70W ist nicht ganz das, was Sie suchen? Kein Problem! Die Siberia XP-Reihe umfasst mehrere Modelle, sodass Sie immer eine Lampe finden, die Ihren Anforderungen entspricht. Nachfolgend finden Sie eine \u00dcbersicht \u00fcber die weiteren verf\u00fcgbaren Optionen.<\/span><\/p>\n<\/div>\n<ul>\n<li><span style=\"color: #000000;\"><a style=\"color: #000000;\" href=\"https:\/\/truckned.nl\/de\/produkt\/strands-siberia-xp-red-panda\/\"><strong>Siberia XP RED PANDA<\/strong><\/a><\/span><\/li>\n<li><span style=\"color: #000000;\"><a style=\"color: #000000;\" href=\"https:\/\/truckned.nl\/de\/produkt\/strands-siberia-xp-red-fox\/\"><strong>Siberia XP RED FOX<\/strong><\/a><\/span><\/li>\n<li><span style=\"color: #000000;\"><strong><a style=\"color: #000000;\" href=\"https:\/\/truckned.nl\/de\/produkt\/strands-siberia-xp-qube\/\">Siberia XP QUBE<\/a> <\/strong><\/span><\/li>\n<\/ul>\n<p><span style=\"color: #000000;\">Sind Sie nach dem Betrachten aller Spezifikationen und Fotos immer noch im Zweifel? Vielleicht weil Ihnen die Form, Lichtleistung oder Farbe der Arbeitsleuchte Siberia XP HEAT LED 70w nicht gef\u00e4llt? Dann sehen Sie sich hier das komplette Sortiment an <a style=\"color: #000000;\" href=\"https:\/\/truckned.nl\/de\/merk\/produkt-strands-beleuchtungsabteilung\/\" target=\"_blank\" rel=\"noopener\">Strands<\/a>. M\u00f6glicherweise finden Sie hier das Lampenmodell, das Sie suchen.<\/span><\/p>","protected":false},"excerpt":{"rendered":"<p>Deze XP HEAT lamp is voorzien van 2-kleurig<span style=\"color: #000000;\"> standlicht \u00e9n een verwarmde lens.<\/span><\/p>","protected":false},"featured_media":33424,"comment_status":"open","ping_status":"closed","template":"","meta":{"_acf_changed":false,"site-sidebar-layout":"default","site-content-layout":"default","ast-site-content-layout":"default","site-content-style":"default","site-sidebar-style":"default","ast-global-header-display":"","ast-banner-title-visibility":"","ast-main-header-display":"","ast-hfb-above-header-display":"","ast-hfb-below-header-display":"","ast-hfb-mobile-header-display":"","site-post-title":"","ast-breadcrumbs-content":"","ast-featured-img":"","footer-sml-layout":"","ast-disable-related-posts":"","theme-transparent-header-meta":"default","adv-header-id-meta":"","stick-header-meta":"","header-above-stick-meta":"","header-main-stick-meta":"","header-below-stick-meta":"","astra-migrate-meta-layouts":"set","ast-page-background-enabled":"default","ast-page-background-meta":{"desktop":{"background-color":"","background-image":"","background-repeat":"repeat","background-position":"center center","background-size":"auto","background-attachment":"scroll","background-type":"","background-media":"","overlay-type":"","overlay-color":"","overlay-opacity":"","overlay-gradient":""},"tablet":{"background-color":"","background-image":"","background-repeat":"repeat","background-position":"center center","background-size":"auto","background-attachment":"scroll","background-type":"","background-media":"","overlay-type":"","overlay-color":"","overlay-opacity":"","overlay-gradient":""},"mobile":{"background-color":"","background-image":"","background-repeat":"repeat","background-position":"center center","background-size":"auto","background-attachment":"scroll","background-type":"","background-media":"","overlay-type":"","overlay-color":"","overlay-opacity":"","overlay-gradient":""}},"ast-content-background-meta":{"desktop":{"background-color":"var(--ast-global-color-5)","background-image":"","background-repeat":"repeat","background-position":"center center","background-size":"auto","background-attachment":"scroll","background-type":"","background-media":"","overlay-type":"","overlay-color":"","overlay-opacity":"","overlay-gradient":""},"tablet":{"background-color":"var(--ast-global-color-5)","background-image":"","background-repeat":"repeat","background-position":"center center","background-size":"auto","background-attachment":"scroll","background-type":"","background-media":"","overlay-type":"","overlay-color":"","overlay-opacity":"","overlay-gradient":""},"mobile":{"background-color":"var(--ast-global-color-5)","background-image":"","background-repeat":"repeat","background-position":"center center","background-size":"auto","background-attachment":"scroll","background-type":"","background-media":"","overlay-type":"","overlay-color":"","overlay-opacity":"","overlay-gradient":""}}},"product_brand":[],"product_cat":[7206],"product_tag":[373,2426,3787,2427,2419,2421,2422,2423,2420,2418],"class_list":{"0":"post-30934","1":"product","2":"type-product","3":"status-publish","4":"has-post-thumbnail","6":"product_cat-werklampen","7":"product_tag-led-werklamp","8":"product_tag-strands-led-verlichting","9":"product_tag-strands-werklamp","10":"product_tag-strands-lighting-division","11":"product_tag-werklamp-aanhanger","12":"product_tag-werklamp-heftruck","13":"product_tag-werklamp-kooiaap","14":"product_tag-werklamp-tractor","15":"product_tag-werklamp-trailer","16":"product_tag-werklamp-vrachtwagen","17":"pa_merkk-product-strands-lighting-division","18":"desktop-align-left","19":"tablet-align-left","20":"mobile-align-left","22":"first","23":"instock","24":"taxable","25":"shipping-taxable","26":"purchasable","27":"product-type-simple"},"acf":[],"yoast_head":"<!-- This site is optimized with the Yoast SEO Premium plugin v26.5 (Yoast SEO v26.5) - https:\/\/yoast.com\/wordpress\/plugins\/seo\/ -->\n<title>Strands Siberia XP HEAT werklamp - Truckned - lampen voor truck en trailer<\/title>\n<meta name=\"description\" content=\"Strands Siberia XP HEAT werklamp - STRANDS 809265 - voorzien van 6 LED&#039;s - voor 12 en 24 volt - 1 LUX @ 68m - polycarbonaat lens\" \/>\n<meta name=\"robots\" content=\"index, follow, max-snippet:-1, max-image-preview:large, max-video-preview:-1\" \/>\n<link rel=\"canonical\" href=\"https:\/\/truckned.nl\/de\/produkt\/strands-siberia-xp-heat-werklamp\/\" \/>\n<meta property=\"og:locale\" content=\"de_DE\" \/>\n<meta property=\"og:type\" content=\"article\" \/>\n<meta property=\"og:title\" content=\"Strands Siberia XP HEAT werklamp - Truckned - lampen voor truck en trailer\" \/>\n<meta property=\"og:description\" content=\"Strands Siberia XP HEAT werklamp - STRANDS 809265 - voorzien van 6 LED&#039;s - voor 12 en 24 volt - 1 LUX @ 68m - polycarbonaat lens\" \/>\n<meta property=\"og:url\" content=\"https:\/\/truckned.nl\/de\/produkt\/strands-siberia-xp-heat-werklamp\/\" \/>\n<meta property=\"og:site_name\" content=\"Truckned\" \/>\n<meta property=\"article:publisher\" content=\"https:\/\/www.facebook.com\/truckned\/\" \/>\n<meta property=\"article:modified_time\" content=\"2026-03-20T10:12:25+00:00\" \/>\n<meta property=\"og:image\" content=\"https:\/\/truckned.nl\/wp-content\/uploads\/2025\/02\/TN-809265-SM-1.png\" \/>\n\t<meta property=\"og:image:width\" content=\"800\" \/>\n\t<meta property=\"og:image:height\" content=\"800\" \/>\n\t<meta property=\"og:image:type\" content=\"image\/png\" \/>\n<meta name=\"twitter:label1\" content=\"Preis\" \/>\n\t<meta name=\"twitter:data1\" content=\"&euro;139,00\" \/>\n\t<meta name=\"twitter:label2\" content=\"Verf\u00fcgbarkeit\" \/>\n\t<meta name=\"twitter:data2\" content=\"Auf Lager\" \/>\n<script type=\"application\/ld+json\" class=\"yoast-schema-graph\">{\"@context\":\"https:\/\/schema.org\",\"@graph\":[{\"@type\":[\"WebPage\",\"ItemPage\"],\"@id\":\"https:\/\/truckned.nl\/product\/strands-siberia-xp-heat-werklamp\/\",\"url\":\"https:\/\/truckned.nl\/product\/strands-siberia-xp-heat-werklamp\/\",\"name\":\"Strands Siberia XP HEAT werklamp - Truckned - lampen voor truck en trailer\",\"isPartOf\":{\"@id\":\"https:\/\/truckned.nl\/nl\/#website\"},\"primaryImageOfPage\":{\"@id\":\"https:\/\/truckned.nl\/product\/strands-siberia-xp-heat-werklamp\/#primaryimage\"},\"image\":{\"@id\":\"https:\/\/truckned.nl\/product\/strands-siberia-xp-heat-werklamp\/#primaryimage\"},\"thumbnailUrl\":\"https:\/\/truckned.nl\/wp-content\/uploads\/2025\/02\/TN-809265-00.png\",\"datePublished\":\"2025-02-03T18:39:51+00:00\",\"dateModified\":\"2026-03-20T10:12:25+00:00\",\"description\":\"Strands Siberia XP HEAT werklamp - STRANDS 809265 - voorzien van 6 LED's - voor 12 en 24 volt - 1 LUX @ 68m - polycarbonaat lens\",\"breadcrumb\":{\"@id\":\"https:\/\/truckned.nl\/product\/strands-siberia-xp-heat-werklamp\/#breadcrumb\"},\"inLanguage\":\"de\",\"potentialAction\":[{\"@type\":\"ReadAction\",\"target\":[\"https:\/\/truckned.nl\/product\/strands-siberia-xp-heat-werklamp\/\"]}]},{\"@type\":\"ImageObject\",\"inLanguage\":\"de\",\"@id\":\"https:\/\/truckned.nl\/product\/strands-siberia-xp-heat-werklamp\/#primaryimage\",\"url\":\"https:\/\/truckned.nl\/wp-content\/uploads\/2025\/02\/TN-809265-00.png\",\"contentUrl\":\"https:\/\/truckned.nl\/wp-content\/uploads\/2025\/02\/TN-809265-00.png\",\"width\":800,\"height\":800,\"caption\":\"Strands 809265\"},{\"@type\":\"BreadcrumbList\",\"@id\":\"https:\/\/truckned.nl\/product\/strands-siberia-xp-heat-werklamp\/#breadcrumb\",\"itemListElement\":[{\"@type\":\"ListItem\",\"position\":1,\"name\":\"Home\",\"item\":\"https:\/\/truckned.nl\/\"},{\"@type\":\"ListItem\",\"position\":2,\"name\":\"Shop\",\"item\":\"https:\/\/truckned.nl\/nl\/shop\/\"},{\"@type\":\"ListItem\",\"position\":3,\"name\":\"Werklampen\",\"item\":\"https:\/\/truckned.nl\/de\/produkt-kategorie\/werklampen\/\"},{\"@type\":\"ListItem\",\"position\":4,\"name\":\"Strands Siberia XP HEAT werklamp\"}]},{\"@type\":\"WebSite\",\"@id\":\"https:\/\/truckned.nl\/nl\/#website\",\"url\":\"https:\/\/truckned.nl\/nl\/\",\"name\":\"Truckned\",\"description\":\"\",\"publisher\":{\"@id\":\"https:\/\/truckned.nl\/nl\/#organization\"},\"potentialAction\":[{\"@type\":\"SearchAction\",\"target\":{\"@type\":\"EntryPoint\",\"urlTemplate\":\"https:\/\/truckned.nl\/nl\/?s={search_term_string}\"},\"query-input\":{\"@type\":\"PropertyValueSpecification\",\"valueRequired\":true,\"valueName\":\"search_term_string\"}}],\"inLanguage\":\"de\"},{\"@type\":\"Organization\",\"@id\":\"https:\/\/truckned.nl\/nl\/#organization\",\"name\":\"Truckned\",\"url\":\"https:\/\/truckned.nl\/nl\/\",\"logo\":{\"@type\":\"ImageObject\",\"inLanguage\":\"de\",\"@id\":\"https:\/\/truckned.nl\/nl\/#\/schema\/logo\/image\/\",\"url\":\"https:\/\/truckned.nl\/wp-content\/uploads\/2022\/10\/800x800-Truckned-logo-zonder-tekst-ZWART.png\",\"contentUrl\":\"https:\/\/truckned.nl\/wp-content\/uploads\/2022\/10\/800x800-Truckned-logo-zonder-tekst-ZWART.png\",\"width\":801,\"height\":801,\"caption\":\"Truckned\"},\"image\":{\"@id\":\"https:\/\/truckned.nl\/nl\/#\/schema\/logo\/image\/\"},\"sameAs\":[\"https:\/\/www.facebook.com\/truckned\/\",\"https:\/\/www.instagram.com\/truckned\/\"],\"vatID\":\"NL863960509B01\",\"taxID\":\"86417487\",\"hasMerchantReturnPolicy\":{\"@type\":\"MerchantReturnPolicy\",\"merchantReturnLink\":\"https:\/\/truckned.nl\/de\/versand-rucksendungen\/\"}}]}<\/script>\n<meta property=\"product:brand\" content=\"Strands\" \/>\n<meta property=\"product:price:amount\" content=\"139.00\" \/>\n<meta property=\"product:price:currency\" content=\"EUR\" \/>\n<meta property=\"og:availability\" content=\"instock\" \/>\n<meta property=\"product:availability\" content=\"instock\" \/>\n<meta property=\"product:retailer_item_id\" content=\"TN-809265\" \/>\n<meta property=\"product:condition\" content=\"new\" \/>\n<!-- \/ Yoast SEO Premium plugin. -->","yoast_head_json":{"title":"Strands Siberia XP HEAT Arbeitsscheinwerfer - Truckned - Scheinwerfer f\u00fcr LKW und Anh\u00e4nger","description":"Strands Siberia XP HEAT Arbeitsleuchte - STRANDS 809265 - best\u00fcckt mit 6 LED's - f\u00fcr 12 und 24 Volt - 1 LUX @ 68m - Polycarbonatlinse","robots":{"index":"index","follow":"follow","max-snippet":"max-snippet:-1","max-image-preview":"max-image-preview:large","max-video-preview":"max-video-preview:-1"},"canonical":"https:\/\/truckned.nl\/de\/produkt\/strands-siberia-xp-heat-werklamp\/","og_locale":"de_DE","og_type":"article","og_title":"Strands Siberia XP HEAT werklamp - Truckned - lampen voor truck en trailer","og_description":"Strands Siberia XP HEAT werklamp - STRANDS 809265 - voorzien van 6 LED's - voor 12 en 24 volt - 1 LUX @ 68m - polycarbonaat lens","og_url":"https:\/\/truckned.nl\/de\/produkt\/strands-siberia-xp-heat-werklamp\/","og_site_name":"Truckned","article_publisher":"https:\/\/www.facebook.com\/truckned\/","article_modified_time":"2026-03-20T10:12:25+00:00","og_image":[{"width":800,"height":800,"url":"https:\/\/truckned.nl\/wp-content\/uploads\/2025\/02\/TN-809265-SM-1.png","type":"image\/png"}],"twitter_misc":{"Preis":"&euro;139,00","Verf\u00fcgbarkeit":"Auf Lager"},"schema":{"@context":"https:\/\/schema.org","@graph":[{"@type":["WebPage","ItemPage"],"@id":"https:\/\/truckned.nl\/product\/strands-siberia-xp-heat-werklamp\/","url":"https:\/\/truckned.nl\/product\/strands-siberia-xp-heat-werklamp\/","name":"Strands Siberia XP HEAT Arbeitsscheinwerfer - Truckned - Scheinwerfer f\u00fcr LKW und Anh\u00e4nger","isPartOf":{"@id":"https:\/\/truckned.nl\/nl\/#website"},"primaryImageOfPage":{"@id":"https:\/\/truckned.nl\/product\/strands-siberia-xp-heat-werklamp\/#primaryimage"},"image":{"@id":"https:\/\/truckned.nl\/product\/strands-siberia-xp-heat-werklamp\/#primaryimage"},"thumbnailUrl":"https:\/\/truckned.nl\/wp-content\/uploads\/2025\/02\/TN-809265-00.png","datePublished":"2025-02-03T18:39:51+00:00","dateModified":"2026-03-20T10:12:25+00:00","description":"Strands Siberia XP HEAT Arbeitsleuchte - STRANDS 809265 - best\u00fcckt mit 6 LED's - f\u00fcr 12 und 24 Volt - 1 LUX @ 68m - Polycarbonatlinse","breadcrumb":{"@id":"https:\/\/truckned.nl\/product\/strands-siberia-xp-heat-werklamp\/#breadcrumb"},"inLanguage":"de","potentialAction":[{"@type":"ReadAction","target":["https:\/\/truckned.nl\/product\/strands-siberia-xp-heat-werklamp\/"]}]},{"@type":"ImageObject","inLanguage":"de","@id":"https:\/\/truckned.nl\/product\/strands-siberia-xp-heat-werklamp\/#primaryimage","url":"https:\/\/truckned.nl\/wp-content\/uploads\/2025\/02\/TN-809265-00.png","contentUrl":"https:\/\/truckned.nl\/wp-content\/uploads\/2025\/02\/TN-809265-00.png","width":800,"height":800,"caption":"Strands 809265"},{"@type":"BreadcrumbList","@id":"https:\/\/truckned.nl\/product\/strands-siberia-xp-heat-werklamp\/#breadcrumb","itemListElement":[{"@type":"ListItem","position":1,"name":"Home","item":"https:\/\/truckned.nl\/"},{"@type":"ListItem","position":2,"name":"Shop","item":"https:\/\/truckned.nl\/nl\/shop\/"},{"@type":"ListItem","position":3,"name":"Werklampen","item":"https:\/\/truckned.nl\/de\/produkt-kategorie\/werklampen\/"},{"@type":"ListItem","position":4,"name":"Strands Siberia XP HEAT werklamp"}]},{"@type":"WebSite","@id":"https:\/\/truckned.nl\/nl\/#website","url":"https:\/\/truckned.nl\/nl\/","name":"Truckned","description":"","publisher":{"@id":"https:\/\/truckned.nl\/nl\/#organization"},"potentialAction":[{"@type":"SearchAction","target":{"@type":"EntryPoint","urlTemplate":"https:\/\/truckned.nl\/nl\/?s={search_term_string}"},"query-input":{"@type":"PropertyValueSpecification","valueRequired":true,"valueName":"search_term_string"}}],"inLanguage":"de"},{"@type":"Organization","@id":"https:\/\/truckned.nl\/nl\/#organization","name":"Truckned","url":"https:\/\/truckned.nl\/nl\/","logo":{"@type":"ImageObject","inLanguage":"de","@id":"https:\/\/truckned.nl\/nl\/#\/schema\/logo\/image\/","url":"https:\/\/truckned.nl\/wp-content\/uploads\/2022\/10\/800x800-Truckned-logo-zonder-tekst-ZWART.png","contentUrl":"https:\/\/truckned.nl\/wp-content\/uploads\/2022\/10\/800x800-Truckned-logo-zonder-tekst-ZWART.png","width":801,"height":801,"caption":"Truckned"},"image":{"@id":"https:\/\/truckned.nl\/nl\/#\/schema\/logo\/image\/"},"sameAs":["https:\/\/www.facebook.com\/truckned\/","https:\/\/www.instagram.com\/truckned\/"],"vatID":"NL863960509B01","taxID":"86417487","hasMerchantReturnPolicy":{"@type":"MerchantReturnPolicy","merchantReturnLink":"https:\/\/truckned.nl\/de\/versand-rucksendungen\/"}}]},"product_brand":"Strands","product_price_amount":"139.00","product_price_currency":"EUR","og_availability":"instock","product_availability":"instock","product_retailer_item_id":"TN-809265","product_condition":"new"},"_links":{"self":[{"href":"https:\/\/truckned.nl\/de\/wp-json\/wp\/v2\/product\/30934","targetHints":{"allow":["GET"]}}],"collection":[{"href":"https:\/\/truckned.nl\/de\/wp-json\/wp\/v2\/product"}],"about":[{"href":"https:\/\/truckned.nl\/de\/wp-json\/wp\/v2\/types\/product"}],"replies":[{"embeddable":true,"href":"https:\/\/truckned.nl\/de\/wp-json\/wp\/v2\/comments?post=30934"}],"wp:featuredmedia":[{"embeddable":true,"href":"https:\/\/truckned.nl\/de\/wp-json\/wp\/v2\/media\/33424"}],"wp:attachment":[{"href":"https:\/\/truckned.nl\/de\/wp-json\/wp\/v2\/media?parent=30934"}],"wp:term":[{"taxonomy":"product_brand","embeddable":true,"href":"https:\/\/truckned.nl\/de\/wp-json\/wp\/v2\/product_brand?post=30934"},{"taxonomy":"product_cat","embeddable":true,"href":"https:\/\/truckned.nl\/de\/wp-json\/wp\/v2\/product_cat?post=30934"},{"taxonomy":"product_tag","embeddable":true,"href":"https:\/\/truckned.nl\/de\/wp-json\/wp\/v2\/product_tag?post=30934"}],"curies":[{"name":"wp","href":"https:\/\/api.w.org\/{rel}","templated":true}]}}