{"id":30936,"date":"2025-02-03T20:11:07","date_gmt":"2025-02-03T19:11:07","guid":{"rendered":"https:\/\/truckned.nl\/?post_type=product&#038;p=30936"},"modified":"2025-12-24T12:00:49","modified_gmt":"2025-12-24T11:00:49","slug":"strands-for9t-no-glare-werklamp-78w","status":"publish","type":"product","link":"https:\/\/truckned.nl\/de\/produkt\/strands-for9t-no-glare-werklamp-78w\/","title":{"rendered":"Strands FOR9T No-Glare Lampe 78w"},"content":{"rendered":"<p><span style=\"color: #000000;\"><strong style=\"font-size: 16px;\">Strands FOR9T NO-GLARE Arbeitsscheinwerfer 78w, f\u00fcr 12 und 24 Volt.\u00a0<\/strong><\/span><\/p>\n<p><span style=\"color: #000000;\">Suchen Sie nach einer leistungsstarken Arbeitsleuchte LED, die Blendung verhindert und optimale Sicht gew\u00e4hrleistet? Dann ist die Strands FOR9T No-Glare 78W LED Arbeitsscheinwerfer genau das Richtige f\u00fcr Sie. Dank der speziellen, weiterentwickelten Linse wird st\u00f6rendes und grelles Licht stark reduziert, sodass Sie bequem und ohne Blendung arbeiten k\u00f6nnen. Mit 4 hochwertigen LED-Punkten und einer beeindruckenden Lichtleistung von 7200 Lumen bietet diese Arbeitsleuchte maximale Helligkeit und Effizienz.<\/span><\/p>\n<p><span style=\"color: #000000;\">Diese vielseitig einsetzbare Arbeitsleuchte LED ist sowohl f\u00fcr 12 als auch f\u00fcr 24 Volt geeignet. Dadurch ist eine einfache Montage an verschiedenen Fahrzeugen, wie beispielsweise einem Auto, Wohnmobil, LKW, Anh\u00e4nger oder anderen Arbeitsfahrzeugen m\u00f6glich. Innovative Technologie, ECE R10-Zertifizierung und langlebige Konstruktion gew\u00e4hrleisten zuverl\u00e4ssige Leistung, selbst unter anspruchsvollsten Arbeitsbedingungen.<\/span><\/p>\n<p><span style=\"color: #000000;\">Ein zus\u00e4tzlicher Vorteil dieser Arbeitsleuchte ist die Dual-Color-Funktion standlicht. So k\u00f6nnen Sie ganz einfach zwischen den Farben Orange und Rot w\u00e4hlen und so die Beleuchtung optimal an Ihre W\u00fcnsche und die Situation anpassen. Dar\u00fcber hinaus ist die Installation dank des mitgelieferten DT4-Anschlusssteckers schnell und einfach. Dadurch verl\u00e4uft die Installation problemlos und Sie k\u00f6nnen sofort loslegen.<\/span><\/p>\n<div class=\"truncated\">\n<h5><span style=\"color: #000000;\"><strong>Abmessungen:<\/strong><\/span><\/h5>\n<p><span style=\"color: #000000;\">Damit Sie die Arbeitsleuchte mit standlicht-Funktion \u00fcberall anbringen k\u00f6nnen, wo Sie m\u00f6chten, haben wir im Folgenden die Abmessungen f\u00fcr Sie aufgelistet. Die Strands FOR9T No-Glare Arbeitsscheinwerfer 78W hat folgende Abmessungen:<\/span><\/p>\n<ul>\n<li><span style=\"color: #000000;\">H\u00f6he: 108,0 mm (116,0 mm inkl. Halterung)\u00a0<\/span><\/li>\n<li><span style=\"color: #000000;\">Breite: 108,0 mm<\/span><\/li>\n<li><span style=\"color: #000000;\">Dicke: 70,0 mm<\/span><\/li>\n<\/ul>\n<h5><span style=\"color: #000000;\"><strong>Andere Versionen:<\/strong><\/span><\/h5>\n<p><span style=\"color: #000000;\">Sie suchen eine LED Lampe aus der Strands FOR9T Reihe, aber die FOR9T No-Glare Arbeitsscheinwerfer 78W ist nicht genau das, was Sie brauchen? Kein Problem. Die FOR9T-Linie bietet mehrere Modelle, sodass Sie immer eine Lampe finden, die perfekt zu Ihren Bed\u00fcrfnissen passt. Aus diesem Grund haben wir nachfolgend eine \u00dcbersicht \u00fcber die anderen verf\u00fcgbaren Optionen aufgef\u00fchrt, beispielsweise:<\/span><\/p>\n<\/div>\n<ul>\n<li><span style=\"color: #000000;\"><a style=\"color: #000000;\" href=\"https:\/\/truckned.nl\/de\/produkt\/strands-for9t-no-glare-werklamp-31w\/\"><strong>For9t Arbeitsscheinwerfer 31w<\/strong><\/a><\/span><\/li>\n<li><span style=\"color: #000000;\"><a style=\"color: #000000;\" href=\"https:\/\/truckned.nl\/de\/produkt\/strands-for9t-scale-positielicht-oranje\/\"><strong>For9t Scale Orange<\/strong><\/a><\/span><\/li>\n<li><span style=\"color: #000000;\"><a style=\"color: #000000;\" href=\"https:\/\/truckned.nl\/de\/produkt\/strands-for9t-scale-positielicht-rood\/\"><strong>For9t Scale rot<\/strong><\/a><\/span><\/li>\n<li><span style=\"color: #000000;\"><a style=\"color: #000000;\" href=\"https:\/\/truckned.nl\/de\/produkt\/strands-for9t-scale-positielicht-wit\/\"><strong>For9t Scale wei\u00df<\/strong><\/a><\/span><\/li>\n<\/ul>\n<p><span style=\"color: #000000;\">Sie sind nach dem Betrachten aller Spezifikationen und Fotos noch nicht ganz \u00fcberzeugt? Vielleicht entspricht die Form, Lichtleistung oder Farbe nicht genau Ihren Vorstellungen. Sehen Sie sich das komplette Sortiment an <a style=\"color: #000000;\" href=\"https:\/\/truckned.nl\/de\/merk\/produkt-strands-beleuchtungsabteilung\/\" target=\"_blank\" rel=\"noopener\">Strands<\/a>\u00a0und finden Sie das Modell, das perfekt zu Ihren Bed\u00fcrfnissen passt.<\/span><\/p>","protected":false},"excerpt":{"rendered":"<p>Strands FOR9T NO-GLARE Arbeitsleuchte 78W, f\u00fcr 12 und 24 Volt. Suchen Sie eine leistungsstarke LED Arbeitsleuchte, die Blendung verhindert und optimale Sicht gew\u00e4hrleistet? Dann ist die Strands FOR9T No-Glare 78W LED Arbeitsleuchte genau das Richtige f\u00fcr Sie. Dank der speziellen, fortschrittlichen Linse wird st\u00f6rendes und grelles Licht deutlich reduziert, sodass Sie bequem und [\u2026]<\/p>","protected":false},"featured_media":33420,"comment_status":"open","ping_status":"closed","template":"","meta":{"_acf_changed":false,"site-sidebar-layout":"default","site-content-layout":"default","ast-site-content-layout":"default","site-content-style":"default","site-sidebar-style":"default","ast-global-header-display":"","ast-banner-title-visibility":"","ast-main-header-display":"","ast-hfb-above-header-display":"","ast-hfb-below-header-display":"","ast-hfb-mobile-header-display":"","site-post-title":"","ast-breadcrumbs-content":"","ast-featured-img":"","footer-sml-layout":"","ast-disable-related-posts":"","theme-transparent-header-meta":"default","adv-header-id-meta":"","stick-header-meta":"","header-above-stick-meta":"","header-main-stick-meta":"","header-below-stick-meta":"","astra-migrate-meta-layouts":"set","ast-page-background-enabled":"default","ast-page-background-meta":{"desktop":{"background-color":"","background-image":"","background-repeat":"repeat","background-position":"center center","background-size":"auto","background-attachment":"scroll","background-type":"","background-media":"","overlay-type":"","overlay-color":"","overlay-opacity":"","overlay-gradient":""},"tablet":{"background-color":"","background-image":"","background-repeat":"repeat","background-position":"center center","background-size":"auto","background-attachment":"scroll","background-type":"","background-media":"","overlay-type":"","overlay-color":"","overlay-opacity":"","overlay-gradient":""},"mobile":{"background-color":"","background-image":"","background-repeat":"repeat","background-position":"center center","background-size":"auto","background-attachment":"scroll","background-type":"","background-media":"","overlay-type":"","overlay-color":"","overlay-opacity":"","overlay-gradient":""}},"ast-content-background-meta":{"desktop":{"background-color":"var(--ast-global-color-5)","background-image":"","background-repeat":"repeat","background-position":"center center","background-size":"auto","background-attachment":"scroll","background-type":"","background-media":"","overlay-type":"","overlay-color":"","overlay-opacity":"","overlay-gradient":""},"tablet":{"background-color":"var(--ast-global-color-5)","background-image":"","background-repeat":"repeat","background-position":"center center","background-size":"auto","background-attachment":"scroll","background-type":"","background-media":"","overlay-type":"","overlay-color":"","overlay-opacity":"","overlay-gradient":""},"mobile":{"background-color":"var(--ast-global-color-5)","background-image":"","background-repeat":"repeat","background-position":"center center","background-size":"auto","background-attachment":"scroll","background-type":"","background-media":"","overlay-type":"","overlay-color":"","overlay-opacity":"","overlay-gradient":""}}},"product_brand":[],"product_cat":[7206],"product_tag":[373,2426,3787,2427,2419,2421,2422,2423,2420,2418],"class_list":{"0":"post-30936","1":"product","2":"type-product","3":"status-publish","4":"has-post-thumbnail","6":"product_cat-werklampen","7":"product_tag-led-werklamp","8":"product_tag-strands-led-verlichting","9":"product_tag-strands-werklamp","10":"product_tag-strands-lighting-division","11":"product_tag-werklamp-aanhanger","12":"product_tag-werklamp-heftruck","13":"product_tag-werklamp-kooiaap","14":"product_tag-werklamp-tractor","15":"product_tag-werklamp-trailer","16":"product_tag-werklamp-vrachtwagen","17":"pa_merkk-product-strands-lighting-division","18":"desktop-align-left","19":"tablet-align-left","20":"mobile-align-left","22":"first","23":"instock","24":"taxable","25":"shipping-taxable","26":"purchasable","27":"product-type-simple"},"acf":[],"yoast_head":"<!-- This site is optimized with the Yoast SEO Premium plugin v26.5 (Yoast SEO v26.5) - https:\/\/yoast.com\/wordpress\/plugins\/seo\/ -->\n<title>Strands FOR9T No-Glare 78W - Truckned - werklamp voor truck en trailer<\/title>\n<meta name=\"description\" content=\"Strands FOR9T NO-GLARE 78W werklamp - met oranje en rood positielicht - voorkomt verblinding - 7200 Lumen - met DT-4 stekker - voorzien van 4 LED&#039;s\" \/>\n<meta name=\"robots\" content=\"index, follow, max-snippet:-1, max-image-preview:large, max-video-preview:-1\" \/>\n<link rel=\"canonical\" href=\"https:\/\/truckned.nl\/de\/produkt\/strands-for9t-no-glare-werklamp-78w\/\" \/>\n<meta property=\"og:locale\" content=\"de_DE\" \/>\n<meta property=\"og:type\" content=\"article\" \/>\n<meta property=\"og:title\" content=\"Strands FOR9T No-Glare 78W - Truckned - werklamp voor truck en trailer\" \/>\n<meta property=\"og:description\" content=\"Strands FOR9T NO-GLARE 78W werklamp - met oranje en rood positielicht - voorkomt verblinding - 7200 Lumen - met DT-4 stekker - voorzien van 4 LED&#039;s\" \/>\n<meta property=\"og:url\" content=\"https:\/\/truckned.nl\/de\/produkt\/strands-for9t-no-glare-werklamp-78w\/\" \/>\n<meta property=\"og:site_name\" content=\"Truckned\" \/>\n<meta property=\"article:publisher\" content=\"https:\/\/www.facebook.com\/truckned\/\" \/>\n<meta property=\"article:modified_time\" content=\"2025-12-24T11:00:49+00:00\" \/>\n<meta property=\"og:image\" content=\"https:\/\/truckned.nl\/wp-content\/uploads\/2025\/02\/TN-809260-SM-1-1.png\" \/>\n\t<meta property=\"og:image:width\" content=\"800\" \/>\n\t<meta property=\"og:image:height\" content=\"800\" \/>\n\t<meta property=\"og:image:type\" content=\"image\/png\" \/>\n<meta name=\"twitter:label1\" content=\"Preis\" \/>\n\t<meta name=\"twitter:data1\" content=\"&euro;119,00\" \/>\n\t<meta name=\"twitter:label2\" content=\"Verf\u00fcgbarkeit\" \/>\n\t<meta name=\"twitter:data2\" content=\"Auf Lager\" \/>\n<script type=\"application\/ld+json\" class=\"yoast-schema-graph\">{\"@context\":\"https:\/\/schema.org\",\"@graph\":[{\"@type\":[\"WebPage\",\"ItemPage\"],\"@id\":\"https:\/\/truckned.nl\/product\/strands-for9t-no-glare-werklamp-78w\/\",\"url\":\"https:\/\/truckned.nl\/product\/strands-for9t-no-glare-werklamp-78w\/\",\"name\":\"Strands FOR9T No-Glare 78W - Truckned - werklamp voor truck en trailer\",\"isPartOf\":{\"@id\":\"https:\/\/truckned.nl\/nl\/#website\"},\"primaryImageOfPage\":{\"@id\":\"https:\/\/truckned.nl\/product\/strands-for9t-no-glare-werklamp-78w\/#primaryimage\"},\"image\":{\"@id\":\"https:\/\/truckned.nl\/product\/strands-for9t-no-glare-werklamp-78w\/#primaryimage\"},\"thumbnailUrl\":\"https:\/\/truckned.nl\/wp-content\/uploads\/2025\/02\/TN-809260-00.png\",\"datePublished\":\"2025-02-03T19:11:07+00:00\",\"dateModified\":\"2025-12-24T11:00:49+00:00\",\"description\":\"Strands FOR9T NO-GLARE 78W werklamp - met oranje en rood positielicht - voorkomt verblinding - 7200 Lumen - met DT-4 stekker - voorzien van 4 LED's\",\"breadcrumb\":{\"@id\":\"https:\/\/truckned.nl\/product\/strands-for9t-no-glare-werklamp-78w\/#breadcrumb\"},\"inLanguage\":\"de\",\"potentialAction\":[{\"@type\":\"ReadAction\",\"target\":[\"https:\/\/truckned.nl\/product\/strands-for9t-no-glare-werklamp-78w\/\"]}]},{\"@type\":\"ImageObject\",\"inLanguage\":\"de\",\"@id\":\"https:\/\/truckned.nl\/product\/strands-for9t-no-glare-werklamp-78w\/#primaryimage\",\"url\":\"https:\/\/truckned.nl\/wp-content\/uploads\/2025\/02\/TN-809260-00.png\",\"contentUrl\":\"https:\/\/truckned.nl\/wp-content\/uploads\/2025\/02\/TN-809260-00.png\",\"width\":800,\"height\":800,\"caption\":\"Strands 809260\"},{\"@type\":\"BreadcrumbList\",\"@id\":\"https:\/\/truckned.nl\/product\/strands-for9t-no-glare-werklamp-78w\/#breadcrumb\",\"itemListElement\":[{\"@type\":\"ListItem\",\"position\":1,\"name\":\"Home\",\"item\":\"https:\/\/truckned.nl\/\"},{\"@type\":\"ListItem\",\"position\":2,\"name\":\"Shop\",\"item\":\"https:\/\/truckned.nl\/nl\/shop\/\"},{\"@type\":\"ListItem\",\"position\":3,\"name\":\"Werklampen\",\"item\":\"https:\/\/truckned.nl\/de\/produkt-kategorie\/werklampen\/\"},{\"@type\":\"ListItem\",\"position\":4,\"name\":\"Strands FOR9T No-Glare werklamp 78w\"}]},{\"@type\":\"WebSite\",\"@id\":\"https:\/\/truckned.nl\/nl\/#website\",\"url\":\"https:\/\/truckned.nl\/nl\/\",\"name\":\"Truckned\",\"description\":\"\",\"publisher\":{\"@id\":\"https:\/\/truckned.nl\/nl\/#organization\"},\"potentialAction\":[{\"@type\":\"SearchAction\",\"target\":{\"@type\":\"EntryPoint\",\"urlTemplate\":\"https:\/\/truckned.nl\/nl\/?s={search_term_string}\"},\"query-input\":{\"@type\":\"PropertyValueSpecification\",\"valueRequired\":true,\"valueName\":\"search_term_string\"}}],\"inLanguage\":\"de\"},{\"@type\":\"Organization\",\"@id\":\"https:\/\/truckned.nl\/nl\/#organization\",\"name\":\"Truckned\",\"url\":\"https:\/\/truckned.nl\/nl\/\",\"logo\":{\"@type\":\"ImageObject\",\"inLanguage\":\"de\",\"@id\":\"https:\/\/truckned.nl\/nl\/#\/schema\/logo\/image\/\",\"url\":\"https:\/\/truckned.nl\/wp-content\/uploads\/2022\/10\/800x800-Truckned-logo-zonder-tekst-ZWART.png\",\"contentUrl\":\"https:\/\/truckned.nl\/wp-content\/uploads\/2022\/10\/800x800-Truckned-logo-zonder-tekst-ZWART.png\",\"width\":801,\"height\":801,\"caption\":\"Truckned\"},\"image\":{\"@id\":\"https:\/\/truckned.nl\/nl\/#\/schema\/logo\/image\/\"},\"sameAs\":[\"https:\/\/www.facebook.com\/truckned\/\",\"https:\/\/www.instagram.com\/truckned\/\"],\"vatID\":\"NL863960509B01\",\"taxID\":\"86417487\",\"hasMerchantReturnPolicy\":{\"@type\":\"MerchantReturnPolicy\",\"merchantReturnLink\":\"https:\/\/truckned.nl\/de\/versand-rucksendungen\/\"}}]}<\/script>\n<meta property=\"product:brand\" content=\"Strands\" \/>\n<meta property=\"product:price:amount\" content=\"119.00\" \/>\n<meta property=\"product:price:currency\" content=\"EUR\" \/>\n<meta property=\"og:availability\" content=\"instock\" \/>\n<meta property=\"product:availability\" content=\"instock\" \/>\n<meta property=\"product:retailer_item_id\" content=\"TN-809260\" \/>\n<meta property=\"product:condition\" content=\"new\" \/>\n<!-- \/ Yoast SEO Premium plugin. -->","yoast_head_json":{"title":"Strands FOR9T No-Glare 78W - Truckned - Arbeitsscheinwerfer f\u00fcr LKW und Anh\u00e4nger","description":"Strands FOR9T NO-GLARE 78W Arbeitsscheinwerfer - mit orangem und rotem Positionslicht - verhindert Blendung - 7200 Lumen - mit DT-4 Stecker - best\u00fcckt mit 4 LED's","robots":{"index":"index","follow":"follow","max-snippet":"max-snippet:-1","max-image-preview":"max-image-preview:large","max-video-preview":"max-video-preview:-1"},"canonical":"https:\/\/truckned.nl\/de\/produkt\/strands-for9t-no-glare-werklamp-78w\/","og_locale":"de_DE","og_type":"article","og_title":"Strands FOR9T No-Glare 78W - Truckned - werklamp voor truck en trailer","og_description":"Strands FOR9T NO-GLARE 78W werklamp - met oranje en rood positielicht - voorkomt verblinding - 7200 Lumen - met DT-4 stekker - voorzien van 4 LED's","og_url":"https:\/\/truckned.nl\/de\/produkt\/strands-for9t-no-glare-werklamp-78w\/","og_site_name":"Truckned","article_publisher":"https:\/\/www.facebook.com\/truckned\/","article_modified_time":"2025-12-24T11:00:49+00:00","og_image":[{"width":800,"height":800,"url":"https:\/\/truckned.nl\/wp-content\/uploads\/2025\/02\/TN-809260-SM-1-1.png","type":"image\/png"}],"twitter_misc":{"Preis":"&euro;119,00","Verf\u00fcgbarkeit":"Auf Lager"},"schema":{"@context":"https:\/\/schema.org","@graph":[{"@type":["WebPage","ItemPage"],"@id":"https:\/\/truckned.nl\/product\/strands-for9t-no-glare-werklamp-78w\/","url":"https:\/\/truckned.nl\/product\/strands-for9t-no-glare-werklamp-78w\/","name":"Strands FOR9T No-Glare 78W - Truckned - Arbeitsscheinwerfer f\u00fcr LKW und Anh\u00e4nger","isPartOf":{"@id":"https:\/\/truckned.nl\/nl\/#website"},"primaryImageOfPage":{"@id":"https:\/\/truckned.nl\/product\/strands-for9t-no-glare-werklamp-78w\/#primaryimage"},"image":{"@id":"https:\/\/truckned.nl\/product\/strands-for9t-no-glare-werklamp-78w\/#primaryimage"},"thumbnailUrl":"https:\/\/truckned.nl\/wp-content\/uploads\/2025\/02\/TN-809260-00.png","datePublished":"2025-02-03T19:11:07+00:00","dateModified":"2025-12-24T11:00:49+00:00","description":"Strands FOR9T NO-GLARE 78W Arbeitsscheinwerfer - mit orangem und rotem Positionslicht - verhindert Blendung - 7200 Lumen - mit DT-4 Stecker - best\u00fcckt mit 4 LED's","breadcrumb":{"@id":"https:\/\/truckned.nl\/product\/strands-for9t-no-glare-werklamp-78w\/#breadcrumb"},"inLanguage":"de","potentialAction":[{"@type":"ReadAction","target":["https:\/\/truckned.nl\/product\/strands-for9t-no-glare-werklamp-78w\/"]}]},{"@type":"ImageObject","inLanguage":"de","@id":"https:\/\/truckned.nl\/product\/strands-for9t-no-glare-werklamp-78w\/#primaryimage","url":"https:\/\/truckned.nl\/wp-content\/uploads\/2025\/02\/TN-809260-00.png","contentUrl":"https:\/\/truckned.nl\/wp-content\/uploads\/2025\/02\/TN-809260-00.png","width":800,"height":800,"caption":"Strands 809260"},{"@type":"BreadcrumbList","@id":"https:\/\/truckned.nl\/product\/strands-for9t-no-glare-werklamp-78w\/#breadcrumb","itemListElement":[{"@type":"ListItem","position":1,"name":"Home","item":"https:\/\/truckned.nl\/"},{"@type":"ListItem","position":2,"name":"Shop","item":"https:\/\/truckned.nl\/nl\/shop\/"},{"@type":"ListItem","position":3,"name":"Werklampen","item":"https:\/\/truckned.nl\/de\/produkt-kategorie\/werklampen\/"},{"@type":"ListItem","position":4,"name":"Strands FOR9T No-Glare werklamp 78w"}]},{"@type":"WebSite","@id":"https:\/\/truckned.nl\/nl\/#website","url":"https:\/\/truckned.nl\/nl\/","name":"Truckned","description":"","publisher":{"@id":"https:\/\/truckned.nl\/nl\/#organization"},"potentialAction":[{"@type":"SearchAction","target":{"@type":"EntryPoint","urlTemplate":"https:\/\/truckned.nl\/nl\/?s={search_term_string}"},"query-input":{"@type":"PropertyValueSpecification","valueRequired":true,"valueName":"search_term_string"}}],"inLanguage":"de"},{"@type":"Organization","@id":"https:\/\/truckned.nl\/nl\/#organization","name":"Truckned","url":"https:\/\/truckned.nl\/nl\/","logo":{"@type":"ImageObject","inLanguage":"de","@id":"https:\/\/truckned.nl\/nl\/#\/schema\/logo\/image\/","url":"https:\/\/truckned.nl\/wp-content\/uploads\/2022\/10\/800x800-Truckned-logo-zonder-tekst-ZWART.png","contentUrl":"https:\/\/truckned.nl\/wp-content\/uploads\/2022\/10\/800x800-Truckned-logo-zonder-tekst-ZWART.png","width":801,"height":801,"caption":"Truckned"},"image":{"@id":"https:\/\/truckned.nl\/nl\/#\/schema\/logo\/image\/"},"sameAs":["https:\/\/www.facebook.com\/truckned\/","https:\/\/www.instagram.com\/truckned\/"],"vatID":"NL863960509B01","taxID":"86417487","hasMerchantReturnPolicy":{"@type":"MerchantReturnPolicy","merchantReturnLink":"https:\/\/truckned.nl\/de\/versand-rucksendungen\/"}}]},"product_brand":"Strands","product_price_amount":"119.00","product_price_currency":"EUR","og_availability":"instock","product_availability":"instock","product_retailer_item_id":"TN-809260","product_condition":"new"},"_links":{"self":[{"href":"https:\/\/truckned.nl\/de\/wp-json\/wp\/v2\/product\/30936","targetHints":{"allow":["GET"]}}],"collection":[{"href":"https:\/\/truckned.nl\/de\/wp-json\/wp\/v2\/product"}],"about":[{"href":"https:\/\/truckned.nl\/de\/wp-json\/wp\/v2\/types\/product"}],"replies":[{"embeddable":true,"href":"https:\/\/truckned.nl\/de\/wp-json\/wp\/v2\/comments?post=30936"}],"wp:featuredmedia":[{"embeddable":true,"href":"https:\/\/truckned.nl\/de\/wp-json\/wp\/v2\/media\/33420"}],"wp:attachment":[{"href":"https:\/\/truckned.nl\/de\/wp-json\/wp\/v2\/media?parent=30936"}],"wp:term":[{"taxonomy":"product_brand","embeddable":true,"href":"https:\/\/truckned.nl\/de\/wp-json\/wp\/v2\/product_brand?post=30936"},{"taxonomy":"product_cat","embeddable":true,"href":"https:\/\/truckned.nl\/de\/wp-json\/wp\/v2\/product_cat?post=30936"},{"taxonomy":"product_tag","embeddable":true,"href":"https:\/\/truckned.nl\/de\/wp-json\/wp\/v2\/product_tag?post=30936"}],"curies":[{"name":"wp","href":"https:\/\/api.w.org\/{rel}","templated":true}]}}